{"id":48695,"date":"2020-11-09T19:37:28","date_gmt":"2020-11-09T19:37:28","guid":{"rendered":"https:\/\/aaknives.eu\/product\/peilis-leuku-big-rankomis-kaltas-damasko-plieno-peilis-su-fiksuota-gelezte\/"},"modified":"2020-11-09T19:37:28","modified_gmt":"2020-11-09T19:37:28","slug":"peilis-leuku-big-rankomis-kaltas-damasko-plieno-peilis-su-fiksuota-gelezte","status":"publish","type":"product","link":"https:\/\/aaknives.eu\/lt\/product\/peilis-leuku-big-rankomis-kaltas-damasko-plieno-peilis-su-fiksuota-gelezte\/","title":{"rendered":"Peilis &#8221;LEUKU &#8211; BIG&#8221;, rankomis kaltas Damasko plieno peilis su fiksuota gele\u017ete"},"content":{"rendered":"<p>Peilio specifikacijos: LEUKU &#8211; BIG<br \/>\nPlienas: rankomis kalta Damasko plieno gele\u017et\u0117<br \/>\nKietumas: 60-62 HRC<br \/>\nGele\u017et\u0117s ilgis (mm): Skai\u010diuokl\u0117 (mm): 222 \/ 8,74 colio<br \/>\nGele\u017et\u0117s storis (mm): (mm): 3 \/ 0,09 colio<br \/>\nA\u0161men\u0173 plotis (mm): 37 \/ 1,45 colio<br \/>\nRankena: stabilizuotas Karelijos ber\u017eas<br \/>\nBendras ilgis (mm): Vidutinis ilgis (mm): 350 \/ 13,77 coli\u0173<\/p>\n<p>Rankomis kaltas damasko plienas, sukurtas i\u0161 skirtingo kietumo ir klampumo plien\u0173, kurie tam tikra tvarka sudedami \u012f plok\u0161tel\u0119. Po to plok\u0161t\u0117 pakartotinai perlydoma, tod\u0117l susidaro sluoksniai ir unikalus ra\u0161tas.<br \/>\nSud\u0117tingas technologinis procesas atliekamas rankiniu b\u016bdu.<\/p>\n<p>Tokiu b\u016bdu gautas plienas pasi\u017eymi:<\/p>\n<p>Didesnis stiprumas, didelis kietumas, puikios pjovimo savyb\u0117s, gra\u017eus dizainas, ilgai i\u0161liekantis a\u0161trumas.<\/p>\n<p>Damasko plienas turi daugiau kaip 700-1000 sluoksni\u0173.<br \/>\nPakuot\u0117 i\u0161 damaskinio plieno ShH15 HVG U10A, \u0161ilumin\u0117 i\u0161rai\u0161ka 860 \u00b0C<\/p>\n<p>Kaip <u><br \/>\n  <b>Damasko plienas yra vienas i\u0161 <\/b><br \/>\n<\/u><u><br \/>\n  <b>.<\/b><br \/>\n<\/u><u><br \/>\n  <b> r\u016bd\u017ei\u0173<\/b><br \/>\n<\/u><u><br \/>\n  <b> plieno<\/b><br \/>\n<\/u>, ypa\u010d svarbu nepamir\u0161ti apie tinkam\u0105 jo prie\u017ei\u016br\u0105. Damasko plieno peil\u012f po kiekvieno naudojimo reikia kruop\u0161\u010diai nuvalyti, nuvalyti nuo purvo ir i\u0161d\u017eiovinti, kad laikymo metu jame nelikt\u0173 dr\u0117gm\u0117s, kuri laikui b\u0117gant gali sukelti r\u016bdijim\u0105. Nereik\u0117t\u0173 pamir\u0161ti tepalo, galima naudoti bet kok\u012f virtuv\u0117je randam\u0105 maistin\u012f aliej\u0173, tik nuolat j\u012f tepkite aliejumi &#8211; jis neleis r\u016bdyti.<\/p>\n<p>Jei ant a\u0161men\u0173 atsiranda tamsi\u0173 d\u0117mi\u0173 &#8211; pirm\u0173j\u0173 r\u016bd\u017ei\u0173 po\u017eymi\u0173, paimkite smulkiausi\u0105 \u0161vitrin\u012f popieri\u0173 (P2000-2500) ir lengvai trindami a\u0161menis pa\u0161alinkite r\u016bd\u017ei\u0173 d\u0117mes.<\/p>\n","protected":false},"excerpt":{"rendered":"<p>Peilio specifikacijos: LEUKU &#8211; BIG Plienas: rankomis kalta Damasko plieno gele\u017et\u0117 Kietumas: 60-62 HRC Gele\u017et\u0117s ilgis (mm): Skai\u010diuokl\u0117 (mm): 222 \/ 8,74 colio Gele\u017et\u0117s storis (mm): (mm): 3 \/ 0,09 colio A\u0161men\u0173 plotis (mm): 37 \/ 1,45 colio Rankena: stabilizuotas Karelijos ber\u017eas Bendras ilgis (mm): Vidutinis ilgis (mm): 350 \/ 13,77 coli\u0173 Rankomis kaltas damasko plienas, sukurtas i\u0161 skirtingo kietumo ir klampumo plien\u0173, kurie tam tikra tvarka sudedami \u012f plok\u0161tel\u0119. Po to plok\u0161t\u0117 pakartotinai perlydoma, tod\u0117l susidaro sluoksniai ir unikalus ra\u0161tas. Sud\u0117tingas technologinis procesas atliekamas rankiniu b\u016bdu. Tokiu b\u016bdu gautas plienas pasi\u017eymi: Didesnis stiprumas, didelis kietumas, puikios pjovimo savyb\u0117s, gra\u017eus&hellip;<\/p>\n","protected":false},"featured_media":48696,"template":"","meta":{"_themeisle_gutenberg_block_has_review":false},"product_brand":[],"product_cat":[380,381,386],"product_tag":[],"class_list":{"0":"post-48695","1":"product","2":"type-product","3":"status-publish","4":"has-post-thumbnail","6":"product_cat-premium-ir-isskirtiniai-peiliai","7":"product_cat-lauko-peiliai","8":"product_cat-medziokliniai-peiliai","10":"first","11":"outofstock","12":"shipping-taxable","13":"purchasable","14":"product-type-simple"},"yoast_head":"<!-- This site is optimized with the Yoast SEO plugin v27.5 - https:\/\/yoast.com\/product\/yoast-seo-wordpress\/ -->\n<title>Peilis &#039;&#039;LEUKU - BIG&#039;&#039;, rankomis kaltas Damasko plieno peilis su fiksuota gele\u017ete - AAKnives<\/title>\n<meta name=\"robots\" content=\"index, follow, max-snippet:-1, max-image-preview:large, max-video-preview:-1\" \/>\n<link rel=\"canonical\" href=\"https:\/\/aaknives.eu\/lt\/product\/peilis-leuku-big-rankomis-kaltas-damasko-plieno-peilis-su-fiksuota-gelezte\/\" \/>\n<meta property=\"og:locale\" content=\"lt_LT\" \/>\n<meta property=\"og:type\" content=\"article\" \/>\n<meta property=\"og:title\" content=\"Peilis &#039;&#039;LEUKU - BIG&#039;&#039;, rankomis kaltas Damasko plieno peilis su fiksuota gele\u017ete - AAKnives\" \/>\n<meta property=\"og:description\" content=\"Peilio specifikacijos: LEUKU &#8211; BIG Plienas: rankomis kalta Damasko plieno gele\u017et\u0117 Kietumas: 60-62 HRC Gele\u017et\u0117s ilgis (mm): Skai\u010diuokl\u0117 (mm): 222 \/ 8,74 colio Gele\u017et\u0117s storis (mm): (mm): 3 \/ 0,09 colio A\u0161men\u0173 plotis (mm): 37 \/ 1,45 colio Rankena: stabilizuotas Karelijos ber\u017eas Bendras ilgis (mm): Vidutinis ilgis (mm): 350 \/ 13,77 coli\u0173 Rankomis kaltas damasko plienas, sukurtas i\u0161 skirtingo kietumo ir klampumo plien\u0173, kurie tam tikra tvarka sudedami \u012f plok\u0161tel\u0119. Po to plok\u0161t\u0117 pakartotinai perlydoma, tod\u0117l susidaro sluoksniai ir unikalus ra\u0161tas. Sud\u0117tingas technologinis procesas atliekamas rankiniu b\u016bdu. Tokiu b\u016bdu gautas plienas pasi\u017eymi: Didesnis stiprumas, didelis kietumas, puikios pjovimo savyb\u0117s, gra\u017eus&hellip;\" \/>\n<meta property=\"og:url\" content=\"https:\/\/aaknives.eu\/lt\/product\/peilis-leuku-big-rankomis-kaltas-damasko-plieno-peilis-su-fiksuota-gelezte\/\" \/>\n<meta property=\"og:site_name\" content=\"AAKnives\" \/>\n<meta property=\"article:publisher\" content=\"https:\/\/www.facebook.com\/aaknives.eu\/\" \/>\n<meta name=\"twitter:card\" content=\"summary_large_image\" \/>\n<meta name=\"twitter:label1\" content=\"Est. reading time\" \/>\n\t<meta name=\"twitter:data1\" content=\"1 minut\u0117\" \/>\n<script type=\"application\/ld+json\" class=\"yoast-schema-graph\">{\"@context\":\"https:\\\/\\\/schema.org\",\"@graph\":[{\"@type\":\"WebPage\",\"@id\":\"https:\\\/\\\/aaknives.eu\\\/lt\\\/product\\\/peilis-leuku-big-rankomis-kaltas-damasko-plieno-peilis-su-fiksuota-gelezte\\\/\",\"url\":\"https:\\\/\\\/aaknives.eu\\\/lt\\\/product\\\/peilis-leuku-big-rankomis-kaltas-damasko-plieno-peilis-su-fiksuota-gelezte\\\/\",\"name\":\"Peilis ''LEUKU - BIG'', rankomis kaltas Damasko plieno peilis su fiksuota gele\u017ete - AAKnives\",\"isPartOf\":{\"@id\":\"https:\\\/\\\/aaknives.eu\\\/lt\\\/#website\"},\"primaryImageOfPage\":{\"@id\":\"https:\\\/\\\/aaknives.eu\\\/lt\\\/product\\\/peilis-leuku-big-rankomis-kaltas-damasko-plieno-peilis-su-fiksuota-gelezte\\\/#primaryimage\"},\"image\":{\"@id\":\"https:\\\/\\\/aaknives.eu\\\/lt\\\/product\\\/peilis-leuku-big-rankomis-kaltas-damasko-plieno-peilis-su-fiksuota-gelezte\\\/#primaryimage\"},\"thumbnailUrl\":\"https:\\\/\\\/aaknives.eu\\\/wp-content\\\/uploads\\\/2021\\\/10\\\/aaknives-hand-forged-dabascus-steel-blade-knife-handmade-custom-made-knife-handcrafted-knives-autinetools-northmen-8-1.jpg\",\"datePublished\":\"2020-11-09T19:37:28+00:00\",\"breadcrumb\":{\"@id\":\"https:\\\/\\\/aaknives.eu\\\/lt\\\/product\\\/peilis-leuku-big-rankomis-kaltas-damasko-plieno-peilis-su-fiksuota-gelezte\\\/#breadcrumb\"},\"inLanguage\":\"lt-LT\",\"potentialAction\":[{\"@type\":\"ReadAction\",\"target\":[\"https:\\\/\\\/aaknives.eu\\\/lt\\\/product\\\/peilis-leuku-big-rankomis-kaltas-damasko-plieno-peilis-su-fiksuota-gelezte\\\/\"]}]},{\"@type\":\"ImageObject\",\"inLanguage\":\"lt-LT\",\"@id\":\"https:\\\/\\\/aaknives.eu\\\/lt\\\/product\\\/peilis-leuku-big-rankomis-kaltas-damasko-plieno-peilis-su-fiksuota-gelezte\\\/#primaryimage\",\"url\":\"https:\\\/\\\/aaknives.eu\\\/wp-content\\\/uploads\\\/2021\\\/10\\\/aaknives-hand-forged-dabascus-steel-blade-knife-handmade-custom-made-knife-handcrafted-knives-autinetools-northmen-8-1.jpg\",\"contentUrl\":\"https:\\\/\\\/aaknives.eu\\\/wp-content\\\/uploads\\\/2021\\\/10\\\/aaknives-hand-forged-dabascus-steel-blade-knife-handmade-custom-made-knife-handcrafted-knives-autinetools-northmen-8-1.jpg\",\"width\":800,\"height\":600,\"caption\":\"aaknives-hand-forged-dabascus-steel-blade-knife-handmade-custom-made-knife-handcrafted-knives-autinetools-northmen-8-1\"},{\"@type\":\"BreadcrumbList\",\"@id\":\"https:\\\/\\\/aaknives.eu\\\/lt\\\/product\\\/peilis-leuku-big-rankomis-kaltas-damasko-plieno-peilis-su-fiksuota-gelezte\\\/#breadcrumb\",\"itemListElement\":[{\"@type\":\"ListItem\",\"position\":1,\"name\":\"Home\",\"item\":\"https:\\\/\\\/aaknives.eu\\\/lt\\\/\"},{\"@type\":\"ListItem\",\"position\":2,\"name\":\"Parduotuv\u0117\",\"item\":\"https:\\\/\\\/aaknives.eu\\\/parduotuve\\\/\"},{\"@type\":\"ListItem\",\"position\":3,\"name\":\"Peilis &#8221;LEUKU &#8211; BIG&#8221;, rankomis kaltas Damasko plieno peilis su fiksuota gele\u017ete\"}]},{\"@type\":\"WebSite\",\"@id\":\"https:\\\/\\\/aaknives.eu\\\/lt\\\/#website\",\"url\":\"https:\\\/\\\/aaknives.eu\\\/lt\\\/\",\"name\":\"AAKnives\",\"description\":\"Handmade knives\",\"publisher\":{\"@id\":\"https:\\\/\\\/aaknives.eu\\\/lt\\\/#organization\"},\"potentialAction\":[{\"@type\":\"SearchAction\",\"target\":{\"@type\":\"EntryPoint\",\"urlTemplate\":\"https:\\\/\\\/aaknives.eu\\\/lt\\\/?s={search_term_string}\"},\"query-input\":{\"@type\":\"PropertyValueSpecification\",\"valueRequired\":true,\"valueName\":\"search_term_string\"}}],\"inLanguage\":\"lt-LT\"},{\"@type\":\"Organization\",\"@id\":\"https:\\\/\\\/aaknives.eu\\\/lt\\\/#organization\",\"name\":\"AAKnives\",\"url\":\"https:\\\/\\\/aaknives.eu\\\/lt\\\/\",\"logo\":{\"@type\":\"ImageObject\",\"inLanguage\":\"lt-LT\",\"@id\":\"https:\\\/\\\/aaknives.eu\\\/lt\\\/#\\\/schema\\\/logo\\\/image\\\/\",\"url\":\"https:\\\/\\\/aaknives.eu\\\/wp-content\\\/uploads\\\/2021\\\/10\\\/AAknives_Logo_Green.png\",\"contentUrl\":\"https:\\\/\\\/aaknives.eu\\\/wp-content\\\/uploads\\\/2021\\\/10\\\/AAknives_Logo_Green.png\",\"width\":1768,\"height\":1768,\"caption\":\"AAKnives\"},\"image\":{\"@id\":\"https:\\\/\\\/aaknives.eu\\\/lt\\\/#\\\/schema\\\/logo\\\/image\\\/\"},\"sameAs\":[\"https:\\\/\\\/www.facebook.com\\\/aaknives.eu\\\/\",\"https:\\\/\\\/www.instagram.com\\\/aaknives\\\/\",\"https:\\\/\\\/www.pinterest.com\\\/aa_knives\\\/\",\"https:\\\/\\\/www.youtube.com\\\/channel\\\/UCHOQFjrOkgT6s4FIw9LDKyw\\\/featured\"]}]}<\/script>\n<!-- \/ Yoast SEO plugin. -->","yoast_head_json":{"title":"Peilis ''LEUKU - BIG'', rankomis kaltas Damasko plieno peilis su fiksuota gele\u017ete - AAKnives","robots":{"index":"index","follow":"follow","max-snippet":"max-snippet:-1","max-image-preview":"max-image-preview:large","max-video-preview":"max-video-preview:-1"},"canonical":"https:\/\/aaknives.eu\/lt\/product\/peilis-leuku-big-rankomis-kaltas-damasko-plieno-peilis-su-fiksuota-gelezte\/","og_locale":"lt_LT","og_type":"article","og_title":"Peilis ''LEUKU - BIG'', rankomis kaltas Damasko plieno peilis su fiksuota gele\u017ete - AAKnives","og_description":"Peilio specifikacijos: LEUKU &#8211; BIG Plienas: rankomis kalta Damasko plieno gele\u017et\u0117 Kietumas: 60-62 HRC Gele\u017et\u0117s ilgis (mm): Skai\u010diuokl\u0117 (mm): 222 \/ 8,74 colio Gele\u017et\u0117s storis (mm): (mm): 3 \/ 0,09 colio A\u0161men\u0173 plotis (mm): 37 \/ 1,45 colio Rankena: stabilizuotas Karelijos ber\u017eas Bendras ilgis (mm): Vidutinis ilgis (mm): 350 \/ 13,77 coli\u0173 Rankomis kaltas damasko plienas, sukurtas i\u0161 skirtingo kietumo ir klampumo plien\u0173, kurie tam tikra tvarka sudedami \u012f plok\u0161tel\u0119. Po to plok\u0161t\u0117 pakartotinai perlydoma, tod\u0117l susidaro sluoksniai ir unikalus ra\u0161tas. Sud\u0117tingas technologinis procesas atliekamas rankiniu b\u016bdu. Tokiu b\u016bdu gautas plienas pasi\u017eymi: Didesnis stiprumas, didelis kietumas, puikios pjovimo savyb\u0117s, gra\u017eus&hellip;","og_url":"https:\/\/aaknives.eu\/lt\/product\/peilis-leuku-big-rankomis-kaltas-damasko-plieno-peilis-su-fiksuota-gelezte\/","og_site_name":"AAKnives","article_publisher":"https:\/\/www.facebook.com\/aaknives.eu\/","twitter_card":"summary_large_image","twitter_misc":{"Est. reading time":"1 minut\u0117"},"schema":{"@context":"https:\/\/schema.org","@graph":[{"@type":"WebPage","@id":"https:\/\/aaknives.eu\/lt\/product\/peilis-leuku-big-rankomis-kaltas-damasko-plieno-peilis-su-fiksuota-gelezte\/","url":"https:\/\/aaknives.eu\/lt\/product\/peilis-leuku-big-rankomis-kaltas-damasko-plieno-peilis-su-fiksuota-gelezte\/","name":"Peilis ''LEUKU - BIG'', rankomis kaltas Damasko plieno peilis su fiksuota gele\u017ete - AAKnives","isPartOf":{"@id":"https:\/\/aaknives.eu\/lt\/#website"},"primaryImageOfPage":{"@id":"https:\/\/aaknives.eu\/lt\/product\/peilis-leuku-big-rankomis-kaltas-damasko-plieno-peilis-su-fiksuota-gelezte\/#primaryimage"},"image":{"@id":"https:\/\/aaknives.eu\/lt\/product\/peilis-leuku-big-rankomis-kaltas-damasko-plieno-peilis-su-fiksuota-gelezte\/#primaryimage"},"thumbnailUrl":"https:\/\/aaknives.eu\/wp-content\/uploads\/2021\/10\/aaknives-hand-forged-dabascus-steel-blade-knife-handmade-custom-made-knife-handcrafted-knives-autinetools-northmen-8-1.jpg","datePublished":"2020-11-09T19:37:28+00:00","breadcrumb":{"@id":"https:\/\/aaknives.eu\/lt\/product\/peilis-leuku-big-rankomis-kaltas-damasko-plieno-peilis-su-fiksuota-gelezte\/#breadcrumb"},"inLanguage":"lt-LT","potentialAction":[{"@type":"ReadAction","target":["https:\/\/aaknives.eu\/lt\/product\/peilis-leuku-big-rankomis-kaltas-damasko-plieno-peilis-su-fiksuota-gelezte\/"]}]},{"@type":"ImageObject","inLanguage":"lt-LT","@id":"https:\/\/aaknives.eu\/lt\/product\/peilis-leuku-big-rankomis-kaltas-damasko-plieno-peilis-su-fiksuota-gelezte\/#primaryimage","url":"https:\/\/aaknives.eu\/wp-content\/uploads\/2021\/10\/aaknives-hand-forged-dabascus-steel-blade-knife-handmade-custom-made-knife-handcrafted-knives-autinetools-northmen-8-1.jpg","contentUrl":"https:\/\/aaknives.eu\/wp-content\/uploads\/2021\/10\/aaknives-hand-forged-dabascus-steel-blade-knife-handmade-custom-made-knife-handcrafted-knives-autinetools-northmen-8-1.jpg","width":800,"height":600,"caption":"aaknives-hand-forged-dabascus-steel-blade-knife-handmade-custom-made-knife-handcrafted-knives-autinetools-northmen-8-1"},{"@type":"BreadcrumbList","@id":"https:\/\/aaknives.eu\/lt\/product\/peilis-leuku-big-rankomis-kaltas-damasko-plieno-peilis-su-fiksuota-gelezte\/#breadcrumb","itemListElement":[{"@type":"ListItem","position":1,"name":"Home","item":"https:\/\/aaknives.eu\/lt\/"},{"@type":"ListItem","position":2,"name":"Parduotuv\u0117","item":"https:\/\/aaknives.eu\/parduotuve\/"},{"@type":"ListItem","position":3,"name":"Peilis &#8221;LEUKU &#8211; BIG&#8221;, rankomis kaltas Damasko plieno peilis su fiksuota gele\u017ete"}]},{"@type":"WebSite","@id":"https:\/\/aaknives.eu\/lt\/#website","url":"https:\/\/aaknives.eu\/lt\/","name":"AAKnives","description":"Handmade knives","publisher":{"@id":"https:\/\/aaknives.eu\/lt\/#organization"},"potentialAction":[{"@type":"SearchAction","target":{"@type":"EntryPoint","urlTemplate":"https:\/\/aaknives.eu\/lt\/?s={search_term_string}"},"query-input":{"@type":"PropertyValueSpecification","valueRequired":true,"valueName":"search_term_string"}}],"inLanguage":"lt-LT"},{"@type":"Organization","@id":"https:\/\/aaknives.eu\/lt\/#organization","name":"AAKnives","url":"https:\/\/aaknives.eu\/lt\/","logo":{"@type":"ImageObject","inLanguage":"lt-LT","@id":"https:\/\/aaknives.eu\/lt\/#\/schema\/logo\/image\/","url":"https:\/\/aaknives.eu\/wp-content\/uploads\/2021\/10\/AAknives_Logo_Green.png","contentUrl":"https:\/\/aaknives.eu\/wp-content\/uploads\/2021\/10\/AAknives_Logo_Green.png","width":1768,"height":1768,"caption":"AAKnives"},"image":{"@id":"https:\/\/aaknives.eu\/lt\/#\/schema\/logo\/image\/"},"sameAs":["https:\/\/www.facebook.com\/aaknives.eu\/","https:\/\/www.instagram.com\/aaknives\/","https:\/\/www.pinterest.com\/aa_knives\/","https:\/\/www.youtube.com\/channel\/UCHOQFjrOkgT6s4FIw9LDKyw\/featured"]}]}},"_links":{"self":[{"href":"https:\/\/aaknives.eu\/lt\/wp-json\/wp\/v2\/product\/48695","targetHints":{"allow":["GET"]}}],"collection":[{"href":"https:\/\/aaknives.eu\/lt\/wp-json\/wp\/v2\/product"}],"about":[{"href":"https:\/\/aaknives.eu\/lt\/wp-json\/wp\/v2\/types\/product"}],"wp:featuredmedia":[{"embeddable":true,"href":"https:\/\/aaknives.eu\/lt\/wp-json\/wp\/v2\/media\/48696"}],"wp:attachment":[{"href":"https:\/\/aaknives.eu\/lt\/wp-json\/wp\/v2\/media?parent=48695"}],"wp:term":[{"taxonomy":"product_brand","embeddable":true,"href":"https:\/\/aaknives.eu\/lt\/wp-json\/wp\/v2\/product_brand?post=48695"},{"taxonomy":"product_cat","embeddable":true,"href":"https:\/\/aaknives.eu\/lt\/wp-json\/wp\/v2\/product_cat?post=48695"},{"taxonomy":"product_tag","embeddable":true,"href":"https:\/\/aaknives.eu\/lt\/wp-json\/wp\/v2\/product_tag?post=48695"}],"curies":[{"name":"wp","href":"https:\/\/api.w.org\/{rel}","templated":true}]}}