{"id":48954,"date":"2021-09-20T20:48:56","date_gmt":"2021-09-20T20:48:56","guid":{"rendered":"https:\/\/aaknives.eu\/product\/peilis-hook-bulat-wootz-plienas-karelisko-berzo-rankena\/"},"modified":"2026-04-28T17:39:50","modified_gmt":"2026-04-28T17:39:50","slug":"peilis-tusk-bulat-wootz-plienas-kareliska-berzo-rankena","status":"publish","type":"product","link":"https:\/\/aaknives.eu\/lt\/product\/peilis-tusk-bulat-wootz-plienas-kareliska-berzo-rankena\/","title":{"rendered":"Peilis \u201eTUSK\u201c (Bulat &#8211; Wootz plienas), kareli\u0161ka ber\u017eo rankena"},"content":{"rendered":"<p>Peilio specifikacijos: \u201eTUSK\u201c.<br \/>\nPlienas: Bulat (Wootz plienas)<br \/>\nKietumas: 61-63 HRC<br \/>\nGele\u017et\u0117s ilgis (mm): 117 \/ 4,60 colio<br \/>\nGele\u017et\u0117s storis (mm): 3 \/ 0,11 colio<br \/>\nGele\u017et\u0117s plotis (mm): 29 \/ 1,14 colio<br \/>\nRankena: Stabilizuotas kareli\u0161kas ber\u017eas<br \/>\nBendras ilgis (mm): 245 \/ 9,64 colio<br \/>\nPeilio tipas: med\u017eioklei, lauko<br \/>\nPakuot\u0117: peilis, odin\u0117 mak\u0161tis<\/p>\n<p>Bulat \u2013 Wootz Steel<br \/>\nLietas anglies rankomis kaltas plienas<br \/>\nsu specialia a\u0161men\u0173 strukt\u016bra, dideliu kietumu, padidintu patvarumu ir elastingumu.<br \/>\nKiekvienas Bulat plieno peiliukas turi savit\u0105 individual\u0173 ra\u0161t\u0105.<br \/>\n\u201eAA peiliai\u201c gamina peilius, pagamintus i\u0161 legiruoto tiglio Bulat plieno, kurio pagrind\u0105 sudaro metalai H12MF ir ShH15.<br \/>\nBulat plieno peili\u0173 privalumai:<br \/>\nDidelis kietumas<br \/>\nPadid\u0117j\u0119s patvarumas<br \/>\nElastingumas<br \/>\nIlgai i\u0161liekantis ry\u0161kumas<br \/>\nA\u0161men\u0173 kietumas 62-64 HRC.<br \/>\nRank\u0173 darbo<\/p>\n","protected":false},"excerpt":{"rendered":"<p>Peilio specifikacijos: \u201eTUSK\u201c. Plienas: Bulat (Wootz plienas) Kietumas: 61-63 HRC Gele\u017et\u0117s ilgis (mm): 117 \/ 4,60 colio Gele\u017et\u0117s storis (mm): 3 \/ 0,11 colio Gele\u017et\u0117s plotis (mm): 29 \/ 1,14 colio Rankena: Stabilizuotas kareli\u0161kas ber\u017eas Bendras ilgis (mm): 245 \/ 9,64 colio Peilio tipas: med\u017eioklei, lauko Pakuot\u0117: peilis, odin\u0117 mak\u0161tis Bulat \u2013 Wootz Steel Lietas anglies rankomis kaltas plienas su specialia a\u0161men\u0173 strukt\u016bra, dideliu kietumu, padidintu patvarumu ir elastingumu. Kiekvienas Bulat plieno peiliukas turi savit\u0105 individual\u0173 ra\u0161t\u0105. \u201eAA peiliai\u201c gamina peilius, pagamintus i\u0161 legiruoto tiglio Bulat plieno, kurio pagrind\u0105 sudaro metalai H12MF ir ShH15. Bulat plieno peili\u0173 privalumai: Didelis kietumas&hellip;<\/p>\n","protected":false},"featured_media":109066,"template":"","meta":{"_themeisle_gutenberg_block_has_review":false},"product_brand":[],"product_cat":[386],"product_tag":[],"class_list":{"0":"post-48954","1":"product","2":"type-product","3":"status-publish","4":"has-post-thumbnail","6":"product_cat-medziokliniai-peiliai","8":"first","9":"instock","10":"shipping-taxable","11":"purchasable","12":"product-type-simple"},"yoast_head":"<!-- This site is optimized with the Yoast SEO plugin v27.5 - https:\/\/yoast.com\/product\/yoast-seo-wordpress\/ -->\n<title>Peilis \u201eTUSK\u201c (Bulat - Wootz plienas), kareli\u0161ka ber\u017eo rankena - AAKnives<\/title>\n<meta name=\"description\" content=\"Bulat \u2013 Wootz Steel Cast anglies rankomis kaltas plienas su specialia a\u0161men\u0173 strukt\u016bra, dideliu kietumu, padidintu patvarumu ir elastingumu.\" \/>\n<meta name=\"robots\" content=\"index, follow, max-snippet:-1, max-image-preview:large, max-video-preview:-1\" \/>\n<link rel=\"canonical\" href=\"https:\/\/aaknives.eu\/lt\/product\/peilis-tusk-bulat-wootz-plienas-kareliska-berzo-rankena\/\" \/>\n<meta property=\"og:locale\" content=\"lt_LT\" \/>\n<meta property=\"og:type\" content=\"article\" \/>\n<meta property=\"og:title\" content=\"Peilis \u201eTUSK\u201c (Bulat - Wootz plienas), kareli\u0161ka ber\u017eo rankena - AAKnives\" \/>\n<meta property=\"og:description\" content=\"Bulat \u2013 Wootz Steel Cast anglies rankomis kaltas plienas su specialia a\u0161men\u0173 strukt\u016bra, dideliu kietumu, padidintu patvarumu ir elastingumu.\" \/>\n<meta property=\"og:url\" content=\"https:\/\/aaknives.eu\/lt\/product\/peilis-tusk-bulat-wootz-plienas-kareliska-berzo-rankena\/\" \/>\n<meta property=\"og:site_name\" content=\"AAKnives\" \/>\n<meta property=\"article:publisher\" content=\"https:\/\/www.facebook.com\/aaknives.eu\/\" \/>\n<meta property=\"article:modified_time\" content=\"2026-04-28T17:39:50+00:00\" \/>\n<meta property=\"og:image\" content=\"https:\/\/aaknives.eu\/wp-content\/uploads\/2021\/09\/aaknives-hand-forged-damascus-steel-blade-knife-handmade-custom-made-knife-handcrafted-knives-autinetools-northmen-58.jpg\" \/>\n\t<meta property=\"og:image:width\" content=\"1020\" \/>\n\t<meta property=\"og:image:height\" content=\"880\" \/>\n\t<meta property=\"og:image:type\" content=\"image\/jpeg\" \/>\n<meta name=\"twitter:card\" content=\"summary_large_image\" \/>\n<meta name=\"twitter:label1\" content=\"Est. reading time\" \/>\n\t<meta name=\"twitter:data1\" content=\"1 minut\u0117\" \/>\n<script type=\"application\/ld+json\" class=\"yoast-schema-graph\">{\"@context\":\"https:\\\/\\\/schema.org\",\"@graph\":[{\"@type\":\"WebPage\",\"@id\":\"https:\\\/\\\/aaknives.eu\\\/lt\\\/product\\\/peilis-tusk-bulat-wootz-plienas-kareliska-berzo-rankena\\\/\",\"url\":\"https:\\\/\\\/aaknives.eu\\\/lt\\\/product\\\/peilis-tusk-bulat-wootz-plienas-kareliska-berzo-rankena\\\/\",\"name\":\"Peilis \u201eTUSK\u201c (Bulat - Wootz plienas), kareli\u0161ka ber\u017eo rankena - AAKnives\",\"isPartOf\":{\"@id\":\"https:\\\/\\\/aaknives.eu\\\/lt\\\/#website\"},\"primaryImageOfPage\":{\"@id\":\"https:\\\/\\\/aaknives.eu\\\/lt\\\/product\\\/peilis-tusk-bulat-wootz-plienas-kareliska-berzo-rankena\\\/#primaryimage\"},\"image\":{\"@id\":\"https:\\\/\\\/aaknives.eu\\\/lt\\\/product\\\/peilis-tusk-bulat-wootz-plienas-kareliska-berzo-rankena\\\/#primaryimage\"},\"thumbnailUrl\":\"https:\\\/\\\/aaknives.eu\\\/wp-content\\\/uploads\\\/2021\\\/09\\\/aaknives-hand-forged-damascus-steel-blade-knife-handmade-custom-made-knife-handcrafted-knives-autinetools-northmen-58.jpg\",\"datePublished\":\"2021-09-20T20:48:56+00:00\",\"dateModified\":\"2026-04-28T17:39:50+00:00\",\"description\":\"Bulat \u2013 Wootz Steel Cast anglies rankomis kaltas plienas su specialia a\u0161men\u0173 strukt\u016bra, dideliu kietumu, padidintu patvarumu ir elastingumu.\",\"breadcrumb\":{\"@id\":\"https:\\\/\\\/aaknives.eu\\\/lt\\\/product\\\/peilis-tusk-bulat-wootz-plienas-kareliska-berzo-rankena\\\/#breadcrumb\"},\"inLanguage\":\"lt-LT\",\"potentialAction\":[{\"@type\":\"ReadAction\",\"target\":[\"https:\\\/\\\/aaknives.eu\\\/lt\\\/product\\\/peilis-tusk-bulat-wootz-plienas-kareliska-berzo-rankena\\\/\"]}]},{\"@type\":\"ImageObject\",\"inLanguage\":\"lt-LT\",\"@id\":\"https:\\\/\\\/aaknives.eu\\\/lt\\\/product\\\/peilis-tusk-bulat-wootz-plienas-kareliska-berzo-rankena\\\/#primaryimage\",\"url\":\"https:\\\/\\\/aaknives.eu\\\/wp-content\\\/uploads\\\/2021\\\/09\\\/aaknives-hand-forged-damascus-steel-blade-knife-handmade-custom-made-knife-handcrafted-knives-autinetools-northmen-58.jpg\",\"contentUrl\":\"https:\\\/\\\/aaknives.eu\\\/wp-content\\\/uploads\\\/2021\\\/09\\\/aaknives-hand-forged-damascus-steel-blade-knife-handmade-custom-made-knife-handcrafted-knives-autinetools-northmen-58.jpg\",\"width\":1020,\"height\":880},{\"@type\":\"BreadcrumbList\",\"@id\":\"https:\\\/\\\/aaknives.eu\\\/lt\\\/product\\\/peilis-tusk-bulat-wootz-plienas-kareliska-berzo-rankena\\\/#breadcrumb\",\"itemListElement\":[{\"@type\":\"ListItem\",\"position\":1,\"name\":\"Home\",\"item\":\"https:\\\/\\\/aaknives.eu\\\/lt\\\/\"},{\"@type\":\"ListItem\",\"position\":2,\"name\":\"Parduotuv\u0117\",\"item\":\"https:\\\/\\\/aaknives.eu\\\/parduotuve\\\/\"},{\"@type\":\"ListItem\",\"position\":3,\"name\":\"Peilis \u201eTUSK\u201c (Bulat &#8211; Wootz plienas), kareli\u0161ka ber\u017eo rankena\"}]},{\"@type\":\"WebSite\",\"@id\":\"https:\\\/\\\/aaknives.eu\\\/lt\\\/#website\",\"url\":\"https:\\\/\\\/aaknives.eu\\\/lt\\\/\",\"name\":\"AAKnives\",\"description\":\"Handmade knives\",\"publisher\":{\"@id\":\"https:\\\/\\\/aaknives.eu\\\/lt\\\/#organization\"},\"potentialAction\":[{\"@type\":\"SearchAction\",\"target\":{\"@type\":\"EntryPoint\",\"urlTemplate\":\"https:\\\/\\\/aaknives.eu\\\/lt\\\/?s={search_term_string}\"},\"query-input\":{\"@type\":\"PropertyValueSpecification\",\"valueRequired\":true,\"valueName\":\"search_term_string\"}}],\"inLanguage\":\"lt-LT\"},{\"@type\":\"Organization\",\"@id\":\"https:\\\/\\\/aaknives.eu\\\/lt\\\/#organization\",\"name\":\"AAKnives\",\"url\":\"https:\\\/\\\/aaknives.eu\\\/lt\\\/\",\"logo\":{\"@type\":\"ImageObject\",\"inLanguage\":\"lt-LT\",\"@id\":\"https:\\\/\\\/aaknives.eu\\\/lt\\\/#\\\/schema\\\/logo\\\/image\\\/\",\"url\":\"https:\\\/\\\/aaknives.eu\\\/wp-content\\\/uploads\\\/2021\\\/10\\\/AAknives_Logo_Green.png\",\"contentUrl\":\"https:\\\/\\\/aaknives.eu\\\/wp-content\\\/uploads\\\/2021\\\/10\\\/AAknives_Logo_Green.png\",\"width\":1768,\"height\":1768,\"caption\":\"AAKnives\"},\"image\":{\"@id\":\"https:\\\/\\\/aaknives.eu\\\/lt\\\/#\\\/schema\\\/logo\\\/image\\\/\"},\"sameAs\":[\"https:\\\/\\\/www.facebook.com\\\/aaknives.eu\\\/\",\"https:\\\/\\\/www.instagram.com\\\/aaknives\\\/\",\"https:\\\/\\\/www.pinterest.com\\\/aa_knives\\\/\",\"https:\\\/\\\/www.youtube.com\\\/channel\\\/UCHOQFjrOkgT6s4FIw9LDKyw\\\/featured\"]}]}<\/script>\n<!-- \/ Yoast SEO plugin. -->","yoast_head_json":{"title":"Peilis \u201eTUSK\u201c (Bulat - Wootz plienas), kareli\u0161ka ber\u017eo rankena - AAKnives","description":"Bulat \u2013 Wootz Steel Cast anglies rankomis kaltas plienas su specialia a\u0161men\u0173 strukt\u016bra, dideliu kietumu, padidintu patvarumu ir elastingumu.","robots":{"index":"index","follow":"follow","max-snippet":"max-snippet:-1","max-image-preview":"max-image-preview:large","max-video-preview":"max-video-preview:-1"},"canonical":"https:\/\/aaknives.eu\/lt\/product\/peilis-tusk-bulat-wootz-plienas-kareliska-berzo-rankena\/","og_locale":"lt_LT","og_type":"article","og_title":"Peilis \u201eTUSK\u201c (Bulat - Wootz plienas), kareli\u0161ka ber\u017eo rankena - AAKnives","og_description":"Bulat \u2013 Wootz Steel Cast anglies rankomis kaltas plienas su specialia a\u0161men\u0173 strukt\u016bra, dideliu kietumu, padidintu patvarumu ir elastingumu.","og_url":"https:\/\/aaknives.eu\/lt\/product\/peilis-tusk-bulat-wootz-plienas-kareliska-berzo-rankena\/","og_site_name":"AAKnives","article_publisher":"https:\/\/www.facebook.com\/aaknives.eu\/","article_modified_time":"2026-04-28T17:39:50+00:00","og_image":[{"width":1020,"height":880,"url":"https:\/\/aaknives.eu\/wp-content\/uploads\/2021\/09\/aaknives-hand-forged-damascus-steel-blade-knife-handmade-custom-made-knife-handcrafted-knives-autinetools-northmen-58.jpg","type":"image\/jpeg"}],"twitter_card":"summary_large_image","twitter_misc":{"Est. reading time":"1 minut\u0117"},"schema":{"@context":"https:\/\/schema.org","@graph":[{"@type":"WebPage","@id":"https:\/\/aaknives.eu\/lt\/product\/peilis-tusk-bulat-wootz-plienas-kareliska-berzo-rankena\/","url":"https:\/\/aaknives.eu\/lt\/product\/peilis-tusk-bulat-wootz-plienas-kareliska-berzo-rankena\/","name":"Peilis \u201eTUSK\u201c (Bulat - Wootz plienas), kareli\u0161ka ber\u017eo rankena - AAKnives","isPartOf":{"@id":"https:\/\/aaknives.eu\/lt\/#website"},"primaryImageOfPage":{"@id":"https:\/\/aaknives.eu\/lt\/product\/peilis-tusk-bulat-wootz-plienas-kareliska-berzo-rankena\/#primaryimage"},"image":{"@id":"https:\/\/aaknives.eu\/lt\/product\/peilis-tusk-bulat-wootz-plienas-kareliska-berzo-rankena\/#primaryimage"},"thumbnailUrl":"https:\/\/aaknives.eu\/wp-content\/uploads\/2021\/09\/aaknives-hand-forged-damascus-steel-blade-knife-handmade-custom-made-knife-handcrafted-knives-autinetools-northmen-58.jpg","datePublished":"2021-09-20T20:48:56+00:00","dateModified":"2026-04-28T17:39:50+00:00","description":"Bulat \u2013 Wootz Steel Cast anglies rankomis kaltas plienas su specialia a\u0161men\u0173 strukt\u016bra, dideliu kietumu, padidintu patvarumu ir elastingumu.","breadcrumb":{"@id":"https:\/\/aaknives.eu\/lt\/product\/peilis-tusk-bulat-wootz-plienas-kareliska-berzo-rankena\/#breadcrumb"},"inLanguage":"lt-LT","potentialAction":[{"@type":"ReadAction","target":["https:\/\/aaknives.eu\/lt\/product\/peilis-tusk-bulat-wootz-plienas-kareliska-berzo-rankena\/"]}]},{"@type":"ImageObject","inLanguage":"lt-LT","@id":"https:\/\/aaknives.eu\/lt\/product\/peilis-tusk-bulat-wootz-plienas-kareliska-berzo-rankena\/#primaryimage","url":"https:\/\/aaknives.eu\/wp-content\/uploads\/2021\/09\/aaknives-hand-forged-damascus-steel-blade-knife-handmade-custom-made-knife-handcrafted-knives-autinetools-northmen-58.jpg","contentUrl":"https:\/\/aaknives.eu\/wp-content\/uploads\/2021\/09\/aaknives-hand-forged-damascus-steel-blade-knife-handmade-custom-made-knife-handcrafted-knives-autinetools-northmen-58.jpg","width":1020,"height":880},{"@type":"BreadcrumbList","@id":"https:\/\/aaknives.eu\/lt\/product\/peilis-tusk-bulat-wootz-plienas-kareliska-berzo-rankena\/#breadcrumb","itemListElement":[{"@type":"ListItem","position":1,"name":"Home","item":"https:\/\/aaknives.eu\/lt\/"},{"@type":"ListItem","position":2,"name":"Parduotuv\u0117","item":"https:\/\/aaknives.eu\/parduotuve\/"},{"@type":"ListItem","position":3,"name":"Peilis \u201eTUSK\u201c (Bulat &#8211; Wootz plienas), kareli\u0161ka ber\u017eo rankena"}]},{"@type":"WebSite","@id":"https:\/\/aaknives.eu\/lt\/#website","url":"https:\/\/aaknives.eu\/lt\/","name":"AAKnives","description":"Handmade knives","publisher":{"@id":"https:\/\/aaknives.eu\/lt\/#organization"},"potentialAction":[{"@type":"SearchAction","target":{"@type":"EntryPoint","urlTemplate":"https:\/\/aaknives.eu\/lt\/?s={search_term_string}"},"query-input":{"@type":"PropertyValueSpecification","valueRequired":true,"valueName":"search_term_string"}}],"inLanguage":"lt-LT"},{"@type":"Organization","@id":"https:\/\/aaknives.eu\/lt\/#organization","name":"AAKnives","url":"https:\/\/aaknives.eu\/lt\/","logo":{"@type":"ImageObject","inLanguage":"lt-LT","@id":"https:\/\/aaknives.eu\/lt\/#\/schema\/logo\/image\/","url":"https:\/\/aaknives.eu\/wp-content\/uploads\/2021\/10\/AAknives_Logo_Green.png","contentUrl":"https:\/\/aaknives.eu\/wp-content\/uploads\/2021\/10\/AAknives_Logo_Green.png","width":1768,"height":1768,"caption":"AAKnives"},"image":{"@id":"https:\/\/aaknives.eu\/lt\/#\/schema\/logo\/image\/"},"sameAs":["https:\/\/www.facebook.com\/aaknives.eu\/","https:\/\/www.instagram.com\/aaknives\/","https:\/\/www.pinterest.com\/aa_knives\/","https:\/\/www.youtube.com\/channel\/UCHOQFjrOkgT6s4FIw9LDKyw\/featured"]}]}},"_links":{"self":[{"href":"https:\/\/aaknives.eu\/lt\/wp-json\/wp\/v2\/product\/48954","targetHints":{"allow":["GET"]}}],"collection":[{"href":"https:\/\/aaknives.eu\/lt\/wp-json\/wp\/v2\/product"}],"about":[{"href":"https:\/\/aaknives.eu\/lt\/wp-json\/wp\/v2\/types\/product"}],"wp:featuredmedia":[{"embeddable":true,"href":"https:\/\/aaknives.eu\/lt\/wp-json\/wp\/v2\/media\/109066"}],"wp:attachment":[{"href":"https:\/\/aaknives.eu\/lt\/wp-json\/wp\/v2\/media?parent=48954"}],"wp:term":[{"taxonomy":"product_brand","embeddable":true,"href":"https:\/\/aaknives.eu\/lt\/wp-json\/wp\/v2\/product_brand?post=48954"},{"taxonomy":"product_cat","embeddable":true,"href":"https:\/\/aaknives.eu\/lt\/wp-json\/wp\/v2\/product_cat?post=48954"},{"taxonomy":"product_tag","embeddable":true,"href":"https:\/\/aaknives.eu\/lt\/wp-json\/wp\/v2\/product_tag?post=48954"}],"curies":[{"name":"wp","href":"https:\/\/api.w.org\/{rel}","templated":true}]}}