{"id":49089,"date":"2021-09-20T20:48:08","date_gmt":"2021-09-20T20:48:08","guid":{"rendered":"https:\/\/aaknives.eu\/product\/geriausias-kiseninis-peilis-kaltinio-damasko-plieno-gelezte\/"},"modified":"2024-08-28T15:10:38","modified_gmt":"2024-08-28T15:10:38","slug":"geriausias-kiseninis-peilis-kaltinio-damasko-plieno-gelezte-3","status":"publish","type":"product","link":"https:\/\/aaknives.eu\/lt\/product\/geriausias-kiseninis-peilis-kaltinio-damasko-plieno-gelezte-3\/","title":{"rendered":"Geriausias ki\u0161eninis peilis &#8211; kaltinio damasko plieno gele\u017et\u0117"},"content":{"rendered":"<p>Plienas: Damasko plieno gele\u017et\u0117<br \/>\nKietumas: 61 HRC<br \/>\nGele\u017et\u0117s ilgis (mm): Skai\u010diuokl\u0117 (mm): 112 \/ 4,40 colio<br \/>\nGele\u017et\u0117s storis (mm): (mm): 2,5 \/ 0,98 colio<br \/>\nA\u0161men\u0173 plotis (mm): (mm): 24 \/ 0,98 colio<br \/>\nRankena: Afrikos venge mediena<br \/>\nBendras ilgis (mm): Vidutinis ilgis (mm): 226 \/ 8,89 colio<br \/>\nPeili\u0173 tipas: med\u017eiokliniai, lauko peiliai<br \/>\nPakuot\u0117: peilis, odinis d\u0117klas<\/p>\n<p>&nbsp;<\/p>\n<p>Rankomis kalti damaskinio plieno a\u0161menys, sukurti i\u0161 skirtingo kietumo ir klampumo plien\u0173, kurie tam tikra tvarka sudedami \u012f plok\u0161tel\u0119. Po to plok\u0161t\u0117 pakartotinai perlydoma, tod\u0117l susidaro sluoksniai ir unikalus ra\u0161tas.<br \/>\nSud\u0117tingas technologinis procesas atliekamas rankiniu b\u016bdu. Tokiu b\u016bdu gautas plienas pasi\u017eymi didesniu stiprumu, dideliu kietumu, puikiomis pjovimo savyb\u0117mis ir gro\u017eiu.<br \/>\nDamasko gele\u017et\u0117 turi daugiau kaip 800 sluoksni\u0173.<br \/>\nPaketas Damasko plieno a\u0161menys ShH15 + HVG + U10 A, termin\u0117 i\u0161rai\u0161ka 860 \u00b0 C<\/p>\n<p>Damasko a\u0161men\u0173 peili\u0173 privalumai:<br \/>\nDidesnis stiprumas<br \/>\nDidelis kietumas<br \/>\nPuikios pjovimo savyb\u0117s<br \/>\nGra\u017eus dizainas<br \/>\nIlgalaikis a\u0161trumas<\/p>\n<p>Gele\u017et\u0117s kietumas 60-62 HRC.<br \/>\nNestandartinis peilis, rank\u0173 darbo peilis, rank\u0173 darbo peilis, rank\u0173 darbo peilis, rank\u0173 darbo peilis<\/p>\n<p>&nbsp;<\/p>\n","protected":false},"excerpt":{"rendered":"<p>Plienas: Damasko plieno gele\u017et\u0117 Kietumas: 61 HRC Gele\u017et\u0117s ilgis (mm): Skai\u010diuokl\u0117 (mm): 112 \/ 4,40 colio Gele\u017et\u0117s storis (mm): (mm): 2,5 \/ 0,98 colio A\u0161men\u0173 plotis (mm): (mm): 24 \/ 0,98 colio Rankena: Afrikos venge mediena Bendras ilgis (mm): Vidutinis ilgis (mm): 226 \/ 8,89 colio Peili\u0173 tipas: med\u017eiokliniai, lauko peiliai Pakuot\u0117: peilis, odinis d\u0117klas &nbsp; Rankomis kalti damaskinio plieno a\u0161menys, sukurti i\u0161 skirtingo kietumo ir klampumo plien\u0173, kurie tam tikra tvarka sudedami \u012f plok\u0161tel\u0119. Po to plok\u0161t\u0117 pakartotinai perlydoma, tod\u0117l susidaro sluoksniai ir unikalus ra\u0161tas. Sud\u0117tingas technologinis procesas atliekamas rankiniu b\u016bdu. Tokiu b\u016bdu gautas plienas pasi\u017eymi didesniu stiprumu, dideliu&hellip;<\/p>\n","protected":false},"featured_media":103975,"template":"","meta":{"_themeisle_gutenberg_block_has_review":false},"product_brand":[],"product_cat":[394,381,386,385],"product_tag":[],"class_list":{"0":"post-49089","1":"product","2":"type-product","3":"status-publish","4":"has-post-thumbnail","6":"product_cat-kiseniniai-peiliai","7":"product_cat-lauko-peiliai","8":"product_cat-medziokliniai-peiliai","9":"product_cat-zvejybos-peiliai","11":"first","12":"instock","13":"shipping-taxable","14":"purchasable","15":"product-type-simple"},"yoast_head":"<!-- This site is optimized with the Yoast SEO plugin v27.3 - https:\/\/yoast.com\/product\/yoast-seo-wordpress\/ -->\n<title>Geriausias ki\u0161eninis peilis - kaltinio damasko plieno gele\u017et\u0117 - AAKnives<\/title>\n<meta name=\"description\" content=\"Geriausias ki\u0161eninis peilis - kaltinio damasko plieno gele\u017et\u0117\" \/>\n<meta name=\"robots\" content=\"index, follow, max-snippet:-1, max-image-preview:large, max-video-preview:-1\" \/>\n<link rel=\"canonical\" href=\"https:\/\/aaknives.eu\/lt\/product\/geriausias-kiseninis-peilis-kaltinio-damasko-plieno-gelezte-3\/\" \/>\n<meta property=\"og:locale\" content=\"lt_LT\" \/>\n<meta property=\"og:type\" content=\"article\" \/>\n<meta property=\"og:title\" content=\"Geriausias ki\u0161eninis peilis - kaltinio damasko plieno gele\u017et\u0117 - AAKnives\" \/>\n<meta property=\"og:description\" content=\"Geriausias ki\u0161eninis peilis - kaltinio damasko plieno gele\u017et\u0117\" \/>\n<meta property=\"og:url\" content=\"https:\/\/aaknives.eu\/lt\/product\/geriausias-kiseninis-peilis-kaltinio-damasko-plieno-gelezte-3\/\" \/>\n<meta property=\"og:site_name\" content=\"AAKnives\" \/>\n<meta property=\"article:publisher\" content=\"https:\/\/www.facebook.com\/aaknives.eu\/\" \/>\n<meta property=\"article:modified_time\" content=\"2024-08-28T15:10:38+00:00\" \/>\n<meta property=\"og:image\" content=\"https:\/\/aaknives.eu\/wp-content\/uploads\/2021\/09\/aaknives-hand-forged-dabascus-steel-blade-knife-handmade-custom-made-knife-handcrafted-knives-autinetools-northmen-33.4-1.jpg\" \/>\n\t<meta property=\"og:image:width\" content=\"1020\" \/>\n\t<meta property=\"og:image:height\" content=\"880\" \/>\n\t<meta property=\"og:image:type\" content=\"image\/jpeg\" \/>\n<meta name=\"twitter:card\" content=\"summary_large_image\" \/>\n<meta name=\"twitter:label1\" content=\"Est. reading time\" \/>\n\t<meta name=\"twitter:data1\" content=\"1 minut\u0117\" \/>\n<script type=\"application\/ld+json\" class=\"yoast-schema-graph\">{\"@context\":\"https:\\\/\\\/schema.org\",\"@graph\":[{\"@type\":\"WebPage\",\"@id\":\"https:\\\/\\\/aaknives.eu\\\/lt\\\/product\\\/geriausias-kiseninis-peilis-kaltinio-damasko-plieno-gelezte-3\\\/\",\"url\":\"https:\\\/\\\/aaknives.eu\\\/lt\\\/product\\\/geriausias-kiseninis-peilis-kaltinio-damasko-plieno-gelezte-3\\\/\",\"name\":\"Geriausias ki\u0161eninis peilis - kaltinio damasko plieno gele\u017et\u0117 - AAKnives\",\"isPartOf\":{\"@id\":\"https:\\\/\\\/aaknives.eu\\\/lt\\\/#website\"},\"primaryImageOfPage\":{\"@id\":\"https:\\\/\\\/aaknives.eu\\\/lt\\\/product\\\/geriausias-kiseninis-peilis-kaltinio-damasko-plieno-gelezte-3\\\/#primaryimage\"},\"image\":{\"@id\":\"https:\\\/\\\/aaknives.eu\\\/lt\\\/product\\\/geriausias-kiseninis-peilis-kaltinio-damasko-plieno-gelezte-3\\\/#primaryimage\"},\"thumbnailUrl\":\"https:\\\/\\\/aaknives.eu\\\/wp-content\\\/uploads\\\/2021\\\/09\\\/aaknives-hand-forged-damascus-steel-blade-knife-handmade-custom-made-knife-handcrafted-knives-autinetools-northmen-1-112-1.jpg\",\"datePublished\":\"2021-09-20T20:48:08+00:00\",\"dateModified\":\"2024-08-28T15:10:38+00:00\",\"description\":\"Geriausias ki\u0161eninis peilis - kaltinio damasko plieno gele\u017et\u0117\",\"breadcrumb\":{\"@id\":\"https:\\\/\\\/aaknives.eu\\\/lt\\\/product\\\/geriausias-kiseninis-peilis-kaltinio-damasko-plieno-gelezte-3\\\/#breadcrumb\"},\"inLanguage\":\"lt-LT\",\"potentialAction\":[{\"@type\":\"ReadAction\",\"target\":[\"https:\\\/\\\/aaknives.eu\\\/lt\\\/product\\\/geriausias-kiseninis-peilis-kaltinio-damasko-plieno-gelezte-3\\\/\"]}]},{\"@type\":\"ImageObject\",\"inLanguage\":\"lt-LT\",\"@id\":\"https:\\\/\\\/aaknives.eu\\\/lt\\\/product\\\/geriausias-kiseninis-peilis-kaltinio-damasko-plieno-gelezte-3\\\/#primaryimage\",\"url\":\"https:\\\/\\\/aaknives.eu\\\/wp-content\\\/uploads\\\/2021\\\/09\\\/aaknives-hand-forged-damascus-steel-blade-knife-handmade-custom-made-knife-handcrafted-knives-autinetools-northmen-1-112-1.jpg\",\"contentUrl\":\"https:\\\/\\\/aaknives.eu\\\/wp-content\\\/uploads\\\/2021\\\/09\\\/aaknives-hand-forged-damascus-steel-blade-knife-handmade-custom-made-knife-handcrafted-knives-autinetools-northmen-1-112-1.jpg\",\"width\":1020,\"height\":880},{\"@type\":\"BreadcrumbList\",\"@id\":\"https:\\\/\\\/aaknives.eu\\\/lt\\\/product\\\/geriausias-kiseninis-peilis-kaltinio-damasko-plieno-gelezte-3\\\/#breadcrumb\",\"itemListElement\":[{\"@type\":\"ListItem\",\"position\":1,\"name\":\"Home\",\"item\":\"https:\\\/\\\/aaknives.eu\\\/lt\\\/\"},{\"@type\":\"ListItem\",\"position\":2,\"name\":\"Parduotuv\u0117\",\"item\":\"https:\\\/\\\/aaknives.eu\\\/parduotuve\\\/\"},{\"@type\":\"ListItem\",\"position\":3,\"name\":\"Geriausias ki\u0161eninis peilis &#8211; kaltinio damasko plieno gele\u017et\u0117\"}]},{\"@type\":\"WebSite\",\"@id\":\"https:\\\/\\\/aaknives.eu\\\/lt\\\/#website\",\"url\":\"https:\\\/\\\/aaknives.eu\\\/lt\\\/\",\"name\":\"AAKnives\",\"description\":\"Handmade knives\",\"publisher\":{\"@id\":\"https:\\\/\\\/aaknives.eu\\\/lt\\\/#organization\"},\"potentialAction\":[{\"@type\":\"SearchAction\",\"target\":{\"@type\":\"EntryPoint\",\"urlTemplate\":\"https:\\\/\\\/aaknives.eu\\\/lt\\\/?s={search_term_string}\"},\"query-input\":{\"@type\":\"PropertyValueSpecification\",\"valueRequired\":true,\"valueName\":\"search_term_string\"}}],\"inLanguage\":\"lt-LT\"},{\"@type\":\"Organization\",\"@id\":\"https:\\\/\\\/aaknives.eu\\\/lt\\\/#organization\",\"name\":\"AAKnives\",\"url\":\"https:\\\/\\\/aaknives.eu\\\/lt\\\/\",\"logo\":{\"@type\":\"ImageObject\",\"inLanguage\":\"lt-LT\",\"@id\":\"https:\\\/\\\/aaknives.eu\\\/lt\\\/#\\\/schema\\\/logo\\\/image\\\/\",\"url\":\"https:\\\/\\\/aaknives.eu\\\/wp-content\\\/uploads\\\/2021\\\/10\\\/AAknives_Logo_Green.png\",\"contentUrl\":\"https:\\\/\\\/aaknives.eu\\\/wp-content\\\/uploads\\\/2021\\\/10\\\/AAknives_Logo_Green.png\",\"width\":1768,\"height\":1768,\"caption\":\"AAKnives\"},\"image\":{\"@id\":\"https:\\\/\\\/aaknives.eu\\\/lt\\\/#\\\/schema\\\/logo\\\/image\\\/\"},\"sameAs\":[\"https:\\\/\\\/www.facebook.com\\\/aaknives.eu\\\/\",\"https:\\\/\\\/www.instagram.com\\\/aaknives\\\/\",\"https:\\\/\\\/www.pinterest.com\\\/aa_knives\\\/\",\"https:\\\/\\\/www.youtube.com\\\/channel\\\/UCHOQFjrOkgT6s4FIw9LDKyw\\\/featured\"]}]}<\/script>\n<!-- \/ Yoast SEO plugin. -->","yoast_head_json":{"title":"Geriausias ki\u0161eninis peilis - kaltinio damasko plieno gele\u017et\u0117 - AAKnives","description":"Geriausias ki\u0161eninis peilis - kaltinio damasko plieno gele\u017et\u0117","robots":{"index":"index","follow":"follow","max-snippet":"max-snippet:-1","max-image-preview":"max-image-preview:large","max-video-preview":"max-video-preview:-1"},"canonical":"https:\/\/aaknives.eu\/lt\/product\/geriausias-kiseninis-peilis-kaltinio-damasko-plieno-gelezte-3\/","og_locale":"lt_LT","og_type":"article","og_title":"Geriausias ki\u0161eninis peilis - kaltinio damasko plieno gele\u017et\u0117 - AAKnives","og_description":"Geriausias ki\u0161eninis peilis - kaltinio damasko plieno gele\u017et\u0117","og_url":"https:\/\/aaknives.eu\/lt\/product\/geriausias-kiseninis-peilis-kaltinio-damasko-plieno-gelezte-3\/","og_site_name":"AAKnives","article_publisher":"https:\/\/www.facebook.com\/aaknives.eu\/","article_modified_time":"2024-08-28T15:10:38+00:00","og_image":[{"width":1020,"height":880,"url":"https:\/\/aaknives.eu\/wp-content\/uploads\/2021\/09\/aaknives-hand-forged-dabascus-steel-blade-knife-handmade-custom-made-knife-handcrafted-knives-autinetools-northmen-33.4-1.jpg","type":"image\/jpeg"}],"twitter_card":"summary_large_image","twitter_misc":{"Est. reading time":"1 minut\u0117"},"schema":{"@context":"https:\/\/schema.org","@graph":[{"@type":"WebPage","@id":"https:\/\/aaknives.eu\/lt\/product\/geriausias-kiseninis-peilis-kaltinio-damasko-plieno-gelezte-3\/","url":"https:\/\/aaknives.eu\/lt\/product\/geriausias-kiseninis-peilis-kaltinio-damasko-plieno-gelezte-3\/","name":"Geriausias ki\u0161eninis peilis - kaltinio damasko plieno gele\u017et\u0117 - AAKnives","isPartOf":{"@id":"https:\/\/aaknives.eu\/lt\/#website"},"primaryImageOfPage":{"@id":"https:\/\/aaknives.eu\/lt\/product\/geriausias-kiseninis-peilis-kaltinio-damasko-plieno-gelezte-3\/#primaryimage"},"image":{"@id":"https:\/\/aaknives.eu\/lt\/product\/geriausias-kiseninis-peilis-kaltinio-damasko-plieno-gelezte-3\/#primaryimage"},"thumbnailUrl":"https:\/\/aaknives.eu\/wp-content\/uploads\/2021\/09\/aaknives-hand-forged-damascus-steel-blade-knife-handmade-custom-made-knife-handcrafted-knives-autinetools-northmen-1-112-1.jpg","datePublished":"2021-09-20T20:48:08+00:00","dateModified":"2024-08-28T15:10:38+00:00","description":"Geriausias ki\u0161eninis peilis - kaltinio damasko plieno gele\u017et\u0117","breadcrumb":{"@id":"https:\/\/aaknives.eu\/lt\/product\/geriausias-kiseninis-peilis-kaltinio-damasko-plieno-gelezte-3\/#breadcrumb"},"inLanguage":"lt-LT","potentialAction":[{"@type":"ReadAction","target":["https:\/\/aaknives.eu\/lt\/product\/geriausias-kiseninis-peilis-kaltinio-damasko-plieno-gelezte-3\/"]}]},{"@type":"ImageObject","inLanguage":"lt-LT","@id":"https:\/\/aaknives.eu\/lt\/product\/geriausias-kiseninis-peilis-kaltinio-damasko-plieno-gelezte-3\/#primaryimage","url":"https:\/\/aaknives.eu\/wp-content\/uploads\/2021\/09\/aaknives-hand-forged-damascus-steel-blade-knife-handmade-custom-made-knife-handcrafted-knives-autinetools-northmen-1-112-1.jpg","contentUrl":"https:\/\/aaknives.eu\/wp-content\/uploads\/2021\/09\/aaknives-hand-forged-damascus-steel-blade-knife-handmade-custom-made-knife-handcrafted-knives-autinetools-northmen-1-112-1.jpg","width":1020,"height":880},{"@type":"BreadcrumbList","@id":"https:\/\/aaknives.eu\/lt\/product\/geriausias-kiseninis-peilis-kaltinio-damasko-plieno-gelezte-3\/#breadcrumb","itemListElement":[{"@type":"ListItem","position":1,"name":"Home","item":"https:\/\/aaknives.eu\/lt\/"},{"@type":"ListItem","position":2,"name":"Parduotuv\u0117","item":"https:\/\/aaknives.eu\/parduotuve\/"},{"@type":"ListItem","position":3,"name":"Geriausias ki\u0161eninis peilis &#8211; kaltinio damasko plieno gele\u017et\u0117"}]},{"@type":"WebSite","@id":"https:\/\/aaknives.eu\/lt\/#website","url":"https:\/\/aaknives.eu\/lt\/","name":"AAKnives","description":"Handmade knives","publisher":{"@id":"https:\/\/aaknives.eu\/lt\/#organization"},"potentialAction":[{"@type":"SearchAction","target":{"@type":"EntryPoint","urlTemplate":"https:\/\/aaknives.eu\/lt\/?s={search_term_string}"},"query-input":{"@type":"PropertyValueSpecification","valueRequired":true,"valueName":"search_term_string"}}],"inLanguage":"lt-LT"},{"@type":"Organization","@id":"https:\/\/aaknives.eu\/lt\/#organization","name":"AAKnives","url":"https:\/\/aaknives.eu\/lt\/","logo":{"@type":"ImageObject","inLanguage":"lt-LT","@id":"https:\/\/aaknives.eu\/lt\/#\/schema\/logo\/image\/","url":"https:\/\/aaknives.eu\/wp-content\/uploads\/2021\/10\/AAknives_Logo_Green.png","contentUrl":"https:\/\/aaknives.eu\/wp-content\/uploads\/2021\/10\/AAknives_Logo_Green.png","width":1768,"height":1768,"caption":"AAKnives"},"image":{"@id":"https:\/\/aaknives.eu\/lt\/#\/schema\/logo\/image\/"},"sameAs":["https:\/\/www.facebook.com\/aaknives.eu\/","https:\/\/www.instagram.com\/aaknives\/","https:\/\/www.pinterest.com\/aa_knives\/","https:\/\/www.youtube.com\/channel\/UCHOQFjrOkgT6s4FIw9LDKyw\/featured"]}]}},"_links":{"self":[{"href":"https:\/\/aaknives.eu\/lt\/wp-json\/wp\/v2\/product\/49089","targetHints":{"allow":["GET"]}}],"collection":[{"href":"https:\/\/aaknives.eu\/lt\/wp-json\/wp\/v2\/product"}],"about":[{"href":"https:\/\/aaknives.eu\/lt\/wp-json\/wp\/v2\/types\/product"}],"wp:featuredmedia":[{"embeddable":true,"href":"https:\/\/aaknives.eu\/lt\/wp-json\/wp\/v2\/media\/103975"}],"wp:attachment":[{"href":"https:\/\/aaknives.eu\/lt\/wp-json\/wp\/v2\/media?parent=49089"}],"wp:term":[{"taxonomy":"product_brand","embeddable":true,"href":"https:\/\/aaknives.eu\/lt\/wp-json\/wp\/v2\/product_brand?post=49089"},{"taxonomy":"product_cat","embeddable":true,"href":"https:\/\/aaknives.eu\/lt\/wp-json\/wp\/v2\/product_cat?post=49089"},{"taxonomy":"product_tag","embeddable":true,"href":"https:\/\/aaknives.eu\/lt\/wp-json\/wp\/v2\/product_tag?post=49089"}],"curies":[{"name":"wp","href":"https:\/\/api.w.org\/{rel}","templated":true}]}}