{"id":49303,"date":"2021-09-20T20:46:49","date_gmt":"2021-09-20T20:46:49","guid":{"rendered":"https:\/\/aaknives.eu\/product\/mini-yakut-peilis-jakutu-tautinis-peilis\/"},"modified":"2024-08-16T04:42:33","modified_gmt":"2024-08-16T04:42:33","slug":"mini-yakut-peilis-jakutu-tautinis-peilis","status":"publish","type":"product","link":"https:\/\/aaknives.eu\/lt\/product\/mini-yakut-peilis-jakutu-tautinis-peilis\/","title":{"rendered":"&#8221;MINI-YAKUT&#8221; peilis &#8211; Jakut\u0173 tautinis peilis"},"content":{"rendered":"<p>Peilio specifikacijos: MINI-YAKUT<br \/>\nPlienas: rankomis kaltas gele\u017et\u0117s plienas D2<br \/>\nKietumas: 60-61 HRC<br \/>\nGele\u017et\u0117s ilgis (mm): Vidutinis skersmuo (mm): 103 \/ 4,05 colio<br \/>\nGele\u017et\u0117s storis (mm): (mm): 3 \/ 0,11 colio<br \/>\nA\u0161men\u0173 plotis (mm): Atsparumas (mm): 22 \/ 0,86 colio<br \/>\nRankena: Rankena: afrikieti\u0161ka venge mediena, ber\u017eo \u017eiev\u0117<br \/>\nBendras ilgis (mm): Vidutinis ilgis (mm): 222 \/ 8,74 colio<br \/>\nPeili\u0173 tipas: med\u017eiokliniai, lauko peiliai<br \/>\nPakuot\u0117: peilis, odinis d\u0117klas<\/p>\n<p>D2 plienas yra vienas geriausi\u0173 ir \u017einomiausi\u0173 pasaulyje peili\u0173 plien\u0173.<\/p>\n<p>Gerai \u017einomos JAV ir Japonijos \u012fmon\u0117s gamina peilius i\u0161 D2 plieno.<\/p>\n<p>I\u0161 \u0161io plieno pagaminti peiliai puikiai i\u0161laiko pjaunan\u010di\u0105j\u0105 briaun\u0105 ir pasi\u017eymi dideliu atsparumu korozijai.<\/p>\n<p>Po terminio apdorojimo D2 plieno gele\u017et\u0117s kietumas yra 60-62 HRC.<\/p>\n<p>D2 peili\u0173 gele\u017et\u0117s prakti\u0161kai ner\u016bdija, ta\u010diau kadangi plieno yra \u0161iek tiek ma\u017eiau nei ner\u016bdijan\u010dio plieno (i\u0161 13 % chromo), rekomenduojama gele\u017etes nuvalyti ir nepalikti j\u0173 ilgai dr\u0117gnoje vietoje.<\/p>\n","protected":false},"excerpt":{"rendered":"<p>Peilio specifikacijos: MINI-YAKUT Plienas: rankomis kaltas gele\u017et\u0117s plienas D2 Kietumas: 60-61 HRC Gele\u017et\u0117s ilgis (mm): Vidutinis skersmuo (mm): 103 \/ 4,05 colio Gele\u017et\u0117s storis (mm): (mm): 3 \/ 0,11 colio A\u0161men\u0173 plotis (mm): Atsparumas (mm): 22 \/ 0,86 colio Rankena: Rankena: afrikieti\u0161ka venge mediena, ber\u017eo \u017eiev\u0117 Bendras ilgis (mm): Vidutinis ilgis (mm): 222 \/ 8,74 colio Peili\u0173 tipas: med\u017eiokliniai, lauko peiliai Pakuot\u0117: peilis, odinis d\u0117klas D2 plienas yra vienas geriausi\u0173 ir \u017einomiausi\u0173 pasaulyje peili\u0173 plien\u0173. Gerai \u017einomos JAV ir Japonijos \u012fmon\u0117s gamina peilius i\u0161 D2 plieno. I\u0161 \u0161io plieno pagaminti peiliai puikiai i\u0161laiko pjaunan\u010di\u0105j\u0105 briaun\u0105 ir pasi\u017eymi dideliu atsparumu korozijai.&hellip;<\/p>\n","protected":false},"featured_media":49304,"template":"","meta":{"_themeisle_gutenberg_block_has_review":false},"product_brand":[],"product_cat":[381,386],"product_tag":[],"class_list":{"0":"post-49303","1":"product","2":"type-product","3":"status-publish","4":"has-post-thumbnail","6":"product_cat-lauko-peiliai","7":"product_cat-medziokliniai-peiliai","9":"first","10":"instock","11":"shipping-taxable","12":"purchasable","13":"product-type-simple"},"yoast_head":"<!-- This site is optimized with the Yoast SEO plugin v27.3 - https:\/\/yoast.com\/product\/yoast-seo-wordpress\/ -->\n<title>&#039;&#039;MINI-YAKUT&#039;&#039; peilis - Jakut\u0173 tautinis peilis - AAKnives<\/title>\n<meta name=\"description\" content=\"&#039;&#039;MINI-YAKUT&#039;&#039; peilis - Jakut\u0173 tautinis peilis, med\u017eioklinis peilis, i\u0161gyvenimo peilis, lauko peilis\" \/>\n<meta name=\"robots\" content=\"index, follow, max-snippet:-1, max-image-preview:large, max-video-preview:-1\" \/>\n<link rel=\"canonical\" href=\"https:\/\/aaknives.eu\/lt\/product\/mini-yakut-peilis-jakutu-tautinis-peilis\/\" \/>\n<meta property=\"og:locale\" content=\"lt_LT\" \/>\n<meta property=\"og:type\" content=\"article\" \/>\n<meta property=\"og:title\" content=\"&#039;&#039;MINI-YAKUT&#039;&#039; peilis - Jakut\u0173 tautinis peilis - AAKnives\" \/>\n<meta property=\"og:description\" content=\"&#039;&#039;MINI-YAKUT&#039;&#039; peilis - Jakut\u0173 tautinis peilis, med\u017eioklinis peilis, i\u0161gyvenimo peilis, lauko peilis\" \/>\n<meta property=\"og:url\" content=\"https:\/\/aaknives.eu\/lt\/product\/mini-yakut-peilis-jakutu-tautinis-peilis\/\" \/>\n<meta property=\"og:site_name\" content=\"AAKnives\" \/>\n<meta property=\"article:publisher\" content=\"https:\/\/www.facebook.com\/aaknives.eu\/\" \/>\n<meta property=\"article:modified_time\" content=\"2024-08-16T04:42:33+00:00\" \/>\n<meta property=\"og:image\" content=\"https:\/\/aaknives.eu\/wp-content\/uploads\/2021\/09\/aaknives-hand-forged-dabascus-steel-blade-knife-handmade-custom-made-knife-handcrafted-knives-autinetools-northmen-6-3-32.jpg\" \/>\n\t<meta property=\"og:image:width\" content=\"1020\" \/>\n\t<meta property=\"og:image:height\" content=\"880\" \/>\n\t<meta property=\"og:image:type\" content=\"image\/jpeg\" \/>\n<meta name=\"twitter:card\" content=\"summary_large_image\" \/>\n<meta name=\"twitter:label1\" content=\"Est. reading time\" \/>\n\t<meta name=\"twitter:data1\" content=\"1 minut\u0117\" \/>\n<script type=\"application\/ld+json\" class=\"yoast-schema-graph\">{\"@context\":\"https:\\\/\\\/schema.org\",\"@graph\":[{\"@type\":\"WebPage\",\"@id\":\"https:\\\/\\\/aaknives.eu\\\/lt\\\/product\\\/mini-yakut-peilis-jakutu-tautinis-peilis\\\/\",\"url\":\"https:\\\/\\\/aaknives.eu\\\/lt\\\/product\\\/mini-yakut-peilis-jakutu-tautinis-peilis\\\/\",\"name\":\"''MINI-YAKUT'' peilis - Jakut\u0173 tautinis peilis - AAKnives\",\"isPartOf\":{\"@id\":\"https:\\\/\\\/aaknives.eu\\\/lt\\\/#website\"},\"primaryImageOfPage\":{\"@id\":\"https:\\\/\\\/aaknives.eu\\\/lt\\\/product\\\/mini-yakut-peilis-jakutu-tautinis-peilis\\\/#primaryimage\"},\"image\":{\"@id\":\"https:\\\/\\\/aaknives.eu\\\/lt\\\/product\\\/mini-yakut-peilis-jakutu-tautinis-peilis\\\/#primaryimage\"},\"thumbnailUrl\":\"https:\\\/\\\/aaknives.eu\\\/wp-content\\\/uploads\\\/2021\\\/09\\\/aaknives-hand-forged-dabascus-steel-blade-knife-handmade-custom-made-knife-handcrafted-knives-autinetools-northmen-6-3-32.jpg\",\"datePublished\":\"2021-09-20T20:46:49+00:00\",\"dateModified\":\"2024-08-16T04:42:33+00:00\",\"description\":\"''MINI-YAKUT'' peilis - Jakut\u0173 tautinis peilis, med\u017eioklinis peilis, i\u0161gyvenimo peilis, lauko peilis\",\"breadcrumb\":{\"@id\":\"https:\\\/\\\/aaknives.eu\\\/lt\\\/product\\\/mini-yakut-peilis-jakutu-tautinis-peilis\\\/#breadcrumb\"},\"inLanguage\":\"lt-LT\",\"potentialAction\":[{\"@type\":\"ReadAction\",\"target\":[\"https:\\\/\\\/aaknives.eu\\\/lt\\\/product\\\/mini-yakut-peilis-jakutu-tautinis-peilis\\\/\"]}]},{\"@type\":\"ImageObject\",\"inLanguage\":\"lt-LT\",\"@id\":\"https:\\\/\\\/aaknives.eu\\\/lt\\\/product\\\/mini-yakut-peilis-jakutu-tautinis-peilis\\\/#primaryimage\",\"url\":\"https:\\\/\\\/aaknives.eu\\\/wp-content\\\/uploads\\\/2021\\\/09\\\/aaknives-hand-forged-dabascus-steel-blade-knife-handmade-custom-made-knife-handcrafted-knives-autinetools-northmen-6-3-32.jpg\",\"contentUrl\":\"https:\\\/\\\/aaknives.eu\\\/wp-content\\\/uploads\\\/2021\\\/09\\\/aaknives-hand-forged-dabascus-steel-blade-knife-handmade-custom-made-knife-handcrafted-knives-autinetools-northmen-6-3-32.jpg\",\"width\":1020,\"height\":880,\"caption\":\"aaknives hand forged dabascus steel blade knife handmade custom made knife handcrafted knives autinetools northmen 6 3 32\"},{\"@type\":\"BreadcrumbList\",\"@id\":\"https:\\\/\\\/aaknives.eu\\\/lt\\\/product\\\/mini-yakut-peilis-jakutu-tautinis-peilis\\\/#breadcrumb\",\"itemListElement\":[{\"@type\":\"ListItem\",\"position\":1,\"name\":\"Home\",\"item\":\"https:\\\/\\\/aaknives.eu\\\/lt\\\/\"},{\"@type\":\"ListItem\",\"position\":2,\"name\":\"Parduotuv\u0117\",\"item\":\"https:\\\/\\\/aaknives.eu\\\/parduotuve\\\/\"},{\"@type\":\"ListItem\",\"position\":3,\"name\":\"&#8221;MINI-YAKUT&#8221; peilis &#8211; Jakut\u0173 tautinis peilis\"}]},{\"@type\":\"WebSite\",\"@id\":\"https:\\\/\\\/aaknives.eu\\\/lt\\\/#website\",\"url\":\"https:\\\/\\\/aaknives.eu\\\/lt\\\/\",\"name\":\"AAKnives\",\"description\":\"Handmade knives\",\"publisher\":{\"@id\":\"https:\\\/\\\/aaknives.eu\\\/lt\\\/#organization\"},\"potentialAction\":[{\"@type\":\"SearchAction\",\"target\":{\"@type\":\"EntryPoint\",\"urlTemplate\":\"https:\\\/\\\/aaknives.eu\\\/lt\\\/?s={search_term_string}\"},\"query-input\":{\"@type\":\"PropertyValueSpecification\",\"valueRequired\":true,\"valueName\":\"search_term_string\"}}],\"inLanguage\":\"lt-LT\"},{\"@type\":\"Organization\",\"@id\":\"https:\\\/\\\/aaknives.eu\\\/lt\\\/#organization\",\"name\":\"AAKnives\",\"url\":\"https:\\\/\\\/aaknives.eu\\\/lt\\\/\",\"logo\":{\"@type\":\"ImageObject\",\"inLanguage\":\"lt-LT\",\"@id\":\"https:\\\/\\\/aaknives.eu\\\/lt\\\/#\\\/schema\\\/logo\\\/image\\\/\",\"url\":\"https:\\\/\\\/aaknives.eu\\\/wp-content\\\/uploads\\\/2021\\\/10\\\/AAknives_Logo_Green.png\",\"contentUrl\":\"https:\\\/\\\/aaknives.eu\\\/wp-content\\\/uploads\\\/2021\\\/10\\\/AAknives_Logo_Green.png\",\"width\":1768,\"height\":1768,\"caption\":\"AAKnives\"},\"image\":{\"@id\":\"https:\\\/\\\/aaknives.eu\\\/lt\\\/#\\\/schema\\\/logo\\\/image\\\/\"},\"sameAs\":[\"https:\\\/\\\/www.facebook.com\\\/aaknives.eu\\\/\",\"https:\\\/\\\/www.instagram.com\\\/aaknives\\\/\",\"https:\\\/\\\/www.pinterest.com\\\/aa_knives\\\/\",\"https:\\\/\\\/www.youtube.com\\\/channel\\\/UCHOQFjrOkgT6s4FIw9LDKyw\\\/featured\"]}]}<\/script>\n<!-- \/ Yoast SEO plugin. -->","yoast_head_json":{"title":"''MINI-YAKUT'' peilis - Jakut\u0173 tautinis peilis - AAKnives","description":"''MINI-YAKUT'' peilis - Jakut\u0173 tautinis peilis, med\u017eioklinis peilis, i\u0161gyvenimo peilis, lauko peilis","robots":{"index":"index","follow":"follow","max-snippet":"max-snippet:-1","max-image-preview":"max-image-preview:large","max-video-preview":"max-video-preview:-1"},"canonical":"https:\/\/aaknives.eu\/lt\/product\/mini-yakut-peilis-jakutu-tautinis-peilis\/","og_locale":"lt_LT","og_type":"article","og_title":"''MINI-YAKUT'' peilis - Jakut\u0173 tautinis peilis - AAKnives","og_description":"''MINI-YAKUT'' peilis - Jakut\u0173 tautinis peilis, med\u017eioklinis peilis, i\u0161gyvenimo peilis, lauko peilis","og_url":"https:\/\/aaknives.eu\/lt\/product\/mini-yakut-peilis-jakutu-tautinis-peilis\/","og_site_name":"AAKnives","article_publisher":"https:\/\/www.facebook.com\/aaknives.eu\/","article_modified_time":"2024-08-16T04:42:33+00:00","og_image":[{"width":1020,"height":880,"url":"https:\/\/aaknives.eu\/wp-content\/uploads\/2021\/09\/aaknives-hand-forged-dabascus-steel-blade-knife-handmade-custom-made-knife-handcrafted-knives-autinetools-northmen-6-3-32.jpg","type":"image\/jpeg"}],"twitter_card":"summary_large_image","twitter_misc":{"Est. reading time":"1 minut\u0117"},"schema":{"@context":"https:\/\/schema.org","@graph":[{"@type":"WebPage","@id":"https:\/\/aaknives.eu\/lt\/product\/mini-yakut-peilis-jakutu-tautinis-peilis\/","url":"https:\/\/aaknives.eu\/lt\/product\/mini-yakut-peilis-jakutu-tautinis-peilis\/","name":"''MINI-YAKUT'' peilis - Jakut\u0173 tautinis peilis - AAKnives","isPartOf":{"@id":"https:\/\/aaknives.eu\/lt\/#website"},"primaryImageOfPage":{"@id":"https:\/\/aaknives.eu\/lt\/product\/mini-yakut-peilis-jakutu-tautinis-peilis\/#primaryimage"},"image":{"@id":"https:\/\/aaknives.eu\/lt\/product\/mini-yakut-peilis-jakutu-tautinis-peilis\/#primaryimage"},"thumbnailUrl":"https:\/\/aaknives.eu\/wp-content\/uploads\/2021\/09\/aaknives-hand-forged-dabascus-steel-blade-knife-handmade-custom-made-knife-handcrafted-knives-autinetools-northmen-6-3-32.jpg","datePublished":"2021-09-20T20:46:49+00:00","dateModified":"2024-08-16T04:42:33+00:00","description":"''MINI-YAKUT'' peilis - Jakut\u0173 tautinis peilis, med\u017eioklinis peilis, i\u0161gyvenimo peilis, lauko peilis","breadcrumb":{"@id":"https:\/\/aaknives.eu\/lt\/product\/mini-yakut-peilis-jakutu-tautinis-peilis\/#breadcrumb"},"inLanguage":"lt-LT","potentialAction":[{"@type":"ReadAction","target":["https:\/\/aaknives.eu\/lt\/product\/mini-yakut-peilis-jakutu-tautinis-peilis\/"]}]},{"@type":"ImageObject","inLanguage":"lt-LT","@id":"https:\/\/aaknives.eu\/lt\/product\/mini-yakut-peilis-jakutu-tautinis-peilis\/#primaryimage","url":"https:\/\/aaknives.eu\/wp-content\/uploads\/2021\/09\/aaknives-hand-forged-dabascus-steel-blade-knife-handmade-custom-made-knife-handcrafted-knives-autinetools-northmen-6-3-32.jpg","contentUrl":"https:\/\/aaknives.eu\/wp-content\/uploads\/2021\/09\/aaknives-hand-forged-dabascus-steel-blade-knife-handmade-custom-made-knife-handcrafted-knives-autinetools-northmen-6-3-32.jpg","width":1020,"height":880,"caption":"aaknives hand forged dabascus steel blade knife handmade custom made knife handcrafted knives autinetools northmen 6 3 32"},{"@type":"BreadcrumbList","@id":"https:\/\/aaknives.eu\/lt\/product\/mini-yakut-peilis-jakutu-tautinis-peilis\/#breadcrumb","itemListElement":[{"@type":"ListItem","position":1,"name":"Home","item":"https:\/\/aaknives.eu\/lt\/"},{"@type":"ListItem","position":2,"name":"Parduotuv\u0117","item":"https:\/\/aaknives.eu\/parduotuve\/"},{"@type":"ListItem","position":3,"name":"&#8221;MINI-YAKUT&#8221; peilis &#8211; Jakut\u0173 tautinis peilis"}]},{"@type":"WebSite","@id":"https:\/\/aaknives.eu\/lt\/#website","url":"https:\/\/aaknives.eu\/lt\/","name":"AAKnives","description":"Handmade knives","publisher":{"@id":"https:\/\/aaknives.eu\/lt\/#organization"},"potentialAction":[{"@type":"SearchAction","target":{"@type":"EntryPoint","urlTemplate":"https:\/\/aaknives.eu\/lt\/?s={search_term_string}"},"query-input":{"@type":"PropertyValueSpecification","valueRequired":true,"valueName":"search_term_string"}}],"inLanguage":"lt-LT"},{"@type":"Organization","@id":"https:\/\/aaknives.eu\/lt\/#organization","name":"AAKnives","url":"https:\/\/aaknives.eu\/lt\/","logo":{"@type":"ImageObject","inLanguage":"lt-LT","@id":"https:\/\/aaknives.eu\/lt\/#\/schema\/logo\/image\/","url":"https:\/\/aaknives.eu\/wp-content\/uploads\/2021\/10\/AAknives_Logo_Green.png","contentUrl":"https:\/\/aaknives.eu\/wp-content\/uploads\/2021\/10\/AAknives_Logo_Green.png","width":1768,"height":1768,"caption":"AAKnives"},"image":{"@id":"https:\/\/aaknives.eu\/lt\/#\/schema\/logo\/image\/"},"sameAs":["https:\/\/www.facebook.com\/aaknives.eu\/","https:\/\/www.instagram.com\/aaknives\/","https:\/\/www.pinterest.com\/aa_knives\/","https:\/\/www.youtube.com\/channel\/UCHOQFjrOkgT6s4FIw9LDKyw\/featured"]}]}},"_links":{"self":[{"href":"https:\/\/aaknives.eu\/lt\/wp-json\/wp\/v2\/product\/49303","targetHints":{"allow":["GET"]}}],"collection":[{"href":"https:\/\/aaknives.eu\/lt\/wp-json\/wp\/v2\/product"}],"about":[{"href":"https:\/\/aaknives.eu\/lt\/wp-json\/wp\/v2\/types\/product"}],"wp:featuredmedia":[{"embeddable":true,"href":"https:\/\/aaknives.eu\/lt\/wp-json\/wp\/v2\/media\/49304"}],"wp:attachment":[{"href":"https:\/\/aaknives.eu\/lt\/wp-json\/wp\/v2\/media?parent=49303"}],"wp:term":[{"taxonomy":"product_brand","embeddable":true,"href":"https:\/\/aaknives.eu\/lt\/wp-json\/wp\/v2\/product_brand?post=49303"},{"taxonomy":"product_cat","embeddable":true,"href":"https:\/\/aaknives.eu\/lt\/wp-json\/wp\/v2\/product_cat?post=49303"},{"taxonomy":"product_tag","embeddable":true,"href":"https:\/\/aaknives.eu\/lt\/wp-json\/wp\/v2\/product_tag?post=49303"}],"curies":[{"name":"wp","href":"https:\/\/api.w.org\/{rel}","templated":true}]}}