{"id":49314,"date":"2021-09-20T20:46:50","date_gmt":"2021-09-20T20:46:50","guid":{"rendered":"https:\/\/aaknives.eu\/product\/suomiskas-peilis-puukko-kaltinis-peilis-damasko-plieno-asmenimis\/"},"modified":"2026-02-04T12:37:49","modified_gmt":"2026-02-04T12:37:49","slug":"suomiskas-peilis-puukko-kaltinis-peilis-damasko-plieno-asmenimis","status":"publish","type":"product","link":"https:\/\/aaknives.eu\/lt\/product\/suomiskas-peilis-puukko-kaltinis-peilis-damasko-plieno-asmenimis\/","title":{"rendered":"Suomi\u0161kas peilis &#8211; Puukko &#8211; kaltinis peilis Damasko plieno a\u0161menimis"},"content":{"rendered":"<p>Peilio specifikacijos:<br \/>\nPlienas: rankomis kaltas Damasko plieno peilis, 650 sluoksni\u0173<br \/>\nKietumas: 60-62 HRC<br \/>\nGele\u017et\u0117s ilgis (mm): 101 \/ 3,97 colio<br \/>\nGele\u017et\u0117s storis (mm): (mm): 1,5 \/ 0,59 colio<br \/>\nA\u0161men\u0173 plotis (mm): (mm): 25 \/ 0,98 colio<br \/>\nRankena: Stabilizuotas Karelijos ber\u017eas<br \/>\nBendras ilgis (mm): Vidutinis ilgis (mm): 220 \/ 8,66 colio<\/p>\n<p>Damasko plieno gele\u017et\u0117 sukurta i\u0161 skirtingo kietumo ir klampumo plien\u0173, kurie tam tikra tvarka sudedami \u012f plok\u0161tel\u0119. Po to plok\u0161t\u0117 pakartotinai perlydoma, tod\u0117l susidaro sluoksniai ir unikalus ra\u0161tas.<\/p>\n<p>Sud\u0117tingas technologinis procesas atliekamas rankiniu b\u016bdu. Tokiu b\u016bdu gautas plienas pasi\u017eymi didesniu stiprumu, dideliu kietumu, puikiomis pjovimo savyb\u0117mis ir gro\u017eiu.<br \/>\nDamasko gele\u017et\u0117 turi daugiau kaip 800-1000 sluoksni\u0173.<br \/>\nPaketas Damasko plieno a\u0161menys ShH15 + HVG + U10 A, termin\u0117 i\u0161rai\u0161ka 860 \u00b0 C<\/p>\n<p>Damasko a\u0161men\u0173 peili\u0173 privalumai:<br \/>\nDidesnis stiprumas<br \/>\nDidelis kietumas<br \/>\nPuikios pjovimo savyb\u0117s<br \/>\nGra\u017eus dizainas<br \/>\nIlgalaikis a\u0161trumas<\/p>\n<p>Gele\u017et\u0117s kietumas 60-62 HRC.<br \/>\nNestandartinis peilis, rank\u0173 darbo peilis, rank\u0173 darbo peilis, rank\u0173 darbo peilis, rank\u0173 darbo peilis<\/p>\n","protected":false},"excerpt":{"rendered":"<p>Peilio specifikacijos: Plienas: rankomis kaltas Damasko plieno peilis, 650 sluoksni\u0173 Kietumas: 60-62 HRC Gele\u017et\u0117s ilgis (mm): 101 \/ 3,97 colio Gele\u017et\u0117s storis (mm): (mm): 1,5 \/ 0,59 colio A\u0161men\u0173 plotis (mm): (mm): 25 \/ 0,98 colio Rankena: Stabilizuotas Karelijos ber\u017eas Bendras ilgis (mm): Vidutinis ilgis (mm): 220 \/ 8,66 colio Damasko plieno gele\u017et\u0117 sukurta i\u0161 skirtingo kietumo ir klampumo plien\u0173, kurie tam tikra tvarka sudedami \u012f plok\u0161tel\u0119. Po to plok\u0161t\u0117 pakartotinai perlydoma, tod\u0117l susidaro sluoksniai ir unikalus ra\u0161tas. Sud\u0117tingas technologinis procesas atliekamas rankiniu b\u016bdu. Tokiu b\u016bdu gautas plienas pasi\u017eymi didesniu stiprumu, dideliu kietumu, puikiomis pjovimo savyb\u0117mis ir gro\u017eiu. Damasko gele\u017et\u0117&hellip;<\/p>\n","protected":false},"featured_media":49315,"template":"","meta":{"_themeisle_gutenberg_block_has_review":false},"product_brand":[],"product_cat":[381,386,385],"product_tag":[],"class_list":{"0":"post-49314","1":"product","2":"type-product","3":"status-publish","4":"has-post-thumbnail","6":"product_cat-lauko-peiliai","7":"product_cat-medziokliniai-peiliai","8":"product_cat-zvejybos-peiliai","10":"first","11":"instock","12":"shipping-taxable","13":"purchasable","14":"product-type-simple"},"yoast_head":"<!-- This site is optimized with the Yoast SEO plugin v27.3 - https:\/\/yoast.com\/product\/yoast-seo-wordpress\/ -->\n<title>Suomi\u0161kas peilis - Puukko - kaltinis peilis Damasko plieno a\u0161menimis - AAKnives<\/title>\n<meta name=\"robots\" content=\"index, follow, max-snippet:-1, max-image-preview:large, max-video-preview:-1\" \/>\n<link rel=\"canonical\" href=\"https:\/\/aaknives.eu\/lt\/product\/suomiskas-peilis-puukko-kaltinis-peilis-damasko-plieno-asmenimis\/\" \/>\n<meta property=\"og:locale\" content=\"lt_LT\" \/>\n<meta property=\"og:type\" content=\"article\" \/>\n<meta property=\"og:title\" content=\"Suomi\u0161kas peilis - Puukko - kaltinis peilis Damasko plieno a\u0161menimis - AAKnives\" \/>\n<meta property=\"og:description\" content=\"Peilio specifikacijos: Plienas: rankomis kaltas Damasko plieno peilis, 650 sluoksni\u0173 Kietumas: 60-62 HRC Gele\u017et\u0117s ilgis (mm): 101 \/ 3,97 colio Gele\u017et\u0117s storis (mm): (mm): 1,5 \/ 0,59 colio A\u0161men\u0173 plotis (mm): (mm): 25 \/ 0,98 colio Rankena: Stabilizuotas Karelijos ber\u017eas Bendras ilgis (mm): Vidutinis ilgis (mm): 220 \/ 8,66 colio Damasko plieno gele\u017et\u0117 sukurta i\u0161 skirtingo kietumo ir klampumo plien\u0173, kurie tam tikra tvarka sudedami \u012f plok\u0161tel\u0119. Po to plok\u0161t\u0117 pakartotinai perlydoma, tod\u0117l susidaro sluoksniai ir unikalus ra\u0161tas. Sud\u0117tingas technologinis procesas atliekamas rankiniu b\u016bdu. Tokiu b\u016bdu gautas plienas pasi\u017eymi didesniu stiprumu, dideliu kietumu, puikiomis pjovimo savyb\u0117mis ir gro\u017eiu. Damasko gele\u017et\u0117&hellip;\" \/>\n<meta property=\"og:url\" content=\"https:\/\/aaknives.eu\/lt\/product\/suomiskas-peilis-puukko-kaltinis-peilis-damasko-plieno-asmenimis\/\" \/>\n<meta property=\"og:site_name\" content=\"AAKnives\" \/>\n<meta property=\"article:publisher\" content=\"https:\/\/www.facebook.com\/aaknives.eu\/\" \/>\n<meta property=\"article:modified_time\" content=\"2026-02-04T12:37:49+00:00\" \/>\n<meta property=\"og:image\" content=\"https:\/\/aaknives.eu\/wp-content\/uploads\/2021\/09\/aaknives-hand-forged-dabascus-steel-blade-knife-handmade-custom-made-knife-handcrafted-knives-autinetools-northmen-20-1-15.jpg\" \/>\n\t<meta property=\"og:image:width\" content=\"800\" \/>\n\t<meta property=\"og:image:height\" content=\"600\" \/>\n\t<meta property=\"og:image:type\" content=\"image\/jpeg\" \/>\n<meta name=\"twitter:card\" content=\"summary_large_image\" \/>\n<meta name=\"twitter:label1\" content=\"Est. reading time\" \/>\n\t<meta name=\"twitter:data1\" content=\"1 minut\u0117\" \/>\n<script type=\"application\/ld+json\" class=\"yoast-schema-graph\">{\"@context\":\"https:\\\/\\\/schema.org\",\"@graph\":[{\"@type\":\"WebPage\",\"@id\":\"https:\\\/\\\/aaknives.eu\\\/lt\\\/product\\\/suomiskas-peilis-puukko-kaltinis-peilis-damasko-plieno-asmenimis\\\/\",\"url\":\"https:\\\/\\\/aaknives.eu\\\/lt\\\/product\\\/suomiskas-peilis-puukko-kaltinis-peilis-damasko-plieno-asmenimis\\\/\",\"name\":\"Suomi\u0161kas peilis - Puukko - kaltinis peilis Damasko plieno a\u0161menimis - AAKnives\",\"isPartOf\":{\"@id\":\"https:\\\/\\\/aaknives.eu\\\/lt\\\/#website\"},\"primaryImageOfPage\":{\"@id\":\"https:\\\/\\\/aaknives.eu\\\/lt\\\/product\\\/suomiskas-peilis-puukko-kaltinis-peilis-damasko-plieno-asmenimis\\\/#primaryimage\"},\"image\":{\"@id\":\"https:\\\/\\\/aaknives.eu\\\/lt\\\/product\\\/suomiskas-peilis-puukko-kaltinis-peilis-damasko-plieno-asmenimis\\\/#primaryimage\"},\"thumbnailUrl\":\"https:\\\/\\\/aaknives.eu\\\/wp-content\\\/uploads\\\/2021\\\/09\\\/aaknives-hand-forged-dabascus-steel-blade-knife-handmade-custom-made-knife-handcrafted-knives-autinetools-northmen-20-1-15.jpg\",\"datePublished\":\"2021-09-20T20:46:50+00:00\",\"dateModified\":\"2026-02-04T12:37:49+00:00\",\"breadcrumb\":{\"@id\":\"https:\\\/\\\/aaknives.eu\\\/lt\\\/product\\\/suomiskas-peilis-puukko-kaltinis-peilis-damasko-plieno-asmenimis\\\/#breadcrumb\"},\"inLanguage\":\"lt-LT\",\"potentialAction\":[{\"@type\":\"ReadAction\",\"target\":[\"https:\\\/\\\/aaknives.eu\\\/lt\\\/product\\\/suomiskas-peilis-puukko-kaltinis-peilis-damasko-plieno-asmenimis\\\/\"]}]},{\"@type\":\"ImageObject\",\"inLanguage\":\"lt-LT\",\"@id\":\"https:\\\/\\\/aaknives.eu\\\/lt\\\/product\\\/suomiskas-peilis-puukko-kaltinis-peilis-damasko-plieno-asmenimis\\\/#primaryimage\",\"url\":\"https:\\\/\\\/aaknives.eu\\\/wp-content\\\/uploads\\\/2021\\\/09\\\/aaknives-hand-forged-dabascus-steel-blade-knife-handmade-custom-made-knife-handcrafted-knives-autinetools-northmen-20-1-15.jpg\",\"contentUrl\":\"https:\\\/\\\/aaknives.eu\\\/wp-content\\\/uploads\\\/2021\\\/09\\\/aaknives-hand-forged-dabascus-steel-blade-knife-handmade-custom-made-knife-handcrafted-knives-autinetools-northmen-20-1-15.jpg\",\"width\":800,\"height\":600,\"caption\":\"aaknives-hand-forged-dabascus-steel-blade-knife-handmade-custom-made-knife-handcrafted-knives-autinetools-northmen-20-1-15\"},{\"@type\":\"BreadcrumbList\",\"@id\":\"https:\\\/\\\/aaknives.eu\\\/lt\\\/product\\\/suomiskas-peilis-puukko-kaltinis-peilis-damasko-plieno-asmenimis\\\/#breadcrumb\",\"itemListElement\":[{\"@type\":\"ListItem\",\"position\":1,\"name\":\"Home\",\"item\":\"https:\\\/\\\/aaknives.eu\\\/lt\\\/\"},{\"@type\":\"ListItem\",\"position\":2,\"name\":\"Parduotuv\u0117\",\"item\":\"https:\\\/\\\/aaknives.eu\\\/parduotuve\\\/\"},{\"@type\":\"ListItem\",\"position\":3,\"name\":\"Suomi\u0161kas peilis &#8211; Puukko &#8211; kaltinis peilis Damasko plieno a\u0161menimis\"}]},{\"@type\":\"WebSite\",\"@id\":\"https:\\\/\\\/aaknives.eu\\\/lt\\\/#website\",\"url\":\"https:\\\/\\\/aaknives.eu\\\/lt\\\/\",\"name\":\"AAKnives\",\"description\":\"Handmade knives\",\"publisher\":{\"@id\":\"https:\\\/\\\/aaknives.eu\\\/lt\\\/#organization\"},\"potentialAction\":[{\"@type\":\"SearchAction\",\"target\":{\"@type\":\"EntryPoint\",\"urlTemplate\":\"https:\\\/\\\/aaknives.eu\\\/lt\\\/?s={search_term_string}\"},\"query-input\":{\"@type\":\"PropertyValueSpecification\",\"valueRequired\":true,\"valueName\":\"search_term_string\"}}],\"inLanguage\":\"lt-LT\"},{\"@type\":\"Organization\",\"@id\":\"https:\\\/\\\/aaknives.eu\\\/lt\\\/#organization\",\"name\":\"AAKnives\",\"url\":\"https:\\\/\\\/aaknives.eu\\\/lt\\\/\",\"logo\":{\"@type\":\"ImageObject\",\"inLanguage\":\"lt-LT\",\"@id\":\"https:\\\/\\\/aaknives.eu\\\/lt\\\/#\\\/schema\\\/logo\\\/image\\\/\",\"url\":\"https:\\\/\\\/aaknives.eu\\\/wp-content\\\/uploads\\\/2021\\\/10\\\/AAknives_Logo_Green.png\",\"contentUrl\":\"https:\\\/\\\/aaknives.eu\\\/wp-content\\\/uploads\\\/2021\\\/10\\\/AAknives_Logo_Green.png\",\"width\":1768,\"height\":1768,\"caption\":\"AAKnives\"},\"image\":{\"@id\":\"https:\\\/\\\/aaknives.eu\\\/lt\\\/#\\\/schema\\\/logo\\\/image\\\/\"},\"sameAs\":[\"https:\\\/\\\/www.facebook.com\\\/aaknives.eu\\\/\",\"https:\\\/\\\/www.instagram.com\\\/aaknives\\\/\",\"https:\\\/\\\/www.pinterest.com\\\/aa_knives\\\/\",\"https:\\\/\\\/www.youtube.com\\\/channel\\\/UCHOQFjrOkgT6s4FIw9LDKyw\\\/featured\"]}]}<\/script>\n<!-- \/ Yoast SEO plugin. -->","yoast_head_json":{"title":"Suomi\u0161kas peilis - Puukko - kaltinis peilis Damasko plieno a\u0161menimis - AAKnives","robots":{"index":"index","follow":"follow","max-snippet":"max-snippet:-1","max-image-preview":"max-image-preview:large","max-video-preview":"max-video-preview:-1"},"canonical":"https:\/\/aaknives.eu\/lt\/product\/suomiskas-peilis-puukko-kaltinis-peilis-damasko-plieno-asmenimis\/","og_locale":"lt_LT","og_type":"article","og_title":"Suomi\u0161kas peilis - Puukko - kaltinis peilis Damasko plieno a\u0161menimis - AAKnives","og_description":"Peilio specifikacijos: Plienas: rankomis kaltas Damasko plieno peilis, 650 sluoksni\u0173 Kietumas: 60-62 HRC Gele\u017et\u0117s ilgis (mm): 101 \/ 3,97 colio Gele\u017et\u0117s storis (mm): (mm): 1,5 \/ 0,59 colio A\u0161men\u0173 plotis (mm): (mm): 25 \/ 0,98 colio Rankena: Stabilizuotas Karelijos ber\u017eas Bendras ilgis (mm): Vidutinis ilgis (mm): 220 \/ 8,66 colio Damasko plieno gele\u017et\u0117 sukurta i\u0161 skirtingo kietumo ir klampumo plien\u0173, kurie tam tikra tvarka sudedami \u012f plok\u0161tel\u0119. Po to plok\u0161t\u0117 pakartotinai perlydoma, tod\u0117l susidaro sluoksniai ir unikalus ra\u0161tas. Sud\u0117tingas technologinis procesas atliekamas rankiniu b\u016bdu. Tokiu b\u016bdu gautas plienas pasi\u017eymi didesniu stiprumu, dideliu kietumu, puikiomis pjovimo savyb\u0117mis ir gro\u017eiu. Damasko gele\u017et\u0117&hellip;","og_url":"https:\/\/aaknives.eu\/lt\/product\/suomiskas-peilis-puukko-kaltinis-peilis-damasko-plieno-asmenimis\/","og_site_name":"AAKnives","article_publisher":"https:\/\/www.facebook.com\/aaknives.eu\/","article_modified_time":"2026-02-04T12:37:49+00:00","og_image":[{"width":800,"height":600,"url":"https:\/\/aaknives.eu\/wp-content\/uploads\/2021\/09\/aaknives-hand-forged-dabascus-steel-blade-knife-handmade-custom-made-knife-handcrafted-knives-autinetools-northmen-20-1-15.jpg","type":"image\/jpeg"}],"twitter_card":"summary_large_image","twitter_misc":{"Est. reading time":"1 minut\u0117"},"schema":{"@context":"https:\/\/schema.org","@graph":[{"@type":"WebPage","@id":"https:\/\/aaknives.eu\/lt\/product\/suomiskas-peilis-puukko-kaltinis-peilis-damasko-plieno-asmenimis\/","url":"https:\/\/aaknives.eu\/lt\/product\/suomiskas-peilis-puukko-kaltinis-peilis-damasko-plieno-asmenimis\/","name":"Suomi\u0161kas peilis - Puukko - kaltinis peilis Damasko plieno a\u0161menimis - AAKnives","isPartOf":{"@id":"https:\/\/aaknives.eu\/lt\/#website"},"primaryImageOfPage":{"@id":"https:\/\/aaknives.eu\/lt\/product\/suomiskas-peilis-puukko-kaltinis-peilis-damasko-plieno-asmenimis\/#primaryimage"},"image":{"@id":"https:\/\/aaknives.eu\/lt\/product\/suomiskas-peilis-puukko-kaltinis-peilis-damasko-plieno-asmenimis\/#primaryimage"},"thumbnailUrl":"https:\/\/aaknives.eu\/wp-content\/uploads\/2021\/09\/aaknives-hand-forged-dabascus-steel-blade-knife-handmade-custom-made-knife-handcrafted-knives-autinetools-northmen-20-1-15.jpg","datePublished":"2021-09-20T20:46:50+00:00","dateModified":"2026-02-04T12:37:49+00:00","breadcrumb":{"@id":"https:\/\/aaknives.eu\/lt\/product\/suomiskas-peilis-puukko-kaltinis-peilis-damasko-plieno-asmenimis\/#breadcrumb"},"inLanguage":"lt-LT","potentialAction":[{"@type":"ReadAction","target":["https:\/\/aaknives.eu\/lt\/product\/suomiskas-peilis-puukko-kaltinis-peilis-damasko-plieno-asmenimis\/"]}]},{"@type":"ImageObject","inLanguage":"lt-LT","@id":"https:\/\/aaknives.eu\/lt\/product\/suomiskas-peilis-puukko-kaltinis-peilis-damasko-plieno-asmenimis\/#primaryimage","url":"https:\/\/aaknives.eu\/wp-content\/uploads\/2021\/09\/aaknives-hand-forged-dabascus-steel-blade-knife-handmade-custom-made-knife-handcrafted-knives-autinetools-northmen-20-1-15.jpg","contentUrl":"https:\/\/aaknives.eu\/wp-content\/uploads\/2021\/09\/aaknives-hand-forged-dabascus-steel-blade-knife-handmade-custom-made-knife-handcrafted-knives-autinetools-northmen-20-1-15.jpg","width":800,"height":600,"caption":"aaknives-hand-forged-dabascus-steel-blade-knife-handmade-custom-made-knife-handcrafted-knives-autinetools-northmen-20-1-15"},{"@type":"BreadcrumbList","@id":"https:\/\/aaknives.eu\/lt\/product\/suomiskas-peilis-puukko-kaltinis-peilis-damasko-plieno-asmenimis\/#breadcrumb","itemListElement":[{"@type":"ListItem","position":1,"name":"Home","item":"https:\/\/aaknives.eu\/lt\/"},{"@type":"ListItem","position":2,"name":"Parduotuv\u0117","item":"https:\/\/aaknives.eu\/parduotuve\/"},{"@type":"ListItem","position":3,"name":"Suomi\u0161kas peilis &#8211; Puukko &#8211; kaltinis peilis Damasko plieno a\u0161menimis"}]},{"@type":"WebSite","@id":"https:\/\/aaknives.eu\/lt\/#website","url":"https:\/\/aaknives.eu\/lt\/","name":"AAKnives","description":"Handmade knives","publisher":{"@id":"https:\/\/aaknives.eu\/lt\/#organization"},"potentialAction":[{"@type":"SearchAction","target":{"@type":"EntryPoint","urlTemplate":"https:\/\/aaknives.eu\/lt\/?s={search_term_string}"},"query-input":{"@type":"PropertyValueSpecification","valueRequired":true,"valueName":"search_term_string"}}],"inLanguage":"lt-LT"},{"@type":"Organization","@id":"https:\/\/aaknives.eu\/lt\/#organization","name":"AAKnives","url":"https:\/\/aaknives.eu\/lt\/","logo":{"@type":"ImageObject","inLanguage":"lt-LT","@id":"https:\/\/aaknives.eu\/lt\/#\/schema\/logo\/image\/","url":"https:\/\/aaknives.eu\/wp-content\/uploads\/2021\/10\/AAknives_Logo_Green.png","contentUrl":"https:\/\/aaknives.eu\/wp-content\/uploads\/2021\/10\/AAknives_Logo_Green.png","width":1768,"height":1768,"caption":"AAKnives"},"image":{"@id":"https:\/\/aaknives.eu\/lt\/#\/schema\/logo\/image\/"},"sameAs":["https:\/\/www.facebook.com\/aaknives.eu\/","https:\/\/www.instagram.com\/aaknives\/","https:\/\/www.pinterest.com\/aa_knives\/","https:\/\/www.youtube.com\/channel\/UCHOQFjrOkgT6s4FIw9LDKyw\/featured"]}]}},"_links":{"self":[{"href":"https:\/\/aaknives.eu\/lt\/wp-json\/wp\/v2\/product\/49314","targetHints":{"allow":["GET"]}}],"collection":[{"href":"https:\/\/aaknives.eu\/lt\/wp-json\/wp\/v2\/product"}],"about":[{"href":"https:\/\/aaknives.eu\/lt\/wp-json\/wp\/v2\/types\/product"}],"wp:featuredmedia":[{"embeddable":true,"href":"https:\/\/aaknives.eu\/lt\/wp-json\/wp\/v2\/media\/49315"}],"wp:attachment":[{"href":"https:\/\/aaknives.eu\/lt\/wp-json\/wp\/v2\/media?parent=49314"}],"wp:term":[{"taxonomy":"product_brand","embeddable":true,"href":"https:\/\/aaknives.eu\/lt\/wp-json\/wp\/v2\/product_brand?post=49314"},{"taxonomy":"product_cat","embeddable":true,"href":"https:\/\/aaknives.eu\/lt\/wp-json\/wp\/v2\/product_cat?post=49314"},{"taxonomy":"product_tag","embeddable":true,"href":"https:\/\/aaknives.eu\/lt\/wp-json\/wp\/v2\/product_tag?post=49314"}],"curies":[{"name":"wp","href":"https:\/\/api.w.org\/{rel}","templated":true}]}}