{"id":49320,"date":"2021-09-20T20:46:50","date_gmt":"2021-09-20T20:46:50","guid":{"rendered":"https:\/\/aaknives.eu\/product\/vidutinio-dydzio-ax-rankomis-kaltas-aukstos-kokybes-anglinis-plienas\/"},"modified":"2026-01-20T18:05:14","modified_gmt":"2026-01-20T18:05:14","slug":"historical-latvian-ax-rankomis-kaltas-aukstos-kokybes-anglinis-plienas","status":"publish","type":"product","link":"https:\/\/aaknives.eu\/lt\/product\/historical-latvian-ax-rankomis-kaltas-aukstos-kokybes-anglinis-plienas\/","title":{"rendered":"HISTORICAL LATVIAN AX &#8211; rankomis kaltas auk\u0161tos kokyb\u0117s anglinis plienas"},"content":{"rendered":"<p>Kirvio specifikacijos: ISTORINIS LATVIJOS KIRVIS<br \/>\nPlienas: kaltas 9HS plienas su kalimo \u017eym\u0117mis<br \/>\nKietumas: 59 HRC<br \/>\nGele\u017et\u0117s ilgis (mm): 90 \/ 3,54 colio<br \/>\nGele\u017et\u0117s storis (mm): 1-10 \/ 0,03 \u2013 0,39 colio<br \/>\nGele\u017et\u0117s plotis (mm): 100 \/ 3,93 colio<br \/>\nRankena: deganti mediena \u2013 uosis, oda<br \/>\nBendras ilgis (mm): 355 \/ 13,97 colio<br \/>\nKirvio tipas: med\u017eioklei, lauko<br \/>\nPakuot\u0117: Kirvis, odinis apvalkalas<\/p>\n","protected":false},"excerpt":{"rendered":"<p>Kirvio specifikacijos: ISTORINIS LATVIJOS KIRVIS Plienas: kaltas 9HS plienas su kalimo \u017eym\u0117mis Kietumas: 59 HRC Gele\u017et\u0117s ilgis (mm): 90 \/ 3,54 colio Gele\u017et\u0117s storis (mm): 1-10 \/ 0,03 \u2013 0,39 colio Gele\u017et\u0117s plotis (mm): 100 \/ 3,93 colio Rankena: deganti mediena \u2013 uosis, oda Bendras ilgis (mm): 355 \/ 13,97 colio Kirvio tipas: med\u017eioklei, lauko Pakuot\u0117: Kirvis, odinis apvalkalas<\/p>\n","protected":false},"featured_media":106575,"template":"","meta":{"_themeisle_gutenberg_block_has_review":false},"product_brand":[],"product_cat":[388],"product_tag":[],"class_list":{"0":"post-49320","1":"product","2":"type-product","3":"status-publish","4":"has-post-thumbnail","6":"product_cat-asys","8":"first","9":"instock","10":"shipping-taxable","11":"purchasable","12":"product-type-simple"},"yoast_head":"<!-- This site is optimized with the Yoast SEO plugin v27.5 - https:\/\/yoast.com\/product\/yoast-seo-wordpress\/ -->\n<title>HISTORICAL LATVIAN AX - rankomis kaltas auk\u0161tos kokyb\u0117s anglinis plienas - AAKnives<\/title>\n<meta name=\"description\" content=\"ISTORINIS LATVIJOS KIRVIS rankomis kaltas 9HS plienas peiliai kirvis med\u017eiokl\u0117s kirvis rank\u0173 darbo kirvis pagal u\u017esakym\u0105 pagamintas kirvis viking\u0173 kirvis rank\u0173 darbo kirvis latvi\u0161kas kirvis\" \/>\n<meta name=\"robots\" content=\"index, follow, max-snippet:-1, max-image-preview:large, max-video-preview:-1\" \/>\n<link rel=\"canonical\" href=\"https:\/\/aaknives.eu\/lt\/product\/historical-latvian-ax-rankomis-kaltas-aukstos-kokybes-anglinis-plienas\/\" \/>\n<meta property=\"og:locale\" content=\"lt_LT\" \/>\n<meta property=\"og:type\" content=\"article\" \/>\n<meta property=\"og:title\" content=\"HISTORICAL LATVIAN AX - rankomis kaltas auk\u0161tos kokyb\u0117s anglinis plienas - AAKnives\" \/>\n<meta property=\"og:description\" content=\"ISTORINIS LATVIJOS KIRVIS rankomis kaltas 9HS plienas peiliai kirvis med\u017eiokl\u0117s kirvis rank\u0173 darbo kirvis pagal u\u017esakym\u0105 pagamintas kirvis viking\u0173 kirvis rank\u0173 darbo kirvis latvi\u0161kas kirvis\" \/>\n<meta property=\"og:url\" content=\"https:\/\/aaknives.eu\/lt\/product\/historical-latvian-ax-rankomis-kaltas-aukstos-kokybes-anglinis-plienas\/\" \/>\n<meta property=\"og:site_name\" content=\"AAKnives\" \/>\n<meta property=\"article:publisher\" content=\"https:\/\/www.facebook.com\/aaknives.eu\/\" \/>\n<meta property=\"article:modified_time\" content=\"2026-01-20T18:05:14+00:00\" \/>\n<meta property=\"og:image\" content=\"https:\/\/aaknives.eu\/wp-content\/uploads\/2021\/09\/aaknives-hand-forged-damascus-steel-blade-knife-handmade-custom-made-knife-handcrafted-knives-autinetools-northmen-1-9-4.jpg\" \/>\n\t<meta property=\"og:image:width\" content=\"1020\" \/>\n\t<meta property=\"og:image:height\" content=\"880\" \/>\n\t<meta property=\"og:image:type\" content=\"image\/jpeg\" \/>\n<meta name=\"twitter:card\" content=\"summary_large_image\" \/>\n<script type=\"application\/ld+json\" class=\"yoast-schema-graph\">{\"@context\":\"https:\\\/\\\/schema.org\",\"@graph\":[{\"@type\":\"WebPage\",\"@id\":\"https:\\\/\\\/aaknives.eu\\\/lt\\\/product\\\/historical-latvian-ax-rankomis-kaltas-aukstos-kokybes-anglinis-plienas\\\/\",\"url\":\"https:\\\/\\\/aaknives.eu\\\/lt\\\/product\\\/historical-latvian-ax-rankomis-kaltas-aukstos-kokybes-anglinis-plienas\\\/\",\"name\":\"HISTORICAL LATVIAN AX - rankomis kaltas auk\u0161tos kokyb\u0117s anglinis plienas - AAKnives\",\"isPartOf\":{\"@id\":\"https:\\\/\\\/aaknives.eu\\\/lt\\\/#website\"},\"primaryImageOfPage\":{\"@id\":\"https:\\\/\\\/aaknives.eu\\\/lt\\\/product\\\/historical-latvian-ax-rankomis-kaltas-aukstos-kokybes-anglinis-plienas\\\/#primaryimage\"},\"image\":{\"@id\":\"https:\\\/\\\/aaknives.eu\\\/lt\\\/product\\\/historical-latvian-ax-rankomis-kaltas-aukstos-kokybes-anglinis-plienas\\\/#primaryimage\"},\"thumbnailUrl\":\"https:\\\/\\\/aaknives.eu\\\/wp-content\\\/uploads\\\/2021\\\/09\\\/aaknives-hand-forged-damascus-steel-blade-knife-handmade-custom-made-knife-handcrafted-knives-autinetools-northmen-1-9-4.jpg\",\"datePublished\":\"2021-09-20T20:46:50+00:00\",\"dateModified\":\"2026-01-20T18:05:14+00:00\",\"description\":\"ISTORINIS LATVIJOS KIRVIS rankomis kaltas 9HS plienas peiliai kirvis med\u017eiokl\u0117s kirvis rank\u0173 darbo kirvis pagal u\u017esakym\u0105 pagamintas kirvis viking\u0173 kirvis rank\u0173 darbo kirvis latvi\u0161kas kirvis\",\"breadcrumb\":{\"@id\":\"https:\\\/\\\/aaknives.eu\\\/lt\\\/product\\\/historical-latvian-ax-rankomis-kaltas-aukstos-kokybes-anglinis-plienas\\\/#breadcrumb\"},\"inLanguage\":\"lt-LT\",\"potentialAction\":[{\"@type\":\"ReadAction\",\"target\":[\"https:\\\/\\\/aaknives.eu\\\/lt\\\/product\\\/historical-latvian-ax-rankomis-kaltas-aukstos-kokybes-anglinis-plienas\\\/\"]}]},{\"@type\":\"ImageObject\",\"inLanguage\":\"lt-LT\",\"@id\":\"https:\\\/\\\/aaknives.eu\\\/lt\\\/product\\\/historical-latvian-ax-rankomis-kaltas-aukstos-kokybes-anglinis-plienas\\\/#primaryimage\",\"url\":\"https:\\\/\\\/aaknives.eu\\\/wp-content\\\/uploads\\\/2021\\\/09\\\/aaknives-hand-forged-damascus-steel-blade-knife-handmade-custom-made-knife-handcrafted-knives-autinetools-northmen-1-9-4.jpg\",\"contentUrl\":\"https:\\\/\\\/aaknives.eu\\\/wp-content\\\/uploads\\\/2021\\\/09\\\/aaknives-hand-forged-damascus-steel-blade-knife-handmade-custom-made-knife-handcrafted-knives-autinetools-northmen-1-9-4.jpg\",\"width\":1020,\"height\":880},{\"@type\":\"BreadcrumbList\",\"@id\":\"https:\\\/\\\/aaknives.eu\\\/lt\\\/product\\\/historical-latvian-ax-rankomis-kaltas-aukstos-kokybes-anglinis-plienas\\\/#breadcrumb\",\"itemListElement\":[{\"@type\":\"ListItem\",\"position\":1,\"name\":\"Home\",\"item\":\"https:\\\/\\\/aaknives.eu\\\/lt\\\/\"},{\"@type\":\"ListItem\",\"position\":2,\"name\":\"Parduotuv\u0117\",\"item\":\"https:\\\/\\\/aaknives.eu\\\/parduotuve\\\/\"},{\"@type\":\"ListItem\",\"position\":3,\"name\":\"HISTORICAL LATVIAN AX &#8211; rankomis kaltas auk\u0161tos kokyb\u0117s anglinis plienas\"}]},{\"@type\":\"WebSite\",\"@id\":\"https:\\\/\\\/aaknives.eu\\\/lt\\\/#website\",\"url\":\"https:\\\/\\\/aaknives.eu\\\/lt\\\/\",\"name\":\"AAKnives\",\"description\":\"Handmade knives\",\"publisher\":{\"@id\":\"https:\\\/\\\/aaknives.eu\\\/lt\\\/#organization\"},\"potentialAction\":[{\"@type\":\"SearchAction\",\"target\":{\"@type\":\"EntryPoint\",\"urlTemplate\":\"https:\\\/\\\/aaknives.eu\\\/lt\\\/?s={search_term_string}\"},\"query-input\":{\"@type\":\"PropertyValueSpecification\",\"valueRequired\":true,\"valueName\":\"search_term_string\"}}],\"inLanguage\":\"lt-LT\"},{\"@type\":\"Organization\",\"@id\":\"https:\\\/\\\/aaknives.eu\\\/lt\\\/#organization\",\"name\":\"AAKnives\",\"url\":\"https:\\\/\\\/aaknives.eu\\\/lt\\\/\",\"logo\":{\"@type\":\"ImageObject\",\"inLanguage\":\"lt-LT\",\"@id\":\"https:\\\/\\\/aaknives.eu\\\/lt\\\/#\\\/schema\\\/logo\\\/image\\\/\",\"url\":\"https:\\\/\\\/aaknives.eu\\\/wp-content\\\/uploads\\\/2021\\\/10\\\/AAknives_Logo_Green.png\",\"contentUrl\":\"https:\\\/\\\/aaknives.eu\\\/wp-content\\\/uploads\\\/2021\\\/10\\\/AAknives_Logo_Green.png\",\"width\":1768,\"height\":1768,\"caption\":\"AAKnives\"},\"image\":{\"@id\":\"https:\\\/\\\/aaknives.eu\\\/lt\\\/#\\\/schema\\\/logo\\\/image\\\/\"},\"sameAs\":[\"https:\\\/\\\/www.facebook.com\\\/aaknives.eu\\\/\",\"https:\\\/\\\/www.instagram.com\\\/aaknives\\\/\",\"https:\\\/\\\/www.pinterest.com\\\/aa_knives\\\/\",\"https:\\\/\\\/www.youtube.com\\\/channel\\\/UCHOQFjrOkgT6s4FIw9LDKyw\\\/featured\"]}]}<\/script>\n<!-- \/ Yoast SEO plugin. -->","yoast_head_json":{"title":"HISTORICAL LATVIAN AX - rankomis kaltas auk\u0161tos kokyb\u0117s anglinis plienas - AAKnives","description":"ISTORINIS LATVIJOS KIRVIS rankomis kaltas 9HS plienas peiliai kirvis med\u017eiokl\u0117s kirvis rank\u0173 darbo kirvis pagal u\u017esakym\u0105 pagamintas kirvis viking\u0173 kirvis rank\u0173 darbo kirvis latvi\u0161kas kirvis","robots":{"index":"index","follow":"follow","max-snippet":"max-snippet:-1","max-image-preview":"max-image-preview:large","max-video-preview":"max-video-preview:-1"},"canonical":"https:\/\/aaknives.eu\/lt\/product\/historical-latvian-ax-rankomis-kaltas-aukstos-kokybes-anglinis-plienas\/","og_locale":"lt_LT","og_type":"article","og_title":"HISTORICAL LATVIAN AX - rankomis kaltas auk\u0161tos kokyb\u0117s anglinis plienas - AAKnives","og_description":"ISTORINIS LATVIJOS KIRVIS rankomis kaltas 9HS plienas peiliai kirvis med\u017eiokl\u0117s kirvis rank\u0173 darbo kirvis pagal u\u017esakym\u0105 pagamintas kirvis viking\u0173 kirvis rank\u0173 darbo kirvis latvi\u0161kas kirvis","og_url":"https:\/\/aaknives.eu\/lt\/product\/historical-latvian-ax-rankomis-kaltas-aukstos-kokybes-anglinis-plienas\/","og_site_name":"AAKnives","article_publisher":"https:\/\/www.facebook.com\/aaknives.eu\/","article_modified_time":"2026-01-20T18:05:14+00:00","og_image":[{"width":1020,"height":880,"url":"https:\/\/aaknives.eu\/wp-content\/uploads\/2021\/09\/aaknives-hand-forged-damascus-steel-blade-knife-handmade-custom-made-knife-handcrafted-knives-autinetools-northmen-1-9-4.jpg","type":"image\/jpeg"}],"twitter_card":"summary_large_image","schema":{"@context":"https:\/\/schema.org","@graph":[{"@type":"WebPage","@id":"https:\/\/aaknives.eu\/lt\/product\/historical-latvian-ax-rankomis-kaltas-aukstos-kokybes-anglinis-plienas\/","url":"https:\/\/aaknives.eu\/lt\/product\/historical-latvian-ax-rankomis-kaltas-aukstos-kokybes-anglinis-plienas\/","name":"HISTORICAL LATVIAN AX - rankomis kaltas auk\u0161tos kokyb\u0117s anglinis plienas - AAKnives","isPartOf":{"@id":"https:\/\/aaknives.eu\/lt\/#website"},"primaryImageOfPage":{"@id":"https:\/\/aaknives.eu\/lt\/product\/historical-latvian-ax-rankomis-kaltas-aukstos-kokybes-anglinis-plienas\/#primaryimage"},"image":{"@id":"https:\/\/aaknives.eu\/lt\/product\/historical-latvian-ax-rankomis-kaltas-aukstos-kokybes-anglinis-plienas\/#primaryimage"},"thumbnailUrl":"https:\/\/aaknives.eu\/wp-content\/uploads\/2021\/09\/aaknives-hand-forged-damascus-steel-blade-knife-handmade-custom-made-knife-handcrafted-knives-autinetools-northmen-1-9-4.jpg","datePublished":"2021-09-20T20:46:50+00:00","dateModified":"2026-01-20T18:05:14+00:00","description":"ISTORINIS LATVIJOS KIRVIS rankomis kaltas 9HS plienas peiliai kirvis med\u017eiokl\u0117s kirvis rank\u0173 darbo kirvis pagal u\u017esakym\u0105 pagamintas kirvis viking\u0173 kirvis rank\u0173 darbo kirvis latvi\u0161kas kirvis","breadcrumb":{"@id":"https:\/\/aaknives.eu\/lt\/product\/historical-latvian-ax-rankomis-kaltas-aukstos-kokybes-anglinis-plienas\/#breadcrumb"},"inLanguage":"lt-LT","potentialAction":[{"@type":"ReadAction","target":["https:\/\/aaknives.eu\/lt\/product\/historical-latvian-ax-rankomis-kaltas-aukstos-kokybes-anglinis-plienas\/"]}]},{"@type":"ImageObject","inLanguage":"lt-LT","@id":"https:\/\/aaknives.eu\/lt\/product\/historical-latvian-ax-rankomis-kaltas-aukstos-kokybes-anglinis-plienas\/#primaryimage","url":"https:\/\/aaknives.eu\/wp-content\/uploads\/2021\/09\/aaknives-hand-forged-damascus-steel-blade-knife-handmade-custom-made-knife-handcrafted-knives-autinetools-northmen-1-9-4.jpg","contentUrl":"https:\/\/aaknives.eu\/wp-content\/uploads\/2021\/09\/aaknives-hand-forged-damascus-steel-blade-knife-handmade-custom-made-knife-handcrafted-knives-autinetools-northmen-1-9-4.jpg","width":1020,"height":880},{"@type":"BreadcrumbList","@id":"https:\/\/aaknives.eu\/lt\/product\/historical-latvian-ax-rankomis-kaltas-aukstos-kokybes-anglinis-plienas\/#breadcrumb","itemListElement":[{"@type":"ListItem","position":1,"name":"Home","item":"https:\/\/aaknives.eu\/lt\/"},{"@type":"ListItem","position":2,"name":"Parduotuv\u0117","item":"https:\/\/aaknives.eu\/parduotuve\/"},{"@type":"ListItem","position":3,"name":"HISTORICAL LATVIAN AX &#8211; rankomis kaltas auk\u0161tos kokyb\u0117s anglinis plienas"}]},{"@type":"WebSite","@id":"https:\/\/aaknives.eu\/lt\/#website","url":"https:\/\/aaknives.eu\/lt\/","name":"AAKnives","description":"Handmade knives","publisher":{"@id":"https:\/\/aaknives.eu\/lt\/#organization"},"potentialAction":[{"@type":"SearchAction","target":{"@type":"EntryPoint","urlTemplate":"https:\/\/aaknives.eu\/lt\/?s={search_term_string}"},"query-input":{"@type":"PropertyValueSpecification","valueRequired":true,"valueName":"search_term_string"}}],"inLanguage":"lt-LT"},{"@type":"Organization","@id":"https:\/\/aaknives.eu\/lt\/#organization","name":"AAKnives","url":"https:\/\/aaknives.eu\/lt\/","logo":{"@type":"ImageObject","inLanguage":"lt-LT","@id":"https:\/\/aaknives.eu\/lt\/#\/schema\/logo\/image\/","url":"https:\/\/aaknives.eu\/wp-content\/uploads\/2021\/10\/AAknives_Logo_Green.png","contentUrl":"https:\/\/aaknives.eu\/wp-content\/uploads\/2021\/10\/AAknives_Logo_Green.png","width":1768,"height":1768,"caption":"AAKnives"},"image":{"@id":"https:\/\/aaknives.eu\/lt\/#\/schema\/logo\/image\/"},"sameAs":["https:\/\/www.facebook.com\/aaknives.eu\/","https:\/\/www.instagram.com\/aaknives\/","https:\/\/www.pinterest.com\/aa_knives\/","https:\/\/www.youtube.com\/channel\/UCHOQFjrOkgT6s4FIw9LDKyw\/featured"]}]}},"_links":{"self":[{"href":"https:\/\/aaknives.eu\/lt\/wp-json\/wp\/v2\/product\/49320","targetHints":{"allow":["GET"]}}],"collection":[{"href":"https:\/\/aaknives.eu\/lt\/wp-json\/wp\/v2\/product"}],"about":[{"href":"https:\/\/aaknives.eu\/lt\/wp-json\/wp\/v2\/types\/product"}],"wp:featuredmedia":[{"embeddable":true,"href":"https:\/\/aaknives.eu\/lt\/wp-json\/wp\/v2\/media\/106575"}],"wp:attachment":[{"href":"https:\/\/aaknives.eu\/lt\/wp-json\/wp\/v2\/media?parent=49320"}],"wp:term":[{"taxonomy":"product_brand","embeddable":true,"href":"https:\/\/aaknives.eu\/lt\/wp-json\/wp\/v2\/product_brand?post=49320"},{"taxonomy":"product_cat","embeddable":true,"href":"https:\/\/aaknives.eu\/lt\/wp-json\/wp\/v2\/product_cat?post=49320"},{"taxonomy":"product_tag","embeddable":true,"href":"https:\/\/aaknives.eu\/lt\/wp-json\/wp\/v2\/product_tag?post=49320"}],"curies":[{"name":"wp","href":"https:\/\/api.w.org\/{rel}","templated":true}]}}