{"id":49642,"date":"2021-11-12T12:29:31","date_gmt":"2021-11-12T12:29:31","guid":{"rendered":"https:\/\/aaknives.eu\/product\/borido-serijos-galandinimo-akmenu-rinkinys-5-vnt\/"},"modified":"2026-01-14T18:55:16","modified_gmt":"2026-01-14T18:55:16","slug":"borido-serijos-galandinimo-akmenu-rinkinys-5-vnt","status":"publish","type":"product","link":"https:\/\/aaknives.eu\/lt\/product\/borido-serijos-galandinimo-akmenu-rinkinys-5-vnt\/","title":{"rendered":"Borido serijos galandinimo akmen\u0173 rinkinys 5 vnt."},"content":{"rendered":"<p>Borido serijos galandinimo akmenys yra puik\u016bs silicio karbido akmenys, skirti kietiems plieniniams peiliams (nuo 47 iki 63 HRc) gal\u0105sti.<\/p>\n<p>Rinkin\u012f sudaro 5 akmenys, kuri\u0173 gr\u016bd\u0117tumas 150; 220; 400; 600; 1200, kuri\u0173 u\u017eteks visiems galandinimo etapams &#8211; nuo \u0161iurk\u0161taus iki galutinio \u0161lifavimo. O tolygus gr\u016bd\u0117tumo ma\u017einimas nuo akmens ant akmens u\u017etikrina veiksming\u0105 galandim\u0105 per trumpiausi\u0105 laik\u0105.<\/p>\n<p>&nbsp;<\/p>\n<p>CS-HD serijos akmenys yra specialiai sukurti gal\u0105sti peiliams, pagamintiems i\u0161 ner\u016bdijan\u010dio arba anglinio plieno. Galandant \u0161ios serijos peilius i\u0161 mink\u0161to plieno abrazyvais, kyla gr\u0117sm\u0117, kad padid\u0117s j\u0173 d\u0117v\u0117jimosi greitis ir abrazyvas bus pernelyg s\u016brus.<\/p>\n<p>&nbsp;<\/p>\n<p>Galite dirbti ir &#8220;sausu&#8221;, ir paprastu vandeniu (arba \u0161iek tiek muilu). Galandant nerekomenduojama naudoti j\u0117gos ir spaudimo!<\/p>\n<p>&nbsp;<\/p>\n<p>Nereikalauja ypatingos prie\u017ei\u016bros. Jis valomas po tekan\u010diu vandeniu su muilu ir stand\u017eiu \u0161epet\u0117liu (galite naudoti dant\u0173 \u0161epet\u0117l\u012f). I\u0161lyginti po formavimo ant silicio karbido.<\/p>\n","protected":false},"excerpt":{"rendered":"<p>Borido serijos galandinimo akmenys yra puik\u016bs silicio karbido akmenys, skirti kietiems plieniniams peiliams (nuo 47 iki 63 HRc) gal\u0105sti. Rinkin\u012f sudaro 5 akmenys, kuri\u0173 gr\u016bd\u0117tumas 150; 220; 400; 600; 1200, kuri\u0173 u\u017eteks visiems galandinimo etapams &#8211; nuo \u0161iurk\u0161taus iki galutinio \u0161lifavimo. O tolygus gr\u016bd\u0117tumo ma\u017einimas nuo akmens ant akmens u\u017etikrina veiksming\u0105 galandim\u0105 per trumpiausi\u0105 laik\u0105. &nbsp; CS-HD serijos akmenys yra specialiai sukurti gal\u0105sti peiliams, pagamintiems i\u0161 ner\u016bdijan\u010dio arba anglinio plieno. Galandant \u0161ios serijos peilius i\u0161 mink\u0161to plieno abrazyvais, kyla gr\u0117sm\u0117, kad padid\u0117s j\u0173 d\u0117v\u0117jimosi greitis ir abrazyvas bus pernelyg s\u016brus. &nbsp; Galite dirbti ir &#8220;sausu&#8221;, ir paprastu vandeniu (arba \u0161iek&hellip;<\/p>\n","protected":false},"featured_media":49643,"template":"","meta":{"_themeisle_gutenberg_block_has_review":false},"product_brand":[],"product_cat":[375],"product_tag":[],"class_list":{"0":"post-49642","1":"product","2":"type-product","3":"status-publish","4":"has-post-thumbnail","6":"product_cat-peiliu-galandinimas-peiliu-galastuvai","8":"first","9":"instock","10":"shipping-taxable","11":"purchasable","12":"product-type-simple"},"yoast_head":"<!-- This site is optimized with the Yoast SEO plugin v27.3 - https:\/\/yoast.com\/product\/yoast-seo-wordpress\/ -->\n<title>Borido serijos galandinimo akmen\u0173 rinkinys 5 vnt. - AAKnives<\/title>\n<meta name=\"description\" content=\"Borido serijos galandinimo akmen\u0173 rinkinys 5 vnt.\" \/>\n<meta name=\"robots\" content=\"index, follow, max-snippet:-1, max-image-preview:large, max-video-preview:-1\" \/>\n<link rel=\"canonical\" href=\"https:\/\/aaknives.eu\/lt\/product\/borido-serijos-galandinimo-akmenu-rinkinys-5-vnt\/\" \/>\n<meta property=\"og:locale\" content=\"lt_LT\" \/>\n<meta property=\"og:type\" content=\"article\" \/>\n<meta property=\"og:title\" content=\"Borido serijos galandinimo akmen\u0173 rinkinys 5 vnt. - AAKnives\" \/>\n<meta property=\"og:description\" content=\"Borido serijos galandinimo akmen\u0173 rinkinys 5 vnt.\" \/>\n<meta property=\"og:url\" content=\"https:\/\/aaknives.eu\/lt\/product\/borido-serijos-galandinimo-akmenu-rinkinys-5-vnt\/\" \/>\n<meta property=\"og:site_name\" content=\"AAKnives\" \/>\n<meta property=\"article:publisher\" content=\"https:\/\/www.facebook.com\/aaknives.eu\/\" \/>\n<meta property=\"article:modified_time\" content=\"2026-01-14T18:55:16+00:00\" \/>\n<meta property=\"og:image\" content=\"https:\/\/aaknives.eu\/wp-content\/uploads\/2021\/11\/aaknives-hand-forged-dabascus-steel-blade-knife-handmade-custom-made-knife-handcrafted-knives-autinetools-northmen-1-1.jpg\" \/>\n\t<meta property=\"og:image:width\" content=\"1020\" \/>\n\t<meta property=\"og:image:height\" content=\"880\" \/>\n\t<meta property=\"og:image:type\" content=\"image\/jpeg\" \/>\n<meta name=\"twitter:card\" content=\"summary_large_image\" \/>\n<meta name=\"twitter:label1\" content=\"Est. reading time\" \/>\n\t<meta name=\"twitter:data1\" content=\"1 minut\u0117\" \/>\n<script type=\"application\/ld+json\" class=\"yoast-schema-graph\">{\"@context\":\"https:\\\/\\\/schema.org\",\"@graph\":[{\"@type\":\"WebPage\",\"@id\":\"https:\\\/\\\/aaknives.eu\\\/lt\\\/product\\\/borido-serijos-galandinimo-akmenu-rinkinys-5-vnt\\\/\",\"url\":\"https:\\\/\\\/aaknives.eu\\\/lt\\\/product\\\/borido-serijos-galandinimo-akmenu-rinkinys-5-vnt\\\/\",\"name\":\"Borido serijos galandinimo akmen\u0173 rinkinys 5 vnt. - AAKnives\",\"isPartOf\":{\"@id\":\"https:\\\/\\\/aaknives.eu\\\/lt\\\/#website\"},\"primaryImageOfPage\":{\"@id\":\"https:\\\/\\\/aaknives.eu\\\/lt\\\/product\\\/borido-serijos-galandinimo-akmenu-rinkinys-5-vnt\\\/#primaryimage\"},\"image\":{\"@id\":\"https:\\\/\\\/aaknives.eu\\\/lt\\\/product\\\/borido-serijos-galandinimo-akmenu-rinkinys-5-vnt\\\/#primaryimage\"},\"thumbnailUrl\":\"https:\\\/\\\/aaknives.eu\\\/wp-content\\\/uploads\\\/2021\\\/11\\\/aaknives-hand-forged-dabascus-steel-blade-knife-handmade-custom-made-knife-handcrafted-knives-autinetools-northmen-1-1.jpg\",\"datePublished\":\"2021-11-12T12:29:31+00:00\",\"dateModified\":\"2026-01-14T18:55:16+00:00\",\"description\":\"Borido serijos galandinimo akmen\u0173 rinkinys 5 vnt.\",\"breadcrumb\":{\"@id\":\"https:\\\/\\\/aaknives.eu\\\/lt\\\/product\\\/borido-serijos-galandinimo-akmenu-rinkinys-5-vnt\\\/#breadcrumb\"},\"inLanguage\":\"lt-LT\",\"potentialAction\":[{\"@type\":\"ReadAction\",\"target\":[\"https:\\\/\\\/aaknives.eu\\\/lt\\\/product\\\/borido-serijos-galandinimo-akmenu-rinkinys-5-vnt\\\/\"]}]},{\"@type\":\"ImageObject\",\"inLanguage\":\"lt-LT\",\"@id\":\"https:\\\/\\\/aaknives.eu\\\/lt\\\/product\\\/borido-serijos-galandinimo-akmenu-rinkinys-5-vnt\\\/#primaryimage\",\"url\":\"https:\\\/\\\/aaknives.eu\\\/wp-content\\\/uploads\\\/2021\\\/11\\\/aaknives-hand-forged-dabascus-steel-blade-knife-handmade-custom-made-knife-handcrafted-knives-autinetools-northmen-1-1.jpg\",\"contentUrl\":\"https:\\\/\\\/aaknives.eu\\\/wp-content\\\/uploads\\\/2021\\\/11\\\/aaknives-hand-forged-dabascus-steel-blade-knife-handmade-custom-made-knife-handcrafted-knives-autinetools-northmen-1-1.jpg\",\"width\":1020,\"height\":880,\"caption\":\"aaknives hand forged dabascus steel blade knife handmade custom made knife handcrafted knives autinetools northmen 1 1\"},{\"@type\":\"BreadcrumbList\",\"@id\":\"https:\\\/\\\/aaknives.eu\\\/lt\\\/product\\\/borido-serijos-galandinimo-akmenu-rinkinys-5-vnt\\\/#breadcrumb\",\"itemListElement\":[{\"@type\":\"ListItem\",\"position\":1,\"name\":\"Home\",\"item\":\"https:\\\/\\\/aaknives.eu\\\/lt\\\/\"},{\"@type\":\"ListItem\",\"position\":2,\"name\":\"Parduotuv\u0117\",\"item\":\"https:\\\/\\\/aaknives.eu\\\/parduotuve\\\/\"},{\"@type\":\"ListItem\",\"position\":3,\"name\":\"Borido serijos galandinimo akmen\u0173 rinkinys 5 vnt.\"}]},{\"@type\":\"WebSite\",\"@id\":\"https:\\\/\\\/aaknives.eu\\\/lt\\\/#website\",\"url\":\"https:\\\/\\\/aaknives.eu\\\/lt\\\/\",\"name\":\"AAKnives\",\"description\":\"Handmade knives\",\"publisher\":{\"@id\":\"https:\\\/\\\/aaknives.eu\\\/lt\\\/#organization\"},\"potentialAction\":[{\"@type\":\"SearchAction\",\"target\":{\"@type\":\"EntryPoint\",\"urlTemplate\":\"https:\\\/\\\/aaknives.eu\\\/lt\\\/?s={search_term_string}\"},\"query-input\":{\"@type\":\"PropertyValueSpecification\",\"valueRequired\":true,\"valueName\":\"search_term_string\"}}],\"inLanguage\":\"lt-LT\"},{\"@type\":\"Organization\",\"@id\":\"https:\\\/\\\/aaknives.eu\\\/lt\\\/#organization\",\"name\":\"AAKnives\",\"url\":\"https:\\\/\\\/aaknives.eu\\\/lt\\\/\",\"logo\":{\"@type\":\"ImageObject\",\"inLanguage\":\"lt-LT\",\"@id\":\"https:\\\/\\\/aaknives.eu\\\/lt\\\/#\\\/schema\\\/logo\\\/image\\\/\",\"url\":\"https:\\\/\\\/aaknives.eu\\\/wp-content\\\/uploads\\\/2021\\\/10\\\/AAknives_Logo_Green.png\",\"contentUrl\":\"https:\\\/\\\/aaknives.eu\\\/wp-content\\\/uploads\\\/2021\\\/10\\\/AAknives_Logo_Green.png\",\"width\":1768,\"height\":1768,\"caption\":\"AAKnives\"},\"image\":{\"@id\":\"https:\\\/\\\/aaknives.eu\\\/lt\\\/#\\\/schema\\\/logo\\\/image\\\/\"},\"sameAs\":[\"https:\\\/\\\/www.facebook.com\\\/aaknives.eu\\\/\",\"https:\\\/\\\/www.instagram.com\\\/aaknives\\\/\",\"https:\\\/\\\/www.pinterest.com\\\/aa_knives\\\/\",\"https:\\\/\\\/www.youtube.com\\\/channel\\\/UCHOQFjrOkgT6s4FIw9LDKyw\\\/featured\"]}]}<\/script>\n<!-- \/ Yoast SEO plugin. -->","yoast_head_json":{"title":"Borido serijos galandinimo akmen\u0173 rinkinys 5 vnt. - AAKnives","description":"Borido serijos galandinimo akmen\u0173 rinkinys 5 vnt.","robots":{"index":"index","follow":"follow","max-snippet":"max-snippet:-1","max-image-preview":"max-image-preview:large","max-video-preview":"max-video-preview:-1"},"canonical":"https:\/\/aaknives.eu\/lt\/product\/borido-serijos-galandinimo-akmenu-rinkinys-5-vnt\/","og_locale":"lt_LT","og_type":"article","og_title":"Borido serijos galandinimo akmen\u0173 rinkinys 5 vnt. - AAKnives","og_description":"Borido serijos galandinimo akmen\u0173 rinkinys 5 vnt.","og_url":"https:\/\/aaknives.eu\/lt\/product\/borido-serijos-galandinimo-akmenu-rinkinys-5-vnt\/","og_site_name":"AAKnives","article_publisher":"https:\/\/www.facebook.com\/aaknives.eu\/","article_modified_time":"2026-01-14T18:55:16+00:00","og_image":[{"width":1020,"height":880,"url":"https:\/\/aaknives.eu\/wp-content\/uploads\/2021\/11\/aaknives-hand-forged-dabascus-steel-blade-knife-handmade-custom-made-knife-handcrafted-knives-autinetools-northmen-1-1.jpg","type":"image\/jpeg"}],"twitter_card":"summary_large_image","twitter_misc":{"Est. reading time":"1 minut\u0117"},"schema":{"@context":"https:\/\/schema.org","@graph":[{"@type":"WebPage","@id":"https:\/\/aaknives.eu\/lt\/product\/borido-serijos-galandinimo-akmenu-rinkinys-5-vnt\/","url":"https:\/\/aaknives.eu\/lt\/product\/borido-serijos-galandinimo-akmenu-rinkinys-5-vnt\/","name":"Borido serijos galandinimo akmen\u0173 rinkinys 5 vnt. - AAKnives","isPartOf":{"@id":"https:\/\/aaknives.eu\/lt\/#website"},"primaryImageOfPage":{"@id":"https:\/\/aaknives.eu\/lt\/product\/borido-serijos-galandinimo-akmenu-rinkinys-5-vnt\/#primaryimage"},"image":{"@id":"https:\/\/aaknives.eu\/lt\/product\/borido-serijos-galandinimo-akmenu-rinkinys-5-vnt\/#primaryimage"},"thumbnailUrl":"https:\/\/aaknives.eu\/wp-content\/uploads\/2021\/11\/aaknives-hand-forged-dabascus-steel-blade-knife-handmade-custom-made-knife-handcrafted-knives-autinetools-northmen-1-1.jpg","datePublished":"2021-11-12T12:29:31+00:00","dateModified":"2026-01-14T18:55:16+00:00","description":"Borido serijos galandinimo akmen\u0173 rinkinys 5 vnt.","breadcrumb":{"@id":"https:\/\/aaknives.eu\/lt\/product\/borido-serijos-galandinimo-akmenu-rinkinys-5-vnt\/#breadcrumb"},"inLanguage":"lt-LT","potentialAction":[{"@type":"ReadAction","target":["https:\/\/aaknives.eu\/lt\/product\/borido-serijos-galandinimo-akmenu-rinkinys-5-vnt\/"]}]},{"@type":"ImageObject","inLanguage":"lt-LT","@id":"https:\/\/aaknives.eu\/lt\/product\/borido-serijos-galandinimo-akmenu-rinkinys-5-vnt\/#primaryimage","url":"https:\/\/aaknives.eu\/wp-content\/uploads\/2021\/11\/aaknives-hand-forged-dabascus-steel-blade-knife-handmade-custom-made-knife-handcrafted-knives-autinetools-northmen-1-1.jpg","contentUrl":"https:\/\/aaknives.eu\/wp-content\/uploads\/2021\/11\/aaknives-hand-forged-dabascus-steel-blade-knife-handmade-custom-made-knife-handcrafted-knives-autinetools-northmen-1-1.jpg","width":1020,"height":880,"caption":"aaknives hand forged dabascus steel blade knife handmade custom made knife handcrafted knives autinetools northmen 1 1"},{"@type":"BreadcrumbList","@id":"https:\/\/aaknives.eu\/lt\/product\/borido-serijos-galandinimo-akmenu-rinkinys-5-vnt\/#breadcrumb","itemListElement":[{"@type":"ListItem","position":1,"name":"Home","item":"https:\/\/aaknives.eu\/lt\/"},{"@type":"ListItem","position":2,"name":"Parduotuv\u0117","item":"https:\/\/aaknives.eu\/parduotuve\/"},{"@type":"ListItem","position":3,"name":"Borido serijos galandinimo akmen\u0173 rinkinys 5 vnt."}]},{"@type":"WebSite","@id":"https:\/\/aaknives.eu\/lt\/#website","url":"https:\/\/aaknives.eu\/lt\/","name":"AAKnives","description":"Handmade knives","publisher":{"@id":"https:\/\/aaknives.eu\/lt\/#organization"},"potentialAction":[{"@type":"SearchAction","target":{"@type":"EntryPoint","urlTemplate":"https:\/\/aaknives.eu\/lt\/?s={search_term_string}"},"query-input":{"@type":"PropertyValueSpecification","valueRequired":true,"valueName":"search_term_string"}}],"inLanguage":"lt-LT"},{"@type":"Organization","@id":"https:\/\/aaknives.eu\/lt\/#organization","name":"AAKnives","url":"https:\/\/aaknives.eu\/lt\/","logo":{"@type":"ImageObject","inLanguage":"lt-LT","@id":"https:\/\/aaknives.eu\/lt\/#\/schema\/logo\/image\/","url":"https:\/\/aaknives.eu\/wp-content\/uploads\/2021\/10\/AAknives_Logo_Green.png","contentUrl":"https:\/\/aaknives.eu\/wp-content\/uploads\/2021\/10\/AAknives_Logo_Green.png","width":1768,"height":1768,"caption":"AAKnives"},"image":{"@id":"https:\/\/aaknives.eu\/lt\/#\/schema\/logo\/image\/"},"sameAs":["https:\/\/www.facebook.com\/aaknives.eu\/","https:\/\/www.instagram.com\/aaknives\/","https:\/\/www.pinterest.com\/aa_knives\/","https:\/\/www.youtube.com\/channel\/UCHOQFjrOkgT6s4FIw9LDKyw\/featured"]}]}},"_links":{"self":[{"href":"https:\/\/aaknives.eu\/lt\/wp-json\/wp\/v2\/product\/49642","targetHints":{"allow":["GET"]}}],"collection":[{"href":"https:\/\/aaknives.eu\/lt\/wp-json\/wp\/v2\/product"}],"about":[{"href":"https:\/\/aaknives.eu\/lt\/wp-json\/wp\/v2\/types\/product"}],"wp:featuredmedia":[{"embeddable":true,"href":"https:\/\/aaknives.eu\/lt\/wp-json\/wp\/v2\/media\/49643"}],"wp:attachment":[{"href":"https:\/\/aaknives.eu\/lt\/wp-json\/wp\/v2\/media?parent=49642"}],"wp:term":[{"taxonomy":"product_brand","embeddable":true,"href":"https:\/\/aaknives.eu\/lt\/wp-json\/wp\/v2\/product_brand?post=49642"},{"taxonomy":"product_cat","embeddable":true,"href":"https:\/\/aaknives.eu\/lt\/wp-json\/wp\/v2\/product_cat?post=49642"},{"taxonomy":"product_tag","embeddable":true,"href":"https:\/\/aaknives.eu\/lt\/wp-json\/wp\/v2\/product_tag?post=49642"}],"curies":[{"name":"wp","href":"https:\/\/api.w.org\/{rel}","templated":true}]}}