{"id":49896,"date":"2021-09-20T20:39:18","date_gmt":"2021-09-20T20:39:18","guid":{"rendered":"https:\/\/aaknives.eu\/product\/latvijos-elektrinis-peilis-kryziaus-kryzius-kaltinis-nerudijantis-plienas\/"},"modified":"2025-02-05T13:36:36","modified_gmt":"2025-02-05T13:36:36","slug":"latvijos-elektrinis-peilis-kryziaus-kryzius-kaltinis-nerudijantis-plienas","status":"publish","type":"product","link":"https:\/\/aaknives.eu\/lt\/product\/latvijos-elektrinis-peilis-kryziaus-kryzius-kaltinis-nerudijantis-plienas\/","title":{"rendered":"Latvijos elektrinis peilis &#8221;Kry\u017eiaus kry\u017eius&#8221;, kaltinis ner\u016bdijantis plienas"},"content":{"rendered":"<p>MARA KRY\u017dIUS<\/p>\n<p>Peilio specifikacijos: \u201eKry\u017eiaus kry\u017eius\u201c<br \/>\nPlienas: kaltas ner\u016bdijantis plienas 12C27<br \/>\nKietumas: 57-58 HRC<br \/>\nA\u0161men\u0173 ilgis (mm): 150 \/ 5,90 coli\u0173<br \/>\nA\u0161men\u0173 storis (mm): 3 \/0,12 colio<br \/>\nA\u0161men\u0173 plotis (mm): 28 \/ 1,10 colio<br \/>\nRankena: Afrikos bubingo mediena<br \/>\nVisas ilgis (mm): 277 \/ 10,90 coli\u0173<\/p>\n<p>Nors Latvijos 101-\u0173j\u0173 metini\u0173 sukaktis jau pra\u0117jo, vis d\u0117lto verta apsistoti ties jausmais, kuriuos prisimins kiekvienas i\u0161 m\u016bs\u0173, nes pirmasis \u0161imtmetis yra ypatingas ir kartu galimyb\u0117 gyventi savo epochoje, ta\u010diau m\u016bs\u0173 tautos \u0161aknys siekia kur kas toliau \u012f praeit\u012f. Laikai kei\u010diasi, \u017emon\u0117s kei\u010diasi, ta\u010diau yra dalyk\u0173, kurie laikui b\u0117gant tapo beveik savaime suprantami, nes yra m\u016bs\u0173 tapatyb\u0117s dalis. Latvijos \u017eenklai. Jie aud\u017eiami dir\u017euose, mezgami pir\u0161tin\u0117se, graviruojami akmenyse ir ginkluose, tod\u0117l j\u0173 buvimas apsaugo nuo nelaimi\u0173, atne\u0161a s\u0117km\u0119, s\u0117km\u0119, sveikat\u0105 ir klest\u0117jim\u0105. Kiekvienas med\u017eiotojas ruo\u0161iasi med\u017eioklei ir su savimi pasiima geriausius med\u017eiokl\u0117s \u012frankius, ta\u010diau laukin\u0117 gamta kartais sukuria situacij\u0173, kai net ir puikias \u017einias ir ilgamet\u0119 patirt\u012f nusveria eilin\u0117 s\u0117km\u0117, kuri vieniems pasitaiko da\u017eniau, kitiems re\u010diau, tod\u0117l vert\u0117t\u0173 pagalvoti apie vertybes, kurias m\u016bs\u0173 prot\u0117viai laik\u0117 laimingomis. &#8220;AAKnives&#8221; si\u016blo ypating\u0105 peili\u0173 serij\u0105 -&#8221; Latvija 100&#8221;. Suderinus auk\u0161tos kokyb\u0117s rank\u0173 darbo peilius ir dekoratyvinius latvi\u0173 vald\u017eios \u017eenklus ant rankenos, jo savininkas gauna ne tik vizualiai gra\u017e\u0173 peil\u012f, kuris puikiai papildys kolekcij\u0105, bet ir puik\u0173 darbo \u012frank\u012f. Gra\u017eiai subalansuotos formos, nat\u016brali\u0173 atspalvi\u0173 mediniai kai\u0161\u010diai ir skirtingi latvi\u0161ki galios \u017eenklai kiekvienam skoniui.<\/span><\/div>\n<p>Peilis taip pat bus puiki ir apgalvota dovana draugui ar mylimam \u017emogui, ta\u010diau nepamir\u0161kite, kad dovanos gav\u0117jas turi duoti monet\u0105 mainais &#8211; tai senovin\u0117 latvi\u0173 patarl\u0117!<\/p>\n","protected":false},"excerpt":{"rendered":"<p>MARA KRY\u017dIUS Peilio specifikacijos: \u201eKry\u017eiaus kry\u017eius\u201c Plienas: kaltas ner\u016bdijantis plienas 12C27 Kietumas: 57-58 HRC A\u0161men\u0173 ilgis (mm): 150 \/ 5,90 coli\u0173 A\u0161men\u0173 storis (mm): 3 \/0,12 colio A\u0161men\u0173 plotis (mm): 28 \/ 1,10 colio Rankena: Afrikos bubingo mediena Visas ilgis (mm): 277 \/ 10,90 coli\u0173 Nors Latvijos 101-\u0173j\u0173 metini\u0173 sukaktis jau pra\u0117jo, vis d\u0117lto verta apsistoti ties jausmais, kuriuos prisimins kiekvienas i\u0161 m\u016bs\u0173, nes pirmasis \u0161imtmetis yra ypatingas ir kartu galimyb\u0117 gyventi savo epochoje, ta\u010diau m\u016bs\u0173 tautos \u0161aknys siekia kur kas toliau \u012f praeit\u012f. Laikai kei\u010diasi, \u017emon\u0117s kei\u010diasi, ta\u010diau yra dalyk\u0173, kurie laikui b\u0117gant tapo beveik savaime suprantami, nes yra&hellip;<\/p>\n","protected":false},"featured_media":95584,"template":"","meta":{"_themeisle_gutenberg_block_has_review":false},"product_brand":[],"product_cat":[391,381,386,385],"product_tag":[],"class_list":{"0":"post-49896","1":"product","2":"type-product","3":"status-publish","4":"has-post-thumbnail","6":"product_cat-latvijos-galios-peiliai","7":"product_cat-lauko-peiliai","8":"product_cat-medziokliniai-peiliai","9":"product_cat-zvejybos-peiliai","11":"first","12":"outofstock","13":"shipping-taxable","14":"purchasable","15":"product-type-simple"},"yoast_head":"<!-- This site is optimized with the Yoast SEO plugin v27.5 - https:\/\/yoast.com\/product\/yoast-seo-wordpress\/ -->\n<title>Latvijos elektrinis peilis &#039;&#039;Kry\u017eiaus kry\u017eius&#039;&#039;, kaltinis ner\u016bdijantis plienas - AAKnives<\/title>\n<meta name=\"description\" content=\"Latvijos elektrinis peilis &#039;&#039;Kry\u017eiaus kry\u017eius&#039;&#039;, kaltinis ner\u016bdijantis plienas\" \/>\n<meta name=\"robots\" content=\"index, follow, max-snippet:-1, max-image-preview:large, max-video-preview:-1\" \/>\n<link rel=\"canonical\" href=\"https:\/\/aaknives.eu\/lt\/product\/latvijos-elektrinis-peilis-kryziaus-kryzius-kaltinis-nerudijantis-plienas\/\" \/>\n<meta property=\"og:locale\" content=\"lt_LT\" \/>\n<meta property=\"og:type\" content=\"article\" \/>\n<meta property=\"og:title\" content=\"Latvijos elektrinis peilis &#039;&#039;Kry\u017eiaus kry\u017eius&#039;&#039;, kaltinis ner\u016bdijantis plienas - AAKnives\" \/>\n<meta property=\"og:description\" content=\"Latvijos elektrinis peilis &#039;&#039;Kry\u017eiaus kry\u017eius&#039;&#039;, kaltinis ner\u016bdijantis plienas\" \/>\n<meta property=\"og:url\" content=\"https:\/\/aaknives.eu\/lt\/product\/latvijos-elektrinis-peilis-kryziaus-kryzius-kaltinis-nerudijantis-plienas\/\" \/>\n<meta property=\"og:site_name\" content=\"AAKnives\" \/>\n<meta property=\"article:publisher\" content=\"https:\/\/www.facebook.com\/aaknives.eu\/\" \/>\n<meta property=\"article:modified_time\" content=\"2025-02-05T13:36:36+00:00\" \/>\n<meta property=\"og:image\" content=\"https:\/\/aaknives.eu\/wp-content\/uploads\/2021\/09\/aaknives-hand-forged-dabascus-steel-blade-knife-handmade-custom-made-knife-handcrafted-knives-autinetools-northmen-28.2-3.jpg\" \/>\n\t<meta property=\"og:image:width\" content=\"1020\" \/>\n\t<meta property=\"og:image:height\" content=\"880\" \/>\n\t<meta property=\"og:image:type\" content=\"image\/jpeg\" \/>\n<meta name=\"twitter:card\" content=\"summary_large_image\" \/>\n<meta name=\"twitter:label1\" content=\"Est. reading time\" \/>\n\t<meta name=\"twitter:data1\" content=\"1 minut\u0117\" \/>\n<script type=\"application\/ld+json\" class=\"yoast-schema-graph\">{\"@context\":\"https:\\\/\\\/schema.org\",\"@graph\":[{\"@type\":\"WebPage\",\"@id\":\"https:\\\/\\\/aaknives.eu\\\/lt\\\/product\\\/latvijos-elektrinis-peilis-kryziaus-kryzius-kaltinis-nerudijantis-plienas\\\/\",\"url\":\"https:\\\/\\\/aaknives.eu\\\/lt\\\/product\\\/latvijos-elektrinis-peilis-kryziaus-kryzius-kaltinis-nerudijantis-plienas\\\/\",\"name\":\"Latvijos elektrinis peilis ''Kry\u017eiaus kry\u017eius'', kaltinis ner\u016bdijantis plienas - AAKnives\",\"isPartOf\":{\"@id\":\"https:\\\/\\\/aaknives.eu\\\/lt\\\/#website\"},\"primaryImageOfPage\":{\"@id\":\"https:\\\/\\\/aaknives.eu\\\/lt\\\/product\\\/latvijos-elektrinis-peilis-kryziaus-kryzius-kaltinis-nerudijantis-plienas\\\/#primaryimage\"},\"image\":{\"@id\":\"https:\\\/\\\/aaknives.eu\\\/lt\\\/product\\\/latvijos-elektrinis-peilis-kryziaus-kryzius-kaltinis-nerudijantis-plienas\\\/#primaryimage\"},\"thumbnailUrl\":\"https:\\\/\\\/aaknives.eu\\\/wp-content\\\/uploads\\\/2021\\\/09\\\/aaknives-hand-forged-dabascus-steel-blade-knife-handmade-custom-made-knife-handcrafted-knives-autinetools-northmen-28.2-3.jpg\",\"datePublished\":\"2021-09-20T20:39:18+00:00\",\"dateModified\":\"2025-02-05T13:36:36+00:00\",\"description\":\"Latvijos elektrinis peilis ''Kry\u017eiaus kry\u017eius'', kaltinis ner\u016bdijantis plienas\",\"breadcrumb\":{\"@id\":\"https:\\\/\\\/aaknives.eu\\\/lt\\\/product\\\/latvijos-elektrinis-peilis-kryziaus-kryzius-kaltinis-nerudijantis-plienas\\\/#breadcrumb\"},\"inLanguage\":\"lt-LT\",\"potentialAction\":[{\"@type\":\"ReadAction\",\"target\":[\"https:\\\/\\\/aaknives.eu\\\/lt\\\/product\\\/latvijos-elektrinis-peilis-kryziaus-kryzius-kaltinis-nerudijantis-plienas\\\/\"]}]},{\"@type\":\"ImageObject\",\"inLanguage\":\"lt-LT\",\"@id\":\"https:\\\/\\\/aaknives.eu\\\/lt\\\/product\\\/latvijos-elektrinis-peilis-kryziaus-kryzius-kaltinis-nerudijantis-plienas\\\/#primaryimage\",\"url\":\"https:\\\/\\\/aaknives.eu\\\/wp-content\\\/uploads\\\/2021\\\/09\\\/aaknives-hand-forged-dabascus-steel-blade-knife-handmade-custom-made-knife-handcrafted-knives-autinetools-northmen-28.2-3.jpg\",\"contentUrl\":\"https:\\\/\\\/aaknives.eu\\\/wp-content\\\/uploads\\\/2021\\\/09\\\/aaknives-hand-forged-dabascus-steel-blade-knife-handmade-custom-made-knife-handcrafted-knives-autinetools-northmen-28.2-3.jpg\",\"width\":1020,\"height\":880},{\"@type\":\"BreadcrumbList\",\"@id\":\"https:\\\/\\\/aaknives.eu\\\/lt\\\/product\\\/latvijos-elektrinis-peilis-kryziaus-kryzius-kaltinis-nerudijantis-plienas\\\/#breadcrumb\",\"itemListElement\":[{\"@type\":\"ListItem\",\"position\":1,\"name\":\"Home\",\"item\":\"https:\\\/\\\/aaknives.eu\\\/lt\\\/\"},{\"@type\":\"ListItem\",\"position\":2,\"name\":\"Parduotuv\u0117\",\"item\":\"https:\\\/\\\/aaknives.eu\\\/parduotuve\\\/\"},{\"@type\":\"ListItem\",\"position\":3,\"name\":\"Private: Latvijos elektrinis peilis &#8221;Kry\u017eiaus kry\u017eius&#8221;, kaltinis ner\u016bdijantis plienas\"}]},{\"@type\":\"WebSite\",\"@id\":\"https:\\\/\\\/aaknives.eu\\\/lt\\\/#website\",\"url\":\"https:\\\/\\\/aaknives.eu\\\/lt\\\/\",\"name\":\"AAKnives\",\"description\":\"Handmade knives\",\"publisher\":{\"@id\":\"https:\\\/\\\/aaknives.eu\\\/lt\\\/#organization\"},\"potentialAction\":[{\"@type\":\"SearchAction\",\"target\":{\"@type\":\"EntryPoint\",\"urlTemplate\":\"https:\\\/\\\/aaknives.eu\\\/lt\\\/?s={search_term_string}\"},\"query-input\":{\"@type\":\"PropertyValueSpecification\",\"valueRequired\":true,\"valueName\":\"search_term_string\"}}],\"inLanguage\":\"lt-LT\"},{\"@type\":\"Organization\",\"@id\":\"https:\\\/\\\/aaknives.eu\\\/lt\\\/#organization\",\"name\":\"AAKnives\",\"url\":\"https:\\\/\\\/aaknives.eu\\\/lt\\\/\",\"logo\":{\"@type\":\"ImageObject\",\"inLanguage\":\"lt-LT\",\"@id\":\"https:\\\/\\\/aaknives.eu\\\/lt\\\/#\\\/schema\\\/logo\\\/image\\\/\",\"url\":\"https:\\\/\\\/aaknives.eu\\\/wp-content\\\/uploads\\\/2021\\\/10\\\/AAknives_Logo_Green.png\",\"contentUrl\":\"https:\\\/\\\/aaknives.eu\\\/wp-content\\\/uploads\\\/2021\\\/10\\\/AAknives_Logo_Green.png\",\"width\":1768,\"height\":1768,\"caption\":\"AAKnives\"},\"image\":{\"@id\":\"https:\\\/\\\/aaknives.eu\\\/lt\\\/#\\\/schema\\\/logo\\\/image\\\/\"},\"sameAs\":[\"https:\\\/\\\/www.facebook.com\\\/aaknives.eu\\\/\",\"https:\\\/\\\/www.instagram.com\\\/aaknives\\\/\",\"https:\\\/\\\/www.pinterest.com\\\/aa_knives\\\/\",\"https:\\\/\\\/www.youtube.com\\\/channel\\\/UCHOQFjrOkgT6s4FIw9LDKyw\\\/featured\"]}]}<\/script>\n<!-- \/ Yoast SEO plugin. -->","yoast_head_json":{"title":"Latvijos elektrinis peilis ''Kry\u017eiaus kry\u017eius'', kaltinis ner\u016bdijantis plienas - AAKnives","description":"Latvijos elektrinis peilis ''Kry\u017eiaus kry\u017eius'', kaltinis ner\u016bdijantis plienas","robots":{"index":"index","follow":"follow","max-snippet":"max-snippet:-1","max-image-preview":"max-image-preview:large","max-video-preview":"max-video-preview:-1"},"canonical":"https:\/\/aaknives.eu\/lt\/product\/latvijos-elektrinis-peilis-kryziaus-kryzius-kaltinis-nerudijantis-plienas\/","og_locale":"lt_LT","og_type":"article","og_title":"Latvijos elektrinis peilis ''Kry\u017eiaus kry\u017eius'', kaltinis ner\u016bdijantis plienas - AAKnives","og_description":"Latvijos elektrinis peilis ''Kry\u017eiaus kry\u017eius'', kaltinis ner\u016bdijantis plienas","og_url":"https:\/\/aaknives.eu\/lt\/product\/latvijos-elektrinis-peilis-kryziaus-kryzius-kaltinis-nerudijantis-plienas\/","og_site_name":"AAKnives","article_publisher":"https:\/\/www.facebook.com\/aaknives.eu\/","article_modified_time":"2025-02-05T13:36:36+00:00","og_image":[{"width":1020,"height":880,"url":"https:\/\/aaknives.eu\/wp-content\/uploads\/2021\/09\/aaknives-hand-forged-dabascus-steel-blade-knife-handmade-custom-made-knife-handcrafted-knives-autinetools-northmen-28.2-3.jpg","type":"image\/jpeg"}],"twitter_card":"summary_large_image","twitter_misc":{"Est. reading time":"1 minut\u0117"},"schema":{"@context":"https:\/\/schema.org","@graph":[{"@type":"WebPage","@id":"https:\/\/aaknives.eu\/lt\/product\/latvijos-elektrinis-peilis-kryziaus-kryzius-kaltinis-nerudijantis-plienas\/","url":"https:\/\/aaknives.eu\/lt\/product\/latvijos-elektrinis-peilis-kryziaus-kryzius-kaltinis-nerudijantis-plienas\/","name":"Latvijos elektrinis peilis ''Kry\u017eiaus kry\u017eius'', kaltinis ner\u016bdijantis plienas - AAKnives","isPartOf":{"@id":"https:\/\/aaknives.eu\/lt\/#website"},"primaryImageOfPage":{"@id":"https:\/\/aaknives.eu\/lt\/product\/latvijos-elektrinis-peilis-kryziaus-kryzius-kaltinis-nerudijantis-plienas\/#primaryimage"},"image":{"@id":"https:\/\/aaknives.eu\/lt\/product\/latvijos-elektrinis-peilis-kryziaus-kryzius-kaltinis-nerudijantis-plienas\/#primaryimage"},"thumbnailUrl":"https:\/\/aaknives.eu\/wp-content\/uploads\/2021\/09\/aaknives-hand-forged-dabascus-steel-blade-knife-handmade-custom-made-knife-handcrafted-knives-autinetools-northmen-28.2-3.jpg","datePublished":"2021-09-20T20:39:18+00:00","dateModified":"2025-02-05T13:36:36+00:00","description":"Latvijos elektrinis peilis ''Kry\u017eiaus kry\u017eius'', kaltinis ner\u016bdijantis plienas","breadcrumb":{"@id":"https:\/\/aaknives.eu\/lt\/product\/latvijos-elektrinis-peilis-kryziaus-kryzius-kaltinis-nerudijantis-plienas\/#breadcrumb"},"inLanguage":"lt-LT","potentialAction":[{"@type":"ReadAction","target":["https:\/\/aaknives.eu\/lt\/product\/latvijos-elektrinis-peilis-kryziaus-kryzius-kaltinis-nerudijantis-plienas\/"]}]},{"@type":"ImageObject","inLanguage":"lt-LT","@id":"https:\/\/aaknives.eu\/lt\/product\/latvijos-elektrinis-peilis-kryziaus-kryzius-kaltinis-nerudijantis-plienas\/#primaryimage","url":"https:\/\/aaknives.eu\/wp-content\/uploads\/2021\/09\/aaknives-hand-forged-dabascus-steel-blade-knife-handmade-custom-made-knife-handcrafted-knives-autinetools-northmen-28.2-3.jpg","contentUrl":"https:\/\/aaknives.eu\/wp-content\/uploads\/2021\/09\/aaknives-hand-forged-dabascus-steel-blade-knife-handmade-custom-made-knife-handcrafted-knives-autinetools-northmen-28.2-3.jpg","width":1020,"height":880},{"@type":"BreadcrumbList","@id":"https:\/\/aaknives.eu\/lt\/product\/latvijos-elektrinis-peilis-kryziaus-kryzius-kaltinis-nerudijantis-plienas\/#breadcrumb","itemListElement":[{"@type":"ListItem","position":1,"name":"Home","item":"https:\/\/aaknives.eu\/lt\/"},{"@type":"ListItem","position":2,"name":"Parduotuv\u0117","item":"https:\/\/aaknives.eu\/parduotuve\/"},{"@type":"ListItem","position":3,"name":"Private: Latvijos elektrinis peilis &#8221;Kry\u017eiaus kry\u017eius&#8221;, kaltinis ner\u016bdijantis plienas"}]},{"@type":"WebSite","@id":"https:\/\/aaknives.eu\/lt\/#website","url":"https:\/\/aaknives.eu\/lt\/","name":"AAKnives","description":"Handmade knives","publisher":{"@id":"https:\/\/aaknives.eu\/lt\/#organization"},"potentialAction":[{"@type":"SearchAction","target":{"@type":"EntryPoint","urlTemplate":"https:\/\/aaknives.eu\/lt\/?s={search_term_string}"},"query-input":{"@type":"PropertyValueSpecification","valueRequired":true,"valueName":"search_term_string"}}],"inLanguage":"lt-LT"},{"@type":"Organization","@id":"https:\/\/aaknives.eu\/lt\/#organization","name":"AAKnives","url":"https:\/\/aaknives.eu\/lt\/","logo":{"@type":"ImageObject","inLanguage":"lt-LT","@id":"https:\/\/aaknives.eu\/lt\/#\/schema\/logo\/image\/","url":"https:\/\/aaknives.eu\/wp-content\/uploads\/2021\/10\/AAknives_Logo_Green.png","contentUrl":"https:\/\/aaknives.eu\/wp-content\/uploads\/2021\/10\/AAknives_Logo_Green.png","width":1768,"height":1768,"caption":"AAKnives"},"image":{"@id":"https:\/\/aaknives.eu\/lt\/#\/schema\/logo\/image\/"},"sameAs":["https:\/\/www.facebook.com\/aaknives.eu\/","https:\/\/www.instagram.com\/aaknives\/","https:\/\/www.pinterest.com\/aa_knives\/","https:\/\/www.youtube.com\/channel\/UCHOQFjrOkgT6s4FIw9LDKyw\/featured"]}]}},"_links":{"self":[{"href":"https:\/\/aaknives.eu\/lt\/wp-json\/wp\/v2\/product\/49896","targetHints":{"allow":["GET"]}}],"collection":[{"href":"https:\/\/aaknives.eu\/lt\/wp-json\/wp\/v2\/product"}],"about":[{"href":"https:\/\/aaknives.eu\/lt\/wp-json\/wp\/v2\/types\/product"}],"wp:featuredmedia":[{"embeddable":true,"href":"https:\/\/aaknives.eu\/lt\/wp-json\/wp\/v2\/media\/95584"}],"wp:attachment":[{"href":"https:\/\/aaknives.eu\/lt\/wp-json\/wp\/v2\/media?parent=49896"}],"wp:term":[{"taxonomy":"product_brand","embeddable":true,"href":"https:\/\/aaknives.eu\/lt\/wp-json\/wp\/v2\/product_brand?post=49896"},{"taxonomy":"product_cat","embeddable":true,"href":"https:\/\/aaknives.eu\/lt\/wp-json\/wp\/v2\/product_cat?post=49896"},{"taxonomy":"product_tag","embeddable":true,"href":"https:\/\/aaknives.eu\/lt\/wp-json\/wp\/v2\/product_tag?post=49896"}],"curies":[{"name":"wp","href":"https:\/\/api.w.org\/{rel}","templated":true}]}}