{"id":49950,"date":"2021-09-20T20:36:18","date_gmt":"2021-09-20T20:36:18","guid":{"rendered":"https:\/\/aaknives.eu\/product\/peilis-fisherman-rankomis-kaltas-svedisko-plieno-uddeholm-elmax-superclean\/"},"modified":"2024-07-02T17:21:19","modified_gmt":"2024-07-02T17:21:19","slug":"peilis-fisherman-rankomis-kaltas-svedisko-plieno-uddeholm-elmax-superclean","status":"publish","type":"product","link":"https:\/\/aaknives.eu\/lt\/product\/peilis-fisherman-rankomis-kaltas-svedisko-plieno-uddeholm-elmax-superclean\/","title":{"rendered":"Knife &#8221;POSEIDON&#8221; &#8211; hand forged Swedish Steel Uddeholm \u201dElmax\u201d SuperClean"},"content":{"rendered":"<p>Peilio specifikacijos: POSEIDON<br \/>\nPlienas: \u0160vedi\u0161kas plienas Uddeholm &#8220;Elmax&#8221; SuperClean<br \/>\nKietumas: 60 HRC<br \/>\nGele\u017et\u0117s ilgis (mm): Skai\u010diuokl\u0117 (mm): 112 \/ 4,40 colio<br \/>\nGele\u017et\u0117s storis (mm): (mm): 4 \/ 0,15 colio<br \/>\nA\u0161men\u0173 plotis (mm): Atsparumas (mm): 31 \/ 1,22 colio<br \/>\nRankena: stabilizuotas Karelijos ber\u017eas<br \/>\nBendras ilgis (mm): Vidutinis ilgis (mm): 238 \/ 9,37 colio<\/p>\n<p>ELMAX ner\u016bdijantis miltelinis \u012frankinis legiruotasis plienas gaminamas \u0160vedijoje. Gamintojas yra UDDEHOLM .Elmax plieno peiliai populiar\u016bs visame pasaulyje. Elmax plienas labai atsparus dilimui, d\u0117l didelio chromo, vanad\u017eio, molibdeno kiekio pasi\u017eymi atsparumu korozijai. itin kieta pjovimo briauna. Kietumas 62 vienetai pagal Rokvelo skal\u0119, geresnis plasti\u0161kumas (atsparumas l\u016b\u017eiams)I\u0161 ELMAX plieno pagaminti peiliai gerai pasiduoda poliravimui, d\u0117l kurio pavir\u0161ius tampa veidrodinis.<\/p>\n","protected":false},"excerpt":{"rendered":"<p>Peilio specifikacijos: POSEIDON Plienas: \u0160vedi\u0161kas plienas Uddeholm &#8220;Elmax&#8221; SuperClean Kietumas: 60 HRC Gele\u017et\u0117s ilgis (mm): Skai\u010diuokl\u0117 (mm): 112 \/ 4,40 colio Gele\u017et\u0117s storis (mm): (mm): 4 \/ 0,15 colio A\u0161men\u0173 plotis (mm): Atsparumas (mm): 31 \/ 1,22 colio Rankena: stabilizuotas Karelijos ber\u017eas Bendras ilgis (mm): Vidutinis ilgis (mm): 238 \/ 9,37 colio ELMAX ner\u016bdijantis miltelinis \u012frankinis legiruotasis plienas gaminamas \u0160vedijoje. Gamintojas yra UDDEHOLM .Elmax plieno peiliai populiar\u016bs visame pasaulyje. Elmax plienas labai atsparus dilimui, d\u0117l didelio chromo, vanad\u017eio, molibdeno kiekio pasi\u017eymi atsparumu korozijai. itin kieta pjovimo briauna. Kietumas 62 vienetai pagal Rokvelo skal\u0119, geresnis plasti\u0161kumas (atsparumas l\u016b\u017eiams)I\u0161 ELMAX plieno pagaminti&hellip;<\/p>\n","protected":false},"featured_media":104279,"template":"","meta":{"_themeisle_gutenberg_block_has_review":false},"product_brand":[],"product_cat":[381,385],"product_tag":[],"class_list":{"0":"post-49950","1":"product","2":"type-product","3":"status-publish","4":"has-post-thumbnail","6":"product_cat-lauko-peiliai","7":"product_cat-zvejybos-peiliai","9":"first","10":"instock","11":"shipping-taxable","12":"purchasable","13":"product-type-simple"},"yoast_head":"<!-- This site is optimized with the Yoast SEO plugin v27.3 - https:\/\/yoast.com\/product\/yoast-seo-wordpress\/ -->\n<title>Knife &#039;&#039;POSEIDON&#039;&#039; - hand forged Swedish Steel Uddeholm \u201dElmax\u201d SuperClean - AAKnives<\/title>\n<meta name=\"description\" content=\"Knife POSEIDON - hand forged Swedish Steel Uddeholm \u201dElmax\u201d SuperClean, camping knife, outdoor knife, handmade knife, fishing knife\" \/>\n<meta name=\"robots\" content=\"index, follow, max-snippet:-1, max-image-preview:large, max-video-preview:-1\" \/>\n<link rel=\"canonical\" href=\"https:\/\/aaknives.eu\/lt\/product\/peilis-fisherman-rankomis-kaltas-svedisko-plieno-uddeholm-elmax-superclean\/\" \/>\n<meta property=\"og:locale\" content=\"lt_LT\" \/>\n<meta property=\"og:type\" content=\"article\" \/>\n<meta property=\"og:title\" content=\"Knife &#039;&#039;POSEIDON&#039;&#039; - hand forged Swedish Steel Uddeholm \u201dElmax\u201d SuperClean - AAKnives\" \/>\n<meta property=\"og:description\" content=\"Knife POSEIDON - hand forged Swedish Steel Uddeholm \u201dElmax\u201d SuperClean, camping knife, outdoor knife, handmade knife, fishing knife\" \/>\n<meta property=\"og:url\" content=\"https:\/\/aaknives.eu\/lt\/product\/peilis-fisherman-rankomis-kaltas-svedisko-plieno-uddeholm-elmax-superclean\/\" \/>\n<meta property=\"og:site_name\" content=\"AAKnives\" \/>\n<meta property=\"article:publisher\" content=\"https:\/\/www.facebook.com\/aaknives.eu\/\" \/>\n<meta property=\"article:modified_time\" content=\"2024-07-02T17:21:19+00:00\" \/>\n<meta property=\"og:image\" content=\"https:\/\/aaknives.eu\/wp-content\/uploads\/2021\/09\/aaknives-hand-forged-dabascus-steel-blade-knife-handmade-custom-made-knife-handcrafted-knives-autinetools-northmen-20.2-4.jpg\" \/>\n\t<meta property=\"og:image:width\" content=\"1020\" \/>\n\t<meta property=\"og:image:height\" content=\"880\" \/>\n\t<meta property=\"og:image:type\" content=\"image\/jpeg\" \/>\n<meta name=\"twitter:card\" content=\"summary_large_image\" \/>\n<meta name=\"twitter:label1\" content=\"Est. reading time\" \/>\n\t<meta name=\"twitter:data1\" content=\"1 minut\u0117\" \/>\n<script type=\"application\/ld+json\" class=\"yoast-schema-graph\">{\"@context\":\"https:\\\/\\\/schema.org\",\"@graph\":[{\"@type\":\"WebPage\",\"@id\":\"https:\\\/\\\/aaknives.eu\\\/lt\\\/product\\\/peilis-fisherman-rankomis-kaltas-svedisko-plieno-uddeholm-elmax-superclean\\\/\",\"url\":\"https:\\\/\\\/aaknives.eu\\\/lt\\\/product\\\/peilis-fisherman-rankomis-kaltas-svedisko-plieno-uddeholm-elmax-superclean\\\/\",\"name\":\"Knife ''POSEIDON'' - hand forged Swedish Steel Uddeholm \u201dElmax\u201d SuperClean - AAKnives\",\"isPartOf\":{\"@id\":\"https:\\\/\\\/aaknives.eu\\\/lt\\\/#website\"},\"primaryImageOfPage\":{\"@id\":\"https:\\\/\\\/aaknives.eu\\\/lt\\\/product\\\/peilis-fisherman-rankomis-kaltas-svedisko-plieno-uddeholm-elmax-superclean\\\/#primaryimage\"},\"image\":{\"@id\":\"https:\\\/\\\/aaknives.eu\\\/lt\\\/product\\\/peilis-fisherman-rankomis-kaltas-svedisko-plieno-uddeholm-elmax-superclean\\\/#primaryimage\"},\"thumbnailUrl\":\"https:\\\/\\\/aaknives.eu\\\/wp-content\\\/uploads\\\/2021\\\/09\\\/aaknives-hand-forged-damascus-steel-blade-knife-handmade-custom-made-knife-handcrafted-knives-autinetools-northmen-1-92.jpg\",\"datePublished\":\"2021-09-20T20:36:18+00:00\",\"dateModified\":\"2024-07-02T17:21:19+00:00\",\"description\":\"Knife POSEIDON - hand forged Swedish Steel Uddeholm \u201dElmax\u201d SuperClean, camping knife, outdoor knife, handmade knife, fishing knife\",\"breadcrumb\":{\"@id\":\"https:\\\/\\\/aaknives.eu\\\/lt\\\/product\\\/peilis-fisherman-rankomis-kaltas-svedisko-plieno-uddeholm-elmax-superclean\\\/#breadcrumb\"},\"inLanguage\":\"lt-LT\",\"potentialAction\":[{\"@type\":\"ReadAction\",\"target\":[\"https:\\\/\\\/aaknives.eu\\\/lt\\\/product\\\/peilis-fisherman-rankomis-kaltas-svedisko-plieno-uddeholm-elmax-superclean\\\/\"]}]},{\"@type\":\"ImageObject\",\"inLanguage\":\"lt-LT\",\"@id\":\"https:\\\/\\\/aaknives.eu\\\/lt\\\/product\\\/peilis-fisherman-rankomis-kaltas-svedisko-plieno-uddeholm-elmax-superclean\\\/#primaryimage\",\"url\":\"https:\\\/\\\/aaknives.eu\\\/wp-content\\\/uploads\\\/2021\\\/09\\\/aaknives-hand-forged-damascus-steel-blade-knife-handmade-custom-made-knife-handcrafted-knives-autinetools-northmen-1-92.jpg\",\"contentUrl\":\"https:\\\/\\\/aaknives.eu\\\/wp-content\\\/uploads\\\/2021\\\/09\\\/aaknives-hand-forged-damascus-steel-blade-knife-handmade-custom-made-knife-handcrafted-knives-autinetools-northmen-1-92.jpg\",\"width\":1020,\"height\":880},{\"@type\":\"BreadcrumbList\",\"@id\":\"https:\\\/\\\/aaknives.eu\\\/lt\\\/product\\\/peilis-fisherman-rankomis-kaltas-svedisko-plieno-uddeholm-elmax-superclean\\\/#breadcrumb\",\"itemListElement\":[{\"@type\":\"ListItem\",\"position\":1,\"name\":\"Home\",\"item\":\"https:\\\/\\\/aaknives.eu\\\/lt\\\/\"},{\"@type\":\"ListItem\",\"position\":2,\"name\":\"Parduotuv\u0117\",\"item\":\"https:\\\/\\\/aaknives.eu\\\/parduotuve\\\/\"},{\"@type\":\"ListItem\",\"position\":3,\"name\":\"Private: Knife &#8221;POSEIDON&#8221; &#8211; hand forged Swedish Steel Uddeholm \u201dElmax\u201d SuperClean\"}]},{\"@type\":\"WebSite\",\"@id\":\"https:\\\/\\\/aaknives.eu\\\/lt\\\/#website\",\"url\":\"https:\\\/\\\/aaknives.eu\\\/lt\\\/\",\"name\":\"AAKnives\",\"description\":\"Handmade knives\",\"publisher\":{\"@id\":\"https:\\\/\\\/aaknives.eu\\\/lt\\\/#organization\"},\"potentialAction\":[{\"@type\":\"SearchAction\",\"target\":{\"@type\":\"EntryPoint\",\"urlTemplate\":\"https:\\\/\\\/aaknives.eu\\\/lt\\\/?s={search_term_string}\"},\"query-input\":{\"@type\":\"PropertyValueSpecification\",\"valueRequired\":true,\"valueName\":\"search_term_string\"}}],\"inLanguage\":\"lt-LT\"},{\"@type\":\"Organization\",\"@id\":\"https:\\\/\\\/aaknives.eu\\\/lt\\\/#organization\",\"name\":\"AAKnives\",\"url\":\"https:\\\/\\\/aaknives.eu\\\/lt\\\/\",\"logo\":{\"@type\":\"ImageObject\",\"inLanguage\":\"lt-LT\",\"@id\":\"https:\\\/\\\/aaknives.eu\\\/lt\\\/#\\\/schema\\\/logo\\\/image\\\/\",\"url\":\"https:\\\/\\\/aaknives.eu\\\/wp-content\\\/uploads\\\/2021\\\/10\\\/AAknives_Logo_Green.png\",\"contentUrl\":\"https:\\\/\\\/aaknives.eu\\\/wp-content\\\/uploads\\\/2021\\\/10\\\/AAknives_Logo_Green.png\",\"width\":1768,\"height\":1768,\"caption\":\"AAKnives\"},\"image\":{\"@id\":\"https:\\\/\\\/aaknives.eu\\\/lt\\\/#\\\/schema\\\/logo\\\/image\\\/\"},\"sameAs\":[\"https:\\\/\\\/www.facebook.com\\\/aaknives.eu\\\/\",\"https:\\\/\\\/www.instagram.com\\\/aaknives\\\/\",\"https:\\\/\\\/www.pinterest.com\\\/aa_knives\\\/\",\"https:\\\/\\\/www.youtube.com\\\/channel\\\/UCHOQFjrOkgT6s4FIw9LDKyw\\\/featured\"]}]}<\/script>\n<!-- \/ Yoast SEO plugin. -->","yoast_head_json":{"title":"Knife ''POSEIDON'' - hand forged Swedish Steel Uddeholm \u201dElmax\u201d SuperClean - AAKnives","description":"Knife POSEIDON - hand forged Swedish Steel Uddeholm \u201dElmax\u201d SuperClean, camping knife, outdoor knife, handmade knife, fishing knife","robots":{"index":"index","follow":"follow","max-snippet":"max-snippet:-1","max-image-preview":"max-image-preview:large","max-video-preview":"max-video-preview:-1"},"canonical":"https:\/\/aaknives.eu\/lt\/product\/peilis-fisherman-rankomis-kaltas-svedisko-plieno-uddeholm-elmax-superclean\/","og_locale":"lt_LT","og_type":"article","og_title":"Knife ''POSEIDON'' - hand forged Swedish Steel Uddeholm \u201dElmax\u201d SuperClean - AAKnives","og_description":"Knife POSEIDON - hand forged Swedish Steel Uddeholm \u201dElmax\u201d SuperClean, camping knife, outdoor knife, handmade knife, fishing knife","og_url":"https:\/\/aaknives.eu\/lt\/product\/peilis-fisherman-rankomis-kaltas-svedisko-plieno-uddeholm-elmax-superclean\/","og_site_name":"AAKnives","article_publisher":"https:\/\/www.facebook.com\/aaknives.eu\/","article_modified_time":"2024-07-02T17:21:19+00:00","og_image":[{"width":1020,"height":880,"url":"https:\/\/aaknives.eu\/wp-content\/uploads\/2021\/09\/aaknives-hand-forged-dabascus-steel-blade-knife-handmade-custom-made-knife-handcrafted-knives-autinetools-northmen-20.2-4.jpg","type":"image\/jpeg"}],"twitter_card":"summary_large_image","twitter_misc":{"Est. reading time":"1 minut\u0117"},"schema":{"@context":"https:\/\/schema.org","@graph":[{"@type":"WebPage","@id":"https:\/\/aaknives.eu\/lt\/product\/peilis-fisherman-rankomis-kaltas-svedisko-plieno-uddeholm-elmax-superclean\/","url":"https:\/\/aaknives.eu\/lt\/product\/peilis-fisherman-rankomis-kaltas-svedisko-plieno-uddeholm-elmax-superclean\/","name":"Knife ''POSEIDON'' - hand forged Swedish Steel Uddeholm \u201dElmax\u201d SuperClean - AAKnives","isPartOf":{"@id":"https:\/\/aaknives.eu\/lt\/#website"},"primaryImageOfPage":{"@id":"https:\/\/aaknives.eu\/lt\/product\/peilis-fisherman-rankomis-kaltas-svedisko-plieno-uddeholm-elmax-superclean\/#primaryimage"},"image":{"@id":"https:\/\/aaknives.eu\/lt\/product\/peilis-fisherman-rankomis-kaltas-svedisko-plieno-uddeholm-elmax-superclean\/#primaryimage"},"thumbnailUrl":"https:\/\/aaknives.eu\/wp-content\/uploads\/2021\/09\/aaknives-hand-forged-damascus-steel-blade-knife-handmade-custom-made-knife-handcrafted-knives-autinetools-northmen-1-92.jpg","datePublished":"2021-09-20T20:36:18+00:00","dateModified":"2024-07-02T17:21:19+00:00","description":"Knife POSEIDON - hand forged Swedish Steel Uddeholm \u201dElmax\u201d SuperClean, camping knife, outdoor knife, handmade knife, fishing knife","breadcrumb":{"@id":"https:\/\/aaknives.eu\/lt\/product\/peilis-fisherman-rankomis-kaltas-svedisko-plieno-uddeholm-elmax-superclean\/#breadcrumb"},"inLanguage":"lt-LT","potentialAction":[{"@type":"ReadAction","target":["https:\/\/aaknives.eu\/lt\/product\/peilis-fisherman-rankomis-kaltas-svedisko-plieno-uddeholm-elmax-superclean\/"]}]},{"@type":"ImageObject","inLanguage":"lt-LT","@id":"https:\/\/aaknives.eu\/lt\/product\/peilis-fisherman-rankomis-kaltas-svedisko-plieno-uddeholm-elmax-superclean\/#primaryimage","url":"https:\/\/aaknives.eu\/wp-content\/uploads\/2021\/09\/aaknives-hand-forged-damascus-steel-blade-knife-handmade-custom-made-knife-handcrafted-knives-autinetools-northmen-1-92.jpg","contentUrl":"https:\/\/aaknives.eu\/wp-content\/uploads\/2021\/09\/aaknives-hand-forged-damascus-steel-blade-knife-handmade-custom-made-knife-handcrafted-knives-autinetools-northmen-1-92.jpg","width":1020,"height":880},{"@type":"BreadcrumbList","@id":"https:\/\/aaknives.eu\/lt\/product\/peilis-fisherman-rankomis-kaltas-svedisko-plieno-uddeholm-elmax-superclean\/#breadcrumb","itemListElement":[{"@type":"ListItem","position":1,"name":"Home","item":"https:\/\/aaknives.eu\/lt\/"},{"@type":"ListItem","position":2,"name":"Parduotuv\u0117","item":"https:\/\/aaknives.eu\/parduotuve\/"},{"@type":"ListItem","position":3,"name":"Private: Knife &#8221;POSEIDON&#8221; &#8211; hand forged Swedish Steel Uddeholm \u201dElmax\u201d SuperClean"}]},{"@type":"WebSite","@id":"https:\/\/aaknives.eu\/lt\/#website","url":"https:\/\/aaknives.eu\/lt\/","name":"AAKnives","description":"Handmade knives","publisher":{"@id":"https:\/\/aaknives.eu\/lt\/#organization"},"potentialAction":[{"@type":"SearchAction","target":{"@type":"EntryPoint","urlTemplate":"https:\/\/aaknives.eu\/lt\/?s={search_term_string}"},"query-input":{"@type":"PropertyValueSpecification","valueRequired":true,"valueName":"search_term_string"}}],"inLanguage":"lt-LT"},{"@type":"Organization","@id":"https:\/\/aaknives.eu\/lt\/#organization","name":"AAKnives","url":"https:\/\/aaknives.eu\/lt\/","logo":{"@type":"ImageObject","inLanguage":"lt-LT","@id":"https:\/\/aaknives.eu\/lt\/#\/schema\/logo\/image\/","url":"https:\/\/aaknives.eu\/wp-content\/uploads\/2021\/10\/AAknives_Logo_Green.png","contentUrl":"https:\/\/aaknives.eu\/wp-content\/uploads\/2021\/10\/AAknives_Logo_Green.png","width":1768,"height":1768,"caption":"AAKnives"},"image":{"@id":"https:\/\/aaknives.eu\/lt\/#\/schema\/logo\/image\/"},"sameAs":["https:\/\/www.facebook.com\/aaknives.eu\/","https:\/\/www.instagram.com\/aaknives\/","https:\/\/www.pinterest.com\/aa_knives\/","https:\/\/www.youtube.com\/channel\/UCHOQFjrOkgT6s4FIw9LDKyw\/featured"]}]}},"_links":{"self":[{"href":"https:\/\/aaknives.eu\/lt\/wp-json\/wp\/v2\/product\/49950","targetHints":{"allow":["GET"]}}],"collection":[{"href":"https:\/\/aaknives.eu\/lt\/wp-json\/wp\/v2\/product"}],"about":[{"href":"https:\/\/aaknives.eu\/lt\/wp-json\/wp\/v2\/types\/product"}],"wp:featuredmedia":[{"embeddable":true,"href":"https:\/\/aaknives.eu\/lt\/wp-json\/wp\/v2\/media\/104279"}],"wp:attachment":[{"href":"https:\/\/aaknives.eu\/lt\/wp-json\/wp\/v2\/media?parent=49950"}],"wp:term":[{"taxonomy":"product_brand","embeddable":true,"href":"https:\/\/aaknives.eu\/lt\/wp-json\/wp\/v2\/product_brand?post=49950"},{"taxonomy":"product_cat","embeddable":true,"href":"https:\/\/aaknives.eu\/lt\/wp-json\/wp\/v2\/product_cat?post=49950"},{"taxonomy":"product_tag","embeddable":true,"href":"https:\/\/aaknives.eu\/lt\/wp-json\/wp\/v2\/product_tag?post=49950"}],"curies":[{"name":"wp","href":"https:\/\/api.w.org\/{rel}","templated":true}]}}