{"id":49973,"date":"2021-09-20T20:36:42","date_gmt":"2021-09-20T20:36:42","guid":{"rendered":"https:\/\/aaknives.eu\/product\/peilis-leuku-small-damasko-plieno-peilis-su-fiksuota-gelezte\/"},"modified":"2021-09-20T20:36:42","modified_gmt":"2021-09-20T20:36:42","slug":"peilis-leuku-small-damasko-plieno-peilis-su-fiksuota-gelezte","status":"publish","type":"product","link":"https:\/\/aaknives.eu\/lt\/product\/peilis-leuku-small-damasko-plieno-peilis-su-fiksuota-gelezte\/","title":{"rendered":"Peilis &#8221;LEUKU &#8211; small&#8221; &#8211; Damasko plieno peilis su fiksuota gele\u017ete"},"content":{"rendered":"<p>Peilio specifikacijos: LEUKU &#8211; ma\u017eas<br \/>\nPlienas: rankomis kalta Damasko plieno gele\u017et\u0117<br \/>\nKietumas: 60-62 HRC<br \/>\nGele\u017et\u0117s ilgis (mm): Atsparumas (mm): 168 \/ 6,61 colio<br \/>\nGele\u017et\u0117s storis (mm): (mm): 2,5 \/ 0,98 colio<br \/>\nA\u0161men\u0173 plotis (mm): Atsparumas (mm): 32 \/ 1,25 colio<br \/>\nRankena: stabilizuotas Karelijos ber\u017eas<br \/>\nBendras ilgis (mm): Vidutinis ilgis (mm): 294 \/ 11,57 colio<\/p>\n<p>Damasko plieno peili\u0173 privalumai:<br \/>\nDidesnis stiprumas<br \/>\nDidelis kietumas<br \/>\nPuikios pjovimo savyb\u0117s<br \/>\nGra\u017eus dizainas<br \/>\nIlgalaikis a\u0161trumas<\/p>\n<p>Gele\u017et\u0117s kietumas 60-62 HRC.<br \/>\nRank\u0173 darbo<\/p>\n","protected":false},"excerpt":{"rendered":"<p>Peilio specifikacijos: LEUKU &#8211; ma\u017eas Plienas: rankomis kalta Damasko plieno gele\u017et\u0117 Kietumas: 60-62 HRC Gele\u017et\u0117s ilgis (mm): Atsparumas (mm): 168 \/ 6,61 colio Gele\u017et\u0117s storis (mm): (mm): 2,5 \/ 0,98 colio A\u0161men\u0173 plotis (mm): Atsparumas (mm): 32 \/ 1,25 colio Rankena: stabilizuotas Karelijos ber\u017eas Bendras ilgis (mm): Vidutinis ilgis (mm): 294 \/ 11,57 colio Damasko plieno peili\u0173 privalumai: Didesnis stiprumas Didelis kietumas Puikios pjovimo savyb\u0117s Gra\u017eus dizainas Ilgalaikis a\u0161trumas Gele\u017et\u0117s kietumas 60-62 HRC. Rank\u0173 darbo<\/p>\n","protected":false},"featured_media":49974,"template":"","meta":{"_themeisle_gutenberg_block_has_review":false},"product_brand":[],"product_cat":[380,381,386],"product_tag":[],"class_list":{"0":"post-49973","1":"product","2":"type-product","3":"status-publish","4":"has-post-thumbnail","6":"product_cat-premium-ir-isskirtiniai-peiliai","7":"product_cat-lauko-peiliai","8":"product_cat-medziokliniai-peiliai","10":"first","11":"instock","12":"shipping-taxable","13":"purchasable","14":"product-type-simple"},"yoast_head":"<!-- This site is optimized with the Yoast SEO plugin v27.3 - https:\/\/yoast.com\/product\/yoast-seo-wordpress\/ -->\n<title>Peilis &#039;&#039;LEUKU - small&#039;&#039; - Damasko plieno peilis su fiksuota gele\u017ete - AAKnives<\/title>\n<meta name=\"description\" content=\"Peilis -LEUKU - ma\u017eas Damasko peilis, Damasko plieno peilis, peilis fiksuotais a\u0161menimis, pagal u\u017esakym\u0105 pagamintas peilis, rank\u0173 darbo peilis\" \/>\n<meta name=\"robots\" content=\"index, follow, max-snippet:-1, max-image-preview:large, max-video-preview:-1\" \/>\n<link rel=\"canonical\" href=\"https:\/\/aaknives.eu\/lt\/product\/peilis-leuku-small-damasko-plieno-peilis-su-fiksuota-gelezte\/\" \/>\n<meta property=\"og:locale\" content=\"lt_LT\" \/>\n<meta property=\"og:type\" content=\"article\" \/>\n<meta property=\"og:title\" content=\"Peilis &#039;&#039;LEUKU - small&#039;&#039; - Damasko plieno peilis su fiksuota gele\u017ete - AAKnives\" \/>\n<meta property=\"og:description\" content=\"Peilis -LEUKU - ma\u017eas Damasko peilis, Damasko plieno peilis, peilis fiksuotais a\u0161menimis, pagal u\u017esakym\u0105 pagamintas peilis, rank\u0173 darbo peilis\" \/>\n<meta property=\"og:url\" content=\"https:\/\/aaknives.eu\/lt\/product\/peilis-leuku-small-damasko-plieno-peilis-su-fiksuota-gelezte\/\" \/>\n<meta property=\"og:site_name\" content=\"AAKnives\" \/>\n<meta property=\"article:publisher\" content=\"https:\/\/www.facebook.com\/aaknives.eu\/\" \/>\n<meta property=\"og:image\" content=\"https:\/\/aaknives.eu\/wp-content\/uploads\/2021\/09\/aaknives-hand-forged-dabascus-steel-blade-knife-handmade-custom-made-knife-handcrafted-knives-autinetools-northmen-16-1-1-2.jpg\" \/>\n\t<meta property=\"og:image:width\" content=\"800\" \/>\n\t<meta property=\"og:image:height\" content=\"600\" \/>\n\t<meta property=\"og:image:type\" content=\"image\/jpeg\" \/>\n<meta name=\"twitter:card\" content=\"summary_large_image\" \/>\n<script type=\"application\/ld+json\" class=\"yoast-schema-graph\">{\"@context\":\"https:\\\/\\\/schema.org\",\"@graph\":[{\"@type\":\"WebPage\",\"@id\":\"https:\\\/\\\/aaknives.eu\\\/lt\\\/product\\\/peilis-leuku-small-damasko-plieno-peilis-su-fiksuota-gelezte\\\/\",\"url\":\"https:\\\/\\\/aaknives.eu\\\/lt\\\/product\\\/peilis-leuku-small-damasko-plieno-peilis-su-fiksuota-gelezte\\\/\",\"name\":\"Peilis ''LEUKU - small'' - Damasko plieno peilis su fiksuota gele\u017ete - AAKnives\",\"isPartOf\":{\"@id\":\"https:\\\/\\\/aaknives.eu\\\/lt\\\/#website\"},\"primaryImageOfPage\":{\"@id\":\"https:\\\/\\\/aaknives.eu\\\/lt\\\/product\\\/peilis-leuku-small-damasko-plieno-peilis-su-fiksuota-gelezte\\\/#primaryimage\"},\"image\":{\"@id\":\"https:\\\/\\\/aaknives.eu\\\/lt\\\/product\\\/peilis-leuku-small-damasko-plieno-peilis-su-fiksuota-gelezte\\\/#primaryimage\"},\"thumbnailUrl\":\"https:\\\/\\\/aaknives.eu\\\/wp-content\\\/uploads\\\/2021\\\/09\\\/aaknives-hand-forged-dabascus-steel-blade-knife-handmade-custom-made-knife-handcrafted-knives-autinetools-northmen-16-1-1-2.jpg\",\"datePublished\":\"2021-09-20T20:36:42+00:00\",\"description\":\"Peilis -LEUKU - ma\u017eas Damasko peilis, Damasko plieno peilis, peilis fiksuotais a\u0161menimis, pagal u\u017esakym\u0105 pagamintas peilis, rank\u0173 darbo peilis\",\"breadcrumb\":{\"@id\":\"https:\\\/\\\/aaknives.eu\\\/lt\\\/product\\\/peilis-leuku-small-damasko-plieno-peilis-su-fiksuota-gelezte\\\/#breadcrumb\"},\"inLanguage\":\"lt-LT\",\"potentialAction\":[{\"@type\":\"ReadAction\",\"target\":[\"https:\\\/\\\/aaknives.eu\\\/lt\\\/product\\\/peilis-leuku-small-damasko-plieno-peilis-su-fiksuota-gelezte\\\/\"]}]},{\"@type\":\"ImageObject\",\"inLanguage\":\"lt-LT\",\"@id\":\"https:\\\/\\\/aaknives.eu\\\/lt\\\/product\\\/peilis-leuku-small-damasko-plieno-peilis-su-fiksuota-gelezte\\\/#primaryimage\",\"url\":\"https:\\\/\\\/aaknives.eu\\\/wp-content\\\/uploads\\\/2021\\\/09\\\/aaknives-hand-forged-dabascus-steel-blade-knife-handmade-custom-made-knife-handcrafted-knives-autinetools-northmen-16-1-1-2.jpg\",\"contentUrl\":\"https:\\\/\\\/aaknives.eu\\\/wp-content\\\/uploads\\\/2021\\\/09\\\/aaknives-hand-forged-dabascus-steel-blade-knife-handmade-custom-made-knife-handcrafted-knives-autinetools-northmen-16-1-1-2.jpg\",\"width\":800,\"height\":600,\"caption\":\"aaknives-hand-forged-dabascus-steel-blade-knife-handmade-custom-made-knife-handcrafted-knives-autinetools-northmen-16-1-1-2\"},{\"@type\":\"BreadcrumbList\",\"@id\":\"https:\\\/\\\/aaknives.eu\\\/lt\\\/product\\\/peilis-leuku-small-damasko-plieno-peilis-su-fiksuota-gelezte\\\/#breadcrumb\",\"itemListElement\":[{\"@type\":\"ListItem\",\"position\":1,\"name\":\"Home\",\"item\":\"https:\\\/\\\/aaknives.eu\\\/lt\\\/\"},{\"@type\":\"ListItem\",\"position\":2,\"name\":\"Parduotuv\u0117\",\"item\":\"https:\\\/\\\/aaknives.eu\\\/parduotuve\\\/\"},{\"@type\":\"ListItem\",\"position\":3,\"name\":\"Peilis &#8221;LEUKU &#8211; small&#8221; &#8211; Damasko plieno peilis su fiksuota gele\u017ete\"}]},{\"@type\":\"WebSite\",\"@id\":\"https:\\\/\\\/aaknives.eu\\\/lt\\\/#website\",\"url\":\"https:\\\/\\\/aaknives.eu\\\/lt\\\/\",\"name\":\"AAKnives\",\"description\":\"Handmade knives\",\"publisher\":{\"@id\":\"https:\\\/\\\/aaknives.eu\\\/lt\\\/#organization\"},\"potentialAction\":[{\"@type\":\"SearchAction\",\"target\":{\"@type\":\"EntryPoint\",\"urlTemplate\":\"https:\\\/\\\/aaknives.eu\\\/lt\\\/?s={search_term_string}\"},\"query-input\":{\"@type\":\"PropertyValueSpecification\",\"valueRequired\":true,\"valueName\":\"search_term_string\"}}],\"inLanguage\":\"lt-LT\"},{\"@type\":\"Organization\",\"@id\":\"https:\\\/\\\/aaknives.eu\\\/lt\\\/#organization\",\"name\":\"AAKnives\",\"url\":\"https:\\\/\\\/aaknives.eu\\\/lt\\\/\",\"logo\":{\"@type\":\"ImageObject\",\"inLanguage\":\"lt-LT\",\"@id\":\"https:\\\/\\\/aaknives.eu\\\/lt\\\/#\\\/schema\\\/logo\\\/image\\\/\",\"url\":\"https:\\\/\\\/aaknives.eu\\\/wp-content\\\/uploads\\\/2021\\\/10\\\/AAknives_Logo_Green.png\",\"contentUrl\":\"https:\\\/\\\/aaknives.eu\\\/wp-content\\\/uploads\\\/2021\\\/10\\\/AAknives_Logo_Green.png\",\"width\":1768,\"height\":1768,\"caption\":\"AAKnives\"},\"image\":{\"@id\":\"https:\\\/\\\/aaknives.eu\\\/lt\\\/#\\\/schema\\\/logo\\\/image\\\/\"},\"sameAs\":[\"https:\\\/\\\/www.facebook.com\\\/aaknives.eu\\\/\",\"https:\\\/\\\/www.instagram.com\\\/aaknives\\\/\",\"https:\\\/\\\/www.pinterest.com\\\/aa_knives\\\/\",\"https:\\\/\\\/www.youtube.com\\\/channel\\\/UCHOQFjrOkgT6s4FIw9LDKyw\\\/featured\"]}]}<\/script>\n<!-- \/ Yoast SEO plugin. -->","yoast_head_json":{"title":"Peilis ''LEUKU - small'' - Damasko plieno peilis su fiksuota gele\u017ete - AAKnives","description":"Peilis -LEUKU - ma\u017eas Damasko peilis, Damasko plieno peilis, peilis fiksuotais a\u0161menimis, pagal u\u017esakym\u0105 pagamintas peilis, rank\u0173 darbo peilis","robots":{"index":"index","follow":"follow","max-snippet":"max-snippet:-1","max-image-preview":"max-image-preview:large","max-video-preview":"max-video-preview:-1"},"canonical":"https:\/\/aaknives.eu\/lt\/product\/peilis-leuku-small-damasko-plieno-peilis-su-fiksuota-gelezte\/","og_locale":"lt_LT","og_type":"article","og_title":"Peilis ''LEUKU - small'' - Damasko plieno peilis su fiksuota gele\u017ete - AAKnives","og_description":"Peilis -LEUKU - ma\u017eas Damasko peilis, Damasko plieno peilis, peilis fiksuotais a\u0161menimis, pagal u\u017esakym\u0105 pagamintas peilis, rank\u0173 darbo peilis","og_url":"https:\/\/aaknives.eu\/lt\/product\/peilis-leuku-small-damasko-plieno-peilis-su-fiksuota-gelezte\/","og_site_name":"AAKnives","article_publisher":"https:\/\/www.facebook.com\/aaknives.eu\/","og_image":[{"width":800,"height":600,"url":"https:\/\/aaknives.eu\/wp-content\/uploads\/2021\/09\/aaknives-hand-forged-dabascus-steel-blade-knife-handmade-custom-made-knife-handcrafted-knives-autinetools-northmen-16-1-1-2.jpg","type":"image\/jpeg"}],"twitter_card":"summary_large_image","schema":{"@context":"https:\/\/schema.org","@graph":[{"@type":"WebPage","@id":"https:\/\/aaknives.eu\/lt\/product\/peilis-leuku-small-damasko-plieno-peilis-su-fiksuota-gelezte\/","url":"https:\/\/aaknives.eu\/lt\/product\/peilis-leuku-small-damasko-plieno-peilis-su-fiksuota-gelezte\/","name":"Peilis ''LEUKU - small'' - Damasko plieno peilis su fiksuota gele\u017ete - AAKnives","isPartOf":{"@id":"https:\/\/aaknives.eu\/lt\/#website"},"primaryImageOfPage":{"@id":"https:\/\/aaknives.eu\/lt\/product\/peilis-leuku-small-damasko-plieno-peilis-su-fiksuota-gelezte\/#primaryimage"},"image":{"@id":"https:\/\/aaknives.eu\/lt\/product\/peilis-leuku-small-damasko-plieno-peilis-su-fiksuota-gelezte\/#primaryimage"},"thumbnailUrl":"https:\/\/aaknives.eu\/wp-content\/uploads\/2021\/09\/aaknives-hand-forged-dabascus-steel-blade-knife-handmade-custom-made-knife-handcrafted-knives-autinetools-northmen-16-1-1-2.jpg","datePublished":"2021-09-20T20:36:42+00:00","description":"Peilis -LEUKU - ma\u017eas Damasko peilis, Damasko plieno peilis, peilis fiksuotais a\u0161menimis, pagal u\u017esakym\u0105 pagamintas peilis, rank\u0173 darbo peilis","breadcrumb":{"@id":"https:\/\/aaknives.eu\/lt\/product\/peilis-leuku-small-damasko-plieno-peilis-su-fiksuota-gelezte\/#breadcrumb"},"inLanguage":"lt-LT","potentialAction":[{"@type":"ReadAction","target":["https:\/\/aaknives.eu\/lt\/product\/peilis-leuku-small-damasko-plieno-peilis-su-fiksuota-gelezte\/"]}]},{"@type":"ImageObject","inLanguage":"lt-LT","@id":"https:\/\/aaknives.eu\/lt\/product\/peilis-leuku-small-damasko-plieno-peilis-su-fiksuota-gelezte\/#primaryimage","url":"https:\/\/aaknives.eu\/wp-content\/uploads\/2021\/09\/aaknives-hand-forged-dabascus-steel-blade-knife-handmade-custom-made-knife-handcrafted-knives-autinetools-northmen-16-1-1-2.jpg","contentUrl":"https:\/\/aaknives.eu\/wp-content\/uploads\/2021\/09\/aaknives-hand-forged-dabascus-steel-blade-knife-handmade-custom-made-knife-handcrafted-knives-autinetools-northmen-16-1-1-2.jpg","width":800,"height":600,"caption":"aaknives-hand-forged-dabascus-steel-blade-knife-handmade-custom-made-knife-handcrafted-knives-autinetools-northmen-16-1-1-2"},{"@type":"BreadcrumbList","@id":"https:\/\/aaknives.eu\/lt\/product\/peilis-leuku-small-damasko-plieno-peilis-su-fiksuota-gelezte\/#breadcrumb","itemListElement":[{"@type":"ListItem","position":1,"name":"Home","item":"https:\/\/aaknives.eu\/lt\/"},{"@type":"ListItem","position":2,"name":"Parduotuv\u0117","item":"https:\/\/aaknives.eu\/parduotuve\/"},{"@type":"ListItem","position":3,"name":"Peilis &#8221;LEUKU &#8211; small&#8221; &#8211; Damasko plieno peilis su fiksuota gele\u017ete"}]},{"@type":"WebSite","@id":"https:\/\/aaknives.eu\/lt\/#website","url":"https:\/\/aaknives.eu\/lt\/","name":"AAKnives","description":"Handmade knives","publisher":{"@id":"https:\/\/aaknives.eu\/lt\/#organization"},"potentialAction":[{"@type":"SearchAction","target":{"@type":"EntryPoint","urlTemplate":"https:\/\/aaknives.eu\/lt\/?s={search_term_string}"},"query-input":{"@type":"PropertyValueSpecification","valueRequired":true,"valueName":"search_term_string"}}],"inLanguage":"lt-LT"},{"@type":"Organization","@id":"https:\/\/aaknives.eu\/lt\/#organization","name":"AAKnives","url":"https:\/\/aaknives.eu\/lt\/","logo":{"@type":"ImageObject","inLanguage":"lt-LT","@id":"https:\/\/aaknives.eu\/lt\/#\/schema\/logo\/image\/","url":"https:\/\/aaknives.eu\/wp-content\/uploads\/2021\/10\/AAknives_Logo_Green.png","contentUrl":"https:\/\/aaknives.eu\/wp-content\/uploads\/2021\/10\/AAknives_Logo_Green.png","width":1768,"height":1768,"caption":"AAKnives"},"image":{"@id":"https:\/\/aaknives.eu\/lt\/#\/schema\/logo\/image\/"},"sameAs":["https:\/\/www.facebook.com\/aaknives.eu\/","https:\/\/www.instagram.com\/aaknives\/","https:\/\/www.pinterest.com\/aa_knives\/","https:\/\/www.youtube.com\/channel\/UCHOQFjrOkgT6s4FIw9LDKyw\/featured"]}]}},"_links":{"self":[{"href":"https:\/\/aaknives.eu\/lt\/wp-json\/wp\/v2\/product\/49973","targetHints":{"allow":["GET"]}}],"collection":[{"href":"https:\/\/aaknives.eu\/lt\/wp-json\/wp\/v2\/product"}],"about":[{"href":"https:\/\/aaknives.eu\/lt\/wp-json\/wp\/v2\/types\/product"}],"wp:featuredmedia":[{"embeddable":true,"href":"https:\/\/aaknives.eu\/lt\/wp-json\/wp\/v2\/media\/49974"}],"wp:attachment":[{"href":"https:\/\/aaknives.eu\/lt\/wp-json\/wp\/v2\/media?parent=49973"}],"wp:term":[{"taxonomy":"product_brand","embeddable":true,"href":"https:\/\/aaknives.eu\/lt\/wp-json\/wp\/v2\/product_brand?post=49973"},{"taxonomy":"product_cat","embeddable":true,"href":"https:\/\/aaknives.eu\/lt\/wp-json\/wp\/v2\/product_cat?post=49973"},{"taxonomy":"product_tag","embeddable":true,"href":"https:\/\/aaknives.eu\/lt\/wp-json\/wp\/v2\/product_tag?post=49973"}],"curies":[{"name":"wp","href":"https:\/\/api.w.org\/{rel}","templated":true}]}}