{"id":50070,"date":"2021-09-20T20:35:56","date_gmt":"2021-09-20T20:35:56","guid":{"rendered":"https:\/\/aaknives.eu\/product\/peilis-shark-rankomis-kaltas-svedisko-plieno-uddeholm-elmax-superclean\/"},"modified":"2026-03-02T19:36:36","modified_gmt":"2026-03-02T19:36:36","slug":"peilis-shark-rankomis-kaltas-svedisko-plieno-uddeholm-elmax-superclean","status":"publish","type":"product","link":"https:\/\/aaknives.eu\/lt\/product\/peilis-shark-rankomis-kaltas-svedisko-plieno-uddeholm-elmax-superclean\/","title":{"rendered":"Knife &#8220;LYNX&#8221;- hand forged Swedish Steel Uddeholm \u201dElmax\u201d SuperClean"},"content":{"rendered":"<p>Peilio specifikacijos: LYNX<br \/>\nPlienas: \u0161vedi\u0161kas Uddeholm \u201eElmax\u201c SuperClean plienas<br \/>\nKietumas: 60 HRC<br \/>\nGele\u017et\u0117s ilgis (mm): 110 \/ 4,33 colio<br \/>\nGele\u017et\u0117s storis (mm): 4 \/ 0,15 colio<br \/>\nGele\u017et\u0117s plotis (mm): 28 \/ 1,10 colio<br \/>\nRankena: stabilizuota Karelijos ber\u017eo mediena<br \/>\nBendras ilgis (mm): 238 \/ 9,37 colio<\/p>\n<p>&#8220;Elmax&#8221; yra vienas i\u0161 labiausiai paplitusi\u0173 plieno milteli\u0173. Tod\u0117l, norint suprasti, kokius stebuklus sugeba daryti peilis i\u0161 &#8220;milteli\u0173&#8221;, reik\u0117s i\u0161tirti &#8220;Elmax&#8221; plieno savybes. Pagrindinis veiksnys, turintis \u012ftakos bet kokio plieno savyb\u0117ms, o tai rei\u0161kia ir i\u0161 jo pagaminto peilio ligat\u016br\u0105. B\u016btent \u0161ie cheminiai elementai plieno sud\u0117tyje suteikia \u0161ias savybes, atsparum\u0105 korozijai, klampum\u0105 sm\u016bgiams, atsparum\u0105 sukimo momentui ir pan. &#8220;Elmax&#8221; pasi\u017eymi tokia sud\u0117timi: Tai leid\u017eia plien\u0105 priskirti augalin\u0117s anglies klasei ir suteikia jam didesn\u012f kietum\u0105 bei i\u0161tverm\u0119. 18 % chromo, kuris suteikia i\u0161skirtin\u012f atsparum\u0105 korozijai ir padidina plieno patvarum\u0105 bei sm\u016bgi\u0173 klampum\u0105 ir lankstum\u0105. 3 % vanad\u017eio, kuris sustiprina plieno strukt\u016br\u0105, daro j\u0105 tvirtesn\u0119 ir suteikia tvirtumo bei i\u0161tverm\u0117s. 1 % molibdeno, kuris nedaug prisideda prie atsparumo korozijai, taip pat prie i\u0161tverm\u0117s savybi\u0173, \u012fskaitant lankstum\u0105. 0,3 % mangano, kuris taip pat teigiamai veikia plieno stiprum\u0105, jo dilim\u0105 ir kietum\u0105, nesuma\u017eindamas plasti\u0161kumo. &#8220;Elmax&#8221; peiliai nesiekia korozijos. \u0160io plieno a\u0161menys labai atspar\u016bs \u0161onin\u0117ms apkrovoms ir lenkimams. Miltelinio plieno vidin\u0117 strukt\u016bra yra beveik tobula. Visi\u0161kas kenksming\u0173 priemai\u0161\u0173 i\u0161valymas. Stulbinantis a\u0161trumas i\u0161tverm\u0117 ir santykinis lengvumas, kai naudojami tinkami uolien\u0173 akmenys. Plienas yra gerai nu\u0161lifuotas ir net nupoliruotas be pie\u0161imo. Galima pasiekti absoliu\u010diai veidrodin\u012f pavir\u0161i\u0173. Tod\u0117l galima daryti i\u0161vad\u0105, kad &#8220;Elmax&#8221; plienas gali b\u016bti laikomas vienu geriausi\u0173 peili\u0173 plien\u0173 \u0161iandien. Jei seniai planavote i\u0161 \u0161ios med\u017eiagos pasigaminti peil\u012f, pats metas tai padaryti. Jis tarnaus jums ilgai ir teisingai.<\/p>\n","protected":false},"excerpt":{"rendered":"<p>&#8220;Elmax&#8221; yra vienas i\u0161 labiausiai paplitusi\u0173 plieno milteli\u0173. &#8220;Elmax&#8221; peiliai nesiekia korozijos. \u0160io plieno a\u0161menys labai atspar\u016bs \u0161onin\u0117ms apkrovoms ir lenkimams. Stulbinantis a\u0161trumas i\u0161tverm\u0117 ir santykinis lengvumas, kai naudojami tinkami uolien\u0173 akmenys. Plienas yra gerai nu\u0161lifuotas ir net nupoliruotas be pie\u0161imo.<\/p>\n","protected":false},"featured_media":108330,"template":"","meta":{"_themeisle_gutenberg_block_has_review":false},"product_brand":[],"product_cat":[381,386,385],"product_tag":[],"class_list":{"0":"post-50070","1":"product","2":"type-product","3":"status-publish","4":"has-post-thumbnail","6":"product_cat-lauko-peiliai","7":"product_cat-medziokliniai-peiliai","8":"product_cat-zvejybos-peiliai","10":"first","11":"instock","12":"shipping-taxable","13":"purchasable","14":"product-type-simple"},"yoast_head":"<!-- This site is optimized with the Yoast SEO plugin v27.3 - https:\/\/yoast.com\/product\/yoast-seo-wordpress\/ -->\n<title>Knife &quot;LYNX&quot;- hand forged Swedish Steel Uddeholm \u201dElmax\u201d SuperClean - AAKnives<\/title>\n<meta name=\"description\" content=\"Knife LYNX - hand forged Swedish Steel Uddeholm \u201dElmax\u201d SuperClean, camping knife, outdoor knife, handmade knife, custom knife\" \/>\n<meta name=\"robots\" content=\"index, follow, max-snippet:-1, max-image-preview:large, max-video-preview:-1\" \/>\n<link rel=\"canonical\" href=\"https:\/\/aaknives.eu\/lt\/product\/peilis-shark-rankomis-kaltas-svedisko-plieno-uddeholm-elmax-superclean\/\" \/>\n<meta property=\"og:locale\" content=\"lt_LT\" \/>\n<meta property=\"og:type\" content=\"article\" \/>\n<meta property=\"og:title\" content=\"Knife &quot;LYNX&quot;- hand forged Swedish Steel Uddeholm \u201dElmax\u201d SuperClean - AAKnives\" \/>\n<meta property=\"og:description\" content=\"Knife LYNX - hand forged Swedish Steel Uddeholm \u201dElmax\u201d SuperClean, camping knife, outdoor knife, handmade knife, custom knife\" \/>\n<meta property=\"og:url\" content=\"https:\/\/aaknives.eu\/lt\/product\/peilis-shark-rankomis-kaltas-svedisko-plieno-uddeholm-elmax-superclean\/\" \/>\n<meta property=\"og:site_name\" content=\"AAKnives\" \/>\n<meta property=\"article:publisher\" content=\"https:\/\/www.facebook.com\/aaknives.eu\/\" \/>\n<meta property=\"article:modified_time\" content=\"2026-03-02T19:36:36+00:00\" \/>\n<meta property=\"og:image\" content=\"https:\/\/aaknives.eu\/wp-content\/uploads\/2021\/09\/aaknives-hand-forged-damascus-steel-blade-knife-handmade-custom-made-knife-handcrafted-knives-autinetools-northmen-23.jpg\" \/>\n\t<meta property=\"og:image:width\" content=\"1020\" \/>\n\t<meta property=\"og:image:height\" content=\"880\" \/>\n\t<meta property=\"og:image:type\" content=\"image\/jpeg\" \/>\n<meta name=\"twitter:card\" content=\"summary_large_image\" \/>\n<meta name=\"twitter:label1\" content=\"Est. reading time\" \/>\n\t<meta name=\"twitter:data1\" content=\"1 minut\u0117\" \/>\n<script type=\"application\/ld+json\" class=\"yoast-schema-graph\">{\"@context\":\"https:\\\/\\\/schema.org\",\"@graph\":[{\"@type\":\"WebPage\",\"@id\":\"https:\\\/\\\/aaknives.eu\\\/lt\\\/product\\\/peilis-shark-rankomis-kaltas-svedisko-plieno-uddeholm-elmax-superclean\\\/\",\"url\":\"https:\\\/\\\/aaknives.eu\\\/lt\\\/product\\\/peilis-shark-rankomis-kaltas-svedisko-plieno-uddeholm-elmax-superclean\\\/\",\"name\":\"Knife \\\"LYNX\\\"- hand forged Swedish Steel Uddeholm \u201dElmax\u201d SuperClean - AAKnives\",\"isPartOf\":{\"@id\":\"https:\\\/\\\/aaknives.eu\\\/lt\\\/#website\"},\"primaryImageOfPage\":{\"@id\":\"https:\\\/\\\/aaknives.eu\\\/lt\\\/product\\\/peilis-shark-rankomis-kaltas-svedisko-plieno-uddeholm-elmax-superclean\\\/#primaryimage\"},\"image\":{\"@id\":\"https:\\\/\\\/aaknives.eu\\\/lt\\\/product\\\/peilis-shark-rankomis-kaltas-svedisko-plieno-uddeholm-elmax-superclean\\\/#primaryimage\"},\"thumbnailUrl\":\"https:\\\/\\\/aaknives.eu\\\/wp-content\\\/uploads\\\/2021\\\/09\\\/aaknives-hand-forged-damascus-steel-blade-knife-handmade-custom-made-knife-handcrafted-knives-autinetools-northmen-23.jpg\",\"datePublished\":\"2021-09-20T20:35:56+00:00\",\"dateModified\":\"2026-03-02T19:36:36+00:00\",\"description\":\"Knife LYNX - hand forged Swedish Steel Uddeholm \u201dElmax\u201d SuperClean, camping knife, outdoor knife, handmade knife, custom knife\",\"breadcrumb\":{\"@id\":\"https:\\\/\\\/aaknives.eu\\\/lt\\\/product\\\/peilis-shark-rankomis-kaltas-svedisko-plieno-uddeholm-elmax-superclean\\\/#breadcrumb\"},\"inLanguage\":\"lt-LT\",\"potentialAction\":[{\"@type\":\"ReadAction\",\"target\":[\"https:\\\/\\\/aaknives.eu\\\/lt\\\/product\\\/peilis-shark-rankomis-kaltas-svedisko-plieno-uddeholm-elmax-superclean\\\/\"]}]},{\"@type\":\"ImageObject\",\"inLanguage\":\"lt-LT\",\"@id\":\"https:\\\/\\\/aaknives.eu\\\/lt\\\/product\\\/peilis-shark-rankomis-kaltas-svedisko-plieno-uddeholm-elmax-superclean\\\/#primaryimage\",\"url\":\"https:\\\/\\\/aaknives.eu\\\/wp-content\\\/uploads\\\/2021\\\/09\\\/aaknives-hand-forged-damascus-steel-blade-knife-handmade-custom-made-knife-handcrafted-knives-autinetools-northmen-23.jpg\",\"contentUrl\":\"https:\\\/\\\/aaknives.eu\\\/wp-content\\\/uploads\\\/2021\\\/09\\\/aaknives-hand-forged-damascus-steel-blade-knife-handmade-custom-made-knife-handcrafted-knives-autinetools-northmen-23.jpg\",\"width\":1020,\"height\":880},{\"@type\":\"BreadcrumbList\",\"@id\":\"https:\\\/\\\/aaknives.eu\\\/lt\\\/product\\\/peilis-shark-rankomis-kaltas-svedisko-plieno-uddeholm-elmax-superclean\\\/#breadcrumb\",\"itemListElement\":[{\"@type\":\"ListItem\",\"position\":1,\"name\":\"Home\",\"item\":\"https:\\\/\\\/aaknives.eu\\\/lt\\\/\"},{\"@type\":\"ListItem\",\"position\":2,\"name\":\"Parduotuv\u0117\",\"item\":\"https:\\\/\\\/aaknives.eu\\\/parduotuve\\\/\"},{\"@type\":\"ListItem\",\"position\":3,\"name\":\"Knife &#8220;LYNX&#8221;- hand forged Swedish Steel Uddeholm \u201dElmax\u201d SuperClean\"}]},{\"@type\":\"WebSite\",\"@id\":\"https:\\\/\\\/aaknives.eu\\\/lt\\\/#website\",\"url\":\"https:\\\/\\\/aaknives.eu\\\/lt\\\/\",\"name\":\"AAKnives\",\"description\":\"Handmade knives\",\"publisher\":{\"@id\":\"https:\\\/\\\/aaknives.eu\\\/lt\\\/#organization\"},\"potentialAction\":[{\"@type\":\"SearchAction\",\"target\":{\"@type\":\"EntryPoint\",\"urlTemplate\":\"https:\\\/\\\/aaknives.eu\\\/lt\\\/?s={search_term_string}\"},\"query-input\":{\"@type\":\"PropertyValueSpecification\",\"valueRequired\":true,\"valueName\":\"search_term_string\"}}],\"inLanguage\":\"lt-LT\"},{\"@type\":\"Organization\",\"@id\":\"https:\\\/\\\/aaknives.eu\\\/lt\\\/#organization\",\"name\":\"AAKnives\",\"url\":\"https:\\\/\\\/aaknives.eu\\\/lt\\\/\",\"logo\":{\"@type\":\"ImageObject\",\"inLanguage\":\"lt-LT\",\"@id\":\"https:\\\/\\\/aaknives.eu\\\/lt\\\/#\\\/schema\\\/logo\\\/image\\\/\",\"url\":\"https:\\\/\\\/aaknives.eu\\\/wp-content\\\/uploads\\\/2021\\\/10\\\/AAknives_Logo_Green.png\",\"contentUrl\":\"https:\\\/\\\/aaknives.eu\\\/wp-content\\\/uploads\\\/2021\\\/10\\\/AAknives_Logo_Green.png\",\"width\":1768,\"height\":1768,\"caption\":\"AAKnives\"},\"image\":{\"@id\":\"https:\\\/\\\/aaknives.eu\\\/lt\\\/#\\\/schema\\\/logo\\\/image\\\/\"},\"sameAs\":[\"https:\\\/\\\/www.facebook.com\\\/aaknives.eu\\\/\",\"https:\\\/\\\/www.instagram.com\\\/aaknives\\\/\",\"https:\\\/\\\/www.pinterest.com\\\/aa_knives\\\/\",\"https:\\\/\\\/www.youtube.com\\\/channel\\\/UCHOQFjrOkgT6s4FIw9LDKyw\\\/featured\"]}]}<\/script>\n<!-- \/ Yoast SEO plugin. -->","yoast_head_json":{"title":"Knife \"LYNX\"- hand forged Swedish Steel Uddeholm \u201dElmax\u201d SuperClean - AAKnives","description":"Knife LYNX - hand forged Swedish Steel Uddeholm \u201dElmax\u201d SuperClean, camping knife, outdoor knife, handmade knife, custom knife","robots":{"index":"index","follow":"follow","max-snippet":"max-snippet:-1","max-image-preview":"max-image-preview:large","max-video-preview":"max-video-preview:-1"},"canonical":"https:\/\/aaknives.eu\/lt\/product\/peilis-shark-rankomis-kaltas-svedisko-plieno-uddeholm-elmax-superclean\/","og_locale":"lt_LT","og_type":"article","og_title":"Knife \"LYNX\"- hand forged Swedish Steel Uddeholm \u201dElmax\u201d SuperClean - AAKnives","og_description":"Knife LYNX - hand forged Swedish Steel Uddeholm \u201dElmax\u201d SuperClean, camping knife, outdoor knife, handmade knife, custom knife","og_url":"https:\/\/aaknives.eu\/lt\/product\/peilis-shark-rankomis-kaltas-svedisko-plieno-uddeholm-elmax-superclean\/","og_site_name":"AAKnives","article_publisher":"https:\/\/www.facebook.com\/aaknives.eu\/","article_modified_time":"2026-03-02T19:36:36+00:00","og_image":[{"width":1020,"height":880,"url":"https:\/\/aaknives.eu\/wp-content\/uploads\/2021\/09\/aaknives-hand-forged-damascus-steel-blade-knife-handmade-custom-made-knife-handcrafted-knives-autinetools-northmen-23.jpg","type":"image\/jpeg"}],"twitter_card":"summary_large_image","twitter_misc":{"Est. reading time":"1 minut\u0117"},"schema":{"@context":"https:\/\/schema.org","@graph":[{"@type":"WebPage","@id":"https:\/\/aaknives.eu\/lt\/product\/peilis-shark-rankomis-kaltas-svedisko-plieno-uddeholm-elmax-superclean\/","url":"https:\/\/aaknives.eu\/lt\/product\/peilis-shark-rankomis-kaltas-svedisko-plieno-uddeholm-elmax-superclean\/","name":"Knife \"LYNX\"- hand forged Swedish Steel Uddeholm \u201dElmax\u201d SuperClean - AAKnives","isPartOf":{"@id":"https:\/\/aaknives.eu\/lt\/#website"},"primaryImageOfPage":{"@id":"https:\/\/aaknives.eu\/lt\/product\/peilis-shark-rankomis-kaltas-svedisko-plieno-uddeholm-elmax-superclean\/#primaryimage"},"image":{"@id":"https:\/\/aaknives.eu\/lt\/product\/peilis-shark-rankomis-kaltas-svedisko-plieno-uddeholm-elmax-superclean\/#primaryimage"},"thumbnailUrl":"https:\/\/aaknives.eu\/wp-content\/uploads\/2021\/09\/aaknives-hand-forged-damascus-steel-blade-knife-handmade-custom-made-knife-handcrafted-knives-autinetools-northmen-23.jpg","datePublished":"2021-09-20T20:35:56+00:00","dateModified":"2026-03-02T19:36:36+00:00","description":"Knife LYNX - hand forged Swedish Steel Uddeholm \u201dElmax\u201d SuperClean, camping knife, outdoor knife, handmade knife, custom knife","breadcrumb":{"@id":"https:\/\/aaknives.eu\/lt\/product\/peilis-shark-rankomis-kaltas-svedisko-plieno-uddeholm-elmax-superclean\/#breadcrumb"},"inLanguage":"lt-LT","potentialAction":[{"@type":"ReadAction","target":["https:\/\/aaknives.eu\/lt\/product\/peilis-shark-rankomis-kaltas-svedisko-plieno-uddeholm-elmax-superclean\/"]}]},{"@type":"ImageObject","inLanguage":"lt-LT","@id":"https:\/\/aaknives.eu\/lt\/product\/peilis-shark-rankomis-kaltas-svedisko-plieno-uddeholm-elmax-superclean\/#primaryimage","url":"https:\/\/aaknives.eu\/wp-content\/uploads\/2021\/09\/aaknives-hand-forged-damascus-steel-blade-knife-handmade-custom-made-knife-handcrafted-knives-autinetools-northmen-23.jpg","contentUrl":"https:\/\/aaknives.eu\/wp-content\/uploads\/2021\/09\/aaknives-hand-forged-damascus-steel-blade-knife-handmade-custom-made-knife-handcrafted-knives-autinetools-northmen-23.jpg","width":1020,"height":880},{"@type":"BreadcrumbList","@id":"https:\/\/aaknives.eu\/lt\/product\/peilis-shark-rankomis-kaltas-svedisko-plieno-uddeholm-elmax-superclean\/#breadcrumb","itemListElement":[{"@type":"ListItem","position":1,"name":"Home","item":"https:\/\/aaknives.eu\/lt\/"},{"@type":"ListItem","position":2,"name":"Parduotuv\u0117","item":"https:\/\/aaknives.eu\/parduotuve\/"},{"@type":"ListItem","position":3,"name":"Knife &#8220;LYNX&#8221;- hand forged Swedish Steel Uddeholm \u201dElmax\u201d SuperClean"}]},{"@type":"WebSite","@id":"https:\/\/aaknives.eu\/lt\/#website","url":"https:\/\/aaknives.eu\/lt\/","name":"AAKnives","description":"Handmade knives","publisher":{"@id":"https:\/\/aaknives.eu\/lt\/#organization"},"potentialAction":[{"@type":"SearchAction","target":{"@type":"EntryPoint","urlTemplate":"https:\/\/aaknives.eu\/lt\/?s={search_term_string}"},"query-input":{"@type":"PropertyValueSpecification","valueRequired":true,"valueName":"search_term_string"}}],"inLanguage":"lt-LT"},{"@type":"Organization","@id":"https:\/\/aaknives.eu\/lt\/#organization","name":"AAKnives","url":"https:\/\/aaknives.eu\/lt\/","logo":{"@type":"ImageObject","inLanguage":"lt-LT","@id":"https:\/\/aaknives.eu\/lt\/#\/schema\/logo\/image\/","url":"https:\/\/aaknives.eu\/wp-content\/uploads\/2021\/10\/AAknives_Logo_Green.png","contentUrl":"https:\/\/aaknives.eu\/wp-content\/uploads\/2021\/10\/AAknives_Logo_Green.png","width":1768,"height":1768,"caption":"AAKnives"},"image":{"@id":"https:\/\/aaknives.eu\/lt\/#\/schema\/logo\/image\/"},"sameAs":["https:\/\/www.facebook.com\/aaknives.eu\/","https:\/\/www.instagram.com\/aaknives\/","https:\/\/www.pinterest.com\/aa_knives\/","https:\/\/www.youtube.com\/channel\/UCHOQFjrOkgT6s4FIw9LDKyw\/featured"]}]}},"_links":{"self":[{"href":"https:\/\/aaknives.eu\/lt\/wp-json\/wp\/v2\/product\/50070","targetHints":{"allow":["GET"]}}],"collection":[{"href":"https:\/\/aaknives.eu\/lt\/wp-json\/wp\/v2\/product"}],"about":[{"href":"https:\/\/aaknives.eu\/lt\/wp-json\/wp\/v2\/types\/product"}],"wp:featuredmedia":[{"embeddable":true,"href":"https:\/\/aaknives.eu\/lt\/wp-json\/wp\/v2\/media\/108330"}],"wp:attachment":[{"href":"https:\/\/aaknives.eu\/lt\/wp-json\/wp\/v2\/media?parent=50070"}],"wp:term":[{"taxonomy":"product_brand","embeddable":true,"href":"https:\/\/aaknives.eu\/lt\/wp-json\/wp\/v2\/product_brand?post=50070"},{"taxonomy":"product_cat","embeddable":true,"href":"https:\/\/aaknives.eu\/lt\/wp-json\/wp\/v2\/product_cat?post=50070"},{"taxonomy":"product_tag","embeddable":true,"href":"https:\/\/aaknives.eu\/lt\/wp-json\/wp\/v2\/product_tag?post=50070"}],"curies":[{"name":"wp","href":"https:\/\/api.w.org\/{rel}","templated":true}]}}