{"id":50188,"date":"2021-09-20T20:35:11","date_gmt":"2021-09-20T20:35:11","guid":{"rendered":"https:\/\/aaknives.eu\/product\/peilis-uzbek-pchak-uzbeku-nacionalinis-peilis-rankomis-kaltas-is-nerudijancio-plieno\/"},"modified":"2021-09-20T20:35:11","modified_gmt":"2021-09-20T20:35:11","slug":"peilis-uzbek-pchak-uzbeku-nacionalinis-peilis-rankomis-kaltas-is-nerudijancio-plieno","status":"publish","type":"product","link":"https:\/\/aaknives.eu\/lt\/product\/peilis-uzbek-pchak-uzbeku-nacionalinis-peilis-rankomis-kaltas-is-nerudijancio-plieno\/","title":{"rendered":"Peilis &#8220;UZBEK-PCHAK&#8221; &#8211; uzbek\u0173 nacionalinis peilis, rankomis kaltas i\u0161 ner\u016bdijan\u010dio plieno"},"content":{"rendered":"<p>Peilio specifikacijos: \u201dUZBEK\u201d<br \/>\nPlienas: rankomis kaltas ner\u016bdijantis plienas N695<br \/>\nKietumas: 59 HRC<br \/>\nGele\u017et\u0117s ilgis (mm): 160<br \/>\nGele\u017et\u0117s storis (mm): 3<br \/>\nA\u0161men\u0173 plotis (mm): 35<br \/>\nRankena: Afrikieti\u0161ka venge mediena.<br \/>\nBendras ilgis (mm): 290<\/p>\n<p>\u00a0<\/p>\n<p>\u0160is plienas yra patvarus, bet kartu ir elastingas. N695 plienas yra atsparus r\u016bdims ir laikui b\u0117gant i\u0161laiko a\u0161trum\u0105. \u0160iam plienui nereikia daug prie\u017ei\u016bros ir jo kaina yra nedidel\u0117. \u0160is plienas labai paplit\u0119s gaminant med\u017eioklinius peilius, ta\u010diau taip pat naudojamas \u017evejybiniams ir turistiniams peiliams gaminti.<\/p>\n","protected":false},"excerpt":{"rendered":"<p>Peilio specifikacijos: \u201dUZBEK\u201d Plienas: rankomis kaltas ner\u016bdijantis plienas N695 Kietumas: 59 HRC Gele\u017et\u0117s ilgis (mm): 160 Gele\u017et\u0117s storis (mm): 3 A\u0161men\u0173 plotis (mm): 35 Rankena: Afrikieti\u0161ka venge mediena. Bendras ilgis (mm): 290 \u00a0 \u0160is plienas yra patvarus, bet kartu ir elastingas. N695 plienas yra atsparus r\u016bdims ir laikui b\u0117gant i\u0161laiko a\u0161trum\u0105. \u0160iam plienui nereikia daug prie\u017ei\u016bros ir jo kaina yra nedidel\u0117. \u0160is plienas labai paplit\u0119s gaminant med\u017eioklinius peilius, ta\u010diau taip pat naudojamas \u017evejybiniams ir turistiniams peiliams gaminti.<\/p>\n","protected":false},"featured_media":50189,"template":"","meta":{"_themeisle_gutenberg_block_has_review":false},"product_brand":[],"product_cat":[380,381,379],"product_tag":[],"class_list":{"0":"post-50188","1":"product","2":"type-product","3":"status-publish","4":"has-post-thumbnail","6":"product_cat-premium-ir-isskirtiniai-peiliai","7":"product_cat-lauko-peiliai","8":"product_cat-virtuves-peiliai","10":"first","11":"outofstock","12":"shipping-taxable","13":"purchasable","14":"product-type-simple"},"yoast_head":"<!-- This site is optimized with the Yoast SEO plugin v27.5 - https:\/\/yoast.com\/product\/yoast-seo-wordpress\/ -->\n<title>Peilis &quot;UZBEK-PCHAK&quot; - uzbek\u0173 nacionalinis peilis, rankomis kaltas i\u0161 ner\u016bdijan\u010dio plieno - AAKnives<\/title>\n<meta name=\"description\" content=\"Peilis &quot;UZBEK-PCHAK&quot; - uzbek\u0173 nacionalinis virtuvinis peilis, rankomis kaltas i\u0161 ner\u016bdijan\u010dio plieno\" \/>\n<meta name=\"robots\" content=\"index, follow, max-snippet:-1, max-image-preview:large, max-video-preview:-1\" \/>\n<link rel=\"canonical\" href=\"https:\/\/aaknives.eu\/lt\/product\/peilis-uzbek-pchak-uzbeku-nacionalinis-peilis-rankomis-kaltas-is-nerudijancio-plieno\/\" \/>\n<meta property=\"og:locale\" content=\"lt_LT\" \/>\n<meta property=\"og:type\" content=\"article\" \/>\n<meta property=\"og:title\" content=\"Peilis &quot;UZBEK-PCHAK&quot; - uzbek\u0173 nacionalinis peilis, rankomis kaltas i\u0161 ner\u016bdijan\u010dio plieno - AAKnives\" \/>\n<meta property=\"og:description\" content=\"Peilis &quot;UZBEK-PCHAK&quot; - uzbek\u0173 nacionalinis virtuvinis peilis, rankomis kaltas i\u0161 ner\u016bdijan\u010dio plieno\" \/>\n<meta property=\"og:url\" content=\"https:\/\/aaknives.eu\/lt\/product\/peilis-uzbek-pchak-uzbeku-nacionalinis-peilis-rankomis-kaltas-is-nerudijancio-plieno\/\" \/>\n<meta property=\"og:site_name\" content=\"AAKnives\" \/>\n<meta property=\"article:publisher\" content=\"https:\/\/www.facebook.com\/aaknives.eu\/\" \/>\n<meta property=\"og:image\" content=\"https:\/\/aaknives.eu\/wp-content\/uploads\/2021\/09\/aaknives-hand-forged-dabascus-steel-blade-knife-handmade-custom-made-knife-handcrafted-knives-autinetools-northmen-19-1-12.jpg\" \/>\n\t<meta property=\"og:image:width\" content=\"800\" \/>\n\t<meta property=\"og:image:height\" content=\"600\" \/>\n\t<meta property=\"og:image:type\" content=\"image\/jpeg\" \/>\n<meta name=\"twitter:card\" content=\"summary_large_image\" \/>\n<script type=\"application\/ld+json\" class=\"yoast-schema-graph\">{\"@context\":\"https:\\\/\\\/schema.org\",\"@graph\":[{\"@type\":\"WebPage\",\"@id\":\"https:\\\/\\\/aaknives.eu\\\/lt\\\/product\\\/peilis-uzbek-pchak-uzbeku-nacionalinis-peilis-rankomis-kaltas-is-nerudijancio-plieno\\\/\",\"url\":\"https:\\\/\\\/aaknives.eu\\\/lt\\\/product\\\/peilis-uzbek-pchak-uzbeku-nacionalinis-peilis-rankomis-kaltas-is-nerudijancio-plieno\\\/\",\"name\":\"Peilis \\\"UZBEK-PCHAK\\\" - uzbek\u0173 nacionalinis peilis, rankomis kaltas i\u0161 ner\u016bdijan\u010dio plieno - AAKnives\",\"isPartOf\":{\"@id\":\"https:\\\/\\\/aaknives.eu\\\/lt\\\/#website\"},\"primaryImageOfPage\":{\"@id\":\"https:\\\/\\\/aaknives.eu\\\/lt\\\/product\\\/peilis-uzbek-pchak-uzbeku-nacionalinis-peilis-rankomis-kaltas-is-nerudijancio-plieno\\\/#primaryimage\"},\"image\":{\"@id\":\"https:\\\/\\\/aaknives.eu\\\/lt\\\/product\\\/peilis-uzbek-pchak-uzbeku-nacionalinis-peilis-rankomis-kaltas-is-nerudijancio-plieno\\\/#primaryimage\"},\"thumbnailUrl\":\"https:\\\/\\\/aaknives.eu\\\/wp-content\\\/uploads\\\/2021\\\/09\\\/aaknives-hand-forged-dabascus-steel-blade-knife-handmade-custom-made-knife-handcrafted-knives-autinetools-northmen-19-1-12.jpg\",\"datePublished\":\"2021-09-20T20:35:11+00:00\",\"description\":\"Peilis \\\"UZBEK-PCHAK\\\" - uzbek\u0173 nacionalinis virtuvinis peilis, rankomis kaltas i\u0161 ner\u016bdijan\u010dio plieno\",\"breadcrumb\":{\"@id\":\"https:\\\/\\\/aaknives.eu\\\/lt\\\/product\\\/peilis-uzbek-pchak-uzbeku-nacionalinis-peilis-rankomis-kaltas-is-nerudijancio-plieno\\\/#breadcrumb\"},\"inLanguage\":\"lt-LT\",\"potentialAction\":[{\"@type\":\"ReadAction\",\"target\":[\"https:\\\/\\\/aaknives.eu\\\/lt\\\/product\\\/peilis-uzbek-pchak-uzbeku-nacionalinis-peilis-rankomis-kaltas-is-nerudijancio-plieno\\\/\"]}]},{\"@type\":\"ImageObject\",\"inLanguage\":\"lt-LT\",\"@id\":\"https:\\\/\\\/aaknives.eu\\\/lt\\\/product\\\/peilis-uzbek-pchak-uzbeku-nacionalinis-peilis-rankomis-kaltas-is-nerudijancio-plieno\\\/#primaryimage\",\"url\":\"https:\\\/\\\/aaknives.eu\\\/wp-content\\\/uploads\\\/2021\\\/09\\\/aaknives-hand-forged-dabascus-steel-blade-knife-handmade-custom-made-knife-handcrafted-knives-autinetools-northmen-19-1-12.jpg\",\"contentUrl\":\"https:\\\/\\\/aaknives.eu\\\/wp-content\\\/uploads\\\/2021\\\/09\\\/aaknives-hand-forged-dabascus-steel-blade-knife-handmade-custom-made-knife-handcrafted-knives-autinetools-northmen-19-1-12.jpg\",\"width\":800,\"height\":600,\"caption\":\"aaknives-hand-forged-dabascus-steel-blade-knife-handmade-custom-made-knife-handcrafted-knives-autinetools-northmen-19-1-12\"},{\"@type\":\"BreadcrumbList\",\"@id\":\"https:\\\/\\\/aaknives.eu\\\/lt\\\/product\\\/peilis-uzbek-pchak-uzbeku-nacionalinis-peilis-rankomis-kaltas-is-nerudijancio-plieno\\\/#breadcrumb\",\"itemListElement\":[{\"@type\":\"ListItem\",\"position\":1,\"name\":\"Home\",\"item\":\"https:\\\/\\\/aaknives.eu\\\/lt\\\/\"},{\"@type\":\"ListItem\",\"position\":2,\"name\":\"Parduotuv\u0117\",\"item\":\"https:\\\/\\\/aaknives.eu\\\/parduotuve\\\/\"},{\"@type\":\"ListItem\",\"position\":3,\"name\":\"Peilis &#8220;UZBEK-PCHAK&#8221; &#8211; uzbek\u0173 nacionalinis peilis, rankomis kaltas i\u0161 ner\u016bdijan\u010dio plieno\"}]},{\"@type\":\"WebSite\",\"@id\":\"https:\\\/\\\/aaknives.eu\\\/lt\\\/#website\",\"url\":\"https:\\\/\\\/aaknives.eu\\\/lt\\\/\",\"name\":\"AAKnives\",\"description\":\"Handmade knives\",\"publisher\":{\"@id\":\"https:\\\/\\\/aaknives.eu\\\/lt\\\/#organization\"},\"alternateName\":\"Anri Ananin Knives\",\"potentialAction\":[{\"@type\":\"SearchAction\",\"target\":{\"@type\":\"EntryPoint\",\"urlTemplate\":\"https:\\\/\\\/aaknives.eu\\\/lt\\\/?s={search_term_string}\"},\"query-input\":{\"@type\":\"PropertyValueSpecification\",\"valueRequired\":true,\"valueName\":\"search_term_string\"}}],\"inLanguage\":\"lt-LT\"},{\"@type\":\"Organization\",\"@id\":\"https:\\\/\\\/aaknives.eu\\\/lt\\\/#organization\",\"name\":\"AAKnives\",\"url\":\"https:\\\/\\\/aaknives.eu\\\/lt\\\/\",\"logo\":{\"@type\":\"ImageObject\",\"inLanguage\":\"lt-LT\",\"@id\":\"https:\\\/\\\/aaknives.eu\\\/lt\\\/#\\\/schema\\\/logo\\\/image\\\/\",\"url\":\"https:\\\/\\\/aaknives.eu\\\/wp-content\\\/uploads\\\/2021\\\/10\\\/AAknives_Logo_Green.png\",\"contentUrl\":\"https:\\\/\\\/aaknives.eu\\\/wp-content\\\/uploads\\\/2021\\\/10\\\/AAknives_Logo_Green.png\",\"width\":1768,\"height\":1768,\"caption\":\"AAKnives\"},\"image\":{\"@id\":\"https:\\\/\\\/aaknives.eu\\\/lt\\\/#\\\/schema\\\/logo\\\/image\\\/\"},\"sameAs\":[\"https:\\\/\\\/www.facebook.com\\\/aaknives.eu\\\/\",\"https:\\\/\\\/www.instagram.com\\\/aaknives\\\/\",\"https:\\\/\\\/www.pinterest.com\\\/aa_knives\\\/\",\"https:\\\/\\\/www.youtube.com\\\/@aaknives9518\"]}]}<\/script>\n<!-- \/ Yoast SEO plugin. -->","yoast_head_json":{"title":"Peilis \"UZBEK-PCHAK\" - uzbek\u0173 nacionalinis peilis, rankomis kaltas i\u0161 ner\u016bdijan\u010dio plieno - AAKnives","description":"Peilis \"UZBEK-PCHAK\" - uzbek\u0173 nacionalinis virtuvinis peilis, rankomis kaltas i\u0161 ner\u016bdijan\u010dio plieno","robots":{"index":"index","follow":"follow","max-snippet":"max-snippet:-1","max-image-preview":"max-image-preview:large","max-video-preview":"max-video-preview:-1"},"canonical":"https:\/\/aaknives.eu\/lt\/product\/peilis-uzbek-pchak-uzbeku-nacionalinis-peilis-rankomis-kaltas-is-nerudijancio-plieno\/","og_locale":"lt_LT","og_type":"article","og_title":"Peilis \"UZBEK-PCHAK\" - uzbek\u0173 nacionalinis peilis, rankomis kaltas i\u0161 ner\u016bdijan\u010dio plieno - AAKnives","og_description":"Peilis \"UZBEK-PCHAK\" - uzbek\u0173 nacionalinis virtuvinis peilis, rankomis kaltas i\u0161 ner\u016bdijan\u010dio plieno","og_url":"https:\/\/aaknives.eu\/lt\/product\/peilis-uzbek-pchak-uzbeku-nacionalinis-peilis-rankomis-kaltas-is-nerudijancio-plieno\/","og_site_name":"AAKnives","article_publisher":"https:\/\/www.facebook.com\/aaknives.eu\/","og_image":[{"width":800,"height":600,"url":"https:\/\/aaknives.eu\/wp-content\/uploads\/2021\/09\/aaknives-hand-forged-dabascus-steel-blade-knife-handmade-custom-made-knife-handcrafted-knives-autinetools-northmen-19-1-12.jpg","type":"image\/jpeg"}],"twitter_card":"summary_large_image","schema":{"@context":"https:\/\/schema.org","@graph":[{"@type":"WebPage","@id":"https:\/\/aaknives.eu\/lt\/product\/peilis-uzbek-pchak-uzbeku-nacionalinis-peilis-rankomis-kaltas-is-nerudijancio-plieno\/","url":"https:\/\/aaknives.eu\/lt\/product\/peilis-uzbek-pchak-uzbeku-nacionalinis-peilis-rankomis-kaltas-is-nerudijancio-plieno\/","name":"Peilis \"UZBEK-PCHAK\" - uzbek\u0173 nacionalinis peilis, rankomis kaltas i\u0161 ner\u016bdijan\u010dio plieno - AAKnives","isPartOf":{"@id":"https:\/\/aaknives.eu\/lt\/#website"},"primaryImageOfPage":{"@id":"https:\/\/aaknives.eu\/lt\/product\/peilis-uzbek-pchak-uzbeku-nacionalinis-peilis-rankomis-kaltas-is-nerudijancio-plieno\/#primaryimage"},"image":{"@id":"https:\/\/aaknives.eu\/lt\/product\/peilis-uzbek-pchak-uzbeku-nacionalinis-peilis-rankomis-kaltas-is-nerudijancio-plieno\/#primaryimage"},"thumbnailUrl":"https:\/\/aaknives.eu\/wp-content\/uploads\/2021\/09\/aaknives-hand-forged-dabascus-steel-blade-knife-handmade-custom-made-knife-handcrafted-knives-autinetools-northmen-19-1-12.jpg","datePublished":"2021-09-20T20:35:11+00:00","description":"Peilis \"UZBEK-PCHAK\" - uzbek\u0173 nacionalinis virtuvinis peilis, rankomis kaltas i\u0161 ner\u016bdijan\u010dio plieno","breadcrumb":{"@id":"https:\/\/aaknives.eu\/lt\/product\/peilis-uzbek-pchak-uzbeku-nacionalinis-peilis-rankomis-kaltas-is-nerudijancio-plieno\/#breadcrumb"},"inLanguage":"lt-LT","potentialAction":[{"@type":"ReadAction","target":["https:\/\/aaknives.eu\/lt\/product\/peilis-uzbek-pchak-uzbeku-nacionalinis-peilis-rankomis-kaltas-is-nerudijancio-plieno\/"]}]},{"@type":"ImageObject","inLanguage":"lt-LT","@id":"https:\/\/aaknives.eu\/lt\/product\/peilis-uzbek-pchak-uzbeku-nacionalinis-peilis-rankomis-kaltas-is-nerudijancio-plieno\/#primaryimage","url":"https:\/\/aaknives.eu\/wp-content\/uploads\/2021\/09\/aaknives-hand-forged-dabascus-steel-blade-knife-handmade-custom-made-knife-handcrafted-knives-autinetools-northmen-19-1-12.jpg","contentUrl":"https:\/\/aaknives.eu\/wp-content\/uploads\/2021\/09\/aaknives-hand-forged-dabascus-steel-blade-knife-handmade-custom-made-knife-handcrafted-knives-autinetools-northmen-19-1-12.jpg","width":800,"height":600,"caption":"aaknives-hand-forged-dabascus-steel-blade-knife-handmade-custom-made-knife-handcrafted-knives-autinetools-northmen-19-1-12"},{"@type":"BreadcrumbList","@id":"https:\/\/aaknives.eu\/lt\/product\/peilis-uzbek-pchak-uzbeku-nacionalinis-peilis-rankomis-kaltas-is-nerudijancio-plieno\/#breadcrumb","itemListElement":[{"@type":"ListItem","position":1,"name":"Home","item":"https:\/\/aaknives.eu\/lt\/"},{"@type":"ListItem","position":2,"name":"Parduotuv\u0117","item":"https:\/\/aaknives.eu\/parduotuve\/"},{"@type":"ListItem","position":3,"name":"Peilis &#8220;UZBEK-PCHAK&#8221; &#8211; uzbek\u0173 nacionalinis peilis, rankomis kaltas i\u0161 ner\u016bdijan\u010dio plieno"}]},{"@type":"WebSite","@id":"https:\/\/aaknives.eu\/lt\/#website","url":"https:\/\/aaknives.eu\/lt\/","name":"AAKnives","description":"Handmade knives","publisher":{"@id":"https:\/\/aaknives.eu\/lt\/#organization"},"alternateName":"Anri Ananin Knives","potentialAction":[{"@type":"SearchAction","target":{"@type":"EntryPoint","urlTemplate":"https:\/\/aaknives.eu\/lt\/?s={search_term_string}"},"query-input":{"@type":"PropertyValueSpecification","valueRequired":true,"valueName":"search_term_string"}}],"inLanguage":"lt-LT"},{"@type":"Organization","@id":"https:\/\/aaknives.eu\/lt\/#organization","name":"AAKnives","url":"https:\/\/aaknives.eu\/lt\/","logo":{"@type":"ImageObject","inLanguage":"lt-LT","@id":"https:\/\/aaknives.eu\/lt\/#\/schema\/logo\/image\/","url":"https:\/\/aaknives.eu\/wp-content\/uploads\/2021\/10\/AAknives_Logo_Green.png","contentUrl":"https:\/\/aaknives.eu\/wp-content\/uploads\/2021\/10\/AAknives_Logo_Green.png","width":1768,"height":1768,"caption":"AAKnives"},"image":{"@id":"https:\/\/aaknives.eu\/lt\/#\/schema\/logo\/image\/"},"sameAs":["https:\/\/www.facebook.com\/aaknives.eu\/","https:\/\/www.instagram.com\/aaknives\/","https:\/\/www.pinterest.com\/aa_knives\/","https:\/\/www.youtube.com\/@aaknives9518"]}]}},"_links":{"self":[{"href":"https:\/\/aaknives.eu\/lt\/wp-json\/wp\/v2\/product\/50188","targetHints":{"allow":["GET"]}}],"collection":[{"href":"https:\/\/aaknives.eu\/lt\/wp-json\/wp\/v2\/product"}],"about":[{"href":"https:\/\/aaknives.eu\/lt\/wp-json\/wp\/v2\/types\/product"}],"wp:featuredmedia":[{"embeddable":true,"href":"https:\/\/aaknives.eu\/lt\/wp-json\/wp\/v2\/media\/50189"}],"wp:attachment":[{"href":"https:\/\/aaknives.eu\/lt\/wp-json\/wp\/v2\/media?parent=50188"}],"wp:term":[{"taxonomy":"product_brand","embeddable":true,"href":"https:\/\/aaknives.eu\/lt\/wp-json\/wp\/v2\/product_brand?post=50188"},{"taxonomy":"product_cat","embeddable":true,"href":"https:\/\/aaknives.eu\/lt\/wp-json\/wp\/v2\/product_cat?post=50188"},{"taxonomy":"product_tag","embeddable":true,"href":"https:\/\/aaknives.eu\/lt\/wp-json\/wp\/v2\/product_tag?post=50188"}],"curies":[{"name":"wp","href":"https:\/\/api.w.org\/{rel}","templated":true}]}}