{"id":50219,"date":"2021-09-20T20:35:34","date_gmt":"2021-09-20T20:35:34","guid":{"rendered":"https:\/\/aaknives.eu\/product\/peilis-grizzly-bulat-wootz-plienas-sermuksnio-rankena\/"},"modified":"2021-09-20T20:35:34","modified_gmt":"2021-09-20T20:35:34","slug":"peilis-grizzly-bulat-wootz-plienas-sermuksnio-rankena","status":"publish","type":"product","link":"https:\/\/aaknives.eu\/lt\/product\/peilis-grizzly-bulat-wootz-plienas-sermuksnio-rankena\/","title":{"rendered":"Peilis &#8220;GRIZZLY&#8221; (Bulat &#8211; Wootz plienas), \u0161ermuk\u0161nio rankena"},"content":{"rendered":"<p>Peilio specifikacijos: &#8220;GRIZZLY&#8221;<br \/>\nPlienas: (Wootz plienas)<br \/>\nKietumas: 62 HRC<br \/>\nGele\u017et\u0117s ilgis (mm): Galimyb\u0117 (mm): 140 \/ 5,51 colio<br \/>\nGele\u017et\u0117s storis (mm): (mm): 2 \/ 0,09 colio<br \/>\nA\u0161men\u0173 plotis (mm): 37 \/ 1,45 colio<br \/>\nRankena: Stabilizuotas Karelijos ber\u017eas<br \/>\nBendras ilgis (mm): Vidutinis ilgis (mm): 265 \/ 10,43 colio<br \/>\nPeili\u0173 tipas: med\u017eiokliniai, lauko peiliai<br \/>\nPakuot\u0117: peilis, odinis d\u0117klas<\/p>\n<p>&nbsp;<\/p>\n<p>Bulat &#8211; Wootz Steel &#8211; Liejamas anglinis rankomis kaltas plienas, pasi\u017eymintis ypatinga a\u0161men\u0173 strukt\u016bra, dideliu kietumu, padidintu patvarumu ir elastingumu. Kiekviena Bulat plieno gele\u017et\u0117 turi savit\u0105 individual\u0173 ra\u0161t\u0105. &#8220;AA knives&#8221; gamina peilius i\u0161 legiruoto tiglinio Bulat plieno, kurio pagrind\u0105 sudaro metalas H12MF ir ShH15.<\/p>\n<p>&#8220;Bulat&#8221; plieno privalumai:<\/p>\n<p>Didelis kietumas<br \/>\nDidesnis patvarumas<br \/>\nElastingumas<br \/>\nIlgalaikis a\u0161trumas<br \/>\nGele\u017et\u0117s kietumas 61-64 HRC<br \/>\nRank\u0173 darbo<\/p>\n","protected":false},"excerpt":{"rendered":"<p>Peilio specifikacijos: &#8220;GRIZZLY&#8221; Plienas: (Wootz plienas) Kietumas: 62 HRC Gele\u017et\u0117s ilgis (mm): Galimyb\u0117 (mm): 140 \/ 5,51 colio Gele\u017et\u0117s storis (mm): (mm): 2 \/ 0,09 colio A\u0161men\u0173 plotis (mm): 37 \/ 1,45 colio Rankena: Stabilizuotas Karelijos ber\u017eas Bendras ilgis (mm): Vidutinis ilgis (mm): 265 \/ 10,43 colio Peili\u0173 tipas: med\u017eiokliniai, lauko peiliai Pakuot\u0117: peilis, odinis d\u0117klas &nbsp; Bulat &#8211; Wootz Steel &#8211; Liejamas anglinis rankomis kaltas plienas, pasi\u017eymintis ypatinga a\u0161men\u0173 strukt\u016bra, dideliu kietumu, padidintu patvarumu ir elastingumu. Kiekviena Bulat plieno gele\u017et\u0117 turi savit\u0105 individual\u0173 ra\u0161t\u0105. &#8220;AA knives&#8221; gamina peilius i\u0161 legiruoto tiglinio Bulat plieno, kurio pagrind\u0105 sudaro metalas H12MF ir&hellip;<\/p>\n","protected":false},"featured_media":50220,"template":"","meta":{"_themeisle_gutenberg_block_has_review":false},"product_brand":[],"product_cat":[381,386],"product_tag":[],"class_list":{"0":"post-50219","1":"product","2":"type-product","3":"status-publish","4":"has-post-thumbnail","6":"product_cat-lauko-peiliai","7":"product_cat-medziokliniai-peiliai","9":"first","10":"instock","11":"shipping-taxable","12":"purchasable","13":"product-type-simple"},"yoast_head":"<!-- This site is optimized with the Yoast SEO plugin v27.3 - https:\/\/yoast.com\/product\/yoast-seo-wordpress\/ -->\n<title>Peilis &quot;GRIZZLY&quot; (Bulat - Wootz plienas), \u0161ermuk\u0161nio rankena - AAKnives<\/title>\n<meta name=\"description\" content=\"Bulat - Wootz Steel - rankomis kaltas anglinis plienas su specialia a\u0161men\u0173 strukt\u016bra, dideliu kietumu, padidintu patvarumu ir elastingumu.\" \/>\n<meta name=\"robots\" content=\"index, follow, max-snippet:-1, max-image-preview:large, max-video-preview:-1\" \/>\n<link rel=\"canonical\" href=\"https:\/\/aaknives.eu\/lt\/product\/peilis-grizzly-bulat-wootz-plienas-sermuksnio-rankena\/\" \/>\n<meta property=\"og:locale\" content=\"lt_LT\" \/>\n<meta property=\"og:type\" content=\"article\" \/>\n<meta property=\"og:title\" content=\"Peilis &quot;GRIZZLY&quot; (Bulat - Wootz plienas), \u0161ermuk\u0161nio rankena - AAKnives\" \/>\n<meta property=\"og:description\" content=\"Bulat - Wootz Steel - rankomis kaltas anglinis plienas su specialia a\u0161men\u0173 strukt\u016bra, dideliu kietumu, padidintu patvarumu ir elastingumu.\" \/>\n<meta property=\"og:url\" content=\"https:\/\/aaknives.eu\/lt\/product\/peilis-grizzly-bulat-wootz-plienas-sermuksnio-rankena\/\" \/>\n<meta property=\"og:site_name\" content=\"AAKnives\" \/>\n<meta property=\"article:publisher\" content=\"https:\/\/www.facebook.com\/aaknives.eu\/\" \/>\n<meta property=\"og:image\" content=\"https:\/\/aaknives.eu\/wp-content\/uploads\/2021\/09\/aaknives-hand-forged-dabascus-steel-blade-knife-handmade-custom-made-knife-handcrafted-knives-autinetools-northmen-21-2-20.jpg\" \/>\n\t<meta property=\"og:image:width\" content=\"1020\" \/>\n\t<meta property=\"og:image:height\" content=\"880\" \/>\n\t<meta property=\"og:image:type\" content=\"image\/jpeg\" \/>\n<meta name=\"twitter:card\" content=\"summary_large_image\" \/>\n<meta name=\"twitter:label1\" content=\"Est. reading time\" \/>\n\t<meta name=\"twitter:data1\" content=\"1 minut\u0117\" \/>\n<script type=\"application\/ld+json\" class=\"yoast-schema-graph\">{\"@context\":\"https:\\\/\\\/schema.org\",\"@graph\":[{\"@type\":\"WebPage\",\"@id\":\"https:\\\/\\\/aaknives.eu\\\/lt\\\/product\\\/peilis-grizzly-bulat-wootz-plienas-sermuksnio-rankena\\\/\",\"url\":\"https:\\\/\\\/aaknives.eu\\\/lt\\\/product\\\/peilis-grizzly-bulat-wootz-plienas-sermuksnio-rankena\\\/\",\"name\":\"Peilis \\\"GRIZZLY\\\" (Bulat - Wootz plienas), \u0161ermuk\u0161nio rankena - AAKnives\",\"isPartOf\":{\"@id\":\"https:\\\/\\\/aaknives.eu\\\/lt\\\/#website\"},\"primaryImageOfPage\":{\"@id\":\"https:\\\/\\\/aaknives.eu\\\/lt\\\/product\\\/peilis-grizzly-bulat-wootz-plienas-sermuksnio-rankena\\\/#primaryimage\"},\"image\":{\"@id\":\"https:\\\/\\\/aaknives.eu\\\/lt\\\/product\\\/peilis-grizzly-bulat-wootz-plienas-sermuksnio-rankena\\\/#primaryimage\"},\"thumbnailUrl\":\"https:\\\/\\\/aaknives.eu\\\/wp-content\\\/uploads\\\/2021\\\/09\\\/aaknives-hand-forged-dabascus-steel-blade-knife-handmade-custom-made-knife-handcrafted-knives-autinetools-northmen-21-2-20.jpg\",\"datePublished\":\"2021-09-20T20:35:34+00:00\",\"description\":\"Bulat - Wootz Steel - rankomis kaltas anglinis plienas su specialia a\u0161men\u0173 strukt\u016bra, dideliu kietumu, padidintu patvarumu ir elastingumu.\",\"breadcrumb\":{\"@id\":\"https:\\\/\\\/aaknives.eu\\\/lt\\\/product\\\/peilis-grizzly-bulat-wootz-plienas-sermuksnio-rankena\\\/#breadcrumb\"},\"inLanguage\":\"lt-LT\",\"potentialAction\":[{\"@type\":\"ReadAction\",\"target\":[\"https:\\\/\\\/aaknives.eu\\\/lt\\\/product\\\/peilis-grizzly-bulat-wootz-plienas-sermuksnio-rankena\\\/\"]}]},{\"@type\":\"ImageObject\",\"inLanguage\":\"lt-LT\",\"@id\":\"https:\\\/\\\/aaknives.eu\\\/lt\\\/product\\\/peilis-grizzly-bulat-wootz-plienas-sermuksnio-rankena\\\/#primaryimage\",\"url\":\"https:\\\/\\\/aaknives.eu\\\/wp-content\\\/uploads\\\/2021\\\/09\\\/aaknives-hand-forged-dabascus-steel-blade-knife-handmade-custom-made-knife-handcrafted-knives-autinetools-northmen-21-2-20.jpg\",\"contentUrl\":\"https:\\\/\\\/aaknives.eu\\\/wp-content\\\/uploads\\\/2021\\\/09\\\/aaknives-hand-forged-dabascus-steel-blade-knife-handmade-custom-made-knife-handcrafted-knives-autinetools-northmen-21-2-20.jpg\",\"width\":1020,\"height\":880,\"caption\":\"aaknives hand forged dabascus steel blade knife handmade custom made knife handcrafted knives autinetools northmen 21 2 20\"},{\"@type\":\"BreadcrumbList\",\"@id\":\"https:\\\/\\\/aaknives.eu\\\/lt\\\/product\\\/peilis-grizzly-bulat-wootz-plienas-sermuksnio-rankena\\\/#breadcrumb\",\"itemListElement\":[{\"@type\":\"ListItem\",\"position\":1,\"name\":\"Home\",\"item\":\"https:\\\/\\\/aaknives.eu\\\/lt\\\/\"},{\"@type\":\"ListItem\",\"position\":2,\"name\":\"Parduotuv\u0117\",\"item\":\"https:\\\/\\\/aaknives.eu\\\/parduotuve\\\/\"},{\"@type\":\"ListItem\",\"position\":3,\"name\":\"Peilis &#8220;GRIZZLY&#8221; (Bulat &#8211; Wootz plienas), \u0161ermuk\u0161nio rankena\"}]},{\"@type\":\"WebSite\",\"@id\":\"https:\\\/\\\/aaknives.eu\\\/lt\\\/#website\",\"url\":\"https:\\\/\\\/aaknives.eu\\\/lt\\\/\",\"name\":\"AAKnives\",\"description\":\"Handmade knives\",\"publisher\":{\"@id\":\"https:\\\/\\\/aaknives.eu\\\/lt\\\/#organization\"},\"potentialAction\":[{\"@type\":\"SearchAction\",\"target\":{\"@type\":\"EntryPoint\",\"urlTemplate\":\"https:\\\/\\\/aaknives.eu\\\/lt\\\/?s={search_term_string}\"},\"query-input\":{\"@type\":\"PropertyValueSpecification\",\"valueRequired\":true,\"valueName\":\"search_term_string\"}}],\"inLanguage\":\"lt-LT\"},{\"@type\":\"Organization\",\"@id\":\"https:\\\/\\\/aaknives.eu\\\/lt\\\/#organization\",\"name\":\"AAKnives\",\"url\":\"https:\\\/\\\/aaknives.eu\\\/lt\\\/\",\"logo\":{\"@type\":\"ImageObject\",\"inLanguage\":\"lt-LT\",\"@id\":\"https:\\\/\\\/aaknives.eu\\\/lt\\\/#\\\/schema\\\/logo\\\/image\\\/\",\"url\":\"https:\\\/\\\/aaknives.eu\\\/wp-content\\\/uploads\\\/2021\\\/10\\\/AAknives_Logo_Green.png\",\"contentUrl\":\"https:\\\/\\\/aaknives.eu\\\/wp-content\\\/uploads\\\/2021\\\/10\\\/AAknives_Logo_Green.png\",\"width\":1768,\"height\":1768,\"caption\":\"AAKnives\"},\"image\":{\"@id\":\"https:\\\/\\\/aaknives.eu\\\/lt\\\/#\\\/schema\\\/logo\\\/image\\\/\"},\"sameAs\":[\"https:\\\/\\\/www.facebook.com\\\/aaknives.eu\\\/\",\"https:\\\/\\\/www.instagram.com\\\/aaknives\\\/\",\"https:\\\/\\\/www.pinterest.com\\\/aa_knives\\\/\",\"https:\\\/\\\/www.youtube.com\\\/channel\\\/UCHOQFjrOkgT6s4FIw9LDKyw\\\/featured\"]}]}<\/script>\n<!-- \/ Yoast SEO plugin. -->","yoast_head_json":{"title":"Peilis \"GRIZZLY\" (Bulat - Wootz plienas), \u0161ermuk\u0161nio rankena - AAKnives","description":"Bulat - Wootz Steel - rankomis kaltas anglinis plienas su specialia a\u0161men\u0173 strukt\u016bra, dideliu kietumu, padidintu patvarumu ir elastingumu.","robots":{"index":"index","follow":"follow","max-snippet":"max-snippet:-1","max-image-preview":"max-image-preview:large","max-video-preview":"max-video-preview:-1"},"canonical":"https:\/\/aaknives.eu\/lt\/product\/peilis-grizzly-bulat-wootz-plienas-sermuksnio-rankena\/","og_locale":"lt_LT","og_type":"article","og_title":"Peilis \"GRIZZLY\" (Bulat - Wootz plienas), \u0161ermuk\u0161nio rankena - AAKnives","og_description":"Bulat - Wootz Steel - rankomis kaltas anglinis plienas su specialia a\u0161men\u0173 strukt\u016bra, dideliu kietumu, padidintu patvarumu ir elastingumu.","og_url":"https:\/\/aaknives.eu\/lt\/product\/peilis-grizzly-bulat-wootz-plienas-sermuksnio-rankena\/","og_site_name":"AAKnives","article_publisher":"https:\/\/www.facebook.com\/aaknives.eu\/","og_image":[{"width":1020,"height":880,"url":"https:\/\/aaknives.eu\/wp-content\/uploads\/2021\/09\/aaknives-hand-forged-dabascus-steel-blade-knife-handmade-custom-made-knife-handcrafted-knives-autinetools-northmen-21-2-20.jpg","type":"image\/jpeg"}],"twitter_card":"summary_large_image","twitter_misc":{"Est. reading time":"1 minut\u0117"},"schema":{"@context":"https:\/\/schema.org","@graph":[{"@type":"WebPage","@id":"https:\/\/aaknives.eu\/lt\/product\/peilis-grizzly-bulat-wootz-plienas-sermuksnio-rankena\/","url":"https:\/\/aaknives.eu\/lt\/product\/peilis-grizzly-bulat-wootz-plienas-sermuksnio-rankena\/","name":"Peilis \"GRIZZLY\" (Bulat - Wootz plienas), \u0161ermuk\u0161nio rankena - AAKnives","isPartOf":{"@id":"https:\/\/aaknives.eu\/lt\/#website"},"primaryImageOfPage":{"@id":"https:\/\/aaknives.eu\/lt\/product\/peilis-grizzly-bulat-wootz-plienas-sermuksnio-rankena\/#primaryimage"},"image":{"@id":"https:\/\/aaknives.eu\/lt\/product\/peilis-grizzly-bulat-wootz-plienas-sermuksnio-rankena\/#primaryimage"},"thumbnailUrl":"https:\/\/aaknives.eu\/wp-content\/uploads\/2021\/09\/aaknives-hand-forged-dabascus-steel-blade-knife-handmade-custom-made-knife-handcrafted-knives-autinetools-northmen-21-2-20.jpg","datePublished":"2021-09-20T20:35:34+00:00","description":"Bulat - Wootz Steel - rankomis kaltas anglinis plienas su specialia a\u0161men\u0173 strukt\u016bra, dideliu kietumu, padidintu patvarumu ir elastingumu.","breadcrumb":{"@id":"https:\/\/aaknives.eu\/lt\/product\/peilis-grizzly-bulat-wootz-plienas-sermuksnio-rankena\/#breadcrumb"},"inLanguage":"lt-LT","potentialAction":[{"@type":"ReadAction","target":["https:\/\/aaknives.eu\/lt\/product\/peilis-grizzly-bulat-wootz-plienas-sermuksnio-rankena\/"]}]},{"@type":"ImageObject","inLanguage":"lt-LT","@id":"https:\/\/aaknives.eu\/lt\/product\/peilis-grizzly-bulat-wootz-plienas-sermuksnio-rankena\/#primaryimage","url":"https:\/\/aaknives.eu\/wp-content\/uploads\/2021\/09\/aaknives-hand-forged-dabascus-steel-blade-knife-handmade-custom-made-knife-handcrafted-knives-autinetools-northmen-21-2-20.jpg","contentUrl":"https:\/\/aaknives.eu\/wp-content\/uploads\/2021\/09\/aaknives-hand-forged-dabascus-steel-blade-knife-handmade-custom-made-knife-handcrafted-knives-autinetools-northmen-21-2-20.jpg","width":1020,"height":880,"caption":"aaknives hand forged dabascus steel blade knife handmade custom made knife handcrafted knives autinetools northmen 21 2 20"},{"@type":"BreadcrumbList","@id":"https:\/\/aaknives.eu\/lt\/product\/peilis-grizzly-bulat-wootz-plienas-sermuksnio-rankena\/#breadcrumb","itemListElement":[{"@type":"ListItem","position":1,"name":"Home","item":"https:\/\/aaknives.eu\/lt\/"},{"@type":"ListItem","position":2,"name":"Parduotuv\u0117","item":"https:\/\/aaknives.eu\/parduotuve\/"},{"@type":"ListItem","position":3,"name":"Peilis &#8220;GRIZZLY&#8221; (Bulat &#8211; Wootz plienas), \u0161ermuk\u0161nio rankena"}]},{"@type":"WebSite","@id":"https:\/\/aaknives.eu\/lt\/#website","url":"https:\/\/aaknives.eu\/lt\/","name":"AAKnives","description":"Handmade knives","publisher":{"@id":"https:\/\/aaknives.eu\/lt\/#organization"},"potentialAction":[{"@type":"SearchAction","target":{"@type":"EntryPoint","urlTemplate":"https:\/\/aaknives.eu\/lt\/?s={search_term_string}"},"query-input":{"@type":"PropertyValueSpecification","valueRequired":true,"valueName":"search_term_string"}}],"inLanguage":"lt-LT"},{"@type":"Organization","@id":"https:\/\/aaknives.eu\/lt\/#organization","name":"AAKnives","url":"https:\/\/aaknives.eu\/lt\/","logo":{"@type":"ImageObject","inLanguage":"lt-LT","@id":"https:\/\/aaknives.eu\/lt\/#\/schema\/logo\/image\/","url":"https:\/\/aaknives.eu\/wp-content\/uploads\/2021\/10\/AAknives_Logo_Green.png","contentUrl":"https:\/\/aaknives.eu\/wp-content\/uploads\/2021\/10\/AAknives_Logo_Green.png","width":1768,"height":1768,"caption":"AAKnives"},"image":{"@id":"https:\/\/aaknives.eu\/lt\/#\/schema\/logo\/image\/"},"sameAs":["https:\/\/www.facebook.com\/aaknives.eu\/","https:\/\/www.instagram.com\/aaknives\/","https:\/\/www.pinterest.com\/aa_knives\/","https:\/\/www.youtube.com\/channel\/UCHOQFjrOkgT6s4FIw9LDKyw\/featured"]}]}},"_links":{"self":[{"href":"https:\/\/aaknives.eu\/lt\/wp-json\/wp\/v2\/product\/50219","targetHints":{"allow":["GET"]}}],"collection":[{"href":"https:\/\/aaknives.eu\/lt\/wp-json\/wp\/v2\/product"}],"about":[{"href":"https:\/\/aaknives.eu\/lt\/wp-json\/wp\/v2\/types\/product"}],"wp:featuredmedia":[{"embeddable":true,"href":"https:\/\/aaknives.eu\/lt\/wp-json\/wp\/v2\/media\/50220"}],"wp:attachment":[{"href":"https:\/\/aaknives.eu\/lt\/wp-json\/wp\/v2\/media?parent=50219"}],"wp:term":[{"taxonomy":"product_brand","embeddable":true,"href":"https:\/\/aaknives.eu\/lt\/wp-json\/wp\/v2\/product_brand?post=50219"},{"taxonomy":"product_cat","embeddable":true,"href":"https:\/\/aaknives.eu\/lt\/wp-json\/wp\/v2\/product_cat?post=50219"},{"taxonomy":"product_tag","embeddable":true,"href":"https:\/\/aaknives.eu\/lt\/wp-json\/wp\/v2\/product_tag?post=50219"}],"curies":[{"name":"wp","href":"https:\/\/api.w.org\/{rel}","templated":true}]}}