{"id":50338,"date":"2021-09-20T20:32:35","date_gmt":"2021-09-20T20:32:35","guid":{"rendered":"https:\/\/aaknives.eu\/product\/peilis-full-tang-svediskas-bohler-uddeholm-n695-nerudijancio-plieno-peilis\/"},"modified":"2025-05-12T17:08:37","modified_gmt":"2025-05-12T17:08:37","slug":"peilis-full-tang-svediskas-bohler-uddeholm-n695-nerudijancio-plieno-peilis-3","status":"publish","type":"product","link":"https:\/\/aaknives.eu\/lt\/product\/peilis-full-tang-svediskas-bohler-uddeholm-n695-nerudijancio-plieno-peilis-3\/","title":{"rendered":"Peilis &#8221;Full-Tang&#8221; &#8211; \u0161vedi\u0161kas Bohler-Uddeholm N695 ner\u016bdijan\u010dio plieno peilis"},"content":{"rendered":"<p>Peilio specifikacijos: \u201eFull-Tang\u201c<br \/>\nPlienas: \u0161vedi\u0161kas \u201eBohler-Uddeholm N695\u201c ner\u016bdijantis peili\u0173 plienas<br \/>\nKietumas: 58\u201359 HRC<br \/>\nGele\u017et\u0117s ilgis (mm): 95 \/ 3,74 colio<br \/>\nGele\u017et\u0117s storis (mm): 2 \/ 0,07 colio<br \/>\nGele\u017et\u0117s plotis (mm): 27 \/ 1,06 colio<br \/>\nRankena: \u201eMicarta\u201c<br \/>\nBendras ilgis (mm): 212 \/ 8,34 colio<br \/>\n\u0160vedi\u0161kas \u201eBohler-Uddeholm N695\u201c peili\u0173 plienas. \u201eBohler N695\u201c yra chromuotas ner\u016bdijantis plienas i\u0161 \u201eBohler Uddeholm\u201c grup\u0117s. Jis pasi\u017eymi dideliu kietumu, atsparumu dilimui ir korozijai. N695 plieno peilis yra ner\u016bdijantis, ilgai a\u0161trus ir nereikalauja specialios prie\u017ei\u016bros.Valcuojamas naudojant skersin\u0119 technologij\u0105, kad b\u016bt\u0173 u\u017etikrintas maksimalus plok\u0161\u010di\u0173 ir lak\u0161t\u0173 stabilumas ir vienodumas.Kiti BOHLER N695 plieno panaudojimo b\u016bdai:<\/p>\n<p>Ried\u0117jimo element\u0173 guoliai, vo\u017etuv\u0173 lizdai, auk\u0161tos kokyb\u0117s peili\u0173 gele\u017et\u0117s, chirurginiai instrumentai ir med\u017eio dro\u017eybos \u017eirkl\u0117s.<\/p>\n<p>BOHLER N695 Sud\u0117tis: C &#8211; 1,030 \/ MN &#8211; 0,44 \/ SI &#8211; 0,48 \/ P &#8211; 0,018 \/ S &#8211; 0,0010 \/ CR &#8211; 16,46 \/ MO &#8211; 0,43<\/p>\n","protected":false},"excerpt":{"rendered":"<p>Peilis &#8221;Full-Tang&#8221; &#8211; \u0161vedi\u0161kas Bohler-Uddeholm N695 ner\u016bdijan\u010dio plieno peilis<\/p>\n","protected":false},"featured_media":98854,"template":"","meta":{"_themeisle_gutenberg_block_has_review":false},"product_brand":[],"product_cat":[382,381,385],"product_tag":[],"class_list":{"0":"post-50338","1":"product","2":"type-product","3":"status-publish","4":"has-post-thumbnail","6":"product_cat-full-tang-peiliai","7":"product_cat-lauko-peiliai","8":"product_cat-zvejybos-peiliai","10":"first","11":"instock","12":"shipping-taxable","13":"purchasable","14":"product-type-simple"},"yoast_head":"<!-- This site is optimized with the Yoast SEO plugin v27.3 - https:\/\/yoast.com\/product\/yoast-seo-wordpress\/ -->\n<title>Peilis &#039;&#039;Full-Tang&#039;&#039; - \u0161vedi\u0161kas Bohler-Uddeholm N695 ner\u016bdijan\u010dio plieno peilis - AAKnives<\/title>\n<meta name=\"description\" content=\"Peilis &#039;&#039;Full-Tang&#039;&#039; - \u0161vedi\u0161kas Bohler-Uddeholm N695 ner\u016bdijan\u010dio plieno peilis, aaknives peilis, rank\u0173 darbo peilis, pagal u\u017esakym\u0105 pagamintas peilis, rank\u0173 darbo peilis\" \/>\n<meta name=\"robots\" content=\"index, follow, max-snippet:-1, max-image-preview:large, max-video-preview:-1\" \/>\n<link rel=\"canonical\" href=\"https:\/\/aaknives.eu\/lt\/product\/peilis-full-tang-svediskas-bohler-uddeholm-n695-nerudijancio-plieno-peilis-3\/\" \/>\n<meta property=\"og:locale\" content=\"lt_LT\" \/>\n<meta property=\"og:type\" content=\"article\" \/>\n<meta property=\"og:title\" content=\"Peilis &#039;&#039;Full-Tang&#039;&#039; - \u0161vedi\u0161kas Bohler-Uddeholm N695 ner\u016bdijan\u010dio plieno peilis - AAKnives\" \/>\n<meta property=\"og:description\" content=\"Peilis &#039;&#039;Full-Tang&#039;&#039; - \u0161vedi\u0161kas Bohler-Uddeholm N695 ner\u016bdijan\u010dio plieno peilis, aaknives peilis, rank\u0173 darbo peilis, pagal u\u017esakym\u0105 pagamintas peilis, rank\u0173 darbo peilis\" \/>\n<meta property=\"og:url\" content=\"https:\/\/aaknives.eu\/lt\/product\/peilis-full-tang-svediskas-bohler-uddeholm-n695-nerudijancio-plieno-peilis-3\/\" \/>\n<meta property=\"og:site_name\" content=\"AAKnives\" \/>\n<meta property=\"article:publisher\" content=\"https:\/\/www.facebook.com\/aaknives.eu\/\" \/>\n<meta property=\"article:modified_time\" content=\"2025-05-12T17:08:37+00:00\" \/>\n<meta property=\"og:image\" content=\"https:\/\/aaknives.eu\/wp-content\/uploads\/2021\/09\/aaknives-hand-forged-damascus-steel-blade-knife-handmade-custom-made-knife-handcrafted-knives-autinetools-northmen-1-89.jpg\" \/>\n\t<meta property=\"og:image:width\" content=\"1020\" \/>\n\t<meta property=\"og:image:height\" content=\"880\" \/>\n\t<meta property=\"og:image:type\" content=\"image\/jpeg\" \/>\n<meta name=\"twitter:card\" content=\"summary_large_image\" \/>\n<meta name=\"twitter:label1\" content=\"Est. reading time\" \/>\n\t<meta name=\"twitter:data1\" content=\"1 minut\u0117\" \/>\n<script type=\"application\/ld+json\" class=\"yoast-schema-graph\">{\"@context\":\"https:\\\/\\\/schema.org\",\"@graph\":[{\"@type\":\"WebPage\",\"@id\":\"https:\\\/\\\/aaknives.eu\\\/lt\\\/product\\\/peilis-full-tang-svediskas-bohler-uddeholm-n695-nerudijancio-plieno-peilis-3\\\/\",\"url\":\"https:\\\/\\\/aaknives.eu\\\/lt\\\/product\\\/peilis-full-tang-svediskas-bohler-uddeholm-n695-nerudijancio-plieno-peilis-3\\\/\",\"name\":\"Peilis ''Full-Tang'' - \u0161vedi\u0161kas Bohler-Uddeholm N695 ner\u016bdijan\u010dio plieno peilis - AAKnives\",\"isPartOf\":{\"@id\":\"https:\\\/\\\/aaknives.eu\\\/lt\\\/#website\"},\"primaryImageOfPage\":{\"@id\":\"https:\\\/\\\/aaknives.eu\\\/lt\\\/product\\\/peilis-full-tang-svediskas-bohler-uddeholm-n695-nerudijancio-plieno-peilis-3\\\/#primaryimage\"},\"image\":{\"@id\":\"https:\\\/\\\/aaknives.eu\\\/lt\\\/product\\\/peilis-full-tang-svediskas-bohler-uddeholm-n695-nerudijancio-plieno-peilis-3\\\/#primaryimage\"},\"thumbnailUrl\":\"https:\\\/\\\/aaknives.eu\\\/wp-content\\\/uploads\\\/2021\\\/09\\\/aaknives-hand-forged-damascus-steel-blade-knife-handmade-custom-made-knife-handcrafted-knives-autinetools-northmen-1-89.jpg\",\"datePublished\":\"2021-09-20T20:32:35+00:00\",\"dateModified\":\"2025-05-12T17:08:37+00:00\",\"description\":\"Peilis ''Full-Tang'' - \u0161vedi\u0161kas Bohler-Uddeholm N695 ner\u016bdijan\u010dio plieno peilis, aaknives peilis, rank\u0173 darbo peilis, pagal u\u017esakym\u0105 pagamintas peilis, rank\u0173 darbo peilis\",\"breadcrumb\":{\"@id\":\"https:\\\/\\\/aaknives.eu\\\/lt\\\/product\\\/peilis-full-tang-svediskas-bohler-uddeholm-n695-nerudijancio-plieno-peilis-3\\\/#breadcrumb\"},\"inLanguage\":\"lt-LT\",\"potentialAction\":[{\"@type\":\"ReadAction\",\"target\":[\"https:\\\/\\\/aaknives.eu\\\/lt\\\/product\\\/peilis-full-tang-svediskas-bohler-uddeholm-n695-nerudijancio-plieno-peilis-3\\\/\"]}]},{\"@type\":\"ImageObject\",\"inLanguage\":\"lt-LT\",\"@id\":\"https:\\\/\\\/aaknives.eu\\\/lt\\\/product\\\/peilis-full-tang-svediskas-bohler-uddeholm-n695-nerudijancio-plieno-peilis-3\\\/#primaryimage\",\"url\":\"https:\\\/\\\/aaknives.eu\\\/wp-content\\\/uploads\\\/2021\\\/09\\\/aaknives-hand-forged-damascus-steel-blade-knife-handmade-custom-made-knife-handcrafted-knives-autinetools-northmen-1-89.jpg\",\"contentUrl\":\"https:\\\/\\\/aaknives.eu\\\/wp-content\\\/uploads\\\/2021\\\/09\\\/aaknives-hand-forged-damascus-steel-blade-knife-handmade-custom-made-knife-handcrafted-knives-autinetools-northmen-1-89.jpg\",\"width\":1020,\"height\":880},{\"@type\":\"BreadcrumbList\",\"@id\":\"https:\\\/\\\/aaknives.eu\\\/lt\\\/product\\\/peilis-full-tang-svediskas-bohler-uddeholm-n695-nerudijancio-plieno-peilis-3\\\/#breadcrumb\",\"itemListElement\":[{\"@type\":\"ListItem\",\"position\":1,\"name\":\"Home\",\"item\":\"https:\\\/\\\/aaknives.eu\\\/lt\\\/\"},{\"@type\":\"ListItem\",\"position\":2,\"name\":\"Parduotuv\u0117\",\"item\":\"https:\\\/\\\/aaknives.eu\\\/parduotuve\\\/\"},{\"@type\":\"ListItem\",\"position\":3,\"name\":\"Private: Peilis &#8221;Full-Tang&#8221; &#8211; \u0161vedi\u0161kas Bohler-Uddeholm N695 ner\u016bdijan\u010dio plieno peilis\"}]},{\"@type\":\"WebSite\",\"@id\":\"https:\\\/\\\/aaknives.eu\\\/lt\\\/#website\",\"url\":\"https:\\\/\\\/aaknives.eu\\\/lt\\\/\",\"name\":\"AAKnives\",\"description\":\"Handmade knives\",\"publisher\":{\"@id\":\"https:\\\/\\\/aaknives.eu\\\/lt\\\/#organization\"},\"potentialAction\":[{\"@type\":\"SearchAction\",\"target\":{\"@type\":\"EntryPoint\",\"urlTemplate\":\"https:\\\/\\\/aaknives.eu\\\/lt\\\/?s={search_term_string}\"},\"query-input\":{\"@type\":\"PropertyValueSpecification\",\"valueRequired\":true,\"valueName\":\"search_term_string\"}}],\"inLanguage\":\"lt-LT\"},{\"@type\":\"Organization\",\"@id\":\"https:\\\/\\\/aaknives.eu\\\/lt\\\/#organization\",\"name\":\"AAKnives\",\"url\":\"https:\\\/\\\/aaknives.eu\\\/lt\\\/\",\"logo\":{\"@type\":\"ImageObject\",\"inLanguage\":\"lt-LT\",\"@id\":\"https:\\\/\\\/aaknives.eu\\\/lt\\\/#\\\/schema\\\/logo\\\/image\\\/\",\"url\":\"https:\\\/\\\/aaknives.eu\\\/wp-content\\\/uploads\\\/2021\\\/10\\\/AAknives_Logo_Green.png\",\"contentUrl\":\"https:\\\/\\\/aaknives.eu\\\/wp-content\\\/uploads\\\/2021\\\/10\\\/AAknives_Logo_Green.png\",\"width\":1768,\"height\":1768,\"caption\":\"AAKnives\"},\"image\":{\"@id\":\"https:\\\/\\\/aaknives.eu\\\/lt\\\/#\\\/schema\\\/logo\\\/image\\\/\"},\"sameAs\":[\"https:\\\/\\\/www.facebook.com\\\/aaknives.eu\\\/\",\"https:\\\/\\\/www.instagram.com\\\/aaknives\\\/\",\"https:\\\/\\\/www.pinterest.com\\\/aa_knives\\\/\",\"https:\\\/\\\/www.youtube.com\\\/channel\\\/UCHOQFjrOkgT6s4FIw9LDKyw\\\/featured\"]}]}<\/script>\n<!-- \/ Yoast SEO plugin. -->","yoast_head_json":{"title":"Peilis ''Full-Tang'' - \u0161vedi\u0161kas Bohler-Uddeholm N695 ner\u016bdijan\u010dio plieno peilis - AAKnives","description":"Peilis ''Full-Tang'' - \u0161vedi\u0161kas Bohler-Uddeholm N695 ner\u016bdijan\u010dio plieno peilis, aaknives peilis, rank\u0173 darbo peilis, pagal u\u017esakym\u0105 pagamintas peilis, rank\u0173 darbo peilis","robots":{"index":"index","follow":"follow","max-snippet":"max-snippet:-1","max-image-preview":"max-image-preview:large","max-video-preview":"max-video-preview:-1"},"canonical":"https:\/\/aaknives.eu\/lt\/product\/peilis-full-tang-svediskas-bohler-uddeholm-n695-nerudijancio-plieno-peilis-3\/","og_locale":"lt_LT","og_type":"article","og_title":"Peilis ''Full-Tang'' - \u0161vedi\u0161kas Bohler-Uddeholm N695 ner\u016bdijan\u010dio plieno peilis - AAKnives","og_description":"Peilis ''Full-Tang'' - \u0161vedi\u0161kas Bohler-Uddeholm N695 ner\u016bdijan\u010dio plieno peilis, aaknives peilis, rank\u0173 darbo peilis, pagal u\u017esakym\u0105 pagamintas peilis, rank\u0173 darbo peilis","og_url":"https:\/\/aaknives.eu\/lt\/product\/peilis-full-tang-svediskas-bohler-uddeholm-n695-nerudijancio-plieno-peilis-3\/","og_site_name":"AAKnives","article_publisher":"https:\/\/www.facebook.com\/aaknives.eu\/","article_modified_time":"2025-05-12T17:08:37+00:00","og_image":[{"width":1020,"height":880,"url":"https:\/\/aaknives.eu\/wp-content\/uploads\/2021\/09\/aaknives-hand-forged-damascus-steel-blade-knife-handmade-custom-made-knife-handcrafted-knives-autinetools-northmen-1-89.jpg","type":"image\/jpeg"}],"twitter_card":"summary_large_image","twitter_misc":{"Est. reading time":"1 minut\u0117"},"schema":{"@context":"https:\/\/schema.org","@graph":[{"@type":"WebPage","@id":"https:\/\/aaknives.eu\/lt\/product\/peilis-full-tang-svediskas-bohler-uddeholm-n695-nerudijancio-plieno-peilis-3\/","url":"https:\/\/aaknives.eu\/lt\/product\/peilis-full-tang-svediskas-bohler-uddeholm-n695-nerudijancio-plieno-peilis-3\/","name":"Peilis ''Full-Tang'' - \u0161vedi\u0161kas Bohler-Uddeholm N695 ner\u016bdijan\u010dio plieno peilis - AAKnives","isPartOf":{"@id":"https:\/\/aaknives.eu\/lt\/#website"},"primaryImageOfPage":{"@id":"https:\/\/aaknives.eu\/lt\/product\/peilis-full-tang-svediskas-bohler-uddeholm-n695-nerudijancio-plieno-peilis-3\/#primaryimage"},"image":{"@id":"https:\/\/aaknives.eu\/lt\/product\/peilis-full-tang-svediskas-bohler-uddeholm-n695-nerudijancio-plieno-peilis-3\/#primaryimage"},"thumbnailUrl":"https:\/\/aaknives.eu\/wp-content\/uploads\/2021\/09\/aaknives-hand-forged-damascus-steel-blade-knife-handmade-custom-made-knife-handcrafted-knives-autinetools-northmen-1-89.jpg","datePublished":"2021-09-20T20:32:35+00:00","dateModified":"2025-05-12T17:08:37+00:00","description":"Peilis ''Full-Tang'' - \u0161vedi\u0161kas Bohler-Uddeholm N695 ner\u016bdijan\u010dio plieno peilis, aaknives peilis, rank\u0173 darbo peilis, pagal u\u017esakym\u0105 pagamintas peilis, rank\u0173 darbo peilis","breadcrumb":{"@id":"https:\/\/aaknives.eu\/lt\/product\/peilis-full-tang-svediskas-bohler-uddeholm-n695-nerudijancio-plieno-peilis-3\/#breadcrumb"},"inLanguage":"lt-LT","potentialAction":[{"@type":"ReadAction","target":["https:\/\/aaknives.eu\/lt\/product\/peilis-full-tang-svediskas-bohler-uddeholm-n695-nerudijancio-plieno-peilis-3\/"]}]},{"@type":"ImageObject","inLanguage":"lt-LT","@id":"https:\/\/aaknives.eu\/lt\/product\/peilis-full-tang-svediskas-bohler-uddeholm-n695-nerudijancio-plieno-peilis-3\/#primaryimage","url":"https:\/\/aaknives.eu\/wp-content\/uploads\/2021\/09\/aaknives-hand-forged-damascus-steel-blade-knife-handmade-custom-made-knife-handcrafted-knives-autinetools-northmen-1-89.jpg","contentUrl":"https:\/\/aaknives.eu\/wp-content\/uploads\/2021\/09\/aaknives-hand-forged-damascus-steel-blade-knife-handmade-custom-made-knife-handcrafted-knives-autinetools-northmen-1-89.jpg","width":1020,"height":880},{"@type":"BreadcrumbList","@id":"https:\/\/aaknives.eu\/lt\/product\/peilis-full-tang-svediskas-bohler-uddeholm-n695-nerudijancio-plieno-peilis-3\/#breadcrumb","itemListElement":[{"@type":"ListItem","position":1,"name":"Home","item":"https:\/\/aaknives.eu\/lt\/"},{"@type":"ListItem","position":2,"name":"Parduotuv\u0117","item":"https:\/\/aaknives.eu\/parduotuve\/"},{"@type":"ListItem","position":3,"name":"Private: Peilis &#8221;Full-Tang&#8221; &#8211; \u0161vedi\u0161kas Bohler-Uddeholm N695 ner\u016bdijan\u010dio plieno peilis"}]},{"@type":"WebSite","@id":"https:\/\/aaknives.eu\/lt\/#website","url":"https:\/\/aaknives.eu\/lt\/","name":"AAKnives","description":"Handmade knives","publisher":{"@id":"https:\/\/aaknives.eu\/lt\/#organization"},"potentialAction":[{"@type":"SearchAction","target":{"@type":"EntryPoint","urlTemplate":"https:\/\/aaknives.eu\/lt\/?s={search_term_string}"},"query-input":{"@type":"PropertyValueSpecification","valueRequired":true,"valueName":"search_term_string"}}],"inLanguage":"lt-LT"},{"@type":"Organization","@id":"https:\/\/aaknives.eu\/lt\/#organization","name":"AAKnives","url":"https:\/\/aaknives.eu\/lt\/","logo":{"@type":"ImageObject","inLanguage":"lt-LT","@id":"https:\/\/aaknives.eu\/lt\/#\/schema\/logo\/image\/","url":"https:\/\/aaknives.eu\/wp-content\/uploads\/2021\/10\/AAknives_Logo_Green.png","contentUrl":"https:\/\/aaknives.eu\/wp-content\/uploads\/2021\/10\/AAknives_Logo_Green.png","width":1768,"height":1768,"caption":"AAKnives"},"image":{"@id":"https:\/\/aaknives.eu\/lt\/#\/schema\/logo\/image\/"},"sameAs":["https:\/\/www.facebook.com\/aaknives.eu\/","https:\/\/www.instagram.com\/aaknives\/","https:\/\/www.pinterest.com\/aa_knives\/","https:\/\/www.youtube.com\/channel\/UCHOQFjrOkgT6s4FIw9LDKyw\/featured"]}]}},"_links":{"self":[{"href":"https:\/\/aaknives.eu\/lt\/wp-json\/wp\/v2\/product\/50338","targetHints":{"allow":["GET"]}}],"collection":[{"href":"https:\/\/aaknives.eu\/lt\/wp-json\/wp\/v2\/product"}],"about":[{"href":"https:\/\/aaknives.eu\/lt\/wp-json\/wp\/v2\/types\/product"}],"wp:featuredmedia":[{"embeddable":true,"href":"https:\/\/aaknives.eu\/lt\/wp-json\/wp\/v2\/media\/98854"}],"wp:attachment":[{"href":"https:\/\/aaknives.eu\/lt\/wp-json\/wp\/v2\/media?parent=50338"}],"wp:term":[{"taxonomy":"product_brand","embeddable":true,"href":"https:\/\/aaknives.eu\/lt\/wp-json\/wp\/v2\/product_brand?post=50338"},{"taxonomy":"product_cat","embeddable":true,"href":"https:\/\/aaknives.eu\/lt\/wp-json\/wp\/v2\/product_cat?post=50338"},{"taxonomy":"product_tag","embeddable":true,"href":"https:\/\/aaknives.eu\/lt\/wp-json\/wp\/v2\/product_tag?post=50338"}],"curies":[{"name":"wp","href":"https:\/\/api.w.org\/{rel}","templated":true}]}}