{"id":50743,"date":"2021-09-20T20:29:14","date_gmt":"2021-09-20T20:29:14","guid":{"rendered":"https:\/\/aaknives.eu\/product\/peilis-highlander-auksciausios-kokybes-peilis-damasko-asmenimis\/"},"modified":"2021-09-20T20:29:14","modified_gmt":"2021-09-20T20:29:14","slug":"peilis-highlander-auksciausios-kokybes-peilis-damasko-asmenimis","status":"publish","type":"product","link":"https:\/\/aaknives.eu\/lt\/product\/peilis-highlander-auksciausios-kokybes-peilis-damasko-asmenimis\/","title":{"rendered":"Peilis &#8221;Highlander&#8221; &#8211; auk\u0161\u010diausios kokyb\u0117s peilis damasko a\u0161menimis"},"content":{"rendered":"<p>Peili\u0173 specifikacijos &#8211; Highlander<br \/>\nPlienas: Auk\u0161\u010diausios kokyb\u0117s med\u017eioklinis peilis i\u0161 Damasko plieno (HVG, U10, ShH15), 600 sluoksni\u0173<br \/>\nKietumas: 60-62 HRC<br \/>\nGele\u017et\u0117s ilgis (mm): Galimyb\u0117 (mm): 120 \/ 4,72 colio<br \/>\nGele\u017et\u0117s storis (mm): 3<br \/>\nA\u0161men\u0173 plotis (mm): (30 \/ 1,18 colio)<br \/>\nRankena: stabilizuotas karel\u0173 ber\u017eas<br \/>\nBendras ilgis (mm): (mm): 244 \/ 9,6 colio<\/p>\n<p>Dizainas: AA peiliai<br \/>\nA\u0161menys: Kaltas specialiai AA peiliams<br \/>\nRankena: Pagaminta Latvijoje, Europoje.<br \/>\nGalandimas: AAknives<\/p>\n<p>Rankomis kalti damaskinio plieno a\u0161menys, sukurti i\u0161 skirtingo kietumo ir klampumo plien\u0173, kurie tam tikra tvarka sudedami \u012f plok\u0161tel\u0119. Po to plok\u0161t\u0117 pakartotinai perlydoma, tod\u0117l susidaro sluoksniai ir unikalus ra\u0161tas.<br \/>\nSud\u0117tingas technologinis procesas atliekamas rankiniu b\u016bdu. Tokiu b\u016bdu gautas plienas pasi\u017eymi didesniu stiprumu, dideliu kietumu, puikiomis pjovimo savyb\u0117mis ir gro\u017eiu.<br \/>\nDamasko gele\u017et\u0117 turi daugiau kaip 450 sluoksni\u0173.<br \/>\nPaketas Damasko plieno a\u0161menys ShH15 + HVG + U10 A, termin\u0117 i\u0161rai\u0161ka 860 \u00b0 C<\/p>\n<p>Damasko a\u0161men\u0173 peili\u0173 privalumai:<br \/>\nDidesnis stiprumas<br \/>\nDidelis kietumas<br \/>\nPuikios pjovimo savyb\u0117s<br \/>\nGra\u017eus dizainas<br \/>\nIlgalaikis a\u0161trumas<\/p>\n<p>Gele\u017et\u0117s kietumas 60-62 HRC.<\/p>\n","protected":false},"excerpt":{"rendered":"<p>Peili\u0173 specifikacijos &#8211; Highlander Plienas: Auk\u0161\u010diausios kokyb\u0117s med\u017eioklinis peilis i\u0161 Damasko plieno (HVG, U10, ShH15), 600 sluoksni\u0173 Kietumas: 60-62 HRC Gele\u017et\u0117s ilgis (mm): Galimyb\u0117 (mm): 120 \/ 4,72 colio Gele\u017et\u0117s storis (mm): 3 A\u0161men\u0173 plotis (mm): (30 \/ 1,18 colio) Rankena: stabilizuotas karel\u0173 ber\u017eas Bendras ilgis (mm): (mm): 244 \/ 9,6 colio Dizainas: AA peiliai A\u0161menys: Kaltas specialiai AA peiliams Rankena: Pagaminta Latvijoje, Europoje. Galandimas: AAknives Rankomis kalti damaskinio plieno a\u0161menys, sukurti i\u0161 skirtingo kietumo ir klampumo plien\u0173, kurie tam tikra tvarka sudedami \u012f plok\u0161tel\u0119. Po to plok\u0161t\u0117 pakartotinai perlydoma, tod\u0117l susidaro sluoksniai ir unikalus ra\u0161tas. Sud\u0117tingas technologinis procesas atliekamas&hellip;<\/p>\n","protected":false},"featured_media":50744,"template":"","meta":{"_themeisle_gutenberg_block_has_review":false},"product_brand":[],"product_cat":[380,381,386,385],"product_tag":[],"class_list":{"0":"post-50743","1":"product","2":"type-product","3":"status-publish","4":"has-post-thumbnail","6":"product_cat-premium-ir-isskirtiniai-peiliai","7":"product_cat-lauko-peiliai","8":"product_cat-medziokliniai-peiliai","9":"product_cat-zvejybos-peiliai","11":"first","12":"outofstock","13":"featured","14":"shipping-taxable","15":"purchasable","16":"product-type-simple"},"yoast_head":"<!-- This site is optimized with the Yoast SEO plugin v27.3 - https:\/\/yoast.com\/product\/yoast-seo-wordpress\/ -->\n<title>Peilis &#039;&#039;Highlander&quot; - auk\u0161\u010diausios kokyb\u0117s peilis damasko a\u0161menimis - AAKnives<\/title>\n<meta name=\"description\" content=\"Peilis &#039;&#039;Highlander&quot; - auk\u0161\u010diausios kokyb\u0117s Damasko peilis, nestandartinis med\u017eioklinis peilis, rankomis kaltas peilis, lauko peilis, \u017evejybos peilis\" \/>\n<meta name=\"robots\" content=\"index, follow, max-snippet:-1, max-image-preview:large, max-video-preview:-1\" \/>\n<link rel=\"canonical\" href=\"https:\/\/aaknives.eu\/lt\/product\/peilis-highlander-auksciausios-kokybes-peilis-damasko-asmenimis\/\" \/>\n<meta property=\"og:locale\" content=\"lt_LT\" \/>\n<meta property=\"og:type\" content=\"article\" \/>\n<meta property=\"og:title\" content=\"Peilis &#039;&#039;Highlander&quot; - auk\u0161\u010diausios kokyb\u0117s peilis damasko a\u0161menimis - AAKnives\" \/>\n<meta property=\"og:description\" content=\"Peilis &#039;&#039;Highlander&quot; - auk\u0161\u010diausios kokyb\u0117s Damasko peilis, nestandartinis med\u017eioklinis peilis, rankomis kaltas peilis, lauko peilis, \u017evejybos peilis\" \/>\n<meta property=\"og:url\" content=\"https:\/\/aaknives.eu\/lt\/product\/peilis-highlander-auksciausios-kokybes-peilis-damasko-asmenimis\/\" \/>\n<meta property=\"og:site_name\" content=\"AAKnives\" \/>\n<meta property=\"article:publisher\" content=\"https:\/\/www.facebook.com\/aaknives.eu\/\" \/>\n<meta property=\"og:image\" content=\"https:\/\/aaknives.eu\/wp-content\/uploads\/2021\/09\/aaknives-hand-forged-dabascus-steel-blade-knife-handmade-custom-made-knife-handcrafted-knives-autinetools-northmen-6-1-15.jpg\" \/>\n\t<meta property=\"og:image:width\" content=\"800\" \/>\n\t<meta property=\"og:image:height\" content=\"600\" \/>\n\t<meta property=\"og:image:type\" content=\"image\/jpeg\" \/>\n<meta name=\"twitter:card\" content=\"summary_large_image\" \/>\n<meta name=\"twitter:label1\" content=\"Est. reading time\" \/>\n\t<meta name=\"twitter:data1\" content=\"1 minut\u0117\" \/>\n<script type=\"application\/ld+json\" class=\"yoast-schema-graph\">{\"@context\":\"https:\\\/\\\/schema.org\",\"@graph\":[{\"@type\":\"WebPage\",\"@id\":\"https:\\\/\\\/aaknives.eu\\\/lt\\\/product\\\/peilis-highlander-auksciausios-kokybes-peilis-damasko-asmenimis\\\/\",\"url\":\"https:\\\/\\\/aaknives.eu\\\/lt\\\/product\\\/peilis-highlander-auksciausios-kokybes-peilis-damasko-asmenimis\\\/\",\"name\":\"Peilis ''Highlander\\\" - auk\u0161\u010diausios kokyb\u0117s peilis damasko a\u0161menimis - AAKnives\",\"isPartOf\":{\"@id\":\"https:\\\/\\\/aaknives.eu\\\/lt\\\/#website\"},\"primaryImageOfPage\":{\"@id\":\"https:\\\/\\\/aaknives.eu\\\/lt\\\/product\\\/peilis-highlander-auksciausios-kokybes-peilis-damasko-asmenimis\\\/#primaryimage\"},\"image\":{\"@id\":\"https:\\\/\\\/aaknives.eu\\\/lt\\\/product\\\/peilis-highlander-auksciausios-kokybes-peilis-damasko-asmenimis\\\/#primaryimage\"},\"thumbnailUrl\":\"https:\\\/\\\/aaknives.eu\\\/wp-content\\\/uploads\\\/2021\\\/09\\\/aaknives-hand-forged-dabascus-steel-blade-knife-handmade-custom-made-knife-handcrafted-knives-autinetools-northmen-6-1-15.jpg\",\"datePublished\":\"2021-09-20T20:29:14+00:00\",\"description\":\"Peilis ''Highlander\\\" - auk\u0161\u010diausios kokyb\u0117s Damasko peilis, nestandartinis med\u017eioklinis peilis, rankomis kaltas peilis, lauko peilis, \u017evejybos peilis\",\"breadcrumb\":{\"@id\":\"https:\\\/\\\/aaknives.eu\\\/lt\\\/product\\\/peilis-highlander-auksciausios-kokybes-peilis-damasko-asmenimis\\\/#breadcrumb\"},\"inLanguage\":\"lt-LT\",\"potentialAction\":[{\"@type\":\"ReadAction\",\"target\":[\"https:\\\/\\\/aaknives.eu\\\/lt\\\/product\\\/peilis-highlander-auksciausios-kokybes-peilis-damasko-asmenimis\\\/\"]}]},{\"@type\":\"ImageObject\",\"inLanguage\":\"lt-LT\",\"@id\":\"https:\\\/\\\/aaknives.eu\\\/lt\\\/product\\\/peilis-highlander-auksciausios-kokybes-peilis-damasko-asmenimis\\\/#primaryimage\",\"url\":\"https:\\\/\\\/aaknives.eu\\\/wp-content\\\/uploads\\\/2021\\\/09\\\/aaknives-hand-forged-dabascus-steel-blade-knife-handmade-custom-made-knife-handcrafted-knives-autinetools-northmen-6-1-15.jpg\",\"contentUrl\":\"https:\\\/\\\/aaknives.eu\\\/wp-content\\\/uploads\\\/2021\\\/09\\\/aaknives-hand-forged-dabascus-steel-blade-knife-handmade-custom-made-knife-handcrafted-knives-autinetools-northmen-6-1-15.jpg\",\"width\":800,\"height\":600,\"caption\":\"aaknives-hand-forged-dabascus-steel-blade-knife-handmade-custom-made-knife-handcrafted-knives-autinetools-northmen-6-1-15\"},{\"@type\":\"BreadcrumbList\",\"@id\":\"https:\\\/\\\/aaknives.eu\\\/lt\\\/product\\\/peilis-highlander-auksciausios-kokybes-peilis-damasko-asmenimis\\\/#breadcrumb\",\"itemListElement\":[{\"@type\":\"ListItem\",\"position\":1,\"name\":\"Home\",\"item\":\"https:\\\/\\\/aaknives.eu\\\/lt\\\/\"},{\"@type\":\"ListItem\",\"position\":2,\"name\":\"Parduotuv\u0117\",\"item\":\"https:\\\/\\\/aaknives.eu\\\/parduotuve\\\/\"},{\"@type\":\"ListItem\",\"position\":3,\"name\":\"Peilis &#8221;Highlander&#8221; &#8211; auk\u0161\u010diausios kokyb\u0117s peilis damasko a\u0161menimis\"}]},{\"@type\":\"WebSite\",\"@id\":\"https:\\\/\\\/aaknives.eu\\\/lt\\\/#website\",\"url\":\"https:\\\/\\\/aaknives.eu\\\/lt\\\/\",\"name\":\"AAKnives\",\"description\":\"Handmade knives\",\"publisher\":{\"@id\":\"https:\\\/\\\/aaknives.eu\\\/lt\\\/#organization\"},\"potentialAction\":[{\"@type\":\"SearchAction\",\"target\":{\"@type\":\"EntryPoint\",\"urlTemplate\":\"https:\\\/\\\/aaknives.eu\\\/lt\\\/?s={search_term_string}\"},\"query-input\":{\"@type\":\"PropertyValueSpecification\",\"valueRequired\":true,\"valueName\":\"search_term_string\"}}],\"inLanguage\":\"lt-LT\"},{\"@type\":\"Organization\",\"@id\":\"https:\\\/\\\/aaknives.eu\\\/lt\\\/#organization\",\"name\":\"AAKnives\",\"url\":\"https:\\\/\\\/aaknives.eu\\\/lt\\\/\",\"logo\":{\"@type\":\"ImageObject\",\"inLanguage\":\"lt-LT\",\"@id\":\"https:\\\/\\\/aaknives.eu\\\/lt\\\/#\\\/schema\\\/logo\\\/image\\\/\",\"url\":\"https:\\\/\\\/aaknives.eu\\\/wp-content\\\/uploads\\\/2021\\\/10\\\/AAknives_Logo_Green.png\",\"contentUrl\":\"https:\\\/\\\/aaknives.eu\\\/wp-content\\\/uploads\\\/2021\\\/10\\\/AAknives_Logo_Green.png\",\"width\":1768,\"height\":1768,\"caption\":\"AAKnives\"},\"image\":{\"@id\":\"https:\\\/\\\/aaknives.eu\\\/lt\\\/#\\\/schema\\\/logo\\\/image\\\/\"},\"sameAs\":[\"https:\\\/\\\/www.facebook.com\\\/aaknives.eu\\\/\",\"https:\\\/\\\/www.instagram.com\\\/aaknives\\\/\",\"https:\\\/\\\/www.pinterest.com\\\/aa_knives\\\/\",\"https:\\\/\\\/www.youtube.com\\\/channel\\\/UCHOQFjrOkgT6s4FIw9LDKyw\\\/featured\"]}]}<\/script>\n<!-- \/ Yoast SEO plugin. -->","yoast_head_json":{"title":"Peilis ''Highlander\" - auk\u0161\u010diausios kokyb\u0117s peilis damasko a\u0161menimis - AAKnives","description":"Peilis ''Highlander\" - auk\u0161\u010diausios kokyb\u0117s Damasko peilis, nestandartinis med\u017eioklinis peilis, rankomis kaltas peilis, lauko peilis, \u017evejybos peilis","robots":{"index":"index","follow":"follow","max-snippet":"max-snippet:-1","max-image-preview":"max-image-preview:large","max-video-preview":"max-video-preview:-1"},"canonical":"https:\/\/aaknives.eu\/lt\/product\/peilis-highlander-auksciausios-kokybes-peilis-damasko-asmenimis\/","og_locale":"lt_LT","og_type":"article","og_title":"Peilis ''Highlander\" - auk\u0161\u010diausios kokyb\u0117s peilis damasko a\u0161menimis - AAKnives","og_description":"Peilis ''Highlander\" - auk\u0161\u010diausios kokyb\u0117s Damasko peilis, nestandartinis med\u017eioklinis peilis, rankomis kaltas peilis, lauko peilis, \u017evejybos peilis","og_url":"https:\/\/aaknives.eu\/lt\/product\/peilis-highlander-auksciausios-kokybes-peilis-damasko-asmenimis\/","og_site_name":"AAKnives","article_publisher":"https:\/\/www.facebook.com\/aaknives.eu\/","og_image":[{"width":800,"height":600,"url":"https:\/\/aaknives.eu\/wp-content\/uploads\/2021\/09\/aaknives-hand-forged-dabascus-steel-blade-knife-handmade-custom-made-knife-handcrafted-knives-autinetools-northmen-6-1-15.jpg","type":"image\/jpeg"}],"twitter_card":"summary_large_image","twitter_misc":{"Est. reading time":"1 minut\u0117"},"schema":{"@context":"https:\/\/schema.org","@graph":[{"@type":"WebPage","@id":"https:\/\/aaknives.eu\/lt\/product\/peilis-highlander-auksciausios-kokybes-peilis-damasko-asmenimis\/","url":"https:\/\/aaknives.eu\/lt\/product\/peilis-highlander-auksciausios-kokybes-peilis-damasko-asmenimis\/","name":"Peilis ''Highlander\" - auk\u0161\u010diausios kokyb\u0117s peilis damasko a\u0161menimis - AAKnives","isPartOf":{"@id":"https:\/\/aaknives.eu\/lt\/#website"},"primaryImageOfPage":{"@id":"https:\/\/aaknives.eu\/lt\/product\/peilis-highlander-auksciausios-kokybes-peilis-damasko-asmenimis\/#primaryimage"},"image":{"@id":"https:\/\/aaknives.eu\/lt\/product\/peilis-highlander-auksciausios-kokybes-peilis-damasko-asmenimis\/#primaryimage"},"thumbnailUrl":"https:\/\/aaknives.eu\/wp-content\/uploads\/2021\/09\/aaknives-hand-forged-dabascus-steel-blade-knife-handmade-custom-made-knife-handcrafted-knives-autinetools-northmen-6-1-15.jpg","datePublished":"2021-09-20T20:29:14+00:00","description":"Peilis ''Highlander\" - auk\u0161\u010diausios kokyb\u0117s Damasko peilis, nestandartinis med\u017eioklinis peilis, rankomis kaltas peilis, lauko peilis, \u017evejybos peilis","breadcrumb":{"@id":"https:\/\/aaknives.eu\/lt\/product\/peilis-highlander-auksciausios-kokybes-peilis-damasko-asmenimis\/#breadcrumb"},"inLanguage":"lt-LT","potentialAction":[{"@type":"ReadAction","target":["https:\/\/aaknives.eu\/lt\/product\/peilis-highlander-auksciausios-kokybes-peilis-damasko-asmenimis\/"]}]},{"@type":"ImageObject","inLanguage":"lt-LT","@id":"https:\/\/aaknives.eu\/lt\/product\/peilis-highlander-auksciausios-kokybes-peilis-damasko-asmenimis\/#primaryimage","url":"https:\/\/aaknives.eu\/wp-content\/uploads\/2021\/09\/aaknives-hand-forged-dabascus-steel-blade-knife-handmade-custom-made-knife-handcrafted-knives-autinetools-northmen-6-1-15.jpg","contentUrl":"https:\/\/aaknives.eu\/wp-content\/uploads\/2021\/09\/aaknives-hand-forged-dabascus-steel-blade-knife-handmade-custom-made-knife-handcrafted-knives-autinetools-northmen-6-1-15.jpg","width":800,"height":600,"caption":"aaknives-hand-forged-dabascus-steel-blade-knife-handmade-custom-made-knife-handcrafted-knives-autinetools-northmen-6-1-15"},{"@type":"BreadcrumbList","@id":"https:\/\/aaknives.eu\/lt\/product\/peilis-highlander-auksciausios-kokybes-peilis-damasko-asmenimis\/#breadcrumb","itemListElement":[{"@type":"ListItem","position":1,"name":"Home","item":"https:\/\/aaknives.eu\/lt\/"},{"@type":"ListItem","position":2,"name":"Parduotuv\u0117","item":"https:\/\/aaknives.eu\/parduotuve\/"},{"@type":"ListItem","position":3,"name":"Peilis &#8221;Highlander&#8221; &#8211; auk\u0161\u010diausios kokyb\u0117s peilis damasko a\u0161menimis"}]},{"@type":"WebSite","@id":"https:\/\/aaknives.eu\/lt\/#website","url":"https:\/\/aaknives.eu\/lt\/","name":"AAKnives","description":"Handmade knives","publisher":{"@id":"https:\/\/aaknives.eu\/lt\/#organization"},"potentialAction":[{"@type":"SearchAction","target":{"@type":"EntryPoint","urlTemplate":"https:\/\/aaknives.eu\/lt\/?s={search_term_string}"},"query-input":{"@type":"PropertyValueSpecification","valueRequired":true,"valueName":"search_term_string"}}],"inLanguage":"lt-LT"},{"@type":"Organization","@id":"https:\/\/aaknives.eu\/lt\/#organization","name":"AAKnives","url":"https:\/\/aaknives.eu\/lt\/","logo":{"@type":"ImageObject","inLanguage":"lt-LT","@id":"https:\/\/aaknives.eu\/lt\/#\/schema\/logo\/image\/","url":"https:\/\/aaknives.eu\/wp-content\/uploads\/2021\/10\/AAknives_Logo_Green.png","contentUrl":"https:\/\/aaknives.eu\/wp-content\/uploads\/2021\/10\/AAknives_Logo_Green.png","width":1768,"height":1768,"caption":"AAKnives"},"image":{"@id":"https:\/\/aaknives.eu\/lt\/#\/schema\/logo\/image\/"},"sameAs":["https:\/\/www.facebook.com\/aaknives.eu\/","https:\/\/www.instagram.com\/aaknives\/","https:\/\/www.pinterest.com\/aa_knives\/","https:\/\/www.youtube.com\/channel\/UCHOQFjrOkgT6s4FIw9LDKyw\/featured"]}]}},"_links":{"self":[{"href":"https:\/\/aaknives.eu\/lt\/wp-json\/wp\/v2\/product\/50743","targetHints":{"allow":["GET"]}}],"collection":[{"href":"https:\/\/aaknives.eu\/lt\/wp-json\/wp\/v2\/product"}],"about":[{"href":"https:\/\/aaknives.eu\/lt\/wp-json\/wp\/v2\/types\/product"}],"wp:featuredmedia":[{"embeddable":true,"href":"https:\/\/aaknives.eu\/lt\/wp-json\/wp\/v2\/media\/50744"}],"wp:attachment":[{"href":"https:\/\/aaknives.eu\/lt\/wp-json\/wp\/v2\/media?parent=50743"}],"wp:term":[{"taxonomy":"product_brand","embeddable":true,"href":"https:\/\/aaknives.eu\/lt\/wp-json\/wp\/v2\/product_brand?post=50743"},{"taxonomy":"product_cat","embeddable":true,"href":"https:\/\/aaknives.eu\/lt\/wp-json\/wp\/v2\/product_cat?post=50743"},{"taxonomy":"product_tag","embeddable":true,"href":"https:\/\/aaknives.eu\/lt\/wp-json\/wp\/v2\/product_tag?post=50743"}],"curies":[{"name":"wp","href":"https:\/\/api.w.org\/{rel}","templated":true}]}}