{"id":50774,"date":"2021-09-20T20:30:02","date_gmt":"2021-09-20T20:30:02","guid":{"rendered":"https:\/\/aaknives.eu\/product\/peilis-stalker-afrikietiska-venge-mediena\/"},"modified":"2024-07-03T15:09:39","modified_gmt":"2024-07-03T15:09:39","slug":"peilis-stalker-afrikietiska-venge-mediena","status":"publish","type":"product","link":"https:\/\/aaknives.eu\/lt\/product\/peilis-stalker-afrikietiska-venge-mediena\/","title":{"rendered":"Knife &#8221;ZEUS&#8217; , Stabilized Karelian birch, Swedish Steel Uddeholm &#8221;Elmax&#8221; SuperClean"},"content":{"rendered":"<p>Peilio specifikacijos: &#8221;ZEUS&#8221;<br \/>\nPlienas: \u0160vedi\u0161kas plienas Uddeholm &#8221;Elmax&#8221; SuperClean<br \/>\nKietumas: 60 HRC<br \/>\nGele\u017et\u0117s ilgis (mm): Atsparumas (mm): 115 \/ 4,52 colio<br \/>\nGele\u017et\u0117s storis (mm): (mm): 4 \/ 0,15 colio<br \/>\nA\u0161men\u0173 plotis (mm): Atsparumas (mm): 33 \/ 1,29 colio<br \/>\nRankena: Stabilizuotas Karelijos ber\u017eas<br \/>\nBendras ilgis (mm): (mm): 244 \/ 9,60 coli\u0173<br \/>\nPeili\u0173 tipas: med\u017eiokliniai, lauko peiliai<br \/>\nPakuot\u0117: peilis, odinis d\u0117klas<\/p>\n<p>&#8220;Elmax&#8221; yra vienas i\u0161 labiausiai paplitusi\u0173 plieno milteli\u0173. Tod\u0117l, norint suprasti, kokius stebuklus sugeba daryti peilis i\u0161 &#8220;milteli\u0173&#8221;, reik\u0117s i\u0161tirti &#8220;Elmax&#8221; plieno savybes. Pagrindinis veiksnys, turintis \u012ftakos bet kokio plieno savyb\u0117ms, o tai rei\u0161kia ir i\u0161 jo pagaminto peilio ligat\u016br\u0105. B\u016btent \u0161ie cheminiai elementai plieno sud\u0117tyje suteikia \u0161ias savybes, atsparum\u0105 korozijai, klampum\u0105 sm\u016bgiams, atsparum\u0105 sukimo momentui ir pan. &#8220;Elmax&#8221; pasi\u017eymi tokia sud\u0117timi: Tai leid\u017eia plien\u0105 priskirti augalin\u0117s anglies klasei ir suteikia jam didesn\u012f kietum\u0105 bei i\u0161tverm\u0119. 18 % chromo, kuris suteikia i\u0161skirtin\u012f atsparum\u0105 korozijai ir padidina plieno patvarum\u0105 bei sm\u016bgi\u0173 klampum\u0105 ir lankstum\u0105. 3 % vanad\u017eio, kuris sustiprina plieno strukt\u016br\u0105, daro j\u0105 tvirtesn\u0119 ir suteikia tvirtumo bei i\u0161tverm\u0117s. 1 % molibdeno, kuris nedaug prisideda prie atsparumo korozijai, taip pat prie i\u0161tverm\u0117s savybi\u0173, \u012fskaitant lankstum\u0105. 0,3 % mangano, kuris taip pat teigiamai veikia plieno stiprum\u0105, jo dilim\u0105 ir kietum\u0105, nesuma\u017eindamas plasti\u0161kumo. &#8220;Elmax&#8221; peiliai nesiekia korozijos. \u0160io plieno a\u0161menys labai atspar\u016bs \u0161onin\u0117ms apkrovoms ir lenkimams. Miltelinio plieno vidin\u0117 strukt\u016bra yra beveik tobula. Visi\u0161kas kenksming\u0173 priemai\u0161\u0173 i\u0161valymas. Stulbinantis a\u0161trumas i\u0161tverm\u0117 ir santykinis lengvumas, kai naudojami tinkami uolien\u0173 akmenys. Plienas yra gerai nu\u0161lifuotas ir net nupoliruotas be pie\u0161imo. Galima pasiekti absoliu\u010diai veidrodin\u012f pavir\u0161i\u0173. Tod\u0117l galima daryti i\u0161vad\u0105, kad &#8220;Elmax&#8221; plienas gali b\u016bti laikomas vienu geriausi\u0173 peili\u0173 plien\u0173 \u0161iandien. Jei seniai planavote i\u0161 \u0161ios med\u017eiagos pasigaminti peil\u012f, pats metas tai padaryti. Jis tarnaus jums ilgai ir teisingai.<\/p>\n","protected":false},"excerpt":{"rendered":"<p>ELMAX ner\u016bdijantis miltelinis \u012frankinis legiruotasis plienas gaminamas \u0160vedijoje. Gamintojas yra UDDEHOLM. &#8220;Elmax&#8221; plieno peiliai populiar\u016bs visame pasaulyje. &#8220;Elmax&#8221; plienas labai atsparus dilimui, d\u0117l didelio chromo, vanad\u017eio, molibdeno kiekio yra atsparus korozijai. Itin kietas pjovimo kra\u0161tas. Kietumas 62 vienetai pagal Rokvelo skal\u0119. Geresnis plasti\u0161kumas (atsparumas l\u016b\u017eiams). I\u0161 ELMAX plieno pagamintus a\u0161menis galima poliruoti, tod\u0117l j\u0173 pavir\u0161ius tampa veidrodinis.<\/p>\n","protected":false},"featured_media":65297,"template":"","meta":{"_themeisle_gutenberg_block_has_review":false},"product_brand":[],"product_cat":[381,386,385],"product_tag":[],"class_list":{"0":"post-50774","1":"product","2":"type-product","3":"status-publish","4":"has-post-thumbnail","6":"product_cat-lauko-peiliai","7":"product_cat-medziokliniai-peiliai","8":"product_cat-zvejybos-peiliai","10":"first","11":"instock","12":"shipping-taxable","13":"purchasable","14":"product-type-simple"},"yoast_head":"<!-- This site is optimized with the Yoast SEO plugin v27.5 - https:\/\/yoast.com\/product\/yoast-seo-wordpress\/ -->\n<title>Knife &#039;&#039;ZEUS&#039; , Stabilized Karelian birch, Swedish Steel Uddeholm &#039;&#039;Elmax&#039;&#039; SuperClean - AAKnives<\/title>\n<meta name=\"description\" content=\"Knife &#039;&#039;ZEUS&#039; , Stabilized Karelian birch, Swedish Steel Uddeholm &#039;&#039;Elmax&#039;&#039; SuperClean\" \/>\n<meta name=\"robots\" content=\"index, follow, max-snippet:-1, max-image-preview:large, max-video-preview:-1\" \/>\n<link rel=\"canonical\" href=\"https:\/\/aaknives.eu\/lt\/product\/peilis-stalker-afrikietiska-venge-mediena\/\" \/>\n<meta property=\"og:locale\" content=\"lt_LT\" \/>\n<meta property=\"og:type\" content=\"article\" \/>\n<meta property=\"og:title\" content=\"Knife &#039;&#039;ZEUS&#039; , Stabilized Karelian birch, Swedish Steel Uddeholm &#039;&#039;Elmax&#039;&#039; SuperClean - AAKnives\" \/>\n<meta property=\"og:description\" content=\"Knife &#039;&#039;ZEUS&#039; , Stabilized Karelian birch, Swedish Steel Uddeholm &#039;&#039;Elmax&#039;&#039; SuperClean\" \/>\n<meta property=\"og:url\" content=\"https:\/\/aaknives.eu\/lt\/product\/peilis-stalker-afrikietiska-venge-mediena\/\" \/>\n<meta property=\"og:site_name\" content=\"AAKnives\" \/>\n<meta property=\"article:publisher\" content=\"https:\/\/www.facebook.com\/aaknives.eu\/\" \/>\n<meta property=\"article:modified_time\" content=\"2024-07-03T15:09:39+00:00\" \/>\n<meta property=\"og:image\" content=\"https:\/\/aaknives.eu\/wp-content\/uploads\/2021\/09\/aaknives-hand-forged-dabascus-steel-blade-knife-handmade-custom-made-knife-handcrafted-knives-autinetools-northmen-11.2-1.jpg\" \/>\n\t<meta property=\"og:image:width\" content=\"1020\" \/>\n\t<meta property=\"og:image:height\" content=\"880\" \/>\n\t<meta property=\"og:image:type\" content=\"image\/jpeg\" \/>\n<meta name=\"twitter:card\" content=\"summary_large_image\" \/>\n<meta name=\"twitter:label1\" content=\"Est. reading time\" \/>\n\t<meta name=\"twitter:data1\" content=\"2 minut\u0117s\" \/>\n<script type=\"application\/ld+json\" class=\"yoast-schema-graph\">{\"@context\":\"https:\\\/\\\/schema.org\",\"@graph\":[{\"@type\":\"WebPage\",\"@id\":\"https:\\\/\\\/aaknives.eu\\\/lt\\\/product\\\/peilis-stalker-afrikietiska-venge-mediena\\\/\",\"url\":\"https:\\\/\\\/aaknives.eu\\\/lt\\\/product\\\/peilis-stalker-afrikietiska-venge-mediena\\\/\",\"name\":\"Knife ''ZEUS' , Stabilized Karelian birch, Swedish Steel Uddeholm ''Elmax'' SuperClean - AAKnives\",\"isPartOf\":{\"@id\":\"https:\\\/\\\/aaknives.eu\\\/lt\\\/#website\"},\"primaryImageOfPage\":{\"@id\":\"https:\\\/\\\/aaknives.eu\\\/lt\\\/product\\\/peilis-stalker-afrikietiska-venge-mediena\\\/#primaryimage\"},\"image\":{\"@id\":\"https:\\\/\\\/aaknives.eu\\\/lt\\\/product\\\/peilis-stalker-afrikietiska-venge-mediena\\\/#primaryimage\"},\"thumbnailUrl\":\"https:\\\/\\\/aaknives.eu\\\/wp-content\\\/uploads\\\/2021\\\/09\\\/aaknives-hand-forged-dabascus-steel-blade-knife-handmade-custom-made-knife-handcrafted-knives-autinetools-northmen-11.2-1.jpg\",\"datePublished\":\"2021-09-20T20:30:02+00:00\",\"dateModified\":\"2024-07-03T15:09:39+00:00\",\"description\":\"Knife ''ZEUS' , Stabilized Karelian birch, Swedish Steel Uddeholm ''Elmax'' SuperClean\",\"breadcrumb\":{\"@id\":\"https:\\\/\\\/aaknives.eu\\\/lt\\\/product\\\/peilis-stalker-afrikietiska-venge-mediena\\\/#breadcrumb\"},\"inLanguage\":\"lt-LT\",\"potentialAction\":[{\"@type\":\"ReadAction\",\"target\":[\"https:\\\/\\\/aaknives.eu\\\/lt\\\/product\\\/peilis-stalker-afrikietiska-venge-mediena\\\/\"]}]},{\"@type\":\"ImageObject\",\"inLanguage\":\"lt-LT\",\"@id\":\"https:\\\/\\\/aaknives.eu\\\/lt\\\/product\\\/peilis-stalker-afrikietiska-venge-mediena\\\/#primaryimage\",\"url\":\"https:\\\/\\\/aaknives.eu\\\/wp-content\\\/uploads\\\/2021\\\/09\\\/aaknives-hand-forged-dabascus-steel-blade-knife-handmade-custom-made-knife-handcrafted-knives-autinetools-northmen-11.2-1.jpg\",\"contentUrl\":\"https:\\\/\\\/aaknives.eu\\\/wp-content\\\/uploads\\\/2021\\\/09\\\/aaknives-hand-forged-dabascus-steel-blade-knife-handmade-custom-made-knife-handcrafted-knives-autinetools-northmen-11.2-1.jpg\",\"width\":1020,\"height\":880},{\"@type\":\"BreadcrumbList\",\"@id\":\"https:\\\/\\\/aaknives.eu\\\/lt\\\/product\\\/peilis-stalker-afrikietiska-venge-mediena\\\/#breadcrumb\",\"itemListElement\":[{\"@type\":\"ListItem\",\"position\":1,\"name\":\"Home\",\"item\":\"https:\\\/\\\/aaknives.eu\\\/lt\\\/\"},{\"@type\":\"ListItem\",\"position\":2,\"name\":\"Parduotuv\u0117\",\"item\":\"https:\\\/\\\/aaknives.eu\\\/parduotuve\\\/\"},{\"@type\":\"ListItem\",\"position\":3,\"name\":\"Private: Knife &#8221;ZEUS&#8217; , Stabilized Karelian birch, Swedish Steel Uddeholm &#8221;Elmax&#8221; SuperClean\"}]},{\"@type\":\"WebSite\",\"@id\":\"https:\\\/\\\/aaknives.eu\\\/lt\\\/#website\",\"url\":\"https:\\\/\\\/aaknives.eu\\\/lt\\\/\",\"name\":\"AAKnives\",\"description\":\"Handmade knives\",\"publisher\":{\"@id\":\"https:\\\/\\\/aaknives.eu\\\/lt\\\/#organization\"},\"potentialAction\":[{\"@type\":\"SearchAction\",\"target\":{\"@type\":\"EntryPoint\",\"urlTemplate\":\"https:\\\/\\\/aaknives.eu\\\/lt\\\/?s={search_term_string}\"},\"query-input\":{\"@type\":\"PropertyValueSpecification\",\"valueRequired\":true,\"valueName\":\"search_term_string\"}}],\"inLanguage\":\"lt-LT\"},{\"@type\":\"Organization\",\"@id\":\"https:\\\/\\\/aaknives.eu\\\/lt\\\/#organization\",\"name\":\"AAKnives\",\"url\":\"https:\\\/\\\/aaknives.eu\\\/lt\\\/\",\"logo\":{\"@type\":\"ImageObject\",\"inLanguage\":\"lt-LT\",\"@id\":\"https:\\\/\\\/aaknives.eu\\\/lt\\\/#\\\/schema\\\/logo\\\/image\\\/\",\"url\":\"https:\\\/\\\/aaknives.eu\\\/wp-content\\\/uploads\\\/2021\\\/10\\\/AAknives_Logo_Green.png\",\"contentUrl\":\"https:\\\/\\\/aaknives.eu\\\/wp-content\\\/uploads\\\/2021\\\/10\\\/AAknives_Logo_Green.png\",\"width\":1768,\"height\":1768,\"caption\":\"AAKnives\"},\"image\":{\"@id\":\"https:\\\/\\\/aaknives.eu\\\/lt\\\/#\\\/schema\\\/logo\\\/image\\\/\"},\"sameAs\":[\"https:\\\/\\\/www.facebook.com\\\/aaknives.eu\\\/\",\"https:\\\/\\\/www.instagram.com\\\/aaknives\\\/\",\"https:\\\/\\\/www.pinterest.com\\\/aa_knives\\\/\",\"https:\\\/\\\/www.youtube.com\\\/channel\\\/UCHOQFjrOkgT6s4FIw9LDKyw\\\/featured\"]}]}<\/script>\n<!-- \/ Yoast SEO plugin. -->","yoast_head_json":{"title":"Knife ''ZEUS' , Stabilized Karelian birch, Swedish Steel Uddeholm ''Elmax'' SuperClean - AAKnives","description":"Knife ''ZEUS' , Stabilized Karelian birch, Swedish Steel Uddeholm ''Elmax'' SuperClean","robots":{"index":"index","follow":"follow","max-snippet":"max-snippet:-1","max-image-preview":"max-image-preview:large","max-video-preview":"max-video-preview:-1"},"canonical":"https:\/\/aaknives.eu\/lt\/product\/peilis-stalker-afrikietiska-venge-mediena\/","og_locale":"lt_LT","og_type":"article","og_title":"Knife ''ZEUS' , Stabilized Karelian birch, Swedish Steel Uddeholm ''Elmax'' SuperClean - AAKnives","og_description":"Knife ''ZEUS' , Stabilized Karelian birch, Swedish Steel Uddeholm ''Elmax'' SuperClean","og_url":"https:\/\/aaknives.eu\/lt\/product\/peilis-stalker-afrikietiska-venge-mediena\/","og_site_name":"AAKnives","article_publisher":"https:\/\/www.facebook.com\/aaknives.eu\/","article_modified_time":"2024-07-03T15:09:39+00:00","og_image":[{"width":1020,"height":880,"url":"https:\/\/aaknives.eu\/wp-content\/uploads\/2021\/09\/aaknives-hand-forged-dabascus-steel-blade-knife-handmade-custom-made-knife-handcrafted-knives-autinetools-northmen-11.2-1.jpg","type":"image\/jpeg"}],"twitter_card":"summary_large_image","twitter_misc":{"Est. reading time":"2 minut\u0117s"},"schema":{"@context":"https:\/\/schema.org","@graph":[{"@type":"WebPage","@id":"https:\/\/aaknives.eu\/lt\/product\/peilis-stalker-afrikietiska-venge-mediena\/","url":"https:\/\/aaknives.eu\/lt\/product\/peilis-stalker-afrikietiska-venge-mediena\/","name":"Knife ''ZEUS' , Stabilized Karelian birch, Swedish Steel Uddeholm ''Elmax'' SuperClean - AAKnives","isPartOf":{"@id":"https:\/\/aaknives.eu\/lt\/#website"},"primaryImageOfPage":{"@id":"https:\/\/aaknives.eu\/lt\/product\/peilis-stalker-afrikietiska-venge-mediena\/#primaryimage"},"image":{"@id":"https:\/\/aaknives.eu\/lt\/product\/peilis-stalker-afrikietiska-venge-mediena\/#primaryimage"},"thumbnailUrl":"https:\/\/aaknives.eu\/wp-content\/uploads\/2021\/09\/aaknives-hand-forged-dabascus-steel-blade-knife-handmade-custom-made-knife-handcrafted-knives-autinetools-northmen-11.2-1.jpg","datePublished":"2021-09-20T20:30:02+00:00","dateModified":"2024-07-03T15:09:39+00:00","description":"Knife ''ZEUS' , Stabilized Karelian birch, Swedish Steel Uddeholm ''Elmax'' SuperClean","breadcrumb":{"@id":"https:\/\/aaknives.eu\/lt\/product\/peilis-stalker-afrikietiska-venge-mediena\/#breadcrumb"},"inLanguage":"lt-LT","potentialAction":[{"@type":"ReadAction","target":["https:\/\/aaknives.eu\/lt\/product\/peilis-stalker-afrikietiska-venge-mediena\/"]}]},{"@type":"ImageObject","inLanguage":"lt-LT","@id":"https:\/\/aaknives.eu\/lt\/product\/peilis-stalker-afrikietiska-venge-mediena\/#primaryimage","url":"https:\/\/aaknives.eu\/wp-content\/uploads\/2021\/09\/aaknives-hand-forged-dabascus-steel-blade-knife-handmade-custom-made-knife-handcrafted-knives-autinetools-northmen-11.2-1.jpg","contentUrl":"https:\/\/aaknives.eu\/wp-content\/uploads\/2021\/09\/aaknives-hand-forged-dabascus-steel-blade-knife-handmade-custom-made-knife-handcrafted-knives-autinetools-northmen-11.2-1.jpg","width":1020,"height":880},{"@type":"BreadcrumbList","@id":"https:\/\/aaknives.eu\/lt\/product\/peilis-stalker-afrikietiska-venge-mediena\/#breadcrumb","itemListElement":[{"@type":"ListItem","position":1,"name":"Home","item":"https:\/\/aaknives.eu\/lt\/"},{"@type":"ListItem","position":2,"name":"Parduotuv\u0117","item":"https:\/\/aaknives.eu\/parduotuve\/"},{"@type":"ListItem","position":3,"name":"Private: Knife &#8221;ZEUS&#8217; , Stabilized Karelian birch, Swedish Steel Uddeholm &#8221;Elmax&#8221; SuperClean"}]},{"@type":"WebSite","@id":"https:\/\/aaknives.eu\/lt\/#website","url":"https:\/\/aaknives.eu\/lt\/","name":"AAKnives","description":"Handmade knives","publisher":{"@id":"https:\/\/aaknives.eu\/lt\/#organization"},"potentialAction":[{"@type":"SearchAction","target":{"@type":"EntryPoint","urlTemplate":"https:\/\/aaknives.eu\/lt\/?s={search_term_string}"},"query-input":{"@type":"PropertyValueSpecification","valueRequired":true,"valueName":"search_term_string"}}],"inLanguage":"lt-LT"},{"@type":"Organization","@id":"https:\/\/aaknives.eu\/lt\/#organization","name":"AAKnives","url":"https:\/\/aaknives.eu\/lt\/","logo":{"@type":"ImageObject","inLanguage":"lt-LT","@id":"https:\/\/aaknives.eu\/lt\/#\/schema\/logo\/image\/","url":"https:\/\/aaknives.eu\/wp-content\/uploads\/2021\/10\/AAknives_Logo_Green.png","contentUrl":"https:\/\/aaknives.eu\/wp-content\/uploads\/2021\/10\/AAknives_Logo_Green.png","width":1768,"height":1768,"caption":"AAKnives"},"image":{"@id":"https:\/\/aaknives.eu\/lt\/#\/schema\/logo\/image\/"},"sameAs":["https:\/\/www.facebook.com\/aaknives.eu\/","https:\/\/www.instagram.com\/aaknives\/","https:\/\/www.pinterest.com\/aa_knives\/","https:\/\/www.youtube.com\/channel\/UCHOQFjrOkgT6s4FIw9LDKyw\/featured"]}]}},"_links":{"self":[{"href":"https:\/\/aaknives.eu\/lt\/wp-json\/wp\/v2\/product\/50774","targetHints":{"allow":["GET"]}}],"collection":[{"href":"https:\/\/aaknives.eu\/lt\/wp-json\/wp\/v2\/product"}],"about":[{"href":"https:\/\/aaknives.eu\/lt\/wp-json\/wp\/v2\/types\/product"}],"wp:featuredmedia":[{"embeddable":true,"href":"https:\/\/aaknives.eu\/lt\/wp-json\/wp\/v2\/media\/65297"}],"wp:attachment":[{"href":"https:\/\/aaknives.eu\/lt\/wp-json\/wp\/v2\/media?parent=50774"}],"wp:term":[{"taxonomy":"product_brand","embeddable":true,"href":"https:\/\/aaknives.eu\/lt\/wp-json\/wp\/v2\/product_brand?post=50774"},{"taxonomy":"product_cat","embeddable":true,"href":"https:\/\/aaknives.eu\/lt\/wp-json\/wp\/v2\/product_cat?post=50774"},{"taxonomy":"product_tag","embeddable":true,"href":"https:\/\/aaknives.eu\/lt\/wp-json\/wp\/v2\/product_tag?post=50774"}],"curies":[{"name":"wp","href":"https:\/\/api.w.org\/{rel}","templated":true}]}}