{"id":50815,"date":"2021-09-20T20:27:17","date_gmt":"2021-09-20T20:27:17","guid":{"rendered":"https:\/\/aaknives.eu\/product\/mechanines-svytuokles-kampo-matavimas\/"},"modified":"2024-02-26T09:20:24","modified_gmt":"2024-02-26T09:20:24","slug":"mechanines-svytuokles-kampo-matavimas","status":"publish","type":"product","link":"https:\/\/aaknives.eu\/lt\/product\/mechanines-svytuokles-kampo-matavimas\/","title":{"rendered":"Mechanin\u0117s \u0161vytuokl\u0117s kampo matavimas"},"content":{"rendered":"<p>Mechanin\u0117s \u0161vytuokl\u0117s kampo matavimas<\/p>\n<p>Be magnet\u0173. Juo matuojami peili\u0173, \u017eirkli\u0173 galandinimo kampai, taip pat pj\u016bkl\u0173, dirbtuvi\u0173, statyb\u0173 \u012frankiai.<\/p>\n<p>Skirtas matuoti nuolyd\u017eio kampus horizontalioje ir vertikalioje plok\u0161tumoje. Jis pla\u010diai naudojamas kaip matavimo \u012frankis statybose ir kasdieniame gyvenime. Reikalingas pjovimo \u012frankiui gal\u0105sti.<\/p>\n<p>Skai\u010di\u0173 skal\u0117 suskirstyta \u012f 4 dalis nuo 0\u00b0 iki 90\u00b0 1\u00b0 \u017eingsniu;<\/p>\n<p>Skersmuo: 80 mm;<\/p>\n<p>Korpuso med\u017eiaga: plastikas.<\/p>\n<p>Matmenys &#8211; 100 * 100 * 10 mm.<\/p>\n<p>&nbsp;<\/p>\n<p>&nbsp;<\/p>\n","protected":false},"excerpt":{"rendered":"<p>Mechanin\u0117s \u0161vytuokl\u0117s kampo matavimas Be magnet\u0173. Juo matuojami peili\u0173, \u017eirkli\u0173 galandinimo kampai, taip pat pj\u016bkl\u0173, dirbtuvi\u0173, statyb\u0173 \u012frankiai. Skirtas matuoti nuolyd\u017eio kampus horizontalioje ir vertikalioje plok\u0161tumoje. Jis pla\u010diai naudojamas kaip matavimo \u012frankis statybose ir kasdieniame gyvenime. Reikalingas pjovimo \u012frankiui gal\u0105sti. Skai\u010di\u0173 skal\u0117 suskirstyta \u012f 4 dalis nuo 0\u00b0 iki 90\u00b0 1\u00b0 \u017eingsniu; Skersmuo: 80 mm; Korpuso med\u017eiaga: plastikas. Matmenys &#8211; 100 * 100 * 10 mm. &nbsp; &nbsp;<\/p>\n","protected":false},"featured_media":50816,"template":"","meta":{"_themeisle_gutenberg_block_has_review":false},"product_brand":[],"product_cat":[377,375],"product_tag":[],"class_list":{"0":"post-50815","1":"product","2":"type-product","3":"status-publish","4":"has-post-thumbnail","6":"product_cat-pardavimas","7":"product_cat-peiliu-galandinimas-peiliu-galastuvai","9":"first","10":"instock","11":"sale","12":"shipping-taxable","13":"purchasable","14":"product-type-simple"},"yoast_head":"<!-- This site is optimized with the Yoast SEO plugin v27.3 - https:\/\/yoast.com\/product\/yoast-seo-wordpress\/ -->\n<title>Mechanin\u0117s \u0161vytuokl\u0117s kampo matavimas - AAKnives<\/title>\n<meta name=\"description\" content=\"Mechanin\u0117s \u0161vytuokl\u0117s kampo matavimas\" \/>\n<meta name=\"robots\" content=\"index, follow, max-snippet:-1, max-image-preview:large, max-video-preview:-1\" \/>\n<link rel=\"canonical\" href=\"https:\/\/aaknives.eu\/lt\/product\/mechanines-svytuokles-kampo-matavimas\/\" \/>\n<meta property=\"og:locale\" content=\"lt_LT\" \/>\n<meta property=\"og:type\" content=\"article\" \/>\n<meta property=\"og:title\" content=\"Mechanin\u0117s \u0161vytuokl\u0117s kampo matavimas - AAKnives\" \/>\n<meta property=\"og:description\" content=\"Mechanin\u0117s \u0161vytuokl\u0117s kampo matavimas\" \/>\n<meta property=\"og:url\" content=\"https:\/\/aaknives.eu\/lt\/product\/mechanines-svytuokles-kampo-matavimas\/\" \/>\n<meta property=\"og:site_name\" content=\"AAKnives\" \/>\n<meta property=\"article:publisher\" content=\"https:\/\/www.facebook.com\/aaknives.eu\/\" \/>\n<meta property=\"article:modified_time\" content=\"2024-02-26T09:20:24+00:00\" \/>\n<meta property=\"og:image\" content=\"https:\/\/aaknives.eu\/wp-content\/uploads\/2021\/09\/aaknives-hand-forged-dabascus-steel-blade-knife-handmade-custom-made-knife-handcrafted-knives-autinetools-northmen-8-1-28.jpg\" \/>\n\t<meta property=\"og:image:width\" content=\"1020\" \/>\n\t<meta property=\"og:image:height\" content=\"880\" \/>\n\t<meta property=\"og:image:type\" content=\"image\/jpeg\" \/>\n<meta name=\"twitter:card\" content=\"summary_large_image\" \/>\n<script type=\"application\/ld+json\" class=\"yoast-schema-graph\">{\"@context\":\"https:\\\/\\\/schema.org\",\"@graph\":[{\"@type\":\"WebPage\",\"@id\":\"https:\\\/\\\/aaknives.eu\\\/lt\\\/product\\\/mechanines-svytuokles-kampo-matavimas\\\/\",\"url\":\"https:\\\/\\\/aaknives.eu\\\/lt\\\/product\\\/mechanines-svytuokles-kampo-matavimas\\\/\",\"name\":\"Mechanin\u0117s \u0161vytuokl\u0117s kampo matavimas - AAKnives\",\"isPartOf\":{\"@id\":\"https:\\\/\\\/aaknives.eu\\\/lt\\\/#website\"},\"primaryImageOfPage\":{\"@id\":\"https:\\\/\\\/aaknives.eu\\\/lt\\\/product\\\/mechanines-svytuokles-kampo-matavimas\\\/#primaryimage\"},\"image\":{\"@id\":\"https:\\\/\\\/aaknives.eu\\\/lt\\\/product\\\/mechanines-svytuokles-kampo-matavimas\\\/#primaryimage\"},\"thumbnailUrl\":\"https:\\\/\\\/aaknives.eu\\\/wp-content\\\/uploads\\\/2021\\\/09\\\/aaknives-hand-forged-dabascus-steel-blade-knife-handmade-custom-made-knife-handcrafted-knives-autinetools-northmen-8-1-28.jpg\",\"datePublished\":\"2021-09-20T20:27:17+00:00\",\"dateModified\":\"2024-02-26T09:20:24+00:00\",\"description\":\"Mechanin\u0117s \u0161vytuokl\u0117s kampo matavimas\",\"breadcrumb\":{\"@id\":\"https:\\\/\\\/aaknives.eu\\\/lt\\\/product\\\/mechanines-svytuokles-kampo-matavimas\\\/#breadcrumb\"},\"inLanguage\":\"lt-LT\",\"potentialAction\":[{\"@type\":\"ReadAction\",\"target\":[\"https:\\\/\\\/aaknives.eu\\\/lt\\\/product\\\/mechanines-svytuokles-kampo-matavimas\\\/\"]}]},{\"@type\":\"ImageObject\",\"inLanguage\":\"lt-LT\",\"@id\":\"https:\\\/\\\/aaknives.eu\\\/lt\\\/product\\\/mechanines-svytuokles-kampo-matavimas\\\/#primaryimage\",\"url\":\"https:\\\/\\\/aaknives.eu\\\/wp-content\\\/uploads\\\/2021\\\/09\\\/aaknives-hand-forged-dabascus-steel-blade-knife-handmade-custom-made-knife-handcrafted-knives-autinetools-northmen-8-1-28.jpg\",\"contentUrl\":\"https:\\\/\\\/aaknives.eu\\\/wp-content\\\/uploads\\\/2021\\\/09\\\/aaknives-hand-forged-dabascus-steel-blade-knife-handmade-custom-made-knife-handcrafted-knives-autinetools-northmen-8-1-28.jpg\",\"width\":1020,\"height\":880,\"caption\":\"aaknives hand forged dabascus steel blade knife handmade custom made knife handcrafted knives autinetools northmen 8 1 28\"},{\"@type\":\"BreadcrumbList\",\"@id\":\"https:\\\/\\\/aaknives.eu\\\/lt\\\/product\\\/mechanines-svytuokles-kampo-matavimas\\\/#breadcrumb\",\"itemListElement\":[{\"@type\":\"ListItem\",\"position\":1,\"name\":\"Home\",\"item\":\"https:\\\/\\\/aaknives.eu\\\/lt\\\/\"},{\"@type\":\"ListItem\",\"position\":2,\"name\":\"Parduotuv\u0117\",\"item\":\"https:\\\/\\\/aaknives.eu\\\/parduotuve\\\/\"},{\"@type\":\"ListItem\",\"position\":3,\"name\":\"Mechanin\u0117s \u0161vytuokl\u0117s kampo matavimas\"}]},{\"@type\":\"WebSite\",\"@id\":\"https:\\\/\\\/aaknives.eu\\\/lt\\\/#website\",\"url\":\"https:\\\/\\\/aaknives.eu\\\/lt\\\/\",\"name\":\"AAKnives\",\"description\":\"Handmade knives\",\"publisher\":{\"@id\":\"https:\\\/\\\/aaknives.eu\\\/lt\\\/#organization\"},\"potentialAction\":[{\"@type\":\"SearchAction\",\"target\":{\"@type\":\"EntryPoint\",\"urlTemplate\":\"https:\\\/\\\/aaknives.eu\\\/lt\\\/?s={search_term_string}\"},\"query-input\":{\"@type\":\"PropertyValueSpecification\",\"valueRequired\":true,\"valueName\":\"search_term_string\"}}],\"inLanguage\":\"lt-LT\"},{\"@type\":\"Organization\",\"@id\":\"https:\\\/\\\/aaknives.eu\\\/lt\\\/#organization\",\"name\":\"AAKnives\",\"url\":\"https:\\\/\\\/aaknives.eu\\\/lt\\\/\",\"logo\":{\"@type\":\"ImageObject\",\"inLanguage\":\"lt-LT\",\"@id\":\"https:\\\/\\\/aaknives.eu\\\/lt\\\/#\\\/schema\\\/logo\\\/image\\\/\",\"url\":\"https:\\\/\\\/aaknives.eu\\\/wp-content\\\/uploads\\\/2021\\\/10\\\/AAknives_Logo_Green.png\",\"contentUrl\":\"https:\\\/\\\/aaknives.eu\\\/wp-content\\\/uploads\\\/2021\\\/10\\\/AAknives_Logo_Green.png\",\"width\":1768,\"height\":1768,\"caption\":\"AAKnives\"},\"image\":{\"@id\":\"https:\\\/\\\/aaknives.eu\\\/lt\\\/#\\\/schema\\\/logo\\\/image\\\/\"},\"sameAs\":[\"https:\\\/\\\/www.facebook.com\\\/aaknives.eu\\\/\",\"https:\\\/\\\/www.instagram.com\\\/aaknives\\\/\",\"https:\\\/\\\/www.pinterest.com\\\/aa_knives\\\/\",\"https:\\\/\\\/www.youtube.com\\\/channel\\\/UCHOQFjrOkgT6s4FIw9LDKyw\\\/featured\"]}]}<\/script>\n<!-- \/ Yoast SEO plugin. -->","yoast_head_json":{"title":"Mechanin\u0117s \u0161vytuokl\u0117s kampo matavimas - AAKnives","description":"Mechanin\u0117s \u0161vytuokl\u0117s kampo matavimas","robots":{"index":"index","follow":"follow","max-snippet":"max-snippet:-1","max-image-preview":"max-image-preview:large","max-video-preview":"max-video-preview:-1"},"canonical":"https:\/\/aaknives.eu\/lt\/product\/mechanines-svytuokles-kampo-matavimas\/","og_locale":"lt_LT","og_type":"article","og_title":"Mechanin\u0117s \u0161vytuokl\u0117s kampo matavimas - AAKnives","og_description":"Mechanin\u0117s \u0161vytuokl\u0117s kampo matavimas","og_url":"https:\/\/aaknives.eu\/lt\/product\/mechanines-svytuokles-kampo-matavimas\/","og_site_name":"AAKnives","article_publisher":"https:\/\/www.facebook.com\/aaknives.eu\/","article_modified_time":"2024-02-26T09:20:24+00:00","og_image":[{"width":1020,"height":880,"url":"https:\/\/aaknives.eu\/wp-content\/uploads\/2021\/09\/aaknives-hand-forged-dabascus-steel-blade-knife-handmade-custom-made-knife-handcrafted-knives-autinetools-northmen-8-1-28.jpg","type":"image\/jpeg"}],"twitter_card":"summary_large_image","schema":{"@context":"https:\/\/schema.org","@graph":[{"@type":"WebPage","@id":"https:\/\/aaknives.eu\/lt\/product\/mechanines-svytuokles-kampo-matavimas\/","url":"https:\/\/aaknives.eu\/lt\/product\/mechanines-svytuokles-kampo-matavimas\/","name":"Mechanin\u0117s \u0161vytuokl\u0117s kampo matavimas - AAKnives","isPartOf":{"@id":"https:\/\/aaknives.eu\/lt\/#website"},"primaryImageOfPage":{"@id":"https:\/\/aaknives.eu\/lt\/product\/mechanines-svytuokles-kampo-matavimas\/#primaryimage"},"image":{"@id":"https:\/\/aaknives.eu\/lt\/product\/mechanines-svytuokles-kampo-matavimas\/#primaryimage"},"thumbnailUrl":"https:\/\/aaknives.eu\/wp-content\/uploads\/2021\/09\/aaknives-hand-forged-dabascus-steel-blade-knife-handmade-custom-made-knife-handcrafted-knives-autinetools-northmen-8-1-28.jpg","datePublished":"2021-09-20T20:27:17+00:00","dateModified":"2024-02-26T09:20:24+00:00","description":"Mechanin\u0117s \u0161vytuokl\u0117s kampo matavimas","breadcrumb":{"@id":"https:\/\/aaknives.eu\/lt\/product\/mechanines-svytuokles-kampo-matavimas\/#breadcrumb"},"inLanguage":"lt-LT","potentialAction":[{"@type":"ReadAction","target":["https:\/\/aaknives.eu\/lt\/product\/mechanines-svytuokles-kampo-matavimas\/"]}]},{"@type":"ImageObject","inLanguage":"lt-LT","@id":"https:\/\/aaknives.eu\/lt\/product\/mechanines-svytuokles-kampo-matavimas\/#primaryimage","url":"https:\/\/aaknives.eu\/wp-content\/uploads\/2021\/09\/aaknives-hand-forged-dabascus-steel-blade-knife-handmade-custom-made-knife-handcrafted-knives-autinetools-northmen-8-1-28.jpg","contentUrl":"https:\/\/aaknives.eu\/wp-content\/uploads\/2021\/09\/aaknives-hand-forged-dabascus-steel-blade-knife-handmade-custom-made-knife-handcrafted-knives-autinetools-northmen-8-1-28.jpg","width":1020,"height":880,"caption":"aaknives hand forged dabascus steel blade knife handmade custom made knife handcrafted knives autinetools northmen 8 1 28"},{"@type":"BreadcrumbList","@id":"https:\/\/aaknives.eu\/lt\/product\/mechanines-svytuokles-kampo-matavimas\/#breadcrumb","itemListElement":[{"@type":"ListItem","position":1,"name":"Home","item":"https:\/\/aaknives.eu\/lt\/"},{"@type":"ListItem","position":2,"name":"Parduotuv\u0117","item":"https:\/\/aaknives.eu\/parduotuve\/"},{"@type":"ListItem","position":3,"name":"Mechanin\u0117s \u0161vytuokl\u0117s kampo matavimas"}]},{"@type":"WebSite","@id":"https:\/\/aaknives.eu\/lt\/#website","url":"https:\/\/aaknives.eu\/lt\/","name":"AAKnives","description":"Handmade knives","publisher":{"@id":"https:\/\/aaknives.eu\/lt\/#organization"},"potentialAction":[{"@type":"SearchAction","target":{"@type":"EntryPoint","urlTemplate":"https:\/\/aaknives.eu\/lt\/?s={search_term_string}"},"query-input":{"@type":"PropertyValueSpecification","valueRequired":true,"valueName":"search_term_string"}}],"inLanguage":"lt-LT"},{"@type":"Organization","@id":"https:\/\/aaknives.eu\/lt\/#organization","name":"AAKnives","url":"https:\/\/aaknives.eu\/lt\/","logo":{"@type":"ImageObject","inLanguage":"lt-LT","@id":"https:\/\/aaknives.eu\/lt\/#\/schema\/logo\/image\/","url":"https:\/\/aaknives.eu\/wp-content\/uploads\/2021\/10\/AAknives_Logo_Green.png","contentUrl":"https:\/\/aaknives.eu\/wp-content\/uploads\/2021\/10\/AAknives_Logo_Green.png","width":1768,"height":1768,"caption":"AAKnives"},"image":{"@id":"https:\/\/aaknives.eu\/lt\/#\/schema\/logo\/image\/"},"sameAs":["https:\/\/www.facebook.com\/aaknives.eu\/","https:\/\/www.instagram.com\/aaknives\/","https:\/\/www.pinterest.com\/aa_knives\/","https:\/\/www.youtube.com\/channel\/UCHOQFjrOkgT6s4FIw9LDKyw\/featured"]}]}},"_links":{"self":[{"href":"https:\/\/aaknives.eu\/lt\/wp-json\/wp\/v2\/product\/50815","targetHints":{"allow":["GET"]}}],"collection":[{"href":"https:\/\/aaknives.eu\/lt\/wp-json\/wp\/v2\/product"}],"about":[{"href":"https:\/\/aaknives.eu\/lt\/wp-json\/wp\/v2\/types\/product"}],"wp:featuredmedia":[{"embeddable":true,"href":"https:\/\/aaknives.eu\/lt\/wp-json\/wp\/v2\/media\/50816"}],"wp:attachment":[{"href":"https:\/\/aaknives.eu\/lt\/wp-json\/wp\/v2\/media?parent=50815"}],"wp:term":[{"taxonomy":"product_brand","embeddable":true,"href":"https:\/\/aaknives.eu\/lt\/wp-json\/wp\/v2\/product_brand?post=50815"},{"taxonomy":"product_cat","embeddable":true,"href":"https:\/\/aaknives.eu\/lt\/wp-json\/wp\/v2\/product_cat?post=50815"},{"taxonomy":"product_tag","embeddable":true,"href":"https:\/\/aaknives.eu\/lt\/wp-json\/wp\/v2\/product_tag?post=50815"}],"curies":[{"name":"wp","href":"https:\/\/api.w.org\/{rel}","templated":true}]}}