{"id":50927,"date":"2021-09-20T20:24:47","date_gmt":"2021-09-20T20:24:47","guid":{"rendered":"https:\/\/aaknives.eu\/product\/latvijos-elektrinis-peilis-lachplesis-3-kaltinis-nerudijantis-plienas\/"},"modified":"2024-12-07T08:34:19","modified_gmt":"2024-12-07T08:34:19","slug":"latvijos-elektrinis-peilis-lachplesis-3-kaltinis-nerudijantis-plienas","status":"publish","type":"product","link":"https:\/\/aaknives.eu\/lt\/product\/latvijos-elektrinis-peilis-lachplesis-3-kaltinis-nerudijantis-plienas\/","title":{"rendered":"Latvijos elektrinis peilis &#8221;LACHPLESIS-3&#8221;, kaltinis ner\u016bdijantis plienas"},"content":{"rendered":"<p>JUMIS &#8211; \u0160ULINIO \u017dENKLAS &#8211; U\u0160IN\u0160AS &#8211; MARA KRY\u017dIUS &#8211; PERK\u016aNO KRY\u017dIUS &#8211; AUSTRA MEDIS &#8211; AUSEKLIS &#8211; ADDER<\/p>\n<p>Peilio specifikacijos: LACHPLESIS-3&#8221; (Loki\u0173 \u017eudikas)<br \/>\nPlienas: kaltinis ner\u016bdijantis plienas 12C27<br \/>\nKietumas: 57-58 HRC<br \/>\nGele\u017et\u0117s ilgis (mm): Ilgis (mm): 127 \/ 5 coli\u0173<br \/>\nGele\u017et\u0117s storis (mm): (mm): 3 \/0,12 colio<br \/>\nA\u0161men\u0173 plotis (mm): (32 \/1,26 colio)<br \/>\nRankena: Afrikieti\u0161ka Bubinga mediena.<br \/>\nBendras ilgis (mm): 250 \/ 9,84<\/p>\n<p>&nbsp;<\/p>\n<div class=\"_1i6a\">\n<div class=\"_4po3 _4poa\">\n<div class=\"_4po5\">\n<div class=\"_4po8\">\n<div class=\"_4po9\">\n<div>\n<div>\n<div class=\"_4tdt _ua1\">\n<div class=\"_ua2\">\n<div class=\"_4tdv\">\n<div class=\"_5wd4 _1nc7\">\n<div class=\"._1dlq _h8t\">\n<div class=\"_5wd9 direction_ltr clearfix\">\n<div class=\"_1e-x _n4o\">\n<div class=\"_3_bl\">\n<div class=\"_5w1r _3_om _5wdf\">\n<div class=\"_4gx_\">\n<div class=\"_1aa6\">\n<div class=\"\"><span class=\"_5yl5\">Nors Latvijos 101-\u0173j\u0173 metini\u0173 sukaktis jau pra\u0117jo, vis d\u0117lto verta apsistoti ties jausmais, kuriuos prisimins kiekvienas i\u0161 m\u016bs\u0173, nes pirmasis \u0161imtmetis yra ypatingas ir kartu galimyb\u0117 gyventi savo epochoje, ta\u010diau m\u016bs\u0173 tautos \u0161aknys siekia kur kas toliau \u012f praeit\u012f. Laikai kei\u010diasi, \u017emon\u0117s kei\u010diasi, ta\u010diau yra dalyk\u0173, kurie laikui b\u0117gant tapo beveik savaime suprantami, nes yra m\u016bs\u0173 tapatyb\u0117s dalis. Latvijos \u017eenklai. Jie aud\u017eiami dir\u017euose, mezgami pir\u0161tin\u0117se, graviruojami akmenyse ir ginkluose, tod\u0117l j\u0173 buvimas apsaugo nuo nelaimi\u0173, atne\u0161a s\u0117km\u0119, pasisekim\u0105, sveikat\u0105 ir klest\u0117jim\u0105. Kiekvienas med\u017eiotojas ruo\u0161iasi med\u017eioklei ir su savimi pasiima geriausius med\u017eiokl\u0117s \u012frankius, ta\u010diau laukin\u0117 gamta kartais sukuria situacij\u0173, kai net ir puikias \u017einias ir ilgamet\u0119 patirt\u012f nusveria eilin\u0117 s\u0117km\u0117, kuri vieniems pasitaiko da\u017eniau, kitiems re\u010diau, tod\u0117l vert\u0117t\u0173 pagalvoti apie vertybes, kurias m\u016bs\u0173 prot\u0117viai laik\u0117 laimingomis. &#8220;AAKnives&#8221; si\u016blo ypating\u0105 peili\u0173 serij\u0105 -&#8221; Latvija 100&#8221;. Suderinus auk\u0161tos kokyb\u0117s rank\u0173 darbo peilius ir dekoratyvinius latvi\u0173 vald\u017eios \u017eenklus ant rankenos, jo savininkas gauna ne tik vizualiai gra\u017e\u0173 peil\u012f, kuris puikiai papildys kolekcij\u0105, bet ir puik\u0173 darbo \u012frank\u012f. Gra\u017eiai subalansuotos formos, nat\u016brali\u0173 atspalvi\u0173 mediniai kai\u0161\u010diai ir skirtingi latvi\u0161ki galios \u017eenklai kiekvienam skoniui.  <\/span><\/div>\n<div class=\"\"><span class=\"_5yl5\">Ant peili\u0173 ranken\u0173 yra daug \u012fvairi\u0173 latvi\u0161k\u0173 \u017eenkl\u0173, pavyzd\u017eiui, &#8211;<\/span><\/div>\n<div class=\"\"><span class=\"_5yl5\">  JUMIS, kurie simbolizuoja gyvenim\u0105, turtus, dvigub\u0105 s\u0117km\u0119, vaisingum\u0105 ir klest\u0117jim\u0105.  <\/span><\/div>\n<div class=\"\"><span class=\"_5yl5\">AKA &#8211; \u0161ulinio \u017eenklas. Saul\u0117s ir \u017eem\u0117s simbolis, kuris saugo savo \u0161eiminink\u0105 nuo nes\u0117kmi\u0173, saugo \u0161eim\u0105 ir namus, simbolizuoja tam tikr\u0105 tvark\u0105 ir nauj\u0105 prad\u017ei\u0105.  <\/span><\/div>\n<div class=\"\"><span class=\"_5yl5\">ZALKTIS &#8211; (gyvat\u0117) yra I\u0161minties, \u017eini\u0173 ir nam\u0173 apsaugos simbolis. Gyvyb\u0117s ir atsinaujinimo energija.  <\/span><\/div>\n<div class=\"\"><span class=\"_5yl5\">AUSEKLIS &#8211; Vyr\u0173 gyn\u0117jas. \u0160viesos pergal\u0117 prie\u0161 tams\u0105. Apsaugo nuo blogio.  <\/span><\/div>\n<div class=\"\"><span class=\"_5yl5\">MARA Kry\u017eius, kuris d\u0117l savo teigiamos energijos da\u017enai vaizduojamas ant duonos, ne\u0161a s\u0117km\u0119 ir ger\u0105 sveikat\u0105, saugo nuo nelaimi\u0173. Mara yra auk\u0161\u010diausia motinyst\u0117s dievyb\u0117. Rezoliucija ir i\u0161samumas.  <\/span><\/div>\n<div class=\"\"><span class=\"_5yl5\">Peilis taip pat bus puiki ir apgalvota dovana draugui ar mylimam \u017emogui, ta\u010diau nepamir\u0161kite, kad dovanos gav\u0117jas turi duoti monet\u0105 mainais &#8211; tai senovin\u0117 latvi\u0173 patarl\u0117! <\/span><\/div>\n<\/div>\n<\/div>\n<\/div>\n<\/div>\n<p>&nbsp;<\/p>\n<\/div>\n<\/div>\n<\/div>\n<div class=\"_40qi\"><\/div>\n<\/div>\n<\/div>\n<\/div>\n<\/div>\n<\/div>\n<\/div>\n<div class=\"_4gd0\">\n<div><\/div>\n<\/div>\n<div class=\"_4gd0\">\n<div class=\"_510g\"><\/div>\n<\/div>\n<\/div>\n<\/div>\n<\/div>\n<\/div>\n<\/div>\n<div class=\"fbNubFlyoutFooter\" data-testid=\"composer_root\">\n<div class=\"_1d4_\" role=\"presentation\">\n<div class=\"_552h\">\n<div class=\"\">\n<div tabindex=\"-1\">\n<div class=\"_5rp7 _5rp8\">\n<div class=\"_5rpb\">\n<div class=\"notranslate _5rpu\" role=\"combobox\" contenteditable=\"true\" spellcheck=\"true\" aria-autocomplete=\"list\" aria-controls=\"js_46\" aria-describedby=\"placeholder-fb8dt\" aria-expanded=\"false\">\n<div data-contents=\"true\">\n<div data-block=\"true\" data-editor=\"fb8dt\" data-offset-key=\"9l77l-0-0\"><\/div>\n<\/div>\n<\/div>\n<\/div>\n<\/div>\n<\/div>\n<\/div>\n<\/div>\n<\/div>\n<\/div>\n","protected":false},"excerpt":{"rendered":"<p>JUMIS &#8211; \u0160ULINIO \u017dENKLAS &#8211; U\u0160IN\u0160AS &#8211; MARA KRY\u017dIUS &#8211; PERK\u016aNO KRY\u017dIUS &#8211; AUSTRA MEDIS &#8211; AUSEKLIS &#8211; ADDER Peilio specifikacijos: LACHPLESIS-3&#8221; (Loki\u0173 \u017eudikas) Plienas: kaltinis ner\u016bdijantis plienas 12C27 Kietumas: 57-58 HRC Gele\u017et\u0117s ilgis (mm): Ilgis (mm): 127 \/ 5 coli\u0173 Gele\u017et\u0117s storis (mm): (mm): 3 \/0,12 colio A\u0161men\u0173 plotis (mm): (32 \/1,26 colio) Rankena: Afrikieti\u0161ka Bubinga mediena. Bendras ilgis (mm): 250 \/ 9,84 &nbsp; Nors Latvijos 101-\u0173j\u0173 metini\u0173 sukaktis jau pra\u0117jo, vis d\u0117lto verta apsistoti ties jausmais, kuriuos prisimins kiekvienas i\u0161 m\u016bs\u0173, nes pirmasis \u0161imtmetis yra ypatingas ir kartu galimyb\u0117 gyventi savo epochoje, ta\u010diau m\u016bs\u0173 tautos \u0161aknys siekia kur&hellip;<\/p>\n","protected":false},"featured_media":67960,"template":"","meta":{"_themeisle_gutenberg_block_has_review":false},"product_brand":[],"product_cat":[391,381,386,385],"product_tag":[],"class_list":{"0":"post-50927","1":"product","2":"type-product","3":"status-publish","4":"has-post-thumbnail","6":"product_cat-latvijos-galios-peiliai","7":"product_cat-lauko-peiliai","8":"product_cat-medziokliniai-peiliai","9":"product_cat-zvejybos-peiliai","11":"first","12":"instock","13":"shipping-taxable","14":"purchasable","15":"product-type-simple"},"yoast_head":"<!-- This site is optimized with the Yoast SEO plugin v27.3 - https:\/\/yoast.com\/product\/yoast-seo-wordpress\/ -->\n<title>Latvijos elektrinis peilis &#039;&#039;LACHPLESIS-3&#039;&#039;, kaltinis ner\u016bdijantis plienas - AAKnives<\/title>\n<meta name=\"robots\" content=\"index, follow, max-snippet:-1, max-image-preview:large, max-video-preview:-1\" \/>\n<link rel=\"canonical\" href=\"https:\/\/aaknives.eu\/lt\/product\/latvijos-elektrinis-peilis-lachplesis-3-kaltinis-nerudijantis-plienas\/\" \/>\n<meta property=\"og:locale\" content=\"lt_LT\" \/>\n<meta property=\"og:type\" content=\"article\" \/>\n<meta property=\"og:title\" content=\"Latvijos elektrinis peilis &#039;&#039;LACHPLESIS-3&#039;&#039;, kaltinis ner\u016bdijantis plienas - AAKnives\" \/>\n<meta property=\"og:description\" content=\"JUMIS &#8211; \u0160ULINIO \u017dENKLAS &#8211; U\u0160IN\u0160AS &#8211; MARA KRY\u017dIUS &#8211; PERK\u016aNO KRY\u017dIUS &#8211; AUSTRA MEDIS &#8211; AUSEKLIS &#8211; ADDER Peilio specifikacijos: LACHPLESIS-3&#8221; (Loki\u0173 \u017eudikas) Plienas: kaltinis ner\u016bdijantis plienas 12C27 Kietumas: 57-58 HRC Gele\u017et\u0117s ilgis (mm): Ilgis (mm): 127 \/ 5 coli\u0173 Gele\u017et\u0117s storis (mm): (mm): 3 \/0,12 colio A\u0161men\u0173 plotis (mm): (32 \/1,26 colio) Rankena: Afrikieti\u0161ka Bubinga mediena. Bendras ilgis (mm): 250 \/ 9,84 &nbsp; Nors Latvijos 101-\u0173j\u0173 metini\u0173 sukaktis jau pra\u0117jo, vis d\u0117lto verta apsistoti ties jausmais, kuriuos prisimins kiekvienas i\u0161 m\u016bs\u0173, nes pirmasis \u0161imtmetis yra ypatingas ir kartu galimyb\u0117 gyventi savo epochoje, ta\u010diau m\u016bs\u0173 tautos \u0161aknys siekia kur&hellip;\" \/>\n<meta property=\"og:url\" content=\"https:\/\/aaknives.eu\/lt\/product\/latvijos-elektrinis-peilis-lachplesis-3-kaltinis-nerudijantis-plienas\/\" \/>\n<meta property=\"og:site_name\" content=\"AAKnives\" \/>\n<meta property=\"article:publisher\" content=\"https:\/\/www.facebook.com\/aaknives.eu\/\" \/>\n<meta property=\"article:modified_time\" content=\"2024-12-07T08:34:19+00:00\" \/>\n<meta property=\"og:image\" content=\"https:\/\/aaknives.eu\/wp-content\/uploads\/2021\/09\/aaknives-hand-forged-dabascus-steel-blade-knife-handmade-custom-made-knife-handcrafted-knives-autinetools-northmen-26.2-3.jpg\" \/>\n\t<meta property=\"og:image:width\" content=\"1020\" \/>\n\t<meta property=\"og:image:height\" content=\"880\" \/>\n\t<meta property=\"og:image:type\" content=\"image\/jpeg\" \/>\n<meta name=\"twitter:card\" content=\"summary_large_image\" \/>\n<meta name=\"twitter:label1\" content=\"Est. reading time\" \/>\n\t<meta name=\"twitter:data1\" content=\"2 minut\u0117s\" \/>\n<script type=\"application\/ld+json\" class=\"yoast-schema-graph\">{\"@context\":\"https:\\\/\\\/schema.org\",\"@graph\":[{\"@type\":\"WebPage\",\"@id\":\"https:\\\/\\\/aaknives.eu\\\/lt\\\/product\\\/latvijos-elektrinis-peilis-lachplesis-3-kaltinis-nerudijantis-plienas\\\/\",\"url\":\"https:\\\/\\\/aaknives.eu\\\/lt\\\/product\\\/latvijos-elektrinis-peilis-lachplesis-3-kaltinis-nerudijantis-plienas\\\/\",\"name\":\"Latvijos elektrinis peilis ''LACHPLESIS-3'', kaltinis ner\u016bdijantis plienas - AAKnives\",\"isPartOf\":{\"@id\":\"https:\\\/\\\/aaknives.eu\\\/lt\\\/#website\"},\"primaryImageOfPage\":{\"@id\":\"https:\\\/\\\/aaknives.eu\\\/lt\\\/product\\\/latvijos-elektrinis-peilis-lachplesis-3-kaltinis-nerudijantis-plienas\\\/#primaryimage\"},\"image\":{\"@id\":\"https:\\\/\\\/aaknives.eu\\\/lt\\\/product\\\/latvijos-elektrinis-peilis-lachplesis-3-kaltinis-nerudijantis-plienas\\\/#primaryimage\"},\"thumbnailUrl\":\"https:\\\/\\\/aaknives.eu\\\/wp-content\\\/uploads\\\/2021\\\/09\\\/aaknives-hand-forged-dabascus-steel-blade-knife-handmade-custom-made-knife-handcrafted-knives-autinetools-northmen-26.2-3.jpg\",\"datePublished\":\"2021-09-20T20:24:47+00:00\",\"dateModified\":\"2024-12-07T08:34:19+00:00\",\"breadcrumb\":{\"@id\":\"https:\\\/\\\/aaknives.eu\\\/lt\\\/product\\\/latvijos-elektrinis-peilis-lachplesis-3-kaltinis-nerudijantis-plienas\\\/#breadcrumb\"},\"inLanguage\":\"lt-LT\",\"potentialAction\":[{\"@type\":\"ReadAction\",\"target\":[\"https:\\\/\\\/aaknives.eu\\\/lt\\\/product\\\/latvijos-elektrinis-peilis-lachplesis-3-kaltinis-nerudijantis-plienas\\\/\"]}]},{\"@type\":\"ImageObject\",\"inLanguage\":\"lt-LT\",\"@id\":\"https:\\\/\\\/aaknives.eu\\\/lt\\\/product\\\/latvijos-elektrinis-peilis-lachplesis-3-kaltinis-nerudijantis-plienas\\\/#primaryimage\",\"url\":\"https:\\\/\\\/aaknives.eu\\\/wp-content\\\/uploads\\\/2021\\\/09\\\/aaknives-hand-forged-dabascus-steel-blade-knife-handmade-custom-made-knife-handcrafted-knives-autinetools-northmen-26.2-3.jpg\",\"contentUrl\":\"https:\\\/\\\/aaknives.eu\\\/wp-content\\\/uploads\\\/2021\\\/09\\\/aaknives-hand-forged-dabascus-steel-blade-knife-handmade-custom-made-knife-handcrafted-knives-autinetools-northmen-26.2-3.jpg\",\"width\":1020,\"height\":880},{\"@type\":\"BreadcrumbList\",\"@id\":\"https:\\\/\\\/aaknives.eu\\\/lt\\\/product\\\/latvijos-elektrinis-peilis-lachplesis-3-kaltinis-nerudijantis-plienas\\\/#breadcrumb\",\"itemListElement\":[{\"@type\":\"ListItem\",\"position\":1,\"name\":\"Home\",\"item\":\"https:\\\/\\\/aaknives.eu\\\/lt\\\/\"},{\"@type\":\"ListItem\",\"position\":2,\"name\":\"Parduotuv\u0117\",\"item\":\"https:\\\/\\\/aaknives.eu\\\/parduotuve\\\/\"},{\"@type\":\"ListItem\",\"position\":3,\"name\":\"Latvijos elektrinis peilis &#8221;LACHPLESIS-3&#8221;, kaltinis ner\u016bdijantis plienas\"}]},{\"@type\":\"WebSite\",\"@id\":\"https:\\\/\\\/aaknives.eu\\\/lt\\\/#website\",\"url\":\"https:\\\/\\\/aaknives.eu\\\/lt\\\/\",\"name\":\"AAKnives\",\"description\":\"Handmade knives\",\"publisher\":{\"@id\":\"https:\\\/\\\/aaknives.eu\\\/lt\\\/#organization\"},\"potentialAction\":[{\"@type\":\"SearchAction\",\"target\":{\"@type\":\"EntryPoint\",\"urlTemplate\":\"https:\\\/\\\/aaknives.eu\\\/lt\\\/?s={search_term_string}\"},\"query-input\":{\"@type\":\"PropertyValueSpecification\",\"valueRequired\":true,\"valueName\":\"search_term_string\"}}],\"inLanguage\":\"lt-LT\"},{\"@type\":\"Organization\",\"@id\":\"https:\\\/\\\/aaknives.eu\\\/lt\\\/#organization\",\"name\":\"AAKnives\",\"url\":\"https:\\\/\\\/aaknives.eu\\\/lt\\\/\",\"logo\":{\"@type\":\"ImageObject\",\"inLanguage\":\"lt-LT\",\"@id\":\"https:\\\/\\\/aaknives.eu\\\/lt\\\/#\\\/schema\\\/logo\\\/image\\\/\",\"url\":\"https:\\\/\\\/aaknives.eu\\\/wp-content\\\/uploads\\\/2021\\\/10\\\/AAknives_Logo_Green.png\",\"contentUrl\":\"https:\\\/\\\/aaknives.eu\\\/wp-content\\\/uploads\\\/2021\\\/10\\\/AAknives_Logo_Green.png\",\"width\":1768,\"height\":1768,\"caption\":\"AAKnives\"},\"image\":{\"@id\":\"https:\\\/\\\/aaknives.eu\\\/lt\\\/#\\\/schema\\\/logo\\\/image\\\/\"},\"sameAs\":[\"https:\\\/\\\/www.facebook.com\\\/aaknives.eu\\\/\",\"https:\\\/\\\/www.instagram.com\\\/aaknives\\\/\",\"https:\\\/\\\/www.pinterest.com\\\/aa_knives\\\/\",\"https:\\\/\\\/www.youtube.com\\\/channel\\\/UCHOQFjrOkgT6s4FIw9LDKyw\\\/featured\"]}]}<\/script>\n<!-- \/ Yoast SEO plugin. -->","yoast_head_json":{"title":"Latvijos elektrinis peilis ''LACHPLESIS-3'', kaltinis ner\u016bdijantis plienas - AAKnives","robots":{"index":"index","follow":"follow","max-snippet":"max-snippet:-1","max-image-preview":"max-image-preview:large","max-video-preview":"max-video-preview:-1"},"canonical":"https:\/\/aaknives.eu\/lt\/product\/latvijos-elektrinis-peilis-lachplesis-3-kaltinis-nerudijantis-plienas\/","og_locale":"lt_LT","og_type":"article","og_title":"Latvijos elektrinis peilis ''LACHPLESIS-3'', kaltinis ner\u016bdijantis plienas - AAKnives","og_description":"JUMIS &#8211; \u0160ULINIO \u017dENKLAS &#8211; U\u0160IN\u0160AS &#8211; MARA KRY\u017dIUS &#8211; PERK\u016aNO KRY\u017dIUS &#8211; AUSTRA MEDIS &#8211; AUSEKLIS &#8211; ADDER Peilio specifikacijos: LACHPLESIS-3&#8221; (Loki\u0173 \u017eudikas) Plienas: kaltinis ner\u016bdijantis plienas 12C27 Kietumas: 57-58 HRC Gele\u017et\u0117s ilgis (mm): Ilgis (mm): 127 \/ 5 coli\u0173 Gele\u017et\u0117s storis (mm): (mm): 3 \/0,12 colio A\u0161men\u0173 plotis (mm): (32 \/1,26 colio) Rankena: Afrikieti\u0161ka Bubinga mediena. Bendras ilgis (mm): 250 \/ 9,84 &nbsp; Nors Latvijos 101-\u0173j\u0173 metini\u0173 sukaktis jau pra\u0117jo, vis d\u0117lto verta apsistoti ties jausmais, kuriuos prisimins kiekvienas i\u0161 m\u016bs\u0173, nes pirmasis \u0161imtmetis yra ypatingas ir kartu galimyb\u0117 gyventi savo epochoje, ta\u010diau m\u016bs\u0173 tautos \u0161aknys siekia kur&hellip;","og_url":"https:\/\/aaknives.eu\/lt\/product\/latvijos-elektrinis-peilis-lachplesis-3-kaltinis-nerudijantis-plienas\/","og_site_name":"AAKnives","article_publisher":"https:\/\/www.facebook.com\/aaknives.eu\/","article_modified_time":"2024-12-07T08:34:19+00:00","og_image":[{"width":1020,"height":880,"url":"https:\/\/aaknives.eu\/wp-content\/uploads\/2021\/09\/aaknives-hand-forged-dabascus-steel-blade-knife-handmade-custom-made-knife-handcrafted-knives-autinetools-northmen-26.2-3.jpg","type":"image\/jpeg"}],"twitter_card":"summary_large_image","twitter_misc":{"Est. reading time":"2 minut\u0117s"},"schema":{"@context":"https:\/\/schema.org","@graph":[{"@type":"WebPage","@id":"https:\/\/aaknives.eu\/lt\/product\/latvijos-elektrinis-peilis-lachplesis-3-kaltinis-nerudijantis-plienas\/","url":"https:\/\/aaknives.eu\/lt\/product\/latvijos-elektrinis-peilis-lachplesis-3-kaltinis-nerudijantis-plienas\/","name":"Latvijos elektrinis peilis ''LACHPLESIS-3'', kaltinis ner\u016bdijantis plienas - AAKnives","isPartOf":{"@id":"https:\/\/aaknives.eu\/lt\/#website"},"primaryImageOfPage":{"@id":"https:\/\/aaknives.eu\/lt\/product\/latvijos-elektrinis-peilis-lachplesis-3-kaltinis-nerudijantis-plienas\/#primaryimage"},"image":{"@id":"https:\/\/aaknives.eu\/lt\/product\/latvijos-elektrinis-peilis-lachplesis-3-kaltinis-nerudijantis-plienas\/#primaryimage"},"thumbnailUrl":"https:\/\/aaknives.eu\/wp-content\/uploads\/2021\/09\/aaknives-hand-forged-dabascus-steel-blade-knife-handmade-custom-made-knife-handcrafted-knives-autinetools-northmen-26.2-3.jpg","datePublished":"2021-09-20T20:24:47+00:00","dateModified":"2024-12-07T08:34:19+00:00","breadcrumb":{"@id":"https:\/\/aaknives.eu\/lt\/product\/latvijos-elektrinis-peilis-lachplesis-3-kaltinis-nerudijantis-plienas\/#breadcrumb"},"inLanguage":"lt-LT","potentialAction":[{"@type":"ReadAction","target":["https:\/\/aaknives.eu\/lt\/product\/latvijos-elektrinis-peilis-lachplesis-3-kaltinis-nerudijantis-plienas\/"]}]},{"@type":"ImageObject","inLanguage":"lt-LT","@id":"https:\/\/aaknives.eu\/lt\/product\/latvijos-elektrinis-peilis-lachplesis-3-kaltinis-nerudijantis-plienas\/#primaryimage","url":"https:\/\/aaknives.eu\/wp-content\/uploads\/2021\/09\/aaknives-hand-forged-dabascus-steel-blade-knife-handmade-custom-made-knife-handcrafted-knives-autinetools-northmen-26.2-3.jpg","contentUrl":"https:\/\/aaknives.eu\/wp-content\/uploads\/2021\/09\/aaknives-hand-forged-dabascus-steel-blade-knife-handmade-custom-made-knife-handcrafted-knives-autinetools-northmen-26.2-3.jpg","width":1020,"height":880},{"@type":"BreadcrumbList","@id":"https:\/\/aaknives.eu\/lt\/product\/latvijos-elektrinis-peilis-lachplesis-3-kaltinis-nerudijantis-plienas\/#breadcrumb","itemListElement":[{"@type":"ListItem","position":1,"name":"Home","item":"https:\/\/aaknives.eu\/lt\/"},{"@type":"ListItem","position":2,"name":"Parduotuv\u0117","item":"https:\/\/aaknives.eu\/parduotuve\/"},{"@type":"ListItem","position":3,"name":"Latvijos elektrinis peilis &#8221;LACHPLESIS-3&#8221;, kaltinis ner\u016bdijantis plienas"}]},{"@type":"WebSite","@id":"https:\/\/aaknives.eu\/lt\/#website","url":"https:\/\/aaknives.eu\/lt\/","name":"AAKnives","description":"Handmade knives","publisher":{"@id":"https:\/\/aaknives.eu\/lt\/#organization"},"potentialAction":[{"@type":"SearchAction","target":{"@type":"EntryPoint","urlTemplate":"https:\/\/aaknives.eu\/lt\/?s={search_term_string}"},"query-input":{"@type":"PropertyValueSpecification","valueRequired":true,"valueName":"search_term_string"}}],"inLanguage":"lt-LT"},{"@type":"Organization","@id":"https:\/\/aaknives.eu\/lt\/#organization","name":"AAKnives","url":"https:\/\/aaknives.eu\/lt\/","logo":{"@type":"ImageObject","inLanguage":"lt-LT","@id":"https:\/\/aaknives.eu\/lt\/#\/schema\/logo\/image\/","url":"https:\/\/aaknives.eu\/wp-content\/uploads\/2021\/10\/AAknives_Logo_Green.png","contentUrl":"https:\/\/aaknives.eu\/wp-content\/uploads\/2021\/10\/AAknives_Logo_Green.png","width":1768,"height":1768,"caption":"AAKnives"},"image":{"@id":"https:\/\/aaknives.eu\/lt\/#\/schema\/logo\/image\/"},"sameAs":["https:\/\/www.facebook.com\/aaknives.eu\/","https:\/\/www.instagram.com\/aaknives\/","https:\/\/www.pinterest.com\/aa_knives\/","https:\/\/www.youtube.com\/channel\/UCHOQFjrOkgT6s4FIw9LDKyw\/featured"]}]}},"_links":{"self":[{"href":"https:\/\/aaknives.eu\/lt\/wp-json\/wp\/v2\/product\/50927","targetHints":{"allow":["GET"]}}],"collection":[{"href":"https:\/\/aaknives.eu\/lt\/wp-json\/wp\/v2\/product"}],"about":[{"href":"https:\/\/aaknives.eu\/lt\/wp-json\/wp\/v2\/types\/product"}],"wp:featuredmedia":[{"embeddable":true,"href":"https:\/\/aaknives.eu\/lt\/wp-json\/wp\/v2\/media\/67960"}],"wp:attachment":[{"href":"https:\/\/aaknives.eu\/lt\/wp-json\/wp\/v2\/media?parent=50927"}],"wp:term":[{"taxonomy":"product_brand","embeddable":true,"href":"https:\/\/aaknives.eu\/lt\/wp-json\/wp\/v2\/product_brand?post=50927"},{"taxonomy":"product_cat","embeddable":true,"href":"https:\/\/aaknives.eu\/lt\/wp-json\/wp\/v2\/product_cat?post=50927"},{"taxonomy":"product_tag","embeddable":true,"href":"https:\/\/aaknives.eu\/lt\/wp-json\/wp\/v2\/product_tag?post=50927"}],"curies":[{"name":"wp","href":"https:\/\/api.w.org\/{rel}","templated":true}]}}