{"id":50955,"date":"2021-09-20T20:25:11","date_gmt":"2021-09-20T20:25:11","guid":{"rendered":"https:\/\/aaknives.eu\/product\/peilis-full-tang-d2-rankomis-kaltas-peilis\/"},"modified":"2025-02-25T18:26:21","modified_gmt":"2025-02-25T18:26:21","slug":"peilis-full-tang-d2-rankomis-kaltas-peilis","status":"publish","type":"product","link":"https:\/\/aaknives.eu\/lt\/product\/peilis-full-tang-d2-rankomis-kaltas-peilis\/","title":{"rendered":"Peilis &#8220;DAGGER&#8221; &#8211; D2 rankomis kaltas peilis"},"content":{"rendered":"<p>Peilio specifikacijos: DAGGER<br \/>\nPlienas: rankomis kaltas D2 plieno peilis<br \/>\nKietumas: 61 HRC<br \/>\nA\u0161men\u0173 ilgis (mm): 93 \/ 3,66 colio<br \/>\nA\u0161men\u0173 storis (mm): 3,5 \/ 0,13 colio<br \/>\nA\u0161men\u0173 plotis (mm): 29 \/ 1,14 colio<br \/>\nRankena: afrikieti\u0161ka venge mediena<br \/>\nVisas ilgis (mm): 180 \/ 7,08 colio<\/p>\n<p>D2 plienas yra vienas geriausi\u0173 ir \u017einomiausi\u0173 pasaulyje peili\u0173 plien\u0173.<\/p>\n<p>Gerai \u017einomos JAV ir Japonijos \u012fmon\u0117s gamina peilius i\u0161 D2 plieno.<\/p>\n<p>I\u0161 \u0161io plieno pagaminti peiliai puikiai i\u0161laiko pjaunan\u010di\u0105j\u0105 briaun\u0105 ir pasi\u017eymi dideliu atsparumu korozijai.<\/p>\n<p>Po terminio apdorojimo D2 plieno gele\u017et\u0117s kietumas yra 60-62 HRC.<\/p>\n<p>D2 peili\u0173 gele\u017et\u0117s prakti\u0161kai ner\u016bdija, ta\u010diau kadangi plieno yra \u0161iek tiek ma\u017eiau nei ner\u016bdijan\u010dio plieno (i\u0161 13 % chromo), rekomenduojama gele\u017etes nuvalyti ir nepalikti j\u0173 ilgai dr\u0117gnoje vietoje.<\/p>\n","protected":false},"excerpt":{"rendered":"<p>Peilio specifikacijos: DAGGER Plienas: rankomis kaltas D2 plieno peilis Kietumas: 61 HRC A\u0161men\u0173 ilgis (mm): 93 \/ 3,66 colio A\u0161men\u0173 storis (mm): 3,5 \/ 0,13 colio A\u0161men\u0173 plotis (mm): 29 \/ 1,14 colio Rankena: afrikieti\u0161ka venge mediena Visas ilgis (mm): 180 \/ 7,08 colio D2 plienas yra vienas geriausi\u0173 ir \u017einomiausi\u0173 pasaulyje peili\u0173 plien\u0173. Gerai \u017einomos JAV ir Japonijos \u012fmon\u0117s gamina peilius i\u0161 D2 plieno. I\u0161 \u0161io plieno pagaminti peiliai puikiai i\u0161laiko pjaunan\u010di\u0105j\u0105 briaun\u0105 ir pasi\u017eymi dideliu atsparumu korozijai. Po terminio apdorojimo D2 plieno gele\u017et\u0117s kietumas yra 60-62 HRC. D2 peili\u0173 gele\u017et\u0117s prakti\u0161kai ner\u016bdija, ta\u010diau kadangi plieno yra \u0161iek tiek&hellip;<\/p>\n","protected":false},"featured_media":97431,"template":"","meta":{"_themeisle_gutenberg_block_has_review":false},"product_brand":[],"product_cat":[382,380,398,381,385],"product_tag":[],"class_list":{"0":"post-50955","1":"product","2":"type-product","3":"status-publish","4":"has-post-thumbnail","6":"product_cat-full-tang-peiliai","7":"product_cat-premium-ir-isskirtiniai-peiliai","8":"product_cat-grybu-rinkimo-peiliai","9":"product_cat-lauko-peiliai","10":"product_cat-zvejybos-peiliai","12":"first","13":"instock","14":"shipping-taxable","15":"purchasable","16":"product-type-simple"},"yoast_head":"<!-- This site is optimized with the Yoast SEO plugin v27.5 - https:\/\/yoast.com\/product\/yoast-seo-wordpress\/ -->\n<title>Peilis &quot;DAGGER&quot; - D2 rankomis kaltas peilis - AAKnives<\/title>\n<meta name=\"description\" content=\"Peilis DAGGER Full-Tang - D2 rankomis kaltas peilis\" \/>\n<meta name=\"robots\" content=\"index, follow, max-snippet:-1, max-image-preview:large, max-video-preview:-1\" \/>\n<link rel=\"canonical\" href=\"https:\/\/aaknives.eu\/lt\/product\/peilis-full-tang-d2-rankomis-kaltas-peilis\/\" \/>\n<meta property=\"og:locale\" content=\"lt_LT\" \/>\n<meta property=\"og:type\" content=\"article\" \/>\n<meta property=\"og:title\" content=\"Peilis &quot;DAGGER&quot; - D2 rankomis kaltas peilis - AAKnives\" \/>\n<meta property=\"og:description\" content=\"Peilis DAGGER Full-Tang - D2 rankomis kaltas peilis\" \/>\n<meta property=\"og:url\" content=\"https:\/\/aaknives.eu\/lt\/product\/peilis-full-tang-d2-rankomis-kaltas-peilis\/\" \/>\n<meta property=\"og:site_name\" content=\"AAKnives\" \/>\n<meta property=\"article:publisher\" content=\"https:\/\/www.facebook.com\/aaknives.eu\/\" \/>\n<meta property=\"article:modified_time\" content=\"2025-02-25T18:26:21+00:00\" \/>\n<meta property=\"og:image\" content=\"https:\/\/aaknives.eu\/wp-content\/uploads\/2021\/09\/aaknives-hand-forged-damascus-steel-blade-knife-handmade-custom-made-knife-handcrafted-knives-autinetools-northmen-4.2.jpg\" \/>\n\t<meta property=\"og:image:width\" content=\"1020\" \/>\n\t<meta property=\"og:image:height\" content=\"880\" \/>\n\t<meta property=\"og:image:type\" content=\"image\/jpeg\" \/>\n<meta name=\"twitter:card\" content=\"summary_large_image\" \/>\n<meta name=\"twitter:label1\" content=\"Est. reading time\" \/>\n\t<meta name=\"twitter:data1\" content=\"1 minut\u0117\" \/>\n<script type=\"application\/ld+json\" class=\"yoast-schema-graph\">{\"@context\":\"https:\\\/\\\/schema.org\",\"@graph\":[{\"@type\":\"WebPage\",\"@id\":\"https:\\\/\\\/aaknives.eu\\\/lt\\\/product\\\/peilis-full-tang-d2-rankomis-kaltas-peilis\\\/\",\"url\":\"https:\\\/\\\/aaknives.eu\\\/lt\\\/product\\\/peilis-full-tang-d2-rankomis-kaltas-peilis\\\/\",\"name\":\"Peilis \\\"DAGGER\\\" - D2 rankomis kaltas peilis - AAKnives\",\"isPartOf\":{\"@id\":\"https:\\\/\\\/aaknives.eu\\\/lt\\\/#website\"},\"primaryImageOfPage\":{\"@id\":\"https:\\\/\\\/aaknives.eu\\\/lt\\\/product\\\/peilis-full-tang-d2-rankomis-kaltas-peilis\\\/#primaryimage\"},\"image\":{\"@id\":\"https:\\\/\\\/aaknives.eu\\\/lt\\\/product\\\/peilis-full-tang-d2-rankomis-kaltas-peilis\\\/#primaryimage\"},\"thumbnailUrl\":\"https:\\\/\\\/aaknives.eu\\\/wp-content\\\/uploads\\\/2021\\\/09\\\/aaknives-hand-forged-damascus-steel-blade-knife-handmade-custom-made-knife-handcrafted-knives-autinetools-northmen-4.2.jpg\",\"datePublished\":\"2021-09-20T20:25:11+00:00\",\"dateModified\":\"2025-02-25T18:26:21+00:00\",\"description\":\"Peilis DAGGER Full-Tang - D2 rankomis kaltas peilis\",\"breadcrumb\":{\"@id\":\"https:\\\/\\\/aaknives.eu\\\/lt\\\/product\\\/peilis-full-tang-d2-rankomis-kaltas-peilis\\\/#breadcrumb\"},\"inLanguage\":\"lt-LT\",\"potentialAction\":[{\"@type\":\"ReadAction\",\"target\":[\"https:\\\/\\\/aaknives.eu\\\/lt\\\/product\\\/peilis-full-tang-d2-rankomis-kaltas-peilis\\\/\"]}]},{\"@type\":\"ImageObject\",\"inLanguage\":\"lt-LT\",\"@id\":\"https:\\\/\\\/aaknives.eu\\\/lt\\\/product\\\/peilis-full-tang-d2-rankomis-kaltas-peilis\\\/#primaryimage\",\"url\":\"https:\\\/\\\/aaknives.eu\\\/wp-content\\\/uploads\\\/2021\\\/09\\\/aaknives-hand-forged-damascus-steel-blade-knife-handmade-custom-made-knife-handcrafted-knives-autinetools-northmen-4.2.jpg\",\"contentUrl\":\"https:\\\/\\\/aaknives.eu\\\/wp-content\\\/uploads\\\/2021\\\/09\\\/aaknives-hand-forged-damascus-steel-blade-knife-handmade-custom-made-knife-handcrafted-knives-autinetools-northmen-4.2.jpg\",\"width\":1020,\"height\":880},{\"@type\":\"BreadcrumbList\",\"@id\":\"https:\\\/\\\/aaknives.eu\\\/lt\\\/product\\\/peilis-full-tang-d2-rankomis-kaltas-peilis\\\/#breadcrumb\",\"itemListElement\":[{\"@type\":\"ListItem\",\"position\":1,\"name\":\"Home\",\"item\":\"https:\\\/\\\/aaknives.eu\\\/lt\\\/\"},{\"@type\":\"ListItem\",\"position\":2,\"name\":\"Parduotuv\u0117\",\"item\":\"https:\\\/\\\/aaknives.eu\\\/parduotuve\\\/\"},{\"@type\":\"ListItem\",\"position\":3,\"name\":\"Private: Peilis &#8220;DAGGER&#8221; &#8211; D2 rankomis kaltas peilis\"}]},{\"@type\":\"WebSite\",\"@id\":\"https:\\\/\\\/aaknives.eu\\\/lt\\\/#website\",\"url\":\"https:\\\/\\\/aaknives.eu\\\/lt\\\/\",\"name\":\"AAKnives\",\"description\":\"Handmade knives\",\"publisher\":{\"@id\":\"https:\\\/\\\/aaknives.eu\\\/lt\\\/#organization\"},\"potentialAction\":[{\"@type\":\"SearchAction\",\"target\":{\"@type\":\"EntryPoint\",\"urlTemplate\":\"https:\\\/\\\/aaknives.eu\\\/lt\\\/?s={search_term_string}\"},\"query-input\":{\"@type\":\"PropertyValueSpecification\",\"valueRequired\":true,\"valueName\":\"search_term_string\"}}],\"inLanguage\":\"lt-LT\"},{\"@type\":\"Organization\",\"@id\":\"https:\\\/\\\/aaknives.eu\\\/lt\\\/#organization\",\"name\":\"AAKnives\",\"url\":\"https:\\\/\\\/aaknives.eu\\\/lt\\\/\",\"logo\":{\"@type\":\"ImageObject\",\"inLanguage\":\"lt-LT\",\"@id\":\"https:\\\/\\\/aaknives.eu\\\/lt\\\/#\\\/schema\\\/logo\\\/image\\\/\",\"url\":\"https:\\\/\\\/aaknives.eu\\\/wp-content\\\/uploads\\\/2021\\\/10\\\/AAknives_Logo_Green.png\",\"contentUrl\":\"https:\\\/\\\/aaknives.eu\\\/wp-content\\\/uploads\\\/2021\\\/10\\\/AAknives_Logo_Green.png\",\"width\":1768,\"height\":1768,\"caption\":\"AAKnives\"},\"image\":{\"@id\":\"https:\\\/\\\/aaknives.eu\\\/lt\\\/#\\\/schema\\\/logo\\\/image\\\/\"},\"sameAs\":[\"https:\\\/\\\/www.facebook.com\\\/aaknives.eu\\\/\",\"https:\\\/\\\/www.instagram.com\\\/aaknives\\\/\",\"https:\\\/\\\/www.pinterest.com\\\/aa_knives\\\/\",\"https:\\\/\\\/www.youtube.com\\\/channel\\\/UCHOQFjrOkgT6s4FIw9LDKyw\\\/featured\"]}]}<\/script>\n<!-- \/ Yoast SEO plugin. -->","yoast_head_json":{"title":"Peilis \"DAGGER\" - D2 rankomis kaltas peilis - AAKnives","description":"Peilis DAGGER Full-Tang - D2 rankomis kaltas peilis","robots":{"index":"index","follow":"follow","max-snippet":"max-snippet:-1","max-image-preview":"max-image-preview:large","max-video-preview":"max-video-preview:-1"},"canonical":"https:\/\/aaknives.eu\/lt\/product\/peilis-full-tang-d2-rankomis-kaltas-peilis\/","og_locale":"lt_LT","og_type":"article","og_title":"Peilis \"DAGGER\" - D2 rankomis kaltas peilis - AAKnives","og_description":"Peilis DAGGER Full-Tang - D2 rankomis kaltas peilis","og_url":"https:\/\/aaknives.eu\/lt\/product\/peilis-full-tang-d2-rankomis-kaltas-peilis\/","og_site_name":"AAKnives","article_publisher":"https:\/\/www.facebook.com\/aaknives.eu\/","article_modified_time":"2025-02-25T18:26:21+00:00","og_image":[{"width":1020,"height":880,"url":"https:\/\/aaknives.eu\/wp-content\/uploads\/2021\/09\/aaknives-hand-forged-damascus-steel-blade-knife-handmade-custom-made-knife-handcrafted-knives-autinetools-northmen-4.2.jpg","type":"image\/jpeg"}],"twitter_card":"summary_large_image","twitter_misc":{"Est. reading time":"1 minut\u0117"},"schema":{"@context":"https:\/\/schema.org","@graph":[{"@type":"WebPage","@id":"https:\/\/aaknives.eu\/lt\/product\/peilis-full-tang-d2-rankomis-kaltas-peilis\/","url":"https:\/\/aaknives.eu\/lt\/product\/peilis-full-tang-d2-rankomis-kaltas-peilis\/","name":"Peilis \"DAGGER\" - D2 rankomis kaltas peilis - AAKnives","isPartOf":{"@id":"https:\/\/aaknives.eu\/lt\/#website"},"primaryImageOfPage":{"@id":"https:\/\/aaknives.eu\/lt\/product\/peilis-full-tang-d2-rankomis-kaltas-peilis\/#primaryimage"},"image":{"@id":"https:\/\/aaknives.eu\/lt\/product\/peilis-full-tang-d2-rankomis-kaltas-peilis\/#primaryimage"},"thumbnailUrl":"https:\/\/aaknives.eu\/wp-content\/uploads\/2021\/09\/aaknives-hand-forged-damascus-steel-blade-knife-handmade-custom-made-knife-handcrafted-knives-autinetools-northmen-4.2.jpg","datePublished":"2021-09-20T20:25:11+00:00","dateModified":"2025-02-25T18:26:21+00:00","description":"Peilis DAGGER Full-Tang - D2 rankomis kaltas peilis","breadcrumb":{"@id":"https:\/\/aaknives.eu\/lt\/product\/peilis-full-tang-d2-rankomis-kaltas-peilis\/#breadcrumb"},"inLanguage":"lt-LT","potentialAction":[{"@type":"ReadAction","target":["https:\/\/aaknives.eu\/lt\/product\/peilis-full-tang-d2-rankomis-kaltas-peilis\/"]}]},{"@type":"ImageObject","inLanguage":"lt-LT","@id":"https:\/\/aaknives.eu\/lt\/product\/peilis-full-tang-d2-rankomis-kaltas-peilis\/#primaryimage","url":"https:\/\/aaknives.eu\/wp-content\/uploads\/2021\/09\/aaknives-hand-forged-damascus-steel-blade-knife-handmade-custom-made-knife-handcrafted-knives-autinetools-northmen-4.2.jpg","contentUrl":"https:\/\/aaknives.eu\/wp-content\/uploads\/2021\/09\/aaknives-hand-forged-damascus-steel-blade-knife-handmade-custom-made-knife-handcrafted-knives-autinetools-northmen-4.2.jpg","width":1020,"height":880},{"@type":"BreadcrumbList","@id":"https:\/\/aaknives.eu\/lt\/product\/peilis-full-tang-d2-rankomis-kaltas-peilis\/#breadcrumb","itemListElement":[{"@type":"ListItem","position":1,"name":"Home","item":"https:\/\/aaknives.eu\/lt\/"},{"@type":"ListItem","position":2,"name":"Parduotuv\u0117","item":"https:\/\/aaknives.eu\/parduotuve\/"},{"@type":"ListItem","position":3,"name":"Private: Peilis &#8220;DAGGER&#8221; &#8211; D2 rankomis kaltas peilis"}]},{"@type":"WebSite","@id":"https:\/\/aaknives.eu\/lt\/#website","url":"https:\/\/aaknives.eu\/lt\/","name":"AAKnives","description":"Handmade knives","publisher":{"@id":"https:\/\/aaknives.eu\/lt\/#organization"},"potentialAction":[{"@type":"SearchAction","target":{"@type":"EntryPoint","urlTemplate":"https:\/\/aaknives.eu\/lt\/?s={search_term_string}"},"query-input":{"@type":"PropertyValueSpecification","valueRequired":true,"valueName":"search_term_string"}}],"inLanguage":"lt-LT"},{"@type":"Organization","@id":"https:\/\/aaknives.eu\/lt\/#organization","name":"AAKnives","url":"https:\/\/aaknives.eu\/lt\/","logo":{"@type":"ImageObject","inLanguage":"lt-LT","@id":"https:\/\/aaknives.eu\/lt\/#\/schema\/logo\/image\/","url":"https:\/\/aaknives.eu\/wp-content\/uploads\/2021\/10\/AAknives_Logo_Green.png","contentUrl":"https:\/\/aaknives.eu\/wp-content\/uploads\/2021\/10\/AAknives_Logo_Green.png","width":1768,"height":1768,"caption":"AAKnives"},"image":{"@id":"https:\/\/aaknives.eu\/lt\/#\/schema\/logo\/image\/"},"sameAs":["https:\/\/www.facebook.com\/aaknives.eu\/","https:\/\/www.instagram.com\/aaknives\/","https:\/\/www.pinterest.com\/aa_knives\/","https:\/\/www.youtube.com\/channel\/UCHOQFjrOkgT6s4FIw9LDKyw\/featured"]}]}},"_links":{"self":[{"href":"https:\/\/aaknives.eu\/lt\/wp-json\/wp\/v2\/product\/50955","targetHints":{"allow":["GET"]}}],"collection":[{"href":"https:\/\/aaknives.eu\/lt\/wp-json\/wp\/v2\/product"}],"about":[{"href":"https:\/\/aaknives.eu\/lt\/wp-json\/wp\/v2\/types\/product"}],"wp:featuredmedia":[{"embeddable":true,"href":"https:\/\/aaknives.eu\/lt\/wp-json\/wp\/v2\/media\/97431"}],"wp:attachment":[{"href":"https:\/\/aaknives.eu\/lt\/wp-json\/wp\/v2\/media?parent=50955"}],"wp:term":[{"taxonomy":"product_brand","embeddable":true,"href":"https:\/\/aaknives.eu\/lt\/wp-json\/wp\/v2\/product_brand?post=50955"},{"taxonomy":"product_cat","embeddable":true,"href":"https:\/\/aaknives.eu\/lt\/wp-json\/wp\/v2\/product_cat?post=50955"},{"taxonomy":"product_tag","embeddable":true,"href":"https:\/\/aaknives.eu\/lt\/wp-json\/wp\/v2\/product_tag?post=50955"}],"curies":[{"name":"wp","href":"https:\/\/api.w.org\/{rel}","templated":true}]}}