{"id":50993,"date":"2021-09-20T20:25:35","date_gmt":"2021-09-20T20:25:35","guid":{"rendered":"https:\/\/aaknives.eu\/product\/latvijos-elektrinis-peilis-lachplesis-4-kaltinis-nerudijantis-plienas\/"},"modified":"2025-09-01T09:46:08","modified_gmt":"2025-09-01T09:46:08","slug":"latvijos-elektrinis-peilis-lachplesis-4-kaltinis-nerudijantis-plienas","status":"publish","type":"product","link":"https:\/\/aaknives.eu\/lt\/product\/latvijos-elektrinis-peilis-lachplesis-4-kaltinis-nerudijantis-plienas\/","title":{"rendered":"Latvijos elektrinis peilis &#8221;LACHPLESIS-4&#8221;, kaltinis ner\u016bdijantis plienas"},"content":{"rendered":"<p>JUMIS &#8211; \u0160ULINIO \u017dENKLAS &#8211; U\u0160IN\u0160AS &#8211; MARA KRY\u017dIUS &#8211; PERK\u016aNO KRY\u017dIUS &#8211; AUSTRA MEDIS &#8211; AUSEKLIS &#8211; ADDER<\/p>\n<p>Peilio specifikacijos: LACHPLESIS-4&#8221; (Loki\u0173 \u017eudikas)<br \/>\nPlienas: kaltinis ner\u016bdijantis plienas 65H13<br \/>\nKietumas: 57-58 HRC<br \/>\nGele\u017et\u0117s ilgis (mm): Atsparumas (mm): 125 \/ 4,92 colio<br \/>\nGele\u017et\u0117s storis (mm): (mm): 3 \/0,07 colio<br \/>\nA\u0161men\u0173 plotis (mm): 35 \/1,37 colio<br \/>\nRankena: Afrikieti\u0161ka Zebrano mediena<br \/>\nBendras ilgis (mm): 253 \/ 9,96<\/p>\n<p>12C27 plienas yra Sandvik \u0161eimos dalis. Tai \u017eemos kokyb\u0117s auk\u0161tos kokyb\u0117s chromuotas plienas, kuris yra labai populiarus peili\u0173 pramon\u0117je d\u0117l savo puikaus atsparumo dilimui, atsparumo korozijai ir didelio kietumo, t. y. pagrindini\u0173 savybi\u0173, d\u0117l kuri\u0173 peili\u0173 plienas yra idealus.<\/p>\n<p>Be to, 12C27 plienas a\u0161tr\u0117ja palyginti greitai, prie\u0161ingai nei kiti didelio chromo turintys plienai, kurie d\u0117l atspari\u0173 chromo karbid\u0173 a\u0161tr\u0117ja ilgai. Sandvik 12C27 plienas da\u017eniausiai naudojamas med\u017eiokliniams peiliams, ki\u0161eniniams peiliams, \u017evejybos peiliams, stovyklavimo peiliams, taktiniams peiliams, \u010diuo\u017eykl\u0173 a\u0161menims ir ledo gr\u0105\u017etams gaminti.<\/p>\n<p>D\u0117l didelio chromo kiekio 12C27 plienas yra atsparus korozijai ir r\u016bdims. Be to, kadangi jis pagamintas i\u0161 ner\u016bdijan\u010dio plieno, yra atsparus d\u0117m\u0117ms.<\/p>\n<p>Ta\u010diau negalite tik\u0117tis, kad \u0161is plieninis peilis vandenyje i\u0161liks ner\u016bdijantis kelias dienas. Jei norite, kad \u0161io plieno a\u0161menys tarnaut\u0173 de\u0161imtme\u010dius, po kiekvieno naudojimo arba jei planuojate juos laikyti ilgesn\u012f laik\u0105, juos reik\u0117t\u0173 i\u0161d\u017eiovinti ir sutepti aliejumi.<\/p>\n","protected":false},"excerpt":{"rendered":"<p>JUMIS &#8211; \u0160ULINIO \u017dENKLAS &#8211; U\u0160IN\u0160AS &#8211; MARA KRY\u017dIUS &#8211; PERK\u016aNO KRY\u017dIUS &#8211; AUSTRA MEDIS &#8211; AUSEKLIS &#8211; ADDER Peilio specifikacijos: LACHPLESIS-4&#8221; (Loki\u0173 \u017eudikas) Plienas: kaltinis ner\u016bdijantis plienas 65H13 Kietumas: 57-58 HRC Gele\u017et\u0117s ilgis (mm): Atsparumas (mm): 125 \/ 4,92 colio Gele\u017et\u0117s storis (mm): (mm): 3 \/0,07 colio A\u0161men\u0173 plotis (mm): 35 \/1,37 colio Rankena: Afrikieti\u0161ka Zebrano mediena Bendras ilgis (mm): 253 \/ 9,96 12C27 plienas yra Sandvik \u0161eimos dalis. Tai \u017eemos kokyb\u0117s auk\u0161tos kokyb\u0117s chromuotas plienas, kuris yra labai populiarus peili\u0173 pramon\u0117je d\u0117l savo puikaus atsparumo dilimui, atsparumo korozijai ir didelio kietumo, t. y. pagrindini\u0173 savybi\u0173, d\u0117l kuri\u0173 peili\u0173&hellip;<\/p>\n","protected":false},"featured_media":67532,"template":"","meta":{"_themeisle_gutenberg_block_has_review":false},"product_brand":[],"product_cat":[391,381,386,385],"product_tag":[],"class_list":{"0":"post-50993","1":"product","2":"type-product","3":"status-publish","4":"has-post-thumbnail","6":"product_cat-latvijos-galios-peiliai","7":"product_cat-lauko-peiliai","8":"product_cat-medziokliniai-peiliai","9":"product_cat-zvejybos-peiliai","11":"first","12":"instock","13":"shipping-taxable","14":"purchasable","15":"product-type-simple"},"yoast_head":"<!-- This site is optimized with the Yoast SEO plugin v27.5 - https:\/\/yoast.com\/product\/yoast-seo-wordpress\/ -->\n<title>Latvijos elektrinis peilis &#039;&#039;LACHPLESIS-4&#039;&#039;, kaltinis ner\u016bdijantis plienas - AAKnives<\/title>\n<meta name=\"description\" content=\"Latvijos elektrinis peilis &#039;&#039;LACHPLESIS-4&#039;&#039;, kaltinis ner\u016bdijantis plienas\" \/>\n<meta name=\"robots\" content=\"index, follow, max-snippet:-1, max-image-preview:large, max-video-preview:-1\" \/>\n<link rel=\"canonical\" href=\"https:\/\/aaknives.eu\/lt\/product\/latvijos-elektrinis-peilis-lachplesis-4-kaltinis-nerudijantis-plienas\/\" \/>\n<meta property=\"og:locale\" content=\"lt_LT\" \/>\n<meta property=\"og:type\" content=\"article\" \/>\n<meta property=\"og:title\" content=\"Latvijos elektrinis peilis &#039;&#039;LACHPLESIS-4&#039;&#039;, kaltinis ner\u016bdijantis plienas - AAKnives\" \/>\n<meta property=\"og:description\" content=\"Latvijos elektrinis peilis &#039;&#039;LACHPLESIS-4&#039;&#039;, kaltinis ner\u016bdijantis plienas\" \/>\n<meta property=\"og:url\" content=\"https:\/\/aaknives.eu\/lt\/product\/latvijos-elektrinis-peilis-lachplesis-4-kaltinis-nerudijantis-plienas\/\" \/>\n<meta property=\"og:site_name\" content=\"AAKnives\" \/>\n<meta property=\"article:publisher\" content=\"https:\/\/www.facebook.com\/aaknives.eu\/\" \/>\n<meta property=\"article:modified_time\" content=\"2025-09-01T09:46:08+00:00\" \/>\n<meta property=\"og:image\" content=\"https:\/\/aaknives.eu\/wp-content\/uploads\/2021\/09\/aaknives-hand-forged-dabascus-steel-blade-knife-handmade-custom-made-knife-handcrafted-knives-autinetools-northmen-27.3-2.jpg\" \/>\n\t<meta property=\"og:image:width\" content=\"1020\" \/>\n\t<meta property=\"og:image:height\" content=\"880\" \/>\n\t<meta property=\"og:image:type\" content=\"image\/jpeg\" \/>\n<meta name=\"twitter:card\" content=\"summary_large_image\" \/>\n<meta name=\"twitter:label1\" content=\"Est. reading time\" \/>\n\t<meta name=\"twitter:data1\" content=\"1 minut\u0117\" \/>\n<script type=\"application\/ld+json\" class=\"yoast-schema-graph\">{\"@context\":\"https:\\\/\\\/schema.org\",\"@graph\":[{\"@type\":\"WebPage\",\"@id\":\"https:\\\/\\\/aaknives.eu\\\/lt\\\/product\\\/latvijos-elektrinis-peilis-lachplesis-4-kaltinis-nerudijantis-plienas\\\/\",\"url\":\"https:\\\/\\\/aaknives.eu\\\/lt\\\/product\\\/latvijos-elektrinis-peilis-lachplesis-4-kaltinis-nerudijantis-plienas\\\/\",\"name\":\"Latvijos elektrinis peilis ''LACHPLESIS-4'', kaltinis ner\u016bdijantis plienas - AAKnives\",\"isPartOf\":{\"@id\":\"https:\\\/\\\/aaknives.eu\\\/lt\\\/#website\"},\"primaryImageOfPage\":{\"@id\":\"https:\\\/\\\/aaknives.eu\\\/lt\\\/product\\\/latvijos-elektrinis-peilis-lachplesis-4-kaltinis-nerudijantis-plienas\\\/#primaryimage\"},\"image\":{\"@id\":\"https:\\\/\\\/aaknives.eu\\\/lt\\\/product\\\/latvijos-elektrinis-peilis-lachplesis-4-kaltinis-nerudijantis-plienas\\\/#primaryimage\"},\"thumbnailUrl\":\"https:\\\/\\\/aaknives.eu\\\/wp-content\\\/uploads\\\/2021\\\/09\\\/aaknives-hand-forged-dabascus-steel-blade-knife-handmade-custom-made-knife-handcrafted-knives-autinetools-northmen-27.3-2.jpg\",\"datePublished\":\"2021-09-20T20:25:35+00:00\",\"dateModified\":\"2025-09-01T09:46:08+00:00\",\"description\":\"Latvijos elektrinis peilis ''LACHPLESIS-4'', kaltinis ner\u016bdijantis plienas\",\"breadcrumb\":{\"@id\":\"https:\\\/\\\/aaknives.eu\\\/lt\\\/product\\\/latvijos-elektrinis-peilis-lachplesis-4-kaltinis-nerudijantis-plienas\\\/#breadcrumb\"},\"inLanguage\":\"lt-LT\",\"potentialAction\":[{\"@type\":\"ReadAction\",\"target\":[\"https:\\\/\\\/aaknives.eu\\\/lt\\\/product\\\/latvijos-elektrinis-peilis-lachplesis-4-kaltinis-nerudijantis-plienas\\\/\"]}]},{\"@type\":\"ImageObject\",\"inLanguage\":\"lt-LT\",\"@id\":\"https:\\\/\\\/aaknives.eu\\\/lt\\\/product\\\/latvijos-elektrinis-peilis-lachplesis-4-kaltinis-nerudijantis-plienas\\\/#primaryimage\",\"url\":\"https:\\\/\\\/aaknives.eu\\\/wp-content\\\/uploads\\\/2021\\\/09\\\/aaknives-hand-forged-dabascus-steel-blade-knife-handmade-custom-made-knife-handcrafted-knives-autinetools-northmen-27.3-2.jpg\",\"contentUrl\":\"https:\\\/\\\/aaknives.eu\\\/wp-content\\\/uploads\\\/2021\\\/09\\\/aaknives-hand-forged-dabascus-steel-blade-knife-handmade-custom-made-knife-handcrafted-knives-autinetools-northmen-27.3-2.jpg\",\"width\":1020,\"height\":880},{\"@type\":\"BreadcrumbList\",\"@id\":\"https:\\\/\\\/aaknives.eu\\\/lt\\\/product\\\/latvijos-elektrinis-peilis-lachplesis-4-kaltinis-nerudijantis-plienas\\\/#breadcrumb\",\"itemListElement\":[{\"@type\":\"ListItem\",\"position\":1,\"name\":\"Home\",\"item\":\"https:\\\/\\\/aaknives.eu\\\/lt\\\/\"},{\"@type\":\"ListItem\",\"position\":2,\"name\":\"Parduotuv\u0117\",\"item\":\"https:\\\/\\\/aaknives.eu\\\/parduotuve\\\/\"},{\"@type\":\"ListItem\",\"position\":3,\"name\":\"Latvijos elektrinis peilis &#8221;LACHPLESIS-4&#8221;, kaltinis ner\u016bdijantis plienas\"}]},{\"@type\":\"WebSite\",\"@id\":\"https:\\\/\\\/aaknives.eu\\\/lt\\\/#website\",\"url\":\"https:\\\/\\\/aaknives.eu\\\/lt\\\/\",\"name\":\"AAKnives\",\"description\":\"Handmade knives\",\"publisher\":{\"@id\":\"https:\\\/\\\/aaknives.eu\\\/lt\\\/#organization\"},\"potentialAction\":[{\"@type\":\"SearchAction\",\"target\":{\"@type\":\"EntryPoint\",\"urlTemplate\":\"https:\\\/\\\/aaknives.eu\\\/lt\\\/?s={search_term_string}\"},\"query-input\":{\"@type\":\"PropertyValueSpecification\",\"valueRequired\":true,\"valueName\":\"search_term_string\"}}],\"inLanguage\":\"lt-LT\"},{\"@type\":\"Organization\",\"@id\":\"https:\\\/\\\/aaknives.eu\\\/lt\\\/#organization\",\"name\":\"AAKnives\",\"url\":\"https:\\\/\\\/aaknives.eu\\\/lt\\\/\",\"logo\":{\"@type\":\"ImageObject\",\"inLanguage\":\"lt-LT\",\"@id\":\"https:\\\/\\\/aaknives.eu\\\/lt\\\/#\\\/schema\\\/logo\\\/image\\\/\",\"url\":\"https:\\\/\\\/aaknives.eu\\\/wp-content\\\/uploads\\\/2021\\\/10\\\/AAknives_Logo_Green.png\",\"contentUrl\":\"https:\\\/\\\/aaknives.eu\\\/wp-content\\\/uploads\\\/2021\\\/10\\\/AAknives_Logo_Green.png\",\"width\":1768,\"height\":1768,\"caption\":\"AAKnives\"},\"image\":{\"@id\":\"https:\\\/\\\/aaknives.eu\\\/lt\\\/#\\\/schema\\\/logo\\\/image\\\/\"},\"sameAs\":[\"https:\\\/\\\/www.facebook.com\\\/aaknives.eu\\\/\",\"https:\\\/\\\/www.instagram.com\\\/aaknives\\\/\",\"https:\\\/\\\/www.pinterest.com\\\/aa_knives\\\/\",\"https:\\\/\\\/www.youtube.com\\\/channel\\\/UCHOQFjrOkgT6s4FIw9LDKyw\\\/featured\"]}]}<\/script>\n<!-- \/ Yoast SEO plugin. -->","yoast_head_json":{"title":"Latvijos elektrinis peilis ''LACHPLESIS-4'', kaltinis ner\u016bdijantis plienas - AAKnives","description":"Latvijos elektrinis peilis ''LACHPLESIS-4'', kaltinis ner\u016bdijantis plienas","robots":{"index":"index","follow":"follow","max-snippet":"max-snippet:-1","max-image-preview":"max-image-preview:large","max-video-preview":"max-video-preview:-1"},"canonical":"https:\/\/aaknives.eu\/lt\/product\/latvijos-elektrinis-peilis-lachplesis-4-kaltinis-nerudijantis-plienas\/","og_locale":"lt_LT","og_type":"article","og_title":"Latvijos elektrinis peilis ''LACHPLESIS-4'', kaltinis ner\u016bdijantis plienas - AAKnives","og_description":"Latvijos elektrinis peilis ''LACHPLESIS-4'', kaltinis ner\u016bdijantis plienas","og_url":"https:\/\/aaknives.eu\/lt\/product\/latvijos-elektrinis-peilis-lachplesis-4-kaltinis-nerudijantis-plienas\/","og_site_name":"AAKnives","article_publisher":"https:\/\/www.facebook.com\/aaknives.eu\/","article_modified_time":"2025-09-01T09:46:08+00:00","og_image":[{"width":1020,"height":880,"url":"https:\/\/aaknives.eu\/wp-content\/uploads\/2021\/09\/aaknives-hand-forged-dabascus-steel-blade-knife-handmade-custom-made-knife-handcrafted-knives-autinetools-northmen-27.3-2.jpg","type":"image\/jpeg"}],"twitter_card":"summary_large_image","twitter_misc":{"Est. reading time":"1 minut\u0117"},"schema":{"@context":"https:\/\/schema.org","@graph":[{"@type":"WebPage","@id":"https:\/\/aaknives.eu\/lt\/product\/latvijos-elektrinis-peilis-lachplesis-4-kaltinis-nerudijantis-plienas\/","url":"https:\/\/aaknives.eu\/lt\/product\/latvijos-elektrinis-peilis-lachplesis-4-kaltinis-nerudijantis-plienas\/","name":"Latvijos elektrinis peilis ''LACHPLESIS-4'', kaltinis ner\u016bdijantis plienas - AAKnives","isPartOf":{"@id":"https:\/\/aaknives.eu\/lt\/#website"},"primaryImageOfPage":{"@id":"https:\/\/aaknives.eu\/lt\/product\/latvijos-elektrinis-peilis-lachplesis-4-kaltinis-nerudijantis-plienas\/#primaryimage"},"image":{"@id":"https:\/\/aaknives.eu\/lt\/product\/latvijos-elektrinis-peilis-lachplesis-4-kaltinis-nerudijantis-plienas\/#primaryimage"},"thumbnailUrl":"https:\/\/aaknives.eu\/wp-content\/uploads\/2021\/09\/aaknives-hand-forged-dabascus-steel-blade-knife-handmade-custom-made-knife-handcrafted-knives-autinetools-northmen-27.3-2.jpg","datePublished":"2021-09-20T20:25:35+00:00","dateModified":"2025-09-01T09:46:08+00:00","description":"Latvijos elektrinis peilis ''LACHPLESIS-4'', kaltinis ner\u016bdijantis plienas","breadcrumb":{"@id":"https:\/\/aaknives.eu\/lt\/product\/latvijos-elektrinis-peilis-lachplesis-4-kaltinis-nerudijantis-plienas\/#breadcrumb"},"inLanguage":"lt-LT","potentialAction":[{"@type":"ReadAction","target":["https:\/\/aaknives.eu\/lt\/product\/latvijos-elektrinis-peilis-lachplesis-4-kaltinis-nerudijantis-plienas\/"]}]},{"@type":"ImageObject","inLanguage":"lt-LT","@id":"https:\/\/aaknives.eu\/lt\/product\/latvijos-elektrinis-peilis-lachplesis-4-kaltinis-nerudijantis-plienas\/#primaryimage","url":"https:\/\/aaknives.eu\/wp-content\/uploads\/2021\/09\/aaknives-hand-forged-dabascus-steel-blade-knife-handmade-custom-made-knife-handcrafted-knives-autinetools-northmen-27.3-2.jpg","contentUrl":"https:\/\/aaknives.eu\/wp-content\/uploads\/2021\/09\/aaknives-hand-forged-dabascus-steel-blade-knife-handmade-custom-made-knife-handcrafted-knives-autinetools-northmen-27.3-2.jpg","width":1020,"height":880},{"@type":"BreadcrumbList","@id":"https:\/\/aaknives.eu\/lt\/product\/latvijos-elektrinis-peilis-lachplesis-4-kaltinis-nerudijantis-plienas\/#breadcrumb","itemListElement":[{"@type":"ListItem","position":1,"name":"Home","item":"https:\/\/aaknives.eu\/lt\/"},{"@type":"ListItem","position":2,"name":"Parduotuv\u0117","item":"https:\/\/aaknives.eu\/parduotuve\/"},{"@type":"ListItem","position":3,"name":"Latvijos elektrinis peilis &#8221;LACHPLESIS-4&#8221;, kaltinis ner\u016bdijantis plienas"}]},{"@type":"WebSite","@id":"https:\/\/aaknives.eu\/lt\/#website","url":"https:\/\/aaknives.eu\/lt\/","name":"AAKnives","description":"Handmade knives","publisher":{"@id":"https:\/\/aaknives.eu\/lt\/#organization"},"potentialAction":[{"@type":"SearchAction","target":{"@type":"EntryPoint","urlTemplate":"https:\/\/aaknives.eu\/lt\/?s={search_term_string}"},"query-input":{"@type":"PropertyValueSpecification","valueRequired":true,"valueName":"search_term_string"}}],"inLanguage":"lt-LT"},{"@type":"Organization","@id":"https:\/\/aaknives.eu\/lt\/#organization","name":"AAKnives","url":"https:\/\/aaknives.eu\/lt\/","logo":{"@type":"ImageObject","inLanguage":"lt-LT","@id":"https:\/\/aaknives.eu\/lt\/#\/schema\/logo\/image\/","url":"https:\/\/aaknives.eu\/wp-content\/uploads\/2021\/10\/AAknives_Logo_Green.png","contentUrl":"https:\/\/aaknives.eu\/wp-content\/uploads\/2021\/10\/AAknives_Logo_Green.png","width":1768,"height":1768,"caption":"AAKnives"},"image":{"@id":"https:\/\/aaknives.eu\/lt\/#\/schema\/logo\/image\/"},"sameAs":["https:\/\/www.facebook.com\/aaknives.eu\/","https:\/\/www.instagram.com\/aaknives\/","https:\/\/www.pinterest.com\/aa_knives\/","https:\/\/www.youtube.com\/channel\/UCHOQFjrOkgT6s4FIw9LDKyw\/featured"]}]}},"_links":{"self":[{"href":"https:\/\/aaknives.eu\/lt\/wp-json\/wp\/v2\/product\/50993","targetHints":{"allow":["GET"]}}],"collection":[{"href":"https:\/\/aaknives.eu\/lt\/wp-json\/wp\/v2\/product"}],"about":[{"href":"https:\/\/aaknives.eu\/lt\/wp-json\/wp\/v2\/types\/product"}],"wp:featuredmedia":[{"embeddable":true,"href":"https:\/\/aaknives.eu\/lt\/wp-json\/wp\/v2\/media\/67532"}],"wp:attachment":[{"href":"https:\/\/aaknives.eu\/lt\/wp-json\/wp\/v2\/media?parent=50993"}],"wp:term":[{"taxonomy":"product_brand","embeddable":true,"href":"https:\/\/aaknives.eu\/lt\/wp-json\/wp\/v2\/product_brand?post=50993"},{"taxonomy":"product_cat","embeddable":true,"href":"https:\/\/aaknives.eu\/lt\/wp-json\/wp\/v2\/product_cat?post=50993"},{"taxonomy":"product_tag","embeddable":true,"href":"https:\/\/aaknives.eu\/lt\/wp-json\/wp\/v2\/product_tag?post=50993"}],"curies":[{"name":"wp","href":"https:\/\/api.w.org\/{rel}","templated":true}]}}