{"id":51218,"date":"2021-09-20T20:23:38","date_gmt":"2021-09-20T20:23:38","guid":{"rendered":"https:\/\/aaknives.eu\/product\/peilis-highlander-rankomis-kaltas-svedisko-plieno-uddeholm-elmax-superclean\/"},"modified":"2026-04-29T17:44:43","modified_gmt":"2026-04-29T17:44:43","slug":"peilis-finka-rankomis-kaltas-svediskas-uddeholm-elmax-superclean-plienas","status":"publish","type":"product","link":"https:\/\/aaknives.eu\/lt\/product\/peilis-finka-rankomis-kaltas-svediskas-uddeholm-elmax-superclean-plienas\/","title":{"rendered":"Peilis \u201eFINKA\u201c \u2013 rankomis kaltas \u0161vedi\u0161kas Uddeholm \u201eElmax\u201c SuperClean plienas"},"content":{"rendered":"<p>Peilio specifikacijos: FINKA<br \/>\nPlienas: \u0161vedi\u0161kas Uddeholm \u201eElmax\u201c SuperClean plienas<br \/>\nKietumas: 60 HRC<br \/>\nGele\u017et\u0117s ilgis (mm): 125 \/ 4,92 colio<br \/>\nGele\u017et\u0117s storis (mm): 2 \/ 0,07 colio<br \/>\nGele\u017et\u0117s plotis (mm): 22 \/ 0,86 colio<br \/>\nRankena: stabilizuota Karelijos ber\u017eo mediena<br \/>\nBendras ilgis (mm): 237 \/ 9,33 colio<\/p>\n<p>&#8220;Elmax&#8221; yra vienas i\u0161 labiausiai paplitusi\u0173 miltelini\u0173 plien\u0173. Tod\u0117l, norint apytiksliai suprasti, kokius stebuklus sugeba daryti &#8220;miltelinis&#8221; peilis, pakaks i\u0161nagrin\u0117ti &#8220;Elmax&#8221; plieno savybes. Pagrindinis veiksnys, turintis \u012ftakos bet kurio plieno, taigi ir i\u0161 jo pagaminto peilio, savyb\u0117ms, yra ligat\u016bra. Plieno sud\u0117tyje esantys cheminiai elementai suteikia jam tam tikr\u0173 savybi\u0173 &#8211; stiprumo, atsparumo korozijai, atsparumo sm\u016bgiams, atsparumo pjovimo briaunoms ir pan. Elmax plienas pasi\u017eymi tokia sud\u0117timi: Tai leid\u017eia priskirti plien\u0105 didel\u0117s anglies kategorijai ir suteikia jam didesn\u012f kietum\u0105 bei stiprum\u0105. 18 % chromo, kuris suteikia i\u0161skirtin\u012f atsparum\u0105 korozijai ir padidina plieno stiprum\u0105, taip pat tvirtum\u0105 ir elastingum\u0105. 3 % vanad\u017eio, kuris pagerina plieno strukt\u016br\u0105, padaro j\u012f tankesn\u012f, suteikia jam kietumo ir tvirtumo. 1 % molibdeno, kuris \u0161iek tiek padidina atsparum\u0105 korozijai, taip pat stiprumo savybes, \u012fskaitant elastingum\u0105. 0,3 % mangano, kuris taip pat teigiamai veikia plieno stiprum\u0105, atsparum\u0105 dilimui ir kietum\u0105, ta\u010diau nesuma\u017eina plasti\u0161kumo.<\/p>\n<p>&#8220;Elmax&#8221; peiliai n\u0117ra link\u0119 \u012f korozij\u0105, ir beveik visi\u0161kai. \u0160io plieno a\u0161menys labai atspar\u016bs \u0161onin\u0117ms apkrovoms ir lenkimui. Miltelinio plieno vidin\u0117 strukt\u016bra yra beveik tobula. Visi\u0161kas apsivalymas nuo kenksming\u0173 priemai\u0161\u0173. Puikiai i\u0161laiko briaun\u0105 ir palyginti lengvai galandamas naudojant gerus galandinimo akmenis. Plienas yra gerai nupoliruotas ir lygiai nupoliruotas, nesimato ra\u0161to. Galima i\u0161gauti visi\u0161kai veidrodin\u012f pavir\u0161i\u0173.<\/p>\n<p>Apibendrinant galima daryti i\u0161vad\u0105, kad &#8220;Elmax&#8221; plienas pagr\u012fstai pripa\u017eintas vienu geriausi\u0173 peili\u0173 plien\u0173 \u0161iandien. Jei jau seniai galvojate, ar imti peil\u012f i\u0161 \u0161ios med\u017eiagos, at\u0117jo laikas apsispr\u0119sti. Jis tarnaus jums ilgai ir i\u0161tikimai.<\/p>\n","protected":false},"excerpt":{"rendered":"<p>ELMAX ner\u016bdijantis miltelinis \u012frankinis legiruotasis plienas gaminamas \u0160vedijoje. Gamintojas yra UDDEHOLM. &#8220;Elmax&#8221; plieno peiliai populiar\u016bs visame pasaulyje. &#8220;Elmax&#8221; plienas labai atsparus dilimui, d\u0117l didelio chromo, vanad\u017eio, molibdeno kiekio yra atsparus korozijai. Itin kietas pjovimo kra\u0161tas. Kietumas 62 vienetai pagal Rokvelo skal\u0119. Geresnis plasti\u0161kumas (atsparumas l\u016b\u017eiams). I\u0161 ELMAX plieno pagamintus a\u0161menis galima poliruoti, tod\u0117l j\u0173 pavir\u0161ius tampa veidrodinis.<\/p>\n","protected":false},"featured_media":109830,"template":"","meta":{"_themeisle_gutenberg_block_has_review":false},"product_brand":[],"product_cat":[381,386,385],"product_tag":[],"class_list":{"0":"post-51218","1":"product","2":"type-product","3":"status-publish","4":"has-post-thumbnail","6":"product_cat-lauko-peiliai","7":"product_cat-medziokliniai-peiliai","8":"product_cat-zvejybos-peiliai","10":"first","11":"instock","12":"shipping-taxable","13":"purchasable","14":"product-type-simple"},"yoast_head":"<!-- This site is optimized with the Yoast SEO plugin v27.5 - https:\/\/yoast.com\/product\/yoast-seo-wordpress\/ -->\n<title>Peilis \u201eFINKA\u201c \u2013 rankomis kaltas \u0161vedi\u0161kas Uddeholm \u201eElmax\u201c SuperClean plienas - AAKnives<\/title>\n<meta name=\"description\" content=\"\u201eElmax\u201c yra vienas i\u0161 labiausiai paplitusi\u0173 miltelini\u0173 plien\u0173. Tod\u0117l norint apytiksliai suprasti, kokius stebuklus gali \u201emiltelinis\u201c peilis, pakaks i\u0161studijuoti \u201eElmax\u201c plieno savybes.\" \/>\n<meta name=\"robots\" content=\"index, follow, max-snippet:-1, max-image-preview:large, max-video-preview:-1\" \/>\n<link rel=\"canonical\" href=\"https:\/\/aaknives.eu\/lt\/product\/peilis-finka-rankomis-kaltas-svediskas-uddeholm-elmax-superclean-plienas\/\" \/>\n<meta property=\"og:locale\" content=\"lt_LT\" \/>\n<meta property=\"og:type\" content=\"article\" \/>\n<meta property=\"og:title\" content=\"Peilis \u201eFINKA\u201c \u2013 rankomis kaltas \u0161vedi\u0161kas Uddeholm \u201eElmax\u201c SuperClean plienas - AAKnives\" \/>\n<meta property=\"og:description\" content=\"\u201eElmax\u201c yra vienas i\u0161 labiausiai paplitusi\u0173 miltelini\u0173 plien\u0173. Tod\u0117l norint apytiksliai suprasti, kokius stebuklus gali \u201emiltelinis\u201c peilis, pakaks i\u0161studijuoti \u201eElmax\u201c plieno savybes.\" \/>\n<meta property=\"og:url\" content=\"https:\/\/aaknives.eu\/lt\/product\/peilis-finka-rankomis-kaltas-svediskas-uddeholm-elmax-superclean-plienas\/\" \/>\n<meta property=\"og:site_name\" content=\"AAKnives\" \/>\n<meta property=\"article:publisher\" content=\"https:\/\/www.facebook.com\/aaknives.eu\/\" \/>\n<meta property=\"article:modified_time\" content=\"2026-04-29T17:44:43+00:00\" \/>\n<meta property=\"og:image\" content=\"https:\/\/aaknives.eu\/wp-content\/uploads\/2021\/09\/aaknives-hand-forged-damascus-steel-blade-knife-handmade-custom-made-knife-handcrafted-knives-autinetools-northmen-123.jpg\" \/>\n\t<meta property=\"og:image:width\" content=\"1020\" \/>\n\t<meta property=\"og:image:height\" content=\"880\" \/>\n\t<meta property=\"og:image:type\" content=\"image\/jpeg\" \/>\n<meta name=\"twitter:card\" content=\"summary_large_image\" \/>\n<meta name=\"twitter:label1\" content=\"Est. reading time\" \/>\n\t<meta name=\"twitter:data1\" content=\"1 minut\u0117\" \/>\n<script type=\"application\/ld+json\" class=\"yoast-schema-graph\">{\"@context\":\"https:\\\/\\\/schema.org\",\"@graph\":[{\"@type\":\"WebPage\",\"@id\":\"https:\\\/\\\/aaknives.eu\\\/lt\\\/product\\\/peilis-finka-rankomis-kaltas-svediskas-uddeholm-elmax-superclean-plienas\\\/\",\"url\":\"https:\\\/\\\/aaknives.eu\\\/lt\\\/product\\\/peilis-finka-rankomis-kaltas-svediskas-uddeholm-elmax-superclean-plienas\\\/\",\"name\":\"Peilis \u201eFINKA\u201c \u2013 rankomis kaltas \u0161vedi\u0161kas Uddeholm \u201eElmax\u201c SuperClean plienas - AAKnives\",\"isPartOf\":{\"@id\":\"https:\\\/\\\/aaknives.eu\\\/lt\\\/#website\"},\"primaryImageOfPage\":{\"@id\":\"https:\\\/\\\/aaknives.eu\\\/lt\\\/product\\\/peilis-finka-rankomis-kaltas-svediskas-uddeholm-elmax-superclean-plienas\\\/#primaryimage\"},\"image\":{\"@id\":\"https:\\\/\\\/aaknives.eu\\\/lt\\\/product\\\/peilis-finka-rankomis-kaltas-svediskas-uddeholm-elmax-superclean-plienas\\\/#primaryimage\"},\"thumbnailUrl\":\"https:\\\/\\\/aaknives.eu\\\/wp-content\\\/uploads\\\/2021\\\/09\\\/aaknives-hand-forged-damascus-steel-blade-knife-handmade-custom-made-knife-handcrafted-knives-autinetools-northmen-123.jpg\",\"datePublished\":\"2021-09-20T20:23:38+00:00\",\"dateModified\":\"2026-04-29T17:44:43+00:00\",\"description\":\"\u201eElmax\u201c yra vienas i\u0161 labiausiai paplitusi\u0173 miltelini\u0173 plien\u0173. Tod\u0117l norint apytiksliai suprasti, kokius stebuklus gali \u201emiltelinis\u201c peilis, pakaks i\u0161studijuoti \u201eElmax\u201c plieno savybes.\",\"breadcrumb\":{\"@id\":\"https:\\\/\\\/aaknives.eu\\\/lt\\\/product\\\/peilis-finka-rankomis-kaltas-svediskas-uddeholm-elmax-superclean-plienas\\\/#breadcrumb\"},\"inLanguage\":\"lt-LT\",\"potentialAction\":[{\"@type\":\"ReadAction\",\"target\":[\"https:\\\/\\\/aaknives.eu\\\/lt\\\/product\\\/peilis-finka-rankomis-kaltas-svediskas-uddeholm-elmax-superclean-plienas\\\/\"]}]},{\"@type\":\"ImageObject\",\"inLanguage\":\"lt-LT\",\"@id\":\"https:\\\/\\\/aaknives.eu\\\/lt\\\/product\\\/peilis-finka-rankomis-kaltas-svediskas-uddeholm-elmax-superclean-plienas\\\/#primaryimage\",\"url\":\"https:\\\/\\\/aaknives.eu\\\/wp-content\\\/uploads\\\/2021\\\/09\\\/aaknives-hand-forged-damascus-steel-blade-knife-handmade-custom-made-knife-handcrafted-knives-autinetools-northmen-123.jpg\",\"contentUrl\":\"https:\\\/\\\/aaknives.eu\\\/wp-content\\\/uploads\\\/2021\\\/09\\\/aaknives-hand-forged-damascus-steel-blade-knife-handmade-custom-made-knife-handcrafted-knives-autinetools-northmen-123.jpg\",\"width\":1020,\"height\":880},{\"@type\":\"BreadcrumbList\",\"@id\":\"https:\\\/\\\/aaknives.eu\\\/lt\\\/product\\\/peilis-finka-rankomis-kaltas-svediskas-uddeholm-elmax-superclean-plienas\\\/#breadcrumb\",\"itemListElement\":[{\"@type\":\"ListItem\",\"position\":1,\"name\":\"Home\",\"item\":\"https:\\\/\\\/aaknives.eu\\\/lt\\\/\"},{\"@type\":\"ListItem\",\"position\":2,\"name\":\"Parduotuv\u0117\",\"item\":\"https:\\\/\\\/aaknives.eu\\\/parduotuve\\\/\"},{\"@type\":\"ListItem\",\"position\":3,\"name\":\"Peilis \u201eFINKA\u201c \u2013 rankomis kaltas \u0161vedi\u0161kas Uddeholm \u201eElmax\u201c SuperClean plienas\"}]},{\"@type\":\"WebSite\",\"@id\":\"https:\\\/\\\/aaknives.eu\\\/lt\\\/#website\",\"url\":\"https:\\\/\\\/aaknives.eu\\\/lt\\\/\",\"name\":\"AAKnives\",\"description\":\"Handmade knives\",\"publisher\":{\"@id\":\"https:\\\/\\\/aaknives.eu\\\/lt\\\/#organization\"},\"potentialAction\":[{\"@type\":\"SearchAction\",\"target\":{\"@type\":\"EntryPoint\",\"urlTemplate\":\"https:\\\/\\\/aaknives.eu\\\/lt\\\/?s={search_term_string}\"},\"query-input\":{\"@type\":\"PropertyValueSpecification\",\"valueRequired\":true,\"valueName\":\"search_term_string\"}}],\"inLanguage\":\"lt-LT\"},{\"@type\":\"Organization\",\"@id\":\"https:\\\/\\\/aaknives.eu\\\/lt\\\/#organization\",\"name\":\"AAKnives\",\"url\":\"https:\\\/\\\/aaknives.eu\\\/lt\\\/\",\"logo\":{\"@type\":\"ImageObject\",\"inLanguage\":\"lt-LT\",\"@id\":\"https:\\\/\\\/aaknives.eu\\\/lt\\\/#\\\/schema\\\/logo\\\/image\\\/\",\"url\":\"https:\\\/\\\/aaknives.eu\\\/wp-content\\\/uploads\\\/2021\\\/10\\\/AAknives_Logo_Green.png\",\"contentUrl\":\"https:\\\/\\\/aaknives.eu\\\/wp-content\\\/uploads\\\/2021\\\/10\\\/AAknives_Logo_Green.png\",\"width\":1768,\"height\":1768,\"caption\":\"AAKnives\"},\"image\":{\"@id\":\"https:\\\/\\\/aaknives.eu\\\/lt\\\/#\\\/schema\\\/logo\\\/image\\\/\"},\"sameAs\":[\"https:\\\/\\\/www.facebook.com\\\/aaknives.eu\\\/\",\"https:\\\/\\\/www.instagram.com\\\/aaknives\\\/\",\"https:\\\/\\\/www.pinterest.com\\\/aa_knives\\\/\",\"https:\\\/\\\/www.youtube.com\\\/channel\\\/UCHOQFjrOkgT6s4FIw9LDKyw\\\/featured\"]}]}<\/script>\n<!-- \/ Yoast SEO plugin. -->","yoast_head_json":{"title":"Peilis \u201eFINKA\u201c \u2013 rankomis kaltas \u0161vedi\u0161kas Uddeholm \u201eElmax\u201c SuperClean plienas - AAKnives","description":"\u201eElmax\u201c yra vienas i\u0161 labiausiai paplitusi\u0173 miltelini\u0173 plien\u0173. Tod\u0117l norint apytiksliai suprasti, kokius stebuklus gali \u201emiltelinis\u201c peilis, pakaks i\u0161studijuoti \u201eElmax\u201c plieno savybes.","robots":{"index":"index","follow":"follow","max-snippet":"max-snippet:-1","max-image-preview":"max-image-preview:large","max-video-preview":"max-video-preview:-1"},"canonical":"https:\/\/aaknives.eu\/lt\/product\/peilis-finka-rankomis-kaltas-svediskas-uddeholm-elmax-superclean-plienas\/","og_locale":"lt_LT","og_type":"article","og_title":"Peilis \u201eFINKA\u201c \u2013 rankomis kaltas \u0161vedi\u0161kas Uddeholm \u201eElmax\u201c SuperClean plienas - AAKnives","og_description":"\u201eElmax\u201c yra vienas i\u0161 labiausiai paplitusi\u0173 miltelini\u0173 plien\u0173. Tod\u0117l norint apytiksliai suprasti, kokius stebuklus gali \u201emiltelinis\u201c peilis, pakaks i\u0161studijuoti \u201eElmax\u201c plieno savybes.","og_url":"https:\/\/aaknives.eu\/lt\/product\/peilis-finka-rankomis-kaltas-svediskas-uddeholm-elmax-superclean-plienas\/","og_site_name":"AAKnives","article_publisher":"https:\/\/www.facebook.com\/aaknives.eu\/","article_modified_time":"2026-04-29T17:44:43+00:00","og_image":[{"width":1020,"height":880,"url":"https:\/\/aaknives.eu\/wp-content\/uploads\/2021\/09\/aaknives-hand-forged-damascus-steel-blade-knife-handmade-custom-made-knife-handcrafted-knives-autinetools-northmen-123.jpg","type":"image\/jpeg"}],"twitter_card":"summary_large_image","twitter_misc":{"Est. reading time":"1 minut\u0117"},"schema":{"@context":"https:\/\/schema.org","@graph":[{"@type":"WebPage","@id":"https:\/\/aaknives.eu\/lt\/product\/peilis-finka-rankomis-kaltas-svediskas-uddeholm-elmax-superclean-plienas\/","url":"https:\/\/aaknives.eu\/lt\/product\/peilis-finka-rankomis-kaltas-svediskas-uddeholm-elmax-superclean-plienas\/","name":"Peilis \u201eFINKA\u201c \u2013 rankomis kaltas \u0161vedi\u0161kas Uddeholm \u201eElmax\u201c SuperClean plienas - AAKnives","isPartOf":{"@id":"https:\/\/aaknives.eu\/lt\/#website"},"primaryImageOfPage":{"@id":"https:\/\/aaknives.eu\/lt\/product\/peilis-finka-rankomis-kaltas-svediskas-uddeholm-elmax-superclean-plienas\/#primaryimage"},"image":{"@id":"https:\/\/aaknives.eu\/lt\/product\/peilis-finka-rankomis-kaltas-svediskas-uddeholm-elmax-superclean-plienas\/#primaryimage"},"thumbnailUrl":"https:\/\/aaknives.eu\/wp-content\/uploads\/2021\/09\/aaknives-hand-forged-damascus-steel-blade-knife-handmade-custom-made-knife-handcrafted-knives-autinetools-northmen-123.jpg","datePublished":"2021-09-20T20:23:38+00:00","dateModified":"2026-04-29T17:44:43+00:00","description":"\u201eElmax\u201c yra vienas i\u0161 labiausiai paplitusi\u0173 miltelini\u0173 plien\u0173. Tod\u0117l norint apytiksliai suprasti, kokius stebuklus gali \u201emiltelinis\u201c peilis, pakaks i\u0161studijuoti \u201eElmax\u201c plieno savybes.","breadcrumb":{"@id":"https:\/\/aaknives.eu\/lt\/product\/peilis-finka-rankomis-kaltas-svediskas-uddeholm-elmax-superclean-plienas\/#breadcrumb"},"inLanguage":"lt-LT","potentialAction":[{"@type":"ReadAction","target":["https:\/\/aaknives.eu\/lt\/product\/peilis-finka-rankomis-kaltas-svediskas-uddeholm-elmax-superclean-plienas\/"]}]},{"@type":"ImageObject","inLanguage":"lt-LT","@id":"https:\/\/aaknives.eu\/lt\/product\/peilis-finka-rankomis-kaltas-svediskas-uddeholm-elmax-superclean-plienas\/#primaryimage","url":"https:\/\/aaknives.eu\/wp-content\/uploads\/2021\/09\/aaknives-hand-forged-damascus-steel-blade-knife-handmade-custom-made-knife-handcrafted-knives-autinetools-northmen-123.jpg","contentUrl":"https:\/\/aaknives.eu\/wp-content\/uploads\/2021\/09\/aaknives-hand-forged-damascus-steel-blade-knife-handmade-custom-made-knife-handcrafted-knives-autinetools-northmen-123.jpg","width":1020,"height":880},{"@type":"BreadcrumbList","@id":"https:\/\/aaknives.eu\/lt\/product\/peilis-finka-rankomis-kaltas-svediskas-uddeholm-elmax-superclean-plienas\/#breadcrumb","itemListElement":[{"@type":"ListItem","position":1,"name":"Home","item":"https:\/\/aaknives.eu\/lt\/"},{"@type":"ListItem","position":2,"name":"Parduotuv\u0117","item":"https:\/\/aaknives.eu\/parduotuve\/"},{"@type":"ListItem","position":3,"name":"Peilis \u201eFINKA\u201c \u2013 rankomis kaltas \u0161vedi\u0161kas Uddeholm \u201eElmax\u201c SuperClean plienas"}]},{"@type":"WebSite","@id":"https:\/\/aaknives.eu\/lt\/#website","url":"https:\/\/aaknives.eu\/lt\/","name":"AAKnives","description":"Handmade knives","publisher":{"@id":"https:\/\/aaknives.eu\/lt\/#organization"},"potentialAction":[{"@type":"SearchAction","target":{"@type":"EntryPoint","urlTemplate":"https:\/\/aaknives.eu\/lt\/?s={search_term_string}"},"query-input":{"@type":"PropertyValueSpecification","valueRequired":true,"valueName":"search_term_string"}}],"inLanguage":"lt-LT"},{"@type":"Organization","@id":"https:\/\/aaknives.eu\/lt\/#organization","name":"AAKnives","url":"https:\/\/aaknives.eu\/lt\/","logo":{"@type":"ImageObject","inLanguage":"lt-LT","@id":"https:\/\/aaknives.eu\/lt\/#\/schema\/logo\/image\/","url":"https:\/\/aaknives.eu\/wp-content\/uploads\/2021\/10\/AAknives_Logo_Green.png","contentUrl":"https:\/\/aaknives.eu\/wp-content\/uploads\/2021\/10\/AAknives_Logo_Green.png","width":1768,"height":1768,"caption":"AAKnives"},"image":{"@id":"https:\/\/aaknives.eu\/lt\/#\/schema\/logo\/image\/"},"sameAs":["https:\/\/www.facebook.com\/aaknives.eu\/","https:\/\/www.instagram.com\/aaknives\/","https:\/\/www.pinterest.com\/aa_knives\/","https:\/\/www.youtube.com\/channel\/UCHOQFjrOkgT6s4FIw9LDKyw\/featured"]}]}},"_links":{"self":[{"href":"https:\/\/aaknives.eu\/lt\/wp-json\/wp\/v2\/product\/51218","targetHints":{"allow":["GET"]}}],"collection":[{"href":"https:\/\/aaknives.eu\/lt\/wp-json\/wp\/v2\/product"}],"about":[{"href":"https:\/\/aaknives.eu\/lt\/wp-json\/wp\/v2\/types\/product"}],"wp:featuredmedia":[{"embeddable":true,"href":"https:\/\/aaknives.eu\/lt\/wp-json\/wp\/v2\/media\/109830"}],"wp:attachment":[{"href":"https:\/\/aaknives.eu\/lt\/wp-json\/wp\/v2\/media?parent=51218"}],"wp:term":[{"taxonomy":"product_brand","embeddable":true,"href":"https:\/\/aaknives.eu\/lt\/wp-json\/wp\/v2\/product_brand?post=51218"},{"taxonomy":"product_cat","embeddable":true,"href":"https:\/\/aaknives.eu\/lt\/wp-json\/wp\/v2\/product_cat?post=51218"},{"taxonomy":"product_tag","embeddable":true,"href":"https:\/\/aaknives.eu\/lt\/wp-json\/wp\/v2\/product_tag?post=51218"}],"curies":[{"name":"wp","href":"https:\/\/api.w.org\/{rel}","templated":true}]}}