{"id":51280,"date":"2021-09-20T20:21:36","date_gmt":"2021-09-20T20:21:36","guid":{"rendered":"https:\/\/aaknives.eu\/product\/peilis-highlander-ranku-darbo-peilis-kaltinis-peilis-bulat-wootz-plieno-asmenimis\/"},"modified":"2021-09-20T20:21:36","modified_gmt":"2021-09-20T20:21:36","slug":"peilis-highlander-ranku-darbo-peilis-kaltinis-peilis-bulat-wootz-plieno-asmenimis","status":"publish","type":"product","link":"https:\/\/aaknives.eu\/lt\/product\/peilis-highlander-ranku-darbo-peilis-kaltinis-peilis-bulat-wootz-plieno-asmenimis\/","title":{"rendered":"Peilis HIGHLANDER &#8211; rank\u0173 darbo peilis, kaltinis peilis Bulat-Wootz plieno a\u0161menimis"},"content":{"rendered":"<p>Peilio specifikacijos: HIGHLANDER<br \/>\nPlienas: rankomis kaltas Bulat plienas<br \/>\nKietumas: 62 HRC<br \/>\nGele\u017et\u0117s ilgis (mm): Galimyb\u0117 (mm): 120 \/ 4,72 colio<br \/>\nGele\u017et\u0117s storis (mm): (mm): 3 \/ 0,12 colio<br \/>\nA\u0161men\u0173 plotis (mm): Atsparumas (mm): 31 \/ 1,22 colio<br \/>\nRankena: stabilizuotas Karelijos ber\u017eas<br \/>\nBendras ilgis (mm): (mm): 250 \/ 9,84 colio<\/p>\n<p>Bulat &#8211; Wootz Steel<br \/>\nAnglies liejinys i\u0161 rankomis kalto plieno<br \/>\nsu specialia a\u0161men\u0173 strukt\u016bra, didelio kietumo, didesnio patvarumo ir elastingumo.<br \/>\nKiekviena Bulat plieno gele\u017et\u0117 turi savit\u0105 individual\u0173 ra\u0161t\u0105.<br \/>\n&#8220;AA knives&#8221; gamina peilius i\u0161 legiruoto tiglinio Bulat plieno, kurio pagrind\u0105 sudaro metalas H12MF ir ShH15.<\/p>\n<p>&#8220;Bulat&#8221; plieno peili\u0173 privalumai:<\/p>\n<p>Didelis kietumas<br \/>\nDidesnis patvarumas<br \/>\nElastingumas<br \/>\nIlgalaikis a\u0161trumas<br \/>\nGele\u017et\u0117s kietumas 62-64 HRC.<br \/>\nRank\u0173 darbo<\/p>\n","protected":false},"excerpt":{"rendered":"<p>Peilio specifikacijos: HIGHLANDER Plienas: rankomis kaltas Bulat plienas Kietumas: 62 HRC Gele\u017et\u0117s ilgis (mm): Galimyb\u0117 (mm): 120 \/ 4,72 colio Gele\u017et\u0117s storis (mm): (mm): 3 \/ 0,12 colio A\u0161men\u0173 plotis (mm): Atsparumas (mm): 31 \/ 1,22 colio Rankena: stabilizuotas Karelijos ber\u017eas Bendras ilgis (mm): (mm): 250 \/ 9,84 colio Bulat &#8211; Wootz Steel Anglies liejinys i\u0161 rankomis kalto plieno su specialia a\u0161men\u0173 strukt\u016bra, didelio kietumo, didesnio patvarumo ir elastingumo. Kiekviena Bulat plieno gele\u017et\u0117 turi savit\u0105 individual\u0173 ra\u0161t\u0105. &#8220;AA knives&#8221; gamina peilius i\u0161 legiruoto tiglinio Bulat plieno, kurio pagrind\u0105 sudaro metalas H12MF ir ShH15. &#8220;Bulat&#8221; plieno peili\u0173 privalumai: Didelis kietumas Didesnis&hellip;<\/p>\n","protected":false},"featured_media":46547,"template":"","meta":{"_themeisle_gutenberg_block_has_review":false},"product_brand":[],"product_cat":[381,386,385],"product_tag":[],"class_list":{"0":"post-51280","1":"product","2":"type-product","3":"status-publish","4":"has-post-thumbnail","6":"product_cat-lauko-peiliai","7":"product_cat-medziokliniai-peiliai","8":"product_cat-zvejybos-peiliai","10":"first","11":"instock","12":"shipping-taxable","13":"purchasable","14":"product-type-simple"},"yoast_head":"<!-- This site is optimized with the Yoast SEO plugin v27.3 - https:\/\/yoast.com\/product\/yoast-seo-wordpress\/ -->\n<title>Peilis HIGHLANDER - rank\u0173 darbo peilis, kaltinis peilis Bulat-Wootz plieno a\u0161menimis - AAKnives<\/title>\n<meta name=\"description\" content=\"Peilis HIGHLANDER - rank\u0173 darbo peilis, kaltinis peilis Bulat-Wootz plieno a\u0161menimis\" \/>\n<meta name=\"robots\" content=\"index, follow, max-snippet:-1, max-image-preview:large, max-video-preview:-1\" \/>\n<link rel=\"canonical\" href=\"https:\/\/aaknives.eu\/lt\/product\/peilis-highlander-ranku-darbo-peilis-kaltinis-peilis-bulat-wootz-plieno-asmenimis\/\" \/>\n<meta property=\"og:locale\" content=\"lt_LT\" \/>\n<meta property=\"og:type\" content=\"article\" \/>\n<meta property=\"og:title\" content=\"Peilis HIGHLANDER - rank\u0173 darbo peilis, kaltinis peilis Bulat-Wootz plieno a\u0161menimis - AAKnives\" \/>\n<meta property=\"og:description\" content=\"Peilis HIGHLANDER - rank\u0173 darbo peilis, kaltinis peilis Bulat-Wootz plieno a\u0161menimis\" \/>\n<meta property=\"og:url\" content=\"https:\/\/aaknives.eu\/lt\/product\/peilis-highlander-ranku-darbo-peilis-kaltinis-peilis-bulat-wootz-plieno-asmenimis\/\" \/>\n<meta property=\"og:site_name\" content=\"AAKnives\" \/>\n<meta property=\"article:publisher\" content=\"https:\/\/www.facebook.com\/aaknives.eu\/\" \/>\n<meta property=\"og:image\" content=\"https:\/\/aaknives.eu\/wp-content\/uploads\/2021\/09\/aaknives-hand-forged-dabascus-steel-blade-knife-handmade-custom-made-knife-handcrafted-knives-autinetools-northmen-20-2-21.jpg\" \/>\n\t<meta property=\"og:image:width\" content=\"1020\" \/>\n\t<meta property=\"og:image:height\" content=\"880\" \/>\n\t<meta property=\"og:image:type\" content=\"image\/jpeg\" \/>\n<meta name=\"twitter:card\" content=\"summary_large_image\" \/>\n<meta name=\"twitter:label1\" content=\"Est. reading time\" \/>\n\t<meta name=\"twitter:data1\" content=\"1 minut\u0117\" \/>\n<script type=\"application\/ld+json\" class=\"yoast-schema-graph\">{\"@context\":\"https:\\\/\\\/schema.org\",\"@graph\":[{\"@type\":\"WebPage\",\"@id\":\"https:\\\/\\\/aaknives.eu\\\/lt\\\/product\\\/peilis-highlander-ranku-darbo-peilis-kaltinis-peilis-bulat-wootz-plieno-asmenimis\\\/\",\"url\":\"https:\\\/\\\/aaknives.eu\\\/lt\\\/product\\\/peilis-highlander-ranku-darbo-peilis-kaltinis-peilis-bulat-wootz-plieno-asmenimis\\\/\",\"name\":\"Peilis HIGHLANDER - rank\u0173 darbo peilis, kaltinis peilis Bulat-Wootz plieno a\u0161menimis - AAKnives\",\"isPartOf\":{\"@id\":\"https:\\\/\\\/aaknives.eu\\\/lt\\\/#website\"},\"primaryImageOfPage\":{\"@id\":\"https:\\\/\\\/aaknives.eu\\\/lt\\\/product\\\/peilis-highlander-ranku-darbo-peilis-kaltinis-peilis-bulat-wootz-plieno-asmenimis\\\/#primaryimage\"},\"image\":{\"@id\":\"https:\\\/\\\/aaknives.eu\\\/lt\\\/product\\\/peilis-highlander-ranku-darbo-peilis-kaltinis-peilis-bulat-wootz-plieno-asmenimis\\\/#primaryimage\"},\"thumbnailUrl\":\"https:\\\/\\\/aaknives.eu\\\/wp-content\\\/uploads\\\/2021\\\/09\\\/aaknives-hand-forged-dabascus-steel-blade-knife-handmade-custom-made-knife-handcrafted-knives-autinetools-northmen-20-2-21.jpg\",\"datePublished\":\"2021-09-20T20:21:36+00:00\",\"description\":\"Peilis HIGHLANDER - rank\u0173 darbo peilis, kaltinis peilis Bulat-Wootz plieno a\u0161menimis\",\"breadcrumb\":{\"@id\":\"https:\\\/\\\/aaknives.eu\\\/lt\\\/product\\\/peilis-highlander-ranku-darbo-peilis-kaltinis-peilis-bulat-wootz-plieno-asmenimis\\\/#breadcrumb\"},\"inLanguage\":\"lt-LT\",\"potentialAction\":[{\"@type\":\"ReadAction\",\"target\":[\"https:\\\/\\\/aaknives.eu\\\/lt\\\/product\\\/peilis-highlander-ranku-darbo-peilis-kaltinis-peilis-bulat-wootz-plieno-asmenimis\\\/\"]}]},{\"@type\":\"ImageObject\",\"inLanguage\":\"lt-LT\",\"@id\":\"https:\\\/\\\/aaknives.eu\\\/lt\\\/product\\\/peilis-highlander-ranku-darbo-peilis-kaltinis-peilis-bulat-wootz-plieno-asmenimis\\\/#primaryimage\",\"url\":\"https:\\\/\\\/aaknives.eu\\\/wp-content\\\/uploads\\\/2021\\\/09\\\/aaknives-hand-forged-dabascus-steel-blade-knife-handmade-custom-made-knife-handcrafted-knives-autinetools-northmen-20-2-21.jpg\",\"contentUrl\":\"https:\\\/\\\/aaknives.eu\\\/wp-content\\\/uploads\\\/2021\\\/09\\\/aaknives-hand-forged-dabascus-steel-blade-knife-handmade-custom-made-knife-handcrafted-knives-autinetools-northmen-20-2-21.jpg\",\"width\":1020,\"height\":880,\"caption\":\"aaknives hand forged dabascus steel blade knife handmade custom made knife handcrafted knives autinetools northmen 20 2 21\"},{\"@type\":\"BreadcrumbList\",\"@id\":\"https:\\\/\\\/aaknives.eu\\\/lt\\\/product\\\/peilis-highlander-ranku-darbo-peilis-kaltinis-peilis-bulat-wootz-plieno-asmenimis\\\/#breadcrumb\",\"itemListElement\":[{\"@type\":\"ListItem\",\"position\":1,\"name\":\"Home\",\"item\":\"https:\\\/\\\/aaknives.eu\\\/lt\\\/\"},{\"@type\":\"ListItem\",\"position\":2,\"name\":\"Parduotuv\u0117\",\"item\":\"https:\\\/\\\/aaknives.eu\\\/parduotuve\\\/\"},{\"@type\":\"ListItem\",\"position\":3,\"name\":\"Peilis HIGHLANDER &#8211; rank\u0173 darbo peilis, kaltinis peilis Bulat-Wootz plieno a\u0161menimis\"}]},{\"@type\":\"WebSite\",\"@id\":\"https:\\\/\\\/aaknives.eu\\\/lt\\\/#website\",\"url\":\"https:\\\/\\\/aaknives.eu\\\/lt\\\/\",\"name\":\"AAKnives\",\"description\":\"Handmade knives\",\"publisher\":{\"@id\":\"https:\\\/\\\/aaknives.eu\\\/lt\\\/#organization\"},\"potentialAction\":[{\"@type\":\"SearchAction\",\"target\":{\"@type\":\"EntryPoint\",\"urlTemplate\":\"https:\\\/\\\/aaknives.eu\\\/lt\\\/?s={search_term_string}\"},\"query-input\":{\"@type\":\"PropertyValueSpecification\",\"valueRequired\":true,\"valueName\":\"search_term_string\"}}],\"inLanguage\":\"lt-LT\"},{\"@type\":\"Organization\",\"@id\":\"https:\\\/\\\/aaknives.eu\\\/lt\\\/#organization\",\"name\":\"AAKnives\",\"url\":\"https:\\\/\\\/aaknives.eu\\\/lt\\\/\",\"logo\":{\"@type\":\"ImageObject\",\"inLanguage\":\"lt-LT\",\"@id\":\"https:\\\/\\\/aaknives.eu\\\/lt\\\/#\\\/schema\\\/logo\\\/image\\\/\",\"url\":\"https:\\\/\\\/aaknives.eu\\\/wp-content\\\/uploads\\\/2021\\\/10\\\/AAknives_Logo_Green.png\",\"contentUrl\":\"https:\\\/\\\/aaknives.eu\\\/wp-content\\\/uploads\\\/2021\\\/10\\\/AAknives_Logo_Green.png\",\"width\":1768,\"height\":1768,\"caption\":\"AAKnives\"},\"image\":{\"@id\":\"https:\\\/\\\/aaknives.eu\\\/lt\\\/#\\\/schema\\\/logo\\\/image\\\/\"},\"sameAs\":[\"https:\\\/\\\/www.facebook.com\\\/aaknives.eu\\\/\",\"https:\\\/\\\/www.instagram.com\\\/aaknives\\\/\",\"https:\\\/\\\/www.pinterest.com\\\/aa_knives\\\/\",\"https:\\\/\\\/www.youtube.com\\\/channel\\\/UCHOQFjrOkgT6s4FIw9LDKyw\\\/featured\"]}]}<\/script>\n<!-- \/ Yoast SEO plugin. -->","yoast_head_json":{"title":"Peilis HIGHLANDER - rank\u0173 darbo peilis, kaltinis peilis Bulat-Wootz plieno a\u0161menimis - AAKnives","description":"Peilis HIGHLANDER - rank\u0173 darbo peilis, kaltinis peilis Bulat-Wootz plieno a\u0161menimis","robots":{"index":"index","follow":"follow","max-snippet":"max-snippet:-1","max-image-preview":"max-image-preview:large","max-video-preview":"max-video-preview:-1"},"canonical":"https:\/\/aaknives.eu\/lt\/product\/peilis-highlander-ranku-darbo-peilis-kaltinis-peilis-bulat-wootz-plieno-asmenimis\/","og_locale":"lt_LT","og_type":"article","og_title":"Peilis HIGHLANDER - rank\u0173 darbo peilis, kaltinis peilis Bulat-Wootz plieno a\u0161menimis - AAKnives","og_description":"Peilis HIGHLANDER - rank\u0173 darbo peilis, kaltinis peilis Bulat-Wootz plieno a\u0161menimis","og_url":"https:\/\/aaknives.eu\/lt\/product\/peilis-highlander-ranku-darbo-peilis-kaltinis-peilis-bulat-wootz-plieno-asmenimis\/","og_site_name":"AAKnives","article_publisher":"https:\/\/www.facebook.com\/aaknives.eu\/","og_image":[{"width":1020,"height":880,"url":"https:\/\/aaknives.eu\/wp-content\/uploads\/2021\/09\/aaknives-hand-forged-dabascus-steel-blade-knife-handmade-custom-made-knife-handcrafted-knives-autinetools-northmen-20-2-21.jpg","type":"image\/jpeg"}],"twitter_card":"summary_large_image","twitter_misc":{"Est. reading time":"1 minut\u0117"},"schema":{"@context":"https:\/\/schema.org","@graph":[{"@type":"WebPage","@id":"https:\/\/aaknives.eu\/lt\/product\/peilis-highlander-ranku-darbo-peilis-kaltinis-peilis-bulat-wootz-plieno-asmenimis\/","url":"https:\/\/aaknives.eu\/lt\/product\/peilis-highlander-ranku-darbo-peilis-kaltinis-peilis-bulat-wootz-plieno-asmenimis\/","name":"Peilis HIGHLANDER - rank\u0173 darbo peilis, kaltinis peilis Bulat-Wootz plieno a\u0161menimis - AAKnives","isPartOf":{"@id":"https:\/\/aaknives.eu\/lt\/#website"},"primaryImageOfPage":{"@id":"https:\/\/aaknives.eu\/lt\/product\/peilis-highlander-ranku-darbo-peilis-kaltinis-peilis-bulat-wootz-plieno-asmenimis\/#primaryimage"},"image":{"@id":"https:\/\/aaknives.eu\/lt\/product\/peilis-highlander-ranku-darbo-peilis-kaltinis-peilis-bulat-wootz-plieno-asmenimis\/#primaryimage"},"thumbnailUrl":"https:\/\/aaknives.eu\/wp-content\/uploads\/2021\/09\/aaknives-hand-forged-dabascus-steel-blade-knife-handmade-custom-made-knife-handcrafted-knives-autinetools-northmen-20-2-21.jpg","datePublished":"2021-09-20T20:21:36+00:00","description":"Peilis HIGHLANDER - rank\u0173 darbo peilis, kaltinis peilis Bulat-Wootz plieno a\u0161menimis","breadcrumb":{"@id":"https:\/\/aaknives.eu\/lt\/product\/peilis-highlander-ranku-darbo-peilis-kaltinis-peilis-bulat-wootz-plieno-asmenimis\/#breadcrumb"},"inLanguage":"lt-LT","potentialAction":[{"@type":"ReadAction","target":["https:\/\/aaknives.eu\/lt\/product\/peilis-highlander-ranku-darbo-peilis-kaltinis-peilis-bulat-wootz-plieno-asmenimis\/"]}]},{"@type":"ImageObject","inLanguage":"lt-LT","@id":"https:\/\/aaknives.eu\/lt\/product\/peilis-highlander-ranku-darbo-peilis-kaltinis-peilis-bulat-wootz-plieno-asmenimis\/#primaryimage","url":"https:\/\/aaknives.eu\/wp-content\/uploads\/2021\/09\/aaknives-hand-forged-dabascus-steel-blade-knife-handmade-custom-made-knife-handcrafted-knives-autinetools-northmen-20-2-21.jpg","contentUrl":"https:\/\/aaknives.eu\/wp-content\/uploads\/2021\/09\/aaknives-hand-forged-dabascus-steel-blade-knife-handmade-custom-made-knife-handcrafted-knives-autinetools-northmen-20-2-21.jpg","width":1020,"height":880,"caption":"aaknives hand forged dabascus steel blade knife handmade custom made knife handcrafted knives autinetools northmen 20 2 21"},{"@type":"BreadcrumbList","@id":"https:\/\/aaknives.eu\/lt\/product\/peilis-highlander-ranku-darbo-peilis-kaltinis-peilis-bulat-wootz-plieno-asmenimis\/#breadcrumb","itemListElement":[{"@type":"ListItem","position":1,"name":"Home","item":"https:\/\/aaknives.eu\/lt\/"},{"@type":"ListItem","position":2,"name":"Parduotuv\u0117","item":"https:\/\/aaknives.eu\/parduotuve\/"},{"@type":"ListItem","position":3,"name":"Peilis HIGHLANDER &#8211; rank\u0173 darbo peilis, kaltinis peilis Bulat-Wootz plieno a\u0161menimis"}]},{"@type":"WebSite","@id":"https:\/\/aaknives.eu\/lt\/#website","url":"https:\/\/aaknives.eu\/lt\/","name":"AAKnives","description":"Handmade knives","publisher":{"@id":"https:\/\/aaknives.eu\/lt\/#organization"},"potentialAction":[{"@type":"SearchAction","target":{"@type":"EntryPoint","urlTemplate":"https:\/\/aaknives.eu\/lt\/?s={search_term_string}"},"query-input":{"@type":"PropertyValueSpecification","valueRequired":true,"valueName":"search_term_string"}}],"inLanguage":"lt-LT"},{"@type":"Organization","@id":"https:\/\/aaknives.eu\/lt\/#organization","name":"AAKnives","url":"https:\/\/aaknives.eu\/lt\/","logo":{"@type":"ImageObject","inLanguage":"lt-LT","@id":"https:\/\/aaknives.eu\/lt\/#\/schema\/logo\/image\/","url":"https:\/\/aaknives.eu\/wp-content\/uploads\/2021\/10\/AAknives_Logo_Green.png","contentUrl":"https:\/\/aaknives.eu\/wp-content\/uploads\/2021\/10\/AAknives_Logo_Green.png","width":1768,"height":1768,"caption":"AAKnives"},"image":{"@id":"https:\/\/aaknives.eu\/lt\/#\/schema\/logo\/image\/"},"sameAs":["https:\/\/www.facebook.com\/aaknives.eu\/","https:\/\/www.instagram.com\/aaknives\/","https:\/\/www.pinterest.com\/aa_knives\/","https:\/\/www.youtube.com\/channel\/UCHOQFjrOkgT6s4FIw9LDKyw\/featured"]}]}},"_links":{"self":[{"href":"https:\/\/aaknives.eu\/lt\/wp-json\/wp\/v2\/product\/51280","targetHints":{"allow":["GET"]}}],"collection":[{"href":"https:\/\/aaknives.eu\/lt\/wp-json\/wp\/v2\/product"}],"about":[{"href":"https:\/\/aaknives.eu\/lt\/wp-json\/wp\/v2\/types\/product"}],"wp:featuredmedia":[{"embeddable":true,"href":"https:\/\/aaknives.eu\/lt\/wp-json\/wp\/v2\/media\/46547"}],"wp:attachment":[{"href":"https:\/\/aaknives.eu\/lt\/wp-json\/wp\/v2\/media?parent=51280"}],"wp:term":[{"taxonomy":"product_brand","embeddable":true,"href":"https:\/\/aaknives.eu\/lt\/wp-json\/wp\/v2\/product_brand?post=51280"},{"taxonomy":"product_cat","embeddable":true,"href":"https:\/\/aaknives.eu\/lt\/wp-json\/wp\/v2\/product_cat?post=51280"},{"taxonomy":"product_tag","embeddable":true,"href":"https:\/\/aaknives.eu\/lt\/wp-json\/wp\/v2\/product_tag?post=51280"}],"curies":[{"name":"wp","href":"https:\/\/api.w.org\/{rel}","templated":true}]}}