{"id":51448,"date":"2021-09-20T20:17:55","date_gmt":"2021-09-20T20:17:55","guid":{"rendered":"https:\/\/aaknives.eu\/product\/peilis-dovanu-dezute\/"},"modified":"2026-01-18T08:26:09","modified_gmt":"2026-01-18T08:26:09","slug":"peilis-dovanu-dezute","status":"publish","type":"product","link":"https:\/\/aaknives.eu\/lt\/product\/peilis-dovanu-dezute\/","title":{"rendered":"Peilis &#8211; dovan\u0173 d\u0117\u017eut\u0117!"},"content":{"rendered":"<p>Peilis &#8211; dovan\u0173 d\u0117\u017eut\u0117!<br \/>\nMed\u017eiaga: mediena<br \/>\nIlgis (mm): (mm): 330 \/ 12,90 colio<br \/>\nPlotis (mm): (mm): 93 \/ 3,66 colio<br \/>\nAuk\u0161tis (mm): (mm): 80 \/ 3,14 colio<\/p>\n<p>Peilis \u012f rinkin\u012f ne\u012ftrauktas!<\/p>\n<p>Peilis yra puiki ir i\u0161skirtin\u0117 dovana, nes jis yra nuolatinis ir lieka visam laikui. Naudotojas prisimins ir pagalvos apie jus kiekvien\u0105 kart\u0105, kai tik paims peil\u012f \u012f rankas!<\/p>\n<p>Tik atminkite &#8211; jei dovanojate peil\u012f, papra\u0161ykite mainais monetos, tai svarbu! Kad nesusipyktum\u0117te su \u017emogumi. Taip sako senas tik\u0117jimas!<\/p>\n","protected":false},"excerpt":{"rendered":"<p>Peilis &#8211; dovan\u0173 d\u0117\u017eut\u0117! Med\u017eiaga: mediena Ilgis (mm): (mm): 330 \/ 12,90 colio Plotis (mm): (mm): 93 \/ 3,66 colio Auk\u0161tis (mm): (mm): 80 \/ 3,14 colio Peilis \u012f rinkin\u012f ne\u012ftrauktas! Peilis yra puiki ir i\u0161skirtin\u0117 dovana, nes jis yra nuolatinis ir lieka visam laikui. Naudotojas prisimins ir pagalvos apie jus kiekvien\u0105 kart\u0105, kai tik paims peil\u012f \u012f rankas! Tik atminkite &#8211; jei dovanojate peil\u012f, papra\u0161ykite mainais monetos, tai svarbu! Kad nesusipyktum\u0117te su \u017emogumi. Taip sako senas tik\u0117jimas!<\/p>\n","protected":false},"featured_media":51449,"template":"","meta":{"_themeisle_gutenberg_block_has_review":false},"product_brand":[],"product_cat":[382,380,405,404,374,398,394,391,381,386,379,385],"product_tag":[],"class_list":{"0":"post-51448","1":"product","2":"type-product","3":"status-publish","4":"has-post-thumbnail","6":"product_cat-full-tang-peiliai","7":"product_cat-premium-ir-isskirtiniai-peiliai","8":"product_cat-dezutes","9":"product_cat-dovanu-korteles","10":"product_cat-geleztes","11":"product_cat-grybu-rinkimo-peiliai","12":"product_cat-kiseniniai-peiliai","13":"product_cat-latvijos-galios-peiliai","14":"product_cat-lauko-peiliai","15":"product_cat-medziokliniai-peiliai","16":"product_cat-virtuves-peiliai","17":"product_cat-zvejybos-peiliai","19":"first","20":"instock","21":"shipping-taxable","22":"purchasable","23":"product-type-simple"},"yoast_head":"<!-- This site is optimized with the Yoast SEO plugin v27.5 - https:\/\/yoast.com\/product\/yoast-seo-wordpress\/ -->\n<title>Peilis - dovan\u0173 d\u0117\u017eut\u0117! - AAKnives<\/title>\n<meta name=\"robots\" content=\"index, follow, max-snippet:-1, max-image-preview:large, max-video-preview:-1\" \/>\n<link rel=\"canonical\" href=\"https:\/\/aaknives.eu\/lt\/product\/peilis-dovanu-dezute\/\" \/>\n<meta property=\"og:locale\" content=\"lt_LT\" \/>\n<meta property=\"og:type\" content=\"article\" \/>\n<meta property=\"og:title\" content=\"Peilis - dovan\u0173 d\u0117\u017eut\u0117! - AAKnives\" \/>\n<meta property=\"og:description\" content=\"Peilis &#8211; dovan\u0173 d\u0117\u017eut\u0117! Med\u017eiaga: mediena Ilgis (mm): (mm): 330 \/ 12,90 colio Plotis (mm): (mm): 93 \/ 3,66 colio Auk\u0161tis (mm): (mm): 80 \/ 3,14 colio Peilis \u012f rinkin\u012f ne\u012ftrauktas! Peilis yra puiki ir i\u0161skirtin\u0117 dovana, nes jis yra nuolatinis ir lieka visam laikui. Naudotojas prisimins ir pagalvos apie jus kiekvien\u0105 kart\u0105, kai tik paims peil\u012f \u012f rankas! Tik atminkite &#8211; jei dovanojate peil\u012f, papra\u0161ykite mainais monetos, tai svarbu! Kad nesusipyktum\u0117te su \u017emogumi. Taip sako senas tik\u0117jimas!\" \/>\n<meta property=\"og:url\" content=\"https:\/\/aaknives.eu\/lt\/product\/peilis-dovanu-dezute\/\" \/>\n<meta property=\"og:site_name\" content=\"AAKnives\" \/>\n<meta property=\"article:publisher\" content=\"https:\/\/www.facebook.com\/aaknives.eu\/\" \/>\n<meta property=\"article:modified_time\" content=\"2026-01-18T08:26:09+00:00\" \/>\n<meta property=\"og:image\" content=\"https:\/\/aaknives.eu\/wp-content\/uploads\/2021\/09\/aaknives-hand-forged-dabascus-steel-blade-knife-handmade-custom-made-knife-handcrafted-knives-autinetools-northmen-2-6-9.jpg\" \/>\n\t<meta property=\"og:image:width\" content=\"1020\" \/>\n\t<meta property=\"og:image:height\" content=\"880\" \/>\n\t<meta property=\"og:image:type\" content=\"image\/jpeg\" \/>\n<meta name=\"twitter:card\" content=\"summary_large_image\" \/>\n<script type=\"application\/ld+json\" class=\"yoast-schema-graph\">{\"@context\":\"https:\\\/\\\/schema.org\",\"@graph\":[{\"@type\":\"WebPage\",\"@id\":\"https:\\\/\\\/aaknives.eu\\\/lt\\\/product\\\/peilis-dovanu-dezute\\\/\",\"url\":\"https:\\\/\\\/aaknives.eu\\\/lt\\\/product\\\/peilis-dovanu-dezute\\\/\",\"name\":\"Peilis - dovan\u0173 d\u0117\u017eut\u0117! - AAKnives\",\"isPartOf\":{\"@id\":\"https:\\\/\\\/aaknives.eu\\\/lt\\\/#website\"},\"primaryImageOfPage\":{\"@id\":\"https:\\\/\\\/aaknives.eu\\\/lt\\\/product\\\/peilis-dovanu-dezute\\\/#primaryimage\"},\"image\":{\"@id\":\"https:\\\/\\\/aaknives.eu\\\/lt\\\/product\\\/peilis-dovanu-dezute\\\/#primaryimage\"},\"thumbnailUrl\":\"https:\\\/\\\/aaknives.eu\\\/wp-content\\\/uploads\\\/2021\\\/09\\\/aaknives-hand-forged-dabascus-steel-blade-knife-handmade-custom-made-knife-handcrafted-knives-autinetools-northmen-2-6-9.jpg\",\"datePublished\":\"2021-09-20T20:17:55+00:00\",\"dateModified\":\"2026-01-18T08:26:09+00:00\",\"breadcrumb\":{\"@id\":\"https:\\\/\\\/aaknives.eu\\\/lt\\\/product\\\/peilis-dovanu-dezute\\\/#breadcrumb\"},\"inLanguage\":\"lt-LT\",\"potentialAction\":[{\"@type\":\"ReadAction\",\"target\":[\"https:\\\/\\\/aaknives.eu\\\/lt\\\/product\\\/peilis-dovanu-dezute\\\/\"]}]},{\"@type\":\"ImageObject\",\"inLanguage\":\"lt-LT\",\"@id\":\"https:\\\/\\\/aaknives.eu\\\/lt\\\/product\\\/peilis-dovanu-dezute\\\/#primaryimage\",\"url\":\"https:\\\/\\\/aaknives.eu\\\/wp-content\\\/uploads\\\/2021\\\/09\\\/aaknives-hand-forged-dabascus-steel-blade-knife-handmade-custom-made-knife-handcrafted-knives-autinetools-northmen-2-6-9.jpg\",\"contentUrl\":\"https:\\\/\\\/aaknives.eu\\\/wp-content\\\/uploads\\\/2021\\\/09\\\/aaknives-hand-forged-dabascus-steel-blade-knife-handmade-custom-made-knife-handcrafted-knives-autinetools-northmen-2-6-9.jpg\",\"width\":1020,\"height\":880,\"caption\":\"aaknives hand forged dabascus steel blade knife handmade custom made knife handcrafted knives autinetools northmen 2 6 9\"},{\"@type\":\"BreadcrumbList\",\"@id\":\"https:\\\/\\\/aaknives.eu\\\/lt\\\/product\\\/peilis-dovanu-dezute\\\/#breadcrumb\",\"itemListElement\":[{\"@type\":\"ListItem\",\"position\":1,\"name\":\"Home\",\"item\":\"https:\\\/\\\/aaknives.eu\\\/lt\\\/\"},{\"@type\":\"ListItem\",\"position\":2,\"name\":\"Parduotuv\u0117\",\"item\":\"https:\\\/\\\/aaknives.eu\\\/parduotuve\\\/\"},{\"@type\":\"ListItem\",\"position\":3,\"name\":\"Peilis &#8211; dovan\u0173 d\u0117\u017eut\u0117!\"}]},{\"@type\":\"WebSite\",\"@id\":\"https:\\\/\\\/aaknives.eu\\\/lt\\\/#website\",\"url\":\"https:\\\/\\\/aaknives.eu\\\/lt\\\/\",\"name\":\"AAKnives\",\"description\":\"Handmade knives\",\"publisher\":{\"@id\":\"https:\\\/\\\/aaknives.eu\\\/lt\\\/#organization\"},\"potentialAction\":[{\"@type\":\"SearchAction\",\"target\":{\"@type\":\"EntryPoint\",\"urlTemplate\":\"https:\\\/\\\/aaknives.eu\\\/lt\\\/?s={search_term_string}\"},\"query-input\":{\"@type\":\"PropertyValueSpecification\",\"valueRequired\":true,\"valueName\":\"search_term_string\"}}],\"inLanguage\":\"lt-LT\"},{\"@type\":\"Organization\",\"@id\":\"https:\\\/\\\/aaknives.eu\\\/lt\\\/#organization\",\"name\":\"AAKnives\",\"url\":\"https:\\\/\\\/aaknives.eu\\\/lt\\\/\",\"logo\":{\"@type\":\"ImageObject\",\"inLanguage\":\"lt-LT\",\"@id\":\"https:\\\/\\\/aaknives.eu\\\/lt\\\/#\\\/schema\\\/logo\\\/image\\\/\",\"url\":\"https:\\\/\\\/aaknives.eu\\\/wp-content\\\/uploads\\\/2021\\\/10\\\/AAknives_Logo_Green.png\",\"contentUrl\":\"https:\\\/\\\/aaknives.eu\\\/wp-content\\\/uploads\\\/2021\\\/10\\\/AAknives_Logo_Green.png\",\"width\":1768,\"height\":1768,\"caption\":\"AAKnives\"},\"image\":{\"@id\":\"https:\\\/\\\/aaknives.eu\\\/lt\\\/#\\\/schema\\\/logo\\\/image\\\/\"},\"sameAs\":[\"https:\\\/\\\/www.facebook.com\\\/aaknives.eu\\\/\",\"https:\\\/\\\/www.instagram.com\\\/aaknives\\\/\",\"https:\\\/\\\/www.pinterest.com\\\/aa_knives\\\/\",\"https:\\\/\\\/www.youtube.com\\\/channel\\\/UCHOQFjrOkgT6s4FIw9LDKyw\\\/featured\"]}]}<\/script>\n<!-- \/ Yoast SEO plugin. -->","yoast_head_json":{"title":"Peilis - dovan\u0173 d\u0117\u017eut\u0117! - AAKnives","robots":{"index":"index","follow":"follow","max-snippet":"max-snippet:-1","max-image-preview":"max-image-preview:large","max-video-preview":"max-video-preview:-1"},"canonical":"https:\/\/aaknives.eu\/lt\/product\/peilis-dovanu-dezute\/","og_locale":"lt_LT","og_type":"article","og_title":"Peilis - dovan\u0173 d\u0117\u017eut\u0117! - AAKnives","og_description":"Peilis &#8211; dovan\u0173 d\u0117\u017eut\u0117! Med\u017eiaga: mediena Ilgis (mm): (mm): 330 \/ 12,90 colio Plotis (mm): (mm): 93 \/ 3,66 colio Auk\u0161tis (mm): (mm): 80 \/ 3,14 colio Peilis \u012f rinkin\u012f ne\u012ftrauktas! Peilis yra puiki ir i\u0161skirtin\u0117 dovana, nes jis yra nuolatinis ir lieka visam laikui. Naudotojas prisimins ir pagalvos apie jus kiekvien\u0105 kart\u0105, kai tik paims peil\u012f \u012f rankas! Tik atminkite &#8211; jei dovanojate peil\u012f, papra\u0161ykite mainais monetos, tai svarbu! Kad nesusipyktum\u0117te su \u017emogumi. Taip sako senas tik\u0117jimas!","og_url":"https:\/\/aaknives.eu\/lt\/product\/peilis-dovanu-dezute\/","og_site_name":"AAKnives","article_publisher":"https:\/\/www.facebook.com\/aaknives.eu\/","article_modified_time":"2026-01-18T08:26:09+00:00","og_image":[{"width":1020,"height":880,"url":"https:\/\/aaknives.eu\/wp-content\/uploads\/2021\/09\/aaknives-hand-forged-dabascus-steel-blade-knife-handmade-custom-made-knife-handcrafted-knives-autinetools-northmen-2-6-9.jpg","type":"image\/jpeg"}],"twitter_card":"summary_large_image","schema":{"@context":"https:\/\/schema.org","@graph":[{"@type":"WebPage","@id":"https:\/\/aaknives.eu\/lt\/product\/peilis-dovanu-dezute\/","url":"https:\/\/aaknives.eu\/lt\/product\/peilis-dovanu-dezute\/","name":"Peilis - dovan\u0173 d\u0117\u017eut\u0117! - AAKnives","isPartOf":{"@id":"https:\/\/aaknives.eu\/lt\/#website"},"primaryImageOfPage":{"@id":"https:\/\/aaknives.eu\/lt\/product\/peilis-dovanu-dezute\/#primaryimage"},"image":{"@id":"https:\/\/aaknives.eu\/lt\/product\/peilis-dovanu-dezute\/#primaryimage"},"thumbnailUrl":"https:\/\/aaknives.eu\/wp-content\/uploads\/2021\/09\/aaknives-hand-forged-dabascus-steel-blade-knife-handmade-custom-made-knife-handcrafted-knives-autinetools-northmen-2-6-9.jpg","datePublished":"2021-09-20T20:17:55+00:00","dateModified":"2026-01-18T08:26:09+00:00","breadcrumb":{"@id":"https:\/\/aaknives.eu\/lt\/product\/peilis-dovanu-dezute\/#breadcrumb"},"inLanguage":"lt-LT","potentialAction":[{"@type":"ReadAction","target":["https:\/\/aaknives.eu\/lt\/product\/peilis-dovanu-dezute\/"]}]},{"@type":"ImageObject","inLanguage":"lt-LT","@id":"https:\/\/aaknives.eu\/lt\/product\/peilis-dovanu-dezute\/#primaryimage","url":"https:\/\/aaknives.eu\/wp-content\/uploads\/2021\/09\/aaknives-hand-forged-dabascus-steel-blade-knife-handmade-custom-made-knife-handcrafted-knives-autinetools-northmen-2-6-9.jpg","contentUrl":"https:\/\/aaknives.eu\/wp-content\/uploads\/2021\/09\/aaknives-hand-forged-dabascus-steel-blade-knife-handmade-custom-made-knife-handcrafted-knives-autinetools-northmen-2-6-9.jpg","width":1020,"height":880,"caption":"aaknives hand forged dabascus steel blade knife handmade custom made knife handcrafted knives autinetools northmen 2 6 9"},{"@type":"BreadcrumbList","@id":"https:\/\/aaknives.eu\/lt\/product\/peilis-dovanu-dezute\/#breadcrumb","itemListElement":[{"@type":"ListItem","position":1,"name":"Home","item":"https:\/\/aaknives.eu\/lt\/"},{"@type":"ListItem","position":2,"name":"Parduotuv\u0117","item":"https:\/\/aaknives.eu\/parduotuve\/"},{"@type":"ListItem","position":3,"name":"Peilis &#8211; dovan\u0173 d\u0117\u017eut\u0117!"}]},{"@type":"WebSite","@id":"https:\/\/aaknives.eu\/lt\/#website","url":"https:\/\/aaknives.eu\/lt\/","name":"AAKnives","description":"Handmade knives","publisher":{"@id":"https:\/\/aaknives.eu\/lt\/#organization"},"potentialAction":[{"@type":"SearchAction","target":{"@type":"EntryPoint","urlTemplate":"https:\/\/aaknives.eu\/lt\/?s={search_term_string}"},"query-input":{"@type":"PropertyValueSpecification","valueRequired":true,"valueName":"search_term_string"}}],"inLanguage":"lt-LT"},{"@type":"Organization","@id":"https:\/\/aaknives.eu\/lt\/#organization","name":"AAKnives","url":"https:\/\/aaknives.eu\/lt\/","logo":{"@type":"ImageObject","inLanguage":"lt-LT","@id":"https:\/\/aaknives.eu\/lt\/#\/schema\/logo\/image\/","url":"https:\/\/aaknives.eu\/wp-content\/uploads\/2021\/10\/AAknives_Logo_Green.png","contentUrl":"https:\/\/aaknives.eu\/wp-content\/uploads\/2021\/10\/AAknives_Logo_Green.png","width":1768,"height":1768,"caption":"AAKnives"},"image":{"@id":"https:\/\/aaknives.eu\/lt\/#\/schema\/logo\/image\/"},"sameAs":["https:\/\/www.facebook.com\/aaknives.eu\/","https:\/\/www.instagram.com\/aaknives\/","https:\/\/www.pinterest.com\/aa_knives\/","https:\/\/www.youtube.com\/channel\/UCHOQFjrOkgT6s4FIw9LDKyw\/featured"]}]}},"_links":{"self":[{"href":"https:\/\/aaknives.eu\/lt\/wp-json\/wp\/v2\/product\/51448","targetHints":{"allow":["GET"]}}],"collection":[{"href":"https:\/\/aaknives.eu\/lt\/wp-json\/wp\/v2\/product"}],"about":[{"href":"https:\/\/aaknives.eu\/lt\/wp-json\/wp\/v2\/types\/product"}],"wp:featuredmedia":[{"embeddable":true,"href":"https:\/\/aaknives.eu\/lt\/wp-json\/wp\/v2\/media\/51449"}],"wp:attachment":[{"href":"https:\/\/aaknives.eu\/lt\/wp-json\/wp\/v2\/media?parent=51448"}],"wp:term":[{"taxonomy":"product_brand","embeddable":true,"href":"https:\/\/aaknives.eu\/lt\/wp-json\/wp\/v2\/product_brand?post=51448"},{"taxonomy":"product_cat","embeddable":true,"href":"https:\/\/aaknives.eu\/lt\/wp-json\/wp\/v2\/product_cat?post=51448"},{"taxonomy":"product_tag","embeddable":true,"href":"https:\/\/aaknives.eu\/lt\/wp-json\/wp\/v2\/product_tag?post=51448"}],"curies":[{"name":"wp","href":"https:\/\/api.w.org\/{rel}","templated":true}]}}