{"id":51532,"date":"2021-09-20T20:21:12","date_gmt":"2021-09-20T20:21:12","guid":{"rendered":"https:\/\/aaknives.eu\/product\/suomiskas-peilis-puukko-kaltinis-peilis-damasko-plieno-asmenimis-2\/"},"modified":"2025-11-15T06:49:50","modified_gmt":"2025-11-15T06:49:50","slug":"suomiskas-peilis-puukko-kaltinis-peilis-damasko-plieno-asmenimis-2","status":"publish","type":"product","link":"https:\/\/aaknives.eu\/lt\/product\/suomiskas-peilis-puukko-kaltinis-peilis-damasko-plieno-asmenimis-2\/","title":{"rendered":"Suomi\u0161kas peilis &#8211; Puukko &#8211; kaltinis peilis Damasko plieno a\u0161menimis"},"content":{"rendered":"<p>Peilio specifikacijos: \u201cPUKKO\u201d<br \/>\nPlienas: rankomis kaltas Damasko plieno a\u0161men\u0173 peilis, 650 sluoksni\u0173<br \/>\nKietumas: 60-62 HRC<br \/>\nA\u0161men\u0173 ilgis (mm): 99 \/ 3,89 colio<br \/>\nA\u0161men\u0173 storis (mm): 3 \/ 0,11 colio<br \/>\nA\u0161men\u0173 plotis (mm): 27 \/ 1,06 colio<br \/>\nRankena: Karelijos ber\u017eas<br \/>\nVisas ilgis (mm): 224 \/ 8,81 colio<\/p>\n<p>Damasko plieno gele\u017et\u0117 sukurta i\u0161 skirtingo kietumo ir klampumo plien\u0173, kurie tam tikra tvarka sudedami \u012f plok\u0161tel\u0119. Po to plok\u0161t\u0117 pakartotinai perlydoma, tod\u0117l susidaro sluoksniai ir unikalus ra\u0161tas.<\/p>\n<p>Sud\u0117tingas technologinis procesas atliekamas rankiniu b\u016bdu. Tokiu b\u016bdu gautas plienas pasi\u017eymi padidintu stiprumu, dideliu kietumu, puikiomis pjovimo savyb\u0117mis ir gro\u017eiu.<br \/>\nDamasko a\u0161menys daugiau nei 800-1000 sluoksni\u0173.<br \/>\nPaketas Damasko plieno a\u0161menys ShH15 + HVG + U10 A, \u0161ilumin\u0117 i\u0161rai\u0161ka 860 \u00b0 C<\/p>\n<p>Damasko a\u0161men\u0173 peili\u0173 privalumai:<br \/>\nPadid\u0117jusi j\u0117ga<br \/>\nDidelis kietumas<br \/>\nPuikios pjovimo savyb\u0117s<br \/>\nGra\u017eus dizainas<br \/>\nIlgai i\u0161liekantis ry\u0161kumas<\/p>\n<p>A\u0161men\u0173 kietumas 60-62 HRC.<br \/>\nPagal u\u017esakym\u0105 pagamintas peilis, rank\u0173 darbo peilis, rankomis kaltas peilis, rankomis kaltas peilis<\/p>\n","protected":false},"excerpt":{"rendered":"<p>Peilio specifikacijos: \u201cPUKKO\u201d Plienas: rankomis kaltas Damasko plieno a\u0161men\u0173 peilis, 650 sluoksni\u0173 Kietumas: 60-62 HRC A\u0161men\u0173 ilgis (mm): 99 \/ 3,89 colio A\u0161men\u0173 storis (mm): 3 \/ 0,11 colio A\u0161men\u0173 plotis (mm): 27 \/ 1,06 colio Rankena: Karelijos ber\u017eas Visas ilgis (mm): 224 \/ 8,81 colio Damasko plieno gele\u017et\u0117 sukurta i\u0161 skirtingo kietumo ir klampumo plien\u0173, kurie tam tikra tvarka sudedami \u012f plok\u0161tel\u0119. Po to plok\u0161t\u0117 pakartotinai perlydoma, tod\u0117l susidaro sluoksniai ir unikalus ra\u0161tas. Sud\u0117tingas technologinis procesas atliekamas rankiniu b\u016bdu. Tokiu b\u016bdu gautas plienas pasi\u017eymi padidintu stiprumu, dideliu kietumu, puikiomis pjovimo savyb\u0117mis ir gro\u017eiu. Damasko a\u0161menys daugiau nei 800-1000 sluoksni\u0173.&hellip;<\/p>\n","protected":false},"featured_media":95964,"template":"","meta":{"_themeisle_gutenberg_block_has_review":false},"product_brand":[],"product_cat":[381,386,385],"product_tag":[],"class_list":{"0":"post-51532","1":"product","2":"type-product","3":"status-publish","4":"has-post-thumbnail","6":"product_cat-lauko-peiliai","7":"product_cat-medziokliniai-peiliai","8":"product_cat-zvejybos-peiliai","10":"first","11":"outofstock","12":"shipping-taxable","13":"purchasable","14":"product-type-simple"},"yoast_head":"<!-- This site is optimized with the Yoast SEO plugin v27.5 - https:\/\/yoast.com\/product\/yoast-seo-wordpress\/ -->\n<title>Suomi\u0161kas peilis - Puukko - kaltinis peilis Damasko plieno a\u0161menimis - AAKnives<\/title>\n<meta name=\"description\" content=\"Damasko plieno gele\u017et\u0117 sukurta i\u0161 skirtingo kietumo ir klampumo plien\u0173, kurie tam tikra tvarka sudedami \u012f plok\u0161tel\u0119.\" \/>\n<meta name=\"robots\" content=\"index, follow, max-snippet:-1, max-image-preview:large, max-video-preview:-1\" \/>\n<link rel=\"canonical\" href=\"https:\/\/aaknives.eu\/lt\/product\/suomiskas-peilis-puukko-kaltinis-peilis-damasko-plieno-asmenimis-2\/\" \/>\n<meta property=\"og:locale\" content=\"lt_LT\" \/>\n<meta property=\"og:type\" content=\"article\" \/>\n<meta property=\"og:title\" content=\"Suomi\u0161kas peilis - Puukko - kaltinis peilis Damasko plieno a\u0161menimis - AAKnives\" \/>\n<meta property=\"og:description\" content=\"Damasko plieno gele\u017et\u0117 sukurta i\u0161 skirtingo kietumo ir klampumo plien\u0173, kurie tam tikra tvarka sudedami \u012f plok\u0161tel\u0119.\" \/>\n<meta property=\"og:url\" content=\"https:\/\/aaknives.eu\/lt\/product\/suomiskas-peilis-puukko-kaltinis-peilis-damasko-plieno-asmenimis-2\/\" \/>\n<meta property=\"og:site_name\" content=\"AAKnives\" \/>\n<meta property=\"article:publisher\" content=\"https:\/\/www.facebook.com\/aaknives.eu\/\" \/>\n<meta property=\"article:modified_time\" content=\"2025-11-15T06:49:50+00:00\" \/>\n<meta property=\"og:image\" content=\"https:\/\/aaknives.eu\/wp-content\/uploads\/2021\/09\/aaknives-hand-forged-dabascus-steel-blade-knife-handmade-custom-made-knife-handcrafted-knives-autinetools-northmen-17.2-4.jpg\" \/>\n\t<meta property=\"og:image:width\" content=\"1020\" \/>\n\t<meta property=\"og:image:height\" content=\"880\" \/>\n\t<meta property=\"og:image:type\" content=\"image\/jpeg\" \/>\n<meta name=\"twitter:card\" content=\"summary_large_image\" \/>\n<meta name=\"twitter:label1\" content=\"Est. reading time\" \/>\n\t<meta name=\"twitter:data1\" content=\"1 minut\u0117\" \/>\n<script type=\"application\/ld+json\" class=\"yoast-schema-graph\">{\"@context\":\"https:\\\/\\\/schema.org\",\"@graph\":[{\"@type\":\"WebPage\",\"@id\":\"https:\\\/\\\/aaknives.eu\\\/lt\\\/product\\\/suomiskas-peilis-puukko-kaltinis-peilis-damasko-plieno-asmenimis-2\\\/\",\"url\":\"https:\\\/\\\/aaknives.eu\\\/lt\\\/product\\\/suomiskas-peilis-puukko-kaltinis-peilis-damasko-plieno-asmenimis-2\\\/\",\"name\":\"Suomi\u0161kas peilis - Puukko - kaltinis peilis Damasko plieno a\u0161menimis - AAKnives\",\"isPartOf\":{\"@id\":\"https:\\\/\\\/aaknives.eu\\\/lt\\\/#website\"},\"primaryImageOfPage\":{\"@id\":\"https:\\\/\\\/aaknives.eu\\\/lt\\\/product\\\/suomiskas-peilis-puukko-kaltinis-peilis-damasko-plieno-asmenimis-2\\\/#primaryimage\"},\"image\":{\"@id\":\"https:\\\/\\\/aaknives.eu\\\/lt\\\/product\\\/suomiskas-peilis-puukko-kaltinis-peilis-damasko-plieno-asmenimis-2\\\/#primaryimage\"},\"thumbnailUrl\":\"https:\\\/\\\/aaknives.eu\\\/wp-content\\\/uploads\\\/2021\\\/09\\\/aaknives-hand-forged-dabascus-steel-blade-knife-handmade-custom-made-knife-handcrafted-knives-autinetools-northmen-17.2-4.jpg\",\"datePublished\":\"2021-09-20T20:21:12+00:00\",\"dateModified\":\"2025-11-15T06:49:50+00:00\",\"description\":\"Damasko plieno gele\u017et\u0117 sukurta i\u0161 skirtingo kietumo ir klampumo plien\u0173, kurie tam tikra tvarka sudedami \u012f plok\u0161tel\u0119.\",\"breadcrumb\":{\"@id\":\"https:\\\/\\\/aaknives.eu\\\/lt\\\/product\\\/suomiskas-peilis-puukko-kaltinis-peilis-damasko-plieno-asmenimis-2\\\/#breadcrumb\"},\"inLanguage\":\"lt-LT\",\"potentialAction\":[{\"@type\":\"ReadAction\",\"target\":[\"https:\\\/\\\/aaknives.eu\\\/lt\\\/product\\\/suomiskas-peilis-puukko-kaltinis-peilis-damasko-plieno-asmenimis-2\\\/\"]}]},{\"@type\":\"ImageObject\",\"inLanguage\":\"lt-LT\",\"@id\":\"https:\\\/\\\/aaknives.eu\\\/lt\\\/product\\\/suomiskas-peilis-puukko-kaltinis-peilis-damasko-plieno-asmenimis-2\\\/#primaryimage\",\"url\":\"https:\\\/\\\/aaknives.eu\\\/wp-content\\\/uploads\\\/2021\\\/09\\\/aaknives-hand-forged-dabascus-steel-blade-knife-handmade-custom-made-knife-handcrafted-knives-autinetools-northmen-17.2-4.jpg\",\"contentUrl\":\"https:\\\/\\\/aaknives.eu\\\/wp-content\\\/uploads\\\/2021\\\/09\\\/aaknives-hand-forged-dabascus-steel-blade-knife-handmade-custom-made-knife-handcrafted-knives-autinetools-northmen-17.2-4.jpg\",\"width\":1020,\"height\":880},{\"@type\":\"BreadcrumbList\",\"@id\":\"https:\\\/\\\/aaknives.eu\\\/lt\\\/product\\\/suomiskas-peilis-puukko-kaltinis-peilis-damasko-plieno-asmenimis-2\\\/#breadcrumb\",\"itemListElement\":[{\"@type\":\"ListItem\",\"position\":1,\"name\":\"Home\",\"item\":\"https:\\\/\\\/aaknives.eu\\\/lt\\\/\"},{\"@type\":\"ListItem\",\"position\":2,\"name\":\"Parduotuv\u0117\",\"item\":\"https:\\\/\\\/aaknives.eu\\\/parduotuve\\\/\"},{\"@type\":\"ListItem\",\"position\":3,\"name\":\"Private: Suomi\u0161kas peilis &#8211; Puukko &#8211; kaltinis peilis Damasko plieno a\u0161menimis\"}]},{\"@type\":\"WebSite\",\"@id\":\"https:\\\/\\\/aaknives.eu\\\/lt\\\/#website\",\"url\":\"https:\\\/\\\/aaknives.eu\\\/lt\\\/\",\"name\":\"AAKnives\",\"description\":\"Handmade knives\",\"publisher\":{\"@id\":\"https:\\\/\\\/aaknives.eu\\\/lt\\\/#organization\"},\"potentialAction\":[{\"@type\":\"SearchAction\",\"target\":{\"@type\":\"EntryPoint\",\"urlTemplate\":\"https:\\\/\\\/aaknives.eu\\\/lt\\\/?s={search_term_string}\"},\"query-input\":{\"@type\":\"PropertyValueSpecification\",\"valueRequired\":true,\"valueName\":\"search_term_string\"}}],\"inLanguage\":\"lt-LT\"},{\"@type\":\"Organization\",\"@id\":\"https:\\\/\\\/aaknives.eu\\\/lt\\\/#organization\",\"name\":\"AAKnives\",\"url\":\"https:\\\/\\\/aaknives.eu\\\/lt\\\/\",\"logo\":{\"@type\":\"ImageObject\",\"inLanguage\":\"lt-LT\",\"@id\":\"https:\\\/\\\/aaknives.eu\\\/lt\\\/#\\\/schema\\\/logo\\\/image\\\/\",\"url\":\"https:\\\/\\\/aaknives.eu\\\/wp-content\\\/uploads\\\/2021\\\/10\\\/AAknives_Logo_Green.png\",\"contentUrl\":\"https:\\\/\\\/aaknives.eu\\\/wp-content\\\/uploads\\\/2021\\\/10\\\/AAknives_Logo_Green.png\",\"width\":1768,\"height\":1768,\"caption\":\"AAKnives\"},\"image\":{\"@id\":\"https:\\\/\\\/aaknives.eu\\\/lt\\\/#\\\/schema\\\/logo\\\/image\\\/\"},\"sameAs\":[\"https:\\\/\\\/www.facebook.com\\\/aaknives.eu\\\/\",\"https:\\\/\\\/www.instagram.com\\\/aaknives\\\/\",\"https:\\\/\\\/www.pinterest.com\\\/aa_knives\\\/\",\"https:\\\/\\\/www.youtube.com\\\/channel\\\/UCHOQFjrOkgT6s4FIw9LDKyw\\\/featured\"]}]}<\/script>\n<!-- \/ Yoast SEO plugin. -->","yoast_head_json":{"title":"Suomi\u0161kas peilis - Puukko - kaltinis peilis Damasko plieno a\u0161menimis - AAKnives","description":"Damasko plieno gele\u017et\u0117 sukurta i\u0161 skirtingo kietumo ir klampumo plien\u0173, kurie tam tikra tvarka sudedami \u012f plok\u0161tel\u0119.","robots":{"index":"index","follow":"follow","max-snippet":"max-snippet:-1","max-image-preview":"max-image-preview:large","max-video-preview":"max-video-preview:-1"},"canonical":"https:\/\/aaknives.eu\/lt\/product\/suomiskas-peilis-puukko-kaltinis-peilis-damasko-plieno-asmenimis-2\/","og_locale":"lt_LT","og_type":"article","og_title":"Suomi\u0161kas peilis - Puukko - kaltinis peilis Damasko plieno a\u0161menimis - AAKnives","og_description":"Damasko plieno gele\u017et\u0117 sukurta i\u0161 skirtingo kietumo ir klampumo plien\u0173, kurie tam tikra tvarka sudedami \u012f plok\u0161tel\u0119.","og_url":"https:\/\/aaknives.eu\/lt\/product\/suomiskas-peilis-puukko-kaltinis-peilis-damasko-plieno-asmenimis-2\/","og_site_name":"AAKnives","article_publisher":"https:\/\/www.facebook.com\/aaknives.eu\/","article_modified_time":"2025-11-15T06:49:50+00:00","og_image":[{"width":1020,"height":880,"url":"https:\/\/aaknives.eu\/wp-content\/uploads\/2021\/09\/aaknives-hand-forged-dabascus-steel-blade-knife-handmade-custom-made-knife-handcrafted-knives-autinetools-northmen-17.2-4.jpg","type":"image\/jpeg"}],"twitter_card":"summary_large_image","twitter_misc":{"Est. reading time":"1 minut\u0117"},"schema":{"@context":"https:\/\/schema.org","@graph":[{"@type":"WebPage","@id":"https:\/\/aaknives.eu\/lt\/product\/suomiskas-peilis-puukko-kaltinis-peilis-damasko-plieno-asmenimis-2\/","url":"https:\/\/aaknives.eu\/lt\/product\/suomiskas-peilis-puukko-kaltinis-peilis-damasko-plieno-asmenimis-2\/","name":"Suomi\u0161kas peilis - Puukko - kaltinis peilis Damasko plieno a\u0161menimis - AAKnives","isPartOf":{"@id":"https:\/\/aaknives.eu\/lt\/#website"},"primaryImageOfPage":{"@id":"https:\/\/aaknives.eu\/lt\/product\/suomiskas-peilis-puukko-kaltinis-peilis-damasko-plieno-asmenimis-2\/#primaryimage"},"image":{"@id":"https:\/\/aaknives.eu\/lt\/product\/suomiskas-peilis-puukko-kaltinis-peilis-damasko-plieno-asmenimis-2\/#primaryimage"},"thumbnailUrl":"https:\/\/aaknives.eu\/wp-content\/uploads\/2021\/09\/aaknives-hand-forged-dabascus-steel-blade-knife-handmade-custom-made-knife-handcrafted-knives-autinetools-northmen-17.2-4.jpg","datePublished":"2021-09-20T20:21:12+00:00","dateModified":"2025-11-15T06:49:50+00:00","description":"Damasko plieno gele\u017et\u0117 sukurta i\u0161 skirtingo kietumo ir klampumo plien\u0173, kurie tam tikra tvarka sudedami \u012f plok\u0161tel\u0119.","breadcrumb":{"@id":"https:\/\/aaknives.eu\/lt\/product\/suomiskas-peilis-puukko-kaltinis-peilis-damasko-plieno-asmenimis-2\/#breadcrumb"},"inLanguage":"lt-LT","potentialAction":[{"@type":"ReadAction","target":["https:\/\/aaknives.eu\/lt\/product\/suomiskas-peilis-puukko-kaltinis-peilis-damasko-plieno-asmenimis-2\/"]}]},{"@type":"ImageObject","inLanguage":"lt-LT","@id":"https:\/\/aaknives.eu\/lt\/product\/suomiskas-peilis-puukko-kaltinis-peilis-damasko-plieno-asmenimis-2\/#primaryimage","url":"https:\/\/aaknives.eu\/wp-content\/uploads\/2021\/09\/aaknives-hand-forged-dabascus-steel-blade-knife-handmade-custom-made-knife-handcrafted-knives-autinetools-northmen-17.2-4.jpg","contentUrl":"https:\/\/aaknives.eu\/wp-content\/uploads\/2021\/09\/aaknives-hand-forged-dabascus-steel-blade-knife-handmade-custom-made-knife-handcrafted-knives-autinetools-northmen-17.2-4.jpg","width":1020,"height":880},{"@type":"BreadcrumbList","@id":"https:\/\/aaknives.eu\/lt\/product\/suomiskas-peilis-puukko-kaltinis-peilis-damasko-plieno-asmenimis-2\/#breadcrumb","itemListElement":[{"@type":"ListItem","position":1,"name":"Home","item":"https:\/\/aaknives.eu\/lt\/"},{"@type":"ListItem","position":2,"name":"Parduotuv\u0117","item":"https:\/\/aaknives.eu\/parduotuve\/"},{"@type":"ListItem","position":3,"name":"Private: Suomi\u0161kas peilis &#8211; Puukko &#8211; kaltinis peilis Damasko plieno a\u0161menimis"}]},{"@type":"WebSite","@id":"https:\/\/aaknives.eu\/lt\/#website","url":"https:\/\/aaknives.eu\/lt\/","name":"AAKnives","description":"Handmade knives","publisher":{"@id":"https:\/\/aaknives.eu\/lt\/#organization"},"potentialAction":[{"@type":"SearchAction","target":{"@type":"EntryPoint","urlTemplate":"https:\/\/aaknives.eu\/lt\/?s={search_term_string}"},"query-input":{"@type":"PropertyValueSpecification","valueRequired":true,"valueName":"search_term_string"}}],"inLanguage":"lt-LT"},{"@type":"Organization","@id":"https:\/\/aaknives.eu\/lt\/#organization","name":"AAKnives","url":"https:\/\/aaknives.eu\/lt\/","logo":{"@type":"ImageObject","inLanguage":"lt-LT","@id":"https:\/\/aaknives.eu\/lt\/#\/schema\/logo\/image\/","url":"https:\/\/aaknives.eu\/wp-content\/uploads\/2021\/10\/AAknives_Logo_Green.png","contentUrl":"https:\/\/aaknives.eu\/wp-content\/uploads\/2021\/10\/AAknives_Logo_Green.png","width":1768,"height":1768,"caption":"AAKnives"},"image":{"@id":"https:\/\/aaknives.eu\/lt\/#\/schema\/logo\/image\/"},"sameAs":["https:\/\/www.facebook.com\/aaknives.eu\/","https:\/\/www.instagram.com\/aaknives\/","https:\/\/www.pinterest.com\/aa_knives\/","https:\/\/www.youtube.com\/channel\/UCHOQFjrOkgT6s4FIw9LDKyw\/featured"]}]}},"_links":{"self":[{"href":"https:\/\/aaknives.eu\/lt\/wp-json\/wp\/v2\/product\/51532","targetHints":{"allow":["GET"]}}],"collection":[{"href":"https:\/\/aaknives.eu\/lt\/wp-json\/wp\/v2\/product"}],"about":[{"href":"https:\/\/aaknives.eu\/lt\/wp-json\/wp\/v2\/types\/product"}],"wp:featuredmedia":[{"embeddable":true,"href":"https:\/\/aaknives.eu\/lt\/wp-json\/wp\/v2\/media\/95964"}],"wp:attachment":[{"href":"https:\/\/aaknives.eu\/lt\/wp-json\/wp\/v2\/media?parent=51532"}],"wp:term":[{"taxonomy":"product_brand","embeddable":true,"href":"https:\/\/aaknives.eu\/lt\/wp-json\/wp\/v2\/product_brand?post=51532"},{"taxonomy":"product_cat","embeddable":true,"href":"https:\/\/aaknives.eu\/lt\/wp-json\/wp\/v2\/product_cat?post=51532"},{"taxonomy":"product_tag","embeddable":true,"href":"https:\/\/aaknives.eu\/lt\/wp-json\/wp\/v2\/product_tag?post=51532"}],"curies":[{"name":"wp","href":"https:\/\/api.w.org\/{rel}","templated":true}]}}