{"id":51572,"date":"2021-09-20T20:13:51","date_gmt":"2021-09-20T20:13:51","guid":{"rendered":"https:\/\/aaknives.eu\/product\/peilis-lynx-pagamintas-is-kokybisko-kaltinio-nerudijancio-plieno\/"},"modified":"2021-09-20T20:13:51","modified_gmt":"2021-09-20T20:13:51","slug":"peilis-lynx-pagamintas-is-kokybisko-kaltinio-nerudijancio-plieno","status":"publish","type":"product","link":"https:\/\/aaknives.eu\/lt\/product\/peilis-lynx-pagamintas-is-kokybisko-kaltinio-nerudijancio-plieno\/","title":{"rendered":"Peilis &#8221;LYNX&#8221; pagamintas i\u0161 kokybi\u0161ko kaltinio ner\u016bdijan\u010dio plieno"},"content":{"rendered":"<p>Peilio specifikacijos: &#8221;LYNX&#8221;<br \/>\nPlienas: kaltinis ner\u016bdijantis plienas Sandvik 12C27<br \/>\nKietumas: 56-58 HRC<br \/>\nGele\u017et\u0117s ilgis (mm): Galimyb\u0117 (mm): 108 \/ 4,25 colio<br \/>\nGele\u017et\u0117s storis (mm): (mm): 4 \/ 0,15 colio<br \/>\nA\u0161men\u0173 plotis (mm): Atkarpa: 28 \/ 1,10 colio<br \/>\nRankena: venge mediena<br \/>\nBendras ilgis (mm): (mm): 227 \/ 8,93 colio<\/p>\n","protected":false},"excerpt":{"rendered":"<p>Peilio specifikacijos: &#8221;LYNX&#8221; Plienas: kaltinis ner\u016bdijantis plienas Sandvik 12C27 Kietumas: 56-58 HRC Gele\u017et\u0117s ilgis (mm): Galimyb\u0117 (mm): 108 \/ 4,25 colio Gele\u017et\u0117s storis (mm): (mm): 4 \/ 0,15 colio A\u0161men\u0173 plotis (mm): Atkarpa: 28 \/ 1,10 colio Rankena: venge mediena Bendras ilgis (mm): (mm): 227 \/ 8,93 colio<\/p>\n","protected":false},"featured_media":51573,"template":"","meta":{"_themeisle_gutenberg_block_has_review":false},"product_brand":[],"product_cat":[381,386,385],"product_tag":[],"class_list":{"0":"post-51572","1":"product","2":"type-product","3":"status-publish","4":"has-post-thumbnail","6":"product_cat-lauko-peiliai","7":"product_cat-medziokliniai-peiliai","8":"product_cat-zvejybos-peiliai","10":"first","11":"instock","12":"shipping-taxable","13":"purchasable","14":"product-type-simple"},"yoast_head":"<!-- This site is optimized with the Yoast SEO plugin v27.3 - https:\/\/yoast.com\/product\/yoast-seo-wordpress\/ -->\n<title>Peilis &#039;&#039;LYNX&#039;&#039; pagamintas i\u0161 kokybi\u0161ko kaltinio ner\u016bdijan\u010dio plieno - AAKnives<\/title>\n<meta name=\"description\" content=\"Peilis &#039;&#039;LYNX&#039;&#039; pagamintas i\u0161 kokybi\u0161ko kaltinio ner\u016bdijan\u010dio plieno\" \/>\n<meta name=\"robots\" content=\"index, follow, max-snippet:-1, max-image-preview:large, max-video-preview:-1\" \/>\n<link rel=\"canonical\" href=\"https:\/\/aaknives.eu\/lt\/product\/peilis-lynx-pagamintas-is-kokybisko-kaltinio-nerudijancio-plieno\/\" \/>\n<meta property=\"og:locale\" content=\"lt_LT\" \/>\n<meta property=\"og:type\" content=\"article\" \/>\n<meta property=\"og:title\" content=\"Peilis &#039;&#039;LYNX&#039;&#039; pagamintas i\u0161 kokybi\u0161ko kaltinio ner\u016bdijan\u010dio plieno - AAKnives\" \/>\n<meta property=\"og:description\" content=\"Peilis &#039;&#039;LYNX&#039;&#039; pagamintas i\u0161 kokybi\u0161ko kaltinio ner\u016bdijan\u010dio plieno\" \/>\n<meta property=\"og:url\" content=\"https:\/\/aaknives.eu\/lt\/product\/peilis-lynx-pagamintas-is-kokybisko-kaltinio-nerudijancio-plieno\/\" \/>\n<meta property=\"og:site_name\" content=\"AAKnives\" \/>\n<meta property=\"article:publisher\" content=\"https:\/\/www.facebook.com\/aaknives.eu\/\" \/>\n<meta property=\"og:image\" content=\"https:\/\/aaknives.eu\/wp-content\/uploads\/2021\/09\/aaknives-hand-forged-dabascus-steel-blade-knife-handmade-custom-made-knife-handcrafted-knives-autinetools-northmen-5-2-26.jpg\" \/>\n\t<meta property=\"og:image:width\" content=\"1020\" \/>\n\t<meta property=\"og:image:height\" content=\"880\" \/>\n\t<meta property=\"og:image:type\" content=\"image\/jpeg\" \/>\n<meta name=\"twitter:card\" content=\"summary_large_image\" \/>\n<script type=\"application\/ld+json\" class=\"yoast-schema-graph\">{\"@context\":\"https:\\\/\\\/schema.org\",\"@graph\":[{\"@type\":\"WebPage\",\"@id\":\"https:\\\/\\\/aaknives.eu\\\/lt\\\/product\\\/peilis-lynx-pagamintas-is-kokybisko-kaltinio-nerudijancio-plieno\\\/\",\"url\":\"https:\\\/\\\/aaknives.eu\\\/lt\\\/product\\\/peilis-lynx-pagamintas-is-kokybisko-kaltinio-nerudijancio-plieno\\\/\",\"name\":\"Peilis ''LYNX'' pagamintas i\u0161 kokybi\u0161ko kaltinio ner\u016bdijan\u010dio plieno - AAKnives\",\"isPartOf\":{\"@id\":\"https:\\\/\\\/aaknives.eu\\\/lt\\\/#website\"},\"primaryImageOfPage\":{\"@id\":\"https:\\\/\\\/aaknives.eu\\\/lt\\\/product\\\/peilis-lynx-pagamintas-is-kokybisko-kaltinio-nerudijancio-plieno\\\/#primaryimage\"},\"image\":{\"@id\":\"https:\\\/\\\/aaknives.eu\\\/lt\\\/product\\\/peilis-lynx-pagamintas-is-kokybisko-kaltinio-nerudijancio-plieno\\\/#primaryimage\"},\"thumbnailUrl\":\"https:\\\/\\\/aaknives.eu\\\/wp-content\\\/uploads\\\/2021\\\/09\\\/aaknives-hand-forged-dabascus-steel-blade-knife-handmade-custom-made-knife-handcrafted-knives-autinetools-northmen-5-2-26.jpg\",\"datePublished\":\"2021-09-20T20:13:51+00:00\",\"description\":\"Peilis ''LYNX'' pagamintas i\u0161 kokybi\u0161ko kaltinio ner\u016bdijan\u010dio plieno\",\"breadcrumb\":{\"@id\":\"https:\\\/\\\/aaknives.eu\\\/lt\\\/product\\\/peilis-lynx-pagamintas-is-kokybisko-kaltinio-nerudijancio-plieno\\\/#breadcrumb\"},\"inLanguage\":\"lt-LT\",\"potentialAction\":[{\"@type\":\"ReadAction\",\"target\":[\"https:\\\/\\\/aaknives.eu\\\/lt\\\/product\\\/peilis-lynx-pagamintas-is-kokybisko-kaltinio-nerudijancio-plieno\\\/\"]}]},{\"@type\":\"ImageObject\",\"inLanguage\":\"lt-LT\",\"@id\":\"https:\\\/\\\/aaknives.eu\\\/lt\\\/product\\\/peilis-lynx-pagamintas-is-kokybisko-kaltinio-nerudijancio-plieno\\\/#primaryimage\",\"url\":\"https:\\\/\\\/aaknives.eu\\\/wp-content\\\/uploads\\\/2021\\\/09\\\/aaknives-hand-forged-dabascus-steel-blade-knife-handmade-custom-made-knife-handcrafted-knives-autinetools-northmen-5-2-26.jpg\",\"contentUrl\":\"https:\\\/\\\/aaknives.eu\\\/wp-content\\\/uploads\\\/2021\\\/09\\\/aaknives-hand-forged-dabascus-steel-blade-knife-handmade-custom-made-knife-handcrafted-knives-autinetools-northmen-5-2-26.jpg\",\"width\":1020,\"height\":880,\"caption\":\"aaknives hand forged dabascus steel blade knife handmade custom made knife handcrafted knives autinetools northmen 5 2 26\"},{\"@type\":\"BreadcrumbList\",\"@id\":\"https:\\\/\\\/aaknives.eu\\\/lt\\\/product\\\/peilis-lynx-pagamintas-is-kokybisko-kaltinio-nerudijancio-plieno\\\/#breadcrumb\",\"itemListElement\":[{\"@type\":\"ListItem\",\"position\":1,\"name\":\"Home\",\"item\":\"https:\\\/\\\/aaknives.eu\\\/lt\\\/\"},{\"@type\":\"ListItem\",\"position\":2,\"name\":\"Parduotuv\u0117\",\"item\":\"https:\\\/\\\/aaknives.eu\\\/parduotuve\\\/\"},{\"@type\":\"ListItem\",\"position\":3,\"name\":\"Peilis &#8221;LYNX&#8221; pagamintas i\u0161 kokybi\u0161ko kaltinio ner\u016bdijan\u010dio plieno\"}]},{\"@type\":\"WebSite\",\"@id\":\"https:\\\/\\\/aaknives.eu\\\/lt\\\/#website\",\"url\":\"https:\\\/\\\/aaknives.eu\\\/lt\\\/\",\"name\":\"AAKnives\",\"description\":\"Handmade knives\",\"publisher\":{\"@id\":\"https:\\\/\\\/aaknives.eu\\\/lt\\\/#organization\"},\"potentialAction\":[{\"@type\":\"SearchAction\",\"target\":{\"@type\":\"EntryPoint\",\"urlTemplate\":\"https:\\\/\\\/aaknives.eu\\\/lt\\\/?s={search_term_string}\"},\"query-input\":{\"@type\":\"PropertyValueSpecification\",\"valueRequired\":true,\"valueName\":\"search_term_string\"}}],\"inLanguage\":\"lt-LT\"},{\"@type\":\"Organization\",\"@id\":\"https:\\\/\\\/aaknives.eu\\\/lt\\\/#organization\",\"name\":\"AAKnives\",\"url\":\"https:\\\/\\\/aaknives.eu\\\/lt\\\/\",\"logo\":{\"@type\":\"ImageObject\",\"inLanguage\":\"lt-LT\",\"@id\":\"https:\\\/\\\/aaknives.eu\\\/lt\\\/#\\\/schema\\\/logo\\\/image\\\/\",\"url\":\"https:\\\/\\\/aaknives.eu\\\/wp-content\\\/uploads\\\/2021\\\/10\\\/AAknives_Logo_Green.png\",\"contentUrl\":\"https:\\\/\\\/aaknives.eu\\\/wp-content\\\/uploads\\\/2021\\\/10\\\/AAknives_Logo_Green.png\",\"width\":1768,\"height\":1768,\"caption\":\"AAKnives\"},\"image\":{\"@id\":\"https:\\\/\\\/aaknives.eu\\\/lt\\\/#\\\/schema\\\/logo\\\/image\\\/\"},\"sameAs\":[\"https:\\\/\\\/www.facebook.com\\\/aaknives.eu\\\/\",\"https:\\\/\\\/www.instagram.com\\\/aaknives\\\/\",\"https:\\\/\\\/www.pinterest.com\\\/aa_knives\\\/\",\"https:\\\/\\\/www.youtube.com\\\/channel\\\/UCHOQFjrOkgT6s4FIw9LDKyw\\\/featured\"]}]}<\/script>\n<!-- \/ Yoast SEO plugin. -->","yoast_head_json":{"title":"Peilis ''LYNX'' pagamintas i\u0161 kokybi\u0161ko kaltinio ner\u016bdijan\u010dio plieno - AAKnives","description":"Peilis ''LYNX'' pagamintas i\u0161 kokybi\u0161ko kaltinio ner\u016bdijan\u010dio plieno","robots":{"index":"index","follow":"follow","max-snippet":"max-snippet:-1","max-image-preview":"max-image-preview:large","max-video-preview":"max-video-preview:-1"},"canonical":"https:\/\/aaknives.eu\/lt\/product\/peilis-lynx-pagamintas-is-kokybisko-kaltinio-nerudijancio-plieno\/","og_locale":"lt_LT","og_type":"article","og_title":"Peilis ''LYNX'' pagamintas i\u0161 kokybi\u0161ko kaltinio ner\u016bdijan\u010dio plieno - AAKnives","og_description":"Peilis ''LYNX'' pagamintas i\u0161 kokybi\u0161ko kaltinio ner\u016bdijan\u010dio plieno","og_url":"https:\/\/aaknives.eu\/lt\/product\/peilis-lynx-pagamintas-is-kokybisko-kaltinio-nerudijancio-plieno\/","og_site_name":"AAKnives","article_publisher":"https:\/\/www.facebook.com\/aaknives.eu\/","og_image":[{"width":1020,"height":880,"url":"https:\/\/aaknives.eu\/wp-content\/uploads\/2021\/09\/aaknives-hand-forged-dabascus-steel-blade-knife-handmade-custom-made-knife-handcrafted-knives-autinetools-northmen-5-2-26.jpg","type":"image\/jpeg"}],"twitter_card":"summary_large_image","schema":{"@context":"https:\/\/schema.org","@graph":[{"@type":"WebPage","@id":"https:\/\/aaknives.eu\/lt\/product\/peilis-lynx-pagamintas-is-kokybisko-kaltinio-nerudijancio-plieno\/","url":"https:\/\/aaknives.eu\/lt\/product\/peilis-lynx-pagamintas-is-kokybisko-kaltinio-nerudijancio-plieno\/","name":"Peilis ''LYNX'' pagamintas i\u0161 kokybi\u0161ko kaltinio ner\u016bdijan\u010dio plieno - AAKnives","isPartOf":{"@id":"https:\/\/aaknives.eu\/lt\/#website"},"primaryImageOfPage":{"@id":"https:\/\/aaknives.eu\/lt\/product\/peilis-lynx-pagamintas-is-kokybisko-kaltinio-nerudijancio-plieno\/#primaryimage"},"image":{"@id":"https:\/\/aaknives.eu\/lt\/product\/peilis-lynx-pagamintas-is-kokybisko-kaltinio-nerudijancio-plieno\/#primaryimage"},"thumbnailUrl":"https:\/\/aaknives.eu\/wp-content\/uploads\/2021\/09\/aaknives-hand-forged-dabascus-steel-blade-knife-handmade-custom-made-knife-handcrafted-knives-autinetools-northmen-5-2-26.jpg","datePublished":"2021-09-20T20:13:51+00:00","description":"Peilis ''LYNX'' pagamintas i\u0161 kokybi\u0161ko kaltinio ner\u016bdijan\u010dio plieno","breadcrumb":{"@id":"https:\/\/aaknives.eu\/lt\/product\/peilis-lynx-pagamintas-is-kokybisko-kaltinio-nerudijancio-plieno\/#breadcrumb"},"inLanguage":"lt-LT","potentialAction":[{"@type":"ReadAction","target":["https:\/\/aaknives.eu\/lt\/product\/peilis-lynx-pagamintas-is-kokybisko-kaltinio-nerudijancio-plieno\/"]}]},{"@type":"ImageObject","inLanguage":"lt-LT","@id":"https:\/\/aaknives.eu\/lt\/product\/peilis-lynx-pagamintas-is-kokybisko-kaltinio-nerudijancio-plieno\/#primaryimage","url":"https:\/\/aaknives.eu\/wp-content\/uploads\/2021\/09\/aaknives-hand-forged-dabascus-steel-blade-knife-handmade-custom-made-knife-handcrafted-knives-autinetools-northmen-5-2-26.jpg","contentUrl":"https:\/\/aaknives.eu\/wp-content\/uploads\/2021\/09\/aaknives-hand-forged-dabascus-steel-blade-knife-handmade-custom-made-knife-handcrafted-knives-autinetools-northmen-5-2-26.jpg","width":1020,"height":880,"caption":"aaknives hand forged dabascus steel blade knife handmade custom made knife handcrafted knives autinetools northmen 5 2 26"},{"@type":"BreadcrumbList","@id":"https:\/\/aaknives.eu\/lt\/product\/peilis-lynx-pagamintas-is-kokybisko-kaltinio-nerudijancio-plieno\/#breadcrumb","itemListElement":[{"@type":"ListItem","position":1,"name":"Home","item":"https:\/\/aaknives.eu\/lt\/"},{"@type":"ListItem","position":2,"name":"Parduotuv\u0117","item":"https:\/\/aaknives.eu\/parduotuve\/"},{"@type":"ListItem","position":3,"name":"Peilis &#8221;LYNX&#8221; pagamintas i\u0161 kokybi\u0161ko kaltinio ner\u016bdijan\u010dio plieno"}]},{"@type":"WebSite","@id":"https:\/\/aaknives.eu\/lt\/#website","url":"https:\/\/aaknives.eu\/lt\/","name":"AAKnives","description":"Handmade knives","publisher":{"@id":"https:\/\/aaknives.eu\/lt\/#organization"},"potentialAction":[{"@type":"SearchAction","target":{"@type":"EntryPoint","urlTemplate":"https:\/\/aaknives.eu\/lt\/?s={search_term_string}"},"query-input":{"@type":"PropertyValueSpecification","valueRequired":true,"valueName":"search_term_string"}}],"inLanguage":"lt-LT"},{"@type":"Organization","@id":"https:\/\/aaknives.eu\/lt\/#organization","name":"AAKnives","url":"https:\/\/aaknives.eu\/lt\/","logo":{"@type":"ImageObject","inLanguage":"lt-LT","@id":"https:\/\/aaknives.eu\/lt\/#\/schema\/logo\/image\/","url":"https:\/\/aaknives.eu\/wp-content\/uploads\/2021\/10\/AAknives_Logo_Green.png","contentUrl":"https:\/\/aaknives.eu\/wp-content\/uploads\/2021\/10\/AAknives_Logo_Green.png","width":1768,"height":1768,"caption":"AAKnives"},"image":{"@id":"https:\/\/aaknives.eu\/lt\/#\/schema\/logo\/image\/"},"sameAs":["https:\/\/www.facebook.com\/aaknives.eu\/","https:\/\/www.instagram.com\/aaknives\/","https:\/\/www.pinterest.com\/aa_knives\/","https:\/\/www.youtube.com\/channel\/UCHOQFjrOkgT6s4FIw9LDKyw\/featured"]}]}},"_links":{"self":[{"href":"https:\/\/aaknives.eu\/lt\/wp-json\/wp\/v2\/product\/51572","targetHints":{"allow":["GET"]}}],"collection":[{"href":"https:\/\/aaknives.eu\/lt\/wp-json\/wp\/v2\/product"}],"about":[{"href":"https:\/\/aaknives.eu\/lt\/wp-json\/wp\/v2\/types\/product"}],"wp:featuredmedia":[{"embeddable":true,"href":"https:\/\/aaknives.eu\/lt\/wp-json\/wp\/v2\/media\/51573"}],"wp:attachment":[{"href":"https:\/\/aaknives.eu\/lt\/wp-json\/wp\/v2\/media?parent=51572"}],"wp:term":[{"taxonomy":"product_brand","embeddable":true,"href":"https:\/\/aaknives.eu\/lt\/wp-json\/wp\/v2\/product_brand?post=51572"},{"taxonomy":"product_cat","embeddable":true,"href":"https:\/\/aaknives.eu\/lt\/wp-json\/wp\/v2\/product_cat?post=51572"},{"taxonomy":"product_tag","embeddable":true,"href":"https:\/\/aaknives.eu\/lt\/wp-json\/wp\/v2\/product_tag?post=51572"}],"curies":[{"name":"wp","href":"https:\/\/api.w.org\/{rel}","templated":true}]}}