{"id":51792,"date":"2021-09-20T20:12:39","date_gmt":"2021-09-20T20:12:39","guid":{"rendered":"https:\/\/aaknives.eu\/product\/peilis-junker-bulat-wootz-plienas-rankena-raudonas-riesutmedis\/"},"modified":"2026-02-10T20:04:58","modified_gmt":"2026-02-10T20:04:58","slug":"peilis-finka-bulat-wootz-plienas-rankena-juoda-skroblo","status":"publish","type":"product","link":"https:\/\/aaknives.eu\/lt\/product\/peilis-finka-bulat-wootz-plienas-rankena-juoda-skroblo\/","title":{"rendered":"Peilis \u201eFINKA\u201c (Bulat &#8211; Wootz plienas), rankena juoda, skroblo"},"content":{"rendered":"<p>Peilio specifikacijos: \u201eFINKA\u201c<br \/>\nPlienas: Bulat (Wootz plienas)<br \/>\nKietumas: 61-63 HRC.<br \/>\nGele\u017et\u0117s ilgis (mm): 80 \/ 3,14 colio<br \/>\nGele\u017et\u0117s storis (mm): 3,5 \/ 0,13 colio<br \/>\nGele\u017et\u0117s plotis (mm): 26 \/ 1,02 colio<br \/>\nRankena: Erelio nagas<br \/>\nBendras ilgis (mm): 195 \/ 7,67 colio<br \/>\nPeilio tipas: med\u017eioklei, lauko<br \/>\nPakuot\u0117: peilis, odin\u0117 mak\u0161tis<\/p>\n<p>Bulat &#8211; Wootz plienas &#8211; rankomis kaltas anglinis plienas su specialia gele\u017et\u0117s strukt\u016bra, dideliu kietumu, padidintu patvarumu ir elastingumu. Kiekvienas Bulat plieno a\u0161menys turi savit\u0105 individual\u0173 ra\u0161t\u0105. \u201eAA knifes\u201c gamina peilius i\u0161 legiruoto Bulat plieno, kurio pagrindas yra metalas H12MF ir ShH15. Bulat plieno privalumai:<br \/>\nAuk\u0161tas Kietumas<br \/>\nPadidintas patvarumas<br \/>\nElastingumas<br \/>\nIlgalaikis a\u0161trumas<br \/>\nGele\u017et\u0117s kietumas 61\u201364 HRC<br \/>\nRank\u0173 darbo<\/p>\n","protected":false},"excerpt":{"rendered":"<p>Peilio specifikacijos: \u201eFINKA\u201c Plienas: Bulat (Wootz plienas) Kietumas: 61-63 HRC. Gele\u017et\u0117s ilgis (mm): 80 \/ 3,14 colio Gele\u017et\u0117s storis (mm): 3,5 \/ 0,13 colio Gele\u017et\u0117s plotis (mm): 26 \/ 1,02 colio Rankena: Erelio nagas Bendras ilgis (mm): 195 \/ 7,67 colio Peilio tipas: med\u017eioklei, lauko Pakuot\u0117: peilis, odin\u0117 mak\u0161tis Bulat &#8211; Wootz plienas &#8211; rankomis kaltas anglinis plienas su specialia gele\u017et\u0117s strukt\u016bra, dideliu kietumu, padidintu patvarumu ir elastingumu. Kiekvienas Bulat plieno a\u0161menys turi savit\u0105 individual\u0173 ra\u0161t\u0105. \u201eAA knifes\u201c gamina peilius i\u0161 legiruoto Bulat plieno, kurio pagrindas yra metalas H12MF ir ShH15. Bulat plieno privalumai: Auk\u0161tas Kietumas Padidintas patvarumas Elastingumas Ilgalaikis&hellip;<\/p>\n","protected":false},"featured_media":107913,"template":"","meta":{"_themeisle_gutenberg_block_has_review":false},"product_brand":[],"product_cat":[381,386,385],"product_tag":[],"class_list":{"0":"post-51792","1":"product","2":"type-product","3":"status-publish","4":"has-post-thumbnail","6":"product_cat-lauko-peiliai","7":"product_cat-medziokliniai-peiliai","8":"product_cat-zvejybos-peiliai","10":"first","11":"instock","12":"shipping-taxable","13":"purchasable","14":"product-type-simple"},"yoast_head":"<!-- This site is optimized with the Yoast SEO plugin v27.5 - https:\/\/yoast.com\/product\/yoast-seo-wordpress\/ -->\n<title>Peilis \u201eFINKA\u201c (Bulat - Wootz plienas), rankena juoda, skroblo - AAKnives<\/title>\n<meta name=\"description\" content=\"Bulat \u2013 Wootz plienas \u2013 rankomis kaltas lietos anglies plienas su specialia gele\u017et\u0117s strukt\u016bra, dideliu kietumu, padidintu patvarumu ir elastingumu. Kiekvienas Bulat plieno gele\u017et\u0117 turi savit\u0105 individual\u0173 ra\u0161t\u0105.\" \/>\n<meta name=\"robots\" content=\"index, follow, max-snippet:-1, max-image-preview:large, max-video-preview:-1\" \/>\n<link rel=\"canonical\" href=\"https:\/\/aaknives.eu\/lt\/product\/peilis-finka-bulat-wootz-plienas-rankena-juoda-skroblo\/\" \/>\n<meta property=\"og:locale\" content=\"lt_LT\" \/>\n<meta property=\"og:type\" content=\"article\" \/>\n<meta property=\"og:title\" content=\"Peilis \u201eFINKA\u201c (Bulat - Wootz plienas), rankena juoda, skroblo - AAKnives\" \/>\n<meta property=\"og:description\" content=\"Bulat \u2013 Wootz plienas \u2013 rankomis kaltas lietos anglies plienas su specialia gele\u017et\u0117s strukt\u016bra, dideliu kietumu, padidintu patvarumu ir elastingumu. Kiekvienas Bulat plieno gele\u017et\u0117 turi savit\u0105 individual\u0173 ra\u0161t\u0105.\" \/>\n<meta property=\"og:url\" content=\"https:\/\/aaknives.eu\/lt\/product\/peilis-finka-bulat-wootz-plienas-rankena-juoda-skroblo\/\" \/>\n<meta property=\"og:site_name\" content=\"AAKnives\" \/>\n<meta property=\"article:publisher\" content=\"https:\/\/www.facebook.com\/aaknives.eu\/\" \/>\n<meta property=\"article:modified_time\" content=\"2026-02-10T20:04:58+00:00\" \/>\n<meta property=\"og:image\" content=\"https:\/\/aaknives.eu\/wp-content\/uploads\/2021\/09\/aaknives-hand-forged-damascus-steel-blade-knife-handmade-custom-made-knife-handcrafted-knives-autinetools-northmen-1-66-2.jpg\" \/>\n\t<meta property=\"og:image:width\" content=\"1020\" \/>\n\t<meta property=\"og:image:height\" content=\"880\" \/>\n\t<meta property=\"og:image:type\" content=\"image\/jpeg\" \/>\n<meta name=\"twitter:card\" content=\"summary_large_image\" \/>\n<meta name=\"twitter:label1\" content=\"Est. reading time\" \/>\n\t<meta name=\"twitter:data1\" content=\"1 minut\u0117\" \/>\n<script type=\"application\/ld+json\" class=\"yoast-schema-graph\">{\"@context\":\"https:\\\/\\\/schema.org\",\"@graph\":[{\"@type\":\"WebPage\",\"@id\":\"https:\\\/\\\/aaknives.eu\\\/lt\\\/product\\\/peilis-finka-bulat-wootz-plienas-rankena-juoda-skroblo\\\/\",\"url\":\"https:\\\/\\\/aaknives.eu\\\/lt\\\/product\\\/peilis-finka-bulat-wootz-plienas-rankena-juoda-skroblo\\\/\",\"name\":\"Peilis \u201eFINKA\u201c (Bulat - Wootz plienas), rankena juoda, skroblo - AAKnives\",\"isPartOf\":{\"@id\":\"https:\\\/\\\/aaknives.eu\\\/lt\\\/#website\"},\"primaryImageOfPage\":{\"@id\":\"https:\\\/\\\/aaknives.eu\\\/lt\\\/product\\\/peilis-finka-bulat-wootz-plienas-rankena-juoda-skroblo\\\/#primaryimage\"},\"image\":{\"@id\":\"https:\\\/\\\/aaknives.eu\\\/lt\\\/product\\\/peilis-finka-bulat-wootz-plienas-rankena-juoda-skroblo\\\/#primaryimage\"},\"thumbnailUrl\":\"https:\\\/\\\/aaknives.eu\\\/wp-content\\\/uploads\\\/2021\\\/09\\\/aaknives-hand-forged-damascus-steel-blade-knife-handmade-custom-made-knife-handcrafted-knives-autinetools-northmen-1-66-2.jpg\",\"datePublished\":\"2021-09-20T20:12:39+00:00\",\"dateModified\":\"2026-02-10T20:04:58+00:00\",\"description\":\"Bulat \u2013 Wootz plienas \u2013 rankomis kaltas lietos anglies plienas su specialia gele\u017et\u0117s strukt\u016bra, dideliu kietumu, padidintu patvarumu ir elastingumu. Kiekvienas Bulat plieno gele\u017et\u0117 turi savit\u0105 individual\u0173 ra\u0161t\u0105.\",\"breadcrumb\":{\"@id\":\"https:\\\/\\\/aaknives.eu\\\/lt\\\/product\\\/peilis-finka-bulat-wootz-plienas-rankena-juoda-skroblo\\\/#breadcrumb\"},\"inLanguage\":\"lt-LT\",\"potentialAction\":[{\"@type\":\"ReadAction\",\"target\":[\"https:\\\/\\\/aaknives.eu\\\/lt\\\/product\\\/peilis-finka-bulat-wootz-plienas-rankena-juoda-skroblo\\\/\"]}]},{\"@type\":\"ImageObject\",\"inLanguage\":\"lt-LT\",\"@id\":\"https:\\\/\\\/aaknives.eu\\\/lt\\\/product\\\/peilis-finka-bulat-wootz-plienas-rankena-juoda-skroblo\\\/#primaryimage\",\"url\":\"https:\\\/\\\/aaknives.eu\\\/wp-content\\\/uploads\\\/2021\\\/09\\\/aaknives-hand-forged-damascus-steel-blade-knife-handmade-custom-made-knife-handcrafted-knives-autinetools-northmen-1-66-2.jpg\",\"contentUrl\":\"https:\\\/\\\/aaknives.eu\\\/wp-content\\\/uploads\\\/2021\\\/09\\\/aaknives-hand-forged-damascus-steel-blade-knife-handmade-custom-made-knife-handcrafted-knives-autinetools-northmen-1-66-2.jpg\",\"width\":1020,\"height\":880},{\"@type\":\"BreadcrumbList\",\"@id\":\"https:\\\/\\\/aaknives.eu\\\/lt\\\/product\\\/peilis-finka-bulat-wootz-plienas-rankena-juoda-skroblo\\\/#breadcrumb\",\"itemListElement\":[{\"@type\":\"ListItem\",\"position\":1,\"name\":\"Home\",\"item\":\"https:\\\/\\\/aaknives.eu\\\/lt\\\/\"},{\"@type\":\"ListItem\",\"position\":2,\"name\":\"Parduotuv\u0117\",\"item\":\"https:\\\/\\\/aaknives.eu\\\/parduotuve\\\/\"},{\"@type\":\"ListItem\",\"position\":3,\"name\":\"Peilis \u201eFINKA\u201c (Bulat &#8211; Wootz plienas), rankena juoda, skroblo\"}]},{\"@type\":\"WebSite\",\"@id\":\"https:\\\/\\\/aaknives.eu\\\/lt\\\/#website\",\"url\":\"https:\\\/\\\/aaknives.eu\\\/lt\\\/\",\"name\":\"AAKnives\",\"description\":\"Handmade knives\",\"publisher\":{\"@id\":\"https:\\\/\\\/aaknives.eu\\\/lt\\\/#organization\"},\"potentialAction\":[{\"@type\":\"SearchAction\",\"target\":{\"@type\":\"EntryPoint\",\"urlTemplate\":\"https:\\\/\\\/aaknives.eu\\\/lt\\\/?s={search_term_string}\"},\"query-input\":{\"@type\":\"PropertyValueSpecification\",\"valueRequired\":true,\"valueName\":\"search_term_string\"}}],\"inLanguage\":\"lt-LT\"},{\"@type\":\"Organization\",\"@id\":\"https:\\\/\\\/aaknives.eu\\\/lt\\\/#organization\",\"name\":\"AAKnives\",\"url\":\"https:\\\/\\\/aaknives.eu\\\/lt\\\/\",\"logo\":{\"@type\":\"ImageObject\",\"inLanguage\":\"lt-LT\",\"@id\":\"https:\\\/\\\/aaknives.eu\\\/lt\\\/#\\\/schema\\\/logo\\\/image\\\/\",\"url\":\"https:\\\/\\\/aaknives.eu\\\/wp-content\\\/uploads\\\/2021\\\/10\\\/AAknives_Logo_Green.png\",\"contentUrl\":\"https:\\\/\\\/aaknives.eu\\\/wp-content\\\/uploads\\\/2021\\\/10\\\/AAknives_Logo_Green.png\",\"width\":1768,\"height\":1768,\"caption\":\"AAKnives\"},\"image\":{\"@id\":\"https:\\\/\\\/aaknives.eu\\\/lt\\\/#\\\/schema\\\/logo\\\/image\\\/\"},\"sameAs\":[\"https:\\\/\\\/www.facebook.com\\\/aaknives.eu\\\/\",\"https:\\\/\\\/www.instagram.com\\\/aaknives\\\/\",\"https:\\\/\\\/www.pinterest.com\\\/aa_knives\\\/\",\"https:\\\/\\\/www.youtube.com\\\/channel\\\/UCHOQFjrOkgT6s4FIw9LDKyw\\\/featured\"]}]}<\/script>\n<!-- \/ Yoast SEO plugin. -->","yoast_head_json":{"title":"Peilis \u201eFINKA\u201c (Bulat - Wootz plienas), rankena juoda, skroblo - AAKnives","description":"Bulat \u2013 Wootz plienas \u2013 rankomis kaltas lietos anglies plienas su specialia gele\u017et\u0117s strukt\u016bra, dideliu kietumu, padidintu patvarumu ir elastingumu. Kiekvienas Bulat plieno gele\u017et\u0117 turi savit\u0105 individual\u0173 ra\u0161t\u0105.","robots":{"index":"index","follow":"follow","max-snippet":"max-snippet:-1","max-image-preview":"max-image-preview:large","max-video-preview":"max-video-preview:-1"},"canonical":"https:\/\/aaknives.eu\/lt\/product\/peilis-finka-bulat-wootz-plienas-rankena-juoda-skroblo\/","og_locale":"lt_LT","og_type":"article","og_title":"Peilis \u201eFINKA\u201c (Bulat - Wootz plienas), rankena juoda, skroblo - AAKnives","og_description":"Bulat \u2013 Wootz plienas \u2013 rankomis kaltas lietos anglies plienas su specialia gele\u017et\u0117s strukt\u016bra, dideliu kietumu, padidintu patvarumu ir elastingumu. Kiekvienas Bulat plieno gele\u017et\u0117 turi savit\u0105 individual\u0173 ra\u0161t\u0105.","og_url":"https:\/\/aaknives.eu\/lt\/product\/peilis-finka-bulat-wootz-plienas-rankena-juoda-skroblo\/","og_site_name":"AAKnives","article_publisher":"https:\/\/www.facebook.com\/aaknives.eu\/","article_modified_time":"2026-02-10T20:04:58+00:00","og_image":[{"width":1020,"height":880,"url":"https:\/\/aaknives.eu\/wp-content\/uploads\/2021\/09\/aaknives-hand-forged-damascus-steel-blade-knife-handmade-custom-made-knife-handcrafted-knives-autinetools-northmen-1-66-2.jpg","type":"image\/jpeg"}],"twitter_card":"summary_large_image","twitter_misc":{"Est. reading time":"1 minut\u0117"},"schema":{"@context":"https:\/\/schema.org","@graph":[{"@type":"WebPage","@id":"https:\/\/aaknives.eu\/lt\/product\/peilis-finka-bulat-wootz-plienas-rankena-juoda-skroblo\/","url":"https:\/\/aaknives.eu\/lt\/product\/peilis-finka-bulat-wootz-plienas-rankena-juoda-skroblo\/","name":"Peilis \u201eFINKA\u201c (Bulat - Wootz plienas), rankena juoda, skroblo - AAKnives","isPartOf":{"@id":"https:\/\/aaknives.eu\/lt\/#website"},"primaryImageOfPage":{"@id":"https:\/\/aaknives.eu\/lt\/product\/peilis-finka-bulat-wootz-plienas-rankena-juoda-skroblo\/#primaryimage"},"image":{"@id":"https:\/\/aaknives.eu\/lt\/product\/peilis-finka-bulat-wootz-plienas-rankena-juoda-skroblo\/#primaryimage"},"thumbnailUrl":"https:\/\/aaknives.eu\/wp-content\/uploads\/2021\/09\/aaknives-hand-forged-damascus-steel-blade-knife-handmade-custom-made-knife-handcrafted-knives-autinetools-northmen-1-66-2.jpg","datePublished":"2021-09-20T20:12:39+00:00","dateModified":"2026-02-10T20:04:58+00:00","description":"Bulat \u2013 Wootz plienas \u2013 rankomis kaltas lietos anglies plienas su specialia gele\u017et\u0117s strukt\u016bra, dideliu kietumu, padidintu patvarumu ir elastingumu. Kiekvienas Bulat plieno gele\u017et\u0117 turi savit\u0105 individual\u0173 ra\u0161t\u0105.","breadcrumb":{"@id":"https:\/\/aaknives.eu\/lt\/product\/peilis-finka-bulat-wootz-plienas-rankena-juoda-skroblo\/#breadcrumb"},"inLanguage":"lt-LT","potentialAction":[{"@type":"ReadAction","target":["https:\/\/aaknives.eu\/lt\/product\/peilis-finka-bulat-wootz-plienas-rankena-juoda-skroblo\/"]}]},{"@type":"ImageObject","inLanguage":"lt-LT","@id":"https:\/\/aaknives.eu\/lt\/product\/peilis-finka-bulat-wootz-plienas-rankena-juoda-skroblo\/#primaryimage","url":"https:\/\/aaknives.eu\/wp-content\/uploads\/2021\/09\/aaknives-hand-forged-damascus-steel-blade-knife-handmade-custom-made-knife-handcrafted-knives-autinetools-northmen-1-66-2.jpg","contentUrl":"https:\/\/aaknives.eu\/wp-content\/uploads\/2021\/09\/aaknives-hand-forged-damascus-steel-blade-knife-handmade-custom-made-knife-handcrafted-knives-autinetools-northmen-1-66-2.jpg","width":1020,"height":880},{"@type":"BreadcrumbList","@id":"https:\/\/aaknives.eu\/lt\/product\/peilis-finka-bulat-wootz-plienas-rankena-juoda-skroblo\/#breadcrumb","itemListElement":[{"@type":"ListItem","position":1,"name":"Home","item":"https:\/\/aaknives.eu\/lt\/"},{"@type":"ListItem","position":2,"name":"Parduotuv\u0117","item":"https:\/\/aaknives.eu\/parduotuve\/"},{"@type":"ListItem","position":3,"name":"Peilis \u201eFINKA\u201c (Bulat &#8211; Wootz plienas), rankena juoda, skroblo"}]},{"@type":"WebSite","@id":"https:\/\/aaknives.eu\/lt\/#website","url":"https:\/\/aaknives.eu\/lt\/","name":"AAKnives","description":"Handmade knives","publisher":{"@id":"https:\/\/aaknives.eu\/lt\/#organization"},"potentialAction":[{"@type":"SearchAction","target":{"@type":"EntryPoint","urlTemplate":"https:\/\/aaknives.eu\/lt\/?s={search_term_string}"},"query-input":{"@type":"PropertyValueSpecification","valueRequired":true,"valueName":"search_term_string"}}],"inLanguage":"lt-LT"},{"@type":"Organization","@id":"https:\/\/aaknives.eu\/lt\/#organization","name":"AAKnives","url":"https:\/\/aaknives.eu\/lt\/","logo":{"@type":"ImageObject","inLanguage":"lt-LT","@id":"https:\/\/aaknives.eu\/lt\/#\/schema\/logo\/image\/","url":"https:\/\/aaknives.eu\/wp-content\/uploads\/2021\/10\/AAknives_Logo_Green.png","contentUrl":"https:\/\/aaknives.eu\/wp-content\/uploads\/2021\/10\/AAknives_Logo_Green.png","width":1768,"height":1768,"caption":"AAKnives"},"image":{"@id":"https:\/\/aaknives.eu\/lt\/#\/schema\/logo\/image\/"},"sameAs":["https:\/\/www.facebook.com\/aaknives.eu\/","https:\/\/www.instagram.com\/aaknives\/","https:\/\/www.pinterest.com\/aa_knives\/","https:\/\/www.youtube.com\/channel\/UCHOQFjrOkgT6s4FIw9LDKyw\/featured"]}]}},"_links":{"self":[{"href":"https:\/\/aaknives.eu\/lt\/wp-json\/wp\/v2\/product\/51792","targetHints":{"allow":["GET"]}}],"collection":[{"href":"https:\/\/aaknives.eu\/lt\/wp-json\/wp\/v2\/product"}],"about":[{"href":"https:\/\/aaknives.eu\/lt\/wp-json\/wp\/v2\/types\/product"}],"wp:featuredmedia":[{"embeddable":true,"href":"https:\/\/aaknives.eu\/lt\/wp-json\/wp\/v2\/media\/107913"}],"wp:attachment":[{"href":"https:\/\/aaknives.eu\/lt\/wp-json\/wp\/v2\/media?parent=51792"}],"wp:term":[{"taxonomy":"product_brand","embeddable":true,"href":"https:\/\/aaknives.eu\/lt\/wp-json\/wp\/v2\/product_brand?post=51792"},{"taxonomy":"product_cat","embeddable":true,"href":"https:\/\/aaknives.eu\/lt\/wp-json\/wp\/v2\/product_cat?post=51792"},{"taxonomy":"product_tag","embeddable":true,"href":"https:\/\/aaknives.eu\/lt\/wp-json\/wp\/v2\/product_tag?post=51792"}],"curies":[{"name":"wp","href":"https:\/\/api.w.org\/{rel}","templated":true}]}}