{"id":51869,"date":"2024-02-06T19:30:05","date_gmt":"2024-02-06T19:30:05","guid":{"rendered":"https:\/\/aaknives.eu\/product\/tanto-bamboo-bulat-plieno-asmenys-3\/"},"modified":"2024-02-06T19:30:05","modified_gmt":"2024-02-06T19:30:05","slug":"tanto-bamboo-bulat-plieno-asmenys-3","status":"publish","type":"product","link":"https:\/\/aaknives.eu\/lt\/product\/tanto-bamboo-bulat-plieno-asmenys-3\/","title":{"rendered":"&#8220;TANTO-BAMBOO&#8221;, Bulat plieno a\u0161menys"},"content":{"rendered":"<p>Peilio specifikacijos: \u201cTANTO-BAMBOO\u201d<br \/>\nPlienas: Gele\u017et\u0117: Bulat plienas<br \/>\nKietumas: 62-63 HRC<br \/>\nGele\u017et\u0117s ilgis (mm): (mm): 170 \/ 6,69 colio<br \/>\nGele\u017et\u0117s storis (mm): (mm): 3 \/ 0,11 colio<br \/>\nA\u0161men\u0173 plotis (mm): Atsparumas (mm): 27 \/ 1,06 colio<br \/>\nRankena: .<br \/>\nBendras ilgis (mm): Vidutinis ilgis (mm): 330 \/ 12,99 coli\u0173<br \/>\nPeili\u0173 tipas: med\u017eiokliniai, lauko peiliai<br \/>\nPakuot\u0117: peilis, medinis d\u0117klas<\/p>\n<p>\u00a0<\/p>\n<p>Bulat \u2013 Wootz Steel<br \/>\nAnglies liejinys i\u0161 rankomis kalto plieno<br \/>\nsu specialia a\u0161men\u0173 strukt\u016bra, didelio kietumo, didesnio patvarumo ir elastingumo.<br \/>\nKiekviena Bulat plieno gele\u017et\u0117 turi savit\u0105 individual\u0173 ra\u0161t\u0105.<br \/>\n\u201cAA knives\u201d gamina peilius i\u0161 legiruoto tiglinio Bulat plieno, kurio pagrind\u0105 sudaro metalas H12MF ir ShH15.<\/p>\n<p>\u201cBulat\u201d plieno peili\u0173 privalumai:<\/p>\n<p>Didelis kietumas<br \/>\nDidesnis patvarumas<br \/>\nElastingumas<br \/>\nIlgalaikis a\u0161trumas<br \/>\nGele\u017et\u0117s kietumas 62-64 HRC.<br \/>\nRank\u0173 darbo<\/p>\n","protected":false},"excerpt":{"rendered":"<p>Peilio specifikacijos: \u201cTANTO-BAMBOO\u201d Plienas: Gele\u017et\u0117: Bulat plienas Kietumas: 62-63 HRC Gele\u017et\u0117s ilgis (mm): (mm): 170 \/ 6,69 colio Gele\u017et\u0117s storis (mm): (mm): 3 \/ 0,11 colio A\u0161men\u0173 plotis (mm): Atsparumas (mm): 27 \/ 1,06 colio Rankena: . Bendras ilgis (mm): Vidutinis ilgis (mm): 330 \/ 12,99 coli\u0173 Peili\u0173 tipas: med\u017eiokliniai, lauko peiliai Pakuot\u0117: peilis, medinis d\u0117klas \u00a0 Bulat \u2013 Wootz Steel Anglies liejinys i\u0161 rankomis kalto plieno su specialia a\u0161men\u0173 strukt\u016bra, didelio kietumo, didesnio patvarumo ir elastingumo. Kiekviena Bulat plieno gele\u017et\u0117 turi savit\u0105 individual\u0173 ra\u0161t\u0105. \u201cAA knives\u201d gamina peilius i\u0161 legiruoto tiglinio Bulat plieno, kurio pagrind\u0105 sudaro metalas H12MF ir&hellip;<\/p>\n","protected":false},"featured_media":46678,"template":"","meta":{"_themeisle_gutenberg_block_has_review":false},"product_brand":[],"product_cat":[380,381],"product_tag":[],"class_list":{"0":"post-51869","1":"product","2":"type-product","3":"status-publish","4":"has-post-thumbnail","6":"product_cat-premium-ir-isskirtiniai-peiliai","7":"product_cat-lauko-peiliai","9":"first","10":"instock","11":"featured","12":"shipping-taxable","13":"purchasable","14":"product-type-simple"},"yoast_head":"<!-- This site is optimized with the Yoast SEO plugin v27.5 - https:\/\/yoast.com\/product\/yoast-seo-wordpress\/ -->\n<title>&quot;TANTO-BAMBOO&quot;, Bulat plieno a\u0161menys - AAKnives<\/title>\n<meta name=\"description\" content=\"&quot;TANTO-BAMBOO&quot;, Bulat plieno a\u0161menys\" \/>\n<meta name=\"robots\" content=\"index, follow, max-snippet:-1, max-image-preview:large, max-video-preview:-1\" \/>\n<link rel=\"canonical\" href=\"https:\/\/aaknives.eu\/lt\/product\/tanto-bamboo-bulat-plieno-asmenys-3\/\" \/>\n<meta property=\"og:locale\" content=\"lt_LT\" \/>\n<meta property=\"og:type\" content=\"article\" \/>\n<meta property=\"og:title\" content=\"&quot;TANTO-BAMBOO&quot;, Bulat plieno a\u0161menys - AAKnives\" \/>\n<meta property=\"og:description\" content=\"&quot;TANTO-BAMBOO&quot;, Bulat plieno a\u0161menys\" \/>\n<meta property=\"og:url\" content=\"https:\/\/aaknives.eu\/lt\/product\/tanto-bamboo-bulat-plieno-asmenys-3\/\" \/>\n<meta property=\"og:site_name\" content=\"AAKnives\" \/>\n<meta property=\"article:publisher\" content=\"https:\/\/www.facebook.com\/aaknives.eu\/\" \/>\n<meta property=\"og:image\" content=\"https:\/\/aaknives.eu\/wp-content\/uploads\/2024\/02\/aaknives-hand-forged-dabascus-steel-blade-knife-handmade-custom-made-knife-handcrafted-knives-autinetools-northmen-26-2.jpg\" \/>\n\t<meta property=\"og:image:width\" content=\"1020\" \/>\n\t<meta property=\"og:image:height\" content=\"880\" \/>\n\t<meta property=\"og:image:type\" content=\"image\/jpeg\" \/>\n<meta name=\"twitter:card\" content=\"summary_large_image\" \/>\n<meta name=\"twitter:label1\" content=\"Est. reading time\" \/>\n\t<meta name=\"twitter:data1\" content=\"1 minut\u0117\" \/>\n<script type=\"application\/ld+json\" class=\"yoast-schema-graph\">{\"@context\":\"https:\\\/\\\/schema.org\",\"@graph\":[{\"@type\":\"WebPage\",\"@id\":\"https:\\\/\\\/aaknives.eu\\\/lt\\\/product\\\/tanto-bamboo-bulat-plieno-asmenys-3\\\/\",\"url\":\"https:\\\/\\\/aaknives.eu\\\/lt\\\/product\\\/tanto-bamboo-bulat-plieno-asmenys-3\\\/\",\"name\":\"\\\"TANTO-BAMBOO\\\", Bulat plieno a\u0161menys - AAKnives\",\"isPartOf\":{\"@id\":\"https:\\\/\\\/aaknives.eu\\\/lt\\\/#website\"},\"primaryImageOfPage\":{\"@id\":\"https:\\\/\\\/aaknives.eu\\\/lt\\\/product\\\/tanto-bamboo-bulat-plieno-asmenys-3\\\/#primaryimage\"},\"image\":{\"@id\":\"https:\\\/\\\/aaknives.eu\\\/lt\\\/product\\\/tanto-bamboo-bulat-plieno-asmenys-3\\\/#primaryimage\"},\"thumbnailUrl\":\"https:\\\/\\\/aaknives.eu\\\/wp-content\\\/uploads\\\/2024\\\/02\\\/aaknives-hand-forged-dabascus-steel-blade-knife-handmade-custom-made-knife-handcrafted-knives-autinetools-northmen-26-2.jpg\",\"datePublished\":\"2024-02-06T19:30:05+00:00\",\"description\":\"\\\"TANTO-BAMBOO\\\", Bulat plieno a\u0161menys\",\"breadcrumb\":{\"@id\":\"https:\\\/\\\/aaknives.eu\\\/lt\\\/product\\\/tanto-bamboo-bulat-plieno-asmenys-3\\\/#breadcrumb\"},\"inLanguage\":\"lt-LT\",\"potentialAction\":[{\"@type\":\"ReadAction\",\"target\":[\"https:\\\/\\\/aaknives.eu\\\/lt\\\/product\\\/tanto-bamboo-bulat-plieno-asmenys-3\\\/\"]}]},{\"@type\":\"ImageObject\",\"inLanguage\":\"lt-LT\",\"@id\":\"https:\\\/\\\/aaknives.eu\\\/lt\\\/product\\\/tanto-bamboo-bulat-plieno-asmenys-3\\\/#primaryimage\",\"url\":\"https:\\\/\\\/aaknives.eu\\\/wp-content\\\/uploads\\\/2024\\\/02\\\/aaknives-hand-forged-dabascus-steel-blade-knife-handmade-custom-made-knife-handcrafted-knives-autinetools-northmen-26-2.jpg\",\"contentUrl\":\"https:\\\/\\\/aaknives.eu\\\/wp-content\\\/uploads\\\/2024\\\/02\\\/aaknives-hand-forged-dabascus-steel-blade-knife-handmade-custom-made-knife-handcrafted-knives-autinetools-northmen-26-2.jpg\",\"width\":1020,\"height\":880,\"caption\":\"aaknives rank\u0173 darbo peilis su rankomis kaltais dabascus plieno a\u0161menimis rank\u0173 darbo peilis pagal u\u017esakym\u0105 rank\u0173 darbo peiliai autinetools northmen 26 2\"},{\"@type\":\"BreadcrumbList\",\"@id\":\"https:\\\/\\\/aaknives.eu\\\/lt\\\/product\\\/tanto-bamboo-bulat-plieno-asmenys-3\\\/#breadcrumb\",\"itemListElement\":[{\"@type\":\"ListItem\",\"position\":1,\"name\":\"Home\",\"item\":\"https:\\\/\\\/aaknives.eu\\\/lt\\\/\"},{\"@type\":\"ListItem\",\"position\":2,\"name\":\"Parduotuv\u0117\",\"item\":\"https:\\\/\\\/aaknives.eu\\\/parduotuve\\\/\"},{\"@type\":\"ListItem\",\"position\":3,\"name\":\"&#8220;TANTO-BAMBOO&#8221;, Bulat plieno a\u0161menys\"}]},{\"@type\":\"WebSite\",\"@id\":\"https:\\\/\\\/aaknives.eu\\\/lt\\\/#website\",\"url\":\"https:\\\/\\\/aaknives.eu\\\/lt\\\/\",\"name\":\"AAKnives\",\"description\":\"Handmade knives\",\"publisher\":{\"@id\":\"https:\\\/\\\/aaknives.eu\\\/lt\\\/#organization\"},\"alternateName\":\"Anri Ananin Knives\",\"potentialAction\":[{\"@type\":\"SearchAction\",\"target\":{\"@type\":\"EntryPoint\",\"urlTemplate\":\"https:\\\/\\\/aaknives.eu\\\/lt\\\/?s={search_term_string}\"},\"query-input\":{\"@type\":\"PropertyValueSpecification\",\"valueRequired\":true,\"valueName\":\"search_term_string\"}}],\"inLanguage\":\"lt-LT\"},{\"@type\":\"Organization\",\"@id\":\"https:\\\/\\\/aaknives.eu\\\/lt\\\/#organization\",\"name\":\"AAKnives\",\"url\":\"https:\\\/\\\/aaknives.eu\\\/lt\\\/\",\"logo\":{\"@type\":\"ImageObject\",\"inLanguage\":\"lt-LT\",\"@id\":\"https:\\\/\\\/aaknives.eu\\\/lt\\\/#\\\/schema\\\/logo\\\/image\\\/\",\"url\":\"https:\\\/\\\/aaknives.eu\\\/wp-content\\\/uploads\\\/2021\\\/10\\\/AAknives_Logo_Green.png\",\"contentUrl\":\"https:\\\/\\\/aaknives.eu\\\/wp-content\\\/uploads\\\/2021\\\/10\\\/AAknives_Logo_Green.png\",\"width\":1768,\"height\":1768,\"caption\":\"AAKnives\"},\"image\":{\"@id\":\"https:\\\/\\\/aaknives.eu\\\/lt\\\/#\\\/schema\\\/logo\\\/image\\\/\"},\"sameAs\":[\"https:\\\/\\\/www.facebook.com\\\/aaknives.eu\\\/\",\"https:\\\/\\\/www.instagram.com\\\/aaknives\\\/\",\"https:\\\/\\\/www.pinterest.com\\\/aa_knives\\\/\",\"https:\\\/\\\/www.youtube.com\\\/@aaknives9518\"]}]}<\/script>\n<!-- \/ Yoast SEO plugin. -->","yoast_head_json":{"title":"\"TANTO-BAMBOO\", Bulat plieno a\u0161menys - AAKnives","description":"\"TANTO-BAMBOO\", Bulat plieno a\u0161menys","robots":{"index":"index","follow":"follow","max-snippet":"max-snippet:-1","max-image-preview":"max-image-preview:large","max-video-preview":"max-video-preview:-1"},"canonical":"https:\/\/aaknives.eu\/lt\/product\/tanto-bamboo-bulat-plieno-asmenys-3\/","og_locale":"lt_LT","og_type":"article","og_title":"\"TANTO-BAMBOO\", Bulat plieno a\u0161menys - AAKnives","og_description":"\"TANTO-BAMBOO\", Bulat plieno a\u0161menys","og_url":"https:\/\/aaknives.eu\/lt\/product\/tanto-bamboo-bulat-plieno-asmenys-3\/","og_site_name":"AAKnives","article_publisher":"https:\/\/www.facebook.com\/aaknives.eu\/","og_image":[{"width":1020,"height":880,"url":"https:\/\/aaknives.eu\/wp-content\/uploads\/2024\/02\/aaknives-hand-forged-dabascus-steel-blade-knife-handmade-custom-made-knife-handcrafted-knives-autinetools-northmen-26-2.jpg","type":"image\/jpeg"}],"twitter_card":"summary_large_image","twitter_misc":{"Est. reading time":"1 minut\u0117"},"schema":{"@context":"https:\/\/schema.org","@graph":[{"@type":"WebPage","@id":"https:\/\/aaknives.eu\/lt\/product\/tanto-bamboo-bulat-plieno-asmenys-3\/","url":"https:\/\/aaknives.eu\/lt\/product\/tanto-bamboo-bulat-plieno-asmenys-3\/","name":"\"TANTO-BAMBOO\", Bulat plieno a\u0161menys - AAKnives","isPartOf":{"@id":"https:\/\/aaknives.eu\/lt\/#website"},"primaryImageOfPage":{"@id":"https:\/\/aaknives.eu\/lt\/product\/tanto-bamboo-bulat-plieno-asmenys-3\/#primaryimage"},"image":{"@id":"https:\/\/aaknives.eu\/lt\/product\/tanto-bamboo-bulat-plieno-asmenys-3\/#primaryimage"},"thumbnailUrl":"https:\/\/aaknives.eu\/wp-content\/uploads\/2024\/02\/aaknives-hand-forged-dabascus-steel-blade-knife-handmade-custom-made-knife-handcrafted-knives-autinetools-northmen-26-2.jpg","datePublished":"2024-02-06T19:30:05+00:00","description":"\"TANTO-BAMBOO\", Bulat plieno a\u0161menys","breadcrumb":{"@id":"https:\/\/aaknives.eu\/lt\/product\/tanto-bamboo-bulat-plieno-asmenys-3\/#breadcrumb"},"inLanguage":"lt-LT","potentialAction":[{"@type":"ReadAction","target":["https:\/\/aaknives.eu\/lt\/product\/tanto-bamboo-bulat-plieno-asmenys-3\/"]}]},{"@type":"ImageObject","inLanguage":"lt-LT","@id":"https:\/\/aaknives.eu\/lt\/product\/tanto-bamboo-bulat-plieno-asmenys-3\/#primaryimage","url":"https:\/\/aaknives.eu\/wp-content\/uploads\/2024\/02\/aaknives-hand-forged-dabascus-steel-blade-knife-handmade-custom-made-knife-handcrafted-knives-autinetools-northmen-26-2.jpg","contentUrl":"https:\/\/aaknives.eu\/wp-content\/uploads\/2024\/02\/aaknives-hand-forged-dabascus-steel-blade-knife-handmade-custom-made-knife-handcrafted-knives-autinetools-northmen-26-2.jpg","width":1020,"height":880,"caption":"aaknives rank\u0173 darbo peilis su rankomis kaltais dabascus plieno a\u0161menimis rank\u0173 darbo peilis pagal u\u017esakym\u0105 rank\u0173 darbo peiliai autinetools northmen 26 2"},{"@type":"BreadcrumbList","@id":"https:\/\/aaknives.eu\/lt\/product\/tanto-bamboo-bulat-plieno-asmenys-3\/#breadcrumb","itemListElement":[{"@type":"ListItem","position":1,"name":"Home","item":"https:\/\/aaknives.eu\/lt\/"},{"@type":"ListItem","position":2,"name":"Parduotuv\u0117","item":"https:\/\/aaknives.eu\/parduotuve\/"},{"@type":"ListItem","position":3,"name":"&#8220;TANTO-BAMBOO&#8221;, Bulat plieno a\u0161menys"}]},{"@type":"WebSite","@id":"https:\/\/aaknives.eu\/lt\/#website","url":"https:\/\/aaknives.eu\/lt\/","name":"AAKnives","description":"Handmade knives","publisher":{"@id":"https:\/\/aaknives.eu\/lt\/#organization"},"alternateName":"Anri Ananin Knives","potentialAction":[{"@type":"SearchAction","target":{"@type":"EntryPoint","urlTemplate":"https:\/\/aaknives.eu\/lt\/?s={search_term_string}"},"query-input":{"@type":"PropertyValueSpecification","valueRequired":true,"valueName":"search_term_string"}}],"inLanguage":"lt-LT"},{"@type":"Organization","@id":"https:\/\/aaknives.eu\/lt\/#organization","name":"AAKnives","url":"https:\/\/aaknives.eu\/lt\/","logo":{"@type":"ImageObject","inLanguage":"lt-LT","@id":"https:\/\/aaknives.eu\/lt\/#\/schema\/logo\/image\/","url":"https:\/\/aaknives.eu\/wp-content\/uploads\/2021\/10\/AAknives_Logo_Green.png","contentUrl":"https:\/\/aaknives.eu\/wp-content\/uploads\/2021\/10\/AAknives_Logo_Green.png","width":1768,"height":1768,"caption":"AAKnives"},"image":{"@id":"https:\/\/aaknives.eu\/lt\/#\/schema\/logo\/image\/"},"sameAs":["https:\/\/www.facebook.com\/aaknives.eu\/","https:\/\/www.instagram.com\/aaknives\/","https:\/\/www.pinterest.com\/aa_knives\/","https:\/\/www.youtube.com\/@aaknives9518"]}]}},"_links":{"self":[{"href":"https:\/\/aaknives.eu\/lt\/wp-json\/wp\/v2\/product\/51869","targetHints":{"allow":["GET"]}}],"collection":[{"href":"https:\/\/aaknives.eu\/lt\/wp-json\/wp\/v2\/product"}],"about":[{"href":"https:\/\/aaknives.eu\/lt\/wp-json\/wp\/v2\/types\/product"}],"wp:featuredmedia":[{"embeddable":true,"href":"https:\/\/aaknives.eu\/lt\/wp-json\/wp\/v2\/media\/46678"}],"wp:attachment":[{"href":"https:\/\/aaknives.eu\/lt\/wp-json\/wp\/v2\/media?parent=51869"}],"wp:term":[{"taxonomy":"product_brand","embeddable":true,"href":"https:\/\/aaknives.eu\/lt\/wp-json\/wp\/v2\/product_brand?post=51869"},{"taxonomy":"product_cat","embeddable":true,"href":"https:\/\/aaknives.eu\/lt\/wp-json\/wp\/v2\/product_cat?post=51869"},{"taxonomy":"product_tag","embeddable":true,"href":"https:\/\/aaknives.eu\/lt\/wp-json\/wp\/v2\/product_tag?post=51869"}],"curies":[{"name":"wp","href":"https:\/\/api.w.org\/{rel}","templated":true}]}}