{"id":51871,"date":"2024-02-06T19:38:42","date_gmt":"2024-02-06T19:38:42","guid":{"rendered":"https:\/\/aaknives.eu\/product\/peilis-thor-pagamintas-is-kokybisko-kaltinio-nerudijancio-plieno-2\/"},"modified":"2024-02-06T19:38:42","modified_gmt":"2024-02-06T19:38:42","slug":"peilis-thor-pagamintas-is-kokybisko-kaltinio-nerudijancio-plieno-2","status":"publish","type":"product","link":"https:\/\/aaknives.eu\/lt\/product\/peilis-thor-pagamintas-is-kokybisko-kaltinio-nerudijancio-plieno-2\/","title":{"rendered":"Peilis &#8221;THOR&#8221; pagamintas i\u0161 kokybi\u0161ko kaltinio ner\u016bdijan\u010dio plieno"},"content":{"rendered":"<p>Peilio specifikacijos: &#8221;THOR&#8221;<br \/>\nPlienas: kaltinis ner\u016bdijantis plienas Sandvik 12C27<br \/>\nKietumas: 56-58 HRC.<br \/>\nGele\u017et\u0117s ilgis (mm): (mm): 150 \/ 5,90 colio<br \/>\nGele\u017et\u0117s storis (mm): (mm): 4 \/ 0,15 colio<br \/>\nA\u0161men\u0173 plotis (mm): (30 \/ 1,18 colio)<br \/>\nRankena: Afrikieti\u0161ka Zebrano mediena<br \/>\nBendras ilgis (mm): Vidutinis ilgis (mm): 273 \/ 10,74 colio<\/p>\n<p>12C27 plienas yra Sandvik \u0161eimos dalis. Tai \u017eemos klas\u0117s auk\u0161tos kokyb\u0117s chromo plienas, labai m\u0117gstamas peili\u0173 pramon\u0117je, nes pasi\u017eymi i\u0161skirtiniu atsparumu dilimui, atsparumu korozijai ir dideliu kietumu, t. y. pagrindin\u0117mis savyb\u0117mis, d\u0117l kuri\u0173 sukuriamas idealus peili\u0173 plienas.<\/p>\n<p>Be to, 12C27 plienas palyginti greitai \u012fgyja a\u0161trum\u0105, prie\u0161ingai nei kiti didelio chromo turintys plienai, kurie d\u0117l kiet\u0173 chromo karbid\u0173 a\u0161tr\u0117ja ilgai. Sandvik 12C27 plienas da\u017eniausiai naudojamas med\u017eiokliniams, ki\u0161eniniams, \u017evejybiniams, stovyklavimo, taktiniams, \u010diuo\u017eimo peiliams ir ledo gr\u0105\u017etams gaminti.<\/p>\n<p>D\u0117l didelio chromo kiekio 12C27 plienas yra atsparus korozijai ir r\u016bdims. Be to, kadangi jis pagamintas i\u0161 ner\u016bdijan\u010dio plieno, yra atsparus d\u0117m\u0117ms.<\/p>\n<p>Ta\u010diau negalite tik\u0117tis, kad \u0161is plieninis peilis vandenyje i\u0161liks ner\u016bdijantis kelias dienas. Jei norite, kad \u0161io plieno a\u0161menys i\u0161likt\u0173 de\u0161imtme\u010dius, po kiekvieno naudojimo arba jei planuojate juos laikyti ilgesn\u012f laik\u0105, turite juos i\u0161d\u017eiovinti ir sutepti alyva.<\/p>\n<p>&nbsp;<\/p>\n","protected":false},"excerpt":{"rendered":"<p>Peilio specifikacijos: &#8221;THOR&#8221; Plienas: kaltinis ner\u016bdijantis plienas Sandvik 12C27 Kietumas: 56-58 HRC. Gele\u017et\u0117s ilgis (mm): (mm): 150 \/ 5,90 colio Gele\u017et\u0117s storis (mm): (mm): 4 \/ 0,15 colio A\u0161men\u0173 plotis (mm): (30 \/ 1,18 colio) Rankena: Afrikieti\u0161ka Zebrano mediena Bendras ilgis (mm): Vidutinis ilgis (mm): 273 \/ 10,74 colio 12C27 plienas yra Sandvik \u0161eimos dalis. Tai \u017eemos klas\u0117s auk\u0161tos kokyb\u0117s chromo plienas, labai m\u0117gstamas peili\u0173 pramon\u0117je, nes pasi\u017eymi i\u0161skirtiniu atsparumu dilimui, atsparumu korozijai ir dideliu kietumu, t. y. pagrindin\u0117mis savyb\u0117mis, d\u0117l kuri\u0173 sukuriamas idealus peili\u0173 plienas. Be to, 12C27 plienas palyginti greitai \u012fgyja a\u0161trum\u0105, prie\u0161ingai nei kiti didelio chromo turintys&hellip;<\/p>\n","protected":false},"featured_media":46702,"template":"","meta":{"_themeisle_gutenberg_block_has_review":false},"product_brand":[],"product_cat":[381,386,385],"product_tag":[],"class_list":{"0":"post-51871","1":"product","2":"type-product","3":"status-publish","4":"has-post-thumbnail","6":"product_cat-lauko-peiliai","7":"product_cat-medziokliniai-peiliai","8":"product_cat-zvejybos-peiliai","10":"first","11":"instock","12":"shipping-taxable","13":"purchasable","14":"product-type-simple"},"yoast_head":"<!-- This site is optimized with the Yoast SEO plugin v27.3 - https:\/\/yoast.com\/product\/yoast-seo-wordpress\/ -->\n<title>Peilis &#039;&#039;THOR&#039;&#039; pagamintas i\u0161 kokybi\u0161ko kaltinio ner\u016bdijan\u010dio plieno - AAKnives<\/title>\n<meta name=\"description\" content=\"Peilis &#039;&#039;THOR&#039;&#039; pagamintas i\u0161 kokybi\u0161ko kaltinio ner\u016bdijan\u010dio plieno\" \/>\n<meta name=\"robots\" content=\"index, follow, max-snippet:-1, max-image-preview:large, max-video-preview:-1\" \/>\n<link rel=\"canonical\" href=\"https:\/\/aaknives.eu\/lt\/product\/peilis-thor-pagamintas-is-kokybisko-kaltinio-nerudijancio-plieno-2\/\" \/>\n<meta property=\"og:locale\" content=\"lt_LT\" \/>\n<meta property=\"og:type\" content=\"article\" \/>\n<meta property=\"og:title\" content=\"Peilis &#039;&#039;THOR&#039;&#039; pagamintas i\u0161 kokybi\u0161ko kaltinio ner\u016bdijan\u010dio plieno - AAKnives\" \/>\n<meta property=\"og:description\" content=\"Peilis &#039;&#039;THOR&#039;&#039; pagamintas i\u0161 kokybi\u0161ko kaltinio ner\u016bdijan\u010dio plieno\" \/>\n<meta property=\"og:url\" content=\"https:\/\/aaknives.eu\/lt\/product\/peilis-thor-pagamintas-is-kokybisko-kaltinio-nerudijancio-plieno-2\/\" \/>\n<meta property=\"og:site_name\" content=\"AAKnives\" \/>\n<meta property=\"article:publisher\" content=\"https:\/\/www.facebook.com\/aaknives.eu\/\" \/>\n<meta property=\"og:image\" content=\"https:\/\/aaknives.eu\/wp-content\/uploads\/2024\/02\/aaknives-hand-forged-dabascus-steel-blade-knife-handmade-custom-made-knife-handcrafted-knives-autinetools-northmen-29-2.jpg\" \/>\n\t<meta property=\"og:image:width\" content=\"1020\" \/>\n\t<meta property=\"og:image:height\" content=\"880\" \/>\n\t<meta property=\"og:image:type\" content=\"image\/jpeg\" \/>\n<meta name=\"twitter:card\" content=\"summary_large_image\" \/>\n<meta name=\"twitter:label1\" content=\"Est. reading time\" \/>\n\t<meta name=\"twitter:data1\" content=\"1 minut\u0117\" \/>\n<script type=\"application\/ld+json\" class=\"yoast-schema-graph\">{\"@context\":\"https:\\\/\\\/schema.org\",\"@graph\":[{\"@type\":\"WebPage\",\"@id\":\"https:\\\/\\\/aaknives.eu\\\/lt\\\/product\\\/peilis-thor-pagamintas-is-kokybisko-kaltinio-nerudijancio-plieno-2\\\/\",\"url\":\"https:\\\/\\\/aaknives.eu\\\/lt\\\/product\\\/peilis-thor-pagamintas-is-kokybisko-kaltinio-nerudijancio-plieno-2\\\/\",\"name\":\"Peilis ''THOR'' pagamintas i\u0161 kokybi\u0161ko kaltinio ner\u016bdijan\u010dio plieno - AAKnives\",\"isPartOf\":{\"@id\":\"https:\\\/\\\/aaknives.eu\\\/lt\\\/#website\"},\"primaryImageOfPage\":{\"@id\":\"https:\\\/\\\/aaknives.eu\\\/lt\\\/product\\\/peilis-thor-pagamintas-is-kokybisko-kaltinio-nerudijancio-plieno-2\\\/#primaryimage\"},\"image\":{\"@id\":\"https:\\\/\\\/aaknives.eu\\\/lt\\\/product\\\/peilis-thor-pagamintas-is-kokybisko-kaltinio-nerudijancio-plieno-2\\\/#primaryimage\"},\"thumbnailUrl\":\"https:\\\/\\\/aaknives.eu\\\/wp-content\\\/uploads\\\/2024\\\/02\\\/aaknives-hand-forged-dabascus-steel-blade-knife-handmade-custom-made-knife-handcrafted-knives-autinetools-northmen-29-2.jpg\",\"datePublished\":\"2024-02-06T19:38:42+00:00\",\"description\":\"Peilis ''THOR'' pagamintas i\u0161 kokybi\u0161ko kaltinio ner\u016bdijan\u010dio plieno\",\"breadcrumb\":{\"@id\":\"https:\\\/\\\/aaknives.eu\\\/lt\\\/product\\\/peilis-thor-pagamintas-is-kokybisko-kaltinio-nerudijancio-plieno-2\\\/#breadcrumb\"},\"inLanguage\":\"lt-LT\",\"potentialAction\":[{\"@type\":\"ReadAction\",\"target\":[\"https:\\\/\\\/aaknives.eu\\\/lt\\\/product\\\/peilis-thor-pagamintas-is-kokybisko-kaltinio-nerudijancio-plieno-2\\\/\"]}]},{\"@type\":\"ImageObject\",\"inLanguage\":\"lt-LT\",\"@id\":\"https:\\\/\\\/aaknives.eu\\\/lt\\\/product\\\/peilis-thor-pagamintas-is-kokybisko-kaltinio-nerudijancio-plieno-2\\\/#primaryimage\",\"url\":\"https:\\\/\\\/aaknives.eu\\\/wp-content\\\/uploads\\\/2024\\\/02\\\/aaknives-hand-forged-dabascus-steel-blade-knife-handmade-custom-made-knife-handcrafted-knives-autinetools-northmen-29-2.jpg\",\"contentUrl\":\"https:\\\/\\\/aaknives.eu\\\/wp-content\\\/uploads\\\/2024\\\/02\\\/aaknives-hand-forged-dabascus-steel-blade-knife-handmade-custom-made-knife-handcrafted-knives-autinetools-northmen-29-2.jpg\",\"width\":1020,\"height\":880,\"caption\":\"aaknives hand forged dabascus steel blade knife handmade custom made knife handcrafted knives autinetools northmen 29 2\"},{\"@type\":\"BreadcrumbList\",\"@id\":\"https:\\\/\\\/aaknives.eu\\\/lt\\\/product\\\/peilis-thor-pagamintas-is-kokybisko-kaltinio-nerudijancio-plieno-2\\\/#breadcrumb\",\"itemListElement\":[{\"@type\":\"ListItem\",\"position\":1,\"name\":\"Home\",\"item\":\"https:\\\/\\\/aaknives.eu\\\/lt\\\/\"},{\"@type\":\"ListItem\",\"position\":2,\"name\":\"Parduotuv\u0117\",\"item\":\"https:\\\/\\\/aaknives.eu\\\/parduotuve\\\/\"},{\"@type\":\"ListItem\",\"position\":3,\"name\":\"Peilis &#8221;THOR&#8221; pagamintas i\u0161 kokybi\u0161ko kaltinio ner\u016bdijan\u010dio plieno\"}]},{\"@type\":\"WebSite\",\"@id\":\"https:\\\/\\\/aaknives.eu\\\/lt\\\/#website\",\"url\":\"https:\\\/\\\/aaknives.eu\\\/lt\\\/\",\"name\":\"AAKnives\",\"description\":\"Handmade knives\",\"publisher\":{\"@id\":\"https:\\\/\\\/aaknives.eu\\\/lt\\\/#organization\"},\"potentialAction\":[{\"@type\":\"SearchAction\",\"target\":{\"@type\":\"EntryPoint\",\"urlTemplate\":\"https:\\\/\\\/aaknives.eu\\\/lt\\\/?s={search_term_string}\"},\"query-input\":{\"@type\":\"PropertyValueSpecification\",\"valueRequired\":true,\"valueName\":\"search_term_string\"}}],\"inLanguage\":\"lt-LT\"},{\"@type\":\"Organization\",\"@id\":\"https:\\\/\\\/aaknives.eu\\\/lt\\\/#organization\",\"name\":\"AAKnives\",\"url\":\"https:\\\/\\\/aaknives.eu\\\/lt\\\/\",\"logo\":{\"@type\":\"ImageObject\",\"inLanguage\":\"lt-LT\",\"@id\":\"https:\\\/\\\/aaknives.eu\\\/lt\\\/#\\\/schema\\\/logo\\\/image\\\/\",\"url\":\"https:\\\/\\\/aaknives.eu\\\/wp-content\\\/uploads\\\/2021\\\/10\\\/AAknives_Logo_Green.png\",\"contentUrl\":\"https:\\\/\\\/aaknives.eu\\\/wp-content\\\/uploads\\\/2021\\\/10\\\/AAknives_Logo_Green.png\",\"width\":1768,\"height\":1768,\"caption\":\"AAKnives\"},\"image\":{\"@id\":\"https:\\\/\\\/aaknives.eu\\\/lt\\\/#\\\/schema\\\/logo\\\/image\\\/\"},\"sameAs\":[\"https:\\\/\\\/www.facebook.com\\\/aaknives.eu\\\/\",\"https:\\\/\\\/www.instagram.com\\\/aaknives\\\/\",\"https:\\\/\\\/www.pinterest.com\\\/aa_knives\\\/\",\"https:\\\/\\\/www.youtube.com\\\/channel\\\/UCHOQFjrOkgT6s4FIw9LDKyw\\\/featured\"]}]}<\/script>\n<!-- \/ Yoast SEO plugin. -->","yoast_head_json":{"title":"Peilis ''THOR'' pagamintas i\u0161 kokybi\u0161ko kaltinio ner\u016bdijan\u010dio plieno - AAKnives","description":"Peilis ''THOR'' pagamintas i\u0161 kokybi\u0161ko kaltinio ner\u016bdijan\u010dio plieno","robots":{"index":"index","follow":"follow","max-snippet":"max-snippet:-1","max-image-preview":"max-image-preview:large","max-video-preview":"max-video-preview:-1"},"canonical":"https:\/\/aaknives.eu\/lt\/product\/peilis-thor-pagamintas-is-kokybisko-kaltinio-nerudijancio-plieno-2\/","og_locale":"lt_LT","og_type":"article","og_title":"Peilis ''THOR'' pagamintas i\u0161 kokybi\u0161ko kaltinio ner\u016bdijan\u010dio plieno - AAKnives","og_description":"Peilis ''THOR'' pagamintas i\u0161 kokybi\u0161ko kaltinio ner\u016bdijan\u010dio plieno","og_url":"https:\/\/aaknives.eu\/lt\/product\/peilis-thor-pagamintas-is-kokybisko-kaltinio-nerudijancio-plieno-2\/","og_site_name":"AAKnives","article_publisher":"https:\/\/www.facebook.com\/aaknives.eu\/","og_image":[{"width":1020,"height":880,"url":"https:\/\/aaknives.eu\/wp-content\/uploads\/2024\/02\/aaknives-hand-forged-dabascus-steel-blade-knife-handmade-custom-made-knife-handcrafted-knives-autinetools-northmen-29-2.jpg","type":"image\/jpeg"}],"twitter_card":"summary_large_image","twitter_misc":{"Est. reading time":"1 minut\u0117"},"schema":{"@context":"https:\/\/schema.org","@graph":[{"@type":"WebPage","@id":"https:\/\/aaknives.eu\/lt\/product\/peilis-thor-pagamintas-is-kokybisko-kaltinio-nerudijancio-plieno-2\/","url":"https:\/\/aaknives.eu\/lt\/product\/peilis-thor-pagamintas-is-kokybisko-kaltinio-nerudijancio-plieno-2\/","name":"Peilis ''THOR'' pagamintas i\u0161 kokybi\u0161ko kaltinio ner\u016bdijan\u010dio plieno - AAKnives","isPartOf":{"@id":"https:\/\/aaknives.eu\/lt\/#website"},"primaryImageOfPage":{"@id":"https:\/\/aaknives.eu\/lt\/product\/peilis-thor-pagamintas-is-kokybisko-kaltinio-nerudijancio-plieno-2\/#primaryimage"},"image":{"@id":"https:\/\/aaknives.eu\/lt\/product\/peilis-thor-pagamintas-is-kokybisko-kaltinio-nerudijancio-plieno-2\/#primaryimage"},"thumbnailUrl":"https:\/\/aaknives.eu\/wp-content\/uploads\/2024\/02\/aaknives-hand-forged-dabascus-steel-blade-knife-handmade-custom-made-knife-handcrafted-knives-autinetools-northmen-29-2.jpg","datePublished":"2024-02-06T19:38:42+00:00","description":"Peilis ''THOR'' pagamintas i\u0161 kokybi\u0161ko kaltinio ner\u016bdijan\u010dio plieno","breadcrumb":{"@id":"https:\/\/aaknives.eu\/lt\/product\/peilis-thor-pagamintas-is-kokybisko-kaltinio-nerudijancio-plieno-2\/#breadcrumb"},"inLanguage":"lt-LT","potentialAction":[{"@type":"ReadAction","target":["https:\/\/aaknives.eu\/lt\/product\/peilis-thor-pagamintas-is-kokybisko-kaltinio-nerudijancio-plieno-2\/"]}]},{"@type":"ImageObject","inLanguage":"lt-LT","@id":"https:\/\/aaknives.eu\/lt\/product\/peilis-thor-pagamintas-is-kokybisko-kaltinio-nerudijancio-plieno-2\/#primaryimage","url":"https:\/\/aaknives.eu\/wp-content\/uploads\/2024\/02\/aaknives-hand-forged-dabascus-steel-blade-knife-handmade-custom-made-knife-handcrafted-knives-autinetools-northmen-29-2.jpg","contentUrl":"https:\/\/aaknives.eu\/wp-content\/uploads\/2024\/02\/aaknives-hand-forged-dabascus-steel-blade-knife-handmade-custom-made-knife-handcrafted-knives-autinetools-northmen-29-2.jpg","width":1020,"height":880,"caption":"aaknives hand forged dabascus steel blade knife handmade custom made knife handcrafted knives autinetools northmen 29 2"},{"@type":"BreadcrumbList","@id":"https:\/\/aaknives.eu\/lt\/product\/peilis-thor-pagamintas-is-kokybisko-kaltinio-nerudijancio-plieno-2\/#breadcrumb","itemListElement":[{"@type":"ListItem","position":1,"name":"Home","item":"https:\/\/aaknives.eu\/lt\/"},{"@type":"ListItem","position":2,"name":"Parduotuv\u0117","item":"https:\/\/aaknives.eu\/parduotuve\/"},{"@type":"ListItem","position":3,"name":"Peilis &#8221;THOR&#8221; pagamintas i\u0161 kokybi\u0161ko kaltinio ner\u016bdijan\u010dio plieno"}]},{"@type":"WebSite","@id":"https:\/\/aaknives.eu\/lt\/#website","url":"https:\/\/aaknives.eu\/lt\/","name":"AAKnives","description":"Handmade knives","publisher":{"@id":"https:\/\/aaknives.eu\/lt\/#organization"},"potentialAction":[{"@type":"SearchAction","target":{"@type":"EntryPoint","urlTemplate":"https:\/\/aaknives.eu\/lt\/?s={search_term_string}"},"query-input":{"@type":"PropertyValueSpecification","valueRequired":true,"valueName":"search_term_string"}}],"inLanguage":"lt-LT"},{"@type":"Organization","@id":"https:\/\/aaknives.eu\/lt\/#organization","name":"AAKnives","url":"https:\/\/aaknives.eu\/lt\/","logo":{"@type":"ImageObject","inLanguage":"lt-LT","@id":"https:\/\/aaknives.eu\/lt\/#\/schema\/logo\/image\/","url":"https:\/\/aaknives.eu\/wp-content\/uploads\/2021\/10\/AAknives_Logo_Green.png","contentUrl":"https:\/\/aaknives.eu\/wp-content\/uploads\/2021\/10\/AAknives_Logo_Green.png","width":1768,"height":1768,"caption":"AAKnives"},"image":{"@id":"https:\/\/aaknives.eu\/lt\/#\/schema\/logo\/image\/"},"sameAs":["https:\/\/www.facebook.com\/aaknives.eu\/","https:\/\/www.instagram.com\/aaknives\/","https:\/\/www.pinterest.com\/aa_knives\/","https:\/\/www.youtube.com\/channel\/UCHOQFjrOkgT6s4FIw9LDKyw\/featured"]}]}},"_links":{"self":[{"href":"https:\/\/aaknives.eu\/lt\/wp-json\/wp\/v2\/product\/51871","targetHints":{"allow":["GET"]}}],"collection":[{"href":"https:\/\/aaknives.eu\/lt\/wp-json\/wp\/v2\/product"}],"about":[{"href":"https:\/\/aaknives.eu\/lt\/wp-json\/wp\/v2\/types\/product"}],"wp:featuredmedia":[{"embeddable":true,"href":"https:\/\/aaknives.eu\/lt\/wp-json\/wp\/v2\/media\/46702"}],"wp:attachment":[{"href":"https:\/\/aaknives.eu\/lt\/wp-json\/wp\/v2\/media?parent=51871"}],"wp:term":[{"taxonomy":"product_brand","embeddable":true,"href":"https:\/\/aaknives.eu\/lt\/wp-json\/wp\/v2\/product_brand?post=51871"},{"taxonomy":"product_cat","embeddable":true,"href":"https:\/\/aaknives.eu\/lt\/wp-json\/wp\/v2\/product_cat?post=51871"},{"taxonomy":"product_tag","embeddable":true,"href":"https:\/\/aaknives.eu\/lt\/wp-json\/wp\/v2\/product_tag?post=51871"}],"curies":[{"name":"wp","href":"https:\/\/api.w.org\/{rel}","templated":true}]}}