{"id":57664,"date":"2024-04-16T17:28:50","date_gmt":"2024-04-16T17:28:50","guid":{"rendered":"https:\/\/aaknives.eu\/?post_type=product&#038;p=57664"},"modified":"2025-12-30T09:15:04","modified_gmt":"2025-12-30T09:15:04","slug":"sharpeasy-peiliu-galastuvas","status":"publish","type":"product","link":"https:\/\/aaknives.eu\/lt\/product\/sharpeasy-peiliu-galastuvas\/","title":{"rendered":"SHARP&#8217;EASY PEILI\u0172 GAL\u0104STUVAS"},"content":{"rendered":"<p>Lengviausias b\u016bdas greitai pagal\u0105sti peilius.<\/p>\n<p>Jis turi lygiai toki\u0105 pa\u010di\u0105 paskirt\u012f kaip ir tradicinis gal\u0105stuvas.<\/p>\n<p>Vienu \u017eingsniu jis leid\u017eia i\u0161tiesinti ir poliruoti peilio pjovimo pavir\u0161i\u0173.<\/p>\n<p>Atkreipk d\u0117mes\u012f! Peilio pjovimo pavir\u0161ius yra trapus ir lengvai deformuojamas. Naudojimo metu jis nusid\u0117vi arba, galb\u016bt, net l\u016b\u017eta nuo s\u0105ly\u010dio su kaulais, metalin\u0117mis pir\u0161tin\u0117mis.<\/p>\n<p>\u0160lifavimas arba galandimas yra veikla, u\u017etikrinanti, kad peilio pjovimo pavir\u0161ius b\u016bt\u0173 laikomas geros b\u016bkl\u0117s kuo ilgiau ir ji atliekama darbo dien\u0105.<\/p>\n<p>SHARP&#8217;EASY rinkinyje taip pat yra ner\u016bdijan\u010dio plieno laikiklis (atrama) ir naudojimo instrukcija.<\/p>\n<p>SHARP\u2019EASY naudojimas:<\/p>\n<p>Kasdien\u0117 pjovimo pavir\u0161iaus prie\u017ei\u016bra ir u\u017evart\u0173 pa\u0161alinimas:<br \/>\n\u012eki\u0161kite a\u0161menis \u012f kreiptuv\u0105 iki rankenos. Kai a\u0161menys lie\u010diasi su anks\u010diau \u012ftemptais kreiptuvais, \u0161velniai ir taisyklingai jud\u0117dami nukreipkite peilio a\u0161menis nuo rankenos iki peilio galo, nusileisdami kreiptuvo viduje, bet nepasiekdami apa\u010dioje esan\u010di\u0173 V formos susid\u016brimo ta\u0161k\u0173.<\/p>\n<p>\u0160is judesys tur\u0117t\u0173 b\u016bti kartojamas kelis kartus i\u0161 eil\u0117s.<\/p>\n<p>Susid\u0117v\u0117jusio ar pa\u017eeisto pjovimo pavir\u0161iaus tiesinimas:<br \/>\n\u012eki\u0161kite peilio a\u0161menis \u012f kreiptuvo apa\u010di\u0105, pasiekdami V formos susid\u016brimo vietas. Stumkite peil\u012f prie jo rankenos. Skland\u017eiu judesiu stumkite peil\u012f atgal link peilio galo, tuo pa\u010diu \u0161iek tiek spausdami.<\/p>\n<p>\u0160\u012f veiksm\u0105 rekomenduojama pakartoti kelis kartus i\u0161 eil\u0117s.<\/p>\n<p>MED\u017dIAGOS:<\/p>\n<p>Geltonas monolitinis korpusas, pagamintas i\u0161 itin patvaraus polipropileno<br \/>\nI\u0161 anksto \u012ftempti galandimo strypai, pagaminti i\u0161 ner\u016bdijan\u010dio plieno 1.4310 (AISI 302) ir padengti kietu chromu<br \/>\nA\u0161men\u0173 kreiptuvai i\u0161 ner\u016bdijan\u010dio plieno 1.4034 (AISI 420)<br \/>\nAtrama (montavimo laikiklis), pagaminta i\u0161 ner\u016bdijan\u010dio plieno 1.4307 (AISI 304L)<br \/>\nNAUDOJIMAS:<\/p>\n<p>Galima laikyti rankiniu b\u016bdu (be laikiklio) d\u0117l rankos apsaugos (apsaugo rank\u0105) (privaloma naudoti metalin\u0119 apsaugin\u0119 pir\u0161tin\u0119)<br \/>\nTaip pat galima pritvirtinti prie stalo d\u0117l ner\u016bdijan\u010dio plieno laikiklio. Dvi galimos pozicijos:<br \/>\n90o kampu, pad\u0117jus ant darbastalio kra\u0161to<br \/>\n45o kampu pritvirtinus ant laikiklio (produkto kodas 7847 \u2013 parduodamas atskirai), taip pat pad\u0117to ant darbastalio kra\u0161to<br \/>\nTinka naudoti ir de\u0161iniarankiams, ir kairiarankiams<br \/>\nA\u0160MEN\u0172 KREIPTUVAS<\/p>\n<p>A\u0161men\u0173 kreiptuvas palaiko stabil\u0173 galandimo kamp\u0105<br \/>\nV formos susid\u016brimo vietos puikiai i\u0161tiesina pjovimo pavir\u0161i\u0173<br \/>\nA\u0161trinti peil\u012f, jis kartais link\u0119s atsitrenkti \u012f vir\u0161utin\u012f SHARP&#8217;EASY kra\u0161t\u0105. Tod\u0117l SHARP&#8217;EASY yra su ner\u016bdijan\u010dio plieno armat\u016bra a\u0161men\u0173 kreiptuvo vir\u0161uje, kad plastikiniai gabalai nepatekt\u0173 \u012f maisto produktus.<\/p>\n","protected":false},"excerpt":{"rendered":"<p>Bobet &#8211; SHARP&#8217;EASY peili\u0173 gal\u0105stuvas<\/p>\n","protected":false},"featured_media":57681,"template":"","meta":{"_themeisle_gutenberg_block_has_review":false},"product_brand":[],"product_cat":[375],"product_tag":[],"class_list":{"0":"post-57664","1":"product","2":"type-product","3":"status-publish","4":"has-post-thumbnail","6":"product_cat-peiliu-galandinimas-peiliu-galastuvai","8":"first","9":"instock","10":"shipping-taxable","11":"purchasable","12":"product-type-simple"},"yoast_head":"<!-- This site is optimized with the Yoast SEO plugin v27.5 - https:\/\/yoast.com\/product\/yoast-seo-wordpress\/ -->\n<title>SHARP&#039;EASY PEILI\u0172 GAL\u0104STUVAS - AAKnives<\/title>\n<meta name=\"description\" content=\"SHARP&#039;EASY PEILI\u0172 GAL\u0104STUVAS\" \/>\n<meta name=\"robots\" content=\"index, follow, max-snippet:-1, max-image-preview:large, max-video-preview:-1\" \/>\n<link rel=\"canonical\" href=\"https:\/\/aaknives.eu\/lt\/product\/sharpeasy-peiliu-galastuvas\/\" \/>\n<meta property=\"og:locale\" content=\"lt_LT\" \/>\n<meta property=\"og:type\" content=\"article\" \/>\n<meta property=\"og:title\" content=\"SHARP&#039;EASY PEILI\u0172 GAL\u0104STUVAS - AAKnives\" \/>\n<meta property=\"og:description\" content=\"SHARP&#039;EASY PEILI\u0172 GAL\u0104STUVAS\" \/>\n<meta property=\"og:url\" content=\"https:\/\/aaknives.eu\/lt\/product\/sharpeasy-peiliu-galastuvas\/\" \/>\n<meta property=\"og:site_name\" content=\"AAKnives\" \/>\n<meta property=\"article:publisher\" content=\"https:\/\/www.facebook.com\/aaknives.eu\/\" \/>\n<meta property=\"article:modified_time\" content=\"2025-12-30T09:15:04+00:00\" \/>\n<meta property=\"og:image\" content=\"https:\/\/aaknives.eu\/wp-content\/uploads\/2024\/04\/aaknives-hand-forged-dabascus-steel-blade-knife-handmade-custom-made-knife-handcrafted-knives-autinetools-northmen-4.2-scaled.jpg\" \/>\n\t<meta property=\"og:image:width\" content=\"2560\" \/>\n\t<meta property=\"og:image:height\" content=\"2560\" \/>\n\t<meta property=\"og:image:type\" content=\"image\/jpeg\" \/>\n<meta name=\"twitter:card\" content=\"summary_large_image\" \/>\n<meta name=\"twitter:label1\" content=\"Est. reading time\" \/>\n\t<meta name=\"twitter:data1\" content=\"2 minut\u0117s\" \/>\n<script type=\"application\/ld+json\" class=\"yoast-schema-graph\">{\"@context\":\"https:\\\/\\\/schema.org\",\"@graph\":[{\"@type\":\"WebPage\",\"@id\":\"https:\\\/\\\/aaknives.eu\\\/lt\\\/product\\\/sharpeasy-peiliu-galastuvas\\\/\",\"url\":\"https:\\\/\\\/aaknives.eu\\\/lt\\\/product\\\/sharpeasy-peiliu-galastuvas\\\/\",\"name\":\"SHARP'EASY PEILI\u0172 GAL\u0104STUVAS - AAKnives\",\"isPartOf\":{\"@id\":\"https:\\\/\\\/aaknives.eu\\\/lt\\\/#website\"},\"primaryImageOfPage\":{\"@id\":\"https:\\\/\\\/aaknives.eu\\\/lt\\\/product\\\/sharpeasy-peiliu-galastuvas\\\/#primaryimage\"},\"image\":{\"@id\":\"https:\\\/\\\/aaknives.eu\\\/lt\\\/product\\\/sharpeasy-peiliu-galastuvas\\\/#primaryimage\"},\"thumbnailUrl\":\"https:\\\/\\\/aaknives.eu\\\/wp-content\\\/uploads\\\/2024\\\/04\\\/aaknives-hand-forged-dabascus-steel-blade-knife-handmade-custom-made-knife-handcrafted-knives-autinetools-northmen-4.2-scaled.jpg\",\"datePublished\":\"2024-04-16T17:28:50+00:00\",\"dateModified\":\"2025-12-30T09:15:04+00:00\",\"description\":\"SHARP'EASY PEILI\u0172 GAL\u0104STUVAS\",\"breadcrumb\":{\"@id\":\"https:\\\/\\\/aaknives.eu\\\/lt\\\/product\\\/sharpeasy-peiliu-galastuvas\\\/#breadcrumb\"},\"inLanguage\":\"lt-LT\",\"potentialAction\":[{\"@type\":\"ReadAction\",\"target\":[\"https:\\\/\\\/aaknives.eu\\\/lt\\\/product\\\/sharpeasy-peiliu-galastuvas\\\/\"]}]},{\"@type\":\"ImageObject\",\"inLanguage\":\"lt-LT\",\"@id\":\"https:\\\/\\\/aaknives.eu\\\/lt\\\/product\\\/sharpeasy-peiliu-galastuvas\\\/#primaryimage\",\"url\":\"https:\\\/\\\/aaknives.eu\\\/wp-content\\\/uploads\\\/2024\\\/04\\\/aaknives-hand-forged-dabascus-steel-blade-knife-handmade-custom-made-knife-handcrafted-knives-autinetools-northmen-4.2-scaled.jpg\",\"contentUrl\":\"https:\\\/\\\/aaknives.eu\\\/wp-content\\\/uploads\\\/2024\\\/04\\\/aaknives-hand-forged-dabascus-steel-blade-knife-handmade-custom-made-knife-handcrafted-knives-autinetools-northmen-4.2-scaled.jpg\",\"width\":2560,\"height\":2560},{\"@type\":\"BreadcrumbList\",\"@id\":\"https:\\\/\\\/aaknives.eu\\\/lt\\\/product\\\/sharpeasy-peiliu-galastuvas\\\/#breadcrumb\",\"itemListElement\":[{\"@type\":\"ListItem\",\"position\":1,\"name\":\"Home\",\"item\":\"https:\\\/\\\/aaknives.eu\\\/lt\\\/\"},{\"@type\":\"ListItem\",\"position\":2,\"name\":\"Parduotuv\u0117\",\"item\":\"https:\\\/\\\/aaknives.eu\\\/parduotuve\\\/\"},{\"@type\":\"ListItem\",\"position\":3,\"name\":\"SHARP&#8217;EASY PEILI\u0172 GAL\u0104STUVAS\"}]},{\"@type\":\"WebSite\",\"@id\":\"https:\\\/\\\/aaknives.eu\\\/lt\\\/#website\",\"url\":\"https:\\\/\\\/aaknives.eu\\\/lt\\\/\",\"name\":\"AAKnives\",\"description\":\"Handmade knives\",\"publisher\":{\"@id\":\"https:\\\/\\\/aaknives.eu\\\/lt\\\/#organization\"},\"potentialAction\":[{\"@type\":\"SearchAction\",\"target\":{\"@type\":\"EntryPoint\",\"urlTemplate\":\"https:\\\/\\\/aaknives.eu\\\/lt\\\/?s={search_term_string}\"},\"query-input\":{\"@type\":\"PropertyValueSpecification\",\"valueRequired\":true,\"valueName\":\"search_term_string\"}}],\"inLanguage\":\"lt-LT\"},{\"@type\":\"Organization\",\"@id\":\"https:\\\/\\\/aaknives.eu\\\/lt\\\/#organization\",\"name\":\"AAKnives\",\"url\":\"https:\\\/\\\/aaknives.eu\\\/lt\\\/\",\"logo\":{\"@type\":\"ImageObject\",\"inLanguage\":\"lt-LT\",\"@id\":\"https:\\\/\\\/aaknives.eu\\\/lt\\\/#\\\/schema\\\/logo\\\/image\\\/\",\"url\":\"https:\\\/\\\/aaknives.eu\\\/wp-content\\\/uploads\\\/2021\\\/10\\\/AAknives_Logo_Green.png\",\"contentUrl\":\"https:\\\/\\\/aaknives.eu\\\/wp-content\\\/uploads\\\/2021\\\/10\\\/AAknives_Logo_Green.png\",\"width\":1768,\"height\":1768,\"caption\":\"AAKnives\"},\"image\":{\"@id\":\"https:\\\/\\\/aaknives.eu\\\/lt\\\/#\\\/schema\\\/logo\\\/image\\\/\"},\"sameAs\":[\"https:\\\/\\\/www.facebook.com\\\/aaknives.eu\\\/\",\"https:\\\/\\\/www.instagram.com\\\/aaknives\\\/\",\"https:\\\/\\\/www.pinterest.com\\\/aa_knives\\\/\",\"https:\\\/\\\/www.youtube.com\\\/channel\\\/UCHOQFjrOkgT6s4FIw9LDKyw\\\/featured\"]}]}<\/script>\n<!-- \/ Yoast SEO plugin. -->","yoast_head_json":{"title":"SHARP'EASY PEILI\u0172 GAL\u0104STUVAS - AAKnives","description":"SHARP'EASY PEILI\u0172 GAL\u0104STUVAS","robots":{"index":"index","follow":"follow","max-snippet":"max-snippet:-1","max-image-preview":"max-image-preview:large","max-video-preview":"max-video-preview:-1"},"canonical":"https:\/\/aaknives.eu\/lt\/product\/sharpeasy-peiliu-galastuvas\/","og_locale":"lt_LT","og_type":"article","og_title":"SHARP'EASY PEILI\u0172 GAL\u0104STUVAS - AAKnives","og_description":"SHARP'EASY PEILI\u0172 GAL\u0104STUVAS","og_url":"https:\/\/aaknives.eu\/lt\/product\/sharpeasy-peiliu-galastuvas\/","og_site_name":"AAKnives","article_publisher":"https:\/\/www.facebook.com\/aaknives.eu\/","article_modified_time":"2025-12-30T09:15:04+00:00","og_image":[{"width":2560,"height":2560,"url":"https:\/\/aaknives.eu\/wp-content\/uploads\/2024\/04\/aaknives-hand-forged-dabascus-steel-blade-knife-handmade-custom-made-knife-handcrafted-knives-autinetools-northmen-4.2-scaled.jpg","type":"image\/jpeg"}],"twitter_card":"summary_large_image","twitter_misc":{"Est. reading time":"2 minut\u0117s"},"schema":{"@context":"https:\/\/schema.org","@graph":[{"@type":"WebPage","@id":"https:\/\/aaknives.eu\/lt\/product\/sharpeasy-peiliu-galastuvas\/","url":"https:\/\/aaknives.eu\/lt\/product\/sharpeasy-peiliu-galastuvas\/","name":"SHARP'EASY PEILI\u0172 GAL\u0104STUVAS - AAKnives","isPartOf":{"@id":"https:\/\/aaknives.eu\/lt\/#website"},"primaryImageOfPage":{"@id":"https:\/\/aaknives.eu\/lt\/product\/sharpeasy-peiliu-galastuvas\/#primaryimage"},"image":{"@id":"https:\/\/aaknives.eu\/lt\/product\/sharpeasy-peiliu-galastuvas\/#primaryimage"},"thumbnailUrl":"https:\/\/aaknives.eu\/wp-content\/uploads\/2024\/04\/aaknives-hand-forged-dabascus-steel-blade-knife-handmade-custom-made-knife-handcrafted-knives-autinetools-northmen-4.2-scaled.jpg","datePublished":"2024-04-16T17:28:50+00:00","dateModified":"2025-12-30T09:15:04+00:00","description":"SHARP'EASY PEILI\u0172 GAL\u0104STUVAS","breadcrumb":{"@id":"https:\/\/aaknives.eu\/lt\/product\/sharpeasy-peiliu-galastuvas\/#breadcrumb"},"inLanguage":"lt-LT","potentialAction":[{"@type":"ReadAction","target":["https:\/\/aaknives.eu\/lt\/product\/sharpeasy-peiliu-galastuvas\/"]}]},{"@type":"ImageObject","inLanguage":"lt-LT","@id":"https:\/\/aaknives.eu\/lt\/product\/sharpeasy-peiliu-galastuvas\/#primaryimage","url":"https:\/\/aaknives.eu\/wp-content\/uploads\/2024\/04\/aaknives-hand-forged-dabascus-steel-blade-knife-handmade-custom-made-knife-handcrafted-knives-autinetools-northmen-4.2-scaled.jpg","contentUrl":"https:\/\/aaknives.eu\/wp-content\/uploads\/2024\/04\/aaknives-hand-forged-dabascus-steel-blade-knife-handmade-custom-made-knife-handcrafted-knives-autinetools-northmen-4.2-scaled.jpg","width":2560,"height":2560},{"@type":"BreadcrumbList","@id":"https:\/\/aaknives.eu\/lt\/product\/sharpeasy-peiliu-galastuvas\/#breadcrumb","itemListElement":[{"@type":"ListItem","position":1,"name":"Home","item":"https:\/\/aaknives.eu\/lt\/"},{"@type":"ListItem","position":2,"name":"Parduotuv\u0117","item":"https:\/\/aaknives.eu\/parduotuve\/"},{"@type":"ListItem","position":3,"name":"SHARP&#8217;EASY PEILI\u0172 GAL\u0104STUVAS"}]},{"@type":"WebSite","@id":"https:\/\/aaknives.eu\/lt\/#website","url":"https:\/\/aaknives.eu\/lt\/","name":"AAKnives","description":"Handmade knives","publisher":{"@id":"https:\/\/aaknives.eu\/lt\/#organization"},"potentialAction":[{"@type":"SearchAction","target":{"@type":"EntryPoint","urlTemplate":"https:\/\/aaknives.eu\/lt\/?s={search_term_string}"},"query-input":{"@type":"PropertyValueSpecification","valueRequired":true,"valueName":"search_term_string"}}],"inLanguage":"lt-LT"},{"@type":"Organization","@id":"https:\/\/aaknives.eu\/lt\/#organization","name":"AAKnives","url":"https:\/\/aaknives.eu\/lt\/","logo":{"@type":"ImageObject","inLanguage":"lt-LT","@id":"https:\/\/aaknives.eu\/lt\/#\/schema\/logo\/image\/","url":"https:\/\/aaknives.eu\/wp-content\/uploads\/2021\/10\/AAknives_Logo_Green.png","contentUrl":"https:\/\/aaknives.eu\/wp-content\/uploads\/2021\/10\/AAknives_Logo_Green.png","width":1768,"height":1768,"caption":"AAKnives"},"image":{"@id":"https:\/\/aaknives.eu\/lt\/#\/schema\/logo\/image\/"},"sameAs":["https:\/\/www.facebook.com\/aaknives.eu\/","https:\/\/www.instagram.com\/aaknives\/","https:\/\/www.pinterest.com\/aa_knives\/","https:\/\/www.youtube.com\/channel\/UCHOQFjrOkgT6s4FIw9LDKyw\/featured"]}]}},"_links":{"self":[{"href":"https:\/\/aaknives.eu\/lt\/wp-json\/wp\/v2\/product\/57664","targetHints":{"allow":["GET"]}}],"collection":[{"href":"https:\/\/aaknives.eu\/lt\/wp-json\/wp\/v2\/product"}],"about":[{"href":"https:\/\/aaknives.eu\/lt\/wp-json\/wp\/v2\/types\/product"}],"wp:featuredmedia":[{"embeddable":true,"href":"https:\/\/aaknives.eu\/lt\/wp-json\/wp\/v2\/media\/57681"}],"wp:attachment":[{"href":"https:\/\/aaknives.eu\/lt\/wp-json\/wp\/v2\/media?parent=57664"}],"wp:term":[{"taxonomy":"product_brand","embeddable":true,"href":"https:\/\/aaknives.eu\/lt\/wp-json\/wp\/v2\/product_brand?post=57664"},{"taxonomy":"product_cat","embeddable":true,"href":"https:\/\/aaknives.eu\/lt\/wp-json\/wp\/v2\/product_cat?post=57664"},{"taxonomy":"product_tag","embeddable":true,"href":"https:\/\/aaknives.eu\/lt\/wp-json\/wp\/v2\/product_tag?post=57664"}],"curies":[{"name":"wp","href":"https:\/\/api.w.org\/{rel}","templated":true}]}}