{"id":57867,"date":"2024-04-24T17:29:24","date_gmt":"2024-04-24T17:29:24","guid":{"rendered":"https:\/\/aaknives.eu\/?post_type=product&#038;p=57867"},"modified":"2024-09-12T13:01:27","modified_gmt":"2024-09-12T13:01:27","slug":"kirvis-plienas-9hs-su-kalimo-zymemis-juodo-azuolo-rankena-kopija","status":"publish","type":"product","link":"https:\/\/aaknives.eu\/lt\/product\/kirvis-plienas-9hs-su-kalimo-zymemis-juodo-azuolo-rankena-kopija\/","title":{"rendered":"Kirvis &#8211; plienas 9HS su kalimo \u017eym\u0117mis, juodo \u0105\u017euolo rankena"},"content":{"rendered":"<p>Kirvio specifikacijos: Juodasis \u0105\u017euolas<br \/>\nPlienas: 9HS (9XC)<br \/>\nKietumas: 59-60 HRC<br \/>\nGele\u017et\u0117s ilgis (mm): 190 \/ 7,48 colio<br \/>\nGele\u017et\u0117s storis (mm): 10 &#8211; 3 \/ 0,39 &#8211; 0,09 col.<br \/>\nA\u0161men\u0173 plotis (mm): (mm): 140 \/ 5,51 colio<br \/>\nRankena: Juodasis \u0105\u017euolas<br \/>\nBendras ilgis (mm): (mm): 490 \/ 19,29 colio<br \/>\nPeili\u0173 tipas: med\u017eiokliniai, lauko peiliai<br \/>\nPakuot\u0117: kirvis, odinis apvalkalas<br \/>\nA\u0161menys: Pjovimas ant metalo + graviravimas ant metalo<\/p>\n<p>I\u0161 Gaujos up\u0117s dugno i\u0161gautas juodasis \u0105\u017euolas &#8211; i\u0161ties unikalus radinys. Tai labai sena med\u017eiaga, kuri laikui b\u0117gant tapo labai kieta ir patvari. D\u0117l \u0161i\u0173 savybi\u0173 juodasis \u0105\u017euolas yra vertinga med\u017eiaga \u012fvairiems meno dirbiniams kurti.<br \/>\nGauja yra ilgiausia Latvijos up\u0117, o jos istorin\u0117s gelm\u0117s gars\u0117ja tuo, kad jose galima rasti \u012fvairi\u0173 senovini\u0173 ir i\u0161likusi\u0173 med\u017eiag\u0173. Blacksol gali b\u016bti 500-1000 met\u0173 senumo.<br \/>\nKadangi juodasis uosis atlaik\u0117 laiko i\u0161bandym\u0105, jis tapo m\u016bs\u0173 aplinkos ir kult\u016bros paveldo liudijimu, o jo naudojimas gali b\u016bti ir praktinis, ir simbolinis, atspindintis m\u016bs\u0173 ry\u0161\u012f su praeitimi ir gamta.<\/p>\n","protected":false},"excerpt":{"rendered":"<p>Kirvio specifikacijos: Juodasis \u0105\u017euolas Plienas: 9HS (9XC) Kietumas: 59-60 HRC Gele\u017et\u0117s ilgis (mm): 190 \/ 7,48 colio Gele\u017et\u0117s storis (mm): 10 &#8211; 3 \/ 0,39 &#8211; 0,09 col. A\u0161men\u0173 plotis (mm): (mm): 140 \/ 5,51 colio Rankena: Juodasis \u0105\u017euolas Bendras ilgis (mm): (mm): 490 \/ 19,29 colio Peili\u0173 tipas: med\u017eiokliniai, lauko peiliai Pakuot\u0117: kirvis, odinis apvalkalas A\u0161menys: Pjovimas ant metalo + graviravimas ant metalo I\u0161 Gaujos up\u0117s dugno i\u0161gautas juodasis \u0105\u017euolas &#8211; i\u0161ties unikalus radinys. Tai labai sena med\u017eiaga, kuri laikui b\u0117gant tapo labai kieta ir patvari. D\u0117l \u0161i\u0173 savybi\u0173 juodasis \u0105\u017euolas yra vertinga med\u017eiaga \u012fvairiems meno dirbiniams kurti. Gauja&hellip;<\/p>\n","protected":false},"featured_media":57872,"template":"","meta":{"_themeisle_gutenberg_block_has_review":false},"product_brand":[],"product_cat":[388],"product_tag":[],"class_list":{"0":"post-57867","1":"product","2":"type-product","3":"status-publish","4":"has-post-thumbnail","6":"product_cat-asys","8":"first","9":"instock","10":"shipping-taxable","11":"purchasable","12":"product-type-simple"},"yoast_head":"<!-- This site is optimized with the Yoast SEO plugin v27.3 - https:\/\/yoast.com\/product\/yoast-seo-wordpress\/ -->\n<title>Kirvis - plienas 9HS su kalimo \u017eym\u0117mis, juodo \u0105\u017euolo rankena - AAKnives<\/title>\n<meta name=\"description\" content=\"Kirvis - plienas 9HS su kalimo \u017eym\u0117mis, juodo \u0105\u017euolo rankena\" \/>\n<meta name=\"robots\" content=\"index, follow, max-snippet:-1, max-image-preview:large, max-video-preview:-1\" \/>\n<link rel=\"canonical\" href=\"https:\/\/aaknives.eu\/lt\/product\/kirvis-plienas-9hs-su-kalimo-zymemis-juodo-azuolo-rankena-kopija\/\" \/>\n<meta property=\"og:locale\" content=\"lt_LT\" \/>\n<meta property=\"og:type\" content=\"article\" \/>\n<meta property=\"og:title\" content=\"Kirvis - plienas 9HS su kalimo \u017eym\u0117mis, juodo \u0105\u017euolo rankena - AAKnives\" \/>\n<meta property=\"og:description\" content=\"Kirvis - plienas 9HS su kalimo \u017eym\u0117mis, juodo \u0105\u017euolo rankena\" \/>\n<meta property=\"og:url\" content=\"https:\/\/aaknives.eu\/lt\/product\/kirvis-plienas-9hs-su-kalimo-zymemis-juodo-azuolo-rankena-kopija\/\" \/>\n<meta property=\"og:site_name\" content=\"AAKnives\" \/>\n<meta property=\"article:publisher\" content=\"https:\/\/www.facebook.com\/aaknives.eu\/\" \/>\n<meta property=\"article:modified_time\" content=\"2024-09-12T13:01:27+00:00\" \/>\n<meta property=\"og:image\" content=\"https:\/\/aaknives.eu\/wp-content\/uploads\/2024\/04\/aaknives-hand-forged-dabascus-steel-blade-knife-handmade-custom-made-knife-handcrafted-knives-autinetools-northmen-2.3.jpg\" \/>\n\t<meta property=\"og:image:width\" content=\"1020\" \/>\n\t<meta property=\"og:image:height\" content=\"880\" \/>\n\t<meta property=\"og:image:type\" content=\"image\/jpeg\" \/>\n<meta name=\"twitter:card\" content=\"summary_large_image\" \/>\n<meta name=\"twitter:label1\" content=\"Est. reading time\" \/>\n\t<meta name=\"twitter:data1\" content=\"1 minut\u0117\" \/>\n<script type=\"application\/ld+json\" class=\"yoast-schema-graph\">{\"@context\":\"https:\\\/\\\/schema.org\",\"@graph\":[{\"@type\":\"WebPage\",\"@id\":\"https:\\\/\\\/aaknives.eu\\\/lt\\\/product\\\/kirvis-plienas-9hs-su-kalimo-zymemis-juodo-azuolo-rankena-kopija\\\/\",\"url\":\"https:\\\/\\\/aaknives.eu\\\/lt\\\/product\\\/kirvis-plienas-9hs-su-kalimo-zymemis-juodo-azuolo-rankena-kopija\\\/\",\"name\":\"Kirvis - plienas 9HS su kalimo \u017eym\u0117mis, juodo \u0105\u017euolo rankena - AAKnives\",\"isPartOf\":{\"@id\":\"https:\\\/\\\/aaknives.eu\\\/lt\\\/#website\"},\"primaryImageOfPage\":{\"@id\":\"https:\\\/\\\/aaknives.eu\\\/lt\\\/product\\\/kirvis-plienas-9hs-su-kalimo-zymemis-juodo-azuolo-rankena-kopija\\\/#primaryimage\"},\"image\":{\"@id\":\"https:\\\/\\\/aaknives.eu\\\/lt\\\/product\\\/kirvis-plienas-9hs-su-kalimo-zymemis-juodo-azuolo-rankena-kopija\\\/#primaryimage\"},\"thumbnailUrl\":\"https:\\\/\\\/aaknives.eu\\\/wp-content\\\/uploads\\\/2024\\\/04\\\/aaknives-hand-forged-dabascus-steel-blade-knife-handmade-custom-made-knife-handcrafted-knives-autinetools-northmen-2.3.jpg\",\"datePublished\":\"2024-04-24T17:29:24+00:00\",\"dateModified\":\"2024-09-12T13:01:27+00:00\",\"description\":\"Kirvis - plienas 9HS su kalimo \u017eym\u0117mis, juodo \u0105\u017euolo rankena\",\"breadcrumb\":{\"@id\":\"https:\\\/\\\/aaknives.eu\\\/lt\\\/product\\\/kirvis-plienas-9hs-su-kalimo-zymemis-juodo-azuolo-rankena-kopija\\\/#breadcrumb\"},\"inLanguage\":\"lt-LT\",\"potentialAction\":[{\"@type\":\"ReadAction\",\"target\":[\"https:\\\/\\\/aaknives.eu\\\/lt\\\/product\\\/kirvis-plienas-9hs-su-kalimo-zymemis-juodo-azuolo-rankena-kopija\\\/\"]}]},{\"@type\":\"ImageObject\",\"inLanguage\":\"lt-LT\",\"@id\":\"https:\\\/\\\/aaknives.eu\\\/lt\\\/product\\\/kirvis-plienas-9hs-su-kalimo-zymemis-juodo-azuolo-rankena-kopija\\\/#primaryimage\",\"url\":\"https:\\\/\\\/aaknives.eu\\\/wp-content\\\/uploads\\\/2024\\\/04\\\/aaknives-hand-forged-dabascus-steel-blade-knife-handmade-custom-made-knife-handcrafted-knives-autinetools-northmen-2.3.jpg\",\"contentUrl\":\"https:\\\/\\\/aaknives.eu\\\/wp-content\\\/uploads\\\/2024\\\/04\\\/aaknives-hand-forged-dabascus-steel-blade-knife-handmade-custom-made-knife-handcrafted-knives-autinetools-northmen-2.3.jpg\",\"width\":1020,\"height\":880},{\"@type\":\"BreadcrumbList\",\"@id\":\"https:\\\/\\\/aaknives.eu\\\/lt\\\/product\\\/kirvis-plienas-9hs-su-kalimo-zymemis-juodo-azuolo-rankena-kopija\\\/#breadcrumb\",\"itemListElement\":[{\"@type\":\"ListItem\",\"position\":1,\"name\":\"Home\",\"item\":\"https:\\\/\\\/aaknives.eu\\\/lt\\\/\"},{\"@type\":\"ListItem\",\"position\":2,\"name\":\"Parduotuv\u0117\",\"item\":\"https:\\\/\\\/aaknives.eu\\\/parduotuve\\\/\"},{\"@type\":\"ListItem\",\"position\":3,\"name\":\"Kirvis &#8211; plienas 9HS su kalimo \u017eym\u0117mis, juodo \u0105\u017euolo rankena\"}]},{\"@type\":\"WebSite\",\"@id\":\"https:\\\/\\\/aaknives.eu\\\/lt\\\/#website\",\"url\":\"https:\\\/\\\/aaknives.eu\\\/lt\\\/\",\"name\":\"AAKnives\",\"description\":\"Handmade knives\",\"publisher\":{\"@id\":\"https:\\\/\\\/aaknives.eu\\\/lt\\\/#organization\"},\"potentialAction\":[{\"@type\":\"SearchAction\",\"target\":{\"@type\":\"EntryPoint\",\"urlTemplate\":\"https:\\\/\\\/aaknives.eu\\\/lt\\\/?s={search_term_string}\"},\"query-input\":{\"@type\":\"PropertyValueSpecification\",\"valueRequired\":true,\"valueName\":\"search_term_string\"}}],\"inLanguage\":\"lt-LT\"},{\"@type\":\"Organization\",\"@id\":\"https:\\\/\\\/aaknives.eu\\\/lt\\\/#organization\",\"name\":\"AAKnives\",\"url\":\"https:\\\/\\\/aaknives.eu\\\/lt\\\/\",\"logo\":{\"@type\":\"ImageObject\",\"inLanguage\":\"lt-LT\",\"@id\":\"https:\\\/\\\/aaknives.eu\\\/lt\\\/#\\\/schema\\\/logo\\\/image\\\/\",\"url\":\"https:\\\/\\\/aaknives.eu\\\/wp-content\\\/uploads\\\/2021\\\/10\\\/AAknives_Logo_Green.png\",\"contentUrl\":\"https:\\\/\\\/aaknives.eu\\\/wp-content\\\/uploads\\\/2021\\\/10\\\/AAknives_Logo_Green.png\",\"width\":1768,\"height\":1768,\"caption\":\"AAKnives\"},\"image\":{\"@id\":\"https:\\\/\\\/aaknives.eu\\\/lt\\\/#\\\/schema\\\/logo\\\/image\\\/\"},\"sameAs\":[\"https:\\\/\\\/www.facebook.com\\\/aaknives.eu\\\/\",\"https:\\\/\\\/www.instagram.com\\\/aaknives\\\/\",\"https:\\\/\\\/www.pinterest.com\\\/aa_knives\\\/\",\"https:\\\/\\\/www.youtube.com\\\/channel\\\/UCHOQFjrOkgT6s4FIw9LDKyw\\\/featured\"]}]}<\/script>\n<!-- \/ Yoast SEO plugin. -->","yoast_head_json":{"title":"Kirvis - plienas 9HS su kalimo \u017eym\u0117mis, juodo \u0105\u017euolo rankena - AAKnives","description":"Kirvis - plienas 9HS su kalimo \u017eym\u0117mis, juodo \u0105\u017euolo rankena","robots":{"index":"index","follow":"follow","max-snippet":"max-snippet:-1","max-image-preview":"max-image-preview:large","max-video-preview":"max-video-preview:-1"},"canonical":"https:\/\/aaknives.eu\/lt\/product\/kirvis-plienas-9hs-su-kalimo-zymemis-juodo-azuolo-rankena-kopija\/","og_locale":"lt_LT","og_type":"article","og_title":"Kirvis - plienas 9HS su kalimo \u017eym\u0117mis, juodo \u0105\u017euolo rankena - AAKnives","og_description":"Kirvis - plienas 9HS su kalimo \u017eym\u0117mis, juodo \u0105\u017euolo rankena","og_url":"https:\/\/aaknives.eu\/lt\/product\/kirvis-plienas-9hs-su-kalimo-zymemis-juodo-azuolo-rankena-kopija\/","og_site_name":"AAKnives","article_publisher":"https:\/\/www.facebook.com\/aaknives.eu\/","article_modified_time":"2024-09-12T13:01:27+00:00","og_image":[{"width":1020,"height":880,"url":"https:\/\/aaknives.eu\/wp-content\/uploads\/2024\/04\/aaknives-hand-forged-dabascus-steel-blade-knife-handmade-custom-made-knife-handcrafted-knives-autinetools-northmen-2.3.jpg","type":"image\/jpeg"}],"twitter_card":"summary_large_image","twitter_misc":{"Est. reading time":"1 minut\u0117"},"schema":{"@context":"https:\/\/schema.org","@graph":[{"@type":"WebPage","@id":"https:\/\/aaknives.eu\/lt\/product\/kirvis-plienas-9hs-su-kalimo-zymemis-juodo-azuolo-rankena-kopija\/","url":"https:\/\/aaknives.eu\/lt\/product\/kirvis-plienas-9hs-su-kalimo-zymemis-juodo-azuolo-rankena-kopija\/","name":"Kirvis - plienas 9HS su kalimo \u017eym\u0117mis, juodo \u0105\u017euolo rankena - AAKnives","isPartOf":{"@id":"https:\/\/aaknives.eu\/lt\/#website"},"primaryImageOfPage":{"@id":"https:\/\/aaknives.eu\/lt\/product\/kirvis-plienas-9hs-su-kalimo-zymemis-juodo-azuolo-rankena-kopija\/#primaryimage"},"image":{"@id":"https:\/\/aaknives.eu\/lt\/product\/kirvis-plienas-9hs-su-kalimo-zymemis-juodo-azuolo-rankena-kopija\/#primaryimage"},"thumbnailUrl":"https:\/\/aaknives.eu\/wp-content\/uploads\/2024\/04\/aaknives-hand-forged-dabascus-steel-blade-knife-handmade-custom-made-knife-handcrafted-knives-autinetools-northmen-2.3.jpg","datePublished":"2024-04-24T17:29:24+00:00","dateModified":"2024-09-12T13:01:27+00:00","description":"Kirvis - plienas 9HS su kalimo \u017eym\u0117mis, juodo \u0105\u017euolo rankena","breadcrumb":{"@id":"https:\/\/aaknives.eu\/lt\/product\/kirvis-plienas-9hs-su-kalimo-zymemis-juodo-azuolo-rankena-kopija\/#breadcrumb"},"inLanguage":"lt-LT","potentialAction":[{"@type":"ReadAction","target":["https:\/\/aaknives.eu\/lt\/product\/kirvis-plienas-9hs-su-kalimo-zymemis-juodo-azuolo-rankena-kopija\/"]}]},{"@type":"ImageObject","inLanguage":"lt-LT","@id":"https:\/\/aaknives.eu\/lt\/product\/kirvis-plienas-9hs-su-kalimo-zymemis-juodo-azuolo-rankena-kopija\/#primaryimage","url":"https:\/\/aaknives.eu\/wp-content\/uploads\/2024\/04\/aaknives-hand-forged-dabascus-steel-blade-knife-handmade-custom-made-knife-handcrafted-knives-autinetools-northmen-2.3.jpg","contentUrl":"https:\/\/aaknives.eu\/wp-content\/uploads\/2024\/04\/aaknives-hand-forged-dabascus-steel-blade-knife-handmade-custom-made-knife-handcrafted-knives-autinetools-northmen-2.3.jpg","width":1020,"height":880},{"@type":"BreadcrumbList","@id":"https:\/\/aaknives.eu\/lt\/product\/kirvis-plienas-9hs-su-kalimo-zymemis-juodo-azuolo-rankena-kopija\/#breadcrumb","itemListElement":[{"@type":"ListItem","position":1,"name":"Home","item":"https:\/\/aaknives.eu\/lt\/"},{"@type":"ListItem","position":2,"name":"Parduotuv\u0117","item":"https:\/\/aaknives.eu\/parduotuve\/"},{"@type":"ListItem","position":3,"name":"Kirvis &#8211; plienas 9HS su kalimo \u017eym\u0117mis, juodo \u0105\u017euolo rankena"}]},{"@type":"WebSite","@id":"https:\/\/aaknives.eu\/lt\/#website","url":"https:\/\/aaknives.eu\/lt\/","name":"AAKnives","description":"Handmade knives","publisher":{"@id":"https:\/\/aaknives.eu\/lt\/#organization"},"potentialAction":[{"@type":"SearchAction","target":{"@type":"EntryPoint","urlTemplate":"https:\/\/aaknives.eu\/lt\/?s={search_term_string}"},"query-input":{"@type":"PropertyValueSpecification","valueRequired":true,"valueName":"search_term_string"}}],"inLanguage":"lt-LT"},{"@type":"Organization","@id":"https:\/\/aaknives.eu\/lt\/#organization","name":"AAKnives","url":"https:\/\/aaknives.eu\/lt\/","logo":{"@type":"ImageObject","inLanguage":"lt-LT","@id":"https:\/\/aaknives.eu\/lt\/#\/schema\/logo\/image\/","url":"https:\/\/aaknives.eu\/wp-content\/uploads\/2021\/10\/AAknives_Logo_Green.png","contentUrl":"https:\/\/aaknives.eu\/wp-content\/uploads\/2021\/10\/AAknives_Logo_Green.png","width":1768,"height":1768,"caption":"AAKnives"},"image":{"@id":"https:\/\/aaknives.eu\/lt\/#\/schema\/logo\/image\/"},"sameAs":["https:\/\/www.facebook.com\/aaknives.eu\/","https:\/\/www.instagram.com\/aaknives\/","https:\/\/www.pinterest.com\/aa_knives\/","https:\/\/www.youtube.com\/channel\/UCHOQFjrOkgT6s4FIw9LDKyw\/featured"]}]}},"_links":{"self":[{"href":"https:\/\/aaknives.eu\/lt\/wp-json\/wp\/v2\/product\/57867","targetHints":{"allow":["GET"]}}],"collection":[{"href":"https:\/\/aaknives.eu\/lt\/wp-json\/wp\/v2\/product"}],"about":[{"href":"https:\/\/aaknives.eu\/lt\/wp-json\/wp\/v2\/types\/product"}],"wp:featuredmedia":[{"embeddable":true,"href":"https:\/\/aaknives.eu\/lt\/wp-json\/wp\/v2\/media\/57872"}],"wp:attachment":[{"href":"https:\/\/aaknives.eu\/lt\/wp-json\/wp\/v2\/media?parent=57867"}],"wp:term":[{"taxonomy":"product_brand","embeddable":true,"href":"https:\/\/aaknives.eu\/lt\/wp-json\/wp\/v2\/product_brand?post=57867"},{"taxonomy":"product_cat","embeddable":true,"href":"https:\/\/aaknives.eu\/lt\/wp-json\/wp\/v2\/product_cat?post=57867"},{"taxonomy":"product_tag","embeddable":true,"href":"https:\/\/aaknives.eu\/lt\/wp-json\/wp\/v2\/product_tag?post=57867"}],"curies":[{"name":"wp","href":"https:\/\/api.w.org\/{rel}","templated":true}]}}