{"id":63754,"date":"2024-05-22T14:41:08","date_gmt":"2024-05-22T14:41:08","guid":{"rendered":"https:\/\/aaknives.eu\/?post_type=product&#038;p=63754"},"modified":"2024-09-12T13:01:27","modified_gmt":"2024-09-12T13:01:27","slug":"tanto-damasko-plieno-peilis-kopija","status":"publish","type":"product","link":"https:\/\/aaknives.eu\/lt\/product\/tanto-damasko-plieno-peilis-kopija\/","title":{"rendered":"&#8220;TANTO&#8221; peilis Laminatas-Damasko plienas, Acrilic rankena+kompozitin\u0117 med\u017eiaga"},"content":{"rendered":"<p>Peilio specifikacijos: &#8220;Tanto&#8221;<br \/>\nPlienas: Damasko plieno peilis (HVG, U10, ShH15 ) 800 sluoksni\u0173<br \/>\nKietumas: 61 HRC<br \/>\nGele\u017et\u0117s ilgis (mm): 170 \/ 6,69 colio<br \/>\nGele\u017et\u0117s storis (mm): (mm): 3 \/ 0,11 colio<br \/>\nA\u0161men\u0173 plotis (mm): Atsparumas (mm): 27 \/ 1,06 colio<br \/>\nRankena: Akrilin\u0117 rankena + kompozitin\u0117 med\u017eiaga<br \/>\nBendras ilgis (mm): Vidutinis ilgis (mm): 320 \/ 12,59 colio<br \/>\nPeili\u0173 tipas: med\u017eiokliniai, lauko peiliai<br \/>\nPakuot\u0117: peilis, medinis d\u0117klas<\/p>\n<p>Rankomis kaltas damasko plienas, sukurtas i\u0161 skirtingo kietumo ir klampumo plien\u0173, kurie tam tikra tvarka sudedami \u012f plok\u0161tel\u0119. Po to plok\u0161t\u0117 pakartotinai perlydoma, tod\u0117l susidaro sluoksniai ir unikalus ra\u0161tas.<br \/>\nSud\u0117tingas technologinis procesas atliekamas rankiniu b\u016bdu. Tokiu b\u016bdu gautas plienas pasi\u017eymi didesniu stiprumu, dideliu kietumu, puikiomis pjovimo savyb\u0117mis ir gro\u017eiu.<br \/>\nDamasko plieno daugiau nei 700-1000 sluoksni\u0173.<br \/>\nPakuot\u0117 i\u0161 damaskinio plieno ShH15 + HVG + U10A, \u0161ilumin\u0117 i\u0161rai\u0161ka 860 \u00b0C<\/p>\n<p>Damasko plieno peili\u0173 privalumai:<br \/>\nDidesnis stiprumas<br \/>\nDidelis kietumas<br \/>\nPuikios pjovimo savyb\u0117s<br \/>\nGra\u017eus dizainas<br \/>\nIlgalaikis a\u0161trumas<\/p>\n<p>Gele\u017et\u0117s kietumas 60-62 HRC.<br \/>\nRank\u0173 darbo<\/p>\n","protected":false},"excerpt":{"rendered":"<p>Peilio specifikacijos: &#8220;Tanto&#8221; Plienas: Damasko plieno peilis (HVG, U10, ShH15 ) 800 sluoksni\u0173 Kietumas: 61 HRC Gele\u017et\u0117s ilgis (mm): 170 \/ 6,69 colio Gele\u017et\u0117s storis (mm): (mm): 3 \/ 0,11 colio A\u0161men\u0173 plotis (mm): Atsparumas (mm): 27 \/ 1,06 colio Rankena: Akrilin\u0117 rankena + kompozitin\u0117 med\u017eiaga Bendras ilgis (mm): Vidutinis ilgis (mm): 320 \/ 12,59 colio Peili\u0173 tipas: med\u017eiokliniai, lauko peiliai Pakuot\u0117: peilis, medinis d\u0117klas Rankomis kaltas damasko plienas, sukurtas i\u0161 skirtingo kietumo ir klampumo plien\u0173, kurie tam tikra tvarka sudedami \u012f plok\u0161tel\u0119. Po to plok\u0161t\u0117 pakartotinai perlydoma, tod\u0117l susidaro sluoksniai ir unikalus ra\u0161tas. Sud\u0117tingas technologinis procesas atliekamas rankiniu b\u016bdu.&hellip;<\/p>\n","protected":false},"featured_media":63761,"template":"","meta":{"_themeisle_gutenberg_block_has_review":false},"product_brand":[],"product_cat":[380,381],"product_tag":[],"class_list":{"0":"post-63754","1":"product","2":"type-product","3":"status-publish","4":"has-post-thumbnail","6":"product_cat-premium-ir-isskirtiniai-peiliai","7":"product_cat-lauko-peiliai","9":"first","10":"instock","11":"featured","12":"shipping-taxable","13":"purchasable","14":"product-type-simple"},"yoast_head":"<!-- This site is optimized with the Yoast SEO plugin v27.3 - https:\/\/yoast.com\/product\/yoast-seo-wordpress\/ -->\n<title>&quot;TANTO&quot; peilis Laminatas-Damasko plienas, Acrilic rankena+kompozitin\u0117 med\u017eiaga - AAKnives<\/title>\n<meta name=\"description\" content=\"&quot;TANTO&quot;, Damasko plieno peilis, i\u0161skirtinis peilis, dovan\u0173 peilis, damasko peilis, tanto peilis, damasko plienas, aaknives peilis, rank\u0173 darbo peilis\" \/>\n<meta name=\"robots\" content=\"index, follow, max-snippet:-1, max-image-preview:large, max-video-preview:-1\" \/>\n<link rel=\"canonical\" href=\"https:\/\/aaknives.eu\/lt\/product\/tanto-damasko-plieno-peilis-kopija\/\" \/>\n<meta property=\"og:locale\" content=\"lt_LT\" \/>\n<meta property=\"og:type\" content=\"article\" \/>\n<meta property=\"og:title\" content=\"&quot;TANTO&quot; peilis Laminatas-Damasko plienas, Acrilic rankena+kompozitin\u0117 med\u017eiaga - AAKnives\" \/>\n<meta property=\"og:description\" content=\"&quot;TANTO&quot;, Damasko plieno peilis, i\u0161skirtinis peilis, dovan\u0173 peilis, damasko peilis, tanto peilis, damasko plienas, aaknives peilis, rank\u0173 darbo peilis\" \/>\n<meta property=\"og:url\" content=\"https:\/\/aaknives.eu\/lt\/product\/tanto-damasko-plieno-peilis-kopija\/\" \/>\n<meta property=\"og:site_name\" content=\"AAKnives\" \/>\n<meta property=\"article:publisher\" content=\"https:\/\/www.facebook.com\/aaknives.eu\/\" \/>\n<meta property=\"article:modified_time\" content=\"2024-09-12T13:01:27+00:00\" \/>\n<meta property=\"og:image\" content=\"https:\/\/aaknives.eu\/wp-content\/uploads\/2024\/05\/aaknives-hand-forged-dabascus-steel-blade-knife-handmade-custom-made-knife-handcrafted-knives-autinetools-northmen-25.2.jpg\" \/>\n\t<meta property=\"og:image:width\" content=\"1020\" \/>\n\t<meta property=\"og:image:height\" content=\"880\" \/>\n\t<meta property=\"og:image:type\" content=\"image\/jpeg\" \/>\n<meta name=\"twitter:card\" content=\"summary_large_image\" \/>\n<meta name=\"twitter:label1\" content=\"Est. reading time\" \/>\n\t<meta name=\"twitter:data1\" content=\"1 minut\u0117\" \/>\n<script type=\"application\/ld+json\" class=\"yoast-schema-graph\">{\"@context\":\"https:\\\/\\\/schema.org\",\"@graph\":[{\"@type\":\"WebPage\",\"@id\":\"https:\\\/\\\/aaknives.eu\\\/lt\\\/product\\\/tanto-damasko-plieno-peilis-kopija\\\/\",\"url\":\"https:\\\/\\\/aaknives.eu\\\/lt\\\/product\\\/tanto-damasko-plieno-peilis-kopija\\\/\",\"name\":\"\\\"TANTO\\\" peilis Laminatas-Damasko plienas, Acrilic rankena+kompozitin\u0117 med\u017eiaga - AAKnives\",\"isPartOf\":{\"@id\":\"https:\\\/\\\/aaknives.eu\\\/lt\\\/#website\"},\"primaryImageOfPage\":{\"@id\":\"https:\\\/\\\/aaknives.eu\\\/lt\\\/product\\\/tanto-damasko-plieno-peilis-kopija\\\/#primaryimage\"},\"image\":{\"@id\":\"https:\\\/\\\/aaknives.eu\\\/lt\\\/product\\\/tanto-damasko-plieno-peilis-kopija\\\/#primaryimage\"},\"thumbnailUrl\":\"https:\\\/\\\/aaknives.eu\\\/wp-content\\\/uploads\\\/2024\\\/05\\\/aaknives-hand-forged-dabascus-steel-blade-knife-handmade-custom-made-knife-handcrafted-knives-autinetools-northmen-25.2.jpg\",\"datePublished\":\"2024-05-22T14:41:08+00:00\",\"dateModified\":\"2024-09-12T13:01:27+00:00\",\"description\":\"\\\"TANTO\\\", Damasko plieno peilis, i\u0161skirtinis peilis, dovan\u0173 peilis, damasko peilis, tanto peilis, damasko plienas, aaknives peilis, rank\u0173 darbo peilis\",\"breadcrumb\":{\"@id\":\"https:\\\/\\\/aaknives.eu\\\/lt\\\/product\\\/tanto-damasko-plieno-peilis-kopija\\\/#breadcrumb\"},\"inLanguage\":\"lt-LT\",\"potentialAction\":[{\"@type\":\"ReadAction\",\"target\":[\"https:\\\/\\\/aaknives.eu\\\/lt\\\/product\\\/tanto-damasko-plieno-peilis-kopija\\\/\"]}]},{\"@type\":\"ImageObject\",\"inLanguage\":\"lt-LT\",\"@id\":\"https:\\\/\\\/aaknives.eu\\\/lt\\\/product\\\/tanto-damasko-plieno-peilis-kopija\\\/#primaryimage\",\"url\":\"https:\\\/\\\/aaknives.eu\\\/wp-content\\\/uploads\\\/2024\\\/05\\\/aaknives-hand-forged-dabascus-steel-blade-knife-handmade-custom-made-knife-handcrafted-knives-autinetools-northmen-25.2.jpg\",\"contentUrl\":\"https:\\\/\\\/aaknives.eu\\\/wp-content\\\/uploads\\\/2024\\\/05\\\/aaknives-hand-forged-dabascus-steel-blade-knife-handmade-custom-made-knife-handcrafted-knives-autinetools-northmen-25.2.jpg\",\"width\":1020,\"height\":880},{\"@type\":\"BreadcrumbList\",\"@id\":\"https:\\\/\\\/aaknives.eu\\\/lt\\\/product\\\/tanto-damasko-plieno-peilis-kopija\\\/#breadcrumb\",\"itemListElement\":[{\"@type\":\"ListItem\",\"position\":1,\"name\":\"Home\",\"item\":\"https:\\\/\\\/aaknives.eu\\\/lt\\\/\"},{\"@type\":\"ListItem\",\"position\":2,\"name\":\"Parduotuv\u0117\",\"item\":\"https:\\\/\\\/aaknives.eu\\\/parduotuve\\\/\"},{\"@type\":\"ListItem\",\"position\":3,\"name\":\"&#8220;TANTO&#8221; peilis Laminatas-Damasko plienas, Acrilic rankena+kompozitin\u0117 med\u017eiaga\"}]},{\"@type\":\"WebSite\",\"@id\":\"https:\\\/\\\/aaknives.eu\\\/lt\\\/#website\",\"url\":\"https:\\\/\\\/aaknives.eu\\\/lt\\\/\",\"name\":\"AAKnives\",\"description\":\"Handmade knives\",\"publisher\":{\"@id\":\"https:\\\/\\\/aaknives.eu\\\/lt\\\/#organization\"},\"potentialAction\":[{\"@type\":\"SearchAction\",\"target\":{\"@type\":\"EntryPoint\",\"urlTemplate\":\"https:\\\/\\\/aaknives.eu\\\/lt\\\/?s={search_term_string}\"},\"query-input\":{\"@type\":\"PropertyValueSpecification\",\"valueRequired\":true,\"valueName\":\"search_term_string\"}}],\"inLanguage\":\"lt-LT\"},{\"@type\":\"Organization\",\"@id\":\"https:\\\/\\\/aaknives.eu\\\/lt\\\/#organization\",\"name\":\"AAKnives\",\"url\":\"https:\\\/\\\/aaknives.eu\\\/lt\\\/\",\"logo\":{\"@type\":\"ImageObject\",\"inLanguage\":\"lt-LT\",\"@id\":\"https:\\\/\\\/aaknives.eu\\\/lt\\\/#\\\/schema\\\/logo\\\/image\\\/\",\"url\":\"https:\\\/\\\/aaknives.eu\\\/wp-content\\\/uploads\\\/2021\\\/10\\\/AAknives_Logo_Green.png\",\"contentUrl\":\"https:\\\/\\\/aaknives.eu\\\/wp-content\\\/uploads\\\/2021\\\/10\\\/AAknives_Logo_Green.png\",\"width\":1768,\"height\":1768,\"caption\":\"AAKnives\"},\"image\":{\"@id\":\"https:\\\/\\\/aaknives.eu\\\/lt\\\/#\\\/schema\\\/logo\\\/image\\\/\"},\"sameAs\":[\"https:\\\/\\\/www.facebook.com\\\/aaknives.eu\\\/\",\"https:\\\/\\\/www.instagram.com\\\/aaknives\\\/\",\"https:\\\/\\\/www.pinterest.com\\\/aa_knives\\\/\",\"https:\\\/\\\/www.youtube.com\\\/channel\\\/UCHOQFjrOkgT6s4FIw9LDKyw\\\/featured\"]}]}<\/script>\n<!-- \/ Yoast SEO plugin. -->","yoast_head_json":{"title":"\"TANTO\" peilis Laminatas-Damasko plienas, Acrilic rankena+kompozitin\u0117 med\u017eiaga - AAKnives","description":"\"TANTO\", Damasko plieno peilis, i\u0161skirtinis peilis, dovan\u0173 peilis, damasko peilis, tanto peilis, damasko plienas, aaknives peilis, rank\u0173 darbo peilis","robots":{"index":"index","follow":"follow","max-snippet":"max-snippet:-1","max-image-preview":"max-image-preview:large","max-video-preview":"max-video-preview:-1"},"canonical":"https:\/\/aaknives.eu\/lt\/product\/tanto-damasko-plieno-peilis-kopija\/","og_locale":"lt_LT","og_type":"article","og_title":"\"TANTO\" peilis Laminatas-Damasko plienas, Acrilic rankena+kompozitin\u0117 med\u017eiaga - AAKnives","og_description":"\"TANTO\", Damasko plieno peilis, i\u0161skirtinis peilis, dovan\u0173 peilis, damasko peilis, tanto peilis, damasko plienas, aaknives peilis, rank\u0173 darbo peilis","og_url":"https:\/\/aaknives.eu\/lt\/product\/tanto-damasko-plieno-peilis-kopija\/","og_site_name":"AAKnives","article_publisher":"https:\/\/www.facebook.com\/aaknives.eu\/","article_modified_time":"2024-09-12T13:01:27+00:00","og_image":[{"width":1020,"height":880,"url":"https:\/\/aaknives.eu\/wp-content\/uploads\/2024\/05\/aaknives-hand-forged-dabascus-steel-blade-knife-handmade-custom-made-knife-handcrafted-knives-autinetools-northmen-25.2.jpg","type":"image\/jpeg"}],"twitter_card":"summary_large_image","twitter_misc":{"Est. reading time":"1 minut\u0117"},"schema":{"@context":"https:\/\/schema.org","@graph":[{"@type":"WebPage","@id":"https:\/\/aaknives.eu\/lt\/product\/tanto-damasko-plieno-peilis-kopija\/","url":"https:\/\/aaknives.eu\/lt\/product\/tanto-damasko-plieno-peilis-kopija\/","name":"\"TANTO\" peilis Laminatas-Damasko plienas, Acrilic rankena+kompozitin\u0117 med\u017eiaga - AAKnives","isPartOf":{"@id":"https:\/\/aaknives.eu\/lt\/#website"},"primaryImageOfPage":{"@id":"https:\/\/aaknives.eu\/lt\/product\/tanto-damasko-plieno-peilis-kopija\/#primaryimage"},"image":{"@id":"https:\/\/aaknives.eu\/lt\/product\/tanto-damasko-plieno-peilis-kopija\/#primaryimage"},"thumbnailUrl":"https:\/\/aaknives.eu\/wp-content\/uploads\/2024\/05\/aaknives-hand-forged-dabascus-steel-blade-knife-handmade-custom-made-knife-handcrafted-knives-autinetools-northmen-25.2.jpg","datePublished":"2024-05-22T14:41:08+00:00","dateModified":"2024-09-12T13:01:27+00:00","description":"\"TANTO\", Damasko plieno peilis, i\u0161skirtinis peilis, dovan\u0173 peilis, damasko peilis, tanto peilis, damasko plienas, aaknives peilis, rank\u0173 darbo peilis","breadcrumb":{"@id":"https:\/\/aaknives.eu\/lt\/product\/tanto-damasko-plieno-peilis-kopija\/#breadcrumb"},"inLanguage":"lt-LT","potentialAction":[{"@type":"ReadAction","target":["https:\/\/aaknives.eu\/lt\/product\/tanto-damasko-plieno-peilis-kopija\/"]}]},{"@type":"ImageObject","inLanguage":"lt-LT","@id":"https:\/\/aaknives.eu\/lt\/product\/tanto-damasko-plieno-peilis-kopija\/#primaryimage","url":"https:\/\/aaknives.eu\/wp-content\/uploads\/2024\/05\/aaknives-hand-forged-dabascus-steel-blade-knife-handmade-custom-made-knife-handcrafted-knives-autinetools-northmen-25.2.jpg","contentUrl":"https:\/\/aaknives.eu\/wp-content\/uploads\/2024\/05\/aaknives-hand-forged-dabascus-steel-blade-knife-handmade-custom-made-knife-handcrafted-knives-autinetools-northmen-25.2.jpg","width":1020,"height":880},{"@type":"BreadcrumbList","@id":"https:\/\/aaknives.eu\/lt\/product\/tanto-damasko-plieno-peilis-kopija\/#breadcrumb","itemListElement":[{"@type":"ListItem","position":1,"name":"Home","item":"https:\/\/aaknives.eu\/lt\/"},{"@type":"ListItem","position":2,"name":"Parduotuv\u0117","item":"https:\/\/aaknives.eu\/parduotuve\/"},{"@type":"ListItem","position":3,"name":"&#8220;TANTO&#8221; peilis Laminatas-Damasko plienas, Acrilic rankena+kompozitin\u0117 med\u017eiaga"}]},{"@type":"WebSite","@id":"https:\/\/aaknives.eu\/lt\/#website","url":"https:\/\/aaknives.eu\/lt\/","name":"AAKnives","description":"Handmade knives","publisher":{"@id":"https:\/\/aaknives.eu\/lt\/#organization"},"potentialAction":[{"@type":"SearchAction","target":{"@type":"EntryPoint","urlTemplate":"https:\/\/aaknives.eu\/lt\/?s={search_term_string}"},"query-input":{"@type":"PropertyValueSpecification","valueRequired":true,"valueName":"search_term_string"}}],"inLanguage":"lt-LT"},{"@type":"Organization","@id":"https:\/\/aaknives.eu\/lt\/#organization","name":"AAKnives","url":"https:\/\/aaknives.eu\/lt\/","logo":{"@type":"ImageObject","inLanguage":"lt-LT","@id":"https:\/\/aaknives.eu\/lt\/#\/schema\/logo\/image\/","url":"https:\/\/aaknives.eu\/wp-content\/uploads\/2021\/10\/AAknives_Logo_Green.png","contentUrl":"https:\/\/aaknives.eu\/wp-content\/uploads\/2021\/10\/AAknives_Logo_Green.png","width":1768,"height":1768,"caption":"AAKnives"},"image":{"@id":"https:\/\/aaknives.eu\/lt\/#\/schema\/logo\/image\/"},"sameAs":["https:\/\/www.facebook.com\/aaknives.eu\/","https:\/\/www.instagram.com\/aaknives\/","https:\/\/www.pinterest.com\/aa_knives\/","https:\/\/www.youtube.com\/channel\/UCHOQFjrOkgT6s4FIw9LDKyw\/featured"]}]}},"_links":{"self":[{"href":"https:\/\/aaknives.eu\/lt\/wp-json\/wp\/v2\/product\/63754","targetHints":{"allow":["GET"]}}],"collection":[{"href":"https:\/\/aaknives.eu\/lt\/wp-json\/wp\/v2\/product"}],"about":[{"href":"https:\/\/aaknives.eu\/lt\/wp-json\/wp\/v2\/types\/product"}],"wp:featuredmedia":[{"embeddable":true,"href":"https:\/\/aaknives.eu\/lt\/wp-json\/wp\/v2\/media\/63761"}],"wp:attachment":[{"href":"https:\/\/aaknives.eu\/lt\/wp-json\/wp\/v2\/media?parent=63754"}],"wp:term":[{"taxonomy":"product_brand","embeddable":true,"href":"https:\/\/aaknives.eu\/lt\/wp-json\/wp\/v2\/product_brand?post=63754"},{"taxonomy":"product_cat","embeddable":true,"href":"https:\/\/aaknives.eu\/lt\/wp-json\/wp\/v2\/product_cat?post=63754"},{"taxonomy":"product_tag","embeddable":true,"href":"https:\/\/aaknives.eu\/lt\/wp-json\/wp\/v2\/product_tag?post=63754"}],"curies":[{"name":"wp","href":"https:\/\/api.w.org\/{rel}","templated":true}]}}