{"id":66251,"date":"2024-07-04T17:44:12","date_gmt":"2024-07-04T17:44:12","guid":{"rendered":"https:\/\/aaknives.eu\/?post_type=product&#038;p=66251"},"modified":"2024-07-04T17:50:27","modified_gmt":"2024-07-04T17:50:27","slug":"peilis-poseidon-plienas-bohler-m390-microclean-kopija-2","status":"publish","type":"product","link":"https:\/\/aaknives.eu\/lt\/product\/peilis-poseidon-plienas-bohler-m390-microclean-kopija-2\/","title":{"rendered":"Peilis &#8221;POSEIDON&#8221;, plienas B\u00d6HLER&#8221; M390&#8243; MicroClean"},"content":{"rendered":"<p>Peilio specifikacijos: &#8221;POSEIDON&#8221;<br \/>\nPlienas: Plienas B\u00d6HLER&#8221; M390&#8243; MicroClean<br \/>\nKietumas: 62-63 HRC<br \/>\nGele\u017et\u0117s ilgis (mm): 110 \/ 4,33 colio<br \/>\nGele\u017et\u0117s storis (mm): (mm): 3 \/ 0,11 colio<br \/>\nBlade width (mm): 31 \/ 1,22 Inc<br \/>\nRankena: stabilizuotas karel\u0173 ber\u017eas<br \/>\nBendras ilgis (mm): Vidutinis ilgis (mm): 238 \/ 9,37 colio<br \/>\nPeili\u0173 tipas: med\u017eiokliniai, lauko peiliai<br \/>\nPakuot\u0117: peilis, odinis d\u0117klas<\/p>\n<p>B\u00f6hler M390 \u0161iuo metu yra viena populiariausi\u0173 plieno r\u016b\u0161i\u0173. Jis giriamas u\u017e puik\u0173 a\u0161trumo i\u0161laikym\u0105<\/p>\n<p>Kod\u0117l &#8220;B\u00f6hler M390&#8221; toks populiarus &#8211; a\u0161trumo i\u0161laikymas. M390 yra toks atsparus nusid\u0117v\u0117jimui, kad tinkamai i\u0161laiko kra\u0161to form\u0105. Tod\u0117l i\u0161 M390 plieno pagamintas peilis labai ilgai i\u0161laikys a\u0161trum\u0105. Tai rei\u0161kia, kad jums nereik\u0117s taip da\u017enai gal\u0105sti peilio. Tai puiku ne tik tod\u0117l, kad peilio galandimas u\u017eima daug laiko, bet ir tod\u0117l, kad peilis ilgiau tarnaus.<\/p>\n<p>Be a\u0161trumo i\u0161laikymo, M390 pasi\u017eymi dar keliomis geromis savyb\u0117mis. J\u012f galima u\u017egr\u016bdinti iki gana didelio kietumo, ta\u010diau jis greitai nesul\u016b\u017eta. Ta\u010diau tai nerei\u0161kia, kad M390 yra labai kietas. Tai rei\u0161kia, kad M390, palyginti su kit\u0173 r\u016b\u0161i\u0173 plienu, galima gal\u0105sti \u0161iek tiek ploniau.<\/p>\n<p>M390 taip pat yra palyginti ner\u016bdijantis. D\u0117l didelio chromo kiekio r\u016bdys netur\u0117s joki\u0173 \u0161ans\u0173. Ypa\u010d lyginant su kit\u0173 kiet\u0173 r\u016b\u0161i\u0173 plienu, kuris pasi\u017eymi a\u0161trumo i\u0161laikymu, ta\u010diau vis tiek gali b\u016bti paveiktas r\u016bd\u017ei\u0173.<\/p>\n<p>&nbsp;<\/p>\n","protected":false},"excerpt":{"rendered":"<p>Peilio specifikacijos: &#8221;POSEIDON&#8221; Plienas: Plienas B\u00d6HLER&#8221; M390&#8243; MicroClean Kietumas: 62-63 HRC Gele\u017et\u0117s ilgis (mm): 110 \/ 4,33 colio Gele\u017et\u0117s storis (mm): (mm): 3 \/ 0,11 colio Blade width (mm): 31 \/ 1,22 Inc Rankena: stabilizuotas karel\u0173 ber\u017eas Bendras ilgis (mm): Vidutinis ilgis (mm): 238 \/ 9,37 colio Peili\u0173 tipas: med\u017eiokliniai, lauko peiliai Pakuot\u0117: peilis, odinis d\u0117klas B\u00f6hler M390 \u0161iuo metu yra viena populiariausi\u0173 plieno r\u016b\u0161i\u0173. Jis giriamas u\u017e puik\u0173 a\u0161trumo i\u0161laikym\u0105 Kod\u0117l &#8220;B\u00f6hler M390&#8221; toks populiarus &#8211; a\u0161trumo i\u0161laikymas. M390 yra toks atsparus nusid\u0117v\u0117jimui, kad tinkamai i\u0161laiko kra\u0161to form\u0105. Tod\u0117l i\u0161 M390 plieno pagamintas peilis labai ilgai i\u0161laikys a\u0161trum\u0105. Tai&hellip;<\/p>\n","protected":false},"featured_media":93033,"template":"","meta":{"_themeisle_gutenberg_block_has_review":false},"product_brand":[],"product_cat":[381,386,385],"product_tag":[],"class_list":{"0":"post-66251","1":"product","2":"type-product","3":"status-publish","4":"has-post-thumbnail","6":"product_cat-lauko-peiliai","7":"product_cat-medziokliniai-peiliai","8":"product_cat-zvejybos-peiliai","10":"first","11":"instock","12":"shipping-taxable","13":"purchasable","14":"product-type-simple"},"yoast_head":"<!-- This site is optimized with the Yoast SEO plugin v27.3 - https:\/\/yoast.com\/product\/yoast-seo-wordpress\/ -->\n<title>Peilis &#039;&#039;POSEIDON&quot;, plienas B\u00d6HLER&quot; M390&quot; MicroClean - AAKnives<\/title>\n<meta name=\"description\" content=\"Peilis &#039;&#039;POSEIDON&quot;, Plienas B\u00d6HLER&quot; M390&quot; MicroClean, med\u017eioklinis peilis, med\u017eioklinis peilis, med\u017eiokliniai peiliai, \u0161vedi\u0161kas plienas, \u0161vedi\u0161kas peilis plienas\" \/>\n<meta name=\"robots\" content=\"index, follow, max-snippet:-1, max-image-preview:large, max-video-preview:-1\" \/>\n<link rel=\"canonical\" href=\"https:\/\/aaknives.eu\/lt\/product\/peilis-poseidon-plienas-bohler-m390-microclean-kopija-2\/\" \/>\n<meta property=\"og:locale\" content=\"lt_LT\" \/>\n<meta property=\"og:type\" content=\"article\" \/>\n<meta property=\"og:title\" content=\"Peilis &#039;&#039;POSEIDON&quot;, plienas B\u00d6HLER&quot; M390&quot; MicroClean - AAKnives\" \/>\n<meta property=\"og:description\" content=\"Peilis &#039;&#039;POSEIDON&quot;, Plienas B\u00d6HLER&quot; M390&quot; MicroClean, med\u017eioklinis peilis, med\u017eioklinis peilis, med\u017eiokliniai peiliai, \u0161vedi\u0161kas plienas, \u0161vedi\u0161kas peilis plienas\" \/>\n<meta property=\"og:url\" content=\"https:\/\/aaknives.eu\/lt\/product\/peilis-poseidon-plienas-bohler-m390-microclean-kopija-2\/\" \/>\n<meta property=\"og:site_name\" content=\"AAKnives\" \/>\n<meta property=\"article:publisher\" content=\"https:\/\/www.facebook.com\/aaknives.eu\/\" \/>\n<meta property=\"article:modified_time\" content=\"2024-07-04T17:50:27+00:00\" \/>\n<meta property=\"og:image\" content=\"https:\/\/aaknives.eu\/wp-content\/uploads\/2024\/07\/aaknives-hand-forged-steel-blade-knife-handmade-custom-made-knife-handcrafted-knives-autinetools-northmen-52.2.jpg\" \/>\n\t<meta property=\"og:image:width\" content=\"1020\" \/>\n\t<meta property=\"og:image:height\" content=\"880\" \/>\n\t<meta property=\"og:image:type\" content=\"image\/jpeg\" \/>\n<meta name=\"twitter:card\" content=\"summary_large_image\" \/>\n<meta name=\"twitter:label1\" content=\"Est. reading time\" \/>\n\t<meta name=\"twitter:data1\" content=\"1 minut\u0117\" \/>\n<script type=\"application\/ld+json\" class=\"yoast-schema-graph\">{\"@context\":\"https:\\\/\\\/schema.org\",\"@graph\":[{\"@type\":\"WebPage\",\"@id\":\"https:\\\/\\\/aaknives.eu\\\/lt\\\/product\\\/peilis-poseidon-plienas-bohler-m390-microclean-kopija-2\\\/\",\"url\":\"https:\\\/\\\/aaknives.eu\\\/lt\\\/product\\\/peilis-poseidon-plienas-bohler-m390-microclean-kopija-2\\\/\",\"name\":\"Peilis ''POSEIDON\\\", plienas B\u00d6HLER\\\" M390\\\" MicroClean - AAKnives\",\"isPartOf\":{\"@id\":\"https:\\\/\\\/aaknives.eu\\\/lt\\\/#website\"},\"primaryImageOfPage\":{\"@id\":\"https:\\\/\\\/aaknives.eu\\\/lt\\\/product\\\/peilis-poseidon-plienas-bohler-m390-microclean-kopija-2\\\/#primaryimage\"},\"image\":{\"@id\":\"https:\\\/\\\/aaknives.eu\\\/lt\\\/product\\\/peilis-poseidon-plienas-bohler-m390-microclean-kopija-2\\\/#primaryimage\"},\"thumbnailUrl\":\"https:\\\/\\\/aaknives.eu\\\/wp-content\\\/uploads\\\/2024\\\/07\\\/aaknives-hand-forged-dabascus-steel-blade-knife-handmade-custom-made-knife-handcrafted-knives-autinetools-northmen-19.2-2.jpg\",\"datePublished\":\"2024-07-04T17:44:12+00:00\",\"dateModified\":\"2024-07-04T17:50:27+00:00\",\"description\":\"Peilis ''POSEIDON\\\", Plienas B\u00d6HLER\\\" M390\\\" MicroClean, med\u017eioklinis peilis, med\u017eioklinis peilis, med\u017eiokliniai peiliai, \u0161vedi\u0161kas plienas, \u0161vedi\u0161kas peilis plienas\",\"breadcrumb\":{\"@id\":\"https:\\\/\\\/aaknives.eu\\\/lt\\\/product\\\/peilis-poseidon-plienas-bohler-m390-microclean-kopija-2\\\/#breadcrumb\"},\"inLanguage\":\"lt-LT\",\"potentialAction\":[{\"@type\":\"ReadAction\",\"target\":[\"https:\\\/\\\/aaknives.eu\\\/lt\\\/product\\\/peilis-poseidon-plienas-bohler-m390-microclean-kopija-2\\\/\"]}]},{\"@type\":\"ImageObject\",\"inLanguage\":\"lt-LT\",\"@id\":\"https:\\\/\\\/aaknives.eu\\\/lt\\\/product\\\/peilis-poseidon-plienas-bohler-m390-microclean-kopija-2\\\/#primaryimage\",\"url\":\"https:\\\/\\\/aaknives.eu\\\/wp-content\\\/uploads\\\/2024\\\/07\\\/aaknives-hand-forged-dabascus-steel-blade-knife-handmade-custom-made-knife-handcrafted-knives-autinetools-northmen-19.2-2.jpg\",\"contentUrl\":\"https:\\\/\\\/aaknives.eu\\\/wp-content\\\/uploads\\\/2024\\\/07\\\/aaknives-hand-forged-dabascus-steel-blade-knife-handmade-custom-made-knife-handcrafted-knives-autinetools-northmen-19.2-2.jpg\",\"width\":1020,\"height\":880},{\"@type\":\"BreadcrumbList\",\"@id\":\"https:\\\/\\\/aaknives.eu\\\/lt\\\/product\\\/peilis-poseidon-plienas-bohler-m390-microclean-kopija-2\\\/#breadcrumb\",\"itemListElement\":[{\"@type\":\"ListItem\",\"position\":1,\"name\":\"Home\",\"item\":\"https:\\\/\\\/aaknives.eu\\\/lt\\\/\"},{\"@type\":\"ListItem\",\"position\":2,\"name\":\"Parduotuv\u0117\",\"item\":\"https:\\\/\\\/aaknives.eu\\\/parduotuve\\\/\"},{\"@type\":\"ListItem\",\"position\":3,\"name\":\"Private: Peilis &#8221;POSEIDON&#8221;, plienas B\u00d6HLER&#8221; M390&#8243; MicroClean\"}]},{\"@type\":\"WebSite\",\"@id\":\"https:\\\/\\\/aaknives.eu\\\/lt\\\/#website\",\"url\":\"https:\\\/\\\/aaknives.eu\\\/lt\\\/\",\"name\":\"AAKnives\",\"description\":\"Handmade knives\",\"publisher\":{\"@id\":\"https:\\\/\\\/aaknives.eu\\\/lt\\\/#organization\"},\"potentialAction\":[{\"@type\":\"SearchAction\",\"target\":{\"@type\":\"EntryPoint\",\"urlTemplate\":\"https:\\\/\\\/aaknives.eu\\\/lt\\\/?s={search_term_string}\"},\"query-input\":{\"@type\":\"PropertyValueSpecification\",\"valueRequired\":true,\"valueName\":\"search_term_string\"}}],\"inLanguage\":\"lt-LT\"},{\"@type\":\"Organization\",\"@id\":\"https:\\\/\\\/aaknives.eu\\\/lt\\\/#organization\",\"name\":\"AAKnives\",\"url\":\"https:\\\/\\\/aaknives.eu\\\/lt\\\/\",\"logo\":{\"@type\":\"ImageObject\",\"inLanguage\":\"lt-LT\",\"@id\":\"https:\\\/\\\/aaknives.eu\\\/lt\\\/#\\\/schema\\\/logo\\\/image\\\/\",\"url\":\"https:\\\/\\\/aaknives.eu\\\/wp-content\\\/uploads\\\/2021\\\/10\\\/AAknives_Logo_Green.png\",\"contentUrl\":\"https:\\\/\\\/aaknives.eu\\\/wp-content\\\/uploads\\\/2021\\\/10\\\/AAknives_Logo_Green.png\",\"width\":1768,\"height\":1768,\"caption\":\"AAKnives\"},\"image\":{\"@id\":\"https:\\\/\\\/aaknives.eu\\\/lt\\\/#\\\/schema\\\/logo\\\/image\\\/\"},\"sameAs\":[\"https:\\\/\\\/www.facebook.com\\\/aaknives.eu\\\/\",\"https:\\\/\\\/www.instagram.com\\\/aaknives\\\/\",\"https:\\\/\\\/www.pinterest.com\\\/aa_knives\\\/\",\"https:\\\/\\\/www.youtube.com\\\/channel\\\/UCHOQFjrOkgT6s4FIw9LDKyw\\\/featured\"]}]}<\/script>\n<!-- \/ Yoast SEO plugin. -->","yoast_head_json":{"title":"Peilis ''POSEIDON\", plienas B\u00d6HLER\" M390\" MicroClean - AAKnives","description":"Peilis ''POSEIDON\", Plienas B\u00d6HLER\" M390\" MicroClean, med\u017eioklinis peilis, med\u017eioklinis peilis, med\u017eiokliniai peiliai, \u0161vedi\u0161kas plienas, \u0161vedi\u0161kas peilis plienas","robots":{"index":"index","follow":"follow","max-snippet":"max-snippet:-1","max-image-preview":"max-image-preview:large","max-video-preview":"max-video-preview:-1"},"canonical":"https:\/\/aaknives.eu\/lt\/product\/peilis-poseidon-plienas-bohler-m390-microclean-kopija-2\/","og_locale":"lt_LT","og_type":"article","og_title":"Peilis ''POSEIDON\", plienas B\u00d6HLER\" M390\" MicroClean - AAKnives","og_description":"Peilis ''POSEIDON\", Plienas B\u00d6HLER\" M390\" MicroClean, med\u017eioklinis peilis, med\u017eioklinis peilis, med\u017eiokliniai peiliai, \u0161vedi\u0161kas plienas, \u0161vedi\u0161kas peilis plienas","og_url":"https:\/\/aaknives.eu\/lt\/product\/peilis-poseidon-plienas-bohler-m390-microclean-kopija-2\/","og_site_name":"AAKnives","article_publisher":"https:\/\/www.facebook.com\/aaknives.eu\/","article_modified_time":"2024-07-04T17:50:27+00:00","og_image":[{"width":1020,"height":880,"url":"https:\/\/aaknives.eu\/wp-content\/uploads\/2024\/07\/aaknives-hand-forged-steel-blade-knife-handmade-custom-made-knife-handcrafted-knives-autinetools-northmen-52.2.jpg","type":"image\/jpeg"}],"twitter_card":"summary_large_image","twitter_misc":{"Est. reading time":"1 minut\u0117"},"schema":{"@context":"https:\/\/schema.org","@graph":[{"@type":"WebPage","@id":"https:\/\/aaknives.eu\/lt\/product\/peilis-poseidon-plienas-bohler-m390-microclean-kopija-2\/","url":"https:\/\/aaknives.eu\/lt\/product\/peilis-poseidon-plienas-bohler-m390-microclean-kopija-2\/","name":"Peilis ''POSEIDON\", plienas B\u00d6HLER\" M390\" MicroClean - AAKnives","isPartOf":{"@id":"https:\/\/aaknives.eu\/lt\/#website"},"primaryImageOfPage":{"@id":"https:\/\/aaknives.eu\/lt\/product\/peilis-poseidon-plienas-bohler-m390-microclean-kopija-2\/#primaryimage"},"image":{"@id":"https:\/\/aaknives.eu\/lt\/product\/peilis-poseidon-plienas-bohler-m390-microclean-kopija-2\/#primaryimage"},"thumbnailUrl":"https:\/\/aaknives.eu\/wp-content\/uploads\/2024\/07\/aaknives-hand-forged-dabascus-steel-blade-knife-handmade-custom-made-knife-handcrafted-knives-autinetools-northmen-19.2-2.jpg","datePublished":"2024-07-04T17:44:12+00:00","dateModified":"2024-07-04T17:50:27+00:00","description":"Peilis ''POSEIDON\", Plienas B\u00d6HLER\" M390\" MicroClean, med\u017eioklinis peilis, med\u017eioklinis peilis, med\u017eiokliniai peiliai, \u0161vedi\u0161kas plienas, \u0161vedi\u0161kas peilis plienas","breadcrumb":{"@id":"https:\/\/aaknives.eu\/lt\/product\/peilis-poseidon-plienas-bohler-m390-microclean-kopija-2\/#breadcrumb"},"inLanguage":"lt-LT","potentialAction":[{"@type":"ReadAction","target":["https:\/\/aaknives.eu\/lt\/product\/peilis-poseidon-plienas-bohler-m390-microclean-kopija-2\/"]}]},{"@type":"ImageObject","inLanguage":"lt-LT","@id":"https:\/\/aaknives.eu\/lt\/product\/peilis-poseidon-plienas-bohler-m390-microclean-kopija-2\/#primaryimage","url":"https:\/\/aaknives.eu\/wp-content\/uploads\/2024\/07\/aaknives-hand-forged-dabascus-steel-blade-knife-handmade-custom-made-knife-handcrafted-knives-autinetools-northmen-19.2-2.jpg","contentUrl":"https:\/\/aaknives.eu\/wp-content\/uploads\/2024\/07\/aaknives-hand-forged-dabascus-steel-blade-knife-handmade-custom-made-knife-handcrafted-knives-autinetools-northmen-19.2-2.jpg","width":1020,"height":880},{"@type":"BreadcrumbList","@id":"https:\/\/aaknives.eu\/lt\/product\/peilis-poseidon-plienas-bohler-m390-microclean-kopija-2\/#breadcrumb","itemListElement":[{"@type":"ListItem","position":1,"name":"Home","item":"https:\/\/aaknives.eu\/lt\/"},{"@type":"ListItem","position":2,"name":"Parduotuv\u0117","item":"https:\/\/aaknives.eu\/parduotuve\/"},{"@type":"ListItem","position":3,"name":"Private: Peilis &#8221;POSEIDON&#8221;, plienas B\u00d6HLER&#8221; M390&#8243; MicroClean"}]},{"@type":"WebSite","@id":"https:\/\/aaknives.eu\/lt\/#website","url":"https:\/\/aaknives.eu\/lt\/","name":"AAKnives","description":"Handmade knives","publisher":{"@id":"https:\/\/aaknives.eu\/lt\/#organization"},"potentialAction":[{"@type":"SearchAction","target":{"@type":"EntryPoint","urlTemplate":"https:\/\/aaknives.eu\/lt\/?s={search_term_string}"},"query-input":{"@type":"PropertyValueSpecification","valueRequired":true,"valueName":"search_term_string"}}],"inLanguage":"lt-LT"},{"@type":"Organization","@id":"https:\/\/aaknives.eu\/lt\/#organization","name":"AAKnives","url":"https:\/\/aaknives.eu\/lt\/","logo":{"@type":"ImageObject","inLanguage":"lt-LT","@id":"https:\/\/aaknives.eu\/lt\/#\/schema\/logo\/image\/","url":"https:\/\/aaknives.eu\/wp-content\/uploads\/2021\/10\/AAknives_Logo_Green.png","contentUrl":"https:\/\/aaknives.eu\/wp-content\/uploads\/2021\/10\/AAknives_Logo_Green.png","width":1768,"height":1768,"caption":"AAKnives"},"image":{"@id":"https:\/\/aaknives.eu\/lt\/#\/schema\/logo\/image\/"},"sameAs":["https:\/\/www.facebook.com\/aaknives.eu\/","https:\/\/www.instagram.com\/aaknives\/","https:\/\/www.pinterest.com\/aa_knives\/","https:\/\/www.youtube.com\/channel\/UCHOQFjrOkgT6s4FIw9LDKyw\/featured"]}]}},"_links":{"self":[{"href":"https:\/\/aaknives.eu\/lt\/wp-json\/wp\/v2\/product\/66251","targetHints":{"allow":["GET"]}}],"collection":[{"href":"https:\/\/aaknives.eu\/lt\/wp-json\/wp\/v2\/product"}],"about":[{"href":"https:\/\/aaknives.eu\/lt\/wp-json\/wp\/v2\/types\/product"}],"wp:featuredmedia":[{"embeddable":true,"href":"https:\/\/aaknives.eu\/lt\/wp-json\/wp\/v2\/media\/93033"}],"wp:attachment":[{"href":"https:\/\/aaknives.eu\/lt\/wp-json\/wp\/v2\/media?parent=66251"}],"wp:term":[{"taxonomy":"product_brand","embeddable":true,"href":"https:\/\/aaknives.eu\/lt\/wp-json\/wp\/v2\/product_brand?post=66251"},{"taxonomy":"product_cat","embeddable":true,"href":"https:\/\/aaknives.eu\/lt\/wp-json\/wp\/v2\/product_cat?post=66251"},{"taxonomy":"product_tag","embeddable":true,"href":"https:\/\/aaknives.eu\/lt\/wp-json\/wp\/v2\/product_tag?post=66251"}],"curies":[{"name":"wp","href":"https:\/\/api.w.org\/{rel}","templated":true}]}}