{"id":67126,"date":"2024-08-21T14:31:46","date_gmt":"2024-08-21T14:31:46","guid":{"rendered":"https:\/\/aaknives.eu\/?post_type=product&#038;p=67126"},"modified":"2026-02-19T19:49:48","modified_gmt":"2026-02-19T19:49:48","slug":"peilis-finka-rankomis-kaltas-damasko-plienas","status":"publish","type":"product","link":"https:\/\/aaknives.eu\/lt\/product\/peilis-finka-rankomis-kaltas-damasko-plienas\/","title":{"rendered":"Peilis \u201eFINKA\u201c rankomis kaltas Damasko plienas"},"content":{"rendered":"<p>Peilio specifikacijos: &#8220;FINKA&#8221;<br \/>\nPlienas: Ranka kaltas Damasko plieno med\u017eioklinis peilis, (HVG, U10, ShH15), 800 sluoksni\u0173<br \/>\nKietumas: 59 HRC<br \/>\nA\u0161men\u0173 ilgis (mm): 125 \/ 4,92 colio<br \/>\nA\u0161men\u0173 storis (mm): 1,5 \/ 0,05 colio<br \/>\nA\u0161men\u0173 plotis (mm): 22 \/ 0,86 colio<br \/>\nRankena: mediena \u2013 afrikieti\u0161ka venge mediena<br \/>\nVisas ilgis (mm): 245 \/ 9,64 colio<br \/>\nPeilio tipas: lauko, i\u0161skirtinis dovan\u0173 peilis<br \/>\nPakuot\u0117: peilis, odinis apvalkalas<\/p>\n<p>Ranka kaltas Damasko plienas, sukurtas i\u0161 skirtingo kietumo ir klampumo plien\u0173 paketo, kurie tam tikra tvarka sulankstomi \u012f plok\u0161t\u0119. Toliau plok\u0161t\u0117 pakartotinai perkalama, tod\u0117l suformuojami sluoksniai ir unikalus ra\u0161tas.<br \/>\nSud\u0117tingas technologinis procesas atliekamas rankiniu b\u016bdu. Tokiu b\u016bdu gautas plienas pasi\u017eymi padidintu stiprumu, dideliu kietumu, puikiomis pjovimo savyb\u0117mis ir gro\u017eiu.<br \/>\nDamasko plienas daugiau nei 700\u20131000 sluoksni\u0173.<br \/>\nDamasko plieno ShH15 + HVG + U10A pakuot\u0117, termin\u0117 i\u0161eiga 860 \u00b0C<\/p>\n<p>Damasko plieno peili\u0173 privalumai:<br \/>\nPadidintas stiprumas<br \/>\nDidelis kietumas<br \/>\nPuikios pjovimo savyb\u0117s<br \/>\nGra\u017eus dizainas<br \/>\nIlgalaikis a\u0161trumas<\/p>\n<p>A\u0161men\u0173 kietumas 60\u201362 HRC.<br \/>\nRank\u0173 darbo<\/p>\n","protected":false},"excerpt":{"rendered":"<p>Peilio specifikacijos: &#8220;FINKA&#8221; Plienas: Ranka kaltas Damasko plieno med\u017eioklinis peilis, (HVG, U10, ShH15), 800 sluoksni\u0173 Kietumas: 59 HRC A\u0161men\u0173 ilgis (mm): 125 \/ 4,92 colio A\u0161men\u0173 storis (mm): 1,5 \/ 0,05 colio A\u0161men\u0173 plotis (mm): 22 \/ 0,86 colio Rankena: mediena \u2013 afrikieti\u0161ka venge mediena Visas ilgis (mm): 245 \/ 9,64 colio Peilio tipas: lauko, i\u0161skirtinis dovan\u0173 peilis Pakuot\u0117: peilis, odinis apvalkalas Ranka kaltas Damasko plienas, sukurtas i\u0161 skirtingo kietumo ir klampumo plien\u0173 paketo, kurie tam tikra tvarka sulankstomi \u012f plok\u0161t\u0119. Toliau plok\u0161t\u0117 pakartotinai perkalama, tod\u0117l suformuojami sluoksniai ir unikalus ra\u0161tas. Sud\u0117tingas technologinis procesas atliekamas rankiniu b\u016bdu. Tokiu b\u016bdu gautas&hellip;<\/p>\n","protected":false},"featured_media":105086,"template":"","meta":{"_themeisle_gutenberg_block_has_review":false},"product_brand":[],"product_cat":[380,381],"product_tag":[],"class_list":{"0":"post-67126","1":"product","2":"type-product","3":"status-publish","4":"has-post-thumbnail","6":"product_cat-premium-ir-isskirtiniai-peiliai","7":"product_cat-lauko-peiliai","9":"first","10":"outofstock","11":"shipping-taxable","12":"purchasable","13":"product-type-simple"},"yoast_head":"<!-- This site is optimized with the Yoast SEO plugin v27.3 - https:\/\/yoast.com\/product\/yoast-seo-wordpress\/ -->\n<title>Peilis \u201eFINKA\u201c rankomis kaltas Damasko plienas - AAKnives<\/title>\n<meta name=\"description\" content=\"Ranka kaltas Damasko plienas, sukurtas i\u0161 skirtingo kietumo ir klampumo plien\u0173 paketo, kurie tam tikra tvarka sulankstomi \u012f plok\u0161t\u0119.\" \/>\n<meta name=\"robots\" content=\"index, follow, max-snippet:-1, max-image-preview:large, max-video-preview:-1\" \/>\n<link rel=\"canonical\" href=\"https:\/\/aaknives.eu\/lt\/product\/peilis-finka-rankomis-kaltas-damasko-plienas\/\" \/>\n<meta property=\"og:locale\" content=\"lt_LT\" \/>\n<meta property=\"og:type\" content=\"article\" \/>\n<meta property=\"og:title\" content=\"Peilis \u201eFINKA\u201c rankomis kaltas Damasko plienas - AAKnives\" \/>\n<meta property=\"og:description\" content=\"Ranka kaltas Damasko plienas, sukurtas i\u0161 skirtingo kietumo ir klampumo plien\u0173 paketo, kurie tam tikra tvarka sulankstomi \u012f plok\u0161t\u0119.\" \/>\n<meta property=\"og:url\" content=\"https:\/\/aaknives.eu\/lt\/product\/peilis-finka-rankomis-kaltas-damasko-plienas\/\" \/>\n<meta property=\"og:site_name\" content=\"AAKnives\" \/>\n<meta property=\"article:publisher\" content=\"https:\/\/www.facebook.com\/aaknives.eu\/\" \/>\n<meta property=\"article:modified_time\" content=\"2026-02-19T19:49:48+00:00\" \/>\n<meta property=\"og:image\" content=\"https:\/\/aaknives.eu\/wp-content\/uploads\/2024\/08\/aaknives-hand-forged-damascus-steel-blade-knife-handmade-custom-made-knife-handcrafted-knives-autinetools-northmen-1-130.jpg\" \/>\n\t<meta property=\"og:image:width\" content=\"1020\" \/>\n\t<meta property=\"og:image:height\" content=\"880\" \/>\n\t<meta property=\"og:image:type\" content=\"image\/jpeg\" \/>\n<meta name=\"twitter:card\" content=\"summary_large_image\" \/>\n<meta name=\"twitter:label1\" content=\"Est. reading time\" \/>\n\t<meta name=\"twitter:data1\" content=\"1 minut\u0117\" \/>\n<script type=\"application\/ld+json\" class=\"yoast-schema-graph\">{\"@context\":\"https:\\\/\\\/schema.org\",\"@graph\":[{\"@type\":\"WebPage\",\"@id\":\"https:\\\/\\\/aaknives.eu\\\/lt\\\/product\\\/peilis-finka-rankomis-kaltas-damasko-plienas\\\/\",\"url\":\"https:\\\/\\\/aaknives.eu\\\/lt\\\/product\\\/peilis-finka-rankomis-kaltas-damasko-plienas\\\/\",\"name\":\"Peilis \u201eFINKA\u201c rankomis kaltas Damasko plienas - AAKnives\",\"isPartOf\":{\"@id\":\"https:\\\/\\\/aaknives.eu\\\/lt\\\/#website\"},\"primaryImageOfPage\":{\"@id\":\"https:\\\/\\\/aaknives.eu\\\/lt\\\/product\\\/peilis-finka-rankomis-kaltas-damasko-plienas\\\/#primaryimage\"},\"image\":{\"@id\":\"https:\\\/\\\/aaknives.eu\\\/lt\\\/product\\\/peilis-finka-rankomis-kaltas-damasko-plienas\\\/#primaryimage\"},\"thumbnailUrl\":\"https:\\\/\\\/aaknives.eu\\\/wp-content\\\/uploads\\\/2024\\\/08\\\/aaknives-hand-forged-damascus-steel-blade-knife-handmade-custom-made-knife-handcrafted-knives-autinetools-northmen-1-130.jpg\",\"datePublished\":\"2024-08-21T14:31:46+00:00\",\"dateModified\":\"2026-02-19T19:49:48+00:00\",\"description\":\"Ranka kaltas Damasko plienas, sukurtas i\u0161 skirtingo kietumo ir klampumo plien\u0173 paketo, kurie tam tikra tvarka sulankstomi \u012f plok\u0161t\u0119.\",\"breadcrumb\":{\"@id\":\"https:\\\/\\\/aaknives.eu\\\/lt\\\/product\\\/peilis-finka-rankomis-kaltas-damasko-plienas\\\/#breadcrumb\"},\"inLanguage\":\"lt-LT\",\"potentialAction\":[{\"@type\":\"ReadAction\",\"target\":[\"https:\\\/\\\/aaknives.eu\\\/lt\\\/product\\\/peilis-finka-rankomis-kaltas-damasko-plienas\\\/\"]}]},{\"@type\":\"ImageObject\",\"inLanguage\":\"lt-LT\",\"@id\":\"https:\\\/\\\/aaknives.eu\\\/lt\\\/product\\\/peilis-finka-rankomis-kaltas-damasko-plienas\\\/#primaryimage\",\"url\":\"https:\\\/\\\/aaknives.eu\\\/wp-content\\\/uploads\\\/2024\\\/08\\\/aaknives-hand-forged-damascus-steel-blade-knife-handmade-custom-made-knife-handcrafted-knives-autinetools-northmen-1-130.jpg\",\"contentUrl\":\"https:\\\/\\\/aaknives.eu\\\/wp-content\\\/uploads\\\/2024\\\/08\\\/aaknives-hand-forged-damascus-steel-blade-knife-handmade-custom-made-knife-handcrafted-knives-autinetools-northmen-1-130.jpg\",\"width\":1020,\"height\":880},{\"@type\":\"BreadcrumbList\",\"@id\":\"https:\\\/\\\/aaknives.eu\\\/lt\\\/product\\\/peilis-finka-rankomis-kaltas-damasko-plienas\\\/#breadcrumb\",\"itemListElement\":[{\"@type\":\"ListItem\",\"position\":1,\"name\":\"Home\",\"item\":\"https:\\\/\\\/aaknives.eu\\\/lt\\\/\"},{\"@type\":\"ListItem\",\"position\":2,\"name\":\"Parduotuv\u0117\",\"item\":\"https:\\\/\\\/aaknives.eu\\\/parduotuve\\\/\"},{\"@type\":\"ListItem\",\"position\":3,\"name\":\"Peilis \u201eFINKA\u201c rankomis kaltas Damasko plienas\"}]},{\"@type\":\"WebSite\",\"@id\":\"https:\\\/\\\/aaknives.eu\\\/lt\\\/#website\",\"url\":\"https:\\\/\\\/aaknives.eu\\\/lt\\\/\",\"name\":\"AAKnives\",\"description\":\"Handmade knives\",\"publisher\":{\"@id\":\"https:\\\/\\\/aaknives.eu\\\/lt\\\/#organization\"},\"potentialAction\":[{\"@type\":\"SearchAction\",\"target\":{\"@type\":\"EntryPoint\",\"urlTemplate\":\"https:\\\/\\\/aaknives.eu\\\/lt\\\/?s={search_term_string}\"},\"query-input\":{\"@type\":\"PropertyValueSpecification\",\"valueRequired\":true,\"valueName\":\"search_term_string\"}}],\"inLanguage\":\"lt-LT\"},{\"@type\":\"Organization\",\"@id\":\"https:\\\/\\\/aaknives.eu\\\/lt\\\/#organization\",\"name\":\"AAKnives\",\"url\":\"https:\\\/\\\/aaknives.eu\\\/lt\\\/\",\"logo\":{\"@type\":\"ImageObject\",\"inLanguage\":\"lt-LT\",\"@id\":\"https:\\\/\\\/aaknives.eu\\\/lt\\\/#\\\/schema\\\/logo\\\/image\\\/\",\"url\":\"https:\\\/\\\/aaknives.eu\\\/wp-content\\\/uploads\\\/2021\\\/10\\\/AAknives_Logo_Green.png\",\"contentUrl\":\"https:\\\/\\\/aaknives.eu\\\/wp-content\\\/uploads\\\/2021\\\/10\\\/AAknives_Logo_Green.png\",\"width\":1768,\"height\":1768,\"caption\":\"AAKnives\"},\"image\":{\"@id\":\"https:\\\/\\\/aaknives.eu\\\/lt\\\/#\\\/schema\\\/logo\\\/image\\\/\"},\"sameAs\":[\"https:\\\/\\\/www.facebook.com\\\/aaknives.eu\\\/\",\"https:\\\/\\\/www.instagram.com\\\/aaknives\\\/\",\"https:\\\/\\\/www.pinterest.com\\\/aa_knives\\\/\",\"https:\\\/\\\/www.youtube.com\\\/channel\\\/UCHOQFjrOkgT6s4FIw9LDKyw\\\/featured\"]}]}<\/script>\n<!-- \/ Yoast SEO plugin. -->","yoast_head_json":{"title":"Peilis \u201eFINKA\u201c rankomis kaltas Damasko plienas - AAKnives","description":"Ranka kaltas Damasko plienas, sukurtas i\u0161 skirtingo kietumo ir klampumo plien\u0173 paketo, kurie tam tikra tvarka sulankstomi \u012f plok\u0161t\u0119.","robots":{"index":"index","follow":"follow","max-snippet":"max-snippet:-1","max-image-preview":"max-image-preview:large","max-video-preview":"max-video-preview:-1"},"canonical":"https:\/\/aaknives.eu\/lt\/product\/peilis-finka-rankomis-kaltas-damasko-plienas\/","og_locale":"lt_LT","og_type":"article","og_title":"Peilis \u201eFINKA\u201c rankomis kaltas Damasko plienas - AAKnives","og_description":"Ranka kaltas Damasko plienas, sukurtas i\u0161 skirtingo kietumo ir klampumo plien\u0173 paketo, kurie tam tikra tvarka sulankstomi \u012f plok\u0161t\u0119.","og_url":"https:\/\/aaknives.eu\/lt\/product\/peilis-finka-rankomis-kaltas-damasko-plienas\/","og_site_name":"AAKnives","article_publisher":"https:\/\/www.facebook.com\/aaknives.eu\/","article_modified_time":"2026-02-19T19:49:48+00:00","og_image":[{"width":1020,"height":880,"url":"https:\/\/aaknives.eu\/wp-content\/uploads\/2024\/08\/aaknives-hand-forged-damascus-steel-blade-knife-handmade-custom-made-knife-handcrafted-knives-autinetools-northmen-1-130.jpg","type":"image\/jpeg"}],"twitter_card":"summary_large_image","twitter_misc":{"Est. reading time":"1 minut\u0117"},"schema":{"@context":"https:\/\/schema.org","@graph":[{"@type":"WebPage","@id":"https:\/\/aaknives.eu\/lt\/product\/peilis-finka-rankomis-kaltas-damasko-plienas\/","url":"https:\/\/aaknives.eu\/lt\/product\/peilis-finka-rankomis-kaltas-damasko-plienas\/","name":"Peilis \u201eFINKA\u201c rankomis kaltas Damasko plienas - AAKnives","isPartOf":{"@id":"https:\/\/aaknives.eu\/lt\/#website"},"primaryImageOfPage":{"@id":"https:\/\/aaknives.eu\/lt\/product\/peilis-finka-rankomis-kaltas-damasko-plienas\/#primaryimage"},"image":{"@id":"https:\/\/aaknives.eu\/lt\/product\/peilis-finka-rankomis-kaltas-damasko-plienas\/#primaryimage"},"thumbnailUrl":"https:\/\/aaknives.eu\/wp-content\/uploads\/2024\/08\/aaknives-hand-forged-damascus-steel-blade-knife-handmade-custom-made-knife-handcrafted-knives-autinetools-northmen-1-130.jpg","datePublished":"2024-08-21T14:31:46+00:00","dateModified":"2026-02-19T19:49:48+00:00","description":"Ranka kaltas Damasko plienas, sukurtas i\u0161 skirtingo kietumo ir klampumo plien\u0173 paketo, kurie tam tikra tvarka sulankstomi \u012f plok\u0161t\u0119.","breadcrumb":{"@id":"https:\/\/aaknives.eu\/lt\/product\/peilis-finka-rankomis-kaltas-damasko-plienas\/#breadcrumb"},"inLanguage":"lt-LT","potentialAction":[{"@type":"ReadAction","target":["https:\/\/aaknives.eu\/lt\/product\/peilis-finka-rankomis-kaltas-damasko-plienas\/"]}]},{"@type":"ImageObject","inLanguage":"lt-LT","@id":"https:\/\/aaknives.eu\/lt\/product\/peilis-finka-rankomis-kaltas-damasko-plienas\/#primaryimage","url":"https:\/\/aaknives.eu\/wp-content\/uploads\/2024\/08\/aaknives-hand-forged-damascus-steel-blade-knife-handmade-custom-made-knife-handcrafted-knives-autinetools-northmen-1-130.jpg","contentUrl":"https:\/\/aaknives.eu\/wp-content\/uploads\/2024\/08\/aaknives-hand-forged-damascus-steel-blade-knife-handmade-custom-made-knife-handcrafted-knives-autinetools-northmen-1-130.jpg","width":1020,"height":880},{"@type":"BreadcrumbList","@id":"https:\/\/aaknives.eu\/lt\/product\/peilis-finka-rankomis-kaltas-damasko-plienas\/#breadcrumb","itemListElement":[{"@type":"ListItem","position":1,"name":"Home","item":"https:\/\/aaknives.eu\/lt\/"},{"@type":"ListItem","position":2,"name":"Parduotuv\u0117","item":"https:\/\/aaknives.eu\/parduotuve\/"},{"@type":"ListItem","position":3,"name":"Peilis \u201eFINKA\u201c rankomis kaltas Damasko plienas"}]},{"@type":"WebSite","@id":"https:\/\/aaknives.eu\/lt\/#website","url":"https:\/\/aaknives.eu\/lt\/","name":"AAKnives","description":"Handmade knives","publisher":{"@id":"https:\/\/aaknives.eu\/lt\/#organization"},"potentialAction":[{"@type":"SearchAction","target":{"@type":"EntryPoint","urlTemplate":"https:\/\/aaknives.eu\/lt\/?s={search_term_string}"},"query-input":{"@type":"PropertyValueSpecification","valueRequired":true,"valueName":"search_term_string"}}],"inLanguage":"lt-LT"},{"@type":"Organization","@id":"https:\/\/aaknives.eu\/lt\/#organization","name":"AAKnives","url":"https:\/\/aaknives.eu\/lt\/","logo":{"@type":"ImageObject","inLanguage":"lt-LT","@id":"https:\/\/aaknives.eu\/lt\/#\/schema\/logo\/image\/","url":"https:\/\/aaknives.eu\/wp-content\/uploads\/2021\/10\/AAknives_Logo_Green.png","contentUrl":"https:\/\/aaknives.eu\/wp-content\/uploads\/2021\/10\/AAknives_Logo_Green.png","width":1768,"height":1768,"caption":"AAKnives"},"image":{"@id":"https:\/\/aaknives.eu\/lt\/#\/schema\/logo\/image\/"},"sameAs":["https:\/\/www.facebook.com\/aaknives.eu\/","https:\/\/www.instagram.com\/aaknives\/","https:\/\/www.pinterest.com\/aa_knives\/","https:\/\/www.youtube.com\/channel\/UCHOQFjrOkgT6s4FIw9LDKyw\/featured"]}]}},"_links":{"self":[{"href":"https:\/\/aaknives.eu\/lt\/wp-json\/wp\/v2\/product\/67126","targetHints":{"allow":["GET"]}}],"collection":[{"href":"https:\/\/aaknives.eu\/lt\/wp-json\/wp\/v2\/product"}],"about":[{"href":"https:\/\/aaknives.eu\/lt\/wp-json\/wp\/v2\/types\/product"}],"wp:featuredmedia":[{"embeddable":true,"href":"https:\/\/aaknives.eu\/lt\/wp-json\/wp\/v2\/media\/105086"}],"wp:attachment":[{"href":"https:\/\/aaknives.eu\/lt\/wp-json\/wp\/v2\/media?parent=67126"}],"wp:term":[{"taxonomy":"product_brand","embeddable":true,"href":"https:\/\/aaknives.eu\/lt\/wp-json\/wp\/v2\/product_brand?post=67126"},{"taxonomy":"product_cat","embeddable":true,"href":"https:\/\/aaknives.eu\/lt\/wp-json\/wp\/v2\/product_cat?post=67126"},{"taxonomy":"product_tag","embeddable":true,"href":"https:\/\/aaknives.eu\/lt\/wp-json\/wp\/v2\/product_tag?post=67126"}],"curies":[{"name":"wp","href":"https:\/\/api.w.org\/{rel}","templated":true}]}}