{"id":67650,"date":"2024-08-26T09:25:57","date_gmt":"2024-08-26T09:25:57","guid":{"rendered":"https:\/\/aaknives.eu\/?post_type=product&#038;p=67650"},"modified":"2025-05-11T14:10:34","modified_gmt":"2025-05-11T14:10:34","slug":"knife-finka-damascus-steel-stabilized-karelia-birch-kopija","status":"publish","type":"product","link":"https:\/\/aaknives.eu\/lt\/product\/knife-finka-damascus-steel-stabilized-karelia-birch-kopija\/","title":{"rendered":"Knife \u201dFINKA\u201d (Damascus steel), stabilized Karelia birch"},"content":{"rendered":"<p>Peilio specifikacijos: \u201eFINKA\u201c<br \/>\nPlienas: Damasko plienas<br \/>\nKietumas: 60\u201362 HRC<br \/>\nGele\u017et\u0117s ilgis (mm): 125 \/ 4,92 colio<br \/>\nGele\u017et\u0117s storis (mm): 2 \/ 0,07 colio<br \/>\nGele\u017et\u0117s plotis (mm): 22 \/ 0,88 colio<br \/>\nRankena: stabilizuota Karelijos ber\u017eo mediena<br \/>\nBendras ilgis (mm): 245 \/ 9,64 colio<br \/>\nPeilio tipas: lauko, i\u0161skirtinis dovan\u0173 peilis<br \/>\nPakuot\u0117: peilis, odin\u0117 mak\u0161tis<\/p>\n<p>Rankomis kaltas damasko plienas, sukurtas i\u0161 skirtingo kietumo ir klampumo plien\u0173, kurie tam tikra tvarka sudedami \u012f plok\u0161tel\u0119. Toliau plok\u0161tel\u0117 pakartotinai perkalama, kurios d\u0117ka susidaro sluoksniai ir unikalus ra\u0161tas.<br \/>\nSunkus technologinis procesas atliekamas rankiniu b\u016bdu. Tokiu b\u016bdu gautas plienas pasi\u017eymi padidintu stiprumu, dideliu kietumu, puikiomis pjovimo savyb\u0117mis ir gro\u017eiu.<br \/>\nDamasko plienas daugiau nei 700-1000 sluoksni\u0173.<br \/>\nDamasko plieno pakuot\u0117 ShH15 + HVG + U10A, \u0161ilumin\u0117 i\u0161rai\u0161ka 860 \u00b0 C <\/p>\n<p>Damasko plieno peili\u0173 prana\u0161umai:<br \/>\nPadid\u0117jusi j\u0117ga<br \/>\nDidelis kietumas<br \/>\nPuikios pjovimo savyb\u0117s<br \/>\nGra\u017eus dizainas<br \/>\nIlgai i\u0161liekantis ry\u0161kumas<\/p>\n<p>A\u0161men\u0173 kietumas 60-62 HRC.<br \/>\nRank\u0173 darbo<\/p>\n","protected":false},"excerpt":{"rendered":"<p>Peilis &#8220;FINKA&#8221; (Damasko plienas)<\/p>\n","protected":false},"featured_media":101771,"template":"","meta":{"_themeisle_gutenberg_block_has_review":false},"product_brand":[],"product_cat":[380,381],"product_tag":[],"class_list":{"0":"post-67650","1":"product","2":"type-product","3":"status-publish","4":"has-post-thumbnail","6":"product_cat-premium-ir-isskirtiniai-peiliai","7":"product_cat-lauko-peiliai","9":"first","10":"instock","11":"shipping-taxable","12":"purchasable","13":"product-type-simple"},"yoast_head":"<!-- This site is optimized with the Yoast SEO plugin v27.3 - https:\/\/yoast.com\/product\/yoast-seo-wordpress\/ -->\n<title>Knife \u201dFINKA\u201d (Damascus steel), stabilized Karelia birch - AAKnives<\/title>\n<meta name=\"description\" content=\"Peilis &quot;FINKA&quot; (Damasko plienas), dovan\u0173 peilis, i\u0161skirtinis peilis, damasko peilis, kaltinis peilis, nestandartinis peilis, rank\u0173 darbo peilis,\" \/>\n<meta name=\"robots\" content=\"index, follow, max-snippet:-1, max-image-preview:large, max-video-preview:-1\" \/>\n<link rel=\"canonical\" href=\"https:\/\/aaknives.eu\/lt\/product\/knife-finka-damascus-steel-stabilized-karelia-birch-kopija\/\" \/>\n<meta property=\"og:locale\" content=\"lt_LT\" \/>\n<meta property=\"og:type\" content=\"article\" \/>\n<meta property=\"og:title\" content=\"Knife \u201dFINKA\u201d (Damascus steel), stabilized Karelia birch - AAKnives\" \/>\n<meta property=\"og:description\" content=\"Peilis &quot;FINKA&quot; (Damasko plienas), dovan\u0173 peilis, i\u0161skirtinis peilis, damasko peilis, kaltinis peilis, nestandartinis peilis, rank\u0173 darbo peilis,\" \/>\n<meta property=\"og:url\" content=\"https:\/\/aaknives.eu\/lt\/product\/knife-finka-damascus-steel-stabilized-karelia-birch-kopija\/\" \/>\n<meta property=\"og:site_name\" content=\"AAKnives\" \/>\n<meta property=\"article:publisher\" content=\"https:\/\/www.facebook.com\/aaknives.eu\/\" \/>\n<meta property=\"article:modified_time\" content=\"2025-05-11T14:10:34+00:00\" \/>\n<meta property=\"og:image\" content=\"https:\/\/aaknives.eu\/wp-content\/uploads\/2024\/08\/aaknives-hand-forged-damascus-steel-blade-knife-handmade-custom-made-knife-handcrafted-knives-autinetools-northmen-1-151.jpg\" \/>\n\t<meta property=\"og:image:width\" content=\"1020\" \/>\n\t<meta property=\"og:image:height\" content=\"880\" \/>\n\t<meta property=\"og:image:type\" content=\"image\/jpeg\" \/>\n<meta name=\"twitter:card\" content=\"summary_large_image\" \/>\n<meta name=\"twitter:label1\" content=\"Est. reading time\" \/>\n\t<meta name=\"twitter:data1\" content=\"1 minut\u0117\" \/>\n<script type=\"application\/ld+json\" class=\"yoast-schema-graph\">{\"@context\":\"https:\\\/\\\/schema.org\",\"@graph\":[{\"@type\":\"WebPage\",\"@id\":\"https:\\\/\\\/aaknives.eu\\\/lt\\\/product\\\/knife-finka-damascus-steel-stabilized-karelia-birch-kopija\\\/\",\"url\":\"https:\\\/\\\/aaknives.eu\\\/lt\\\/product\\\/knife-finka-damascus-steel-stabilized-karelia-birch-kopija\\\/\",\"name\":\"Knife \u201dFINKA\u201d (Damascus steel), stabilized Karelia birch - AAKnives\",\"isPartOf\":{\"@id\":\"https:\\\/\\\/aaknives.eu\\\/lt\\\/#website\"},\"primaryImageOfPage\":{\"@id\":\"https:\\\/\\\/aaknives.eu\\\/lt\\\/product\\\/knife-finka-damascus-steel-stabilized-karelia-birch-kopija\\\/#primaryimage\"},\"image\":{\"@id\":\"https:\\\/\\\/aaknives.eu\\\/lt\\\/product\\\/knife-finka-damascus-steel-stabilized-karelia-birch-kopija\\\/#primaryimage\"},\"thumbnailUrl\":\"https:\\\/\\\/aaknives.eu\\\/wp-content\\\/uploads\\\/2024\\\/08\\\/aaknives-hand-forged-damascus-steel-blade-knife-handmade-custom-made-knife-handcrafted-knives-autinetools-northmen-1-86.jpg\",\"datePublished\":\"2024-08-26T09:25:57+00:00\",\"dateModified\":\"2025-05-11T14:10:34+00:00\",\"description\":\"Peilis \\\"FINKA\\\" (Damasko plienas), dovan\u0173 peilis, i\u0161skirtinis peilis, damasko peilis, kaltinis peilis, nestandartinis peilis, rank\u0173 darbo peilis,\",\"breadcrumb\":{\"@id\":\"https:\\\/\\\/aaknives.eu\\\/lt\\\/product\\\/knife-finka-damascus-steel-stabilized-karelia-birch-kopija\\\/#breadcrumb\"},\"inLanguage\":\"lt-LT\",\"potentialAction\":[{\"@type\":\"ReadAction\",\"target\":[\"https:\\\/\\\/aaknives.eu\\\/lt\\\/product\\\/knife-finka-damascus-steel-stabilized-karelia-birch-kopija\\\/\"]}]},{\"@type\":\"ImageObject\",\"inLanguage\":\"lt-LT\",\"@id\":\"https:\\\/\\\/aaknives.eu\\\/lt\\\/product\\\/knife-finka-damascus-steel-stabilized-karelia-birch-kopija\\\/#primaryimage\",\"url\":\"https:\\\/\\\/aaknives.eu\\\/wp-content\\\/uploads\\\/2024\\\/08\\\/aaknives-hand-forged-damascus-steel-blade-knife-handmade-custom-made-knife-handcrafted-knives-autinetools-northmen-1-86.jpg\",\"contentUrl\":\"https:\\\/\\\/aaknives.eu\\\/wp-content\\\/uploads\\\/2024\\\/08\\\/aaknives-hand-forged-damascus-steel-blade-knife-handmade-custom-made-knife-handcrafted-knives-autinetools-northmen-1-86.jpg\",\"width\":1020,\"height\":880},{\"@type\":\"BreadcrumbList\",\"@id\":\"https:\\\/\\\/aaknives.eu\\\/lt\\\/product\\\/knife-finka-damascus-steel-stabilized-karelia-birch-kopija\\\/#breadcrumb\",\"itemListElement\":[{\"@type\":\"ListItem\",\"position\":1,\"name\":\"Home\",\"item\":\"https:\\\/\\\/aaknives.eu\\\/lt\\\/\"},{\"@type\":\"ListItem\",\"position\":2,\"name\":\"Parduotuv\u0117\",\"item\":\"https:\\\/\\\/aaknives.eu\\\/parduotuve\\\/\"},{\"@type\":\"ListItem\",\"position\":3,\"name\":\"Private: Knife \u201dFINKA\u201d (Damascus steel), stabilized Karelia birch\"}]},{\"@type\":\"WebSite\",\"@id\":\"https:\\\/\\\/aaknives.eu\\\/lt\\\/#website\",\"url\":\"https:\\\/\\\/aaknives.eu\\\/lt\\\/\",\"name\":\"AAKnives\",\"description\":\"Handmade knives\",\"publisher\":{\"@id\":\"https:\\\/\\\/aaknives.eu\\\/lt\\\/#organization\"},\"potentialAction\":[{\"@type\":\"SearchAction\",\"target\":{\"@type\":\"EntryPoint\",\"urlTemplate\":\"https:\\\/\\\/aaknives.eu\\\/lt\\\/?s={search_term_string}\"},\"query-input\":{\"@type\":\"PropertyValueSpecification\",\"valueRequired\":true,\"valueName\":\"search_term_string\"}}],\"inLanguage\":\"lt-LT\"},{\"@type\":\"Organization\",\"@id\":\"https:\\\/\\\/aaknives.eu\\\/lt\\\/#organization\",\"name\":\"AAKnives\",\"url\":\"https:\\\/\\\/aaknives.eu\\\/lt\\\/\",\"logo\":{\"@type\":\"ImageObject\",\"inLanguage\":\"lt-LT\",\"@id\":\"https:\\\/\\\/aaknives.eu\\\/lt\\\/#\\\/schema\\\/logo\\\/image\\\/\",\"url\":\"https:\\\/\\\/aaknives.eu\\\/wp-content\\\/uploads\\\/2021\\\/10\\\/AAknives_Logo_Green.png\",\"contentUrl\":\"https:\\\/\\\/aaknives.eu\\\/wp-content\\\/uploads\\\/2021\\\/10\\\/AAknives_Logo_Green.png\",\"width\":1768,\"height\":1768,\"caption\":\"AAKnives\"},\"image\":{\"@id\":\"https:\\\/\\\/aaknives.eu\\\/lt\\\/#\\\/schema\\\/logo\\\/image\\\/\"},\"sameAs\":[\"https:\\\/\\\/www.facebook.com\\\/aaknives.eu\\\/\",\"https:\\\/\\\/www.instagram.com\\\/aaknives\\\/\",\"https:\\\/\\\/www.pinterest.com\\\/aa_knives\\\/\",\"https:\\\/\\\/www.youtube.com\\\/channel\\\/UCHOQFjrOkgT6s4FIw9LDKyw\\\/featured\"]}]}<\/script>\n<!-- \/ Yoast SEO plugin. -->","yoast_head_json":{"title":"Knife \u201dFINKA\u201d (Damascus steel), stabilized Karelia birch - AAKnives","description":"Peilis \"FINKA\" (Damasko plienas), dovan\u0173 peilis, i\u0161skirtinis peilis, damasko peilis, kaltinis peilis, nestandartinis peilis, rank\u0173 darbo peilis,","robots":{"index":"index","follow":"follow","max-snippet":"max-snippet:-1","max-image-preview":"max-image-preview:large","max-video-preview":"max-video-preview:-1"},"canonical":"https:\/\/aaknives.eu\/lt\/product\/knife-finka-damascus-steel-stabilized-karelia-birch-kopija\/","og_locale":"lt_LT","og_type":"article","og_title":"Knife \u201dFINKA\u201d (Damascus steel), stabilized Karelia birch - AAKnives","og_description":"Peilis \"FINKA\" (Damasko plienas), dovan\u0173 peilis, i\u0161skirtinis peilis, damasko peilis, kaltinis peilis, nestandartinis peilis, rank\u0173 darbo peilis,","og_url":"https:\/\/aaknives.eu\/lt\/product\/knife-finka-damascus-steel-stabilized-karelia-birch-kopija\/","og_site_name":"AAKnives","article_publisher":"https:\/\/www.facebook.com\/aaknives.eu\/","article_modified_time":"2025-05-11T14:10:34+00:00","og_image":[{"width":1020,"height":880,"url":"https:\/\/aaknives.eu\/wp-content\/uploads\/2024\/08\/aaknives-hand-forged-damascus-steel-blade-knife-handmade-custom-made-knife-handcrafted-knives-autinetools-northmen-1-151.jpg","type":"image\/jpeg"}],"twitter_card":"summary_large_image","twitter_misc":{"Est. reading time":"1 minut\u0117"},"schema":{"@context":"https:\/\/schema.org","@graph":[{"@type":"WebPage","@id":"https:\/\/aaknives.eu\/lt\/product\/knife-finka-damascus-steel-stabilized-karelia-birch-kopija\/","url":"https:\/\/aaknives.eu\/lt\/product\/knife-finka-damascus-steel-stabilized-karelia-birch-kopija\/","name":"Knife \u201dFINKA\u201d (Damascus steel), stabilized Karelia birch - AAKnives","isPartOf":{"@id":"https:\/\/aaknives.eu\/lt\/#website"},"primaryImageOfPage":{"@id":"https:\/\/aaknives.eu\/lt\/product\/knife-finka-damascus-steel-stabilized-karelia-birch-kopija\/#primaryimage"},"image":{"@id":"https:\/\/aaknives.eu\/lt\/product\/knife-finka-damascus-steel-stabilized-karelia-birch-kopija\/#primaryimage"},"thumbnailUrl":"https:\/\/aaknives.eu\/wp-content\/uploads\/2024\/08\/aaknives-hand-forged-damascus-steel-blade-knife-handmade-custom-made-knife-handcrafted-knives-autinetools-northmen-1-86.jpg","datePublished":"2024-08-26T09:25:57+00:00","dateModified":"2025-05-11T14:10:34+00:00","description":"Peilis \"FINKA\" (Damasko plienas), dovan\u0173 peilis, i\u0161skirtinis peilis, damasko peilis, kaltinis peilis, nestandartinis peilis, rank\u0173 darbo peilis,","breadcrumb":{"@id":"https:\/\/aaknives.eu\/lt\/product\/knife-finka-damascus-steel-stabilized-karelia-birch-kopija\/#breadcrumb"},"inLanguage":"lt-LT","potentialAction":[{"@type":"ReadAction","target":["https:\/\/aaknives.eu\/lt\/product\/knife-finka-damascus-steel-stabilized-karelia-birch-kopija\/"]}]},{"@type":"ImageObject","inLanguage":"lt-LT","@id":"https:\/\/aaknives.eu\/lt\/product\/knife-finka-damascus-steel-stabilized-karelia-birch-kopija\/#primaryimage","url":"https:\/\/aaknives.eu\/wp-content\/uploads\/2024\/08\/aaknives-hand-forged-damascus-steel-blade-knife-handmade-custom-made-knife-handcrafted-knives-autinetools-northmen-1-86.jpg","contentUrl":"https:\/\/aaknives.eu\/wp-content\/uploads\/2024\/08\/aaknives-hand-forged-damascus-steel-blade-knife-handmade-custom-made-knife-handcrafted-knives-autinetools-northmen-1-86.jpg","width":1020,"height":880},{"@type":"BreadcrumbList","@id":"https:\/\/aaknives.eu\/lt\/product\/knife-finka-damascus-steel-stabilized-karelia-birch-kopija\/#breadcrumb","itemListElement":[{"@type":"ListItem","position":1,"name":"Home","item":"https:\/\/aaknives.eu\/lt\/"},{"@type":"ListItem","position":2,"name":"Parduotuv\u0117","item":"https:\/\/aaknives.eu\/parduotuve\/"},{"@type":"ListItem","position":3,"name":"Private: Knife \u201dFINKA\u201d (Damascus steel), stabilized Karelia birch"}]},{"@type":"WebSite","@id":"https:\/\/aaknives.eu\/lt\/#website","url":"https:\/\/aaknives.eu\/lt\/","name":"AAKnives","description":"Handmade knives","publisher":{"@id":"https:\/\/aaknives.eu\/lt\/#organization"},"potentialAction":[{"@type":"SearchAction","target":{"@type":"EntryPoint","urlTemplate":"https:\/\/aaknives.eu\/lt\/?s={search_term_string}"},"query-input":{"@type":"PropertyValueSpecification","valueRequired":true,"valueName":"search_term_string"}}],"inLanguage":"lt-LT"},{"@type":"Organization","@id":"https:\/\/aaknives.eu\/lt\/#organization","name":"AAKnives","url":"https:\/\/aaknives.eu\/lt\/","logo":{"@type":"ImageObject","inLanguage":"lt-LT","@id":"https:\/\/aaknives.eu\/lt\/#\/schema\/logo\/image\/","url":"https:\/\/aaknives.eu\/wp-content\/uploads\/2021\/10\/AAknives_Logo_Green.png","contentUrl":"https:\/\/aaknives.eu\/wp-content\/uploads\/2021\/10\/AAknives_Logo_Green.png","width":1768,"height":1768,"caption":"AAKnives"},"image":{"@id":"https:\/\/aaknives.eu\/lt\/#\/schema\/logo\/image\/"},"sameAs":["https:\/\/www.facebook.com\/aaknives.eu\/","https:\/\/www.instagram.com\/aaknives\/","https:\/\/www.pinterest.com\/aa_knives\/","https:\/\/www.youtube.com\/channel\/UCHOQFjrOkgT6s4FIw9LDKyw\/featured"]}]}},"_links":{"self":[{"href":"https:\/\/aaknives.eu\/lt\/wp-json\/wp\/v2\/product\/67650","targetHints":{"allow":["GET"]}}],"collection":[{"href":"https:\/\/aaknives.eu\/lt\/wp-json\/wp\/v2\/product"}],"about":[{"href":"https:\/\/aaknives.eu\/lt\/wp-json\/wp\/v2\/types\/product"}],"wp:featuredmedia":[{"embeddable":true,"href":"https:\/\/aaknives.eu\/lt\/wp-json\/wp\/v2\/media\/101771"}],"wp:attachment":[{"href":"https:\/\/aaknives.eu\/lt\/wp-json\/wp\/v2\/media?parent=67650"}],"wp:term":[{"taxonomy":"product_brand","embeddable":true,"href":"https:\/\/aaknives.eu\/lt\/wp-json\/wp\/v2\/product_brand?post=67650"},{"taxonomy":"product_cat","embeddable":true,"href":"https:\/\/aaknives.eu\/lt\/wp-json\/wp\/v2\/product_cat?post=67650"},{"taxonomy":"product_tag","embeddable":true,"href":"https:\/\/aaknives.eu\/lt\/wp-json\/wp\/v2\/product_tag?post=67650"}],"curies":[{"name":"wp","href":"https:\/\/api.w.org\/{rel}","templated":true}]}}