{"id":68753,"date":"2024-09-25T15:13:59","date_gmt":"2024-09-25T15:13:59","guid":{"rendered":"https:\/\/aaknives.eu\/?post_type=product&#038;p=68753"},"modified":"2025-05-11T16:13:22","modified_gmt":"2025-05-11T16:13:22","slug":"knife-finka-forged-stainless-steel-knife-forged-stainless-steel-hrc-60-62-kopija-3","status":"publish","type":"product","link":"https:\/\/aaknives.eu\/lt\/product\/knife-finka-forged-stainless-steel-knife-forged-stainless-steel-hrc-60-62-kopija-3\/","title":{"rendered":"Peilis \u201eFINKA\u201c kaltinis ner\u016bdijan\u010dio plieno peilis, kaltinis ner\u016bdijantis plienas 59 HRC"},"content":{"rendered":"<p>Peilio specifikacijos: \u201eFINKA\u201c<br \/>\nPlienas: kaltinis ner\u016bdijantis plienas 59 HRC<br \/>\nKietumas: 59 HRC<br \/>\nGele\u017et\u0117s ilgis (mm): 125 \/ 4,92 colio<br \/>\nGele\u017et\u0117s storis (mm): 2 \/ 0,07 colio<br \/>\nGele\u017et\u0117s plotis (mm): 22 \/ 0,86 colio<br \/>\nRankena: mediena \u2013 ber\u017eo mediena<br \/>\nBendras ilgis (mm): 245 \/ 9,64 colio<br \/>\nPeilio tipas: lauko, i\u0161skirtinis dovan\u0173 peilis<br \/>\nPakuot\u0117: peilis, odin\u0117 mak\u0161tis<\/p>\n<p>Plienas N695 \u2013 ner\u016bdijantis plienas Rankomis kaltas plienas.Rankomis kalti plieniniai peiliai N695 laikomi labiausiai paplitusiais tarp med\u017eiotoj\u0173, \u017evej\u0173 ir lauko entuziast\u0173.<\/p>\n<p>Peili\u0173 i\u0161 plieno N695 privalumai:<\/p>\n<p>Universalus<br \/>\nNer\u016bdijantis<br \/>\nGeros pjovimo savyb\u0117s<br \/>\nNereikia daug prie\u017ei\u016bros<br \/>\nMa\u017ea kaina<\/p>\n<p>Hardness of the blade 59 HRC.<br \/>\nHand forged<\/p>\n","protected":false},"excerpt":{"rendered":"<p>Peilio specifikacijos: \u201eFINKA\u201c Plienas: kaltinis ner\u016bdijantis plienas 59 HRC Kietumas: 59 HRC Gele\u017et\u0117s ilgis (mm): 125 \/ 4,92 colio Gele\u017et\u0117s storis (mm): 2 \/ 0,07 colio Gele\u017et\u0117s plotis (mm): 22 \/ 0,86 colio Rankena: mediena \u2013 ber\u017eo mediena Bendras ilgis (mm): 245 \/ 9,64 colio Peilio tipas: lauko, i\u0161skirtinis dovan\u0173 peilis Pakuot\u0117: peilis, odin\u0117 mak\u0161tis Plienas N695 \u2013 ner\u016bdijantis plienas Rankomis kaltas plienas.Rankomis kalti plieniniai peiliai N695 laikomi labiausiai paplitusiais tarp med\u017eiotoj\u0173, \u017evej\u0173 ir lauko entuziast\u0173. Peili\u0173 i\u0161 plieno N695 privalumai: Universalus Ner\u016bdijantis Geros pjovimo savyb\u0117s Nereikia daug prie\u017ei\u016bros Ma\u017ea kaina Hardness of the blade 59 HRC. Hand forged<\/p>\n","protected":false},"featured_media":98695,"template":"","meta":{"_themeisle_gutenberg_block_has_review":false},"product_brand":[],"product_cat":[380,381],"product_tag":[],"class_list":{"0":"post-68753","1":"product","2":"type-product","3":"status-publish","4":"has-post-thumbnail","6":"product_cat-premium-ir-isskirtiniai-peiliai","7":"product_cat-lauko-peiliai","9":"first","10":"instock","11":"shipping-taxable","12":"purchasable","13":"product-type-simple"},"yoast_head":"<!-- This site is optimized with the Yoast SEO plugin v27.5 - https:\/\/yoast.com\/product\/yoast-seo-wordpress\/ -->\n<title>Peilis \u201eFINKA\u201c kaltinis ner\u016bdijan\u010dio plieno peilis, kaltinis ner\u016bdijantis plienas 59 HRC - AAKnives<\/title>\n<meta name=\"description\" content=\"Rankomis kalti plieniniai peiliai N695 laikomi labiausiai paplitusiais tarp med\u017eiotoj\u0173, \u017evej\u0173 ir lauko entuziast\u0173.\" \/>\n<meta name=\"robots\" content=\"index, follow, max-snippet:-1, max-image-preview:large, max-video-preview:-1\" \/>\n<link rel=\"canonical\" href=\"https:\/\/aaknives.eu\/lt\/product\/knife-finka-forged-stainless-steel-knife-forged-stainless-steel-hrc-60-62-kopija-3\/\" \/>\n<meta property=\"og:locale\" content=\"lt_LT\" \/>\n<meta property=\"og:type\" content=\"article\" \/>\n<meta property=\"og:title\" content=\"Peilis \u201eFINKA\u201c kaltinis ner\u016bdijan\u010dio plieno peilis, kaltinis ner\u016bdijantis plienas 59 HRC - AAKnives\" \/>\n<meta property=\"og:description\" content=\"Rankomis kalti plieniniai peiliai N695 laikomi labiausiai paplitusiais tarp med\u017eiotoj\u0173, \u017evej\u0173 ir lauko entuziast\u0173.\" \/>\n<meta property=\"og:url\" content=\"https:\/\/aaknives.eu\/lt\/product\/knife-finka-forged-stainless-steel-knife-forged-stainless-steel-hrc-60-62-kopija-3\/\" \/>\n<meta property=\"og:site_name\" content=\"AAKnives\" \/>\n<meta property=\"article:publisher\" content=\"https:\/\/www.facebook.com\/aaknives.eu\/\" \/>\n<meta property=\"article:modified_time\" content=\"2025-05-11T16:13:22+00:00\" \/>\n<meta property=\"og:image\" content=\"https:\/\/aaknives.eu\/wp-content\/uploads\/2024\/09\/aaknives-hand-forged-damascus-steel-blade-knife-handmade-custom-made-knife-handcrafted-knives-autinetools-northmen-1-136.jpg\" \/>\n\t<meta property=\"og:image:width\" content=\"1020\" \/>\n\t<meta property=\"og:image:height\" content=\"880\" \/>\n\t<meta property=\"og:image:type\" content=\"image\/jpeg\" \/>\n<meta name=\"twitter:card\" content=\"summary_large_image\" \/>\n<meta name=\"twitter:label1\" content=\"Est. reading time\" \/>\n\t<meta name=\"twitter:data1\" content=\"1 minut\u0117\" \/>\n<script type=\"application\/ld+json\" class=\"yoast-schema-graph\">{\"@context\":\"https:\\\/\\\/schema.org\",\"@graph\":[{\"@type\":\"WebPage\",\"@id\":\"https:\\\/\\\/aaknives.eu\\\/lt\\\/product\\\/knife-finka-forged-stainless-steel-knife-forged-stainless-steel-hrc-60-62-kopija-3\\\/\",\"url\":\"https:\\\/\\\/aaknives.eu\\\/lt\\\/product\\\/knife-finka-forged-stainless-steel-knife-forged-stainless-steel-hrc-60-62-kopija-3\\\/\",\"name\":\"Peilis \u201eFINKA\u201c kaltinis ner\u016bdijan\u010dio plieno peilis, kaltinis ner\u016bdijantis plienas 59 HRC - AAKnives\",\"isPartOf\":{\"@id\":\"https:\\\/\\\/aaknives.eu\\\/lt\\\/#website\"},\"primaryImageOfPage\":{\"@id\":\"https:\\\/\\\/aaknives.eu\\\/lt\\\/product\\\/knife-finka-forged-stainless-steel-knife-forged-stainless-steel-hrc-60-62-kopija-3\\\/#primaryimage\"},\"image\":{\"@id\":\"https:\\\/\\\/aaknives.eu\\\/lt\\\/product\\\/knife-finka-forged-stainless-steel-knife-forged-stainless-steel-hrc-60-62-kopija-3\\\/#primaryimage\"},\"thumbnailUrl\":\"https:\\\/\\\/aaknives.eu\\\/wp-content\\\/uploads\\\/2024\\\/09\\\/aaknives-hand-forged-damascus-steel-blade-knife-handmade-custom-made-knife-handcrafted-knives-autinetools-northmen-1-136.jpg\",\"datePublished\":\"2024-09-25T15:13:59+00:00\",\"dateModified\":\"2025-05-11T16:13:22+00:00\",\"description\":\"Rankomis kalti plieniniai peiliai N695 laikomi labiausiai paplitusiais tarp med\u017eiotoj\u0173, \u017evej\u0173 ir lauko entuziast\u0173.\",\"breadcrumb\":{\"@id\":\"https:\\\/\\\/aaknives.eu\\\/lt\\\/product\\\/knife-finka-forged-stainless-steel-knife-forged-stainless-steel-hrc-60-62-kopija-3\\\/#breadcrumb\"},\"inLanguage\":\"lt-LT\",\"potentialAction\":[{\"@type\":\"ReadAction\",\"target\":[\"https:\\\/\\\/aaknives.eu\\\/lt\\\/product\\\/knife-finka-forged-stainless-steel-knife-forged-stainless-steel-hrc-60-62-kopija-3\\\/\"]}]},{\"@type\":\"ImageObject\",\"inLanguage\":\"lt-LT\",\"@id\":\"https:\\\/\\\/aaknives.eu\\\/lt\\\/product\\\/knife-finka-forged-stainless-steel-knife-forged-stainless-steel-hrc-60-62-kopija-3\\\/#primaryimage\",\"url\":\"https:\\\/\\\/aaknives.eu\\\/wp-content\\\/uploads\\\/2024\\\/09\\\/aaknives-hand-forged-damascus-steel-blade-knife-handmade-custom-made-knife-handcrafted-knives-autinetools-northmen-1-136.jpg\",\"contentUrl\":\"https:\\\/\\\/aaknives.eu\\\/wp-content\\\/uploads\\\/2024\\\/09\\\/aaknives-hand-forged-damascus-steel-blade-knife-handmade-custom-made-knife-handcrafted-knives-autinetools-northmen-1-136.jpg\",\"width\":1020,\"height\":880},{\"@type\":\"BreadcrumbList\",\"@id\":\"https:\\\/\\\/aaknives.eu\\\/lt\\\/product\\\/knife-finka-forged-stainless-steel-knife-forged-stainless-steel-hrc-60-62-kopija-3\\\/#breadcrumb\",\"itemListElement\":[{\"@type\":\"ListItem\",\"position\":1,\"name\":\"Home\",\"item\":\"https:\\\/\\\/aaknives.eu\\\/lt\\\/\"},{\"@type\":\"ListItem\",\"position\":2,\"name\":\"Parduotuv\u0117\",\"item\":\"https:\\\/\\\/aaknives.eu\\\/parduotuve\\\/\"},{\"@type\":\"ListItem\",\"position\":3,\"name\":\"Private: Peilis \u201eFINKA\u201c kaltinis ner\u016bdijan\u010dio plieno peilis, kaltinis ner\u016bdijantis plienas 59 HRC\"}]},{\"@type\":\"WebSite\",\"@id\":\"https:\\\/\\\/aaknives.eu\\\/lt\\\/#website\",\"url\":\"https:\\\/\\\/aaknives.eu\\\/lt\\\/\",\"name\":\"AAKnives\",\"description\":\"Handmade knives\",\"publisher\":{\"@id\":\"https:\\\/\\\/aaknives.eu\\\/lt\\\/#organization\"},\"alternateName\":\"Anri Ananin Knives\",\"potentialAction\":[{\"@type\":\"SearchAction\",\"target\":{\"@type\":\"EntryPoint\",\"urlTemplate\":\"https:\\\/\\\/aaknives.eu\\\/lt\\\/?s={search_term_string}\"},\"query-input\":{\"@type\":\"PropertyValueSpecification\",\"valueRequired\":true,\"valueName\":\"search_term_string\"}}],\"inLanguage\":\"lt-LT\"},{\"@type\":\"Organization\",\"@id\":\"https:\\\/\\\/aaknives.eu\\\/lt\\\/#organization\",\"name\":\"AAKnives\",\"url\":\"https:\\\/\\\/aaknives.eu\\\/lt\\\/\",\"logo\":{\"@type\":\"ImageObject\",\"inLanguage\":\"lt-LT\",\"@id\":\"https:\\\/\\\/aaknives.eu\\\/lt\\\/#\\\/schema\\\/logo\\\/image\\\/\",\"url\":\"https:\\\/\\\/aaknives.eu\\\/wp-content\\\/uploads\\\/2021\\\/10\\\/AAknives_Logo_Green.png\",\"contentUrl\":\"https:\\\/\\\/aaknives.eu\\\/wp-content\\\/uploads\\\/2021\\\/10\\\/AAknives_Logo_Green.png\",\"width\":1768,\"height\":1768,\"caption\":\"AAKnives\"},\"image\":{\"@id\":\"https:\\\/\\\/aaknives.eu\\\/lt\\\/#\\\/schema\\\/logo\\\/image\\\/\"},\"sameAs\":[\"https:\\\/\\\/www.facebook.com\\\/aaknives.eu\\\/\",\"https:\\\/\\\/www.instagram.com\\\/aaknives\\\/\",\"https:\\\/\\\/www.pinterest.com\\\/aa_knives\\\/\",\"https:\\\/\\\/www.youtube.com\\\/@aaknives9518\"]}]}<\/script>\n<!-- \/ Yoast SEO plugin. -->","yoast_head_json":{"title":"Peilis \u201eFINKA\u201c kaltinis ner\u016bdijan\u010dio plieno peilis, kaltinis ner\u016bdijantis plienas 59 HRC - AAKnives","description":"Rankomis kalti plieniniai peiliai N695 laikomi labiausiai paplitusiais tarp med\u017eiotoj\u0173, \u017evej\u0173 ir lauko entuziast\u0173.","robots":{"index":"index","follow":"follow","max-snippet":"max-snippet:-1","max-image-preview":"max-image-preview:large","max-video-preview":"max-video-preview:-1"},"canonical":"https:\/\/aaknives.eu\/lt\/product\/knife-finka-forged-stainless-steel-knife-forged-stainless-steel-hrc-60-62-kopija-3\/","og_locale":"lt_LT","og_type":"article","og_title":"Peilis \u201eFINKA\u201c kaltinis ner\u016bdijan\u010dio plieno peilis, kaltinis ner\u016bdijantis plienas 59 HRC - AAKnives","og_description":"Rankomis kalti plieniniai peiliai N695 laikomi labiausiai paplitusiais tarp med\u017eiotoj\u0173, \u017evej\u0173 ir lauko entuziast\u0173.","og_url":"https:\/\/aaknives.eu\/lt\/product\/knife-finka-forged-stainless-steel-knife-forged-stainless-steel-hrc-60-62-kopija-3\/","og_site_name":"AAKnives","article_publisher":"https:\/\/www.facebook.com\/aaknives.eu\/","article_modified_time":"2025-05-11T16:13:22+00:00","og_image":[{"width":1020,"height":880,"url":"https:\/\/aaknives.eu\/wp-content\/uploads\/2024\/09\/aaknives-hand-forged-damascus-steel-blade-knife-handmade-custom-made-knife-handcrafted-knives-autinetools-northmen-1-136.jpg","type":"image\/jpeg"}],"twitter_card":"summary_large_image","twitter_misc":{"Est. reading time":"1 minut\u0117"},"schema":{"@context":"https:\/\/schema.org","@graph":[{"@type":"WebPage","@id":"https:\/\/aaknives.eu\/lt\/product\/knife-finka-forged-stainless-steel-knife-forged-stainless-steel-hrc-60-62-kopija-3\/","url":"https:\/\/aaknives.eu\/lt\/product\/knife-finka-forged-stainless-steel-knife-forged-stainless-steel-hrc-60-62-kopija-3\/","name":"Peilis \u201eFINKA\u201c kaltinis ner\u016bdijan\u010dio plieno peilis, kaltinis ner\u016bdijantis plienas 59 HRC - AAKnives","isPartOf":{"@id":"https:\/\/aaknives.eu\/lt\/#website"},"primaryImageOfPage":{"@id":"https:\/\/aaknives.eu\/lt\/product\/knife-finka-forged-stainless-steel-knife-forged-stainless-steel-hrc-60-62-kopija-3\/#primaryimage"},"image":{"@id":"https:\/\/aaknives.eu\/lt\/product\/knife-finka-forged-stainless-steel-knife-forged-stainless-steel-hrc-60-62-kopija-3\/#primaryimage"},"thumbnailUrl":"https:\/\/aaknives.eu\/wp-content\/uploads\/2024\/09\/aaknives-hand-forged-damascus-steel-blade-knife-handmade-custom-made-knife-handcrafted-knives-autinetools-northmen-1-136.jpg","datePublished":"2024-09-25T15:13:59+00:00","dateModified":"2025-05-11T16:13:22+00:00","description":"Rankomis kalti plieniniai peiliai N695 laikomi labiausiai paplitusiais tarp med\u017eiotoj\u0173, \u017evej\u0173 ir lauko entuziast\u0173.","breadcrumb":{"@id":"https:\/\/aaknives.eu\/lt\/product\/knife-finka-forged-stainless-steel-knife-forged-stainless-steel-hrc-60-62-kopija-3\/#breadcrumb"},"inLanguage":"lt-LT","potentialAction":[{"@type":"ReadAction","target":["https:\/\/aaknives.eu\/lt\/product\/knife-finka-forged-stainless-steel-knife-forged-stainless-steel-hrc-60-62-kopija-3\/"]}]},{"@type":"ImageObject","inLanguage":"lt-LT","@id":"https:\/\/aaknives.eu\/lt\/product\/knife-finka-forged-stainless-steel-knife-forged-stainless-steel-hrc-60-62-kopija-3\/#primaryimage","url":"https:\/\/aaknives.eu\/wp-content\/uploads\/2024\/09\/aaknives-hand-forged-damascus-steel-blade-knife-handmade-custom-made-knife-handcrafted-knives-autinetools-northmen-1-136.jpg","contentUrl":"https:\/\/aaknives.eu\/wp-content\/uploads\/2024\/09\/aaknives-hand-forged-damascus-steel-blade-knife-handmade-custom-made-knife-handcrafted-knives-autinetools-northmen-1-136.jpg","width":1020,"height":880},{"@type":"BreadcrumbList","@id":"https:\/\/aaknives.eu\/lt\/product\/knife-finka-forged-stainless-steel-knife-forged-stainless-steel-hrc-60-62-kopija-3\/#breadcrumb","itemListElement":[{"@type":"ListItem","position":1,"name":"Home","item":"https:\/\/aaknives.eu\/lt\/"},{"@type":"ListItem","position":2,"name":"Parduotuv\u0117","item":"https:\/\/aaknives.eu\/parduotuve\/"},{"@type":"ListItem","position":3,"name":"Private: Peilis \u201eFINKA\u201c kaltinis ner\u016bdijan\u010dio plieno peilis, kaltinis ner\u016bdijantis plienas 59 HRC"}]},{"@type":"WebSite","@id":"https:\/\/aaknives.eu\/lt\/#website","url":"https:\/\/aaknives.eu\/lt\/","name":"AAKnives","description":"Handmade knives","publisher":{"@id":"https:\/\/aaknives.eu\/lt\/#organization"},"alternateName":"Anri Ananin Knives","potentialAction":[{"@type":"SearchAction","target":{"@type":"EntryPoint","urlTemplate":"https:\/\/aaknives.eu\/lt\/?s={search_term_string}"},"query-input":{"@type":"PropertyValueSpecification","valueRequired":true,"valueName":"search_term_string"}}],"inLanguage":"lt-LT"},{"@type":"Organization","@id":"https:\/\/aaknives.eu\/lt\/#organization","name":"AAKnives","url":"https:\/\/aaknives.eu\/lt\/","logo":{"@type":"ImageObject","inLanguage":"lt-LT","@id":"https:\/\/aaknives.eu\/lt\/#\/schema\/logo\/image\/","url":"https:\/\/aaknives.eu\/wp-content\/uploads\/2021\/10\/AAknives_Logo_Green.png","contentUrl":"https:\/\/aaknives.eu\/wp-content\/uploads\/2021\/10\/AAknives_Logo_Green.png","width":1768,"height":1768,"caption":"AAKnives"},"image":{"@id":"https:\/\/aaknives.eu\/lt\/#\/schema\/logo\/image\/"},"sameAs":["https:\/\/www.facebook.com\/aaknives.eu\/","https:\/\/www.instagram.com\/aaknives\/","https:\/\/www.pinterest.com\/aa_knives\/","https:\/\/www.youtube.com\/@aaknives9518"]}]}},"_links":{"self":[{"href":"https:\/\/aaknives.eu\/lt\/wp-json\/wp\/v2\/product\/68753","targetHints":{"allow":["GET"]}}],"collection":[{"href":"https:\/\/aaknives.eu\/lt\/wp-json\/wp\/v2\/product"}],"about":[{"href":"https:\/\/aaknives.eu\/lt\/wp-json\/wp\/v2\/types\/product"}],"wp:featuredmedia":[{"embeddable":true,"href":"https:\/\/aaknives.eu\/lt\/wp-json\/wp\/v2\/media\/98695"}],"wp:attachment":[{"href":"https:\/\/aaknives.eu\/lt\/wp-json\/wp\/v2\/media?parent=68753"}],"wp:term":[{"taxonomy":"product_brand","embeddable":true,"href":"https:\/\/aaknives.eu\/lt\/wp-json\/wp\/v2\/product_brand?post=68753"},{"taxonomy":"product_cat","embeddable":true,"href":"https:\/\/aaknives.eu\/lt\/wp-json\/wp\/v2\/product_cat?post=68753"},{"taxonomy":"product_tag","embeddable":true,"href":"https:\/\/aaknives.eu\/lt\/wp-json\/wp\/v2\/product_tag?post=68753"}],"curies":[{"name":"wp","href":"https:\/\/api.w.org\/{rel}","templated":true}]}}