{"id":89733,"date":"2024-10-29T02:13:39","date_gmt":"2024-10-29T02:13:39","guid":{"rendered":"https:\/\/aaknives.eu\/?post_type=product&#038;p=89733"},"modified":"2024-10-29T03:01:21","modified_gmt":"2024-10-29T03:01:21","slug":"peilis-werewolf-rankomis-kaltas-damasko-plieno-premium-klases-peilis-4","status":"publish","type":"product","link":"https:\/\/aaknives.eu\/lt\/product\/peilis-werewolf-rankomis-kaltas-damasko-plieno-premium-klases-peilis-4\/","title":{"rendered":"Peilis &#8220;WEREWOLF&#8221; &#8211; rankomis kaltas Damasko plieno Premium klas\u0117s peilis"},"content":{"rendered":"<p>Peilio specifikacijos &#8211; WEREWOLF<br \/>\nPlienas: Damasko plieno med\u017eioklinis peilis, (HVG, U10, ShH15), 800 sluoksni\u0173<br \/>\nKietumas: 60-62 HRC<br \/>\nGele\u017et\u0117s ilgis (mm): Galimyb\u0117 (mm): 120 \/ 4,72 colio<br \/>\nGele\u017et\u0117s storis (mm): (mm): 3 \/ 0,11 colio<br \/>\nA\u0161men\u0173 plotis (mm): (34 \/ 1,33 colio)<br \/>\nRankena: Afrikin\u0117 mediena &#8211; venge, presuota oda, rudos spalvos<br \/>\nBendras ilgis (mm): (mm): 248 \/ 9,76 colio<\/p>\n<p>Dizainas: KD<br \/>\nA\u0161menys: Kaltas specialiai AA peiliams<br \/>\nRankena: Pagaminta Latvijoje, Europoje.<br \/>\nGalandimas: AAknives<\/p>\n<p>Rankomis kalti damaskinio plieno a\u0161menys, sukurti i\u0161 skirtingo kietumo ir klampumo plien\u0173, kurie tam tikra tvarka sudedami \u012f plok\u0161tel\u0119. Po to plok\u0161t\u0117 pakartotinai perlydoma, tod\u0117l susidaro sluoksniai ir unikalus ra\u0161tas.<br \/>\nSud\u0117tingas technologinis procesas atliekamas rankiniu b\u016bdu. Tokiu b\u016bdu gautas plienas pasi\u017eymi didesniu stiprumu, dideliu kietumu, puikiomis pjovimo savyb\u0117mis ir gro\u017eiu.<br \/>\nDamasko gele\u017et\u0117 turi daugiau kaip 800 sluoksni\u0173.<br \/>\nPaketas Damasko plieno a\u0161menys ShH15 + HVG + U10 A, termin\u0117 i\u0161rai\u0161ka 860 \u00b0 C<\/p>\n<p>Damasko a\u0161men\u0173 peili\u0173 privalumai:<br \/>\nDidesnis stiprumas<br \/>\nDidelis kietumas<br \/>\nPuikios pjovimo savyb\u0117s<br \/>\nGra\u017eus dizainas<br \/>\nIlgalaikis a\u0161trumas<\/p>\n<p>Gele\u017et\u0117s kietumas 60-62 HRC.<\/p>\n","protected":false},"excerpt":{"rendered":"<p>Peilio specifikacijos &#8211; WEREWOLF Plienas: Damasko plieno med\u017eioklinis peilis, (HVG, U10, ShH15), 800 sluoksni\u0173 Kietumas: 60-62 HRC Gele\u017et\u0117s ilgis (mm): Galimyb\u0117 (mm): 120 \/ 4,72 colio Gele\u017et\u0117s storis (mm): (mm): 3 \/ 0,11 colio A\u0161men\u0173 plotis (mm): (34 \/ 1,33 colio) Rankena: Afrikin\u0117 mediena &#8211; venge, presuota oda, rudos spalvos Bendras ilgis (mm): (mm): 248 \/ 9,76 colio Dizainas: KD A\u0161menys: Kaltas specialiai AA peiliams Rankena: Pagaminta Latvijoje, Europoje. Galandimas: AAknives Rankomis kalti damaskinio plieno a\u0161menys, sukurti i\u0161 skirtingo kietumo ir klampumo plien\u0173, kurie tam tikra tvarka sudedami \u012f plok\u0161tel\u0119. Po to plok\u0161t\u0117 pakartotinai perlydoma, tod\u0117l susidaro sluoksniai ir unikalus&hellip;<\/p>\n","protected":false},"featured_media":78273,"template":"","meta":{"_themeisle_gutenberg_block_has_review":false},"product_brand":[],"product_cat":[380,381,386,385],"product_tag":[],"class_list":{"0":"post-89733","1":"product","2":"type-product","3":"status-publish","4":"has-post-thumbnail","6":"product_cat-premium-ir-isskirtiniai-peiliai","7":"product_cat-lauko-peiliai","8":"product_cat-medziokliniai-peiliai","9":"product_cat-zvejybos-peiliai","11":"first","12":"instock","13":"featured","14":"shipping-taxable","15":"purchasable","16":"product-type-simple"},"yoast_head":"<!-- This site is optimized with the Yoast SEO plugin v27.3 - https:\/\/yoast.com\/product\/yoast-seo-wordpress\/ -->\n<title>Peilis &quot;WEREWOLF&quot; - rankomis kaltas Damasko plieno Premium klas\u0117s peilis - AAKnives<\/title>\n<meta name=\"description\" content=\"rankomis kaltas Damasko plieno Premium klas\u0117s peilis. Nestandartinis peilis, rank\u0173 darbo peilis, rank\u0173 darbo peilis, rank\u0173 darbo peilis, rank\u0173 darbo peilis. Geriausias med\u017eioklinis peilis. Damasko a\u0161menys\" \/>\n<meta name=\"robots\" content=\"index, follow, max-snippet:-1, max-image-preview:large, max-video-preview:-1\" \/>\n<link rel=\"canonical\" href=\"https:\/\/aaknives.eu\/lt\/product\/peilis-werewolf-rankomis-kaltas-damasko-plieno-premium-klases-peilis-4\/\" \/>\n<meta property=\"og:locale\" content=\"lt_LT\" \/>\n<meta property=\"og:type\" content=\"article\" \/>\n<meta property=\"og:title\" content=\"Peilis &quot;WEREWOLF&quot; - rankomis kaltas Damasko plieno Premium klas\u0117s peilis - AAKnives\" \/>\n<meta property=\"og:description\" content=\"rankomis kaltas Damasko plieno Premium klas\u0117s peilis. Nestandartinis peilis, rank\u0173 darbo peilis, rank\u0173 darbo peilis, rank\u0173 darbo peilis, rank\u0173 darbo peilis. Geriausias med\u017eioklinis peilis. Damasko a\u0161menys\" \/>\n<meta property=\"og:url\" content=\"https:\/\/aaknives.eu\/lt\/product\/peilis-werewolf-rankomis-kaltas-damasko-plieno-premium-klases-peilis-4\/\" \/>\n<meta property=\"og:site_name\" content=\"AAKnives\" \/>\n<meta property=\"article:publisher\" content=\"https:\/\/www.facebook.com\/aaknives.eu\/\" \/>\n<meta property=\"article:modified_time\" content=\"2024-10-29T03:01:21+00:00\" \/>\n<meta property=\"og:image\" content=\"https:\/\/aaknives.eu\/wp-content\/uploads\/2024\/10\/aaknives-hand-forged-dabascus-steel-blade-knife-handmade-custom-made-knife-handcrafted-knives-autinetools-northmen-11-2.jpg\" \/>\n\t<meta property=\"og:image:width\" content=\"1020\" \/>\n\t<meta property=\"og:image:height\" content=\"880\" \/>\n\t<meta property=\"og:image:type\" content=\"image\/jpeg\" \/>\n<meta name=\"twitter:card\" content=\"summary_large_image\" \/>\n<meta name=\"twitter:label1\" content=\"Est. reading time\" \/>\n\t<meta name=\"twitter:data1\" content=\"1 minut\u0117\" \/>\n<script type=\"application\/ld+json\" class=\"yoast-schema-graph\">{\"@context\":\"https:\\\/\\\/schema.org\",\"@graph\":[{\"@type\":\"WebPage\",\"@id\":\"https:\\\/\\\/aaknives.eu\\\/lt\\\/product\\\/peilis-werewolf-rankomis-kaltas-damasko-plieno-premium-klases-peilis-4\\\/\",\"url\":\"https:\\\/\\\/aaknives.eu\\\/lt\\\/product\\\/peilis-werewolf-rankomis-kaltas-damasko-plieno-premium-klases-peilis-4\\\/\",\"name\":\"Peilis \\\"WEREWOLF\\\" - rankomis kaltas Damasko plieno Premium klas\u0117s peilis - AAKnives\",\"isPartOf\":{\"@id\":\"https:\\\/\\\/aaknives.eu\\\/lt\\\/#website\"},\"primaryImageOfPage\":{\"@id\":\"https:\\\/\\\/aaknives.eu\\\/lt\\\/product\\\/peilis-werewolf-rankomis-kaltas-damasko-plieno-premium-klases-peilis-4\\\/#primaryimage\"},\"image\":{\"@id\":\"https:\\\/\\\/aaknives.eu\\\/lt\\\/product\\\/peilis-werewolf-rankomis-kaltas-damasko-plieno-premium-klases-peilis-4\\\/#primaryimage\"},\"thumbnailUrl\":\"https:\\\/\\\/aaknives.eu\\\/wp-content\\\/uploads\\\/2024\\\/10\\\/aaknives-hand-forged-dabascus-steel-blade-knife-handmade-custom-made-knife-handcrafted-knives-autinetools-northmen-11-2.jpg\",\"datePublished\":\"2024-10-29T02:13:39+00:00\",\"dateModified\":\"2024-10-29T03:01:21+00:00\",\"description\":\"rankomis kaltas Damasko plieno Premium klas\u0117s peilis. Nestandartinis peilis, rank\u0173 darbo peilis, rank\u0173 darbo peilis, rank\u0173 darbo peilis, rank\u0173 darbo peilis. Geriausias med\u017eioklinis peilis. Damasko a\u0161menys\",\"breadcrumb\":{\"@id\":\"https:\\\/\\\/aaknives.eu\\\/lt\\\/product\\\/peilis-werewolf-rankomis-kaltas-damasko-plieno-premium-klases-peilis-4\\\/#breadcrumb\"},\"inLanguage\":\"lt-LT\",\"potentialAction\":[{\"@type\":\"ReadAction\",\"target\":[\"https:\\\/\\\/aaknives.eu\\\/lt\\\/product\\\/peilis-werewolf-rankomis-kaltas-damasko-plieno-premium-klases-peilis-4\\\/\"]}]},{\"@type\":\"ImageObject\",\"inLanguage\":\"lt-LT\",\"@id\":\"https:\\\/\\\/aaknives.eu\\\/lt\\\/product\\\/peilis-werewolf-rankomis-kaltas-damasko-plieno-premium-klases-peilis-4\\\/#primaryimage\",\"url\":\"https:\\\/\\\/aaknives.eu\\\/wp-content\\\/uploads\\\/2024\\\/10\\\/aaknives-hand-forged-dabascus-steel-blade-knife-handmade-custom-made-knife-handcrafted-knives-autinetools-northmen-11-2.jpg\",\"contentUrl\":\"https:\\\/\\\/aaknives.eu\\\/wp-content\\\/uploads\\\/2024\\\/10\\\/aaknives-hand-forged-dabascus-steel-blade-knife-handmade-custom-made-knife-handcrafted-knives-autinetools-northmen-11-2.jpg\",\"width\":1020,\"height\":880},{\"@type\":\"BreadcrumbList\",\"@id\":\"https:\\\/\\\/aaknives.eu\\\/lt\\\/product\\\/peilis-werewolf-rankomis-kaltas-damasko-plieno-premium-klases-peilis-4\\\/#breadcrumb\",\"itemListElement\":[{\"@type\":\"ListItem\",\"position\":1,\"name\":\"Home\",\"item\":\"https:\\\/\\\/aaknives.eu\\\/lt\\\/\"},{\"@type\":\"ListItem\",\"position\":2,\"name\":\"Parduotuv\u0117\",\"item\":\"https:\\\/\\\/aaknives.eu\\\/parduotuve\\\/\"},{\"@type\":\"ListItem\",\"position\":3,\"name\":\"Peilis &#8220;WEREWOLF&#8221; &#8211; rankomis kaltas Damasko plieno Premium klas\u0117s peilis\"}]},{\"@type\":\"WebSite\",\"@id\":\"https:\\\/\\\/aaknives.eu\\\/lt\\\/#website\",\"url\":\"https:\\\/\\\/aaknives.eu\\\/lt\\\/\",\"name\":\"AAKnives\",\"description\":\"Handmade knives\",\"publisher\":{\"@id\":\"https:\\\/\\\/aaknives.eu\\\/lt\\\/#organization\"},\"potentialAction\":[{\"@type\":\"SearchAction\",\"target\":{\"@type\":\"EntryPoint\",\"urlTemplate\":\"https:\\\/\\\/aaknives.eu\\\/lt\\\/?s={search_term_string}\"},\"query-input\":{\"@type\":\"PropertyValueSpecification\",\"valueRequired\":true,\"valueName\":\"search_term_string\"}}],\"inLanguage\":\"lt-LT\"},{\"@type\":\"Organization\",\"@id\":\"https:\\\/\\\/aaknives.eu\\\/lt\\\/#organization\",\"name\":\"AAKnives\",\"url\":\"https:\\\/\\\/aaknives.eu\\\/lt\\\/\",\"logo\":{\"@type\":\"ImageObject\",\"inLanguage\":\"lt-LT\",\"@id\":\"https:\\\/\\\/aaknives.eu\\\/lt\\\/#\\\/schema\\\/logo\\\/image\\\/\",\"url\":\"https:\\\/\\\/aaknives.eu\\\/wp-content\\\/uploads\\\/2021\\\/10\\\/AAknives_Logo_Green.png\",\"contentUrl\":\"https:\\\/\\\/aaknives.eu\\\/wp-content\\\/uploads\\\/2021\\\/10\\\/AAknives_Logo_Green.png\",\"width\":1768,\"height\":1768,\"caption\":\"AAKnives\"},\"image\":{\"@id\":\"https:\\\/\\\/aaknives.eu\\\/lt\\\/#\\\/schema\\\/logo\\\/image\\\/\"},\"sameAs\":[\"https:\\\/\\\/www.facebook.com\\\/aaknives.eu\\\/\",\"https:\\\/\\\/www.instagram.com\\\/aaknives\\\/\",\"https:\\\/\\\/www.pinterest.com\\\/aa_knives\\\/\",\"https:\\\/\\\/www.youtube.com\\\/channel\\\/UCHOQFjrOkgT6s4FIw9LDKyw\\\/featured\"]}]}<\/script>\n<!-- \/ Yoast SEO plugin. -->","yoast_head_json":{"title":"Peilis \"WEREWOLF\" - rankomis kaltas Damasko plieno Premium klas\u0117s peilis - AAKnives","description":"rankomis kaltas Damasko plieno Premium klas\u0117s peilis. Nestandartinis peilis, rank\u0173 darbo peilis, rank\u0173 darbo peilis, rank\u0173 darbo peilis, rank\u0173 darbo peilis. Geriausias med\u017eioklinis peilis. Damasko a\u0161menys","robots":{"index":"index","follow":"follow","max-snippet":"max-snippet:-1","max-image-preview":"max-image-preview:large","max-video-preview":"max-video-preview:-1"},"canonical":"https:\/\/aaknives.eu\/lt\/product\/peilis-werewolf-rankomis-kaltas-damasko-plieno-premium-klases-peilis-4\/","og_locale":"lt_LT","og_type":"article","og_title":"Peilis \"WEREWOLF\" - rankomis kaltas Damasko plieno Premium klas\u0117s peilis - AAKnives","og_description":"rankomis kaltas Damasko plieno Premium klas\u0117s peilis. Nestandartinis peilis, rank\u0173 darbo peilis, rank\u0173 darbo peilis, rank\u0173 darbo peilis, rank\u0173 darbo peilis. Geriausias med\u017eioklinis peilis. Damasko a\u0161menys","og_url":"https:\/\/aaknives.eu\/lt\/product\/peilis-werewolf-rankomis-kaltas-damasko-plieno-premium-klases-peilis-4\/","og_site_name":"AAKnives","article_publisher":"https:\/\/www.facebook.com\/aaknives.eu\/","article_modified_time":"2024-10-29T03:01:21+00:00","og_image":[{"width":1020,"height":880,"url":"https:\/\/aaknives.eu\/wp-content\/uploads\/2024\/10\/aaknives-hand-forged-dabascus-steel-blade-knife-handmade-custom-made-knife-handcrafted-knives-autinetools-northmen-11-2.jpg","type":"image\/jpeg"}],"twitter_card":"summary_large_image","twitter_misc":{"Est. reading time":"1 minut\u0117"},"schema":{"@context":"https:\/\/schema.org","@graph":[{"@type":"WebPage","@id":"https:\/\/aaknives.eu\/lt\/product\/peilis-werewolf-rankomis-kaltas-damasko-plieno-premium-klases-peilis-4\/","url":"https:\/\/aaknives.eu\/lt\/product\/peilis-werewolf-rankomis-kaltas-damasko-plieno-premium-klases-peilis-4\/","name":"Peilis \"WEREWOLF\" - rankomis kaltas Damasko plieno Premium klas\u0117s peilis - AAKnives","isPartOf":{"@id":"https:\/\/aaknives.eu\/lt\/#website"},"primaryImageOfPage":{"@id":"https:\/\/aaknives.eu\/lt\/product\/peilis-werewolf-rankomis-kaltas-damasko-plieno-premium-klases-peilis-4\/#primaryimage"},"image":{"@id":"https:\/\/aaknives.eu\/lt\/product\/peilis-werewolf-rankomis-kaltas-damasko-plieno-premium-klases-peilis-4\/#primaryimage"},"thumbnailUrl":"https:\/\/aaknives.eu\/wp-content\/uploads\/2024\/10\/aaknives-hand-forged-dabascus-steel-blade-knife-handmade-custom-made-knife-handcrafted-knives-autinetools-northmen-11-2.jpg","datePublished":"2024-10-29T02:13:39+00:00","dateModified":"2024-10-29T03:01:21+00:00","description":"rankomis kaltas Damasko plieno Premium klas\u0117s peilis. Nestandartinis peilis, rank\u0173 darbo peilis, rank\u0173 darbo peilis, rank\u0173 darbo peilis, rank\u0173 darbo peilis. Geriausias med\u017eioklinis peilis. Damasko a\u0161menys","breadcrumb":{"@id":"https:\/\/aaknives.eu\/lt\/product\/peilis-werewolf-rankomis-kaltas-damasko-plieno-premium-klases-peilis-4\/#breadcrumb"},"inLanguage":"lt-LT","potentialAction":[{"@type":"ReadAction","target":["https:\/\/aaknives.eu\/lt\/product\/peilis-werewolf-rankomis-kaltas-damasko-plieno-premium-klases-peilis-4\/"]}]},{"@type":"ImageObject","inLanguage":"lt-LT","@id":"https:\/\/aaknives.eu\/lt\/product\/peilis-werewolf-rankomis-kaltas-damasko-plieno-premium-klases-peilis-4\/#primaryimage","url":"https:\/\/aaknives.eu\/wp-content\/uploads\/2024\/10\/aaknives-hand-forged-dabascus-steel-blade-knife-handmade-custom-made-knife-handcrafted-knives-autinetools-northmen-11-2.jpg","contentUrl":"https:\/\/aaknives.eu\/wp-content\/uploads\/2024\/10\/aaknives-hand-forged-dabascus-steel-blade-knife-handmade-custom-made-knife-handcrafted-knives-autinetools-northmen-11-2.jpg","width":1020,"height":880},{"@type":"BreadcrumbList","@id":"https:\/\/aaknives.eu\/lt\/product\/peilis-werewolf-rankomis-kaltas-damasko-plieno-premium-klases-peilis-4\/#breadcrumb","itemListElement":[{"@type":"ListItem","position":1,"name":"Home","item":"https:\/\/aaknives.eu\/lt\/"},{"@type":"ListItem","position":2,"name":"Parduotuv\u0117","item":"https:\/\/aaknives.eu\/parduotuve\/"},{"@type":"ListItem","position":3,"name":"Peilis &#8220;WEREWOLF&#8221; &#8211; rankomis kaltas Damasko plieno Premium klas\u0117s peilis"}]},{"@type":"WebSite","@id":"https:\/\/aaknives.eu\/lt\/#website","url":"https:\/\/aaknives.eu\/lt\/","name":"AAKnives","description":"Handmade knives","publisher":{"@id":"https:\/\/aaknives.eu\/lt\/#organization"},"potentialAction":[{"@type":"SearchAction","target":{"@type":"EntryPoint","urlTemplate":"https:\/\/aaknives.eu\/lt\/?s={search_term_string}"},"query-input":{"@type":"PropertyValueSpecification","valueRequired":true,"valueName":"search_term_string"}}],"inLanguage":"lt-LT"},{"@type":"Organization","@id":"https:\/\/aaknives.eu\/lt\/#organization","name":"AAKnives","url":"https:\/\/aaknives.eu\/lt\/","logo":{"@type":"ImageObject","inLanguage":"lt-LT","@id":"https:\/\/aaknives.eu\/lt\/#\/schema\/logo\/image\/","url":"https:\/\/aaknives.eu\/wp-content\/uploads\/2021\/10\/AAknives_Logo_Green.png","contentUrl":"https:\/\/aaknives.eu\/wp-content\/uploads\/2021\/10\/AAknives_Logo_Green.png","width":1768,"height":1768,"caption":"AAKnives"},"image":{"@id":"https:\/\/aaknives.eu\/lt\/#\/schema\/logo\/image\/"},"sameAs":["https:\/\/www.facebook.com\/aaknives.eu\/","https:\/\/www.instagram.com\/aaknives\/","https:\/\/www.pinterest.com\/aa_knives\/","https:\/\/www.youtube.com\/channel\/UCHOQFjrOkgT6s4FIw9LDKyw\/featured"]}]}},"_links":{"self":[{"href":"https:\/\/aaknives.eu\/lt\/wp-json\/wp\/v2\/product\/89733","targetHints":{"allow":["GET"]}}],"collection":[{"href":"https:\/\/aaknives.eu\/lt\/wp-json\/wp\/v2\/product"}],"about":[{"href":"https:\/\/aaknives.eu\/lt\/wp-json\/wp\/v2\/types\/product"}],"wp:featuredmedia":[{"embeddable":true,"href":"https:\/\/aaknives.eu\/lt\/wp-json\/wp\/v2\/media\/78273"}],"wp:attachment":[{"href":"https:\/\/aaknives.eu\/lt\/wp-json\/wp\/v2\/media?parent=89733"}],"wp:term":[{"taxonomy":"product_brand","embeddable":true,"href":"https:\/\/aaknives.eu\/lt\/wp-json\/wp\/v2\/product_brand?post=89733"},{"taxonomy":"product_cat","embeddable":true,"href":"https:\/\/aaknives.eu\/lt\/wp-json\/wp\/v2\/product_cat?post=89733"},{"taxonomy":"product_tag","embeddable":true,"href":"https:\/\/aaknives.eu\/lt\/wp-json\/wp\/v2\/product_tag?post=89733"}],"curies":[{"name":"wp","href":"https:\/\/api.w.org\/{rel}","templated":true}]}}