{"id":89738,"date":"2024-10-29T02:13:16","date_gmt":"2024-10-29T02:13:16","guid":{"rendered":"https:\/\/aaknives.eu\/?post_type=product&#038;p=89738"},"modified":"2026-04-02T09:39:56","modified_gmt":"2026-04-02T09:39:56","slug":"naujas-tsprof-kadet-pro-galandinimo-rinkinys","status":"publish","type":"product","link":"https:\/\/aaknives.eu\/lt\/product\/naujas-tsprof-kadet-pro-galandinimo-rinkinys\/","title":{"rendered":"NAUJAS TSPROF KADET PRO GALANDINIMO RINKINYS"},"content":{"rendered":"<p>&#8220;TSPROF Kadet \u00ae Pro&#8221; peili\u0173 galandinimo rinkinys u\u017etikrina nepriekai\u0161ting\u0105 peili\u0173 a\u0161trum\u0105, kad ir kur b\u016btum\u0117te. Universal\u016bs spaustuvai leid\u017eia gal\u0105sti ir kompakti\u0161kus sulankstomus, ir tvirtus med\u017eioklinius peilius.<\/p>\n<p>&#8220;TSPROF Kadet Pro&#8221; gal\u0105stuvo rotacinis mechanizmas padeda i\u0161laikyti vienod\u0105 galandimo kamp\u0105 abiejose peilio pus\u0117se. Po apvertimo svirtis tvirtai pritvirtina r\u0117m\u0105 spaustukais. Sukant k\u0117limo ranken\u0105, rotacinis \u012frenginys skland\u017eiai juda aplink virtual\u0173 centr\u0105, kuriame yra peilio pjovimo briauna. Lankstinis krumpliaratis pagamintas i\u0161 vieno aliuminio gabalo ir yra sujungtas su krumpliara\u010diu ir krumpliaratiniu keltuvu. Sureguliavus reikiam\u0105 kamp\u0105, fiksavimo svirtimi galima patikimai u\u017efiksuoti sukam\u0105j\u012f \u012frengin\u012f.<\/p>\n<p>&#8220;TSPROF Kadet Pro&#8221; anoduota juoda spalva pagal tarptautin\u012f &#8220;Qualanod&#8221; standart\u0105. Anodavimas naudojamas atsparumui korozijai pagerinti ir aliuminio pavir\u0161iaus strukt\u016brai sustiprinti. D\u0117l \u0161io padengimo b\u016bdo prietaisas daugel\u012f met\u0173 i\u0161laiko nepriekai\u0161ting\u0105 i\u0161vaizd\u0105.<\/p>\n<p>&#8220;TSPROF Kadet Pro&#8221; turi visk\u0105, kas reikalinga auk\u0161\u010diausios kokyb\u0117s galandimui: peili\u0173 sukimo mechanizm\u0105, galimyb\u0119 nustatyti bet kok\u012f kamp\u0105 nuo 9\u00b0 iki 28,5\u00b0, stand\u017ei\u0105 konstrukcij\u0105 ir absoliut\u0173 tikslum\u0105 kiekvienoje detal\u0117je.<\/p>\n<p>&#8220;TSPROF Kadet Pro&#8221; r\u0117mas suderinamas su visais TSPROF K03 galandinimo sistemos spaustuvais: fil\u0117, viengubu, dvigubu ir ma\u017eu universaliu \u012franki\u0173 galandinimo stalu.<\/p>\n<p>&#8220;TSPROF Kadet Pro&#8221; lengva i\u0161ardyti ir sulankstyti, kad gal\u0117tum\u0117te laikyti ar transportuoti. Prietaiso svoris yra 2100 g, tod\u0117l gal\u0105stuvas yra mobilus ir pakankamai stabilus galandant.<\/p>\n","protected":false},"excerpt":{"rendered":"<p>&#8220;TSPROF Kadet \u00ae Pro&#8221; peili\u0173 galandinimo rinkinys u\u017etikrina nepriekai\u0161ting\u0105 peili\u0173 a\u0161trum\u0105, kad ir kur b\u016btum\u0117te. Universal\u016bs spaustuvai leid\u017eia gal\u0105sti ir kompakti\u0161kus sulankstomus, ir tvirtus med\u017eioklinius peilius. &#8220;TSPROF Kadet Pro&#8221; gal\u0105stuvo rotacinis mechanizmas padeda i\u0161laikyti vienod\u0105 galandimo kamp\u0105 abiejose peilio pus\u0117se. Po apvertimo svirtis tvirtai pritvirtina r\u0117m\u0105 spaustukais. Sukant k\u0117limo ranken\u0105, rotacinis \u012frenginys skland\u017eiai juda aplink virtual\u0173 centr\u0105, kuriame yra peilio pjovimo briauna. Lankstinis krumpliaratis pagamintas i\u0161 vieno aliuminio gabalo ir yra sujungtas su krumpliara\u010diu ir krumpliaratiniu keltuvu. Sureguliavus reikiam\u0105 kamp\u0105, fiksavimo svirtimi galima patikimai u\u017efiksuoti sukam\u0105j\u012f \u012frengin\u012f. &#8220;TSPROF Kadet Pro&#8221; anoduota juoda spalva pagal tarptautin\u012f &#8220;Qualanod&#8221; standart\u0105. Anodavimas naudojamas atsparumui&hellip;<\/p>\n","protected":false},"featured_media":94939,"template":"","meta":{"_themeisle_gutenberg_block_has_review":false},"product_brand":[],"product_cat":[377,375],"product_tag":[],"class_list":{"0":"post-89738","1":"product","2":"type-product","3":"status-publish","4":"has-post-thumbnail","6":"product_cat-pardavimas","7":"product_cat-peiliu-galandinimas-peiliu-galastuvai","9":"first","10":"instock","11":"sale","12":"shipping-taxable","13":"purchasable","14":"product-type-simple"},"yoast_head":"<!-- This site is optimized with the Yoast SEO plugin v27.5 - https:\/\/yoast.com\/product\/yoast-seo-wordpress\/ -->\n<title>NAUJAS TSPROF KADET PRO GALANDINIMO RINKINYS - AAKnives<\/title>\n<meta name=\"description\" content=\"NAUJAS TSPROF &quot;Kadet Pro&quot; galandinimo rinkinys\" \/>\n<meta name=\"robots\" content=\"index, follow, max-snippet:-1, max-image-preview:large, max-video-preview:-1\" \/>\n<link rel=\"canonical\" href=\"https:\/\/aaknives.eu\/lt\/product\/naujas-tsprof-kadet-pro-galandinimo-rinkinys\/\" \/>\n<meta property=\"og:locale\" content=\"lt_LT\" \/>\n<meta property=\"og:type\" content=\"article\" \/>\n<meta property=\"og:title\" content=\"NAUJAS TSPROF KADET PRO GALANDINIMO RINKINYS - AAKnives\" \/>\n<meta property=\"og:description\" content=\"NAUJAS TSPROF &quot;Kadet Pro&quot; galandinimo rinkinys\" \/>\n<meta property=\"og:url\" content=\"https:\/\/aaknives.eu\/lt\/product\/naujas-tsprof-kadet-pro-galandinimo-rinkinys\/\" \/>\n<meta property=\"og:site_name\" content=\"AAKnives\" \/>\n<meta property=\"article:publisher\" content=\"https:\/\/www.facebook.com\/aaknives.eu\/\" \/>\n<meta property=\"article:modified_time\" content=\"2026-04-02T09:39:56+00:00\" \/>\n<meta property=\"og:image\" content=\"https:\/\/aaknives.eu\/wp-content\/uploads\/2024\/10\/aaknives-hand-forged-dabascus-steel-blade-knife-handmade-custom-made-knife-handcrafted-knives-autinetools-northmen-61.webp\" \/>\n\t<meta property=\"og:image:width\" content=\"1200\" \/>\n\t<meta property=\"og:image:height\" content=\"1200\" \/>\n\t<meta property=\"og:image:type\" content=\"image\/webp\" \/>\n<meta name=\"twitter:card\" content=\"summary_large_image\" \/>\n<meta name=\"twitter:label1\" content=\"Est. reading time\" \/>\n\t<meta name=\"twitter:data1\" content=\"1 minut\u0117\" \/>\n<script type=\"application\/ld+json\" class=\"yoast-schema-graph\">{\"@context\":\"https:\\\/\\\/schema.org\",\"@graph\":[{\"@type\":\"WebPage\",\"@id\":\"https:\\\/\\\/aaknives.eu\\\/lt\\\/product\\\/naujas-tsprof-kadet-pro-galandinimo-rinkinys\\\/\",\"url\":\"https:\\\/\\\/aaknives.eu\\\/lt\\\/product\\\/naujas-tsprof-kadet-pro-galandinimo-rinkinys\\\/\",\"name\":\"NAUJAS TSPROF KADET PRO GALANDINIMO RINKINYS - AAKnives\",\"isPartOf\":{\"@id\":\"https:\\\/\\\/aaknives.eu\\\/lt\\\/#website\"},\"primaryImageOfPage\":{\"@id\":\"https:\\\/\\\/aaknives.eu\\\/lt\\\/product\\\/naujas-tsprof-kadet-pro-galandinimo-rinkinys\\\/#primaryimage\"},\"image\":{\"@id\":\"https:\\\/\\\/aaknives.eu\\\/lt\\\/product\\\/naujas-tsprof-kadet-pro-galandinimo-rinkinys\\\/#primaryimage\"},\"thumbnailUrl\":\"https:\\\/\\\/aaknives.eu\\\/wp-content\\\/uploads\\\/2024\\\/10\\\/aaknives-hand-forged-dabascus-steel-blade-knife-handmade-custom-made-knife-handcrafted-knives-autinetools-northmen-61.webp\",\"datePublished\":\"2024-10-29T02:13:16+00:00\",\"dateModified\":\"2026-04-02T09:39:56+00:00\",\"description\":\"NAUJAS TSPROF \\\"Kadet Pro\\\" galandinimo rinkinys\",\"breadcrumb\":{\"@id\":\"https:\\\/\\\/aaknives.eu\\\/lt\\\/product\\\/naujas-tsprof-kadet-pro-galandinimo-rinkinys\\\/#breadcrumb\"},\"inLanguage\":\"lt-LT\",\"potentialAction\":[{\"@type\":\"ReadAction\",\"target\":[\"https:\\\/\\\/aaknives.eu\\\/lt\\\/product\\\/naujas-tsprof-kadet-pro-galandinimo-rinkinys\\\/\"]}]},{\"@type\":\"ImageObject\",\"inLanguage\":\"lt-LT\",\"@id\":\"https:\\\/\\\/aaknives.eu\\\/lt\\\/product\\\/naujas-tsprof-kadet-pro-galandinimo-rinkinys\\\/#primaryimage\",\"url\":\"https:\\\/\\\/aaknives.eu\\\/wp-content\\\/uploads\\\/2024\\\/10\\\/aaknives-hand-forged-dabascus-steel-blade-knife-handmade-custom-made-knife-handcrafted-knives-autinetools-northmen-61.webp\",\"contentUrl\":\"https:\\\/\\\/aaknives.eu\\\/wp-content\\\/uploads\\\/2024\\\/10\\\/aaknives-hand-forged-dabascus-steel-blade-knife-handmade-custom-made-knife-handcrafted-knives-autinetools-northmen-61.webp\",\"width\":1200,\"height\":1200},{\"@type\":\"BreadcrumbList\",\"@id\":\"https:\\\/\\\/aaknives.eu\\\/lt\\\/product\\\/naujas-tsprof-kadet-pro-galandinimo-rinkinys\\\/#breadcrumb\",\"itemListElement\":[{\"@type\":\"ListItem\",\"position\":1,\"name\":\"Home\",\"item\":\"https:\\\/\\\/aaknives.eu\\\/lt\\\/\"},{\"@type\":\"ListItem\",\"position\":2,\"name\":\"Parduotuv\u0117\",\"item\":\"https:\\\/\\\/aaknives.eu\\\/parduotuve\\\/\"},{\"@type\":\"ListItem\",\"position\":3,\"name\":\"NAUJAS TSPROF KADET PRO GALANDINIMO RINKINYS\"}]},{\"@type\":\"WebSite\",\"@id\":\"https:\\\/\\\/aaknives.eu\\\/lt\\\/#website\",\"url\":\"https:\\\/\\\/aaknives.eu\\\/lt\\\/\",\"name\":\"AAKnives\",\"description\":\"Handmade knives\",\"publisher\":{\"@id\":\"https:\\\/\\\/aaknives.eu\\\/lt\\\/#organization\"},\"potentialAction\":[{\"@type\":\"SearchAction\",\"target\":{\"@type\":\"EntryPoint\",\"urlTemplate\":\"https:\\\/\\\/aaknives.eu\\\/lt\\\/?s={search_term_string}\"},\"query-input\":{\"@type\":\"PropertyValueSpecification\",\"valueRequired\":true,\"valueName\":\"search_term_string\"}}],\"inLanguage\":\"lt-LT\"},{\"@type\":\"Organization\",\"@id\":\"https:\\\/\\\/aaknives.eu\\\/lt\\\/#organization\",\"name\":\"AAKnives\",\"url\":\"https:\\\/\\\/aaknives.eu\\\/lt\\\/\",\"logo\":{\"@type\":\"ImageObject\",\"inLanguage\":\"lt-LT\",\"@id\":\"https:\\\/\\\/aaknives.eu\\\/lt\\\/#\\\/schema\\\/logo\\\/image\\\/\",\"url\":\"https:\\\/\\\/aaknives.eu\\\/wp-content\\\/uploads\\\/2021\\\/10\\\/AAknives_Logo_Green.png\",\"contentUrl\":\"https:\\\/\\\/aaknives.eu\\\/wp-content\\\/uploads\\\/2021\\\/10\\\/AAknives_Logo_Green.png\",\"width\":1768,\"height\":1768,\"caption\":\"AAKnives\"},\"image\":{\"@id\":\"https:\\\/\\\/aaknives.eu\\\/lt\\\/#\\\/schema\\\/logo\\\/image\\\/\"},\"sameAs\":[\"https:\\\/\\\/www.facebook.com\\\/aaknives.eu\\\/\",\"https:\\\/\\\/www.instagram.com\\\/aaknives\\\/\",\"https:\\\/\\\/www.pinterest.com\\\/aa_knives\\\/\",\"https:\\\/\\\/www.youtube.com\\\/channel\\\/UCHOQFjrOkgT6s4FIw9LDKyw\\\/featured\"]}]}<\/script>\n<!-- \/ Yoast SEO plugin. -->","yoast_head_json":{"title":"NAUJAS TSPROF KADET PRO GALANDINIMO RINKINYS - AAKnives","description":"NAUJAS TSPROF \"Kadet Pro\" galandinimo rinkinys","robots":{"index":"index","follow":"follow","max-snippet":"max-snippet:-1","max-image-preview":"max-image-preview:large","max-video-preview":"max-video-preview:-1"},"canonical":"https:\/\/aaknives.eu\/lt\/product\/naujas-tsprof-kadet-pro-galandinimo-rinkinys\/","og_locale":"lt_LT","og_type":"article","og_title":"NAUJAS TSPROF KADET PRO GALANDINIMO RINKINYS - AAKnives","og_description":"NAUJAS TSPROF \"Kadet Pro\" galandinimo rinkinys","og_url":"https:\/\/aaknives.eu\/lt\/product\/naujas-tsprof-kadet-pro-galandinimo-rinkinys\/","og_site_name":"AAKnives","article_publisher":"https:\/\/www.facebook.com\/aaknives.eu\/","article_modified_time":"2026-04-02T09:39:56+00:00","og_image":[{"width":1200,"height":1200,"url":"https:\/\/aaknives.eu\/wp-content\/uploads\/2024\/10\/aaknives-hand-forged-dabascus-steel-blade-knife-handmade-custom-made-knife-handcrafted-knives-autinetools-northmen-61.webp","type":"image\/webp"}],"twitter_card":"summary_large_image","twitter_misc":{"Est. reading time":"1 minut\u0117"},"schema":{"@context":"https:\/\/schema.org","@graph":[{"@type":"WebPage","@id":"https:\/\/aaknives.eu\/lt\/product\/naujas-tsprof-kadet-pro-galandinimo-rinkinys\/","url":"https:\/\/aaknives.eu\/lt\/product\/naujas-tsprof-kadet-pro-galandinimo-rinkinys\/","name":"NAUJAS TSPROF KADET PRO GALANDINIMO RINKINYS - AAKnives","isPartOf":{"@id":"https:\/\/aaknives.eu\/lt\/#website"},"primaryImageOfPage":{"@id":"https:\/\/aaknives.eu\/lt\/product\/naujas-tsprof-kadet-pro-galandinimo-rinkinys\/#primaryimage"},"image":{"@id":"https:\/\/aaknives.eu\/lt\/product\/naujas-tsprof-kadet-pro-galandinimo-rinkinys\/#primaryimage"},"thumbnailUrl":"https:\/\/aaknives.eu\/wp-content\/uploads\/2024\/10\/aaknives-hand-forged-dabascus-steel-blade-knife-handmade-custom-made-knife-handcrafted-knives-autinetools-northmen-61.webp","datePublished":"2024-10-29T02:13:16+00:00","dateModified":"2026-04-02T09:39:56+00:00","description":"NAUJAS TSPROF \"Kadet Pro\" galandinimo rinkinys","breadcrumb":{"@id":"https:\/\/aaknives.eu\/lt\/product\/naujas-tsprof-kadet-pro-galandinimo-rinkinys\/#breadcrumb"},"inLanguage":"lt-LT","potentialAction":[{"@type":"ReadAction","target":["https:\/\/aaknives.eu\/lt\/product\/naujas-tsprof-kadet-pro-galandinimo-rinkinys\/"]}]},{"@type":"ImageObject","inLanguage":"lt-LT","@id":"https:\/\/aaknives.eu\/lt\/product\/naujas-tsprof-kadet-pro-galandinimo-rinkinys\/#primaryimage","url":"https:\/\/aaknives.eu\/wp-content\/uploads\/2024\/10\/aaknives-hand-forged-dabascus-steel-blade-knife-handmade-custom-made-knife-handcrafted-knives-autinetools-northmen-61.webp","contentUrl":"https:\/\/aaknives.eu\/wp-content\/uploads\/2024\/10\/aaknives-hand-forged-dabascus-steel-blade-knife-handmade-custom-made-knife-handcrafted-knives-autinetools-northmen-61.webp","width":1200,"height":1200},{"@type":"BreadcrumbList","@id":"https:\/\/aaknives.eu\/lt\/product\/naujas-tsprof-kadet-pro-galandinimo-rinkinys\/#breadcrumb","itemListElement":[{"@type":"ListItem","position":1,"name":"Home","item":"https:\/\/aaknives.eu\/lt\/"},{"@type":"ListItem","position":2,"name":"Parduotuv\u0117","item":"https:\/\/aaknives.eu\/parduotuve\/"},{"@type":"ListItem","position":3,"name":"NAUJAS TSPROF KADET PRO GALANDINIMO RINKINYS"}]},{"@type":"WebSite","@id":"https:\/\/aaknives.eu\/lt\/#website","url":"https:\/\/aaknives.eu\/lt\/","name":"AAKnives","description":"Handmade knives","publisher":{"@id":"https:\/\/aaknives.eu\/lt\/#organization"},"potentialAction":[{"@type":"SearchAction","target":{"@type":"EntryPoint","urlTemplate":"https:\/\/aaknives.eu\/lt\/?s={search_term_string}"},"query-input":{"@type":"PropertyValueSpecification","valueRequired":true,"valueName":"search_term_string"}}],"inLanguage":"lt-LT"},{"@type":"Organization","@id":"https:\/\/aaknives.eu\/lt\/#organization","name":"AAKnives","url":"https:\/\/aaknives.eu\/lt\/","logo":{"@type":"ImageObject","inLanguage":"lt-LT","@id":"https:\/\/aaknives.eu\/lt\/#\/schema\/logo\/image\/","url":"https:\/\/aaknives.eu\/wp-content\/uploads\/2021\/10\/AAknives_Logo_Green.png","contentUrl":"https:\/\/aaknives.eu\/wp-content\/uploads\/2021\/10\/AAknives_Logo_Green.png","width":1768,"height":1768,"caption":"AAKnives"},"image":{"@id":"https:\/\/aaknives.eu\/lt\/#\/schema\/logo\/image\/"},"sameAs":["https:\/\/www.facebook.com\/aaknives.eu\/","https:\/\/www.instagram.com\/aaknives\/","https:\/\/www.pinterest.com\/aa_knives\/","https:\/\/www.youtube.com\/channel\/UCHOQFjrOkgT6s4FIw9LDKyw\/featured"]}]}},"_links":{"self":[{"href":"https:\/\/aaknives.eu\/lt\/wp-json\/wp\/v2\/product\/89738","targetHints":{"allow":["GET"]}}],"collection":[{"href":"https:\/\/aaknives.eu\/lt\/wp-json\/wp\/v2\/product"}],"about":[{"href":"https:\/\/aaknives.eu\/lt\/wp-json\/wp\/v2\/types\/product"}],"wp:featuredmedia":[{"embeddable":true,"href":"https:\/\/aaknives.eu\/lt\/wp-json\/wp\/v2\/media\/94939"}],"wp:attachment":[{"href":"https:\/\/aaknives.eu\/lt\/wp-json\/wp\/v2\/media?parent=89738"}],"wp:term":[{"taxonomy":"product_brand","embeddable":true,"href":"https:\/\/aaknives.eu\/lt\/wp-json\/wp\/v2\/product_brand?post=89738"},{"taxonomy":"product_cat","embeddable":true,"href":"https:\/\/aaknives.eu\/lt\/wp-json\/wp\/v2\/product_cat?post=89738"},{"taxonomy":"product_tag","embeddable":true,"href":"https:\/\/aaknives.eu\/lt\/wp-json\/wp\/v2\/product_tag?post=89738"}],"curies":[{"name":"wp","href":"https:\/\/api.w.org\/{rel}","templated":true}]}}