{"id":89751,"date":"2024-10-29T02:12:49","date_gmt":"2024-10-29T02:12:49","guid":{"rendered":"https:\/\/aaknives.eu\/?post_type=product&#038;p=89751"},"modified":"2026-04-12T14:17:34","modified_gmt":"2026-04-12T14:17:34","slug":"tsprof-deimantines-galandinimo-ploksteles-f150-f220-f400-f600-f1000","status":"publish","type":"product","link":"https:\/\/aaknives.eu\/lt\/product\/tsprof-deimantines-galandinimo-ploksteles-f150-f220-f400-f600-f1000\/","title":{"rendered":"TSPROF Deimantin\u0117s galandinimo plok\u0161tel\u0117s F150, F220, F400, F600, F1000"},"content":{"rendered":"<p>TSPROF Deimantin\u0117s galandinimo plok\u0161tel\u0117s F150, F220, F400, F600, F1000<br \/>\nF150 Extra Coarse \u2013 grubiam a\u0161men\u0173 apdirbimui<br \/>\nF220 Stambus \u2013 pjovimo briaunai formuoti<br \/>\nF400 Medium \u2013 pagrindin\u0117ms galandinimo operacijoms<br \/>\nF600 Fine \u2013 skirtas pjovimo briaunos paruo\u0161iamajam apdirbimui<br \/>\nF1000 Labai smulkus \u2013 pjovimo briaunos apdailai<\/p>\n","protected":false},"excerpt":{"rendered":"<p>TSPROF Deimantin\u0117s galandinimo plok\u0161tel\u0117s F150, F220, F400, F600, F1000 F150 Extra Coarse \u2013 grubiam a\u0161men\u0173 apdirbimui F220 Stambus \u2013 pjovimo briaunai formuoti F400 Medium \u2013 pagrindin\u0117ms galandinimo operacijoms F600 Fine \u2013 skirtas pjovimo briaunos paruo\u0161iamajam apdirbimui F1000 Labai smulkus \u2013 pjovimo briaunos apdailai<\/p>\n","protected":false},"featured_media":75624,"template":"","meta":{"_themeisle_gutenberg_block_has_review":false},"product_brand":[],"product_cat":[375],"product_tag":[],"class_list":{"0":"post-89751","1":"product","2":"type-product","3":"status-publish","4":"has-post-thumbnail","6":"product_cat-peiliu-galandinimas-peiliu-galastuvai","8":"first","9":"instock","10":"shipping-taxable","11":"purchasable","12":"product-type-simple"},"yoast_head":"<!-- This site is optimized with the Yoast SEO plugin v27.5 - https:\/\/yoast.com\/product\/yoast-seo-wordpress\/ -->\n<title>TSPROF Deimantin\u0117s galandinimo plok\u0161tel\u0117s F150, F220, F400, F600, F1000 - AAKnives<\/title>\n<meta name=\"description\" content=\"TSPROF Deimantin\u0117s galandinimo plok\u0161tel\u0117s F150, F220, F400, F600, F1000\" \/>\n<meta name=\"robots\" content=\"index, follow, max-snippet:-1, max-image-preview:large, max-video-preview:-1\" \/>\n<link rel=\"canonical\" href=\"https:\/\/aaknives.eu\/lt\/product\/tsprof-deimantines-galandinimo-ploksteles-f150-f220-f400-f600-f1000\/\" \/>\n<meta property=\"og:locale\" content=\"lt_LT\" \/>\n<meta property=\"og:type\" content=\"article\" \/>\n<meta property=\"og:title\" content=\"TSPROF Deimantin\u0117s galandinimo plok\u0161tel\u0117s F150, F220, F400, F600, F1000 - AAKnives\" \/>\n<meta property=\"og:description\" content=\"TSPROF Deimantin\u0117s galandinimo plok\u0161tel\u0117s F150, F220, F400, F600, F1000\" \/>\n<meta property=\"og:url\" content=\"https:\/\/aaknives.eu\/lt\/product\/tsprof-deimantines-galandinimo-ploksteles-f150-f220-f400-f600-f1000\/\" \/>\n<meta property=\"og:site_name\" content=\"AAKnives\" \/>\n<meta property=\"article:publisher\" content=\"https:\/\/www.facebook.com\/aaknives.eu\/\" \/>\n<meta property=\"article:modified_time\" content=\"2026-04-12T14:17:34+00:00\" \/>\n<meta property=\"og:image\" content=\"https:\/\/aaknives.eu\/wp-content\/uploads\/2024\/10\/aaknives-hand-forged-dabascus-steel-blade-knife-handmade-custom-made-knife-handcrafted-knives-autinetools-northmen-3-1-2.jpg\" \/>\n\t<meta property=\"og:image:width\" content=\"1020\" \/>\n\t<meta property=\"og:image:height\" content=\"880\" \/>\n\t<meta property=\"og:image:type\" content=\"image\/jpeg\" \/>\n<meta name=\"twitter:card\" content=\"summary_large_image\" \/>\n<script type=\"application\/ld+json\" class=\"yoast-schema-graph\">{\"@context\":\"https:\\\/\\\/schema.org\",\"@graph\":[{\"@type\":\"WebPage\",\"@id\":\"https:\\\/\\\/aaknives.eu\\\/lt\\\/product\\\/tsprof-deimantines-galandinimo-ploksteles-f150-f220-f400-f600-f1000\\\/\",\"url\":\"https:\\\/\\\/aaknives.eu\\\/lt\\\/product\\\/tsprof-deimantines-galandinimo-ploksteles-f150-f220-f400-f600-f1000\\\/\",\"name\":\"TSPROF Deimantin\u0117s galandinimo plok\u0161tel\u0117s F150, F220, F400, F600, F1000 - AAKnives\",\"isPartOf\":{\"@id\":\"https:\\\/\\\/aaknives.eu\\\/lt\\\/#website\"},\"primaryImageOfPage\":{\"@id\":\"https:\\\/\\\/aaknives.eu\\\/lt\\\/product\\\/tsprof-deimantines-galandinimo-ploksteles-f150-f220-f400-f600-f1000\\\/#primaryimage\"},\"image\":{\"@id\":\"https:\\\/\\\/aaknives.eu\\\/lt\\\/product\\\/tsprof-deimantines-galandinimo-ploksteles-f150-f220-f400-f600-f1000\\\/#primaryimage\"},\"thumbnailUrl\":\"https:\\\/\\\/aaknives.eu\\\/wp-content\\\/uploads\\\/2024\\\/10\\\/aaknives-hand-forged-dabascus-steel-blade-knife-handmade-custom-made-knife-handcrafted-knives-autinetools-northmen-3-1-2.jpg\",\"datePublished\":\"2024-10-29T02:12:49+00:00\",\"dateModified\":\"2026-04-12T14:17:34+00:00\",\"description\":\"TSPROF Deimantin\u0117s galandinimo plok\u0161tel\u0117s F150, F220, F400, F600, F1000\",\"breadcrumb\":{\"@id\":\"https:\\\/\\\/aaknives.eu\\\/lt\\\/product\\\/tsprof-deimantines-galandinimo-ploksteles-f150-f220-f400-f600-f1000\\\/#breadcrumb\"},\"inLanguage\":\"lt-LT\",\"potentialAction\":[{\"@type\":\"ReadAction\",\"target\":[\"https:\\\/\\\/aaknives.eu\\\/lt\\\/product\\\/tsprof-deimantines-galandinimo-ploksteles-f150-f220-f400-f600-f1000\\\/\"]}]},{\"@type\":\"ImageObject\",\"inLanguage\":\"lt-LT\",\"@id\":\"https:\\\/\\\/aaknives.eu\\\/lt\\\/product\\\/tsprof-deimantines-galandinimo-ploksteles-f150-f220-f400-f600-f1000\\\/#primaryimage\",\"url\":\"https:\\\/\\\/aaknives.eu\\\/wp-content\\\/uploads\\\/2024\\\/10\\\/aaknives-hand-forged-dabascus-steel-blade-knife-handmade-custom-made-knife-handcrafted-knives-autinetools-northmen-3-1-2.jpg\",\"contentUrl\":\"https:\\\/\\\/aaknives.eu\\\/wp-content\\\/uploads\\\/2024\\\/10\\\/aaknives-hand-forged-dabascus-steel-blade-knife-handmade-custom-made-knife-handcrafted-knives-autinetools-northmen-3-1-2.jpg\",\"width\":1020,\"height\":880},{\"@type\":\"BreadcrumbList\",\"@id\":\"https:\\\/\\\/aaknives.eu\\\/lt\\\/product\\\/tsprof-deimantines-galandinimo-ploksteles-f150-f220-f400-f600-f1000\\\/#breadcrumb\",\"itemListElement\":[{\"@type\":\"ListItem\",\"position\":1,\"name\":\"Home\",\"item\":\"https:\\\/\\\/aaknives.eu\\\/lt\\\/\"},{\"@type\":\"ListItem\",\"position\":2,\"name\":\"Parduotuv\u0117\",\"item\":\"https:\\\/\\\/aaknives.eu\\\/parduotuve\\\/\"},{\"@type\":\"ListItem\",\"position\":3,\"name\":\"TSPROF Deimantin\u0117s galandinimo plok\u0161tel\u0117s F150, F220, F400, F600, F1000\"}]},{\"@type\":\"WebSite\",\"@id\":\"https:\\\/\\\/aaknives.eu\\\/lt\\\/#website\",\"url\":\"https:\\\/\\\/aaknives.eu\\\/lt\\\/\",\"name\":\"AAKnives\",\"description\":\"Handmade knives\",\"publisher\":{\"@id\":\"https:\\\/\\\/aaknives.eu\\\/lt\\\/#organization\"},\"alternateName\":\"Anri Ananin Knives\",\"potentialAction\":[{\"@type\":\"SearchAction\",\"target\":{\"@type\":\"EntryPoint\",\"urlTemplate\":\"https:\\\/\\\/aaknives.eu\\\/lt\\\/?s={search_term_string}\"},\"query-input\":{\"@type\":\"PropertyValueSpecification\",\"valueRequired\":true,\"valueName\":\"search_term_string\"}}],\"inLanguage\":\"lt-LT\"},{\"@type\":\"Organization\",\"@id\":\"https:\\\/\\\/aaknives.eu\\\/lt\\\/#organization\",\"name\":\"AAKnives\",\"url\":\"https:\\\/\\\/aaknives.eu\\\/lt\\\/\",\"logo\":{\"@type\":\"ImageObject\",\"inLanguage\":\"lt-LT\",\"@id\":\"https:\\\/\\\/aaknives.eu\\\/lt\\\/#\\\/schema\\\/logo\\\/image\\\/\",\"url\":\"https:\\\/\\\/aaknives.eu\\\/wp-content\\\/uploads\\\/2021\\\/10\\\/AAknives_Logo_Green.png\",\"contentUrl\":\"https:\\\/\\\/aaknives.eu\\\/wp-content\\\/uploads\\\/2021\\\/10\\\/AAknives_Logo_Green.png\",\"width\":1768,\"height\":1768,\"caption\":\"AAKnives\"},\"image\":{\"@id\":\"https:\\\/\\\/aaknives.eu\\\/lt\\\/#\\\/schema\\\/logo\\\/image\\\/\"},\"sameAs\":[\"https:\\\/\\\/www.facebook.com\\\/aaknives.eu\\\/\",\"https:\\\/\\\/www.instagram.com\\\/aaknives\\\/\",\"https:\\\/\\\/www.pinterest.com\\\/aa_knives\\\/\",\"https:\\\/\\\/www.youtube.com\\\/@aaknives9518\"]}]}<\/script>\n<!-- \/ Yoast SEO plugin. -->","yoast_head_json":{"title":"TSPROF Deimantin\u0117s galandinimo plok\u0161tel\u0117s F150, F220, F400, F600, F1000 - AAKnives","description":"TSPROF Deimantin\u0117s galandinimo plok\u0161tel\u0117s F150, F220, F400, F600, F1000","robots":{"index":"index","follow":"follow","max-snippet":"max-snippet:-1","max-image-preview":"max-image-preview:large","max-video-preview":"max-video-preview:-1"},"canonical":"https:\/\/aaknives.eu\/lt\/product\/tsprof-deimantines-galandinimo-ploksteles-f150-f220-f400-f600-f1000\/","og_locale":"lt_LT","og_type":"article","og_title":"TSPROF Deimantin\u0117s galandinimo plok\u0161tel\u0117s F150, F220, F400, F600, F1000 - AAKnives","og_description":"TSPROF Deimantin\u0117s galandinimo plok\u0161tel\u0117s F150, F220, F400, F600, F1000","og_url":"https:\/\/aaknives.eu\/lt\/product\/tsprof-deimantines-galandinimo-ploksteles-f150-f220-f400-f600-f1000\/","og_site_name":"AAKnives","article_publisher":"https:\/\/www.facebook.com\/aaknives.eu\/","article_modified_time":"2026-04-12T14:17:34+00:00","og_image":[{"width":1020,"height":880,"url":"https:\/\/aaknives.eu\/wp-content\/uploads\/2024\/10\/aaknives-hand-forged-dabascus-steel-blade-knife-handmade-custom-made-knife-handcrafted-knives-autinetools-northmen-3-1-2.jpg","type":"image\/jpeg"}],"twitter_card":"summary_large_image","schema":{"@context":"https:\/\/schema.org","@graph":[{"@type":"WebPage","@id":"https:\/\/aaknives.eu\/lt\/product\/tsprof-deimantines-galandinimo-ploksteles-f150-f220-f400-f600-f1000\/","url":"https:\/\/aaknives.eu\/lt\/product\/tsprof-deimantines-galandinimo-ploksteles-f150-f220-f400-f600-f1000\/","name":"TSPROF Deimantin\u0117s galandinimo plok\u0161tel\u0117s F150, F220, F400, F600, F1000 - AAKnives","isPartOf":{"@id":"https:\/\/aaknives.eu\/lt\/#website"},"primaryImageOfPage":{"@id":"https:\/\/aaknives.eu\/lt\/product\/tsprof-deimantines-galandinimo-ploksteles-f150-f220-f400-f600-f1000\/#primaryimage"},"image":{"@id":"https:\/\/aaknives.eu\/lt\/product\/tsprof-deimantines-galandinimo-ploksteles-f150-f220-f400-f600-f1000\/#primaryimage"},"thumbnailUrl":"https:\/\/aaknives.eu\/wp-content\/uploads\/2024\/10\/aaknives-hand-forged-dabascus-steel-blade-knife-handmade-custom-made-knife-handcrafted-knives-autinetools-northmen-3-1-2.jpg","datePublished":"2024-10-29T02:12:49+00:00","dateModified":"2026-04-12T14:17:34+00:00","description":"TSPROF Deimantin\u0117s galandinimo plok\u0161tel\u0117s F150, F220, F400, F600, F1000","breadcrumb":{"@id":"https:\/\/aaknives.eu\/lt\/product\/tsprof-deimantines-galandinimo-ploksteles-f150-f220-f400-f600-f1000\/#breadcrumb"},"inLanguage":"lt-LT","potentialAction":[{"@type":"ReadAction","target":["https:\/\/aaknives.eu\/lt\/product\/tsprof-deimantines-galandinimo-ploksteles-f150-f220-f400-f600-f1000\/"]}]},{"@type":"ImageObject","inLanguage":"lt-LT","@id":"https:\/\/aaknives.eu\/lt\/product\/tsprof-deimantines-galandinimo-ploksteles-f150-f220-f400-f600-f1000\/#primaryimage","url":"https:\/\/aaknives.eu\/wp-content\/uploads\/2024\/10\/aaknives-hand-forged-dabascus-steel-blade-knife-handmade-custom-made-knife-handcrafted-knives-autinetools-northmen-3-1-2.jpg","contentUrl":"https:\/\/aaknives.eu\/wp-content\/uploads\/2024\/10\/aaknives-hand-forged-dabascus-steel-blade-knife-handmade-custom-made-knife-handcrafted-knives-autinetools-northmen-3-1-2.jpg","width":1020,"height":880},{"@type":"BreadcrumbList","@id":"https:\/\/aaknives.eu\/lt\/product\/tsprof-deimantines-galandinimo-ploksteles-f150-f220-f400-f600-f1000\/#breadcrumb","itemListElement":[{"@type":"ListItem","position":1,"name":"Home","item":"https:\/\/aaknives.eu\/lt\/"},{"@type":"ListItem","position":2,"name":"Parduotuv\u0117","item":"https:\/\/aaknives.eu\/parduotuve\/"},{"@type":"ListItem","position":3,"name":"TSPROF Deimantin\u0117s galandinimo plok\u0161tel\u0117s F150, F220, F400, F600, F1000"}]},{"@type":"WebSite","@id":"https:\/\/aaknives.eu\/lt\/#website","url":"https:\/\/aaknives.eu\/lt\/","name":"AAKnives","description":"Handmade knives","publisher":{"@id":"https:\/\/aaknives.eu\/lt\/#organization"},"alternateName":"Anri Ananin Knives","potentialAction":[{"@type":"SearchAction","target":{"@type":"EntryPoint","urlTemplate":"https:\/\/aaknives.eu\/lt\/?s={search_term_string}"},"query-input":{"@type":"PropertyValueSpecification","valueRequired":true,"valueName":"search_term_string"}}],"inLanguage":"lt-LT"},{"@type":"Organization","@id":"https:\/\/aaknives.eu\/lt\/#organization","name":"AAKnives","url":"https:\/\/aaknives.eu\/lt\/","logo":{"@type":"ImageObject","inLanguage":"lt-LT","@id":"https:\/\/aaknives.eu\/lt\/#\/schema\/logo\/image\/","url":"https:\/\/aaknives.eu\/wp-content\/uploads\/2021\/10\/AAknives_Logo_Green.png","contentUrl":"https:\/\/aaknives.eu\/wp-content\/uploads\/2021\/10\/AAknives_Logo_Green.png","width":1768,"height":1768,"caption":"AAKnives"},"image":{"@id":"https:\/\/aaknives.eu\/lt\/#\/schema\/logo\/image\/"},"sameAs":["https:\/\/www.facebook.com\/aaknives.eu\/","https:\/\/www.instagram.com\/aaknives\/","https:\/\/www.pinterest.com\/aa_knives\/","https:\/\/www.youtube.com\/@aaknives9518"]}]}},"_links":{"self":[{"href":"https:\/\/aaknives.eu\/lt\/wp-json\/wp\/v2\/product\/89751","targetHints":{"allow":["GET"]}}],"collection":[{"href":"https:\/\/aaknives.eu\/lt\/wp-json\/wp\/v2\/product"}],"about":[{"href":"https:\/\/aaknives.eu\/lt\/wp-json\/wp\/v2\/types\/product"}],"wp:featuredmedia":[{"embeddable":true,"href":"https:\/\/aaknives.eu\/lt\/wp-json\/wp\/v2\/media\/75624"}],"wp:attachment":[{"href":"https:\/\/aaknives.eu\/lt\/wp-json\/wp\/v2\/media?parent=89751"}],"wp:term":[{"taxonomy":"product_brand","embeddable":true,"href":"https:\/\/aaknives.eu\/lt\/wp-json\/wp\/v2\/product_brand?post=89751"},{"taxonomy":"product_cat","embeddable":true,"href":"https:\/\/aaknives.eu\/lt\/wp-json\/wp\/v2\/product_cat?post=89751"},{"taxonomy":"product_tag","embeddable":true,"href":"https:\/\/aaknives.eu\/lt\/wp-json\/wp\/v2\/product_tag?post=89751"}],"curies":[{"name":"wp","href":"https:\/\/api.w.org\/{rel}","templated":true}]}}