{"id":89768,"date":"2024-10-29T02:11:40","date_gmt":"2024-10-29T02:11:40","guid":{"rendered":"https:\/\/aaknives.eu\/?post_type=product&#038;p=89768"},"modified":"2024-10-29T03:00:58","modified_gmt":"2024-10-29T03:00:58","slug":"blitz-360-base-tsprof-precizinis-peiliu-galastuvas","status":"publish","type":"product","link":"https:\/\/aaknives.eu\/lt\/product\/blitz-360-base-tsprof-precizinis-peiliu-galastuvas\/","title":{"rendered":"&#8220;BLITZ 360 Base&#8221; &#8211; TSPROF precizinis peili\u0173 gal\u0105stuvas"},"content":{"rendered":"<div class=\"product-details__block\">\n<p>&#8220;BLITZ 360 Base&#8221; &#8211; TSPROF precizinis peili\u0173 gal\u0105stuvas<\/p>\n<p>Ma\u017eas dydis. Kompakti\u0161kiausias i\u0161 profesionali\u0173 gal\u0105stuv\u0173*<br \/>\nVisi\u0161kai pagamintas i\u0161 metalo. Renkam\u0117s tik patikimiausias med\u017eiagas.<br \/>\n&#8220;Flip-n-Sharp&#8221; sukimo mechanizmas. Gal\u0105skite peilius maksimaliai patogiai.<br \/>\nV. C. Angleset sistema. Vienu judesiu pasirinkite norim\u0105 kamp\u0105.<br \/>\nTaupo j\u016bs\u0173 laik\u0105. Jis surenkamas per kelias sekundes, o galandimo procesas u\u017etrunka labai trumpai.<br \/>\nBet koks a\u0161trinimo kampas. Did\u017eiausias galandinimo kampas iki 70\u00b0, gal\u0105skite bet kokius peilius su &#8220;TSPROF Blitz 360&#8221;.<br \/>\nBet kokios abrazyvin\u0117s med\u017eiagos. Universaliu laikikliu galima u\u017espausti bet kok\u012f abrazyv\u0105 iki 150 mm. Su ruo\u0161iniais ir be j\u0173.<\/p>\n<\/div>\n<p>&#8220;<b>TSPROF Blitz 360<\/b> &#8221; &#8211; profesionali kompakti\u0161ko peili\u0173 gal\u0105stuvo versija &#8221; <b>TSPROF Blitz&#8221;<\/b> yra nepakei\u010diamas pagalbininkas galandant ma\u017eus kasdienius peilius. Bendras \u012frenginio dydis: 13x12x12 cm, o svoris &#8211; tik 1,5 kg. J\u012f lengva pasiimti su savimi \u012f i\u0161kyl\u0105 gamtoje su draugais ir patogu laikyti namuose.<\/p>\n<p>&#8220;<b>Blitz 360&#8243;<\/b> turi rotacin\u012f mechanizm\u0105 &#8221; <b>Flip-n-Sharp&#8221;<\/b>, kuris leid\u017eia gal\u0105sti peil\u012f nei\u0161imant jo i\u0161 spaustuk\u0173. Du plieniniai spaustuvai patikimai pritvirtina iki 200 mm ilgio peilius.<\/p>\n<p>Unikali prietaiso savyb\u0117 &#8211; <b>V. C. Angleset<\/b> sistema. Kampas &#8220;Blitz&#8221; nustatomas d\u0117l peilio jud\u0117jimo virtualaus centro at\u017evilgiu. Tai suteikia papildom\u0105 komfort\u0105 galandant ir suma\u017eina abrazyvo poveik\u012f pjovimo briaunai.<\/p>\n<p>I\u0161skirtinis &#8221; <b>Blitz 360&#8243;<\/b> versijos bruo\u017eas &#8211; \u0161arnyras, kurio neriboja korpuso dydis. 360 laipsni\u0173 lankstas suteikia visi\u0161k\u0105 laisv\u0119 galandant. Galandimo kamp\u0173 diapazonas su 360 laipsni\u0173 pos\u016bkiu padidintas iki 70\u00b0 (35\u00b0 \u012f kiekvien\u0105 pus\u0119). Tai gerokai i\u0161ple\u010dia galandam\u0173 peili\u0173 asortiment\u0105.<\/p>\n<p>Abrazyvinis kreipiamasis strypas \u012f lanksto blok\u0105 \u012fstatomas tik su 0,02 mm tarpu. D\u0117l tylaus kreipiamojo strypo judesio darbas tampa dar patogesnis.<\/p>\n<p>&#8220;<b>TSPROF Blitz 360<\/b> &#8221; turi platform\u0105 skaitmeniniam matlankiui, kuriuo galima kontroliuoti a\u0161men\u0173 galandinimo kamp\u0105 de\u0161imt\u0173j\u0173 laipsnio dali\u0173 tikslumu.<\/p>\n<p>Kad peilis b\u016bt\u0173 tobulas, naudokite poliravimo rinkin\u012f.<\/p>\n<p>D\u0117l <b>universalaus<\/b> &#8220;Blitz 360&#8221; <b>abrazyvo laikiklio<\/b> galite dirbti su bet kokiais iki 150 mm ilgio abrazyvais, net ir be ruo\u0161inio.<\/p>\n<p>&#8220;<b>TSPROF Blitz&#8221;<\/b> &#8211; tai profesionalus galandinimas j\u016bs\u0173 namuose. Dabar kompakti\u0161ko dyd\u017eio.<\/p>\n<p><small>* tarp kit\u0173 TSPROF \u012frengini\u0173 nuo 2019 m.<\/small><\/p>\n<p><strong>&#8220;Blitz 360&#8221; bazin\u012f rinkin\u012f sudaro:<\/strong><\/p>\n<ul>\n<li>&#8211; Blitz 360 Body<\/li>\n<li>&#8211; Universalus abrazyvo laikiklis<\/li>\n<li>&#8211; Skaitmeninis matlankio stovas<\/li>\n<li>&#8211; Atsargin\u0117s dalys: bamperiai 5 vnt, var\u017etai 2 vnt, ver\u017eliarak\u010diai 1,5, 2 mm<\/li>\n<\/ul>\n<p>&nbsp;<\/p>\n<p>&nbsp;<\/p>\n<p>&nbsp;<\/p>\n<pre><\/pre>\n<p>&nbsp;<\/p>\n","protected":false},"excerpt":{"rendered":"<p>&#8220;BLITZ 360 Base&#8221; &#8211; TSPROF precizinis peili\u0173 gal\u0105stuvas Ma\u017eas dydis. Kompakti\u0161kiausias i\u0161 profesionali\u0173 gal\u0105stuv\u0173* Visi\u0161kai pagamintas i\u0161 metalo. Renkam\u0117s tik patikimiausias med\u017eiagas. &#8220;Flip-n-Sharp&#8221; sukimo mechanizmas. Gal\u0105skite peilius maksimaliai patogiai. V. C. Angleset sistema. Vienu judesiu pasirinkite norim\u0105 kamp\u0105. Taupo j\u016bs\u0173 laik\u0105. Jis surenkamas per kelias sekundes, o galandimo procesas u\u017etrunka labai trumpai. Bet koks a\u0161trinimo kampas. Did\u017eiausias galandinimo kampas iki 70\u00b0, gal\u0105skite bet kokius peilius su &#8220;TSPROF Blitz 360&#8221;. Bet kokios abrazyvin\u0117s med\u017eiagos. Universaliu laikikliu galima u\u017espausti bet kok\u012f abrazyv\u0105 iki 150 mm. Su ruo\u0161iniais ir be j\u0173. &#8220;TSPROF Blitz 360 &#8221; &#8211; profesionali kompakti\u0161ko peili\u0173 gal\u0105stuvo versija &#8221; TSPROF&hellip;<\/p>\n","protected":false},"featured_media":94990,"template":"","meta":{"_themeisle_gutenberg_block_has_review":false},"product_brand":[],"product_cat":[377,375],"product_tag":[],"class_list":{"0":"post-89768","1":"product","2":"type-product","3":"status-publish","4":"has-post-thumbnail","6":"product_cat-pardavimas","7":"product_cat-peiliu-galandinimas-peiliu-galastuvai","9":"first","10":"instock","11":"sale","12":"shipping-taxable","13":"purchasable","14":"product-type-simple"},"yoast_head":"<!-- This site is optimized with the Yoast SEO plugin v27.3 - https:\/\/yoast.com\/product\/yoast-seo-wordpress\/ -->\n<title>&quot;BLITZ 360 Base&quot; - TSPROF precizinis peili\u0173 gal\u0105stuvas - AAKnives<\/title>\n<meta name=\"description\" content=\"&quot;BLITZ 360 Base&quot; - TSPROF precizinis peili\u0173 gal\u0105stuvas\" \/>\n<meta name=\"robots\" content=\"index, follow, max-snippet:-1, max-image-preview:large, max-video-preview:-1\" \/>\n<link rel=\"canonical\" href=\"https:\/\/aaknives.eu\/lt\/product\/blitz-360-base-tsprof-precizinis-peiliu-galastuvas\/\" \/>\n<meta property=\"og:locale\" content=\"lt_LT\" \/>\n<meta property=\"og:type\" content=\"article\" \/>\n<meta property=\"og:title\" content=\"&quot;BLITZ 360 Base&quot; - TSPROF precizinis peili\u0173 gal\u0105stuvas - AAKnives\" \/>\n<meta property=\"og:description\" content=\"&quot;BLITZ 360 Base&quot; - TSPROF precizinis peili\u0173 gal\u0105stuvas\" \/>\n<meta property=\"og:url\" content=\"https:\/\/aaknives.eu\/lt\/product\/blitz-360-base-tsprof-precizinis-peiliu-galastuvas\/\" \/>\n<meta property=\"og:site_name\" content=\"AAKnives\" \/>\n<meta property=\"article:publisher\" content=\"https:\/\/www.facebook.com\/aaknives.eu\/\" \/>\n<meta property=\"article:modified_time\" content=\"2024-10-29T03:00:58+00:00\" \/>\n<meta property=\"og:image\" content=\"https:\/\/aaknives.eu\/wp-content\/uploads\/2024\/10\/aaknives-hand-forged-damascus-steel-blade-knife-handmade-custom-made-knife-handcrafted-knives-autinetools-northmen-n695-4-1.jpg\" \/>\n\t<meta property=\"og:image:width\" content=\"880\" \/>\n\t<meta property=\"og:image:height\" content=\"880\" \/>\n\t<meta property=\"og:image:type\" content=\"image\/jpeg\" \/>\n<meta name=\"twitter:card\" content=\"summary_large_image\" \/>\n<meta name=\"twitter:label1\" content=\"Est. reading time\" \/>\n\t<meta name=\"twitter:data1\" content=\"2 minut\u0117s\" \/>\n<script type=\"application\/ld+json\" class=\"yoast-schema-graph\">{\"@context\":\"https:\\\/\\\/schema.org\",\"@graph\":[{\"@type\":\"WebPage\",\"@id\":\"https:\\\/\\\/aaknives.eu\\\/lt\\\/product\\\/blitz-360-base-tsprof-precizinis-peiliu-galastuvas\\\/\",\"url\":\"https:\\\/\\\/aaknives.eu\\\/lt\\\/product\\\/blitz-360-base-tsprof-precizinis-peiliu-galastuvas\\\/\",\"name\":\"\\\"BLITZ 360 Base\\\" - TSPROF precizinis peili\u0173 gal\u0105stuvas - AAKnives\",\"isPartOf\":{\"@id\":\"https:\\\/\\\/aaknives.eu\\\/lt\\\/#website\"},\"primaryImageOfPage\":{\"@id\":\"https:\\\/\\\/aaknives.eu\\\/lt\\\/product\\\/blitz-360-base-tsprof-precizinis-peiliu-galastuvas\\\/#primaryimage\"},\"image\":{\"@id\":\"https:\\\/\\\/aaknives.eu\\\/lt\\\/product\\\/blitz-360-base-tsprof-precizinis-peiliu-galastuvas\\\/#primaryimage\"},\"thumbnailUrl\":\"https:\\\/\\\/aaknives.eu\\\/wp-content\\\/uploads\\\/2024\\\/10\\\/aaknives-hand-forged-dabascus-steel-blade-knife-handmade-custom-made-knife-handcrafted-knives-autinetools-northmen-81.webp\",\"datePublished\":\"2024-10-29T02:11:40+00:00\",\"dateModified\":\"2024-10-29T03:00:58+00:00\",\"description\":\"\\\"BLITZ 360 Base\\\" - TSPROF precizinis peili\u0173 gal\u0105stuvas\",\"breadcrumb\":{\"@id\":\"https:\\\/\\\/aaknives.eu\\\/lt\\\/product\\\/blitz-360-base-tsprof-precizinis-peiliu-galastuvas\\\/#breadcrumb\"},\"inLanguage\":\"lt-LT\",\"potentialAction\":[{\"@type\":\"ReadAction\",\"target\":[\"https:\\\/\\\/aaknives.eu\\\/lt\\\/product\\\/blitz-360-base-tsprof-precizinis-peiliu-galastuvas\\\/\"]}]},{\"@type\":\"ImageObject\",\"inLanguage\":\"lt-LT\",\"@id\":\"https:\\\/\\\/aaknives.eu\\\/lt\\\/product\\\/blitz-360-base-tsprof-precizinis-peiliu-galastuvas\\\/#primaryimage\",\"url\":\"https:\\\/\\\/aaknives.eu\\\/wp-content\\\/uploads\\\/2024\\\/10\\\/aaknives-hand-forged-dabascus-steel-blade-knife-handmade-custom-made-knife-handcrafted-knives-autinetools-northmen-81.webp\",\"contentUrl\":\"https:\\\/\\\/aaknives.eu\\\/wp-content\\\/uploads\\\/2024\\\/10\\\/aaknives-hand-forged-dabascus-steel-blade-knife-handmade-custom-made-knife-handcrafted-knives-autinetools-northmen-81.webp\",\"width\":1200,\"height\":1200},{\"@type\":\"BreadcrumbList\",\"@id\":\"https:\\\/\\\/aaknives.eu\\\/lt\\\/product\\\/blitz-360-base-tsprof-precizinis-peiliu-galastuvas\\\/#breadcrumb\",\"itemListElement\":[{\"@type\":\"ListItem\",\"position\":1,\"name\":\"Home\",\"item\":\"https:\\\/\\\/aaknives.eu\\\/lt\\\/\"},{\"@type\":\"ListItem\",\"position\":2,\"name\":\"Parduotuv\u0117\",\"item\":\"https:\\\/\\\/aaknives.eu\\\/parduotuve\\\/\"},{\"@type\":\"ListItem\",\"position\":3,\"name\":\"&#8220;BLITZ 360 Base&#8221; &#8211; TSPROF precizinis peili\u0173 gal\u0105stuvas\"}]},{\"@type\":\"WebSite\",\"@id\":\"https:\\\/\\\/aaknives.eu\\\/lt\\\/#website\",\"url\":\"https:\\\/\\\/aaknives.eu\\\/lt\\\/\",\"name\":\"AAKnives\",\"description\":\"Handmade knives\",\"publisher\":{\"@id\":\"https:\\\/\\\/aaknives.eu\\\/lt\\\/#organization\"},\"potentialAction\":[{\"@type\":\"SearchAction\",\"target\":{\"@type\":\"EntryPoint\",\"urlTemplate\":\"https:\\\/\\\/aaknives.eu\\\/lt\\\/?s={search_term_string}\"},\"query-input\":{\"@type\":\"PropertyValueSpecification\",\"valueRequired\":true,\"valueName\":\"search_term_string\"}}],\"inLanguage\":\"lt-LT\"},{\"@type\":\"Organization\",\"@id\":\"https:\\\/\\\/aaknives.eu\\\/lt\\\/#organization\",\"name\":\"AAKnives\",\"url\":\"https:\\\/\\\/aaknives.eu\\\/lt\\\/\",\"logo\":{\"@type\":\"ImageObject\",\"inLanguage\":\"lt-LT\",\"@id\":\"https:\\\/\\\/aaknives.eu\\\/lt\\\/#\\\/schema\\\/logo\\\/image\\\/\",\"url\":\"https:\\\/\\\/aaknives.eu\\\/wp-content\\\/uploads\\\/2021\\\/10\\\/AAknives_Logo_Green.png\",\"contentUrl\":\"https:\\\/\\\/aaknives.eu\\\/wp-content\\\/uploads\\\/2021\\\/10\\\/AAknives_Logo_Green.png\",\"width\":1768,\"height\":1768,\"caption\":\"AAKnives\"},\"image\":{\"@id\":\"https:\\\/\\\/aaknives.eu\\\/lt\\\/#\\\/schema\\\/logo\\\/image\\\/\"},\"sameAs\":[\"https:\\\/\\\/www.facebook.com\\\/aaknives.eu\\\/\",\"https:\\\/\\\/www.instagram.com\\\/aaknives\\\/\",\"https:\\\/\\\/www.pinterest.com\\\/aa_knives\\\/\",\"https:\\\/\\\/www.youtube.com\\\/channel\\\/UCHOQFjrOkgT6s4FIw9LDKyw\\\/featured\"]}]}<\/script>\n<!-- \/ Yoast SEO plugin. -->","yoast_head_json":{"title":"\"BLITZ 360 Base\" - TSPROF precizinis peili\u0173 gal\u0105stuvas - AAKnives","description":"\"BLITZ 360 Base\" - TSPROF precizinis peili\u0173 gal\u0105stuvas","robots":{"index":"index","follow":"follow","max-snippet":"max-snippet:-1","max-image-preview":"max-image-preview:large","max-video-preview":"max-video-preview:-1"},"canonical":"https:\/\/aaknives.eu\/lt\/product\/blitz-360-base-tsprof-precizinis-peiliu-galastuvas\/","og_locale":"lt_LT","og_type":"article","og_title":"\"BLITZ 360 Base\" - TSPROF precizinis peili\u0173 gal\u0105stuvas - AAKnives","og_description":"\"BLITZ 360 Base\" - TSPROF precizinis peili\u0173 gal\u0105stuvas","og_url":"https:\/\/aaknives.eu\/lt\/product\/blitz-360-base-tsprof-precizinis-peiliu-galastuvas\/","og_site_name":"AAKnives","article_publisher":"https:\/\/www.facebook.com\/aaknives.eu\/","article_modified_time":"2024-10-29T03:00:58+00:00","og_image":[{"width":880,"height":880,"url":"https:\/\/aaknives.eu\/wp-content\/uploads\/2024\/10\/aaknives-hand-forged-damascus-steel-blade-knife-handmade-custom-made-knife-handcrafted-knives-autinetools-northmen-n695-4-1.jpg","type":"image\/jpeg"}],"twitter_card":"summary_large_image","twitter_misc":{"Est. reading time":"2 minut\u0117s"},"schema":{"@context":"https:\/\/schema.org","@graph":[{"@type":"WebPage","@id":"https:\/\/aaknives.eu\/lt\/product\/blitz-360-base-tsprof-precizinis-peiliu-galastuvas\/","url":"https:\/\/aaknives.eu\/lt\/product\/blitz-360-base-tsprof-precizinis-peiliu-galastuvas\/","name":"\"BLITZ 360 Base\" - TSPROF precizinis peili\u0173 gal\u0105stuvas - AAKnives","isPartOf":{"@id":"https:\/\/aaknives.eu\/lt\/#website"},"primaryImageOfPage":{"@id":"https:\/\/aaknives.eu\/lt\/product\/blitz-360-base-tsprof-precizinis-peiliu-galastuvas\/#primaryimage"},"image":{"@id":"https:\/\/aaknives.eu\/lt\/product\/blitz-360-base-tsprof-precizinis-peiliu-galastuvas\/#primaryimage"},"thumbnailUrl":"https:\/\/aaknives.eu\/wp-content\/uploads\/2024\/10\/aaknives-hand-forged-dabascus-steel-blade-knife-handmade-custom-made-knife-handcrafted-knives-autinetools-northmen-81.webp","datePublished":"2024-10-29T02:11:40+00:00","dateModified":"2024-10-29T03:00:58+00:00","description":"\"BLITZ 360 Base\" - TSPROF precizinis peili\u0173 gal\u0105stuvas","breadcrumb":{"@id":"https:\/\/aaknives.eu\/lt\/product\/blitz-360-base-tsprof-precizinis-peiliu-galastuvas\/#breadcrumb"},"inLanguage":"lt-LT","potentialAction":[{"@type":"ReadAction","target":["https:\/\/aaknives.eu\/lt\/product\/blitz-360-base-tsprof-precizinis-peiliu-galastuvas\/"]}]},{"@type":"ImageObject","inLanguage":"lt-LT","@id":"https:\/\/aaknives.eu\/lt\/product\/blitz-360-base-tsprof-precizinis-peiliu-galastuvas\/#primaryimage","url":"https:\/\/aaknives.eu\/wp-content\/uploads\/2024\/10\/aaknives-hand-forged-dabascus-steel-blade-knife-handmade-custom-made-knife-handcrafted-knives-autinetools-northmen-81.webp","contentUrl":"https:\/\/aaknives.eu\/wp-content\/uploads\/2024\/10\/aaknives-hand-forged-dabascus-steel-blade-knife-handmade-custom-made-knife-handcrafted-knives-autinetools-northmen-81.webp","width":1200,"height":1200},{"@type":"BreadcrumbList","@id":"https:\/\/aaknives.eu\/lt\/product\/blitz-360-base-tsprof-precizinis-peiliu-galastuvas\/#breadcrumb","itemListElement":[{"@type":"ListItem","position":1,"name":"Home","item":"https:\/\/aaknives.eu\/lt\/"},{"@type":"ListItem","position":2,"name":"Parduotuv\u0117","item":"https:\/\/aaknives.eu\/parduotuve\/"},{"@type":"ListItem","position":3,"name":"&#8220;BLITZ 360 Base&#8221; &#8211; TSPROF precizinis peili\u0173 gal\u0105stuvas"}]},{"@type":"WebSite","@id":"https:\/\/aaknives.eu\/lt\/#website","url":"https:\/\/aaknives.eu\/lt\/","name":"AAKnives","description":"Handmade knives","publisher":{"@id":"https:\/\/aaknives.eu\/lt\/#organization"},"potentialAction":[{"@type":"SearchAction","target":{"@type":"EntryPoint","urlTemplate":"https:\/\/aaknives.eu\/lt\/?s={search_term_string}"},"query-input":{"@type":"PropertyValueSpecification","valueRequired":true,"valueName":"search_term_string"}}],"inLanguage":"lt-LT"},{"@type":"Organization","@id":"https:\/\/aaknives.eu\/lt\/#organization","name":"AAKnives","url":"https:\/\/aaknives.eu\/lt\/","logo":{"@type":"ImageObject","inLanguage":"lt-LT","@id":"https:\/\/aaknives.eu\/lt\/#\/schema\/logo\/image\/","url":"https:\/\/aaknives.eu\/wp-content\/uploads\/2021\/10\/AAknives_Logo_Green.png","contentUrl":"https:\/\/aaknives.eu\/wp-content\/uploads\/2021\/10\/AAknives_Logo_Green.png","width":1768,"height":1768,"caption":"AAKnives"},"image":{"@id":"https:\/\/aaknives.eu\/lt\/#\/schema\/logo\/image\/"},"sameAs":["https:\/\/www.facebook.com\/aaknives.eu\/","https:\/\/www.instagram.com\/aaknives\/","https:\/\/www.pinterest.com\/aa_knives\/","https:\/\/www.youtube.com\/channel\/UCHOQFjrOkgT6s4FIw9LDKyw\/featured"]}]}},"_links":{"self":[{"href":"https:\/\/aaknives.eu\/lt\/wp-json\/wp\/v2\/product\/89768","targetHints":{"allow":["GET"]}}],"collection":[{"href":"https:\/\/aaknives.eu\/lt\/wp-json\/wp\/v2\/product"}],"about":[{"href":"https:\/\/aaknives.eu\/lt\/wp-json\/wp\/v2\/types\/product"}],"wp:featuredmedia":[{"embeddable":true,"href":"https:\/\/aaknives.eu\/lt\/wp-json\/wp\/v2\/media\/94990"}],"wp:attachment":[{"href":"https:\/\/aaknives.eu\/lt\/wp-json\/wp\/v2\/media?parent=89768"}],"wp:term":[{"taxonomy":"product_brand","embeddable":true,"href":"https:\/\/aaknives.eu\/lt\/wp-json\/wp\/v2\/product_brand?post=89768"},{"taxonomy":"product_cat","embeddable":true,"href":"https:\/\/aaknives.eu\/lt\/wp-json\/wp\/v2\/product_cat?post=89768"},{"taxonomy":"product_tag","embeddable":true,"href":"https:\/\/aaknives.eu\/lt\/wp-json\/wp\/v2\/product_tag?post=89768"}],"curies":[{"name":"wp","href":"https:\/\/api.w.org\/{rel}","templated":true}]}}