{"id":89806,"date":"2024-10-29T02:01:48","date_gmt":"2024-10-29T02:01:48","guid":{"rendered":"https:\/\/aaknives.eu\/?post_type=product&#038;p=89806"},"modified":"2025-07-02T15:37:53","modified_gmt":"2025-07-02T15:37:53","slug":"isskirtinis-peilis-poseidon-kaltinis-plienas-sandvik-12c27","status":"publish","type":"product","link":"https:\/\/aaknives.eu\/lt\/product\/isskirtinis-peilis-poseidon-kaltinis-plienas-sandvik-12c27\/","title":{"rendered":"I\u0161skirtinis peilis &#8220;POSEIDON&#8221; &#8211; kaltinis plienas Sandvik 12C27"},"content":{"rendered":"<p>Plienas: rankomis kaltas ner\u016bdijantis plienas 12C27<br \/>\nKietumas: 57-58 HRC<br \/>\nGele\u017et\u0117s ilgis (mm): 127 \/ 5 coli\u0173<br \/>\nGele\u017et\u0117s storis (mm): 1- 3 \/ 0,03-0,11 coli\u0173<br \/>\nGele\u017et\u0117s plotis (mm): 35 \/ 1,37 coli\u0173<br \/>\nRankena: klevo mediena<br \/>\nBendras ilgis (mm): 250 \/ 9,84 coli\u0173<\/p>\n<p>Pagal u\u017esakym\u0105 pagamintas peilis, rank\u0173 darbo peilis, rankomis kaltas peilis, rankomis kaltas peilis<br \/>\n12C27 plienas yra Sandvik \u0161eimos dalis. Tai \u017eemos klas\u0117s auk\u0161tos kokyb\u0117s chromo plienas, labai m\u0117gstamas peili\u0173 pramon\u0117je, nes pasi\u017eymi i\u0161skirtiniu atsparumu dilimui, atsparumu korozijai ir dideliu kietumu, t. y. pagrindin\u0117mis savyb\u0117mis, d\u0117l kuri\u0173 sukuriamas idealus peili\u0173 plienas.<\/p>\n<p>Be to, 12C27 plienas palyginti greitai \u012fgyja a\u0161trum\u0105, prie\u0161ingai nei kiti didelio chromo turintys plienai, kurie d\u0117l kiet\u0173 chromo karbid\u0173 a\u0161tr\u0117ja ilgai. Sandvik 12C27 plienas da\u017eniausiai naudojamas med\u017eiokliniams, ki\u0161eniniams, \u017evejybiniams, stovyklavimo, taktiniams, \u010diuo\u017eimo peiliams ir ledo gr\u0105\u017etams gaminti.<\/p>\n<p>D\u0117l didelio chromo kiekio 12C27 plienas yra atsparus korozijai ir r\u016bdims. Be to, kadangi jis pagamintas i\u0161 ner\u016bdijan\u010dio plieno, yra atsparus d\u0117m\u0117ms.<\/p>\n<p>Ta\u010diau negalite tik\u0117tis, kad \u0161is plieninis peilis vandenyje i\u0161liks ner\u016bdijantis kelias dienas. Jei norite, kad \u0161io plieno a\u0161menys i\u0161likt\u0173 de\u0161imtme\u010dius, po kiekvieno naudojimo arba jei planuojate juos laikyti ilgesn\u012f laik\u0105, turite juos i\u0161d\u017eiovinti ir sutepti alyva.<\/p>\n","protected":false},"excerpt":{"rendered":"<p>Plienas: rankomis kaltas ner\u016bdijantis plienas 12C27 Kietumas: 57-58 HRC Gele\u017et\u0117s ilgis (mm): 127 \/ 5 coli\u0173 Gele\u017et\u0117s storis (mm): 1- 3 \/ 0,03-0,11 coli\u0173 Gele\u017et\u0117s plotis (mm): 35 \/ 1,37 coli\u0173 Rankena: klevo mediena Bendras ilgis (mm): 250 \/ 9,84 coli\u0173 Pagal u\u017esakym\u0105 pagamintas peilis, rank\u0173 darbo peilis, rankomis kaltas peilis, rankomis kaltas peilis 12C27 plienas yra Sandvik \u0161eimos dalis. Tai \u017eemos klas\u0117s auk\u0161tos kokyb\u0117s chromo plienas, labai m\u0117gstamas peili\u0173 pramon\u0117je, nes pasi\u017eymi i\u0161skirtiniu atsparumu dilimui, atsparumu korozijai ir dideliu kietumu, t. y. pagrindin\u0117mis savyb\u0117mis, d\u0117l kuri\u0173 sukuriamas idealus peili\u0173 plienas. Be to, 12C27 plienas palyginti greitai \u012fgyja a\u0161trum\u0105, prie\u0161ingai&hellip;<\/p>\n","protected":false},"featured_media":105764,"template":"","meta":{"_themeisle_gutenberg_block_has_review":false},"product_brand":[],"product_cat":[380,381],"product_tag":[],"class_list":{"0":"post-89806","1":"product","2":"type-product","3":"status-publish","4":"has-post-thumbnail","6":"product_cat-premium-ir-isskirtiniai-peiliai","7":"product_cat-lauko-peiliai","9":"first","10":"instock","11":"shipping-taxable","12":"purchasable","13":"product-type-simple"},"yoast_head":"<!-- This site is optimized with the Yoast SEO plugin v27.3 - https:\/\/yoast.com\/product\/yoast-seo-wordpress\/ -->\n<title>I\u0161skirtinis peilis &quot;POSEIDON&quot; - kaltinis plienas Sandvik 12C27 - AAKnives<\/title>\n<meta name=\"description\" content=\"I\u0161skirtinis peilis &quot;POSEIDON&quot; - kaltinis plienas Sandvik 12C27\" \/>\n<meta name=\"robots\" content=\"index, follow, max-snippet:-1, max-image-preview:large, max-video-preview:-1\" \/>\n<link rel=\"canonical\" href=\"https:\/\/aaknives.eu\/lt\/product\/isskirtinis-peilis-poseidon-kaltinis-plienas-sandvik-12c27\/\" \/>\n<meta property=\"og:locale\" content=\"lt_LT\" \/>\n<meta property=\"og:type\" content=\"article\" \/>\n<meta property=\"og:title\" content=\"I\u0161skirtinis peilis &quot;POSEIDON&quot; - kaltinis plienas Sandvik 12C27 - AAKnives\" \/>\n<meta property=\"og:description\" content=\"I\u0161skirtinis peilis &quot;POSEIDON&quot; - kaltinis plienas Sandvik 12C27\" \/>\n<meta property=\"og:url\" content=\"https:\/\/aaknives.eu\/lt\/product\/isskirtinis-peilis-poseidon-kaltinis-plienas-sandvik-12c27\/\" \/>\n<meta property=\"og:site_name\" content=\"AAKnives\" \/>\n<meta property=\"article:publisher\" content=\"https:\/\/www.facebook.com\/aaknives.eu\/\" \/>\n<meta property=\"article:modified_time\" content=\"2025-07-02T15:37:53+00:00\" \/>\n<meta property=\"og:image\" content=\"https:\/\/aaknives.eu\/wp-content\/uploads\/2024\/10\/aaknives-hand-forged-damascus-steel-blade-knife-handmade-custom-made-knife-handcrafted-knives-autinetools-northmen-5.2.jpg\" \/>\n\t<meta property=\"og:image:width\" content=\"1020\" \/>\n\t<meta property=\"og:image:height\" content=\"880\" \/>\n\t<meta property=\"og:image:type\" content=\"image\/jpeg\" \/>\n<meta name=\"twitter:card\" content=\"summary_large_image\" \/>\n<meta name=\"twitter:label1\" content=\"Est. reading time\" \/>\n\t<meta name=\"twitter:data1\" content=\"1 minut\u0117\" \/>\n<script type=\"application\/ld+json\" class=\"yoast-schema-graph\">{\"@context\":\"https:\\\/\\\/schema.org\",\"@graph\":[{\"@type\":\"WebPage\",\"@id\":\"https:\\\/\\\/aaknives.eu\\\/lt\\\/product\\\/isskirtinis-peilis-poseidon-kaltinis-plienas-sandvik-12c27\\\/\",\"url\":\"https:\\\/\\\/aaknives.eu\\\/lt\\\/product\\\/isskirtinis-peilis-poseidon-kaltinis-plienas-sandvik-12c27\\\/\",\"name\":\"I\u0161skirtinis peilis \\\"POSEIDON\\\" - kaltinis plienas Sandvik 12C27 - AAKnives\",\"isPartOf\":{\"@id\":\"https:\\\/\\\/aaknives.eu\\\/lt\\\/#website\"},\"primaryImageOfPage\":{\"@id\":\"https:\\\/\\\/aaknives.eu\\\/lt\\\/product\\\/isskirtinis-peilis-poseidon-kaltinis-plienas-sandvik-12c27\\\/#primaryimage\"},\"image\":{\"@id\":\"https:\\\/\\\/aaknives.eu\\\/lt\\\/product\\\/isskirtinis-peilis-poseidon-kaltinis-plienas-sandvik-12c27\\\/#primaryimage\"},\"thumbnailUrl\":\"https:\\\/\\\/aaknives.eu\\\/wp-content\\\/uploads\\\/2024\\\/10\\\/aaknives-hand-forged-damascus-steel-blade-knife-handmade-custom-made-knife-handcrafted-knives-autinetools-northmen-1-88.jpg\",\"datePublished\":\"2024-10-29T02:01:48+00:00\",\"dateModified\":\"2025-07-02T15:37:53+00:00\",\"description\":\"I\u0161skirtinis peilis \\\"POSEIDON\\\" - kaltinis plienas Sandvik 12C27\",\"breadcrumb\":{\"@id\":\"https:\\\/\\\/aaknives.eu\\\/lt\\\/product\\\/isskirtinis-peilis-poseidon-kaltinis-plienas-sandvik-12c27\\\/#breadcrumb\"},\"inLanguage\":\"lt-LT\",\"potentialAction\":[{\"@type\":\"ReadAction\",\"target\":[\"https:\\\/\\\/aaknives.eu\\\/lt\\\/product\\\/isskirtinis-peilis-poseidon-kaltinis-plienas-sandvik-12c27\\\/\"]}]},{\"@type\":\"ImageObject\",\"inLanguage\":\"lt-LT\",\"@id\":\"https:\\\/\\\/aaknives.eu\\\/lt\\\/product\\\/isskirtinis-peilis-poseidon-kaltinis-plienas-sandvik-12c27\\\/#primaryimage\",\"url\":\"https:\\\/\\\/aaknives.eu\\\/wp-content\\\/uploads\\\/2024\\\/10\\\/aaknives-hand-forged-damascus-steel-blade-knife-handmade-custom-made-knife-handcrafted-knives-autinetools-northmen-1-88.jpg\",\"contentUrl\":\"https:\\\/\\\/aaknives.eu\\\/wp-content\\\/uploads\\\/2024\\\/10\\\/aaknives-hand-forged-damascus-steel-blade-knife-handmade-custom-made-knife-handcrafted-knives-autinetools-northmen-1-88.jpg\",\"width\":1020,\"height\":880},{\"@type\":\"BreadcrumbList\",\"@id\":\"https:\\\/\\\/aaknives.eu\\\/lt\\\/product\\\/isskirtinis-peilis-poseidon-kaltinis-plienas-sandvik-12c27\\\/#breadcrumb\",\"itemListElement\":[{\"@type\":\"ListItem\",\"position\":1,\"name\":\"Home\",\"item\":\"https:\\\/\\\/aaknives.eu\\\/lt\\\/\"},{\"@type\":\"ListItem\",\"position\":2,\"name\":\"Parduotuv\u0117\",\"item\":\"https:\\\/\\\/aaknives.eu\\\/parduotuve\\\/\"},{\"@type\":\"ListItem\",\"position\":3,\"name\":\"I\u0161skirtinis peilis &#8220;POSEIDON&#8221; &#8211; kaltinis plienas Sandvik 12C27\"}]},{\"@type\":\"WebSite\",\"@id\":\"https:\\\/\\\/aaknives.eu\\\/lt\\\/#website\",\"url\":\"https:\\\/\\\/aaknives.eu\\\/lt\\\/\",\"name\":\"AAKnives\",\"description\":\"Handmade knives\",\"publisher\":{\"@id\":\"https:\\\/\\\/aaknives.eu\\\/lt\\\/#organization\"},\"potentialAction\":[{\"@type\":\"SearchAction\",\"target\":{\"@type\":\"EntryPoint\",\"urlTemplate\":\"https:\\\/\\\/aaknives.eu\\\/lt\\\/?s={search_term_string}\"},\"query-input\":{\"@type\":\"PropertyValueSpecification\",\"valueRequired\":true,\"valueName\":\"search_term_string\"}}],\"inLanguage\":\"lt-LT\"},{\"@type\":\"Organization\",\"@id\":\"https:\\\/\\\/aaknives.eu\\\/lt\\\/#organization\",\"name\":\"AAKnives\",\"url\":\"https:\\\/\\\/aaknives.eu\\\/lt\\\/\",\"logo\":{\"@type\":\"ImageObject\",\"inLanguage\":\"lt-LT\",\"@id\":\"https:\\\/\\\/aaknives.eu\\\/lt\\\/#\\\/schema\\\/logo\\\/image\\\/\",\"url\":\"https:\\\/\\\/aaknives.eu\\\/wp-content\\\/uploads\\\/2021\\\/10\\\/AAknives_Logo_Green.png\",\"contentUrl\":\"https:\\\/\\\/aaknives.eu\\\/wp-content\\\/uploads\\\/2021\\\/10\\\/AAknives_Logo_Green.png\",\"width\":1768,\"height\":1768,\"caption\":\"AAKnives\"},\"image\":{\"@id\":\"https:\\\/\\\/aaknives.eu\\\/lt\\\/#\\\/schema\\\/logo\\\/image\\\/\"},\"sameAs\":[\"https:\\\/\\\/www.facebook.com\\\/aaknives.eu\\\/\",\"https:\\\/\\\/www.instagram.com\\\/aaknives\\\/\",\"https:\\\/\\\/www.pinterest.com\\\/aa_knives\\\/\",\"https:\\\/\\\/www.youtube.com\\\/channel\\\/UCHOQFjrOkgT6s4FIw9LDKyw\\\/featured\"]}]}<\/script>\n<!-- \/ Yoast SEO plugin. -->","yoast_head_json":{"title":"I\u0161skirtinis peilis \"POSEIDON\" - kaltinis plienas Sandvik 12C27 - AAKnives","description":"I\u0161skirtinis peilis \"POSEIDON\" - kaltinis plienas Sandvik 12C27","robots":{"index":"index","follow":"follow","max-snippet":"max-snippet:-1","max-image-preview":"max-image-preview:large","max-video-preview":"max-video-preview:-1"},"canonical":"https:\/\/aaknives.eu\/lt\/product\/isskirtinis-peilis-poseidon-kaltinis-plienas-sandvik-12c27\/","og_locale":"lt_LT","og_type":"article","og_title":"I\u0161skirtinis peilis \"POSEIDON\" - kaltinis plienas Sandvik 12C27 - AAKnives","og_description":"I\u0161skirtinis peilis \"POSEIDON\" - kaltinis plienas Sandvik 12C27","og_url":"https:\/\/aaknives.eu\/lt\/product\/isskirtinis-peilis-poseidon-kaltinis-plienas-sandvik-12c27\/","og_site_name":"AAKnives","article_publisher":"https:\/\/www.facebook.com\/aaknives.eu\/","article_modified_time":"2025-07-02T15:37:53+00:00","og_image":[{"width":1020,"height":880,"url":"https:\/\/aaknives.eu\/wp-content\/uploads\/2024\/10\/aaknives-hand-forged-damascus-steel-blade-knife-handmade-custom-made-knife-handcrafted-knives-autinetools-northmen-5.2.jpg","type":"image\/jpeg"}],"twitter_card":"summary_large_image","twitter_misc":{"Est. reading time":"1 minut\u0117"},"schema":{"@context":"https:\/\/schema.org","@graph":[{"@type":"WebPage","@id":"https:\/\/aaknives.eu\/lt\/product\/isskirtinis-peilis-poseidon-kaltinis-plienas-sandvik-12c27\/","url":"https:\/\/aaknives.eu\/lt\/product\/isskirtinis-peilis-poseidon-kaltinis-plienas-sandvik-12c27\/","name":"I\u0161skirtinis peilis \"POSEIDON\" - kaltinis plienas Sandvik 12C27 - AAKnives","isPartOf":{"@id":"https:\/\/aaknives.eu\/lt\/#website"},"primaryImageOfPage":{"@id":"https:\/\/aaknives.eu\/lt\/product\/isskirtinis-peilis-poseidon-kaltinis-plienas-sandvik-12c27\/#primaryimage"},"image":{"@id":"https:\/\/aaknives.eu\/lt\/product\/isskirtinis-peilis-poseidon-kaltinis-plienas-sandvik-12c27\/#primaryimage"},"thumbnailUrl":"https:\/\/aaknives.eu\/wp-content\/uploads\/2024\/10\/aaknives-hand-forged-damascus-steel-blade-knife-handmade-custom-made-knife-handcrafted-knives-autinetools-northmen-1-88.jpg","datePublished":"2024-10-29T02:01:48+00:00","dateModified":"2025-07-02T15:37:53+00:00","description":"I\u0161skirtinis peilis \"POSEIDON\" - kaltinis plienas Sandvik 12C27","breadcrumb":{"@id":"https:\/\/aaknives.eu\/lt\/product\/isskirtinis-peilis-poseidon-kaltinis-plienas-sandvik-12c27\/#breadcrumb"},"inLanguage":"lt-LT","potentialAction":[{"@type":"ReadAction","target":["https:\/\/aaknives.eu\/lt\/product\/isskirtinis-peilis-poseidon-kaltinis-plienas-sandvik-12c27\/"]}]},{"@type":"ImageObject","inLanguage":"lt-LT","@id":"https:\/\/aaknives.eu\/lt\/product\/isskirtinis-peilis-poseidon-kaltinis-plienas-sandvik-12c27\/#primaryimage","url":"https:\/\/aaknives.eu\/wp-content\/uploads\/2024\/10\/aaknives-hand-forged-damascus-steel-blade-knife-handmade-custom-made-knife-handcrafted-knives-autinetools-northmen-1-88.jpg","contentUrl":"https:\/\/aaknives.eu\/wp-content\/uploads\/2024\/10\/aaknives-hand-forged-damascus-steel-blade-knife-handmade-custom-made-knife-handcrafted-knives-autinetools-northmen-1-88.jpg","width":1020,"height":880},{"@type":"BreadcrumbList","@id":"https:\/\/aaknives.eu\/lt\/product\/isskirtinis-peilis-poseidon-kaltinis-plienas-sandvik-12c27\/#breadcrumb","itemListElement":[{"@type":"ListItem","position":1,"name":"Home","item":"https:\/\/aaknives.eu\/lt\/"},{"@type":"ListItem","position":2,"name":"Parduotuv\u0117","item":"https:\/\/aaknives.eu\/parduotuve\/"},{"@type":"ListItem","position":3,"name":"I\u0161skirtinis peilis &#8220;POSEIDON&#8221; &#8211; kaltinis plienas Sandvik 12C27"}]},{"@type":"WebSite","@id":"https:\/\/aaknives.eu\/lt\/#website","url":"https:\/\/aaknives.eu\/lt\/","name":"AAKnives","description":"Handmade knives","publisher":{"@id":"https:\/\/aaknives.eu\/lt\/#organization"},"potentialAction":[{"@type":"SearchAction","target":{"@type":"EntryPoint","urlTemplate":"https:\/\/aaknives.eu\/lt\/?s={search_term_string}"},"query-input":{"@type":"PropertyValueSpecification","valueRequired":true,"valueName":"search_term_string"}}],"inLanguage":"lt-LT"},{"@type":"Organization","@id":"https:\/\/aaknives.eu\/lt\/#organization","name":"AAKnives","url":"https:\/\/aaknives.eu\/lt\/","logo":{"@type":"ImageObject","inLanguage":"lt-LT","@id":"https:\/\/aaknives.eu\/lt\/#\/schema\/logo\/image\/","url":"https:\/\/aaknives.eu\/wp-content\/uploads\/2021\/10\/AAknives_Logo_Green.png","contentUrl":"https:\/\/aaknives.eu\/wp-content\/uploads\/2021\/10\/AAknives_Logo_Green.png","width":1768,"height":1768,"caption":"AAKnives"},"image":{"@id":"https:\/\/aaknives.eu\/lt\/#\/schema\/logo\/image\/"},"sameAs":["https:\/\/www.facebook.com\/aaknives.eu\/","https:\/\/www.instagram.com\/aaknives\/","https:\/\/www.pinterest.com\/aa_knives\/","https:\/\/www.youtube.com\/channel\/UCHOQFjrOkgT6s4FIw9LDKyw\/featured"]}]}},"_links":{"self":[{"href":"https:\/\/aaknives.eu\/lt\/wp-json\/wp\/v2\/product\/89806","targetHints":{"allow":["GET"]}}],"collection":[{"href":"https:\/\/aaknives.eu\/lt\/wp-json\/wp\/v2\/product"}],"about":[{"href":"https:\/\/aaknives.eu\/lt\/wp-json\/wp\/v2\/types\/product"}],"wp:featuredmedia":[{"embeddable":true,"href":"https:\/\/aaknives.eu\/lt\/wp-json\/wp\/v2\/media\/105764"}],"wp:attachment":[{"href":"https:\/\/aaknives.eu\/lt\/wp-json\/wp\/v2\/media?parent=89806"}],"wp:term":[{"taxonomy":"product_brand","embeddable":true,"href":"https:\/\/aaknives.eu\/lt\/wp-json\/wp\/v2\/product_brand?post=89806"},{"taxonomy":"product_cat","embeddable":true,"href":"https:\/\/aaknives.eu\/lt\/wp-json\/wp\/v2\/product_cat?post=89806"},{"taxonomy":"product_tag","embeddable":true,"href":"https:\/\/aaknives.eu\/lt\/wp-json\/wp\/v2\/product_tag?post=89806"}],"curies":[{"name":"wp","href":"https:\/\/api.w.org\/{rel}","templated":true}]}}