{"id":89818,"date":"2024-10-29T02:00:56","date_gmt":"2024-10-29T02:00:56","guid":{"rendered":"https:\/\/aaknives.eu\/?post_type=product&#038;p=89818"},"modified":"2025-10-30T09:40:51","modified_gmt":"2025-10-30T09:40:51","slug":"pioneer","status":"publish","type":"product","link":"https:\/\/aaknives.eu\/lt\/product\/pioneer\/","title":{"rendered":"Pioneer"},"content":{"rendered":"<p>TSPROF Pioneer peili\u0173 galandimo sistema yra patikimas ir prakti\u0161kas pagalbininkas galandant peilius namuose. Lengvas valdymas ir intuityvus element\u0173 i\u0161d\u0117stymas jame derinami su stilinga i\u0161vaizda:<br \/>\nUniversal\u016bs segtukai leid\u017eia pagal\u0105sti sulankstomus, virtuvinius, kelioninius peilius ir daugiafunkcinius \u012frankius. Priklausomai nuo a\u0161men\u0173 dyd\u017eio, spaustukus galima perkelti r\u0117mo ply\u0161iuose.<br \/>\nTSPROF Pioneer gal\u0105stuvo sukamasis mechanizmas padeda i\u0161laikyti vienod\u0105 galandimo kamp\u0105 abiejose peilio pus\u0117se. Atver\u010diama svirtis, nusta\u010dius reikiam\u0105 kamp\u0105, leid\u017eia saugiai pritvirtinti sukamojo bloko tvirtinim\u0105.<br \/>\nKampo reguliavimo a\u0161is skland\u017eiai juda r\u0117mo, frezuoto i\u0161 aviacinio aliuminio lydinio, viduje. Guminio \u017eiedo pagalba galite lengvai sekti ir kompensuoti galandimo kampo pokyt\u012f dirbant su \u012fvairaus storio abrazyvais.<br \/>\nPlienin\u0117s platformos d\u0117ka galima dirbti su Axicube One elektroniniu goniometru (P2 re\u017eimu) ir kitais elektroniniais goniometrais su magnetiniu pagrindu.<br \/>\nAbrazyvinis laikiklis skirtas standartiniams abrazyviniams akmenims, kuri\u0173 ilgis 150 mm, ant formos. Spyruoklinis laikiklio atrama pad\u0117s greitai pakeisti abrazyv\u0105.<br \/>\nKad b\u016bt\u0173 patogiau sukti peil\u012f, keisti \u0161lifavimo med\u017eiag\u0105 ir vizualiai kontroliuoti akmens grynum\u0105, numatyta abrazyvinio laikiklio stov\u0117jimo aik\u0161tel\u0117.<br \/>\nMedin\u0117 rutulin\u0117 rankena patogiai telpa rankoje, kad b\u016bt\u0173 galima geriau valdyti abrazyvo judesius.<br \/>\nAbrazyvinis sm\u016bgio ribotuvas su slopintuvu neleid\u017eia abrazyviniam akmeniui nupl\u0117\u0161ti nuo peilio.<br \/>\nSand\u0117liavimo patogumui numatyta nuimti \u012frenginio r\u0117m\u0105, taip pat sulankstyti d\u0117kl\u0105.<br \/>\nPagrindo matmenys sulenkus: 11\u00d712 \u00d7 3,5 cm.<br \/>\nTSPROF Pioneer sveria tik 1,4 kg \u2013 tai lengviausias i\u0161 m\u016bs\u0173 galandimo prietais\u0173. Pritvirtinti prie stalo naudojamas spaustukas (tiekiamas kaip komplektas). Vieninga baz\u0117 leid\u017eia montuoti sistemas K03 profilio stove.<br \/>\nGalandimo peiliai ant TSPROF Pioneer yra patog\u016bs tiek kairiarankiams, tiek de\u0161iniarankiams, visus \u012frenginio elementus galima pad\u0117ti po kaire arba po de\u0161ine.<\/p>\n","protected":false},"excerpt":{"rendered":"<p>TSPROF Pioneer peili\u0173 galandimo sistema yra patikimas ir prakti\u0161kas pagalbininkas galandant peilius namuose. Lengvas valdymas ir intuityvus element\u0173 i\u0161d\u0117stymas jame derinami su stilinga i\u0161vaizda: Universal\u016bs segtukai leid\u017eia pagal\u0105sti sulankstomus, virtuvinius, kelioninius peilius ir daugiafunkcinius \u012frankius. Priklausomai nuo a\u0161men\u0173 dyd\u017eio, spaustukus galima perkelti r\u0117mo ply\u0161iuose. TSPROF Pioneer gal\u0105stuvo sukamasis mechanizmas padeda i\u0161laikyti vienod\u0105 galandimo kamp\u0105 abiejose peilio pus\u0117se. Atver\u010diama svirtis, nusta\u010dius reikiam\u0105 kamp\u0105, leid\u017eia saugiai pritvirtinti sukamojo bloko tvirtinim\u0105. Kampo reguliavimo a\u0161is skland\u017eiai juda r\u0117mo, frezuoto i\u0161 aviacinio aliuminio lydinio, viduje. Guminio \u017eiedo pagalba galite lengvai sekti ir kompensuoti galandimo kampo pokyt\u012f dirbant su \u012fvairaus storio abrazyvais. Plienin\u0117s platformos d\u0117ka galima&hellip;<\/p>\n","protected":false},"featured_media":94968,"template":"","meta":{"_themeisle_gutenberg_block_has_review":false},"product_brand":[],"product_cat":[377,375],"product_tag":[],"class_list":{"0":"post-89818","1":"product","2":"type-product","3":"status-publish","4":"has-post-thumbnail","6":"product_cat-pardavimas","7":"product_cat-peiliu-galandinimas-peiliu-galastuvai","9":"first","10":"instock","11":"sale","12":"shipping-taxable","13":"purchasable","14":"product-type-simple"},"yoast_head":"<!-- This site is optimized with the Yoast SEO plugin v27.5 - https:\/\/yoast.com\/product\/yoast-seo-wordpress\/ -->\n<title>Pioneer - AAKnives<\/title>\n<meta name=\"description\" content=\"TSPROF Pioneer peili\u0173 galandimo sistema\" \/>\n<meta name=\"robots\" content=\"index, follow, max-snippet:-1, max-image-preview:large, max-video-preview:-1\" \/>\n<link rel=\"canonical\" href=\"https:\/\/aaknives.eu\/lt\/product\/pioneer\/\" \/>\n<meta property=\"og:locale\" content=\"lt_LT\" \/>\n<meta property=\"og:type\" content=\"article\" \/>\n<meta property=\"og:title\" content=\"Pioneer - AAKnives\" \/>\n<meta property=\"og:description\" content=\"TSPROF Pioneer peili\u0173 galandimo sistema\" \/>\n<meta property=\"og:url\" content=\"https:\/\/aaknives.eu\/lt\/product\/pioneer\/\" \/>\n<meta property=\"og:site_name\" content=\"AAKnives\" \/>\n<meta property=\"article:publisher\" content=\"https:\/\/www.facebook.com\/aaknives.eu\/\" \/>\n<meta property=\"article:modified_time\" content=\"2025-10-30T09:40:51+00:00\" \/>\n<meta property=\"og:image\" content=\"https:\/\/aaknives.eu\/wp-content\/uploads\/2024\/10\/aaknives-hand-forged-dabascus-steel-blade-knife-handmade-custom-made-knife-handcrafted-knives-autinetools-northmen-71.webp\" \/>\n\t<meta property=\"og:image:width\" content=\"1680\" \/>\n\t<meta property=\"og:image:height\" content=\"1680\" \/>\n\t<meta property=\"og:image:type\" content=\"image\/webp\" \/>\n<meta name=\"twitter:card\" content=\"summary_large_image\" \/>\n<meta name=\"twitter:label1\" content=\"Est. reading time\" \/>\n\t<meta name=\"twitter:data1\" content=\"1 minut\u0117\" \/>\n<script type=\"application\/ld+json\" class=\"yoast-schema-graph\">{\"@context\":\"https:\\\/\\\/schema.org\",\"@graph\":[{\"@type\":\"WebPage\",\"@id\":\"https:\\\/\\\/aaknives.eu\\\/lt\\\/product\\\/pioneer\\\/\",\"url\":\"https:\\\/\\\/aaknives.eu\\\/lt\\\/product\\\/pioneer\\\/\",\"name\":\"Pioneer - AAKnives\",\"isPartOf\":{\"@id\":\"https:\\\/\\\/aaknives.eu\\\/lt\\\/#website\"},\"primaryImageOfPage\":{\"@id\":\"https:\\\/\\\/aaknives.eu\\\/lt\\\/product\\\/pioneer\\\/#primaryimage\"},\"image\":{\"@id\":\"https:\\\/\\\/aaknives.eu\\\/lt\\\/product\\\/pioneer\\\/#primaryimage\"},\"thumbnailUrl\":\"https:\\\/\\\/aaknives.eu\\\/wp-content\\\/uploads\\\/2024\\\/10\\\/aaknives-hand-forged-dabascus-steel-blade-knife-handmade-custom-made-knife-handcrafted-knives-autinetools-northmen-71.webp\",\"datePublished\":\"2024-10-29T02:00:56+00:00\",\"dateModified\":\"2025-10-30T09:40:51+00:00\",\"description\":\"TSPROF Pioneer peili\u0173 galandimo sistema\",\"breadcrumb\":{\"@id\":\"https:\\\/\\\/aaknives.eu\\\/lt\\\/product\\\/pioneer\\\/#breadcrumb\"},\"inLanguage\":\"lt-LT\",\"potentialAction\":[{\"@type\":\"ReadAction\",\"target\":[\"https:\\\/\\\/aaknives.eu\\\/lt\\\/product\\\/pioneer\\\/\"]}]},{\"@type\":\"ImageObject\",\"inLanguage\":\"lt-LT\",\"@id\":\"https:\\\/\\\/aaknives.eu\\\/lt\\\/product\\\/pioneer\\\/#primaryimage\",\"url\":\"https:\\\/\\\/aaknives.eu\\\/wp-content\\\/uploads\\\/2024\\\/10\\\/aaknives-hand-forged-dabascus-steel-blade-knife-handmade-custom-made-knife-handcrafted-knives-autinetools-northmen-71.webp\",\"contentUrl\":\"https:\\\/\\\/aaknives.eu\\\/wp-content\\\/uploads\\\/2024\\\/10\\\/aaknives-hand-forged-dabascus-steel-blade-knife-handmade-custom-made-knife-handcrafted-knives-autinetools-northmen-71.webp\",\"width\":1680,\"height\":1680},{\"@type\":\"BreadcrumbList\",\"@id\":\"https:\\\/\\\/aaknives.eu\\\/lt\\\/product\\\/pioneer\\\/#breadcrumb\",\"itemListElement\":[{\"@type\":\"ListItem\",\"position\":1,\"name\":\"Home\",\"item\":\"https:\\\/\\\/aaknives.eu\\\/lt\\\/\"},{\"@type\":\"ListItem\",\"position\":2,\"name\":\"Parduotuv\u0117\",\"item\":\"https:\\\/\\\/aaknives.eu\\\/parduotuve\\\/\"},{\"@type\":\"ListItem\",\"position\":3,\"name\":\"Pioneer\"}]},{\"@type\":\"WebSite\",\"@id\":\"https:\\\/\\\/aaknives.eu\\\/lt\\\/#website\",\"url\":\"https:\\\/\\\/aaknives.eu\\\/lt\\\/\",\"name\":\"AAKnives\",\"description\":\"Handmade knives\",\"publisher\":{\"@id\":\"https:\\\/\\\/aaknives.eu\\\/lt\\\/#organization\"},\"alternateName\":\"Anri Ananin Knives\",\"potentialAction\":[{\"@type\":\"SearchAction\",\"target\":{\"@type\":\"EntryPoint\",\"urlTemplate\":\"https:\\\/\\\/aaknives.eu\\\/lt\\\/?s={search_term_string}\"},\"query-input\":{\"@type\":\"PropertyValueSpecification\",\"valueRequired\":true,\"valueName\":\"search_term_string\"}}],\"inLanguage\":\"lt-LT\"},{\"@type\":\"Organization\",\"@id\":\"https:\\\/\\\/aaknives.eu\\\/lt\\\/#organization\",\"name\":\"AAKnives\",\"url\":\"https:\\\/\\\/aaknives.eu\\\/lt\\\/\",\"logo\":{\"@type\":\"ImageObject\",\"inLanguage\":\"lt-LT\",\"@id\":\"https:\\\/\\\/aaknives.eu\\\/lt\\\/#\\\/schema\\\/logo\\\/image\\\/\",\"url\":\"https:\\\/\\\/aaknives.eu\\\/wp-content\\\/uploads\\\/2021\\\/10\\\/AAknives_Logo_Green.png\",\"contentUrl\":\"https:\\\/\\\/aaknives.eu\\\/wp-content\\\/uploads\\\/2021\\\/10\\\/AAknives_Logo_Green.png\",\"width\":1768,\"height\":1768,\"caption\":\"AAKnives\"},\"image\":{\"@id\":\"https:\\\/\\\/aaknives.eu\\\/lt\\\/#\\\/schema\\\/logo\\\/image\\\/\"},\"sameAs\":[\"https:\\\/\\\/www.facebook.com\\\/aaknives.eu\\\/\",\"https:\\\/\\\/www.instagram.com\\\/aaknives\\\/\",\"https:\\\/\\\/www.pinterest.com\\\/aa_knives\\\/\",\"https:\\\/\\\/www.youtube.com\\\/@aaknives9518\"]}]}<\/script>\n<!-- \/ Yoast SEO plugin. -->","yoast_head_json":{"title":"Pioneer - AAKnives","description":"TSPROF Pioneer peili\u0173 galandimo sistema","robots":{"index":"index","follow":"follow","max-snippet":"max-snippet:-1","max-image-preview":"max-image-preview:large","max-video-preview":"max-video-preview:-1"},"canonical":"https:\/\/aaknives.eu\/lt\/product\/pioneer\/","og_locale":"lt_LT","og_type":"article","og_title":"Pioneer - AAKnives","og_description":"TSPROF Pioneer peili\u0173 galandimo sistema","og_url":"https:\/\/aaknives.eu\/lt\/product\/pioneer\/","og_site_name":"AAKnives","article_publisher":"https:\/\/www.facebook.com\/aaknives.eu\/","article_modified_time":"2025-10-30T09:40:51+00:00","og_image":[{"width":1680,"height":1680,"url":"https:\/\/aaknives.eu\/wp-content\/uploads\/2024\/10\/aaknives-hand-forged-dabascus-steel-blade-knife-handmade-custom-made-knife-handcrafted-knives-autinetools-northmen-71.webp","type":"image\/webp"}],"twitter_card":"summary_large_image","twitter_misc":{"Est. reading time":"1 minut\u0117"},"schema":{"@context":"https:\/\/schema.org","@graph":[{"@type":"WebPage","@id":"https:\/\/aaknives.eu\/lt\/product\/pioneer\/","url":"https:\/\/aaknives.eu\/lt\/product\/pioneer\/","name":"Pioneer - AAKnives","isPartOf":{"@id":"https:\/\/aaknives.eu\/lt\/#website"},"primaryImageOfPage":{"@id":"https:\/\/aaknives.eu\/lt\/product\/pioneer\/#primaryimage"},"image":{"@id":"https:\/\/aaknives.eu\/lt\/product\/pioneer\/#primaryimage"},"thumbnailUrl":"https:\/\/aaknives.eu\/wp-content\/uploads\/2024\/10\/aaknives-hand-forged-dabascus-steel-blade-knife-handmade-custom-made-knife-handcrafted-knives-autinetools-northmen-71.webp","datePublished":"2024-10-29T02:00:56+00:00","dateModified":"2025-10-30T09:40:51+00:00","description":"TSPROF Pioneer peili\u0173 galandimo sistema","breadcrumb":{"@id":"https:\/\/aaknives.eu\/lt\/product\/pioneer\/#breadcrumb"},"inLanguage":"lt-LT","potentialAction":[{"@type":"ReadAction","target":["https:\/\/aaknives.eu\/lt\/product\/pioneer\/"]}]},{"@type":"ImageObject","inLanguage":"lt-LT","@id":"https:\/\/aaknives.eu\/lt\/product\/pioneer\/#primaryimage","url":"https:\/\/aaknives.eu\/wp-content\/uploads\/2024\/10\/aaknives-hand-forged-dabascus-steel-blade-knife-handmade-custom-made-knife-handcrafted-knives-autinetools-northmen-71.webp","contentUrl":"https:\/\/aaknives.eu\/wp-content\/uploads\/2024\/10\/aaknives-hand-forged-dabascus-steel-blade-knife-handmade-custom-made-knife-handcrafted-knives-autinetools-northmen-71.webp","width":1680,"height":1680},{"@type":"BreadcrumbList","@id":"https:\/\/aaknives.eu\/lt\/product\/pioneer\/#breadcrumb","itemListElement":[{"@type":"ListItem","position":1,"name":"Home","item":"https:\/\/aaknives.eu\/lt\/"},{"@type":"ListItem","position":2,"name":"Parduotuv\u0117","item":"https:\/\/aaknives.eu\/parduotuve\/"},{"@type":"ListItem","position":3,"name":"Pioneer"}]},{"@type":"WebSite","@id":"https:\/\/aaknives.eu\/lt\/#website","url":"https:\/\/aaknives.eu\/lt\/","name":"AAKnives","description":"Handmade knives","publisher":{"@id":"https:\/\/aaknives.eu\/lt\/#organization"},"alternateName":"Anri Ananin Knives","potentialAction":[{"@type":"SearchAction","target":{"@type":"EntryPoint","urlTemplate":"https:\/\/aaknives.eu\/lt\/?s={search_term_string}"},"query-input":{"@type":"PropertyValueSpecification","valueRequired":true,"valueName":"search_term_string"}}],"inLanguage":"lt-LT"},{"@type":"Organization","@id":"https:\/\/aaknives.eu\/lt\/#organization","name":"AAKnives","url":"https:\/\/aaknives.eu\/lt\/","logo":{"@type":"ImageObject","inLanguage":"lt-LT","@id":"https:\/\/aaknives.eu\/lt\/#\/schema\/logo\/image\/","url":"https:\/\/aaknives.eu\/wp-content\/uploads\/2021\/10\/AAknives_Logo_Green.png","contentUrl":"https:\/\/aaknives.eu\/wp-content\/uploads\/2021\/10\/AAknives_Logo_Green.png","width":1768,"height":1768,"caption":"AAKnives"},"image":{"@id":"https:\/\/aaknives.eu\/lt\/#\/schema\/logo\/image\/"},"sameAs":["https:\/\/www.facebook.com\/aaknives.eu\/","https:\/\/www.instagram.com\/aaknives\/","https:\/\/www.pinterest.com\/aa_knives\/","https:\/\/www.youtube.com\/@aaknives9518"]}]}},"_links":{"self":[{"href":"https:\/\/aaknives.eu\/lt\/wp-json\/wp\/v2\/product\/89818","targetHints":{"allow":["GET"]}}],"collection":[{"href":"https:\/\/aaknives.eu\/lt\/wp-json\/wp\/v2\/product"}],"about":[{"href":"https:\/\/aaknives.eu\/lt\/wp-json\/wp\/v2\/types\/product"}],"wp:featuredmedia":[{"embeddable":true,"href":"https:\/\/aaknives.eu\/lt\/wp-json\/wp\/v2\/media\/94968"}],"wp:attachment":[{"href":"https:\/\/aaknives.eu\/lt\/wp-json\/wp\/v2\/media?parent=89818"}],"wp:term":[{"taxonomy":"product_brand","embeddable":true,"href":"https:\/\/aaknives.eu\/lt\/wp-json\/wp\/v2\/product_brand?post=89818"},{"taxonomy":"product_cat","embeddable":true,"href":"https:\/\/aaknives.eu\/lt\/wp-json\/wp\/v2\/product_cat?post=89818"},{"taxonomy":"product_tag","embeddable":true,"href":"https:\/\/aaknives.eu\/lt\/wp-json\/wp\/v2\/product_tag?post=89818"}],"curies":[{"name":"wp","href":"https:\/\/api.w.org\/{rel}","templated":true}]}}