{"id":89843,"date":"2024-10-29T01:59:13","date_gmt":"2024-10-29T01:59:13","guid":{"rendered":"https:\/\/aaknives.eu\/?post_type=product&#038;p=89843"},"modified":"2024-10-29T03:00:00","modified_gmt":"2024-10-29T03:00:00","slug":"peiliu-galandinimo-sistema-tsprof-kadet-expert","status":"publish","type":"product","link":"https:\/\/aaknives.eu\/lt\/product\/peiliu-galandinimo-sistema-tsprof-kadet-expert\/","title":{"rendered":"Peili\u0173 galandinimo sistema TSPROF\u00ae Kadet Expert"},"content":{"rendered":"<p>&#8220;TSPROF\u00ae Kadet Expert&#8221; peili\u0173 galandinimo sistema yra puiki peili\u0173 galandinimo sistema j\u016bs\u0173 namams. Universal\u016bs spaustuvai leid\u017eia gal\u0105sti kompakti\u0161kus sulankstomus peilius ir tvirtus med\u017eioklinius peilius.<\/p>\n<p>&#8220;TSPROF\u00ae Kadet Expert&#8221; turi visk\u0105, kas reikalinga auk\u0161\u010diausios kokyb\u0117s galandimui: peili\u0173 sukimosi mechanizm\u0105, galimyb\u0119 nustatyti bet kok\u012f kamp\u0105 nuo 8,5\u00b0 iki 28,5\u00b0, stand\u017ei\u0105 konstrukcij\u0105 ir absoliut\u0173 tikslum\u0105 kiekvienoje detal\u0117je.<\/p>\n<p>Peili\u0173 gal\u0105stuv\u0105 &#8220;TSPROF\u00ae Kadet Expert&#8221; d\u0117l gerai apgalvotos sistemos galima pasiimti su savimi bet kur, nes pagrindiniai prietaiso blokai yra i\u0161ardomi ir juos galima kompakti\u0161kai \u012fd\u0117ti \u012f kuprin\u0119, stalin\u012f kompiuter\u012f.<\/p>\n<p>Kartu su prietaisu pateikiamas 4 mm L formos \u0161e\u0161iakampis ver\u017eliaraktis spaustukams ir 1,5 mm L formos \u0161e\u0161iakampis ver\u017eliaraktis ilgiui reguliuoti.<\/p>\n<p>Peilio storis: iki 7 mm<\/p>\n<p>Peilio a\u0161men\u0173 ilgis: iki 300 mm<\/p>\n<p>Peilio a\u0161men\u0173 plotis: iki 40 mm<\/p>\n<p>Ma\u017eiausias a\u0161trinimo kampas: 8,5 \u00b0<\/p>\n<p>Did\u017eiausias galandinimo kampas: 28,5 \u00b0<\/p>\n<p>Suderinama su abrazyvo ilgiais: nuo 10 iki 160 mm<\/p>\n<p>Suderinamas su abrazyvais, kuri\u0173 storis nuo 3 iki 15 mm<\/p>\n<p>Svoris: 1900 g<\/p>\n<p>&nbsp;<\/p>\n<p>&nbsp;<\/p>\n<p>&nbsp;<\/p>\n<p>&nbsp;<\/p>\n<p>&nbsp;<\/p>\n","protected":false},"excerpt":{"rendered":"<p>&#8220;TSPROF\u00ae Kadet Expert&#8221; peili\u0173 galandinimo sistema yra puiki peili\u0173 galandinimo sistema j\u016bs\u0173 namams. Universal\u016bs spaustuvai leid\u017eia gal\u0105sti kompakti\u0161kus sulankstomus peilius ir tvirtus med\u017eioklinius peilius. &#8220;TSPROF\u00ae Kadet Expert&#8221; turi visk\u0105, kas reikalinga auk\u0161\u010diausios kokyb\u0117s galandimui: peili\u0173 sukimosi mechanizm\u0105, galimyb\u0119 nustatyti bet kok\u012f kamp\u0105 nuo 8,5\u00b0 iki 28,5\u00b0, stand\u017ei\u0105 konstrukcij\u0105 ir absoliut\u0173 tikslum\u0105 kiekvienoje detal\u0117je. Peili\u0173 gal\u0105stuv\u0105 &#8220;TSPROF\u00ae Kadet Expert&#8221; d\u0117l gerai apgalvotos sistemos galima pasiimti su savimi bet kur, nes pagrindiniai prietaiso blokai yra i\u0161ardomi ir juos galima kompakti\u0161kai \u012fd\u0117ti \u012f kuprin\u0119, stalin\u012f kompiuter\u012f. Kartu su prietaisu pateikiamas 4 mm L formos \u0161e\u0161iakampis ver\u017eliaraktis spaustukams ir 1,5 mm L formos \u0161e\u0161iakampis&hellip;<\/p>\n","protected":false},"featured_media":94910,"template":"","meta":{"_themeisle_gutenberg_block_has_review":false},"product_brand":[],"product_cat":[377,375],"product_tag":[],"class_list":{"0":"post-89843","1":"product","2":"type-product","3":"status-publish","4":"has-post-thumbnail","6":"product_cat-pardavimas","7":"product_cat-peiliu-galandinimas-peiliu-galastuvai","9":"first","10":"instock","11":"sale","12":"shipping-taxable","13":"purchasable","14":"product-type-simple"},"yoast_head":"<!-- This site is optimized with the Yoast SEO plugin v27.5 - https:\/\/yoast.com\/product\/yoast-seo-wordpress\/ -->\n<title>Peili\u0173 galandinimo sistema TSPROF\u00ae Kadet Expert - AAKnives<\/title>\n<meta name=\"description\" content=\"Peili\u0173 galandinimo sistema TSPROF\u00ae Kadet Expert\" \/>\n<meta name=\"robots\" content=\"index, follow, max-snippet:-1, max-image-preview:large, max-video-preview:-1\" \/>\n<link rel=\"canonical\" href=\"https:\/\/aaknives.eu\/lt\/product\/peiliu-galandinimo-sistema-tsprof-kadet-expert\/\" \/>\n<meta property=\"og:locale\" content=\"lt_LT\" \/>\n<meta property=\"og:type\" content=\"article\" \/>\n<meta property=\"og:title\" content=\"Peili\u0173 galandinimo sistema TSPROF\u00ae Kadet Expert - AAKnives\" \/>\n<meta property=\"og:description\" content=\"Peili\u0173 galandinimo sistema TSPROF\u00ae Kadet Expert\" \/>\n<meta property=\"og:url\" content=\"https:\/\/aaknives.eu\/lt\/product\/peiliu-galandinimo-sistema-tsprof-kadet-expert\/\" \/>\n<meta property=\"og:site_name\" content=\"AAKnives\" \/>\n<meta property=\"article:publisher\" content=\"https:\/\/www.facebook.com\/aaknives.eu\/\" \/>\n<meta property=\"article:modified_time\" content=\"2024-10-29T03:00:00+00:00\" \/>\n<meta property=\"og:image\" content=\"https:\/\/aaknives.eu\/wp-content\/uploads\/2024\/10\/aaknives-hand-forged-damascus-steel-blade-knife-handmade-custom-made-knife-handcrafted-knives-autinetools-northmen-n695-2-10-3.jpg\" \/>\n\t<meta property=\"og:image:width\" content=\"600\" \/>\n\t<meta property=\"og:image:height\" content=\"600\" \/>\n\t<meta property=\"og:image:type\" content=\"image\/jpeg\" \/>\n<meta name=\"twitter:card\" content=\"summary_large_image\" \/>\n<meta name=\"twitter:label1\" content=\"Est. reading time\" \/>\n\t<meta name=\"twitter:data1\" content=\"1 minut\u0117\" \/>\n<script type=\"application\/ld+json\" class=\"yoast-schema-graph\">{\"@context\":\"https:\\\/\\\/schema.org\",\"@graph\":[{\"@type\":\"WebPage\",\"@id\":\"https:\\\/\\\/aaknives.eu\\\/lt\\\/product\\\/peiliu-galandinimo-sistema-tsprof-kadet-expert\\\/\",\"url\":\"https:\\\/\\\/aaknives.eu\\\/lt\\\/product\\\/peiliu-galandinimo-sistema-tsprof-kadet-expert\\\/\",\"name\":\"Peili\u0173 galandinimo sistema TSPROF\u00ae Kadet Expert - AAKnives\",\"isPartOf\":{\"@id\":\"https:\\\/\\\/aaknives.eu\\\/lt\\\/#website\"},\"primaryImageOfPage\":{\"@id\":\"https:\\\/\\\/aaknives.eu\\\/lt\\\/product\\\/peiliu-galandinimo-sistema-tsprof-kadet-expert\\\/#primaryimage\"},\"image\":{\"@id\":\"https:\\\/\\\/aaknives.eu\\\/lt\\\/product\\\/peiliu-galandinimo-sistema-tsprof-kadet-expert\\\/#primaryimage\"},\"thumbnailUrl\":\"https:\\\/\\\/aaknives.eu\\\/wp-content\\\/uploads\\\/2024\\\/10\\\/aaknives-hand-forged-dabascus-steel-blade-knife-handmade-custom-made-knife-handcrafted-knives-autinetools-northmen-51.webp\",\"datePublished\":\"2024-10-29T01:59:13+00:00\",\"dateModified\":\"2024-10-29T03:00:00+00:00\",\"description\":\"Peili\u0173 galandinimo sistema TSPROF\u00ae Kadet Expert\",\"breadcrumb\":{\"@id\":\"https:\\\/\\\/aaknives.eu\\\/lt\\\/product\\\/peiliu-galandinimo-sistema-tsprof-kadet-expert\\\/#breadcrumb\"},\"inLanguage\":\"lt-LT\",\"potentialAction\":[{\"@type\":\"ReadAction\",\"target\":[\"https:\\\/\\\/aaknives.eu\\\/lt\\\/product\\\/peiliu-galandinimo-sistema-tsprof-kadet-expert\\\/\"]}]},{\"@type\":\"ImageObject\",\"inLanguage\":\"lt-LT\",\"@id\":\"https:\\\/\\\/aaknives.eu\\\/lt\\\/product\\\/peiliu-galandinimo-sistema-tsprof-kadet-expert\\\/#primaryimage\",\"url\":\"https:\\\/\\\/aaknives.eu\\\/wp-content\\\/uploads\\\/2024\\\/10\\\/aaknives-hand-forged-dabascus-steel-blade-knife-handmade-custom-made-knife-handcrafted-knives-autinetools-northmen-51.webp\",\"contentUrl\":\"https:\\\/\\\/aaknives.eu\\\/wp-content\\\/uploads\\\/2024\\\/10\\\/aaknives-hand-forged-dabascus-steel-blade-knife-handmade-custom-made-knife-handcrafted-knives-autinetools-northmen-51.webp\",\"width\":1000,\"height\":1000},{\"@type\":\"BreadcrumbList\",\"@id\":\"https:\\\/\\\/aaknives.eu\\\/lt\\\/product\\\/peiliu-galandinimo-sistema-tsprof-kadet-expert\\\/#breadcrumb\",\"itemListElement\":[{\"@type\":\"ListItem\",\"position\":1,\"name\":\"Home\",\"item\":\"https:\\\/\\\/aaknives.eu\\\/lt\\\/\"},{\"@type\":\"ListItem\",\"position\":2,\"name\":\"Parduotuv\u0117\",\"item\":\"https:\\\/\\\/aaknives.eu\\\/parduotuve\\\/\"},{\"@type\":\"ListItem\",\"position\":3,\"name\":\"Peili\u0173 galandinimo sistema TSPROF\u00ae Kadet Expert\"}]},{\"@type\":\"WebSite\",\"@id\":\"https:\\\/\\\/aaknives.eu\\\/lt\\\/#website\",\"url\":\"https:\\\/\\\/aaknives.eu\\\/lt\\\/\",\"name\":\"AAKnives\",\"description\":\"Handmade knives\",\"publisher\":{\"@id\":\"https:\\\/\\\/aaknives.eu\\\/lt\\\/#organization\"},\"potentialAction\":[{\"@type\":\"SearchAction\",\"target\":{\"@type\":\"EntryPoint\",\"urlTemplate\":\"https:\\\/\\\/aaknives.eu\\\/lt\\\/?s={search_term_string}\"},\"query-input\":{\"@type\":\"PropertyValueSpecification\",\"valueRequired\":true,\"valueName\":\"search_term_string\"}}],\"inLanguage\":\"lt-LT\"},{\"@type\":\"Organization\",\"@id\":\"https:\\\/\\\/aaknives.eu\\\/lt\\\/#organization\",\"name\":\"AAKnives\",\"url\":\"https:\\\/\\\/aaknives.eu\\\/lt\\\/\",\"logo\":{\"@type\":\"ImageObject\",\"inLanguage\":\"lt-LT\",\"@id\":\"https:\\\/\\\/aaknives.eu\\\/lt\\\/#\\\/schema\\\/logo\\\/image\\\/\",\"url\":\"https:\\\/\\\/aaknives.eu\\\/wp-content\\\/uploads\\\/2021\\\/10\\\/AAknives_Logo_Green.png\",\"contentUrl\":\"https:\\\/\\\/aaknives.eu\\\/wp-content\\\/uploads\\\/2021\\\/10\\\/AAknives_Logo_Green.png\",\"width\":1768,\"height\":1768,\"caption\":\"AAKnives\"},\"image\":{\"@id\":\"https:\\\/\\\/aaknives.eu\\\/lt\\\/#\\\/schema\\\/logo\\\/image\\\/\"},\"sameAs\":[\"https:\\\/\\\/www.facebook.com\\\/aaknives.eu\\\/\",\"https:\\\/\\\/www.instagram.com\\\/aaknives\\\/\",\"https:\\\/\\\/www.pinterest.com\\\/aa_knives\\\/\",\"https:\\\/\\\/www.youtube.com\\\/channel\\\/UCHOQFjrOkgT6s4FIw9LDKyw\\\/featured\"]}]}<\/script>\n<!-- \/ Yoast SEO plugin. -->","yoast_head_json":{"title":"Peili\u0173 galandinimo sistema TSPROF\u00ae Kadet Expert - AAKnives","description":"Peili\u0173 galandinimo sistema TSPROF\u00ae Kadet Expert","robots":{"index":"index","follow":"follow","max-snippet":"max-snippet:-1","max-image-preview":"max-image-preview:large","max-video-preview":"max-video-preview:-1"},"canonical":"https:\/\/aaknives.eu\/lt\/product\/peiliu-galandinimo-sistema-tsprof-kadet-expert\/","og_locale":"lt_LT","og_type":"article","og_title":"Peili\u0173 galandinimo sistema TSPROF\u00ae Kadet Expert - AAKnives","og_description":"Peili\u0173 galandinimo sistema TSPROF\u00ae Kadet Expert","og_url":"https:\/\/aaknives.eu\/lt\/product\/peiliu-galandinimo-sistema-tsprof-kadet-expert\/","og_site_name":"AAKnives","article_publisher":"https:\/\/www.facebook.com\/aaknives.eu\/","article_modified_time":"2024-10-29T03:00:00+00:00","og_image":[{"width":600,"height":600,"url":"https:\/\/aaknives.eu\/wp-content\/uploads\/2024\/10\/aaknives-hand-forged-damascus-steel-blade-knife-handmade-custom-made-knife-handcrafted-knives-autinetools-northmen-n695-2-10-3.jpg","type":"image\/jpeg"}],"twitter_card":"summary_large_image","twitter_misc":{"Est. reading time":"1 minut\u0117"},"schema":{"@context":"https:\/\/schema.org","@graph":[{"@type":"WebPage","@id":"https:\/\/aaknives.eu\/lt\/product\/peiliu-galandinimo-sistema-tsprof-kadet-expert\/","url":"https:\/\/aaknives.eu\/lt\/product\/peiliu-galandinimo-sistema-tsprof-kadet-expert\/","name":"Peili\u0173 galandinimo sistema TSPROF\u00ae Kadet Expert - AAKnives","isPartOf":{"@id":"https:\/\/aaknives.eu\/lt\/#website"},"primaryImageOfPage":{"@id":"https:\/\/aaknives.eu\/lt\/product\/peiliu-galandinimo-sistema-tsprof-kadet-expert\/#primaryimage"},"image":{"@id":"https:\/\/aaknives.eu\/lt\/product\/peiliu-galandinimo-sistema-tsprof-kadet-expert\/#primaryimage"},"thumbnailUrl":"https:\/\/aaknives.eu\/wp-content\/uploads\/2024\/10\/aaknives-hand-forged-dabascus-steel-blade-knife-handmade-custom-made-knife-handcrafted-knives-autinetools-northmen-51.webp","datePublished":"2024-10-29T01:59:13+00:00","dateModified":"2024-10-29T03:00:00+00:00","description":"Peili\u0173 galandinimo sistema TSPROF\u00ae Kadet Expert","breadcrumb":{"@id":"https:\/\/aaknives.eu\/lt\/product\/peiliu-galandinimo-sistema-tsprof-kadet-expert\/#breadcrumb"},"inLanguage":"lt-LT","potentialAction":[{"@type":"ReadAction","target":["https:\/\/aaknives.eu\/lt\/product\/peiliu-galandinimo-sistema-tsprof-kadet-expert\/"]}]},{"@type":"ImageObject","inLanguage":"lt-LT","@id":"https:\/\/aaknives.eu\/lt\/product\/peiliu-galandinimo-sistema-tsprof-kadet-expert\/#primaryimage","url":"https:\/\/aaknives.eu\/wp-content\/uploads\/2024\/10\/aaknives-hand-forged-dabascus-steel-blade-knife-handmade-custom-made-knife-handcrafted-knives-autinetools-northmen-51.webp","contentUrl":"https:\/\/aaknives.eu\/wp-content\/uploads\/2024\/10\/aaknives-hand-forged-dabascus-steel-blade-knife-handmade-custom-made-knife-handcrafted-knives-autinetools-northmen-51.webp","width":1000,"height":1000},{"@type":"BreadcrumbList","@id":"https:\/\/aaknives.eu\/lt\/product\/peiliu-galandinimo-sistema-tsprof-kadet-expert\/#breadcrumb","itemListElement":[{"@type":"ListItem","position":1,"name":"Home","item":"https:\/\/aaknives.eu\/lt\/"},{"@type":"ListItem","position":2,"name":"Parduotuv\u0117","item":"https:\/\/aaknives.eu\/parduotuve\/"},{"@type":"ListItem","position":3,"name":"Peili\u0173 galandinimo sistema TSPROF\u00ae Kadet Expert"}]},{"@type":"WebSite","@id":"https:\/\/aaknives.eu\/lt\/#website","url":"https:\/\/aaknives.eu\/lt\/","name":"AAKnives","description":"Handmade knives","publisher":{"@id":"https:\/\/aaknives.eu\/lt\/#organization"},"potentialAction":[{"@type":"SearchAction","target":{"@type":"EntryPoint","urlTemplate":"https:\/\/aaknives.eu\/lt\/?s={search_term_string}"},"query-input":{"@type":"PropertyValueSpecification","valueRequired":true,"valueName":"search_term_string"}}],"inLanguage":"lt-LT"},{"@type":"Organization","@id":"https:\/\/aaknives.eu\/lt\/#organization","name":"AAKnives","url":"https:\/\/aaknives.eu\/lt\/","logo":{"@type":"ImageObject","inLanguage":"lt-LT","@id":"https:\/\/aaknives.eu\/lt\/#\/schema\/logo\/image\/","url":"https:\/\/aaknives.eu\/wp-content\/uploads\/2021\/10\/AAknives_Logo_Green.png","contentUrl":"https:\/\/aaknives.eu\/wp-content\/uploads\/2021\/10\/AAknives_Logo_Green.png","width":1768,"height":1768,"caption":"AAKnives"},"image":{"@id":"https:\/\/aaknives.eu\/lt\/#\/schema\/logo\/image\/"},"sameAs":["https:\/\/www.facebook.com\/aaknives.eu\/","https:\/\/www.instagram.com\/aaknives\/","https:\/\/www.pinterest.com\/aa_knives\/","https:\/\/www.youtube.com\/channel\/UCHOQFjrOkgT6s4FIw9LDKyw\/featured"]}]}},"_links":{"self":[{"href":"https:\/\/aaknives.eu\/lt\/wp-json\/wp\/v2\/product\/89843","targetHints":{"allow":["GET"]}}],"collection":[{"href":"https:\/\/aaknives.eu\/lt\/wp-json\/wp\/v2\/product"}],"about":[{"href":"https:\/\/aaknives.eu\/lt\/wp-json\/wp\/v2\/types\/product"}],"wp:featuredmedia":[{"embeddable":true,"href":"https:\/\/aaknives.eu\/lt\/wp-json\/wp\/v2\/media\/94910"}],"wp:attachment":[{"href":"https:\/\/aaknives.eu\/lt\/wp-json\/wp\/v2\/media?parent=89843"}],"wp:term":[{"taxonomy":"product_brand","embeddable":true,"href":"https:\/\/aaknives.eu\/lt\/wp-json\/wp\/v2\/product_brand?post=89843"},{"taxonomy":"product_cat","embeddable":true,"href":"https:\/\/aaknives.eu\/lt\/wp-json\/wp\/v2\/product_cat?post=89843"},{"taxonomy":"product_tag","embeddable":true,"href":"https:\/\/aaknives.eu\/lt\/wp-json\/wp\/v2\/product_tag?post=89843"}],"curies":[{"name":"wp","href":"https:\/\/api.w.org\/{rel}","templated":true}]}}