{"id":89845,"date":"2024-10-29T01:58:49","date_gmt":"2024-10-29T01:58:49","guid":{"rendered":"https:\/\/aaknives.eu\/?post_type=product&#038;p=89845"},"modified":"2025-12-27T19:27:41","modified_gmt":"2025-12-27T19:27:41","slug":"peilis-stone-age-4-rankomis-kaltas-damasko-plieno-peilis","status":"publish","type":"product","link":"https:\/\/aaknives.eu\/lt\/product\/peilis-stone-age-4-rankomis-kaltas-damasko-plieno-peilis\/","title":{"rendered":"Peilis &#8221;YAKUT&#8221;, rankomis kaltas Damasko plieno a\u0161men\u0173 peilis, puikiai tiks kaip med\u017eiokl\u0117s, stovyklavimo ir lauko peilis"},"content":{"rendered":"<p>Peilio specifikacijos: YAKUT<br \/>\nPlienas: rankomis kaltas Damasko plieno a\u0161men\u0173 med\u017eioklinis peilis, (HVG, U10, ShH15), 800 sluoksni\u0173, dekoratyvin\u0117s kalimo \u017eym\u0117s<br \/>\nKietumas: 60-62 HRC<br \/>\nA\u0161men\u0173 ilgis (mm): 145 \/ 5,70 coli\u0173<br \/>\nA\u0161men\u0173 storis (mm): 3 \/ 0,09 colio<br \/>\nA\u0161men\u0173 plotis (mm): 27 \/ 1,06 colio<br \/>\nRankena: ber\u017eas + Bubinga mediena<br \/>\nVisas ilgis (mm): 266 \/ 10,47 colio<\/p>\n<p>Rankomis kaltas damasko plienas, sukurtas i\u0161 skirtingo kietumo ir klampumo plien\u0173, kurie tam tikra tvarka sudedami \u012f plok\u0161tel\u0119. Toliau plok\u0161tel\u0117 pakartotinai perkalama, kurios d\u0117ka susidaro sluoksniai ir unikalus ra\u0161tas.<br \/>\nSunkus technologinis procesas atliekamas rankiniu b\u016bdu. Tokiu b\u016bdu gautas plienas pasi\u017eymi padidintu stiprumu, dideliu kietumu, puikiomis pjovimo savyb\u0117mis ir gro\u017eiu.<br \/>\nDamasko plienas daugiau nei 700-1000 sluoksni\u0173.<br \/>\nDamasko plieno pakuot\u0117 ShH15 + HVG + U10A, \u0161ilumin\u0117 i\u0161rai\u0161ka 860 \u00b0 C <\/p>\n<p>Damasko plieno peili\u0173 prana\u0161umai:<br \/>\nPadid\u0117jusi j\u0117ga<br \/>\nDidelis kietumas<br \/>\nPuikios pjovimo savyb\u0117s<br \/>\nGra\u017eus dizainas<br \/>\nIlgai i\u0161liekantis ry\u0161kumas<\/p>\n<p>A\u0161men\u0173 kietumas 60-62 HRC.<br \/>\nRank\u0173 darbo<\/p>\n","protected":false},"excerpt":{"rendered":"<p>Peilio specifikacijos: YAKUT Plienas: rankomis kaltas Damasko plieno a\u0161men\u0173 med\u017eioklinis peilis, (HVG, U10, ShH15), 800 sluoksni\u0173, dekoratyvin\u0117s kalimo \u017eym\u0117s Kietumas: 60-62 HRC A\u0161men\u0173 ilgis (mm): 145 \/ 5,70 coli\u0173 A\u0161men\u0173 storis (mm): 3 \/ 0,09 colio A\u0161men\u0173 plotis (mm): 27 \/ 1,06 colio Rankena: ber\u017eas + Bubinga mediena Visas ilgis (mm): 266 \/ 10,47 colio Rankomis kaltas damasko plienas, sukurtas i\u0161 skirtingo kietumo ir klampumo plien\u0173, kurie tam tikra tvarka sudedami \u012f plok\u0161tel\u0119. Toliau plok\u0161tel\u0117 pakartotinai perkalama, kurios d\u0117ka susidaro sluoksniai ir unikalus ra\u0161tas. Sunkus technologinis procesas atliekamas rankiniu b\u016bdu. Tokiu b\u016bdu gautas plienas pasi\u017eymi padidintu stiprumu, dideliu kietumu, puikiomis&hellip;<\/p>\n","protected":false},"featured_media":97267,"template":"","meta":{"_themeisle_gutenberg_block_has_review":false},"product_brand":[],"product_cat":[380,381,386,385],"product_tag":[],"class_list":{"0":"post-89845","1":"product","2":"type-product","3":"status-publish","4":"has-post-thumbnail","6":"product_cat-premium-ir-isskirtiniai-peiliai","7":"product_cat-lauko-peiliai","8":"product_cat-medziokliniai-peiliai","9":"product_cat-zvejybos-peiliai","11":"first","12":"instock","13":"shipping-taxable","14":"purchasable","15":"product-type-simple"},"yoast_head":"<!-- This site is optimized with the Yoast SEO plugin v27.3 - https:\/\/yoast.com\/product\/yoast-seo-wordpress\/ -->\n<title>Peilis &#039;&#039;YAKUT&#039;&#039;, rankomis kaltas Damasko plieno a\u0161men\u0173 peilis, puikiai tiks kaip med\u017eiokl\u0117s, stovyklavimo ir lauko peilis - AAKnives<\/title>\n<meta name=\"description\" content=\"Peilis &#039;&#039;YAKUT&#039;&#039;, rankomis kaltas Damasko plieno a\u0161men\u0173 peilis, puikiai tiks kaip med\u017eiokl\u0117s, stovyklavimo ir lauko peilis\" \/>\n<meta name=\"robots\" content=\"index, follow, max-snippet:-1, max-image-preview:large, max-video-preview:-1\" \/>\n<link rel=\"canonical\" href=\"https:\/\/aaknives.eu\/lt\/product\/peilis-stone-age-4-rankomis-kaltas-damasko-plieno-peilis\/\" \/>\n<meta property=\"og:locale\" content=\"lt_LT\" \/>\n<meta property=\"og:type\" content=\"article\" \/>\n<meta property=\"og:title\" content=\"Peilis &#039;&#039;YAKUT&#039;&#039;, rankomis kaltas Damasko plieno a\u0161men\u0173 peilis, puikiai tiks kaip med\u017eiokl\u0117s, stovyklavimo ir lauko peilis - AAKnives\" \/>\n<meta property=\"og:description\" content=\"Peilis &#039;&#039;YAKUT&#039;&#039;, rankomis kaltas Damasko plieno a\u0161men\u0173 peilis, puikiai tiks kaip med\u017eiokl\u0117s, stovyklavimo ir lauko peilis\" \/>\n<meta property=\"og:url\" content=\"https:\/\/aaknives.eu\/lt\/product\/peilis-stone-age-4-rankomis-kaltas-damasko-plieno-peilis\/\" \/>\n<meta property=\"og:site_name\" content=\"AAKnives\" \/>\n<meta property=\"article:publisher\" content=\"https:\/\/www.facebook.com\/aaknives.eu\/\" \/>\n<meta property=\"article:modified_time\" content=\"2025-12-27T19:27:41+00:00\" \/>\n<meta property=\"og:image\" content=\"https:\/\/aaknives.eu\/wp-content\/uploads\/2024\/10\/aaknives-hand-forged-damascus-steel-blade-knife-handmade-custom-made-knife-handcrafted-knives-autinetools-northmen-17.2.jpg\" \/>\n\t<meta property=\"og:image:width\" content=\"1020\" \/>\n\t<meta property=\"og:image:height\" content=\"880\" \/>\n\t<meta property=\"og:image:type\" content=\"image\/jpeg\" \/>\n<meta name=\"twitter:card\" content=\"summary_large_image\" \/>\n<meta name=\"twitter:label1\" content=\"Est. reading time\" \/>\n\t<meta name=\"twitter:data1\" content=\"1 minut\u0117\" \/>\n<script type=\"application\/ld+json\" class=\"yoast-schema-graph\">{\"@context\":\"https:\\\/\\\/schema.org\",\"@graph\":[{\"@type\":\"WebPage\",\"@id\":\"https:\\\/\\\/aaknives.eu\\\/lt\\\/product\\\/peilis-stone-age-4-rankomis-kaltas-damasko-plieno-peilis\\\/\",\"url\":\"https:\\\/\\\/aaknives.eu\\\/lt\\\/product\\\/peilis-stone-age-4-rankomis-kaltas-damasko-plieno-peilis\\\/\",\"name\":\"Peilis ''YAKUT'', rankomis kaltas Damasko plieno a\u0161men\u0173 peilis, puikiai tiks kaip med\u017eiokl\u0117s, stovyklavimo ir lauko peilis - AAKnives\",\"isPartOf\":{\"@id\":\"https:\\\/\\\/aaknives.eu\\\/lt\\\/#website\"},\"primaryImageOfPage\":{\"@id\":\"https:\\\/\\\/aaknives.eu\\\/lt\\\/product\\\/peilis-stone-age-4-rankomis-kaltas-damasko-plieno-peilis\\\/#primaryimage\"},\"image\":{\"@id\":\"https:\\\/\\\/aaknives.eu\\\/lt\\\/product\\\/peilis-stone-age-4-rankomis-kaltas-damasko-plieno-peilis\\\/#primaryimage\"},\"thumbnailUrl\":\"https:\\\/\\\/aaknives.eu\\\/wp-content\\\/uploads\\\/2024\\\/10\\\/aaknives-hand-forged-damascus-steel-blade-knife-handmade-custom-made-knife-handcrafted-knives-autinetools-northmen-17.2.jpg\",\"datePublished\":\"2024-10-29T01:58:49+00:00\",\"dateModified\":\"2025-12-27T19:27:41+00:00\",\"description\":\"Peilis ''YAKUT'', rankomis kaltas Damasko plieno a\u0161men\u0173 peilis, puikiai tiks kaip med\u017eiokl\u0117s, stovyklavimo ir lauko peilis\",\"breadcrumb\":{\"@id\":\"https:\\\/\\\/aaknives.eu\\\/lt\\\/product\\\/peilis-stone-age-4-rankomis-kaltas-damasko-plieno-peilis\\\/#breadcrumb\"},\"inLanguage\":\"lt-LT\",\"potentialAction\":[{\"@type\":\"ReadAction\",\"target\":[\"https:\\\/\\\/aaknives.eu\\\/lt\\\/product\\\/peilis-stone-age-4-rankomis-kaltas-damasko-plieno-peilis\\\/\"]}]},{\"@type\":\"ImageObject\",\"inLanguage\":\"lt-LT\",\"@id\":\"https:\\\/\\\/aaknives.eu\\\/lt\\\/product\\\/peilis-stone-age-4-rankomis-kaltas-damasko-plieno-peilis\\\/#primaryimage\",\"url\":\"https:\\\/\\\/aaknives.eu\\\/wp-content\\\/uploads\\\/2024\\\/10\\\/aaknives-hand-forged-damascus-steel-blade-knife-handmade-custom-made-knife-handcrafted-knives-autinetools-northmen-17.2.jpg\",\"contentUrl\":\"https:\\\/\\\/aaknives.eu\\\/wp-content\\\/uploads\\\/2024\\\/10\\\/aaknives-hand-forged-damascus-steel-blade-knife-handmade-custom-made-knife-handcrafted-knives-autinetools-northmen-17.2.jpg\",\"width\":1020,\"height\":880},{\"@type\":\"BreadcrumbList\",\"@id\":\"https:\\\/\\\/aaknives.eu\\\/lt\\\/product\\\/peilis-stone-age-4-rankomis-kaltas-damasko-plieno-peilis\\\/#breadcrumb\",\"itemListElement\":[{\"@type\":\"ListItem\",\"position\":1,\"name\":\"Home\",\"item\":\"https:\\\/\\\/aaknives.eu\\\/lt\\\/\"},{\"@type\":\"ListItem\",\"position\":2,\"name\":\"Parduotuv\u0117\",\"item\":\"https:\\\/\\\/aaknives.eu\\\/parduotuve\\\/\"},{\"@type\":\"ListItem\",\"position\":3,\"name\":\"Private: Peilis &#8221;YAKUT&#8221;, rankomis kaltas Damasko plieno a\u0161men\u0173 peilis, puikiai tiks kaip med\u017eiokl\u0117s, stovyklavimo ir lauko peilis\"}]},{\"@type\":\"WebSite\",\"@id\":\"https:\\\/\\\/aaknives.eu\\\/lt\\\/#website\",\"url\":\"https:\\\/\\\/aaknives.eu\\\/lt\\\/\",\"name\":\"AAKnives\",\"description\":\"Handmade knives\",\"publisher\":{\"@id\":\"https:\\\/\\\/aaknives.eu\\\/lt\\\/#organization\"},\"potentialAction\":[{\"@type\":\"SearchAction\",\"target\":{\"@type\":\"EntryPoint\",\"urlTemplate\":\"https:\\\/\\\/aaknives.eu\\\/lt\\\/?s={search_term_string}\"},\"query-input\":{\"@type\":\"PropertyValueSpecification\",\"valueRequired\":true,\"valueName\":\"search_term_string\"}}],\"inLanguage\":\"lt-LT\"},{\"@type\":\"Organization\",\"@id\":\"https:\\\/\\\/aaknives.eu\\\/lt\\\/#organization\",\"name\":\"AAKnives\",\"url\":\"https:\\\/\\\/aaknives.eu\\\/lt\\\/\",\"logo\":{\"@type\":\"ImageObject\",\"inLanguage\":\"lt-LT\",\"@id\":\"https:\\\/\\\/aaknives.eu\\\/lt\\\/#\\\/schema\\\/logo\\\/image\\\/\",\"url\":\"https:\\\/\\\/aaknives.eu\\\/wp-content\\\/uploads\\\/2021\\\/10\\\/AAknives_Logo_Green.png\",\"contentUrl\":\"https:\\\/\\\/aaknives.eu\\\/wp-content\\\/uploads\\\/2021\\\/10\\\/AAknives_Logo_Green.png\",\"width\":1768,\"height\":1768,\"caption\":\"AAKnives\"},\"image\":{\"@id\":\"https:\\\/\\\/aaknives.eu\\\/lt\\\/#\\\/schema\\\/logo\\\/image\\\/\"},\"sameAs\":[\"https:\\\/\\\/www.facebook.com\\\/aaknives.eu\\\/\",\"https:\\\/\\\/www.instagram.com\\\/aaknives\\\/\",\"https:\\\/\\\/www.pinterest.com\\\/aa_knives\\\/\",\"https:\\\/\\\/www.youtube.com\\\/channel\\\/UCHOQFjrOkgT6s4FIw9LDKyw\\\/featured\"]}]}<\/script>\n<!-- \/ Yoast SEO plugin. -->","yoast_head_json":{"title":"Peilis ''YAKUT'', rankomis kaltas Damasko plieno a\u0161men\u0173 peilis, puikiai tiks kaip med\u017eiokl\u0117s, stovyklavimo ir lauko peilis - AAKnives","description":"Peilis ''YAKUT'', rankomis kaltas Damasko plieno a\u0161men\u0173 peilis, puikiai tiks kaip med\u017eiokl\u0117s, stovyklavimo ir lauko peilis","robots":{"index":"index","follow":"follow","max-snippet":"max-snippet:-1","max-image-preview":"max-image-preview:large","max-video-preview":"max-video-preview:-1"},"canonical":"https:\/\/aaknives.eu\/lt\/product\/peilis-stone-age-4-rankomis-kaltas-damasko-plieno-peilis\/","og_locale":"lt_LT","og_type":"article","og_title":"Peilis ''YAKUT'', rankomis kaltas Damasko plieno a\u0161men\u0173 peilis, puikiai tiks kaip med\u017eiokl\u0117s, stovyklavimo ir lauko peilis - AAKnives","og_description":"Peilis ''YAKUT'', rankomis kaltas Damasko plieno a\u0161men\u0173 peilis, puikiai tiks kaip med\u017eiokl\u0117s, stovyklavimo ir lauko peilis","og_url":"https:\/\/aaknives.eu\/lt\/product\/peilis-stone-age-4-rankomis-kaltas-damasko-plieno-peilis\/","og_site_name":"AAKnives","article_publisher":"https:\/\/www.facebook.com\/aaknives.eu\/","article_modified_time":"2025-12-27T19:27:41+00:00","og_image":[{"width":1020,"height":880,"url":"https:\/\/aaknives.eu\/wp-content\/uploads\/2024\/10\/aaknives-hand-forged-damascus-steel-blade-knife-handmade-custom-made-knife-handcrafted-knives-autinetools-northmen-17.2.jpg","type":"image\/jpeg"}],"twitter_card":"summary_large_image","twitter_misc":{"Est. reading time":"1 minut\u0117"},"schema":{"@context":"https:\/\/schema.org","@graph":[{"@type":"WebPage","@id":"https:\/\/aaknives.eu\/lt\/product\/peilis-stone-age-4-rankomis-kaltas-damasko-plieno-peilis\/","url":"https:\/\/aaknives.eu\/lt\/product\/peilis-stone-age-4-rankomis-kaltas-damasko-plieno-peilis\/","name":"Peilis ''YAKUT'', rankomis kaltas Damasko plieno a\u0161men\u0173 peilis, puikiai tiks kaip med\u017eiokl\u0117s, stovyklavimo ir lauko peilis - AAKnives","isPartOf":{"@id":"https:\/\/aaknives.eu\/lt\/#website"},"primaryImageOfPage":{"@id":"https:\/\/aaknives.eu\/lt\/product\/peilis-stone-age-4-rankomis-kaltas-damasko-plieno-peilis\/#primaryimage"},"image":{"@id":"https:\/\/aaknives.eu\/lt\/product\/peilis-stone-age-4-rankomis-kaltas-damasko-plieno-peilis\/#primaryimage"},"thumbnailUrl":"https:\/\/aaknives.eu\/wp-content\/uploads\/2024\/10\/aaknives-hand-forged-damascus-steel-blade-knife-handmade-custom-made-knife-handcrafted-knives-autinetools-northmen-17.2.jpg","datePublished":"2024-10-29T01:58:49+00:00","dateModified":"2025-12-27T19:27:41+00:00","description":"Peilis ''YAKUT'', rankomis kaltas Damasko plieno a\u0161men\u0173 peilis, puikiai tiks kaip med\u017eiokl\u0117s, stovyklavimo ir lauko peilis","breadcrumb":{"@id":"https:\/\/aaknives.eu\/lt\/product\/peilis-stone-age-4-rankomis-kaltas-damasko-plieno-peilis\/#breadcrumb"},"inLanguage":"lt-LT","potentialAction":[{"@type":"ReadAction","target":["https:\/\/aaknives.eu\/lt\/product\/peilis-stone-age-4-rankomis-kaltas-damasko-plieno-peilis\/"]}]},{"@type":"ImageObject","inLanguage":"lt-LT","@id":"https:\/\/aaknives.eu\/lt\/product\/peilis-stone-age-4-rankomis-kaltas-damasko-plieno-peilis\/#primaryimage","url":"https:\/\/aaknives.eu\/wp-content\/uploads\/2024\/10\/aaknives-hand-forged-damascus-steel-blade-knife-handmade-custom-made-knife-handcrafted-knives-autinetools-northmen-17.2.jpg","contentUrl":"https:\/\/aaknives.eu\/wp-content\/uploads\/2024\/10\/aaknives-hand-forged-damascus-steel-blade-knife-handmade-custom-made-knife-handcrafted-knives-autinetools-northmen-17.2.jpg","width":1020,"height":880},{"@type":"BreadcrumbList","@id":"https:\/\/aaknives.eu\/lt\/product\/peilis-stone-age-4-rankomis-kaltas-damasko-plieno-peilis\/#breadcrumb","itemListElement":[{"@type":"ListItem","position":1,"name":"Home","item":"https:\/\/aaknives.eu\/lt\/"},{"@type":"ListItem","position":2,"name":"Parduotuv\u0117","item":"https:\/\/aaknives.eu\/parduotuve\/"},{"@type":"ListItem","position":3,"name":"Private: Peilis &#8221;YAKUT&#8221;, rankomis kaltas Damasko plieno a\u0161men\u0173 peilis, puikiai tiks kaip med\u017eiokl\u0117s, stovyklavimo ir lauko peilis"}]},{"@type":"WebSite","@id":"https:\/\/aaknives.eu\/lt\/#website","url":"https:\/\/aaknives.eu\/lt\/","name":"AAKnives","description":"Handmade knives","publisher":{"@id":"https:\/\/aaknives.eu\/lt\/#organization"},"potentialAction":[{"@type":"SearchAction","target":{"@type":"EntryPoint","urlTemplate":"https:\/\/aaknives.eu\/lt\/?s={search_term_string}"},"query-input":{"@type":"PropertyValueSpecification","valueRequired":true,"valueName":"search_term_string"}}],"inLanguage":"lt-LT"},{"@type":"Organization","@id":"https:\/\/aaknives.eu\/lt\/#organization","name":"AAKnives","url":"https:\/\/aaknives.eu\/lt\/","logo":{"@type":"ImageObject","inLanguage":"lt-LT","@id":"https:\/\/aaknives.eu\/lt\/#\/schema\/logo\/image\/","url":"https:\/\/aaknives.eu\/wp-content\/uploads\/2021\/10\/AAknives_Logo_Green.png","contentUrl":"https:\/\/aaknives.eu\/wp-content\/uploads\/2021\/10\/AAknives_Logo_Green.png","width":1768,"height":1768,"caption":"AAKnives"},"image":{"@id":"https:\/\/aaknives.eu\/lt\/#\/schema\/logo\/image\/"},"sameAs":["https:\/\/www.facebook.com\/aaknives.eu\/","https:\/\/www.instagram.com\/aaknives\/","https:\/\/www.pinterest.com\/aa_knives\/","https:\/\/www.youtube.com\/channel\/UCHOQFjrOkgT6s4FIw9LDKyw\/featured"]}]}},"_links":{"self":[{"href":"https:\/\/aaknives.eu\/lt\/wp-json\/wp\/v2\/product\/89845","targetHints":{"allow":["GET"]}}],"collection":[{"href":"https:\/\/aaknives.eu\/lt\/wp-json\/wp\/v2\/product"}],"about":[{"href":"https:\/\/aaknives.eu\/lt\/wp-json\/wp\/v2\/types\/product"}],"wp:featuredmedia":[{"embeddable":true,"href":"https:\/\/aaknives.eu\/lt\/wp-json\/wp\/v2\/media\/97267"}],"wp:attachment":[{"href":"https:\/\/aaknives.eu\/lt\/wp-json\/wp\/v2\/media?parent=89845"}],"wp:term":[{"taxonomy":"product_brand","embeddable":true,"href":"https:\/\/aaknives.eu\/lt\/wp-json\/wp\/v2\/product_brand?post=89845"},{"taxonomy":"product_cat","embeddable":true,"href":"https:\/\/aaknives.eu\/lt\/wp-json\/wp\/v2\/product_cat?post=89845"},{"taxonomy":"product_tag","embeddable":true,"href":"https:\/\/aaknives.eu\/lt\/wp-json\/wp\/v2\/product_tag?post=89845"}],"curies":[{"name":"wp","href":"https:\/\/api.w.org\/{rel}","templated":true}]}}