{"id":89848,"date":"2024-10-29T01:59:12","date_gmt":"2024-10-29T01:59:12","guid":{"rendered":"https:\/\/aaknives.eu\/?post_type=product&#038;p=89848"},"modified":"2025-11-30T20:42:48","modified_gmt":"2025-11-30T20:42:48","slug":"peilis-wild-boar-svediskas-bohler-uddeholm-n695-nerudijancio-plieno-peilis-2","status":"publish","type":"product","link":"https:\/\/aaknives.eu\/lt\/product\/peilis-wild-boar-svediskas-bohler-uddeholm-n695-nerudijancio-plieno-peilis-2\/","title":{"rendered":"Peilis &#8221;WILD BOAR&#8221; &#8211; \u0161vedi\u0161kas Bohler-Uddeholm N695 ner\u016bdijan\u010dio plieno peilis"},"content":{"rendered":"<p>Peilio specifikacijos: \u201eWILD BOAR\u201c<br \/>\nPlienas: \u0161vedi\u0161kas \u201eBohler-Uddeholm N695\u201c ner\u016bdijantis peilio plienas, apdorotas sm\u0117liasrove<br \/>\nKietumas: 58\u201359 HRC<br \/>\nGele\u017et\u0117s ilgis (mm): 112 \/ 4,40 colio<br \/>\nGele\u017et\u0117s storis (mm): 3 \/ 0,11 colio<br \/>\nGele\u017et\u0117s plotis (mm): 33 \/ 1,29 colio<br \/>\nRankena: afrikinio venge mediena + ber\u017eo mediena<br \/>\nBendras ilgis (mm): 240 \/ 9,44 colio<br \/>\n\u0160vedi\u0161kas Bohler-Uddeholm N695 peili\u0173 plienasBohler N695 yra Bohler Uddeholm grup\u0117s chromuotas ner\u016bdijantis plienas. Jis pasi\u017eymi dideliu kietumu, atsparumu dilimui ir korozijai. N695 plieno peilis yra ner\u016bdijantis, ilgai a\u0161trus ir nereikalauja specialios prie\u017ei\u016bros.Valcuojamas naudojant skersin\u0119 technologij\u0105, kad b\u016bt\u0173 u\u017etikrintas maksimalus plok\u0161t\u0117s ir lak\u0161tin\u0117s med\u017eiagos stabilumas ir vienodumas.<\/p>\n<p>Kiti BOHLER N695 naudojimo b\u016bdai:<\/p>\n<p>Ried\u0117jimo element\u0173 guoliai, vo\u017etuv\u0173 lizdai, auk\u0161tos kokyb\u0117s peili\u0173 gele\u017et\u0117s, chirurginiai instrumentai ir med\u017eio dro\u017eybos \u017eirkl\u0117s.<\/p>\n<p>BOHLER N695 Sud\u0117tis: C &#8211; 1,030 \/ MN &#8211; 0,44 \/ SI &#8211; 0,48 \/ P &#8211; 0,018 \/ S &#8211; 0,0010 \/ CR &#8211; 16,46 \/ MO &#8211; 0,43<\/p>\n","protected":false},"excerpt":{"rendered":"<p>Peilio specifikacijos: \u201eWILD BOAR\u201c Plienas: \u0161vedi\u0161kas \u201eBohler-Uddeholm N695\u201c ner\u016bdijantis peilio plienas, apdorotas sm\u0117liasrove Kietumas: 58\u201359 HRC Gele\u017et\u0117s ilgis (mm): 112 \/ 4,40 colio Gele\u017et\u0117s storis (mm): 3 \/ 0,11 colio Gele\u017et\u0117s plotis (mm): 33 \/ 1,29 colio Rankena: afrikinio venge mediena + ber\u017eo mediena Bendras ilgis (mm): 240 \/ 9,44 colio \u0160vedi\u0161kas Bohler-Uddeholm N695 peili\u0173 plienasBohler N695 yra Bohler Uddeholm grup\u0117s chromuotas ner\u016bdijantis plienas. Jis pasi\u017eymi dideliu kietumu, atsparumu dilimui ir korozijai. N695 plieno peilis yra ner\u016bdijantis, ilgai a\u0161trus ir nereikalauja specialios prie\u017ei\u016bros.Valcuojamas naudojant skersin\u0119 technologij\u0105, kad b\u016bt\u0173 u\u017etikrintas maksimalus plok\u0161t\u0117s ir lak\u0161tin\u0117s med\u017eiagos stabilumas ir vienodumas. Kiti BOHLER N695&hellip;<\/p>\n","protected":false},"featured_media":99816,"template":"","meta":{"_themeisle_gutenberg_block_has_review":false},"product_brand":[],"product_cat":[381,386,385],"product_tag":[],"class_list":{"0":"post-89848","1":"product","2":"type-product","3":"status-publish","4":"has-post-thumbnail","6":"product_cat-lauko-peiliai","7":"product_cat-medziokliniai-peiliai","8":"product_cat-zvejybos-peiliai","10":"first","11":"instock","12":"shipping-taxable","13":"purchasable","14":"product-type-simple"},"yoast_head":"<!-- This site is optimized with the Yoast SEO plugin v27.3 - https:\/\/yoast.com\/product\/yoast-seo-wordpress\/ -->\n<title>Peilis &#039;&#039;WILD BOAR&#039;&#039; - \u0161vedi\u0161kas Bohler-Uddeholm N695 ner\u016bdijan\u010dio plieno peilis - AAKnives<\/title>\n<meta name=\"description\" content=\"\u0160vedi\u0161kas \u201eBohler-Uddeholm N695\u201c peilio plienas\u201eBohler N695\u201c yra chromuotas ner\u016bdijantis plienas i\u0161 \u201eBohler Uddeholm\u201c grup\u0117s. Jis pasi\u017eymi dideliu kietumu, geru atsparumu dilimui ir geru atsparumu korozijai.\" \/>\n<meta name=\"robots\" content=\"index, follow, max-snippet:-1, max-image-preview:large, max-video-preview:-1\" \/>\n<link rel=\"canonical\" href=\"https:\/\/aaknives.eu\/lt\/product\/peilis-wild-boar-svediskas-bohler-uddeholm-n695-nerudijancio-plieno-peilis-2\/\" \/>\n<meta property=\"og:locale\" content=\"lt_LT\" \/>\n<meta property=\"og:type\" content=\"article\" \/>\n<meta property=\"og:title\" content=\"Peilis &#039;&#039;WILD BOAR&#039;&#039; - \u0161vedi\u0161kas Bohler-Uddeholm N695 ner\u016bdijan\u010dio plieno peilis - AAKnives\" \/>\n<meta property=\"og:description\" content=\"\u0160vedi\u0161kas \u201eBohler-Uddeholm N695\u201c peilio plienas\u201eBohler N695\u201c yra chromuotas ner\u016bdijantis plienas i\u0161 \u201eBohler Uddeholm\u201c grup\u0117s. Jis pasi\u017eymi dideliu kietumu, geru atsparumu dilimui ir geru atsparumu korozijai.\" \/>\n<meta property=\"og:url\" content=\"https:\/\/aaknives.eu\/lt\/product\/peilis-wild-boar-svediskas-bohler-uddeholm-n695-nerudijancio-plieno-peilis-2\/\" \/>\n<meta property=\"og:site_name\" content=\"AAKnives\" \/>\n<meta property=\"article:publisher\" content=\"https:\/\/www.facebook.com\/aaknives.eu\/\" \/>\n<meta property=\"article:modified_time\" content=\"2025-11-30T20:42:48+00:00\" \/>\n<meta property=\"og:image\" content=\"https:\/\/aaknives.eu\/wp-content\/uploads\/2024\/10\/aaknives-hand-forged-damascus-steel-blade-knife-handmade-custom-made-knife-handcrafted-knives-autinetools-northmen-32.3.jpg\" \/>\n\t<meta property=\"og:image:width\" content=\"1020\" \/>\n\t<meta property=\"og:image:height\" content=\"880\" \/>\n\t<meta property=\"og:image:type\" content=\"image\/jpeg\" \/>\n<meta name=\"twitter:card\" content=\"summary_large_image\" \/>\n<meta name=\"twitter:label1\" content=\"Est. reading time\" \/>\n\t<meta name=\"twitter:data1\" content=\"1 minut\u0117\" \/>\n<script type=\"application\/ld+json\" class=\"yoast-schema-graph\">{\"@context\":\"https:\\\/\\\/schema.org\",\"@graph\":[{\"@type\":\"WebPage\",\"@id\":\"https:\\\/\\\/aaknives.eu\\\/lt\\\/product\\\/peilis-wild-boar-svediskas-bohler-uddeholm-n695-nerudijancio-plieno-peilis-2\\\/\",\"url\":\"https:\\\/\\\/aaknives.eu\\\/lt\\\/product\\\/peilis-wild-boar-svediskas-bohler-uddeholm-n695-nerudijancio-plieno-peilis-2\\\/\",\"name\":\"Peilis ''WILD BOAR'' - \u0161vedi\u0161kas Bohler-Uddeholm N695 ner\u016bdijan\u010dio plieno peilis - AAKnives\",\"isPartOf\":{\"@id\":\"https:\\\/\\\/aaknives.eu\\\/lt\\\/#website\"},\"primaryImageOfPage\":{\"@id\":\"https:\\\/\\\/aaknives.eu\\\/lt\\\/product\\\/peilis-wild-boar-svediskas-bohler-uddeholm-n695-nerudijancio-plieno-peilis-2\\\/#primaryimage\"},\"image\":{\"@id\":\"https:\\\/\\\/aaknives.eu\\\/lt\\\/product\\\/peilis-wild-boar-svediskas-bohler-uddeholm-n695-nerudijancio-plieno-peilis-2\\\/#primaryimage\"},\"thumbnailUrl\":\"https:\\\/\\\/aaknives.eu\\\/wp-content\\\/uploads\\\/2024\\\/10\\\/aaknives-hand-forged-damascus-steel-blade-knife-handmade-custom-made-knife-handcrafted-knives-autinetools-northmen-32.3.jpg\",\"datePublished\":\"2024-10-29T01:59:12+00:00\",\"dateModified\":\"2025-11-30T20:42:48+00:00\",\"description\":\"\u0160vedi\u0161kas \u201eBohler-Uddeholm N695\u201c peilio plienas\u201eBohler N695\u201c yra chromuotas ner\u016bdijantis plienas i\u0161 \u201eBohler Uddeholm\u201c grup\u0117s. Jis pasi\u017eymi dideliu kietumu, geru atsparumu dilimui ir geru atsparumu korozijai.\",\"breadcrumb\":{\"@id\":\"https:\\\/\\\/aaknives.eu\\\/lt\\\/product\\\/peilis-wild-boar-svediskas-bohler-uddeholm-n695-nerudijancio-plieno-peilis-2\\\/#breadcrumb\"},\"inLanguage\":\"lt-LT\",\"potentialAction\":[{\"@type\":\"ReadAction\",\"target\":[\"https:\\\/\\\/aaknives.eu\\\/lt\\\/product\\\/peilis-wild-boar-svediskas-bohler-uddeholm-n695-nerudijancio-plieno-peilis-2\\\/\"]}]},{\"@type\":\"ImageObject\",\"inLanguage\":\"lt-LT\",\"@id\":\"https:\\\/\\\/aaknives.eu\\\/lt\\\/product\\\/peilis-wild-boar-svediskas-bohler-uddeholm-n695-nerudijancio-plieno-peilis-2\\\/#primaryimage\",\"url\":\"https:\\\/\\\/aaknives.eu\\\/wp-content\\\/uploads\\\/2024\\\/10\\\/aaknives-hand-forged-damascus-steel-blade-knife-handmade-custom-made-knife-handcrafted-knives-autinetools-northmen-32.3.jpg\",\"contentUrl\":\"https:\\\/\\\/aaknives.eu\\\/wp-content\\\/uploads\\\/2024\\\/10\\\/aaknives-hand-forged-damascus-steel-blade-knife-handmade-custom-made-knife-handcrafted-knives-autinetools-northmen-32.3.jpg\",\"width\":1020,\"height\":880},{\"@type\":\"BreadcrumbList\",\"@id\":\"https:\\\/\\\/aaknives.eu\\\/lt\\\/product\\\/peilis-wild-boar-svediskas-bohler-uddeholm-n695-nerudijancio-plieno-peilis-2\\\/#breadcrumb\",\"itemListElement\":[{\"@type\":\"ListItem\",\"position\":1,\"name\":\"Home\",\"item\":\"https:\\\/\\\/aaknives.eu\\\/lt\\\/\"},{\"@type\":\"ListItem\",\"position\":2,\"name\":\"Parduotuv\u0117\",\"item\":\"https:\\\/\\\/aaknives.eu\\\/parduotuve\\\/\"},{\"@type\":\"ListItem\",\"position\":3,\"name\":\"Peilis &#8221;WILD BOAR&#8221; &#8211; \u0161vedi\u0161kas Bohler-Uddeholm N695 ner\u016bdijan\u010dio plieno peilis\"}]},{\"@type\":\"WebSite\",\"@id\":\"https:\\\/\\\/aaknives.eu\\\/lt\\\/#website\",\"url\":\"https:\\\/\\\/aaknives.eu\\\/lt\\\/\",\"name\":\"AAKnives\",\"description\":\"Handmade knives\",\"publisher\":{\"@id\":\"https:\\\/\\\/aaknives.eu\\\/lt\\\/#organization\"},\"potentialAction\":[{\"@type\":\"SearchAction\",\"target\":{\"@type\":\"EntryPoint\",\"urlTemplate\":\"https:\\\/\\\/aaknives.eu\\\/lt\\\/?s={search_term_string}\"},\"query-input\":{\"@type\":\"PropertyValueSpecification\",\"valueRequired\":true,\"valueName\":\"search_term_string\"}}],\"inLanguage\":\"lt-LT\"},{\"@type\":\"Organization\",\"@id\":\"https:\\\/\\\/aaknives.eu\\\/lt\\\/#organization\",\"name\":\"AAKnives\",\"url\":\"https:\\\/\\\/aaknives.eu\\\/lt\\\/\",\"logo\":{\"@type\":\"ImageObject\",\"inLanguage\":\"lt-LT\",\"@id\":\"https:\\\/\\\/aaknives.eu\\\/lt\\\/#\\\/schema\\\/logo\\\/image\\\/\",\"url\":\"https:\\\/\\\/aaknives.eu\\\/wp-content\\\/uploads\\\/2021\\\/10\\\/AAknives_Logo_Green.png\",\"contentUrl\":\"https:\\\/\\\/aaknives.eu\\\/wp-content\\\/uploads\\\/2021\\\/10\\\/AAknives_Logo_Green.png\",\"width\":1768,\"height\":1768,\"caption\":\"AAKnives\"},\"image\":{\"@id\":\"https:\\\/\\\/aaknives.eu\\\/lt\\\/#\\\/schema\\\/logo\\\/image\\\/\"},\"sameAs\":[\"https:\\\/\\\/www.facebook.com\\\/aaknives.eu\\\/\",\"https:\\\/\\\/www.instagram.com\\\/aaknives\\\/\",\"https:\\\/\\\/www.pinterest.com\\\/aa_knives\\\/\",\"https:\\\/\\\/www.youtube.com\\\/channel\\\/UCHOQFjrOkgT6s4FIw9LDKyw\\\/featured\"]}]}<\/script>\n<!-- \/ Yoast SEO plugin. -->","yoast_head_json":{"title":"Peilis ''WILD BOAR'' - \u0161vedi\u0161kas Bohler-Uddeholm N695 ner\u016bdijan\u010dio plieno peilis - AAKnives","description":"\u0160vedi\u0161kas \u201eBohler-Uddeholm N695\u201c peilio plienas\u201eBohler N695\u201c yra chromuotas ner\u016bdijantis plienas i\u0161 \u201eBohler Uddeholm\u201c grup\u0117s. Jis pasi\u017eymi dideliu kietumu, geru atsparumu dilimui ir geru atsparumu korozijai.","robots":{"index":"index","follow":"follow","max-snippet":"max-snippet:-1","max-image-preview":"max-image-preview:large","max-video-preview":"max-video-preview:-1"},"canonical":"https:\/\/aaknives.eu\/lt\/product\/peilis-wild-boar-svediskas-bohler-uddeholm-n695-nerudijancio-plieno-peilis-2\/","og_locale":"lt_LT","og_type":"article","og_title":"Peilis ''WILD BOAR'' - \u0161vedi\u0161kas Bohler-Uddeholm N695 ner\u016bdijan\u010dio plieno peilis - AAKnives","og_description":"\u0160vedi\u0161kas \u201eBohler-Uddeholm N695\u201c peilio plienas\u201eBohler N695\u201c yra chromuotas ner\u016bdijantis plienas i\u0161 \u201eBohler Uddeholm\u201c grup\u0117s. Jis pasi\u017eymi dideliu kietumu, geru atsparumu dilimui ir geru atsparumu korozijai.","og_url":"https:\/\/aaknives.eu\/lt\/product\/peilis-wild-boar-svediskas-bohler-uddeholm-n695-nerudijancio-plieno-peilis-2\/","og_site_name":"AAKnives","article_publisher":"https:\/\/www.facebook.com\/aaknives.eu\/","article_modified_time":"2025-11-30T20:42:48+00:00","og_image":[{"width":1020,"height":880,"url":"https:\/\/aaknives.eu\/wp-content\/uploads\/2024\/10\/aaknives-hand-forged-damascus-steel-blade-knife-handmade-custom-made-knife-handcrafted-knives-autinetools-northmen-32.3.jpg","type":"image\/jpeg"}],"twitter_card":"summary_large_image","twitter_misc":{"Est. reading time":"1 minut\u0117"},"schema":{"@context":"https:\/\/schema.org","@graph":[{"@type":"WebPage","@id":"https:\/\/aaknives.eu\/lt\/product\/peilis-wild-boar-svediskas-bohler-uddeholm-n695-nerudijancio-plieno-peilis-2\/","url":"https:\/\/aaknives.eu\/lt\/product\/peilis-wild-boar-svediskas-bohler-uddeholm-n695-nerudijancio-plieno-peilis-2\/","name":"Peilis ''WILD BOAR'' - \u0161vedi\u0161kas Bohler-Uddeholm N695 ner\u016bdijan\u010dio plieno peilis - AAKnives","isPartOf":{"@id":"https:\/\/aaknives.eu\/lt\/#website"},"primaryImageOfPage":{"@id":"https:\/\/aaknives.eu\/lt\/product\/peilis-wild-boar-svediskas-bohler-uddeholm-n695-nerudijancio-plieno-peilis-2\/#primaryimage"},"image":{"@id":"https:\/\/aaknives.eu\/lt\/product\/peilis-wild-boar-svediskas-bohler-uddeholm-n695-nerudijancio-plieno-peilis-2\/#primaryimage"},"thumbnailUrl":"https:\/\/aaknives.eu\/wp-content\/uploads\/2024\/10\/aaknives-hand-forged-damascus-steel-blade-knife-handmade-custom-made-knife-handcrafted-knives-autinetools-northmen-32.3.jpg","datePublished":"2024-10-29T01:59:12+00:00","dateModified":"2025-11-30T20:42:48+00:00","description":"\u0160vedi\u0161kas \u201eBohler-Uddeholm N695\u201c peilio plienas\u201eBohler N695\u201c yra chromuotas ner\u016bdijantis plienas i\u0161 \u201eBohler Uddeholm\u201c grup\u0117s. Jis pasi\u017eymi dideliu kietumu, geru atsparumu dilimui ir geru atsparumu korozijai.","breadcrumb":{"@id":"https:\/\/aaknives.eu\/lt\/product\/peilis-wild-boar-svediskas-bohler-uddeholm-n695-nerudijancio-plieno-peilis-2\/#breadcrumb"},"inLanguage":"lt-LT","potentialAction":[{"@type":"ReadAction","target":["https:\/\/aaknives.eu\/lt\/product\/peilis-wild-boar-svediskas-bohler-uddeholm-n695-nerudijancio-plieno-peilis-2\/"]}]},{"@type":"ImageObject","inLanguage":"lt-LT","@id":"https:\/\/aaknives.eu\/lt\/product\/peilis-wild-boar-svediskas-bohler-uddeholm-n695-nerudijancio-plieno-peilis-2\/#primaryimage","url":"https:\/\/aaknives.eu\/wp-content\/uploads\/2024\/10\/aaknives-hand-forged-damascus-steel-blade-knife-handmade-custom-made-knife-handcrafted-knives-autinetools-northmen-32.3.jpg","contentUrl":"https:\/\/aaknives.eu\/wp-content\/uploads\/2024\/10\/aaknives-hand-forged-damascus-steel-blade-knife-handmade-custom-made-knife-handcrafted-knives-autinetools-northmen-32.3.jpg","width":1020,"height":880},{"@type":"BreadcrumbList","@id":"https:\/\/aaknives.eu\/lt\/product\/peilis-wild-boar-svediskas-bohler-uddeholm-n695-nerudijancio-plieno-peilis-2\/#breadcrumb","itemListElement":[{"@type":"ListItem","position":1,"name":"Home","item":"https:\/\/aaknives.eu\/lt\/"},{"@type":"ListItem","position":2,"name":"Parduotuv\u0117","item":"https:\/\/aaknives.eu\/parduotuve\/"},{"@type":"ListItem","position":3,"name":"Peilis &#8221;WILD BOAR&#8221; &#8211; \u0161vedi\u0161kas Bohler-Uddeholm N695 ner\u016bdijan\u010dio plieno peilis"}]},{"@type":"WebSite","@id":"https:\/\/aaknives.eu\/lt\/#website","url":"https:\/\/aaknives.eu\/lt\/","name":"AAKnives","description":"Handmade knives","publisher":{"@id":"https:\/\/aaknives.eu\/lt\/#organization"},"potentialAction":[{"@type":"SearchAction","target":{"@type":"EntryPoint","urlTemplate":"https:\/\/aaknives.eu\/lt\/?s={search_term_string}"},"query-input":{"@type":"PropertyValueSpecification","valueRequired":true,"valueName":"search_term_string"}}],"inLanguage":"lt-LT"},{"@type":"Organization","@id":"https:\/\/aaknives.eu\/lt\/#organization","name":"AAKnives","url":"https:\/\/aaknives.eu\/lt\/","logo":{"@type":"ImageObject","inLanguage":"lt-LT","@id":"https:\/\/aaknives.eu\/lt\/#\/schema\/logo\/image\/","url":"https:\/\/aaknives.eu\/wp-content\/uploads\/2021\/10\/AAknives_Logo_Green.png","contentUrl":"https:\/\/aaknives.eu\/wp-content\/uploads\/2021\/10\/AAknives_Logo_Green.png","width":1768,"height":1768,"caption":"AAKnives"},"image":{"@id":"https:\/\/aaknives.eu\/lt\/#\/schema\/logo\/image\/"},"sameAs":["https:\/\/www.facebook.com\/aaknives.eu\/","https:\/\/www.instagram.com\/aaknives\/","https:\/\/www.pinterest.com\/aa_knives\/","https:\/\/www.youtube.com\/channel\/UCHOQFjrOkgT6s4FIw9LDKyw\/featured"]}]}},"_links":{"self":[{"href":"https:\/\/aaknives.eu\/lt\/wp-json\/wp\/v2\/product\/89848","targetHints":{"allow":["GET"]}}],"collection":[{"href":"https:\/\/aaknives.eu\/lt\/wp-json\/wp\/v2\/product"}],"about":[{"href":"https:\/\/aaknives.eu\/lt\/wp-json\/wp\/v2\/types\/product"}],"wp:featuredmedia":[{"embeddable":true,"href":"https:\/\/aaknives.eu\/lt\/wp-json\/wp\/v2\/media\/99816"}],"wp:attachment":[{"href":"https:\/\/aaknives.eu\/lt\/wp-json\/wp\/v2\/media?parent=89848"}],"wp:term":[{"taxonomy":"product_brand","embeddable":true,"href":"https:\/\/aaknives.eu\/lt\/wp-json\/wp\/v2\/product_brand?post=89848"},{"taxonomy":"product_cat","embeddable":true,"href":"https:\/\/aaknives.eu\/lt\/wp-json\/wp\/v2\/product_cat?post=89848"},{"taxonomy":"product_tag","embeddable":true,"href":"https:\/\/aaknives.eu\/lt\/wp-json\/wp\/v2\/product_tag?post=89848"}],"curies":[{"name":"wp","href":"https:\/\/api.w.org\/{rel}","templated":true}]}}