{"id":89852,"date":"2024-10-29T01:58:23","date_gmt":"2024-10-29T01:58:23","guid":{"rendered":"https:\/\/aaknives.eu\/?post_type=product&#038;p=89852"},"modified":"2026-01-31T13:59:57","modified_gmt":"2026-01-31T13:59:57","slug":"peilis-eagle-rankomis-kaltas-nerudijancio-plieno-peilis","status":"publish","type":"product","link":"https:\/\/aaknives.eu\/lt\/product\/peilis-eagle-rankomis-kaltas-nerudijancio-plieno-peilis\/","title":{"rendered":"Peilis &#8211; EAGLE &#8211; rankomis kaltas ner\u016bdijan\u010dio plieno peilis"},"content":{"rendered":"<p>Peilio specifikacijos: EAGLE<br \/>\nPlienas: rankomis kaltas ner\u016bdijan\u010dio plieno a\u0161menys N695<br \/>\nKietumas: 58 HRC<br \/>\nA\u0161men\u0173 ilgis (mm): 130 \/ 5,11 colio<br \/>\nA\u0161men\u0173 storis (mm): 3\/ 0,11 colio<br \/>\nA\u0161men\u0173 plotis (mm): 28 \/ 1,10 colio<br \/>\nRankena: afrikieti\u0161ka venge mediena<br \/>\nVisas ilgis (mm): 276 \/ 10,86 colio<\/p>\n<p>\u0160vedi\u0161kas Bohler-Uddeholm N695 peili\u0173 plienas<\/p>\n<p>&#8220;Bohler N695&#8221; yra &#8220;Bohler Uddeholm&#8221; grup\u0117s chromuotas ner\u016bdijantis plienas. Jis pasi\u017eymi dideliu kietumu, atsparumu dilimui ir korozijai. Peilis i\u0161 N695 plieno yra ner\u016bdijantis, ilgai a\u0161trus ir nereikalauja specialios prie\u017ei\u016bros.<\/p>\n<p>Valcuojama naudojant skersin\u0119 technologij\u0105, kad b\u016bt\u0173 u\u017etikrintas maksimalus plok\u0161\u010di\u0173 ir lak\u0161t\u0173 stabilumas ir vienodumas.<\/p>\n<p>Kiti BOHLER N695 naudojimo b\u016bdai:<\/p>\n<p>Ried\u0117jimo element\u0173 guoliai, vo\u017etuv\u0173 lizdai, auk\u0161tos kokyb\u0117s peili\u0173 gele\u017et\u0117s, chirurginiai instrumentai ir med\u017eio dro\u017eybos \u017eirkl\u0117s.<\/p>\n<p>BOHLER N695 Sud\u0117tis: C &#8211; 1,030 \/ MN &#8211; 0,44 \/ SI &#8211; 0,48 \/ P &#8211; 0,018 \/ S &#8211; 0,0010 \/ CR &#8211; 16,46 \/ MO &#8211; 0,43<\/p>\n","protected":false},"excerpt":{"rendered":"<p>Peilio specifikacijos: EAGLE Plienas: rankomis kaltas ner\u016bdijan\u010dio plieno a\u0161menys N695 Kietumas: 58 HRC A\u0161men\u0173 ilgis (mm): 130 \/ 5,11 colio A\u0161men\u0173 storis (mm): 3\/ 0,11 colio A\u0161men\u0173 plotis (mm): 28 \/ 1,10 colio Rankena: afrikieti\u0161ka venge mediena Visas ilgis (mm): 276 \/ 10,86 colio \u0160vedi\u0161kas Bohler-Uddeholm N695 peili\u0173 plienas &#8220;Bohler N695&#8221; yra &#8220;Bohler Uddeholm&#8221; grup\u0117s chromuotas ner\u016bdijantis plienas. Jis pasi\u017eymi dideliu kietumu, atsparumu dilimui ir korozijai. Peilis i\u0161 N695 plieno yra ner\u016bdijantis, ilgai a\u0161trus ir nereikalauja specialios prie\u017ei\u016bros. Valcuojama naudojant skersin\u0119 technologij\u0105, kad b\u016bt\u0173 u\u017etikrintas maksimalus plok\u0161\u010di\u0173 ir lak\u0161t\u0173 stabilumas ir vienodumas. Kiti BOHLER N695 naudojimo b\u016bdai: Ried\u0117jimo element\u0173 guoliai,&hellip;<\/p>\n","protected":false},"featured_media":93929,"template":"","meta":{"_themeisle_gutenberg_block_has_review":false},"product_brand":[],"product_cat":[380,381,386],"product_tag":[],"class_list":{"0":"post-89852","1":"product","2":"type-product","3":"status-publish","4":"has-post-thumbnail","6":"product_cat-premium-ir-isskirtiniai-peiliai","7":"product_cat-lauko-peiliai","8":"product_cat-medziokliniai-peiliai","10":"first","11":"instock","12":"shipping-taxable","13":"purchasable","14":"product-type-simple"},"yoast_head":"<!-- This site is optimized with the Yoast SEO plugin v27.5 - https:\/\/yoast.com\/product\/yoast-seo-wordpress\/ -->\n<title>Peilis - EAGLE - rankomis kaltas ner\u016bdijan\u010dio plieno peilis - AAKnives<\/title>\n<meta name=\"description\" content=\"Peilis - EAGLE rankomis kaltas ner\u016bdijan\u010dio plieno a\u0161men\u0173 lauko peilis, i\u0161skirtinis peilis, geriausias dovan\u0173 peilis\" \/>\n<meta name=\"robots\" content=\"index, follow, max-snippet:-1, max-image-preview:large, max-video-preview:-1\" \/>\n<link rel=\"canonical\" href=\"https:\/\/aaknives.eu\/lt\/product\/peilis-eagle-rankomis-kaltas-nerudijancio-plieno-peilis\/\" \/>\n<meta property=\"og:locale\" content=\"lt_LT\" \/>\n<meta property=\"og:type\" content=\"article\" \/>\n<meta property=\"og:title\" content=\"Peilis - EAGLE - rankomis kaltas ner\u016bdijan\u010dio plieno peilis - AAKnives\" \/>\n<meta property=\"og:description\" content=\"Peilis - EAGLE rankomis kaltas ner\u016bdijan\u010dio plieno a\u0161men\u0173 lauko peilis, i\u0161skirtinis peilis, geriausias dovan\u0173 peilis\" \/>\n<meta property=\"og:url\" content=\"https:\/\/aaknives.eu\/lt\/product\/peilis-eagle-rankomis-kaltas-nerudijancio-plieno-peilis\/\" \/>\n<meta property=\"og:site_name\" content=\"AAKnives\" \/>\n<meta property=\"article:publisher\" content=\"https:\/\/www.facebook.com\/aaknives.eu\/\" \/>\n<meta property=\"article:modified_time\" content=\"2026-01-31T13:59:57+00:00\" \/>\n<meta property=\"og:image\" content=\"https:\/\/aaknives.eu\/wp-content\/uploads\/2024\/10\/aaknives-hand-forged-dabascus-steel-blade-knife-handmade-custom-made-knife-handcrafted-knives-autinetools-northmen-13.2-2.jpg\" \/>\n\t<meta property=\"og:image:width\" content=\"1020\" \/>\n\t<meta property=\"og:image:height\" content=\"880\" \/>\n\t<meta property=\"og:image:type\" content=\"image\/jpeg\" \/>\n<meta name=\"twitter:card\" content=\"summary_large_image\" \/>\n<meta name=\"twitter:label1\" content=\"Est. reading time\" \/>\n\t<meta name=\"twitter:data1\" content=\"1 minut\u0117\" \/>\n<script type=\"application\/ld+json\" class=\"yoast-schema-graph\">{\"@context\":\"https:\\\/\\\/schema.org\",\"@graph\":[{\"@type\":\"WebPage\",\"@id\":\"https:\\\/\\\/aaknives.eu\\\/lt\\\/product\\\/peilis-eagle-rankomis-kaltas-nerudijancio-plieno-peilis\\\/\",\"url\":\"https:\\\/\\\/aaknives.eu\\\/lt\\\/product\\\/peilis-eagle-rankomis-kaltas-nerudijancio-plieno-peilis\\\/\",\"name\":\"Peilis - EAGLE - rankomis kaltas ner\u016bdijan\u010dio plieno peilis - AAKnives\",\"isPartOf\":{\"@id\":\"https:\\\/\\\/aaknives.eu\\\/lt\\\/#website\"},\"primaryImageOfPage\":{\"@id\":\"https:\\\/\\\/aaknives.eu\\\/lt\\\/product\\\/peilis-eagle-rankomis-kaltas-nerudijancio-plieno-peilis\\\/#primaryimage\"},\"image\":{\"@id\":\"https:\\\/\\\/aaknives.eu\\\/lt\\\/product\\\/peilis-eagle-rankomis-kaltas-nerudijancio-plieno-peilis\\\/#primaryimage\"},\"thumbnailUrl\":\"https:\\\/\\\/aaknives.eu\\\/wp-content\\\/uploads\\\/2024\\\/10\\\/aaknives-hand-forged-dabascus-steel-blade-knife-handmade-custom-made-knife-handcrafted-knives-autinetools-northmen-13.2-2.jpg\",\"datePublished\":\"2024-10-29T01:58:23+00:00\",\"dateModified\":\"2026-01-31T13:59:57+00:00\",\"description\":\"Peilis - EAGLE rankomis kaltas ner\u016bdijan\u010dio plieno a\u0161men\u0173 lauko peilis, i\u0161skirtinis peilis, geriausias dovan\u0173 peilis\",\"breadcrumb\":{\"@id\":\"https:\\\/\\\/aaknives.eu\\\/lt\\\/product\\\/peilis-eagle-rankomis-kaltas-nerudijancio-plieno-peilis\\\/#breadcrumb\"},\"inLanguage\":\"lt-LT\",\"potentialAction\":[{\"@type\":\"ReadAction\",\"target\":[\"https:\\\/\\\/aaknives.eu\\\/lt\\\/product\\\/peilis-eagle-rankomis-kaltas-nerudijancio-plieno-peilis\\\/\"]}]},{\"@type\":\"ImageObject\",\"inLanguage\":\"lt-LT\",\"@id\":\"https:\\\/\\\/aaknives.eu\\\/lt\\\/product\\\/peilis-eagle-rankomis-kaltas-nerudijancio-plieno-peilis\\\/#primaryimage\",\"url\":\"https:\\\/\\\/aaknives.eu\\\/wp-content\\\/uploads\\\/2024\\\/10\\\/aaknives-hand-forged-dabascus-steel-blade-knife-handmade-custom-made-knife-handcrafted-knives-autinetools-northmen-13.2-2.jpg\",\"contentUrl\":\"https:\\\/\\\/aaknives.eu\\\/wp-content\\\/uploads\\\/2024\\\/10\\\/aaknives-hand-forged-dabascus-steel-blade-knife-handmade-custom-made-knife-handcrafted-knives-autinetools-northmen-13.2-2.jpg\",\"width\":1020,\"height\":880},{\"@type\":\"BreadcrumbList\",\"@id\":\"https:\\\/\\\/aaknives.eu\\\/lt\\\/product\\\/peilis-eagle-rankomis-kaltas-nerudijancio-plieno-peilis\\\/#breadcrumb\",\"itemListElement\":[{\"@type\":\"ListItem\",\"position\":1,\"name\":\"Home\",\"item\":\"https:\\\/\\\/aaknives.eu\\\/lt\\\/\"},{\"@type\":\"ListItem\",\"position\":2,\"name\":\"Parduotuv\u0117\",\"item\":\"https:\\\/\\\/aaknives.eu\\\/parduotuve\\\/\"},{\"@type\":\"ListItem\",\"position\":3,\"name\":\"Private: Peilis &#8211; EAGLE &#8211; rankomis kaltas ner\u016bdijan\u010dio plieno peilis\"}]},{\"@type\":\"WebSite\",\"@id\":\"https:\\\/\\\/aaknives.eu\\\/lt\\\/#website\",\"url\":\"https:\\\/\\\/aaknives.eu\\\/lt\\\/\",\"name\":\"AAKnives\",\"description\":\"Handmade knives\",\"publisher\":{\"@id\":\"https:\\\/\\\/aaknives.eu\\\/lt\\\/#organization\"},\"potentialAction\":[{\"@type\":\"SearchAction\",\"target\":{\"@type\":\"EntryPoint\",\"urlTemplate\":\"https:\\\/\\\/aaknives.eu\\\/lt\\\/?s={search_term_string}\"},\"query-input\":{\"@type\":\"PropertyValueSpecification\",\"valueRequired\":true,\"valueName\":\"search_term_string\"}}],\"inLanguage\":\"lt-LT\"},{\"@type\":\"Organization\",\"@id\":\"https:\\\/\\\/aaknives.eu\\\/lt\\\/#organization\",\"name\":\"AAKnives\",\"url\":\"https:\\\/\\\/aaknives.eu\\\/lt\\\/\",\"logo\":{\"@type\":\"ImageObject\",\"inLanguage\":\"lt-LT\",\"@id\":\"https:\\\/\\\/aaknives.eu\\\/lt\\\/#\\\/schema\\\/logo\\\/image\\\/\",\"url\":\"https:\\\/\\\/aaknives.eu\\\/wp-content\\\/uploads\\\/2021\\\/10\\\/AAknives_Logo_Green.png\",\"contentUrl\":\"https:\\\/\\\/aaknives.eu\\\/wp-content\\\/uploads\\\/2021\\\/10\\\/AAknives_Logo_Green.png\",\"width\":1768,\"height\":1768,\"caption\":\"AAKnives\"},\"image\":{\"@id\":\"https:\\\/\\\/aaknives.eu\\\/lt\\\/#\\\/schema\\\/logo\\\/image\\\/\"},\"sameAs\":[\"https:\\\/\\\/www.facebook.com\\\/aaknives.eu\\\/\",\"https:\\\/\\\/www.instagram.com\\\/aaknives\\\/\",\"https:\\\/\\\/www.pinterest.com\\\/aa_knives\\\/\",\"https:\\\/\\\/www.youtube.com\\\/channel\\\/UCHOQFjrOkgT6s4FIw9LDKyw\\\/featured\"]}]}<\/script>\n<!-- \/ Yoast SEO plugin. -->","yoast_head_json":{"title":"Peilis - EAGLE - rankomis kaltas ner\u016bdijan\u010dio plieno peilis - AAKnives","description":"Peilis - EAGLE rankomis kaltas ner\u016bdijan\u010dio plieno a\u0161men\u0173 lauko peilis, i\u0161skirtinis peilis, geriausias dovan\u0173 peilis","robots":{"index":"index","follow":"follow","max-snippet":"max-snippet:-1","max-image-preview":"max-image-preview:large","max-video-preview":"max-video-preview:-1"},"canonical":"https:\/\/aaknives.eu\/lt\/product\/peilis-eagle-rankomis-kaltas-nerudijancio-plieno-peilis\/","og_locale":"lt_LT","og_type":"article","og_title":"Peilis - EAGLE - rankomis kaltas ner\u016bdijan\u010dio plieno peilis - AAKnives","og_description":"Peilis - EAGLE rankomis kaltas ner\u016bdijan\u010dio plieno a\u0161men\u0173 lauko peilis, i\u0161skirtinis peilis, geriausias dovan\u0173 peilis","og_url":"https:\/\/aaknives.eu\/lt\/product\/peilis-eagle-rankomis-kaltas-nerudijancio-plieno-peilis\/","og_site_name":"AAKnives","article_publisher":"https:\/\/www.facebook.com\/aaknives.eu\/","article_modified_time":"2026-01-31T13:59:57+00:00","og_image":[{"width":1020,"height":880,"url":"https:\/\/aaknives.eu\/wp-content\/uploads\/2024\/10\/aaknives-hand-forged-dabascus-steel-blade-knife-handmade-custom-made-knife-handcrafted-knives-autinetools-northmen-13.2-2.jpg","type":"image\/jpeg"}],"twitter_card":"summary_large_image","twitter_misc":{"Est. reading time":"1 minut\u0117"},"schema":{"@context":"https:\/\/schema.org","@graph":[{"@type":"WebPage","@id":"https:\/\/aaknives.eu\/lt\/product\/peilis-eagle-rankomis-kaltas-nerudijancio-plieno-peilis\/","url":"https:\/\/aaknives.eu\/lt\/product\/peilis-eagle-rankomis-kaltas-nerudijancio-plieno-peilis\/","name":"Peilis - EAGLE - rankomis kaltas ner\u016bdijan\u010dio plieno peilis - AAKnives","isPartOf":{"@id":"https:\/\/aaknives.eu\/lt\/#website"},"primaryImageOfPage":{"@id":"https:\/\/aaknives.eu\/lt\/product\/peilis-eagle-rankomis-kaltas-nerudijancio-plieno-peilis\/#primaryimage"},"image":{"@id":"https:\/\/aaknives.eu\/lt\/product\/peilis-eagle-rankomis-kaltas-nerudijancio-plieno-peilis\/#primaryimage"},"thumbnailUrl":"https:\/\/aaknives.eu\/wp-content\/uploads\/2024\/10\/aaknives-hand-forged-dabascus-steel-blade-knife-handmade-custom-made-knife-handcrafted-knives-autinetools-northmen-13.2-2.jpg","datePublished":"2024-10-29T01:58:23+00:00","dateModified":"2026-01-31T13:59:57+00:00","description":"Peilis - EAGLE rankomis kaltas ner\u016bdijan\u010dio plieno a\u0161men\u0173 lauko peilis, i\u0161skirtinis peilis, geriausias dovan\u0173 peilis","breadcrumb":{"@id":"https:\/\/aaknives.eu\/lt\/product\/peilis-eagle-rankomis-kaltas-nerudijancio-plieno-peilis\/#breadcrumb"},"inLanguage":"lt-LT","potentialAction":[{"@type":"ReadAction","target":["https:\/\/aaknives.eu\/lt\/product\/peilis-eagle-rankomis-kaltas-nerudijancio-plieno-peilis\/"]}]},{"@type":"ImageObject","inLanguage":"lt-LT","@id":"https:\/\/aaknives.eu\/lt\/product\/peilis-eagle-rankomis-kaltas-nerudijancio-plieno-peilis\/#primaryimage","url":"https:\/\/aaknives.eu\/wp-content\/uploads\/2024\/10\/aaknives-hand-forged-dabascus-steel-blade-knife-handmade-custom-made-knife-handcrafted-knives-autinetools-northmen-13.2-2.jpg","contentUrl":"https:\/\/aaknives.eu\/wp-content\/uploads\/2024\/10\/aaknives-hand-forged-dabascus-steel-blade-knife-handmade-custom-made-knife-handcrafted-knives-autinetools-northmen-13.2-2.jpg","width":1020,"height":880},{"@type":"BreadcrumbList","@id":"https:\/\/aaknives.eu\/lt\/product\/peilis-eagle-rankomis-kaltas-nerudijancio-plieno-peilis\/#breadcrumb","itemListElement":[{"@type":"ListItem","position":1,"name":"Home","item":"https:\/\/aaknives.eu\/lt\/"},{"@type":"ListItem","position":2,"name":"Parduotuv\u0117","item":"https:\/\/aaknives.eu\/parduotuve\/"},{"@type":"ListItem","position":3,"name":"Private: Peilis &#8211; EAGLE &#8211; rankomis kaltas ner\u016bdijan\u010dio plieno peilis"}]},{"@type":"WebSite","@id":"https:\/\/aaknives.eu\/lt\/#website","url":"https:\/\/aaknives.eu\/lt\/","name":"AAKnives","description":"Handmade knives","publisher":{"@id":"https:\/\/aaknives.eu\/lt\/#organization"},"potentialAction":[{"@type":"SearchAction","target":{"@type":"EntryPoint","urlTemplate":"https:\/\/aaknives.eu\/lt\/?s={search_term_string}"},"query-input":{"@type":"PropertyValueSpecification","valueRequired":true,"valueName":"search_term_string"}}],"inLanguage":"lt-LT"},{"@type":"Organization","@id":"https:\/\/aaknives.eu\/lt\/#organization","name":"AAKnives","url":"https:\/\/aaknives.eu\/lt\/","logo":{"@type":"ImageObject","inLanguage":"lt-LT","@id":"https:\/\/aaknives.eu\/lt\/#\/schema\/logo\/image\/","url":"https:\/\/aaknives.eu\/wp-content\/uploads\/2021\/10\/AAknives_Logo_Green.png","contentUrl":"https:\/\/aaknives.eu\/wp-content\/uploads\/2021\/10\/AAknives_Logo_Green.png","width":1768,"height":1768,"caption":"AAKnives"},"image":{"@id":"https:\/\/aaknives.eu\/lt\/#\/schema\/logo\/image\/"},"sameAs":["https:\/\/www.facebook.com\/aaknives.eu\/","https:\/\/www.instagram.com\/aaknives\/","https:\/\/www.pinterest.com\/aa_knives\/","https:\/\/www.youtube.com\/channel\/UCHOQFjrOkgT6s4FIw9LDKyw\/featured"]}]}},"_links":{"self":[{"href":"https:\/\/aaknives.eu\/lt\/wp-json\/wp\/v2\/product\/89852","targetHints":{"allow":["GET"]}}],"collection":[{"href":"https:\/\/aaknives.eu\/lt\/wp-json\/wp\/v2\/product"}],"about":[{"href":"https:\/\/aaknives.eu\/lt\/wp-json\/wp\/v2\/types\/product"}],"wp:featuredmedia":[{"embeddable":true,"href":"https:\/\/aaknives.eu\/lt\/wp-json\/wp\/v2\/media\/93929"}],"wp:attachment":[{"href":"https:\/\/aaknives.eu\/lt\/wp-json\/wp\/v2\/media?parent=89852"}],"wp:term":[{"taxonomy":"product_brand","embeddable":true,"href":"https:\/\/aaknives.eu\/lt\/wp-json\/wp\/v2\/product_brand?post=89852"},{"taxonomy":"product_cat","embeddable":true,"href":"https:\/\/aaknives.eu\/lt\/wp-json\/wp\/v2\/product_cat?post=89852"},{"taxonomy":"product_tag","embeddable":true,"href":"https:\/\/aaknives.eu\/lt\/wp-json\/wp\/v2\/product_tag?post=89852"}],"curies":[{"name":"wp","href":"https:\/\/api.w.org\/{rel}","templated":true}]}}