{"id":89854,"date":"2024-10-29T01:58:23","date_gmt":"2024-10-29T01:58:23","guid":{"rendered":"https:\/\/aaknives.eu\/?post_type=product&#038;p=89854"},"modified":"2024-10-29T02:59:53","modified_gmt":"2024-10-29T02:59:53","slug":"suomiskas-peilis-puukko-2-rankomis-kaltas-peilis-nerudijancio-plieno-asmenimis-2","status":"publish","type":"product","link":"https:\/\/aaknives.eu\/lt\/product\/suomiskas-peilis-puukko-2-rankomis-kaltas-peilis-nerudijancio-plieno-asmenimis-2\/","title":{"rendered":"Suomi\u0161kas peilis &#8221;Puukko-2&#8221; &#8211; rankomis kaltas peilis ner\u016bdijan\u010dio plieno a\u0161menimis"},"content":{"rendered":"<p>Peilio specifikacijos: Puukko-2<br \/>\nPlienas: rankomis kaltas ner\u016bdijantis plienas N695<br \/>\nKietumas: 59 HRC<br \/>\nGele\u017et\u0117s ilgis (mm): 97 \/ 3,81 colio<br \/>\nGele\u017et\u0117s storis (mm): (mm): 3 \/ 0,11 colio<br \/>\nA\u0161men\u0173 plotis (mm): Atsparumas (mm): 26 \/ 1,02 colio<br \/>\nRankena: Karelijos ber\u017eas<br \/>\nBendras ilgis (mm): Vidutinis ilgis (mm): 221 \/ 8,70 colio<\/p>\n<p>Nestandartinis peilis, rank\u0173 darbo peilis, rank\u0173 darbo peilis, rank\u0173 darbo peilis, rank\u0173 darbo peilis<\/p>\n","protected":false},"excerpt":{"rendered":"<p>Peilio specifikacijos: Puukko-2 Plienas: rankomis kaltas ner\u016bdijantis plienas N695 Kietumas: 59 HRC Gele\u017et\u0117s ilgis (mm): 97 \/ 3,81 colio Gele\u017et\u0117s storis (mm): (mm): 3 \/ 0,11 colio A\u0161men\u0173 plotis (mm): Atsparumas (mm): 26 \/ 1,02 colio Rankena: Karelijos ber\u017eas Bendras ilgis (mm): Vidutinis ilgis (mm): 221 \/ 8,70 colio Nestandartinis peilis, rank\u0173 darbo peilis, rank\u0173 darbo peilis, rank\u0173 darbo peilis, rank\u0173 darbo peilis<\/p>\n","protected":false},"featured_media":91648,"template":"","meta":{"_themeisle_gutenberg_block_has_review":false},"product_brand":[],"product_cat":[374],"product_tag":[],"class_list":{"0":"post-89854","1":"product","2":"type-product","3":"status-publish","4":"has-post-thumbnail","6":"product_cat-geleztes","8":"first","9":"instock","10":"shipping-taxable","11":"purchasable","12":"product-type-simple"},"yoast_head":"<!-- This site is optimized with the Yoast SEO plugin v27.3 - https:\/\/yoast.com\/product\/yoast-seo-wordpress\/ -->\n<title>Suomi\u0161kas peilis &#039;&#039;Puukko-2&#039;&#039; - rankomis kaltas peilis ner\u016bdijan\u010dio plieno a\u0161menimis - AAKnives<\/title>\n<meta name=\"description\" content=\"Suomi\u0161kas peilis &#039;&#039;Puukko-2&#039;&#039; - rank\u0173 darbo ner\u016bdijan\u010dio plieno peilis, med\u017eioklinis peilis, lauko peilis, \u017evejybos peilis\" \/>\n<meta name=\"robots\" content=\"index, follow, max-snippet:-1, max-image-preview:large, max-video-preview:-1\" \/>\n<link rel=\"canonical\" href=\"https:\/\/aaknives.eu\/lt\/product\/suomiskas-peilis-puukko-2-rankomis-kaltas-peilis-nerudijancio-plieno-asmenimis-2\/\" \/>\n<meta property=\"og:locale\" content=\"lt_LT\" \/>\n<meta property=\"og:type\" content=\"article\" \/>\n<meta property=\"og:title\" content=\"Suomi\u0161kas peilis &#039;&#039;Puukko-2&#039;&#039; - rankomis kaltas peilis ner\u016bdijan\u010dio plieno a\u0161menimis - AAKnives\" \/>\n<meta property=\"og:description\" content=\"Suomi\u0161kas peilis &#039;&#039;Puukko-2&#039;&#039; - rank\u0173 darbo ner\u016bdijan\u010dio plieno peilis, med\u017eioklinis peilis, lauko peilis, \u017evejybos peilis\" \/>\n<meta property=\"og:url\" content=\"https:\/\/aaknives.eu\/lt\/product\/suomiskas-peilis-puukko-2-rankomis-kaltas-peilis-nerudijancio-plieno-asmenimis-2\/\" \/>\n<meta property=\"og:site_name\" content=\"AAKnives\" \/>\n<meta property=\"article:publisher\" content=\"https:\/\/www.facebook.com\/aaknives.eu\/\" \/>\n<meta property=\"article:modified_time\" content=\"2024-10-29T02:59:53+00:00\" \/>\n<meta property=\"og:image\" content=\"https:\/\/aaknives.eu\/wp-content\/uploads\/2024\/10\/aaknives-hand-forged-dabascus-steel-blade-knife-handmade-custom-made-knife-handcrafted-knives-autinetools-northmen-2-1-2-2-1.jpg\" \/>\n\t<meta property=\"og:image:width\" content=\"800\" \/>\n\t<meta property=\"og:image:height\" content=\"600\" \/>\n\t<meta property=\"og:image:type\" content=\"image\/jpeg\" \/>\n<meta name=\"twitter:card\" content=\"summary_large_image\" \/>\n<script type=\"application\/ld+json\" class=\"yoast-schema-graph\">{\"@context\":\"https:\\\/\\\/schema.org\",\"@graph\":[{\"@type\":\"WebPage\",\"@id\":\"https:\\\/\\\/aaknives.eu\\\/lt\\\/product\\\/suomiskas-peilis-puukko-2-rankomis-kaltas-peilis-nerudijancio-plieno-asmenimis-2\\\/\",\"url\":\"https:\\\/\\\/aaknives.eu\\\/lt\\\/product\\\/suomiskas-peilis-puukko-2-rankomis-kaltas-peilis-nerudijancio-plieno-asmenimis-2\\\/\",\"name\":\"Suomi\u0161kas peilis ''Puukko-2'' - rankomis kaltas peilis ner\u016bdijan\u010dio plieno a\u0161menimis - AAKnives\",\"isPartOf\":{\"@id\":\"https:\\\/\\\/aaknives.eu\\\/lt\\\/#website\"},\"primaryImageOfPage\":{\"@id\":\"https:\\\/\\\/aaknives.eu\\\/lt\\\/product\\\/suomiskas-peilis-puukko-2-rankomis-kaltas-peilis-nerudijancio-plieno-asmenimis-2\\\/#primaryimage\"},\"image\":{\"@id\":\"https:\\\/\\\/aaknives.eu\\\/lt\\\/product\\\/suomiskas-peilis-puukko-2-rankomis-kaltas-peilis-nerudijancio-plieno-asmenimis-2\\\/#primaryimage\"},\"thumbnailUrl\":\"https:\\\/\\\/aaknives.eu\\\/wp-content\\\/uploads\\\/2024\\\/10\\\/aaknives-hand-forged-dabascus-steel-blade-knife-handmade-custom-made-knife-handcrafted-knives-autinetools-northmen-51.jpg\",\"datePublished\":\"2024-10-29T01:58:23+00:00\",\"dateModified\":\"2024-10-29T02:59:53+00:00\",\"description\":\"Suomi\u0161kas peilis ''Puukko-2'' - rank\u0173 darbo ner\u016bdijan\u010dio plieno peilis, med\u017eioklinis peilis, lauko peilis, \u017evejybos peilis\",\"breadcrumb\":{\"@id\":\"https:\\\/\\\/aaknives.eu\\\/lt\\\/product\\\/suomiskas-peilis-puukko-2-rankomis-kaltas-peilis-nerudijancio-plieno-asmenimis-2\\\/#breadcrumb\"},\"inLanguage\":\"lt-LT\",\"potentialAction\":[{\"@type\":\"ReadAction\",\"target\":[\"https:\\\/\\\/aaknives.eu\\\/lt\\\/product\\\/suomiskas-peilis-puukko-2-rankomis-kaltas-peilis-nerudijancio-plieno-asmenimis-2\\\/\"]}]},{\"@type\":\"ImageObject\",\"inLanguage\":\"lt-LT\",\"@id\":\"https:\\\/\\\/aaknives.eu\\\/lt\\\/product\\\/suomiskas-peilis-puukko-2-rankomis-kaltas-peilis-nerudijancio-plieno-asmenimis-2\\\/#primaryimage\",\"url\":\"https:\\\/\\\/aaknives.eu\\\/wp-content\\\/uploads\\\/2024\\\/10\\\/aaknives-hand-forged-dabascus-steel-blade-knife-handmade-custom-made-knife-handcrafted-knives-autinetools-northmen-51.jpg\",\"contentUrl\":\"https:\\\/\\\/aaknives.eu\\\/wp-content\\\/uploads\\\/2024\\\/10\\\/aaknives-hand-forged-dabascus-steel-blade-knife-handmade-custom-made-knife-handcrafted-knives-autinetools-northmen-51.jpg\",\"width\":1020,\"height\":880},{\"@type\":\"BreadcrumbList\",\"@id\":\"https:\\\/\\\/aaknives.eu\\\/lt\\\/product\\\/suomiskas-peilis-puukko-2-rankomis-kaltas-peilis-nerudijancio-plieno-asmenimis-2\\\/#breadcrumb\",\"itemListElement\":[{\"@type\":\"ListItem\",\"position\":1,\"name\":\"Home\",\"item\":\"https:\\\/\\\/aaknives.eu\\\/lt\\\/\"},{\"@type\":\"ListItem\",\"position\":2,\"name\":\"Parduotuv\u0117\",\"item\":\"https:\\\/\\\/aaknives.eu\\\/parduotuve\\\/\"},{\"@type\":\"ListItem\",\"position\":3,\"name\":\"Suomi\u0161kas peilis &#8221;Puukko-2&#8221; &#8211; rankomis kaltas peilis ner\u016bdijan\u010dio plieno a\u0161menimis\"}]},{\"@type\":\"WebSite\",\"@id\":\"https:\\\/\\\/aaknives.eu\\\/lt\\\/#website\",\"url\":\"https:\\\/\\\/aaknives.eu\\\/lt\\\/\",\"name\":\"AAKnives\",\"description\":\"Handmade knives\",\"publisher\":{\"@id\":\"https:\\\/\\\/aaknives.eu\\\/lt\\\/#organization\"},\"potentialAction\":[{\"@type\":\"SearchAction\",\"target\":{\"@type\":\"EntryPoint\",\"urlTemplate\":\"https:\\\/\\\/aaknives.eu\\\/lt\\\/?s={search_term_string}\"},\"query-input\":{\"@type\":\"PropertyValueSpecification\",\"valueRequired\":true,\"valueName\":\"search_term_string\"}}],\"inLanguage\":\"lt-LT\"},{\"@type\":\"Organization\",\"@id\":\"https:\\\/\\\/aaknives.eu\\\/lt\\\/#organization\",\"name\":\"AAKnives\",\"url\":\"https:\\\/\\\/aaknives.eu\\\/lt\\\/\",\"logo\":{\"@type\":\"ImageObject\",\"inLanguage\":\"lt-LT\",\"@id\":\"https:\\\/\\\/aaknives.eu\\\/lt\\\/#\\\/schema\\\/logo\\\/image\\\/\",\"url\":\"https:\\\/\\\/aaknives.eu\\\/wp-content\\\/uploads\\\/2021\\\/10\\\/AAknives_Logo_Green.png\",\"contentUrl\":\"https:\\\/\\\/aaknives.eu\\\/wp-content\\\/uploads\\\/2021\\\/10\\\/AAknives_Logo_Green.png\",\"width\":1768,\"height\":1768,\"caption\":\"AAKnives\"},\"image\":{\"@id\":\"https:\\\/\\\/aaknives.eu\\\/lt\\\/#\\\/schema\\\/logo\\\/image\\\/\"},\"sameAs\":[\"https:\\\/\\\/www.facebook.com\\\/aaknives.eu\\\/\",\"https:\\\/\\\/www.instagram.com\\\/aaknives\\\/\",\"https:\\\/\\\/www.pinterest.com\\\/aa_knives\\\/\",\"https:\\\/\\\/www.youtube.com\\\/channel\\\/UCHOQFjrOkgT6s4FIw9LDKyw\\\/featured\"]}]}<\/script>\n<!-- \/ Yoast SEO plugin. -->","yoast_head_json":{"title":"Suomi\u0161kas peilis ''Puukko-2'' - rankomis kaltas peilis ner\u016bdijan\u010dio plieno a\u0161menimis - AAKnives","description":"Suomi\u0161kas peilis ''Puukko-2'' - rank\u0173 darbo ner\u016bdijan\u010dio plieno peilis, med\u017eioklinis peilis, lauko peilis, \u017evejybos peilis","robots":{"index":"index","follow":"follow","max-snippet":"max-snippet:-1","max-image-preview":"max-image-preview:large","max-video-preview":"max-video-preview:-1"},"canonical":"https:\/\/aaknives.eu\/lt\/product\/suomiskas-peilis-puukko-2-rankomis-kaltas-peilis-nerudijancio-plieno-asmenimis-2\/","og_locale":"lt_LT","og_type":"article","og_title":"Suomi\u0161kas peilis ''Puukko-2'' - rankomis kaltas peilis ner\u016bdijan\u010dio plieno a\u0161menimis - AAKnives","og_description":"Suomi\u0161kas peilis ''Puukko-2'' - rank\u0173 darbo ner\u016bdijan\u010dio plieno peilis, med\u017eioklinis peilis, lauko peilis, \u017evejybos peilis","og_url":"https:\/\/aaknives.eu\/lt\/product\/suomiskas-peilis-puukko-2-rankomis-kaltas-peilis-nerudijancio-plieno-asmenimis-2\/","og_site_name":"AAKnives","article_publisher":"https:\/\/www.facebook.com\/aaknives.eu\/","article_modified_time":"2024-10-29T02:59:53+00:00","og_image":[{"width":800,"height":600,"url":"https:\/\/aaknives.eu\/wp-content\/uploads\/2024\/10\/aaknives-hand-forged-dabascus-steel-blade-knife-handmade-custom-made-knife-handcrafted-knives-autinetools-northmen-2-1-2-2-1.jpg","type":"image\/jpeg"}],"twitter_card":"summary_large_image","schema":{"@context":"https:\/\/schema.org","@graph":[{"@type":"WebPage","@id":"https:\/\/aaknives.eu\/lt\/product\/suomiskas-peilis-puukko-2-rankomis-kaltas-peilis-nerudijancio-plieno-asmenimis-2\/","url":"https:\/\/aaknives.eu\/lt\/product\/suomiskas-peilis-puukko-2-rankomis-kaltas-peilis-nerudijancio-plieno-asmenimis-2\/","name":"Suomi\u0161kas peilis ''Puukko-2'' - rankomis kaltas peilis ner\u016bdijan\u010dio plieno a\u0161menimis - AAKnives","isPartOf":{"@id":"https:\/\/aaknives.eu\/lt\/#website"},"primaryImageOfPage":{"@id":"https:\/\/aaknives.eu\/lt\/product\/suomiskas-peilis-puukko-2-rankomis-kaltas-peilis-nerudijancio-plieno-asmenimis-2\/#primaryimage"},"image":{"@id":"https:\/\/aaknives.eu\/lt\/product\/suomiskas-peilis-puukko-2-rankomis-kaltas-peilis-nerudijancio-plieno-asmenimis-2\/#primaryimage"},"thumbnailUrl":"https:\/\/aaknives.eu\/wp-content\/uploads\/2024\/10\/aaknives-hand-forged-dabascus-steel-blade-knife-handmade-custom-made-knife-handcrafted-knives-autinetools-northmen-51.jpg","datePublished":"2024-10-29T01:58:23+00:00","dateModified":"2024-10-29T02:59:53+00:00","description":"Suomi\u0161kas peilis ''Puukko-2'' - rank\u0173 darbo ner\u016bdijan\u010dio plieno peilis, med\u017eioklinis peilis, lauko peilis, \u017evejybos peilis","breadcrumb":{"@id":"https:\/\/aaknives.eu\/lt\/product\/suomiskas-peilis-puukko-2-rankomis-kaltas-peilis-nerudijancio-plieno-asmenimis-2\/#breadcrumb"},"inLanguage":"lt-LT","potentialAction":[{"@type":"ReadAction","target":["https:\/\/aaknives.eu\/lt\/product\/suomiskas-peilis-puukko-2-rankomis-kaltas-peilis-nerudijancio-plieno-asmenimis-2\/"]}]},{"@type":"ImageObject","inLanguage":"lt-LT","@id":"https:\/\/aaknives.eu\/lt\/product\/suomiskas-peilis-puukko-2-rankomis-kaltas-peilis-nerudijancio-plieno-asmenimis-2\/#primaryimage","url":"https:\/\/aaknives.eu\/wp-content\/uploads\/2024\/10\/aaknives-hand-forged-dabascus-steel-blade-knife-handmade-custom-made-knife-handcrafted-knives-autinetools-northmen-51.jpg","contentUrl":"https:\/\/aaknives.eu\/wp-content\/uploads\/2024\/10\/aaknives-hand-forged-dabascus-steel-blade-knife-handmade-custom-made-knife-handcrafted-knives-autinetools-northmen-51.jpg","width":1020,"height":880},{"@type":"BreadcrumbList","@id":"https:\/\/aaknives.eu\/lt\/product\/suomiskas-peilis-puukko-2-rankomis-kaltas-peilis-nerudijancio-plieno-asmenimis-2\/#breadcrumb","itemListElement":[{"@type":"ListItem","position":1,"name":"Home","item":"https:\/\/aaknives.eu\/lt\/"},{"@type":"ListItem","position":2,"name":"Parduotuv\u0117","item":"https:\/\/aaknives.eu\/parduotuve\/"},{"@type":"ListItem","position":3,"name":"Suomi\u0161kas peilis &#8221;Puukko-2&#8221; &#8211; rankomis kaltas peilis ner\u016bdijan\u010dio plieno a\u0161menimis"}]},{"@type":"WebSite","@id":"https:\/\/aaknives.eu\/lt\/#website","url":"https:\/\/aaknives.eu\/lt\/","name":"AAKnives","description":"Handmade knives","publisher":{"@id":"https:\/\/aaknives.eu\/lt\/#organization"},"potentialAction":[{"@type":"SearchAction","target":{"@type":"EntryPoint","urlTemplate":"https:\/\/aaknives.eu\/lt\/?s={search_term_string}"},"query-input":{"@type":"PropertyValueSpecification","valueRequired":true,"valueName":"search_term_string"}}],"inLanguage":"lt-LT"},{"@type":"Organization","@id":"https:\/\/aaknives.eu\/lt\/#organization","name":"AAKnives","url":"https:\/\/aaknives.eu\/lt\/","logo":{"@type":"ImageObject","inLanguage":"lt-LT","@id":"https:\/\/aaknives.eu\/lt\/#\/schema\/logo\/image\/","url":"https:\/\/aaknives.eu\/wp-content\/uploads\/2021\/10\/AAknives_Logo_Green.png","contentUrl":"https:\/\/aaknives.eu\/wp-content\/uploads\/2021\/10\/AAknives_Logo_Green.png","width":1768,"height":1768,"caption":"AAKnives"},"image":{"@id":"https:\/\/aaknives.eu\/lt\/#\/schema\/logo\/image\/"},"sameAs":["https:\/\/www.facebook.com\/aaknives.eu\/","https:\/\/www.instagram.com\/aaknives\/","https:\/\/www.pinterest.com\/aa_knives\/","https:\/\/www.youtube.com\/channel\/UCHOQFjrOkgT6s4FIw9LDKyw\/featured"]}]}},"_links":{"self":[{"href":"https:\/\/aaknives.eu\/lt\/wp-json\/wp\/v2\/product\/89854","targetHints":{"allow":["GET"]}}],"collection":[{"href":"https:\/\/aaknives.eu\/lt\/wp-json\/wp\/v2\/product"}],"about":[{"href":"https:\/\/aaknives.eu\/lt\/wp-json\/wp\/v2\/types\/product"}],"wp:featuredmedia":[{"embeddable":true,"href":"https:\/\/aaknives.eu\/lt\/wp-json\/wp\/v2\/media\/91648"}],"wp:attachment":[{"href":"https:\/\/aaknives.eu\/lt\/wp-json\/wp\/v2\/media?parent=89854"}],"wp:term":[{"taxonomy":"product_brand","embeddable":true,"href":"https:\/\/aaknives.eu\/lt\/wp-json\/wp\/v2\/product_brand?post=89854"},{"taxonomy":"product_cat","embeddable":true,"href":"https:\/\/aaknives.eu\/lt\/wp-json\/wp\/v2\/product_cat?post=89854"},{"taxonomy":"product_tag","embeddable":true,"href":"https:\/\/aaknives.eu\/lt\/wp-json\/wp\/v2\/product_tag?post=89854"}],"curies":[{"name":"wp","href":"https:\/\/api.w.org\/{rel}","templated":true}]}}