{"id":89860,"date":"2024-10-29T01:57:54","date_gmt":"2024-10-29T01:57:54","guid":{"rendered":"https:\/\/aaknives.eu\/?post_type=product&#038;p=89860"},"modified":"2025-09-29T17:41:21","modified_gmt":"2025-09-29T17:41:21","slug":"kaltas-kaltinis-aukstos-kokybes-anglinis-plienas-3","status":"publish","type":"product","link":"https:\/\/aaknives.eu\/lt\/product\/kaltas-kaltinis-aukstos-kokybes-anglinis-plienas-3\/","title":{"rendered":"Senov\u0117s latvi\u0173 ginklas ir \u012frankis &#8211; &#8220;THREE-EDGED KNIFE&#8221;"},"content":{"rendered":"<p>Peilio specifikacijos: \u201eTHREE-EDGED KNIFE\u201c<br \/>\nPlienas: kaltinis anglinis plienas U10<br \/>\nKietumas: 58\u201359 HRC<br \/>\nGele\u017et\u0117s ilgis (mm): 275 \/ 10,82 colio<br \/>\nGele\u017et\u0117s storis (mm): 5 \/ 0,19 colio<br \/>\nGele\u017et\u0117s plotis (mm): 48 \/ 1,88 colio<br \/>\nRankena: afrikieti\u0161ka venge mediena<br \/>\nBendras ilgis (mm): 400 \/ 15,74 colio<br \/>\nPeilio tipas: med\u017eioklei, lauko darbams<br \/>\nPakuot\u0117: peilis, odin\u0117 mak\u0161tis<\/p>\n<p>\u017dodis \u201cTHREE-EDGED KNIFE\u201d rei\u0161kia ginkl\u0105 su trimis koviniais pavir\u0161iais<br \/>\nB\u016bdinga \u0161io ginklo forma priskiriama tiesiogiai latgaliams. Tuo pa\u010diu metu \u201eskramasax\u201c \u2013 ginklas, taip pat buvo pla\u010diai paplit\u0119s Estijos ir Suomijos teritorijoje,<br \/>\nPa\u010dios a\u0161men\u0173 form\u0105 galima pavadinti medicini\u0161kai anatomine, nes ji buvo sukurta giliai suvokiant a\u0161men\u0173 jud\u0117jim\u0105 ir geb\u0117jim\u0105 daryti giliausius pj\u016bvius ir kaul\u0173 \u012fpjovimus.<br \/>\nYpatingo d\u0117mesio nusipelno kardo ilgis \u2013 trejasmenas yra giliai personalizuotas ginklas, nes norint pasiekti kuo didesn\u012f naudingum\u0105 m\u016b\u0161yje, jis turi atitikti ginkluotojo dilbio ilg\u012f, taip \u201etapdamas rankos prat\u0119simu\u201c. Taigi \u2013 tai anatomi\u0161kai puikus ginklas i\u0161 abiej\u0173 pusi\u0173.  <\/p>\n<p>Tokio tipo ir formos artimos kovos kardai nuo seno priklaus\u0117 senov\u0117s latviams \u2013 latgaliams, tai liudija vidurinio (8 a.) ir v\u0117lyvojo gele\u017eies am\u017eiaus (XIII a.) istorin\u0117s Latvijos teritorijos archeologin\u0117 med\u017eiaga.<br \/>\nKovoti su \u201eTHREE-EDGED KNIFE\u201c yra menas. Kovos menas, pagr\u012fstas ilgalaikiais steb\u0117jimais gamtoje, giliu gamtos d\u0117sni\u0173 supratimu ir jud\u0117jimo tikslumu bei poj\u016b\u010diu. Menas, perduodamas i\u0161 kartos \u012f kart\u0105.<br \/>\n\u2018THREE-EDGED KNIFE\u2019 atitinka visus tradicinio ginklo po\u017eymius \u2013 turi praktikoje i\u0161bandyt\u0105 ir \u0161imtme\u010dius sutvirtint\u0105 tvirtinimo b\u016bd\u0105, specialiai sukurt\u0105 gele\u017et\u0119 ir liaudies \u0161lovinim\u0105.  <\/p>\n","protected":false},"excerpt":{"rendered":"<p>Peilio specifikacijos: \u201eTHREE-EDGED KNIFE\u201c Plienas: kaltinis anglinis plienas U10 Kietumas: 58\u201359 HRC Gele\u017et\u0117s ilgis (mm): 275 \/ 10,82 colio Gele\u017et\u0117s storis (mm): 5 \/ 0,19 colio Gele\u017et\u0117s plotis (mm): 48 \/ 1,88 colio Rankena: afrikieti\u0161ka venge mediena Bendras ilgis (mm): 400 \/ 15,74 colio Peilio tipas: med\u017eioklei, lauko darbams Pakuot\u0117: peilis, odin\u0117 mak\u0161tis \u017dodis \u201cTHREE-EDGED KNIFE\u201d rei\u0161kia ginkl\u0105 su trimis koviniais pavir\u0161iais B\u016bdinga \u0161io ginklo forma priskiriama tiesiogiai latgaliams. Tuo pa\u010diu metu \u201eskramasax\u201c \u2013 ginklas, taip pat buvo pla\u010diai paplit\u0119s Estijos ir Suomijos teritorijoje, Pa\u010dios a\u0161men\u0173 form\u0105 galima pavadinti medicini\u0161kai anatomine, nes ji buvo sukurta giliai suvokiant a\u0161men\u0173 jud\u0117jim\u0105 ir&hellip;<\/p>\n","protected":false},"featured_media":101876,"template":"","meta":{"_themeisle_gutenberg_block_has_review":false},"product_brand":[],"product_cat":[388,379],"product_tag":[],"class_list":{"0":"post-89860","1":"product","2":"type-product","3":"status-publish","4":"has-post-thumbnail","6":"product_cat-asys","7":"product_cat-virtuves-peiliai","9":"first","10":"instock","11":"shipping-taxable","12":"purchasable","13":"product-type-simple"},"yoast_head":"<!-- This site is optimized with the Yoast SEO plugin v27.5 - https:\/\/yoast.com\/product\/yoast-seo-wordpress\/ -->\n<title>Senov\u0117s latvi\u0173 ginklas ir \u012frankis - &quot;THREE-EDGED KNIFE&quot; - AAKnives<\/title>\n<meta name=\"description\" content=\"\u017dodis &quot;THREE-EDGED KNIFE&#039;&quot; rei\u0161kia ginkl\u0105 su trimis koviniais pavir\u0161iais. B\u016bdinga \u0161io ginklo forma priskiriama tiesiogiai latgaliams.\" \/>\n<meta name=\"robots\" content=\"index, follow, max-snippet:-1, max-image-preview:large, max-video-preview:-1\" \/>\n<link rel=\"canonical\" href=\"https:\/\/aaknives.eu\/lt\/product\/kaltas-kaltinis-aukstos-kokybes-anglinis-plienas-3\/\" \/>\n<meta property=\"og:locale\" content=\"lt_LT\" \/>\n<meta property=\"og:type\" content=\"article\" \/>\n<meta property=\"og:title\" content=\"Senov\u0117s latvi\u0173 ginklas ir \u012frankis - &quot;THREE-EDGED KNIFE&quot; - AAKnives\" \/>\n<meta property=\"og:description\" content=\"\u017dodis &quot;THREE-EDGED KNIFE&#039;&quot; rei\u0161kia ginkl\u0105 su trimis koviniais pavir\u0161iais. B\u016bdinga \u0161io ginklo forma priskiriama tiesiogiai latgaliams.\" \/>\n<meta property=\"og:url\" content=\"https:\/\/aaknives.eu\/lt\/product\/kaltas-kaltinis-aukstos-kokybes-anglinis-plienas-3\/\" \/>\n<meta property=\"og:site_name\" content=\"AAKnives\" \/>\n<meta property=\"article:publisher\" content=\"https:\/\/www.facebook.com\/aaknives.eu\/\" \/>\n<meta property=\"article:modified_time\" content=\"2025-09-29T17:41:21+00:00\" \/>\n<meta property=\"og:image\" content=\"https:\/\/aaknives.eu\/wp-content\/uploads\/2024\/10\/aaknives-hand-forged-damascus-steel-blade-knife-handmade-custom-made-knife-handcrafted-knives-autinetools-northmen-1-25-2.jpg\" \/>\n\t<meta property=\"og:image:width\" content=\"1020\" \/>\n\t<meta property=\"og:image:height\" content=\"880\" \/>\n\t<meta property=\"og:image:type\" content=\"image\/jpeg\" \/>\n<meta name=\"twitter:card\" content=\"summary_large_image\" \/>\n<meta name=\"twitter:label1\" content=\"Est. reading time\" \/>\n\t<meta name=\"twitter:data1\" content=\"1 minut\u0117\" \/>\n<script type=\"application\/ld+json\" class=\"yoast-schema-graph\">{\"@context\":\"https:\\\/\\\/schema.org\",\"@graph\":[{\"@type\":\"WebPage\",\"@id\":\"https:\\\/\\\/aaknives.eu\\\/lt\\\/product\\\/kaltas-kaltinis-aukstos-kokybes-anglinis-plienas-3\\\/\",\"url\":\"https:\\\/\\\/aaknives.eu\\\/lt\\\/product\\\/kaltas-kaltinis-aukstos-kokybes-anglinis-plienas-3\\\/\",\"name\":\"Senov\u0117s latvi\u0173 ginklas ir \u012frankis - \\\"THREE-EDGED KNIFE\\\" - AAKnives\",\"isPartOf\":{\"@id\":\"https:\\\/\\\/aaknives.eu\\\/lt\\\/#website\"},\"primaryImageOfPage\":{\"@id\":\"https:\\\/\\\/aaknives.eu\\\/lt\\\/product\\\/kaltas-kaltinis-aukstos-kokybes-anglinis-plienas-3\\\/#primaryimage\"},\"image\":{\"@id\":\"https:\\\/\\\/aaknives.eu\\\/lt\\\/product\\\/kaltas-kaltinis-aukstos-kokybes-anglinis-plienas-3\\\/#primaryimage\"},\"thumbnailUrl\":\"https:\\\/\\\/aaknives.eu\\\/wp-content\\\/uploads\\\/2024\\\/10\\\/aaknives-hand-forged-damascus-steel-blade-knife-handmade-custom-made-knife-handcrafted-knives-autinetools-northmen-1-25-2.jpg\",\"datePublished\":\"2024-10-29T01:57:54+00:00\",\"dateModified\":\"2025-09-29T17:41:21+00:00\",\"description\":\"\u017dodis \\\"THREE-EDGED KNIFE'\\\" rei\u0161kia ginkl\u0105 su trimis koviniais pavir\u0161iais. B\u016bdinga \u0161io ginklo forma priskiriama tiesiogiai latgaliams.\",\"breadcrumb\":{\"@id\":\"https:\\\/\\\/aaknives.eu\\\/lt\\\/product\\\/kaltas-kaltinis-aukstos-kokybes-anglinis-plienas-3\\\/#breadcrumb\"},\"inLanguage\":\"lt-LT\",\"potentialAction\":[{\"@type\":\"ReadAction\",\"target\":[\"https:\\\/\\\/aaknives.eu\\\/lt\\\/product\\\/kaltas-kaltinis-aukstos-kokybes-anglinis-plienas-3\\\/\"]}]},{\"@type\":\"ImageObject\",\"inLanguage\":\"lt-LT\",\"@id\":\"https:\\\/\\\/aaknives.eu\\\/lt\\\/product\\\/kaltas-kaltinis-aukstos-kokybes-anglinis-plienas-3\\\/#primaryimage\",\"url\":\"https:\\\/\\\/aaknives.eu\\\/wp-content\\\/uploads\\\/2024\\\/10\\\/aaknives-hand-forged-damascus-steel-blade-knife-handmade-custom-made-knife-handcrafted-knives-autinetools-northmen-1-25-2.jpg\",\"contentUrl\":\"https:\\\/\\\/aaknives.eu\\\/wp-content\\\/uploads\\\/2024\\\/10\\\/aaknives-hand-forged-damascus-steel-blade-knife-handmade-custom-made-knife-handcrafted-knives-autinetools-northmen-1-25-2.jpg\",\"width\":1020,\"height\":880},{\"@type\":\"BreadcrumbList\",\"@id\":\"https:\\\/\\\/aaknives.eu\\\/lt\\\/product\\\/kaltas-kaltinis-aukstos-kokybes-anglinis-plienas-3\\\/#breadcrumb\",\"itemListElement\":[{\"@type\":\"ListItem\",\"position\":1,\"name\":\"Home\",\"item\":\"https:\\\/\\\/aaknives.eu\\\/lt\\\/\"},{\"@type\":\"ListItem\",\"position\":2,\"name\":\"Parduotuv\u0117\",\"item\":\"https:\\\/\\\/aaknives.eu\\\/parduotuve\\\/\"},{\"@type\":\"ListItem\",\"position\":3,\"name\":\"Senov\u0117s latvi\u0173 ginklas ir \u012frankis &#8211; &#8220;THREE-EDGED KNIFE&#8221;\"}]},{\"@type\":\"WebSite\",\"@id\":\"https:\\\/\\\/aaknives.eu\\\/lt\\\/#website\",\"url\":\"https:\\\/\\\/aaknives.eu\\\/lt\\\/\",\"name\":\"AAKnives\",\"description\":\"Handmade knives\",\"publisher\":{\"@id\":\"https:\\\/\\\/aaknives.eu\\\/lt\\\/#organization\"},\"potentialAction\":[{\"@type\":\"SearchAction\",\"target\":{\"@type\":\"EntryPoint\",\"urlTemplate\":\"https:\\\/\\\/aaknives.eu\\\/lt\\\/?s={search_term_string}\"},\"query-input\":{\"@type\":\"PropertyValueSpecification\",\"valueRequired\":true,\"valueName\":\"search_term_string\"}}],\"inLanguage\":\"lt-LT\"},{\"@type\":\"Organization\",\"@id\":\"https:\\\/\\\/aaknives.eu\\\/lt\\\/#organization\",\"name\":\"AAKnives\",\"url\":\"https:\\\/\\\/aaknives.eu\\\/lt\\\/\",\"logo\":{\"@type\":\"ImageObject\",\"inLanguage\":\"lt-LT\",\"@id\":\"https:\\\/\\\/aaknives.eu\\\/lt\\\/#\\\/schema\\\/logo\\\/image\\\/\",\"url\":\"https:\\\/\\\/aaknives.eu\\\/wp-content\\\/uploads\\\/2021\\\/10\\\/AAknives_Logo_Green.png\",\"contentUrl\":\"https:\\\/\\\/aaknives.eu\\\/wp-content\\\/uploads\\\/2021\\\/10\\\/AAknives_Logo_Green.png\",\"width\":1768,\"height\":1768,\"caption\":\"AAKnives\"},\"image\":{\"@id\":\"https:\\\/\\\/aaknives.eu\\\/lt\\\/#\\\/schema\\\/logo\\\/image\\\/\"},\"sameAs\":[\"https:\\\/\\\/www.facebook.com\\\/aaknives.eu\\\/\",\"https:\\\/\\\/www.instagram.com\\\/aaknives\\\/\",\"https:\\\/\\\/www.pinterest.com\\\/aa_knives\\\/\",\"https:\\\/\\\/www.youtube.com\\\/channel\\\/UCHOQFjrOkgT6s4FIw9LDKyw\\\/featured\"]}]}<\/script>\n<!-- \/ Yoast SEO plugin. -->","yoast_head_json":{"title":"Senov\u0117s latvi\u0173 ginklas ir \u012frankis - \"THREE-EDGED KNIFE\" - AAKnives","description":"\u017dodis \"THREE-EDGED KNIFE'\" rei\u0161kia ginkl\u0105 su trimis koviniais pavir\u0161iais. B\u016bdinga \u0161io ginklo forma priskiriama tiesiogiai latgaliams.","robots":{"index":"index","follow":"follow","max-snippet":"max-snippet:-1","max-image-preview":"max-image-preview:large","max-video-preview":"max-video-preview:-1"},"canonical":"https:\/\/aaknives.eu\/lt\/product\/kaltas-kaltinis-aukstos-kokybes-anglinis-plienas-3\/","og_locale":"lt_LT","og_type":"article","og_title":"Senov\u0117s latvi\u0173 ginklas ir \u012frankis - \"THREE-EDGED KNIFE\" - AAKnives","og_description":"\u017dodis \"THREE-EDGED KNIFE'\" rei\u0161kia ginkl\u0105 su trimis koviniais pavir\u0161iais. B\u016bdinga \u0161io ginklo forma priskiriama tiesiogiai latgaliams.","og_url":"https:\/\/aaknives.eu\/lt\/product\/kaltas-kaltinis-aukstos-kokybes-anglinis-plienas-3\/","og_site_name":"AAKnives","article_publisher":"https:\/\/www.facebook.com\/aaknives.eu\/","article_modified_time":"2025-09-29T17:41:21+00:00","og_image":[{"width":1020,"height":880,"url":"https:\/\/aaknives.eu\/wp-content\/uploads\/2024\/10\/aaknives-hand-forged-damascus-steel-blade-knife-handmade-custom-made-knife-handcrafted-knives-autinetools-northmen-1-25-2.jpg","type":"image\/jpeg"}],"twitter_card":"summary_large_image","twitter_misc":{"Est. reading time":"1 minut\u0117"},"schema":{"@context":"https:\/\/schema.org","@graph":[{"@type":"WebPage","@id":"https:\/\/aaknives.eu\/lt\/product\/kaltas-kaltinis-aukstos-kokybes-anglinis-plienas-3\/","url":"https:\/\/aaknives.eu\/lt\/product\/kaltas-kaltinis-aukstos-kokybes-anglinis-plienas-3\/","name":"Senov\u0117s latvi\u0173 ginklas ir \u012frankis - \"THREE-EDGED KNIFE\" - AAKnives","isPartOf":{"@id":"https:\/\/aaknives.eu\/lt\/#website"},"primaryImageOfPage":{"@id":"https:\/\/aaknives.eu\/lt\/product\/kaltas-kaltinis-aukstos-kokybes-anglinis-plienas-3\/#primaryimage"},"image":{"@id":"https:\/\/aaknives.eu\/lt\/product\/kaltas-kaltinis-aukstos-kokybes-anglinis-plienas-3\/#primaryimage"},"thumbnailUrl":"https:\/\/aaknives.eu\/wp-content\/uploads\/2024\/10\/aaknives-hand-forged-damascus-steel-blade-knife-handmade-custom-made-knife-handcrafted-knives-autinetools-northmen-1-25-2.jpg","datePublished":"2024-10-29T01:57:54+00:00","dateModified":"2025-09-29T17:41:21+00:00","description":"\u017dodis \"THREE-EDGED KNIFE'\" rei\u0161kia ginkl\u0105 su trimis koviniais pavir\u0161iais. B\u016bdinga \u0161io ginklo forma priskiriama tiesiogiai latgaliams.","breadcrumb":{"@id":"https:\/\/aaknives.eu\/lt\/product\/kaltas-kaltinis-aukstos-kokybes-anglinis-plienas-3\/#breadcrumb"},"inLanguage":"lt-LT","potentialAction":[{"@type":"ReadAction","target":["https:\/\/aaknives.eu\/lt\/product\/kaltas-kaltinis-aukstos-kokybes-anglinis-plienas-3\/"]}]},{"@type":"ImageObject","inLanguage":"lt-LT","@id":"https:\/\/aaknives.eu\/lt\/product\/kaltas-kaltinis-aukstos-kokybes-anglinis-plienas-3\/#primaryimage","url":"https:\/\/aaknives.eu\/wp-content\/uploads\/2024\/10\/aaknives-hand-forged-damascus-steel-blade-knife-handmade-custom-made-knife-handcrafted-knives-autinetools-northmen-1-25-2.jpg","contentUrl":"https:\/\/aaknives.eu\/wp-content\/uploads\/2024\/10\/aaknives-hand-forged-damascus-steel-blade-knife-handmade-custom-made-knife-handcrafted-knives-autinetools-northmen-1-25-2.jpg","width":1020,"height":880},{"@type":"BreadcrumbList","@id":"https:\/\/aaknives.eu\/lt\/product\/kaltas-kaltinis-aukstos-kokybes-anglinis-plienas-3\/#breadcrumb","itemListElement":[{"@type":"ListItem","position":1,"name":"Home","item":"https:\/\/aaknives.eu\/lt\/"},{"@type":"ListItem","position":2,"name":"Parduotuv\u0117","item":"https:\/\/aaknives.eu\/parduotuve\/"},{"@type":"ListItem","position":3,"name":"Senov\u0117s latvi\u0173 ginklas ir \u012frankis &#8211; &#8220;THREE-EDGED KNIFE&#8221;"}]},{"@type":"WebSite","@id":"https:\/\/aaknives.eu\/lt\/#website","url":"https:\/\/aaknives.eu\/lt\/","name":"AAKnives","description":"Handmade knives","publisher":{"@id":"https:\/\/aaknives.eu\/lt\/#organization"},"potentialAction":[{"@type":"SearchAction","target":{"@type":"EntryPoint","urlTemplate":"https:\/\/aaknives.eu\/lt\/?s={search_term_string}"},"query-input":{"@type":"PropertyValueSpecification","valueRequired":true,"valueName":"search_term_string"}}],"inLanguage":"lt-LT"},{"@type":"Organization","@id":"https:\/\/aaknives.eu\/lt\/#organization","name":"AAKnives","url":"https:\/\/aaknives.eu\/lt\/","logo":{"@type":"ImageObject","inLanguage":"lt-LT","@id":"https:\/\/aaknives.eu\/lt\/#\/schema\/logo\/image\/","url":"https:\/\/aaknives.eu\/wp-content\/uploads\/2021\/10\/AAknives_Logo_Green.png","contentUrl":"https:\/\/aaknives.eu\/wp-content\/uploads\/2021\/10\/AAknives_Logo_Green.png","width":1768,"height":1768,"caption":"AAKnives"},"image":{"@id":"https:\/\/aaknives.eu\/lt\/#\/schema\/logo\/image\/"},"sameAs":["https:\/\/www.facebook.com\/aaknives.eu\/","https:\/\/www.instagram.com\/aaknives\/","https:\/\/www.pinterest.com\/aa_knives\/","https:\/\/www.youtube.com\/channel\/UCHOQFjrOkgT6s4FIw9LDKyw\/featured"]}]}},"_links":{"self":[{"href":"https:\/\/aaknives.eu\/lt\/wp-json\/wp\/v2\/product\/89860","targetHints":{"allow":["GET"]}}],"collection":[{"href":"https:\/\/aaknives.eu\/lt\/wp-json\/wp\/v2\/product"}],"about":[{"href":"https:\/\/aaknives.eu\/lt\/wp-json\/wp\/v2\/types\/product"}],"wp:featuredmedia":[{"embeddable":true,"href":"https:\/\/aaknives.eu\/lt\/wp-json\/wp\/v2\/media\/101876"}],"wp:attachment":[{"href":"https:\/\/aaknives.eu\/lt\/wp-json\/wp\/v2\/media?parent=89860"}],"wp:term":[{"taxonomy":"product_brand","embeddable":true,"href":"https:\/\/aaknives.eu\/lt\/wp-json\/wp\/v2\/product_brand?post=89860"},{"taxonomy":"product_cat","embeddable":true,"href":"https:\/\/aaknives.eu\/lt\/wp-json\/wp\/v2\/product_cat?post=89860"},{"taxonomy":"product_tag","embeddable":true,"href":"https:\/\/aaknives.eu\/lt\/wp-json\/wp\/v2\/product_tag?post=89860"}],"curies":[{"name":"wp","href":"https:\/\/api.w.org\/{rel}","templated":true}]}}