{"id":89866,"date":"2024-10-29T01:57:26","date_gmt":"2024-10-29T01:57:26","guid":{"rendered":"https:\/\/aaknives.eu\/?post_type=product&#038;p=89866"},"modified":"2026-02-21T10:09:54","modified_gmt":"2026-02-21T10:09:54","slug":"peilis-bear-bohler-uddeholm-k340-peilio-plienas","status":"publish","type":"product","link":"https:\/\/aaknives.eu\/lt\/product\/peilis-bear-bohler-uddeholm-k340-peilio-plienas\/","title":{"rendered":"Peilis &#8221;BEAR&#8221;, Bohler &#8211; Uddeholm K340 peilio plienas"},"content":{"rendered":"<p>Peilio specifikacijos: \u201dBEAR\u201d<br \/>\nPlienas: \u0160vedi\u0161kas K340 (Bohler-Uddeholm) \u2013 Bohler-Uddeholm \u0161altojo apdirbimo plienas<br \/>\nKietumas: 60-61 HRC<br \/>\nGele\u017et\u0117s ilgis (mm): Ilgis (mm): 108 \/ 4,25 col.<br \/>\nGele\u017et\u0117s storis (mm): (mm): 3 \/0,12 colio<br \/>\nA\u0161men\u0173 plotis (mm): (30 \/ 1,18 colio)<br \/>\nRankena: stabilizuotas Karelijos ber\u017eas<br \/>\nBendras ilgis (mm): (mm): 233 \/ 9,17 colio<\/p>\n<div class=\"_1i6a\">\n<div class=\"_4po3 _4poa\">\n<div class=\"_4po5\">\n<div class=\"_4po8\">\n<div class=\"_4po9\">\n<div>\n<div class=\"_4tdt _ua1\">\n<div class=\"_ua2\">\n<div class=\"_4tdv\">\n<div class=\"_5wd4 _1nc7\">\n<div class=\"._1dlq _h8t\">\n<div class=\"_5wd9 direction_ltr clearfix\">\n<div class=\"_1e-x _n4o\">\n<div class=\"_3_bl\">\n<div class=\"_5w1r _3_om _5wdf\">\n<div class=\"_4gx_\">\n<div class=\"_1aa6\">\n<div class=\"\">\n<p>Bohler-Uddeholm K340 peili\u0173 plienas<\/p>\n<p>\u00a0<\/p>\n<p>K340 (Bohler-Uddeholm) \u2013 Bohler-Uddeholm \u0161altojo apdirbimo plienas. Sud\u0117tyje taip pat yra Al.<\/p>\n<p>Gamybos technologija \u2013 ESR<\/p>\n<p>\u0160alis \u2013 \u0160vedija (SE)<\/p>\n<p>\u017dinomi slapyvard\u017eiai: Bohler-Uddeholm \u2013 K340 Isodur<\/p>\n<p>B\u00d6HLER K340 ISODUR, 8 % chromuotas plienas, gaminamas perlydant elektro\u0161laku (ESR). \u0160i B\u00d6HLER sukurta ir i\u0161bandyta perlydymo technologija u\u017etikrina itin ma\u017e\u0105 mikro ir makro segregacij\u0105 ir suteikia med\u017eiagai grynum\u0105 bei homogeni\u0161kum\u0105, b\u016btin\u0105 prakti\u0161kai pasiekti i\u0161skirtines eksploatacines savybes.<\/p>\n<p>Bohler K340 \u2013 Bohler Uddeholm Group \u012franki\u0173 plienas. Lyginant su analoginiu, X12MF pasi\u017eymi didesniu grynumu ir ilgaam\u017ei\u0161kumu. Tai geriausias pasirinkimas med\u017eiokliniams ar lauko peiliams.<\/p>\n<p>\u00a0<\/p>\n<p>Chemin\u0117 sud\u0117tis pagal mas\u0119: 1,10 % C, 0,70 % Si, 0,40 % Mn, 8,20 % Cr, 2,10 % Mo, 0,50 % V, + Al, Nb<\/p>\n<p>Terminis apdorojimas<\/p>\n<p>Gr\u016bdinimas: 1020-1060 C (1870-1940 F). Aliejus, druskos vonia, suspaustas oras, oras, vakuumas. Po kaitinimo palaikykite 15-30 minu\u010di\u0173.<\/p>\n<p>Gr\u016bdinimas: L\u0117tas kaitinimas iki at\u0161ildymo temperat\u016bros i\u0161 karto po kiet\u0117jimo. Laikas orkait\u0117je \u2013 1 valanda kiekvienam 20 mm (0,79 colio) storio ruo\u0161iniui, bet ne ma\u017eiau kaip 2 valandos. Au\u0161inimas oru.<\/p>\n<p>\u00a0<\/p>\n<\/div>\n<\/div>\n<\/div>\n<\/div>\n<\/div>\n<p>\u00a0<\/p>\n<\/div>\n<\/div>\n<\/div>\n<div class=\"_40qi\"><\/div>\n<\/div>\n<\/div>\n<\/div>\n<\/div>\n<\/div>\n<div class=\"_4gd0\">\n<div><\/div>\n<\/div>\n<div class=\"_4gd0\">\n<div class=\"_510g\"><\/div>\n<\/div>\n<\/div>\n<\/div>\n<\/div>\n<\/div>\n<\/div>\n<div class=\"fbNubFlyoutFooter\" data-testid=\"composer_root\">\n<div class=\"_1d4_\" role=\"presentation\">\n<div class=\"_552h\">\n<div class=\"\">\n<div tabindex=\"-1\">\n<div class=\"_5rp7 _5rp8\">\n<div class=\"_5rpb\">\n<div class=\"notranslate _5rpu\" role=\"combobox\" contenteditable=\"true\" spellcheck=\"true\" aria-autocomplete=\"list\" aria-controls=\"js_46\" aria-describedby=\"placeholder-fb8dt\" aria-expanded=\"false\">\n<div data-contents=\"true\">\n<div data-block=\"true\" data-editor=\"fb8dt\" data-offset-key=\"9l77l-0-0\"><\/div>\n<\/div>\n<\/div>\n<\/div>\n<\/div>\n<\/div>\n<\/div>\n<\/div>\n<\/div>\n<\/div>\n","protected":false},"excerpt":{"rendered":"<p>Peilio specifikacijos: \u201dBEAR\u201d Plienas: \u0160vedi\u0161kas K340 (Bohler-Uddeholm) \u2013 Bohler-Uddeholm \u0161altojo apdirbimo plienas Kietumas: 60-61 HRC Gele\u017et\u0117s ilgis (mm): Ilgis (mm): 108 \/ 4,25 col. Gele\u017et\u0117s storis (mm): (mm): 3 \/0,12 colio A\u0161men\u0173 plotis (mm): (30 \/ 1,18 colio) Rankena: stabilizuotas Karelijos ber\u017eas Bendras ilgis (mm): (mm): 233 \/ 9,17 colio Bohler-Uddeholm K340 peili\u0173 plienas \u00a0 K340 (Bohler-Uddeholm) \u2013 Bohler-Uddeholm \u0161altojo apdirbimo plienas. Sud\u0117tyje taip pat yra Al. Gamybos technologija \u2013 ESR \u0160alis \u2013 \u0160vedija (SE) \u017dinomi slapyvard\u017eiai: Bohler-Uddeholm \u2013 K340 Isodur B\u00d6HLER K340 ISODUR, 8 % chromuotas plienas, gaminamas perlydant elektro\u0161laku (ESR). \u0160i B\u00d6HLER sukurta ir i\u0161bandyta perlydymo technologija u\u017etikrina&hellip;<\/p>\n","protected":false},"featured_media":86450,"template":"","meta":{"_themeisle_gutenberg_block_has_review":false},"product_brand":[],"product_cat":[381,386,385],"product_tag":[],"class_list":{"0":"post-89866","1":"product","2":"type-product","3":"status-publish","4":"has-post-thumbnail","6":"product_cat-lauko-peiliai","7":"product_cat-medziokliniai-peiliai","8":"product_cat-zvejybos-peiliai","10":"first","11":"outofstock","12":"shipping-taxable","13":"purchasable","14":"product-type-simple"},"yoast_head":"<!-- This site is optimized with the Yoast SEO plugin v27.5 - https:\/\/yoast.com\/product\/yoast-seo-wordpress\/ -->\n<title>Peilis &#039;&#039;BEAR&#039;&#039;, Bohler - Uddeholm K340 peilio plienas - AAKnives<\/title>\n<meta name=\"description\" content=\"Peilis &#039;&#039;BEAR&#039;&#039;, Bohler - Uddeholm K340 peilis plienas, peilis, med\u017eioklinis peilis, lauko peilis, peilis i\u0161 kaltinio plieno, peilis i\u0161 \u0161vedi\u0161ko plieno\" \/>\n<meta name=\"robots\" content=\"index, follow, max-snippet:-1, max-image-preview:large, max-video-preview:-1\" \/>\n<link rel=\"canonical\" href=\"https:\/\/aaknives.eu\/lt\/product\/peilis-bear-bohler-uddeholm-k340-peilio-plienas\/\" \/>\n<meta property=\"og:locale\" content=\"lt_LT\" \/>\n<meta property=\"og:type\" content=\"article\" \/>\n<meta property=\"og:title\" content=\"Peilis &#039;&#039;BEAR&#039;&#039;, Bohler - Uddeholm K340 peilio plienas - AAKnives\" \/>\n<meta property=\"og:description\" content=\"Peilis &#039;&#039;BEAR&#039;&#039;, Bohler - Uddeholm K340 peilis plienas, peilis, med\u017eioklinis peilis, lauko peilis, peilis i\u0161 kaltinio plieno, peilis i\u0161 \u0161vedi\u0161ko plieno\" \/>\n<meta property=\"og:url\" content=\"https:\/\/aaknives.eu\/lt\/product\/peilis-bear-bohler-uddeholm-k340-peilio-plienas\/\" \/>\n<meta property=\"og:site_name\" content=\"AAKnives\" \/>\n<meta property=\"article:publisher\" content=\"https:\/\/www.facebook.com\/aaknives.eu\/\" \/>\n<meta property=\"article:modified_time\" content=\"2026-02-21T10:09:54+00:00\" \/>\n<meta property=\"og:image\" content=\"https:\/\/aaknives.eu\/wp-content\/uploads\/2024\/10\/aaknives-hand-forged-dabascus-steel-blade-knife-handmade-custom-made-knife-handcrafted-knives-autinetools-northmen-8-1-1-5-3.jpg\" \/>\n\t<meta property=\"og:image:width\" content=\"800\" \/>\n\t<meta property=\"og:image:height\" content=\"600\" \/>\n\t<meta property=\"og:image:type\" content=\"image\/jpeg\" \/>\n<meta name=\"twitter:card\" content=\"summary_large_image\" \/>\n<meta name=\"twitter:label1\" content=\"Est. reading time\" \/>\n\t<meta name=\"twitter:data1\" content=\"1 minut\u0117\" \/>\n<script type=\"application\/ld+json\" class=\"yoast-schema-graph\">{\"@context\":\"https:\\\/\\\/schema.org\",\"@graph\":[{\"@type\":\"WebPage\",\"@id\":\"https:\\\/\\\/aaknives.eu\\\/lt\\\/product\\\/peilis-bear-bohler-uddeholm-k340-peilio-plienas\\\/\",\"url\":\"https:\\\/\\\/aaknives.eu\\\/lt\\\/product\\\/peilis-bear-bohler-uddeholm-k340-peilio-plienas\\\/\",\"name\":\"Peilis ''BEAR'', Bohler - Uddeholm K340 peilio plienas - AAKnives\",\"isPartOf\":{\"@id\":\"https:\\\/\\\/aaknives.eu\\\/lt\\\/#website\"},\"primaryImageOfPage\":{\"@id\":\"https:\\\/\\\/aaknives.eu\\\/lt\\\/product\\\/peilis-bear-bohler-uddeholm-k340-peilio-plienas\\\/#primaryimage\"},\"image\":{\"@id\":\"https:\\\/\\\/aaknives.eu\\\/lt\\\/product\\\/peilis-bear-bohler-uddeholm-k340-peilio-plienas\\\/#primaryimage\"},\"thumbnailUrl\":\"https:\\\/\\\/aaknives.eu\\\/wp-content\\\/uploads\\\/2024\\\/10\\\/aaknives-hand-forged-dabascus-steel-blade-knife-handmade-custom-made-knife-handcrafted-knives-autinetools-northmen-8-1-1-5-3.jpg\",\"datePublished\":\"2024-10-29T01:57:26+00:00\",\"dateModified\":\"2026-02-21T10:09:54+00:00\",\"description\":\"Peilis ''BEAR'', Bohler - Uddeholm K340 peilis plienas, peilis, med\u017eioklinis peilis, lauko peilis, peilis i\u0161 kaltinio plieno, peilis i\u0161 \u0161vedi\u0161ko plieno\",\"breadcrumb\":{\"@id\":\"https:\\\/\\\/aaknives.eu\\\/lt\\\/product\\\/peilis-bear-bohler-uddeholm-k340-peilio-plienas\\\/#breadcrumb\"},\"inLanguage\":\"lt-LT\",\"potentialAction\":[{\"@type\":\"ReadAction\",\"target\":[\"https:\\\/\\\/aaknives.eu\\\/lt\\\/product\\\/peilis-bear-bohler-uddeholm-k340-peilio-plienas\\\/\"]}]},{\"@type\":\"ImageObject\",\"inLanguage\":\"lt-LT\",\"@id\":\"https:\\\/\\\/aaknives.eu\\\/lt\\\/product\\\/peilis-bear-bohler-uddeholm-k340-peilio-plienas\\\/#primaryimage\",\"url\":\"https:\\\/\\\/aaknives.eu\\\/wp-content\\\/uploads\\\/2024\\\/10\\\/aaknives-hand-forged-dabascus-steel-blade-knife-handmade-custom-made-knife-handcrafted-knives-autinetools-northmen-8-1-1-5-3.jpg\",\"contentUrl\":\"https:\\\/\\\/aaknives.eu\\\/wp-content\\\/uploads\\\/2024\\\/10\\\/aaknives-hand-forged-dabascus-steel-blade-knife-handmade-custom-made-knife-handcrafted-knives-autinetools-northmen-8-1-1-5-3.jpg\",\"width\":800,\"height\":600},{\"@type\":\"BreadcrumbList\",\"@id\":\"https:\\\/\\\/aaknives.eu\\\/lt\\\/product\\\/peilis-bear-bohler-uddeholm-k340-peilio-plienas\\\/#breadcrumb\",\"itemListElement\":[{\"@type\":\"ListItem\",\"position\":1,\"name\":\"Home\",\"item\":\"https:\\\/\\\/aaknives.eu\\\/lt\\\/\"},{\"@type\":\"ListItem\",\"position\":2,\"name\":\"Parduotuv\u0117\",\"item\":\"https:\\\/\\\/aaknives.eu\\\/parduotuve\\\/\"},{\"@type\":\"ListItem\",\"position\":3,\"name\":\"Peilis &#8221;BEAR&#8221;, Bohler &#8211; Uddeholm K340 peilio plienas\"}]},{\"@type\":\"WebSite\",\"@id\":\"https:\\\/\\\/aaknives.eu\\\/lt\\\/#website\",\"url\":\"https:\\\/\\\/aaknives.eu\\\/lt\\\/\",\"name\":\"AAKnives\",\"description\":\"Handmade knives\",\"publisher\":{\"@id\":\"https:\\\/\\\/aaknives.eu\\\/lt\\\/#organization\"},\"alternateName\":\"Anri Ananin Knives\",\"potentialAction\":[{\"@type\":\"SearchAction\",\"target\":{\"@type\":\"EntryPoint\",\"urlTemplate\":\"https:\\\/\\\/aaknives.eu\\\/lt\\\/?s={search_term_string}\"},\"query-input\":{\"@type\":\"PropertyValueSpecification\",\"valueRequired\":true,\"valueName\":\"search_term_string\"}}],\"inLanguage\":\"lt-LT\"},{\"@type\":\"Organization\",\"@id\":\"https:\\\/\\\/aaknives.eu\\\/lt\\\/#organization\",\"name\":\"AAKnives\",\"url\":\"https:\\\/\\\/aaknives.eu\\\/lt\\\/\",\"logo\":{\"@type\":\"ImageObject\",\"inLanguage\":\"lt-LT\",\"@id\":\"https:\\\/\\\/aaknives.eu\\\/lt\\\/#\\\/schema\\\/logo\\\/image\\\/\",\"url\":\"https:\\\/\\\/aaknives.eu\\\/wp-content\\\/uploads\\\/2021\\\/10\\\/AAknives_Logo_Green.png\",\"contentUrl\":\"https:\\\/\\\/aaknives.eu\\\/wp-content\\\/uploads\\\/2021\\\/10\\\/AAknives_Logo_Green.png\",\"width\":1768,\"height\":1768,\"caption\":\"AAKnives\"},\"image\":{\"@id\":\"https:\\\/\\\/aaknives.eu\\\/lt\\\/#\\\/schema\\\/logo\\\/image\\\/\"},\"sameAs\":[\"https:\\\/\\\/www.facebook.com\\\/aaknives.eu\\\/\",\"https:\\\/\\\/www.instagram.com\\\/aaknives\\\/\",\"https:\\\/\\\/www.pinterest.com\\\/aa_knives\\\/\",\"https:\\\/\\\/www.youtube.com\\\/@aaknives9518\"]}]}<\/script>\n<!-- \/ Yoast SEO plugin. -->","yoast_head_json":{"title":"Peilis ''BEAR'', Bohler - Uddeholm K340 peilio plienas - AAKnives","description":"Peilis ''BEAR'', Bohler - Uddeholm K340 peilis plienas, peilis, med\u017eioklinis peilis, lauko peilis, peilis i\u0161 kaltinio plieno, peilis i\u0161 \u0161vedi\u0161ko plieno","robots":{"index":"index","follow":"follow","max-snippet":"max-snippet:-1","max-image-preview":"max-image-preview:large","max-video-preview":"max-video-preview:-1"},"canonical":"https:\/\/aaknives.eu\/lt\/product\/peilis-bear-bohler-uddeholm-k340-peilio-plienas\/","og_locale":"lt_LT","og_type":"article","og_title":"Peilis ''BEAR'', Bohler - Uddeholm K340 peilio plienas - AAKnives","og_description":"Peilis ''BEAR'', Bohler - Uddeholm K340 peilis plienas, peilis, med\u017eioklinis peilis, lauko peilis, peilis i\u0161 kaltinio plieno, peilis i\u0161 \u0161vedi\u0161ko plieno","og_url":"https:\/\/aaknives.eu\/lt\/product\/peilis-bear-bohler-uddeholm-k340-peilio-plienas\/","og_site_name":"AAKnives","article_publisher":"https:\/\/www.facebook.com\/aaknives.eu\/","article_modified_time":"2026-02-21T10:09:54+00:00","og_image":[{"width":800,"height":600,"url":"https:\/\/aaknives.eu\/wp-content\/uploads\/2024\/10\/aaknives-hand-forged-dabascus-steel-blade-knife-handmade-custom-made-knife-handcrafted-knives-autinetools-northmen-8-1-1-5-3.jpg","type":"image\/jpeg"}],"twitter_card":"summary_large_image","twitter_misc":{"Est. reading time":"1 minut\u0117"},"schema":{"@context":"https:\/\/schema.org","@graph":[{"@type":"WebPage","@id":"https:\/\/aaknives.eu\/lt\/product\/peilis-bear-bohler-uddeholm-k340-peilio-plienas\/","url":"https:\/\/aaknives.eu\/lt\/product\/peilis-bear-bohler-uddeholm-k340-peilio-plienas\/","name":"Peilis ''BEAR'', Bohler - Uddeholm K340 peilio plienas - AAKnives","isPartOf":{"@id":"https:\/\/aaknives.eu\/lt\/#website"},"primaryImageOfPage":{"@id":"https:\/\/aaknives.eu\/lt\/product\/peilis-bear-bohler-uddeholm-k340-peilio-plienas\/#primaryimage"},"image":{"@id":"https:\/\/aaknives.eu\/lt\/product\/peilis-bear-bohler-uddeholm-k340-peilio-plienas\/#primaryimage"},"thumbnailUrl":"https:\/\/aaknives.eu\/wp-content\/uploads\/2024\/10\/aaknives-hand-forged-dabascus-steel-blade-knife-handmade-custom-made-knife-handcrafted-knives-autinetools-northmen-8-1-1-5-3.jpg","datePublished":"2024-10-29T01:57:26+00:00","dateModified":"2026-02-21T10:09:54+00:00","description":"Peilis ''BEAR'', Bohler - Uddeholm K340 peilis plienas, peilis, med\u017eioklinis peilis, lauko peilis, peilis i\u0161 kaltinio plieno, peilis i\u0161 \u0161vedi\u0161ko plieno","breadcrumb":{"@id":"https:\/\/aaknives.eu\/lt\/product\/peilis-bear-bohler-uddeholm-k340-peilio-plienas\/#breadcrumb"},"inLanguage":"lt-LT","potentialAction":[{"@type":"ReadAction","target":["https:\/\/aaknives.eu\/lt\/product\/peilis-bear-bohler-uddeholm-k340-peilio-plienas\/"]}]},{"@type":"ImageObject","inLanguage":"lt-LT","@id":"https:\/\/aaknives.eu\/lt\/product\/peilis-bear-bohler-uddeholm-k340-peilio-plienas\/#primaryimage","url":"https:\/\/aaknives.eu\/wp-content\/uploads\/2024\/10\/aaknives-hand-forged-dabascus-steel-blade-knife-handmade-custom-made-knife-handcrafted-knives-autinetools-northmen-8-1-1-5-3.jpg","contentUrl":"https:\/\/aaknives.eu\/wp-content\/uploads\/2024\/10\/aaknives-hand-forged-dabascus-steel-blade-knife-handmade-custom-made-knife-handcrafted-knives-autinetools-northmen-8-1-1-5-3.jpg","width":800,"height":600},{"@type":"BreadcrumbList","@id":"https:\/\/aaknives.eu\/lt\/product\/peilis-bear-bohler-uddeholm-k340-peilio-plienas\/#breadcrumb","itemListElement":[{"@type":"ListItem","position":1,"name":"Home","item":"https:\/\/aaknives.eu\/lt\/"},{"@type":"ListItem","position":2,"name":"Parduotuv\u0117","item":"https:\/\/aaknives.eu\/parduotuve\/"},{"@type":"ListItem","position":3,"name":"Peilis &#8221;BEAR&#8221;, Bohler &#8211; Uddeholm K340 peilio plienas"}]},{"@type":"WebSite","@id":"https:\/\/aaknives.eu\/lt\/#website","url":"https:\/\/aaknives.eu\/lt\/","name":"AAKnives","description":"Handmade knives","publisher":{"@id":"https:\/\/aaknives.eu\/lt\/#organization"},"alternateName":"Anri Ananin Knives","potentialAction":[{"@type":"SearchAction","target":{"@type":"EntryPoint","urlTemplate":"https:\/\/aaknives.eu\/lt\/?s={search_term_string}"},"query-input":{"@type":"PropertyValueSpecification","valueRequired":true,"valueName":"search_term_string"}}],"inLanguage":"lt-LT"},{"@type":"Organization","@id":"https:\/\/aaknives.eu\/lt\/#organization","name":"AAKnives","url":"https:\/\/aaknives.eu\/lt\/","logo":{"@type":"ImageObject","inLanguage":"lt-LT","@id":"https:\/\/aaknives.eu\/lt\/#\/schema\/logo\/image\/","url":"https:\/\/aaknives.eu\/wp-content\/uploads\/2021\/10\/AAknives_Logo_Green.png","contentUrl":"https:\/\/aaknives.eu\/wp-content\/uploads\/2021\/10\/AAknives_Logo_Green.png","width":1768,"height":1768,"caption":"AAKnives"},"image":{"@id":"https:\/\/aaknives.eu\/lt\/#\/schema\/logo\/image\/"},"sameAs":["https:\/\/www.facebook.com\/aaknives.eu\/","https:\/\/www.instagram.com\/aaknives\/","https:\/\/www.pinterest.com\/aa_knives\/","https:\/\/www.youtube.com\/@aaknives9518"]}]}},"_links":{"self":[{"href":"https:\/\/aaknives.eu\/lt\/wp-json\/wp\/v2\/product\/89866","targetHints":{"allow":["GET"]}}],"collection":[{"href":"https:\/\/aaknives.eu\/lt\/wp-json\/wp\/v2\/product"}],"about":[{"href":"https:\/\/aaknives.eu\/lt\/wp-json\/wp\/v2\/types\/product"}],"wp:featuredmedia":[{"embeddable":true,"href":"https:\/\/aaknives.eu\/lt\/wp-json\/wp\/v2\/media\/86450"}],"wp:attachment":[{"href":"https:\/\/aaknives.eu\/lt\/wp-json\/wp\/v2\/media?parent=89866"}],"wp:term":[{"taxonomy":"product_brand","embeddable":true,"href":"https:\/\/aaknives.eu\/lt\/wp-json\/wp\/v2\/product_brand?post=89866"},{"taxonomy":"product_cat","embeddable":true,"href":"https:\/\/aaknives.eu\/lt\/wp-json\/wp\/v2\/product_cat?post=89866"},{"taxonomy":"product_tag","embeddable":true,"href":"https:\/\/aaknives.eu\/lt\/wp-json\/wp\/v2\/product_tag?post=89866"}],"curies":[{"name":"wp","href":"https:\/\/api.w.org\/{rel}","templated":true}]}}