{"id":89878,"date":"2024-10-29T01:56:59","date_gmt":"2024-10-29T01:56:59","guid":{"rendered":"https:\/\/aaknives.eu\/?post_type=product&#038;p=89878"},"modified":"2024-10-29T02:59:38","modified_gmt":"2024-10-29T02:59:38","slug":"premium-7-premium-peilis-damasko-asmenimis","status":"publish","type":"product","link":"https:\/\/aaknives.eu\/lt\/product\/premium-7-premium-peilis-damasko-asmenimis\/","title":{"rendered":"&#8220;Premium&#8221; 7 &#8211; &#8220;Premium&#8221; peilis damasko a\u0161menimis"},"content":{"rendered":"<p>\u201cAAknives Premium\u201d peili\u0173 linija yra unikali. Kiekvienas peili\u0173 modelis yra pagamintas tik i\u0161 vienos detal\u0117s \u2013 daugiau toki\u0173 pa\u010di\u0173 n\u0117ra. Kiekviena damasko plieno gele\u017et\u0117 yra kalama rankomis, tod\u0117l kiekviena gele\u017et\u0117 turi savo gra\u017e\u0173 pie\u0161in\u012f ir savit\u0105 charakter\u012f, kuris atsiranda kalimo proceso metu. Kiekviena rankena taip pat skirtinga \u2013 skirtingos spalvos inkrustacija i\u0161 G10 med\u017eiagos, skirting\u0173 spalv\u0173 mediena, i\u0161skirtin\u0117s medienos r\u016b\u0161ys su savo medienos dizaino br\u0117\u017einiais. Gausite auk\u0161tos kokyb\u0117s i\u0161skirtin\u012f \u201cPremium Line\u201d peil\u012f. Niekas kitas netur\u0117s tokio paties peilio kaip j\u016bs. \u0160ie peiliai yra gra\u017e\u016bs ir puik\u016bs darbo \u012frankiai, pasi\u017eymintys labai geromis pjovimo ir patvarumo savyb\u0117mis. Jis ilgai i\u0161lieka a\u0161trus, nereikia da\u017enai gal\u0105sti, yra patvarus ir lengvai susidoros su bet kokiomis u\u017eduotimis.<\/p>\n<p>Peilio specifikacijos \u2013 \u201cPremium-7<br \/>\nPlienas: Damasko plieno med\u017eioklinis peilis, (HVG, U10, ShH15), 450 sluoksni\u0173<br \/>\nKietumas: 60-62 HRC<br \/>\nGele\u017et\u0117s ilgis (mm): (mm): 114 \/ 4,48 colio<br \/>\nGele\u017et\u0117s storis (mm): (mm): 3 \/ 0,11 colio<br \/>\nA\u0161men\u0173 plotis (mm): (32 \/ 1,25 colio)<br \/>\nRankena: Afrikinio leopardo mediena<br \/>\nBendras ilgis (mm): (mm): 234 \/ 9,21 colio<\/p>\n<p>\u00a0<\/p>\n<p>Dizainas: AA peiliai<br \/>\nA\u0161menys: Kaltas specialiai AA peiliams<br \/>\nRankena: Pagaminta Latvijoje, Europoje.<br \/>\nGalandimas: AAknives<\/p>\n<p>Rankomis kalti damaskinio plieno a\u0161menys, sukurti i\u0161 skirtingo kietumo ir klampumo plien\u0173, kurie tam tikra tvarka sudedami \u012f plok\u0161tel\u0119. Po to plok\u0161t\u0117 pakartotinai perlydoma, tod\u0117l susidaro sluoksniai ir unikalus ra\u0161tas.<br \/>\nSud\u0117tingas technologinis procesas atliekamas rankiniu b\u016bdu. Tokiu b\u016bdu gautas plienas pasi\u017eymi didesniu stiprumu, dideliu kietumu, puikiomis pjovimo savyb\u0117mis ir gro\u017eiu.<br \/>\nDamasko gele\u017et\u0117 turi daugiau kaip 450 sluoksni\u0173.<br \/>\nPaketas Damasko plieno a\u0161menys ShH15 + HVG + U10 A, termin\u0117 i\u0161rai\u0161ka 860 \u00b0 C<\/p>\n<p>Damasko a\u0161men\u0173 peili\u0173 privalumai:<br \/>\nDidesnis stiprumas<br \/>\nDidelis kietumas<br \/>\nPuikios pjovimo savyb\u0117s<br \/>\nGra\u017eus dizainas<br \/>\nIlgalaikis a\u0161trumas<\/p>\n<p>Gele\u017et\u0117s kietumas 60-62 HRC.<br \/>\nNestandartinis peilis, rank\u0173 darbo peilis, rank\u0173 darbo peilis, rank\u0173 darbo peilis, rank\u0173 darbo peilis<\/p>\n","protected":false},"excerpt":{"rendered":"<p>\u201cAAknives Premium\u201d peili\u0173 linija yra unikali. Kiekvienas peili\u0173 modelis yra pagamintas tik i\u0161 vienos detal\u0117s \u2013 daugiau toki\u0173 pa\u010di\u0173 n\u0117ra. Kiekviena damasko plieno gele\u017et\u0117 yra kalama rankomis, tod\u0117l kiekviena gele\u017et\u0117 turi savo gra\u017e\u0173 pie\u0161in\u012f ir savit\u0105 charakter\u012f, kuris atsiranda kalimo proceso metu. Kiekviena rankena taip pat skirtinga \u2013 skirtingos spalvos inkrustacija i\u0161 G10 med\u017eiagos, skirting\u0173 spalv\u0173 mediena, i\u0161skirtin\u0117s medienos r\u016b\u0161ys su savo medienos dizaino br\u0117\u017einiais. Gausite auk\u0161tos kokyb\u0117s i\u0161skirtin\u012f \u201cPremium Line\u201d peil\u012f. Niekas kitas netur\u0117s tokio paties peilio kaip j\u016bs. \u0160ie peiliai yra gra\u017e\u016bs ir puik\u016bs darbo \u012frankiai, pasi\u017eymintys labai geromis pjovimo ir patvarumo savyb\u0117mis. Jis ilgai i\u0161lieka a\u0161trus, nereikia&hellip;<\/p>\n","protected":false},"featured_media":86134,"template":"","meta":{"_themeisle_gutenberg_block_has_review":false},"product_brand":[],"product_cat":[380,381,386,385],"product_tag":[],"class_list":{"0":"post-89878","1":"product","2":"type-product","3":"status-publish","4":"has-post-thumbnail","6":"product_cat-premium-ir-isskirtiniai-peiliai","7":"product_cat-lauko-peiliai","8":"product_cat-medziokliniai-peiliai","9":"product_cat-zvejybos-peiliai","11":"first","12":"outofstock","13":"shipping-taxable","14":"purchasable","15":"product-type-simple"},"yoast_head":"<!-- This site is optimized with the Yoast SEO plugin v27.5 - https:\/\/yoast.com\/product\/yoast-seo-wordpress\/ -->\n<title>&quot;Premium&quot; 7 - &quot;Premium&quot; peilis damasko a\u0161menimis - AAKnives<\/title>\n<meta name=\"robots\" content=\"index, follow, max-snippet:-1, max-image-preview:large, max-video-preview:-1\" \/>\n<link rel=\"canonical\" href=\"https:\/\/aaknives.eu\/lt\/product\/premium-7-premium-peilis-damasko-asmenimis\/\" \/>\n<meta property=\"og:locale\" content=\"lt_LT\" \/>\n<meta property=\"og:type\" content=\"article\" \/>\n<meta property=\"og:title\" content=\"&quot;Premium&quot; 7 - &quot;Premium&quot; peilis damasko a\u0161menimis - AAKnives\" \/>\n<meta property=\"og:description\" content=\"\u201cAAknives Premium\u201d peili\u0173 linija yra unikali. Kiekvienas peili\u0173 modelis yra pagamintas tik i\u0161 vienos detal\u0117s \u2013 daugiau toki\u0173 pa\u010di\u0173 n\u0117ra. Kiekviena damasko plieno gele\u017et\u0117 yra kalama rankomis, tod\u0117l kiekviena gele\u017et\u0117 turi savo gra\u017e\u0173 pie\u0161in\u012f ir savit\u0105 charakter\u012f, kuris atsiranda kalimo proceso metu. Kiekviena rankena taip pat skirtinga \u2013 skirtingos spalvos inkrustacija i\u0161 G10 med\u017eiagos, skirting\u0173 spalv\u0173 mediena, i\u0161skirtin\u0117s medienos r\u016b\u0161ys su savo medienos dizaino br\u0117\u017einiais. Gausite auk\u0161tos kokyb\u0117s i\u0161skirtin\u012f \u201cPremium Line\u201d peil\u012f. Niekas kitas netur\u0117s tokio paties peilio kaip j\u016bs. \u0160ie peiliai yra gra\u017e\u016bs ir puik\u016bs darbo \u012frankiai, pasi\u017eymintys labai geromis pjovimo ir patvarumo savyb\u0117mis. Jis ilgai i\u0161lieka a\u0161trus, nereikia&hellip;\" \/>\n<meta property=\"og:url\" content=\"https:\/\/aaknives.eu\/lt\/product\/premium-7-premium-peilis-damasko-asmenimis\/\" \/>\n<meta property=\"og:site_name\" content=\"AAKnives\" \/>\n<meta property=\"article:publisher\" content=\"https:\/\/www.facebook.com\/aaknives.eu\/\" \/>\n<meta property=\"article:modified_time\" content=\"2024-10-29T02:59:38+00:00\" \/>\n<meta property=\"og:image\" content=\"https:\/\/aaknives.eu\/wp-content\/uploads\/2024\/10\/aaknives-hand-forged-dabascus-steel-blade-knife-handmade-custom-made-knife-handcrafted-knives-autinetools-northmen-premium-8-1-1-4.jpg\" \/>\n\t<meta property=\"og:image:width\" content=\"800\" \/>\n\t<meta property=\"og:image:height\" content=\"600\" \/>\n\t<meta property=\"og:image:type\" content=\"image\/jpeg\" \/>\n<meta name=\"twitter:card\" content=\"summary_large_image\" \/>\n<meta name=\"twitter:label1\" content=\"Est. reading time\" \/>\n\t<meta name=\"twitter:data1\" content=\"2 minut\u0117s\" \/>\n<script type=\"application\/ld+json\" class=\"yoast-schema-graph\">{\"@context\":\"https:\\\/\\\/schema.org\",\"@graph\":[{\"@type\":\"WebPage\",\"@id\":\"https:\\\/\\\/aaknives.eu\\\/lt\\\/product\\\/premium-7-premium-peilis-damasko-asmenimis\\\/\",\"url\":\"https:\\\/\\\/aaknives.eu\\\/lt\\\/product\\\/premium-7-premium-peilis-damasko-asmenimis\\\/\",\"name\":\"\\\"Premium\\\" 7 - \\\"Premium\\\" peilis damasko a\u0161menimis - AAKnives\",\"isPartOf\":{\"@id\":\"https:\\\/\\\/aaknives.eu\\\/lt\\\/#website\"},\"primaryImageOfPage\":{\"@id\":\"https:\\\/\\\/aaknives.eu\\\/lt\\\/product\\\/premium-7-premium-peilis-damasko-asmenimis\\\/#primaryimage\"},\"image\":{\"@id\":\"https:\\\/\\\/aaknives.eu\\\/lt\\\/product\\\/premium-7-premium-peilis-damasko-asmenimis\\\/#primaryimage\"},\"thumbnailUrl\":\"https:\\\/\\\/aaknives.eu\\\/wp-content\\\/uploads\\\/2024\\\/10\\\/aaknives-hand-forged-dabascus-steel-blade-knife-handmade-custom-made-knife-handcrafted-knives-autinetools-northmen-premium-8-1-1-4.jpg\",\"datePublished\":\"2024-10-29T01:56:59+00:00\",\"dateModified\":\"2024-10-29T02:59:38+00:00\",\"breadcrumb\":{\"@id\":\"https:\\\/\\\/aaknives.eu\\\/lt\\\/product\\\/premium-7-premium-peilis-damasko-asmenimis\\\/#breadcrumb\"},\"inLanguage\":\"lt-LT\",\"potentialAction\":[{\"@type\":\"ReadAction\",\"target\":[\"https:\\\/\\\/aaknives.eu\\\/lt\\\/product\\\/premium-7-premium-peilis-damasko-asmenimis\\\/\"]}]},{\"@type\":\"ImageObject\",\"inLanguage\":\"lt-LT\",\"@id\":\"https:\\\/\\\/aaknives.eu\\\/lt\\\/product\\\/premium-7-premium-peilis-damasko-asmenimis\\\/#primaryimage\",\"url\":\"https:\\\/\\\/aaknives.eu\\\/wp-content\\\/uploads\\\/2024\\\/10\\\/aaknives-hand-forged-dabascus-steel-blade-knife-handmade-custom-made-knife-handcrafted-knives-autinetools-northmen-premium-8-1-1-4.jpg\",\"contentUrl\":\"https:\\\/\\\/aaknives.eu\\\/wp-content\\\/uploads\\\/2024\\\/10\\\/aaknives-hand-forged-dabascus-steel-blade-knife-handmade-custom-made-knife-handcrafted-knives-autinetools-northmen-premium-8-1-1-4.jpg\",\"width\":800,\"height\":600},{\"@type\":\"BreadcrumbList\",\"@id\":\"https:\\\/\\\/aaknives.eu\\\/lt\\\/product\\\/premium-7-premium-peilis-damasko-asmenimis\\\/#breadcrumb\",\"itemListElement\":[{\"@type\":\"ListItem\",\"position\":1,\"name\":\"Home\",\"item\":\"https:\\\/\\\/aaknives.eu\\\/lt\\\/\"},{\"@type\":\"ListItem\",\"position\":2,\"name\":\"Parduotuv\u0117\",\"item\":\"https:\\\/\\\/aaknives.eu\\\/parduotuve\\\/\"},{\"@type\":\"ListItem\",\"position\":3,\"name\":\"&#8220;Premium&#8221; 7 &#8211; &#8220;Premium&#8221; peilis damasko a\u0161menimis\"}]},{\"@type\":\"WebSite\",\"@id\":\"https:\\\/\\\/aaknives.eu\\\/lt\\\/#website\",\"url\":\"https:\\\/\\\/aaknives.eu\\\/lt\\\/\",\"name\":\"AAKnives\",\"description\":\"Handmade knives\",\"publisher\":{\"@id\":\"https:\\\/\\\/aaknives.eu\\\/lt\\\/#organization\"},\"potentialAction\":[{\"@type\":\"SearchAction\",\"target\":{\"@type\":\"EntryPoint\",\"urlTemplate\":\"https:\\\/\\\/aaknives.eu\\\/lt\\\/?s={search_term_string}\"},\"query-input\":{\"@type\":\"PropertyValueSpecification\",\"valueRequired\":true,\"valueName\":\"search_term_string\"}}],\"inLanguage\":\"lt-LT\"},{\"@type\":\"Organization\",\"@id\":\"https:\\\/\\\/aaknives.eu\\\/lt\\\/#organization\",\"name\":\"AAKnives\",\"url\":\"https:\\\/\\\/aaknives.eu\\\/lt\\\/\",\"logo\":{\"@type\":\"ImageObject\",\"inLanguage\":\"lt-LT\",\"@id\":\"https:\\\/\\\/aaknives.eu\\\/lt\\\/#\\\/schema\\\/logo\\\/image\\\/\",\"url\":\"https:\\\/\\\/aaknives.eu\\\/wp-content\\\/uploads\\\/2021\\\/10\\\/AAknives_Logo_Green.png\",\"contentUrl\":\"https:\\\/\\\/aaknives.eu\\\/wp-content\\\/uploads\\\/2021\\\/10\\\/AAknives_Logo_Green.png\",\"width\":1768,\"height\":1768,\"caption\":\"AAKnives\"},\"image\":{\"@id\":\"https:\\\/\\\/aaknives.eu\\\/lt\\\/#\\\/schema\\\/logo\\\/image\\\/\"},\"sameAs\":[\"https:\\\/\\\/www.facebook.com\\\/aaknives.eu\\\/\",\"https:\\\/\\\/www.instagram.com\\\/aaknives\\\/\",\"https:\\\/\\\/www.pinterest.com\\\/aa_knives\\\/\",\"https:\\\/\\\/www.youtube.com\\\/channel\\\/UCHOQFjrOkgT6s4FIw9LDKyw\\\/featured\"]}]}<\/script>\n<!-- \/ Yoast SEO plugin. -->","yoast_head_json":{"title":"\"Premium\" 7 - \"Premium\" peilis damasko a\u0161menimis - AAKnives","robots":{"index":"index","follow":"follow","max-snippet":"max-snippet:-1","max-image-preview":"max-image-preview:large","max-video-preview":"max-video-preview:-1"},"canonical":"https:\/\/aaknives.eu\/lt\/product\/premium-7-premium-peilis-damasko-asmenimis\/","og_locale":"lt_LT","og_type":"article","og_title":"\"Premium\" 7 - \"Premium\" peilis damasko a\u0161menimis - AAKnives","og_description":"\u201cAAknives Premium\u201d peili\u0173 linija yra unikali. Kiekvienas peili\u0173 modelis yra pagamintas tik i\u0161 vienos detal\u0117s \u2013 daugiau toki\u0173 pa\u010di\u0173 n\u0117ra. Kiekviena damasko plieno gele\u017et\u0117 yra kalama rankomis, tod\u0117l kiekviena gele\u017et\u0117 turi savo gra\u017e\u0173 pie\u0161in\u012f ir savit\u0105 charakter\u012f, kuris atsiranda kalimo proceso metu. Kiekviena rankena taip pat skirtinga \u2013 skirtingos spalvos inkrustacija i\u0161 G10 med\u017eiagos, skirting\u0173 spalv\u0173 mediena, i\u0161skirtin\u0117s medienos r\u016b\u0161ys su savo medienos dizaino br\u0117\u017einiais. Gausite auk\u0161tos kokyb\u0117s i\u0161skirtin\u012f \u201cPremium Line\u201d peil\u012f. Niekas kitas netur\u0117s tokio paties peilio kaip j\u016bs. \u0160ie peiliai yra gra\u017e\u016bs ir puik\u016bs darbo \u012frankiai, pasi\u017eymintys labai geromis pjovimo ir patvarumo savyb\u0117mis. Jis ilgai i\u0161lieka a\u0161trus, nereikia&hellip;","og_url":"https:\/\/aaknives.eu\/lt\/product\/premium-7-premium-peilis-damasko-asmenimis\/","og_site_name":"AAKnives","article_publisher":"https:\/\/www.facebook.com\/aaknives.eu\/","article_modified_time":"2024-10-29T02:59:38+00:00","og_image":[{"width":800,"height":600,"url":"https:\/\/aaknives.eu\/wp-content\/uploads\/2024\/10\/aaknives-hand-forged-dabascus-steel-blade-knife-handmade-custom-made-knife-handcrafted-knives-autinetools-northmen-premium-8-1-1-4.jpg","type":"image\/jpeg"}],"twitter_card":"summary_large_image","twitter_misc":{"Est. reading time":"2 minut\u0117s"},"schema":{"@context":"https:\/\/schema.org","@graph":[{"@type":"WebPage","@id":"https:\/\/aaknives.eu\/lt\/product\/premium-7-premium-peilis-damasko-asmenimis\/","url":"https:\/\/aaknives.eu\/lt\/product\/premium-7-premium-peilis-damasko-asmenimis\/","name":"\"Premium\" 7 - \"Premium\" peilis damasko a\u0161menimis - AAKnives","isPartOf":{"@id":"https:\/\/aaknives.eu\/lt\/#website"},"primaryImageOfPage":{"@id":"https:\/\/aaknives.eu\/lt\/product\/premium-7-premium-peilis-damasko-asmenimis\/#primaryimage"},"image":{"@id":"https:\/\/aaknives.eu\/lt\/product\/premium-7-premium-peilis-damasko-asmenimis\/#primaryimage"},"thumbnailUrl":"https:\/\/aaknives.eu\/wp-content\/uploads\/2024\/10\/aaknives-hand-forged-dabascus-steel-blade-knife-handmade-custom-made-knife-handcrafted-knives-autinetools-northmen-premium-8-1-1-4.jpg","datePublished":"2024-10-29T01:56:59+00:00","dateModified":"2024-10-29T02:59:38+00:00","breadcrumb":{"@id":"https:\/\/aaknives.eu\/lt\/product\/premium-7-premium-peilis-damasko-asmenimis\/#breadcrumb"},"inLanguage":"lt-LT","potentialAction":[{"@type":"ReadAction","target":["https:\/\/aaknives.eu\/lt\/product\/premium-7-premium-peilis-damasko-asmenimis\/"]}]},{"@type":"ImageObject","inLanguage":"lt-LT","@id":"https:\/\/aaknives.eu\/lt\/product\/premium-7-premium-peilis-damasko-asmenimis\/#primaryimage","url":"https:\/\/aaknives.eu\/wp-content\/uploads\/2024\/10\/aaknives-hand-forged-dabascus-steel-blade-knife-handmade-custom-made-knife-handcrafted-knives-autinetools-northmen-premium-8-1-1-4.jpg","contentUrl":"https:\/\/aaknives.eu\/wp-content\/uploads\/2024\/10\/aaknives-hand-forged-dabascus-steel-blade-knife-handmade-custom-made-knife-handcrafted-knives-autinetools-northmen-premium-8-1-1-4.jpg","width":800,"height":600},{"@type":"BreadcrumbList","@id":"https:\/\/aaknives.eu\/lt\/product\/premium-7-premium-peilis-damasko-asmenimis\/#breadcrumb","itemListElement":[{"@type":"ListItem","position":1,"name":"Home","item":"https:\/\/aaknives.eu\/lt\/"},{"@type":"ListItem","position":2,"name":"Parduotuv\u0117","item":"https:\/\/aaknives.eu\/parduotuve\/"},{"@type":"ListItem","position":3,"name":"&#8220;Premium&#8221; 7 &#8211; &#8220;Premium&#8221; peilis damasko a\u0161menimis"}]},{"@type":"WebSite","@id":"https:\/\/aaknives.eu\/lt\/#website","url":"https:\/\/aaknives.eu\/lt\/","name":"AAKnives","description":"Handmade knives","publisher":{"@id":"https:\/\/aaknives.eu\/lt\/#organization"},"potentialAction":[{"@type":"SearchAction","target":{"@type":"EntryPoint","urlTemplate":"https:\/\/aaknives.eu\/lt\/?s={search_term_string}"},"query-input":{"@type":"PropertyValueSpecification","valueRequired":true,"valueName":"search_term_string"}}],"inLanguage":"lt-LT"},{"@type":"Organization","@id":"https:\/\/aaknives.eu\/lt\/#organization","name":"AAKnives","url":"https:\/\/aaknives.eu\/lt\/","logo":{"@type":"ImageObject","inLanguage":"lt-LT","@id":"https:\/\/aaknives.eu\/lt\/#\/schema\/logo\/image\/","url":"https:\/\/aaknives.eu\/wp-content\/uploads\/2021\/10\/AAknives_Logo_Green.png","contentUrl":"https:\/\/aaknives.eu\/wp-content\/uploads\/2021\/10\/AAknives_Logo_Green.png","width":1768,"height":1768,"caption":"AAKnives"},"image":{"@id":"https:\/\/aaknives.eu\/lt\/#\/schema\/logo\/image\/"},"sameAs":["https:\/\/www.facebook.com\/aaknives.eu\/","https:\/\/www.instagram.com\/aaknives\/","https:\/\/www.pinterest.com\/aa_knives\/","https:\/\/www.youtube.com\/channel\/UCHOQFjrOkgT6s4FIw9LDKyw\/featured"]}]}},"_links":{"self":[{"href":"https:\/\/aaknives.eu\/lt\/wp-json\/wp\/v2\/product\/89878","targetHints":{"allow":["GET"]}}],"collection":[{"href":"https:\/\/aaknives.eu\/lt\/wp-json\/wp\/v2\/product"}],"about":[{"href":"https:\/\/aaknives.eu\/lt\/wp-json\/wp\/v2\/types\/product"}],"wp:featuredmedia":[{"embeddable":true,"href":"https:\/\/aaknives.eu\/lt\/wp-json\/wp\/v2\/media\/86134"}],"wp:attachment":[{"href":"https:\/\/aaknives.eu\/lt\/wp-json\/wp\/v2\/media?parent=89878"}],"wp:term":[{"taxonomy":"product_brand","embeddable":true,"href":"https:\/\/aaknives.eu\/lt\/wp-json\/wp\/v2\/product_brand?post=89878"},{"taxonomy":"product_cat","embeddable":true,"href":"https:\/\/aaknives.eu\/lt\/wp-json\/wp\/v2\/product_cat?post=89878"},{"taxonomy":"product_tag","embeddable":true,"href":"https:\/\/aaknives.eu\/lt\/wp-json\/wp\/v2\/product_tag?post=89878"}],"curies":[{"name":"wp","href":"https:\/\/api.w.org\/{rel}","templated":true}]}}