{"id":89888,"date":"2024-10-29T01:56:12","date_gmt":"2024-10-29T01:56:12","guid":{"rendered":"https:\/\/aaknives.eu\/?post_type=product&#038;p=89888"},"modified":"2025-01-06T17:22:53","modified_gmt":"2025-01-06T17:22:53","slug":"peilis-small-dagger-kaltinis-bulat-wootz-plienas","status":"publish","type":"product","link":"https:\/\/aaknives.eu\/lt\/product\/peilis-small-dagger-kaltinis-bulat-wootz-plienas\/","title":{"rendered":"Peilis &#8221;SKULL&#8221;- kaltas Bulat-Wootz plienas"},"content":{"rendered":"<p>Peilio specifikacijos: \u201cSKULL\u201d<br \/>\nPlienas: Bulat (Wootz plienas)<br \/>\nKietumas: 62 HRC<br \/>\nA\u0161men\u0173 ilgis (mm): 120 \/ 4,72 colio<br \/>\nA\u0161men\u0173 storis (mm): 3 \/ 0,078 colio<br \/>\nA\u0161men\u0173 plotis (mm): 25 \/ 1,11 colio<br \/>\nRankena: skroblas<br \/>\nVisas ilgis (mm): 250 \/ 9,84 colio<br \/>\nPeilio tipas: med\u017eioklinis, lauko<br \/>\nPakuot\u0117: peilis, odinis apvalkalas<\/p>\n<p>Bulat \u2013 Wootz Steel \u2013 Liejamas anglinis rankomis kaltas plienas, pasi\u017eymintis ypatinga a\u0161men\u0173 strukt\u016bra, dideliu kietumu, padidintu patvarumu ir elastingumu. Kiekviena Bulat plieno gele\u017et\u0117 turi savit\u0105 individual\u0173 ra\u0161t\u0105. \u201cAA peiliai\u201d gamina peilius i\u0161 legiruoto tiglinio Bulat plieno, kurio pagrind\u0105 sudaro metalas K340 ir K110.<\/p>\n<p>\u201cBulat\u201d plieno privalumai:<\/p>\n<p>Didelis kietumas<br \/>\nPadid\u0117j\u0119s patvarumas<br \/>\nElastingumas<br \/>\nIlgai i\u0161liekantis ry\u0161kumas<br \/>\nA\u0161men\u0173 kietumas 61-64 HRC<br \/>\nRank\u0173 darbo<\/p>\n","protected":false},"excerpt":{"rendered":"<p>Peilio specifikacijos: \u201cSKULL\u201d Plienas: Bulat (Wootz plienas) Kietumas: 62 HRC A\u0161men\u0173 ilgis (mm): 120 \/ 4,72 colio A\u0161men\u0173 storis (mm): 3 \/ 0,078 colio A\u0161men\u0173 plotis (mm): 25 \/ 1,11 colio Rankena: skroblas Visas ilgis (mm): 250 \/ 9,84 colio Peilio tipas: med\u017eioklinis, lauko Pakuot\u0117: peilis, odinis apvalkalas Bulat \u2013 Wootz Steel \u2013 Liejamas anglinis rankomis kaltas plienas, pasi\u017eymintis ypatinga a\u0161men\u0173 strukt\u016bra, dideliu kietumu, padidintu patvarumu ir elastingumu. Kiekviena Bulat plieno gele\u017et\u0117 turi savit\u0105 individual\u0173 ra\u0161t\u0105. \u201cAA peiliai\u201d gamina peilius i\u0161 legiruoto tiglinio Bulat plieno, kurio pagrind\u0105 sudaro metalas K340 ir K110. \u201cBulat\u201d plieno privalumai: Didelis kietumas Padid\u0117j\u0119s patvarumas Elastingumas&hellip;<\/p>\n","protected":false},"featured_media":93987,"template":"","meta":{"_themeisle_gutenberg_block_has_review":false},"product_brand":[],"product_cat":[380,381,386],"product_tag":[],"class_list":{"0":"post-89888","1":"product","2":"type-product","3":"status-publish","4":"has-post-thumbnail","6":"product_cat-premium-ir-isskirtiniai-peiliai","7":"product_cat-lauko-peiliai","8":"product_cat-medziokliniai-peiliai","10":"first","11":"instock","12":"shipping-taxable","13":"purchasable","14":"product-type-simple"},"yoast_head":"<!-- This site is optimized with the Yoast SEO plugin v27.5 - https:\/\/yoast.com\/product\/yoast-seo-wordpress\/ -->\n<title>Peilis &#039;&#039;SKULL&#039;&#039;- kaltas Bulat-Wootz plienas - AAKnives<\/title>\n<meta name=\"description\" content=\"Bulat - Wootz Steel - rankomis kaltas anglinis plienas su specialia a\u0161men\u0173 strukt\u016bra, dideliu kietumu, padidintu patvarumu ir elastingumu.\" \/>\n<meta name=\"robots\" content=\"index, follow, max-snippet:-1, max-image-preview:large, max-video-preview:-1\" \/>\n<link rel=\"canonical\" href=\"https:\/\/aaknives.eu\/lt\/product\/peilis-small-dagger-kaltinis-bulat-wootz-plienas\/\" \/>\n<meta property=\"og:locale\" content=\"lt_LT\" \/>\n<meta property=\"og:type\" content=\"article\" \/>\n<meta property=\"og:title\" content=\"Peilis &#039;&#039;SKULL&#039;&#039;- kaltas Bulat-Wootz plienas - AAKnives\" \/>\n<meta property=\"og:description\" content=\"Bulat - Wootz Steel - rankomis kaltas anglinis plienas su specialia a\u0161men\u0173 strukt\u016bra, dideliu kietumu, padidintu patvarumu ir elastingumu.\" \/>\n<meta property=\"og:url\" content=\"https:\/\/aaknives.eu\/lt\/product\/peilis-small-dagger-kaltinis-bulat-wootz-plienas\/\" \/>\n<meta property=\"og:site_name\" content=\"AAKnives\" \/>\n<meta property=\"article:publisher\" content=\"https:\/\/www.facebook.com\/aaknives.eu\/\" \/>\n<meta property=\"article:modified_time\" content=\"2025-01-06T17:22:53+00:00\" \/>\n<meta property=\"og:image\" content=\"https:\/\/aaknives.eu\/wp-content\/uploads\/2024\/10\/aaknives-hand-forged-dabascus-steel-blade-knife-handmade-custom-made-knife-handcrafted-knives-autinetools-northmen-27.2-1.jpg\" \/>\n\t<meta property=\"og:image:width\" content=\"1020\" \/>\n\t<meta property=\"og:image:height\" content=\"880\" \/>\n\t<meta property=\"og:image:type\" content=\"image\/jpeg\" \/>\n<meta name=\"twitter:card\" content=\"summary_large_image\" \/>\n<meta name=\"twitter:label1\" content=\"Est. reading time\" \/>\n\t<meta name=\"twitter:data1\" content=\"1 minut\u0117\" \/>\n<script type=\"application\/ld+json\" class=\"yoast-schema-graph\">{\"@context\":\"https:\\\/\\\/schema.org\",\"@graph\":[{\"@type\":\"WebPage\",\"@id\":\"https:\\\/\\\/aaknives.eu\\\/lt\\\/product\\\/peilis-small-dagger-kaltinis-bulat-wootz-plienas\\\/\",\"url\":\"https:\\\/\\\/aaknives.eu\\\/lt\\\/product\\\/peilis-small-dagger-kaltinis-bulat-wootz-plienas\\\/\",\"name\":\"Peilis ''SKULL''- kaltas Bulat-Wootz plienas - AAKnives\",\"isPartOf\":{\"@id\":\"https:\\\/\\\/aaknives.eu\\\/lt\\\/#website\"},\"primaryImageOfPage\":{\"@id\":\"https:\\\/\\\/aaknives.eu\\\/lt\\\/product\\\/peilis-small-dagger-kaltinis-bulat-wootz-plienas\\\/#primaryimage\"},\"image\":{\"@id\":\"https:\\\/\\\/aaknives.eu\\\/lt\\\/product\\\/peilis-small-dagger-kaltinis-bulat-wootz-plienas\\\/#primaryimage\"},\"thumbnailUrl\":\"https:\\\/\\\/aaknives.eu\\\/wp-content\\\/uploads\\\/2024\\\/10\\\/aaknives-hand-forged-dabascus-steel-blade-knife-handmade-custom-made-knife-handcrafted-knives-autinetools-northmen-27.2-1.jpg\",\"datePublished\":\"2024-10-29T01:56:12+00:00\",\"dateModified\":\"2025-01-06T17:22:53+00:00\",\"description\":\"Bulat - Wootz Steel - rankomis kaltas anglinis plienas su specialia a\u0161men\u0173 strukt\u016bra, dideliu kietumu, padidintu patvarumu ir elastingumu.\",\"breadcrumb\":{\"@id\":\"https:\\\/\\\/aaknives.eu\\\/lt\\\/product\\\/peilis-small-dagger-kaltinis-bulat-wootz-plienas\\\/#breadcrumb\"},\"inLanguage\":\"lt-LT\",\"potentialAction\":[{\"@type\":\"ReadAction\",\"target\":[\"https:\\\/\\\/aaknives.eu\\\/lt\\\/product\\\/peilis-small-dagger-kaltinis-bulat-wootz-plienas\\\/\"]}]},{\"@type\":\"ImageObject\",\"inLanguage\":\"lt-LT\",\"@id\":\"https:\\\/\\\/aaknives.eu\\\/lt\\\/product\\\/peilis-small-dagger-kaltinis-bulat-wootz-plienas\\\/#primaryimage\",\"url\":\"https:\\\/\\\/aaknives.eu\\\/wp-content\\\/uploads\\\/2024\\\/10\\\/aaknives-hand-forged-dabascus-steel-blade-knife-handmade-custom-made-knife-handcrafted-knives-autinetools-northmen-27.2-1.jpg\",\"contentUrl\":\"https:\\\/\\\/aaknives.eu\\\/wp-content\\\/uploads\\\/2024\\\/10\\\/aaknives-hand-forged-dabascus-steel-blade-knife-handmade-custom-made-knife-handcrafted-knives-autinetools-northmen-27.2-1.jpg\",\"width\":1020,\"height\":880},{\"@type\":\"BreadcrumbList\",\"@id\":\"https:\\\/\\\/aaknives.eu\\\/lt\\\/product\\\/peilis-small-dagger-kaltinis-bulat-wootz-plienas\\\/#breadcrumb\",\"itemListElement\":[{\"@type\":\"ListItem\",\"position\":1,\"name\":\"Home\",\"item\":\"https:\\\/\\\/aaknives.eu\\\/lt\\\/\"},{\"@type\":\"ListItem\",\"position\":2,\"name\":\"Parduotuv\u0117\",\"item\":\"https:\\\/\\\/aaknives.eu\\\/parduotuve\\\/\"},{\"@type\":\"ListItem\",\"position\":3,\"name\":\"Private: Peilis &#8221;SKULL&#8221;- kaltas Bulat-Wootz plienas\"}]},{\"@type\":\"WebSite\",\"@id\":\"https:\\\/\\\/aaknives.eu\\\/lt\\\/#website\",\"url\":\"https:\\\/\\\/aaknives.eu\\\/lt\\\/\",\"name\":\"AAKnives\",\"description\":\"Handmade knives\",\"publisher\":{\"@id\":\"https:\\\/\\\/aaknives.eu\\\/lt\\\/#organization\"},\"alternateName\":\"Anri Ananin Knives\",\"potentialAction\":[{\"@type\":\"SearchAction\",\"target\":{\"@type\":\"EntryPoint\",\"urlTemplate\":\"https:\\\/\\\/aaknives.eu\\\/lt\\\/?s={search_term_string}\"},\"query-input\":{\"@type\":\"PropertyValueSpecification\",\"valueRequired\":true,\"valueName\":\"search_term_string\"}}],\"inLanguage\":\"lt-LT\"},{\"@type\":\"Organization\",\"@id\":\"https:\\\/\\\/aaknives.eu\\\/lt\\\/#organization\",\"name\":\"AAKnives\",\"url\":\"https:\\\/\\\/aaknives.eu\\\/lt\\\/\",\"logo\":{\"@type\":\"ImageObject\",\"inLanguage\":\"lt-LT\",\"@id\":\"https:\\\/\\\/aaknives.eu\\\/lt\\\/#\\\/schema\\\/logo\\\/image\\\/\",\"url\":\"https:\\\/\\\/aaknives.eu\\\/wp-content\\\/uploads\\\/2021\\\/10\\\/AAknives_Logo_Green.png\",\"contentUrl\":\"https:\\\/\\\/aaknives.eu\\\/wp-content\\\/uploads\\\/2021\\\/10\\\/AAknives_Logo_Green.png\",\"width\":1768,\"height\":1768,\"caption\":\"AAKnives\"},\"image\":{\"@id\":\"https:\\\/\\\/aaknives.eu\\\/lt\\\/#\\\/schema\\\/logo\\\/image\\\/\"},\"sameAs\":[\"https:\\\/\\\/www.facebook.com\\\/aaknives.eu\\\/\",\"https:\\\/\\\/www.instagram.com\\\/aaknives\\\/\",\"https:\\\/\\\/www.pinterest.com\\\/aa_knives\\\/\",\"https:\\\/\\\/www.youtube.com\\\/@aaknives9518\"]}]}<\/script>\n<!-- \/ Yoast SEO plugin. -->","yoast_head_json":{"title":"Peilis ''SKULL''- kaltas Bulat-Wootz plienas - AAKnives","description":"Bulat - Wootz Steel - rankomis kaltas anglinis plienas su specialia a\u0161men\u0173 strukt\u016bra, dideliu kietumu, padidintu patvarumu ir elastingumu.","robots":{"index":"index","follow":"follow","max-snippet":"max-snippet:-1","max-image-preview":"max-image-preview:large","max-video-preview":"max-video-preview:-1"},"canonical":"https:\/\/aaknives.eu\/lt\/product\/peilis-small-dagger-kaltinis-bulat-wootz-plienas\/","og_locale":"lt_LT","og_type":"article","og_title":"Peilis ''SKULL''- kaltas Bulat-Wootz plienas - AAKnives","og_description":"Bulat - Wootz Steel - rankomis kaltas anglinis plienas su specialia a\u0161men\u0173 strukt\u016bra, dideliu kietumu, padidintu patvarumu ir elastingumu.","og_url":"https:\/\/aaknives.eu\/lt\/product\/peilis-small-dagger-kaltinis-bulat-wootz-plienas\/","og_site_name":"AAKnives","article_publisher":"https:\/\/www.facebook.com\/aaknives.eu\/","article_modified_time":"2025-01-06T17:22:53+00:00","og_image":[{"width":1020,"height":880,"url":"https:\/\/aaknives.eu\/wp-content\/uploads\/2024\/10\/aaknives-hand-forged-dabascus-steel-blade-knife-handmade-custom-made-knife-handcrafted-knives-autinetools-northmen-27.2-1.jpg","type":"image\/jpeg"}],"twitter_card":"summary_large_image","twitter_misc":{"Est. reading time":"1 minut\u0117"},"schema":{"@context":"https:\/\/schema.org","@graph":[{"@type":"WebPage","@id":"https:\/\/aaknives.eu\/lt\/product\/peilis-small-dagger-kaltinis-bulat-wootz-plienas\/","url":"https:\/\/aaknives.eu\/lt\/product\/peilis-small-dagger-kaltinis-bulat-wootz-plienas\/","name":"Peilis ''SKULL''- kaltas Bulat-Wootz plienas - AAKnives","isPartOf":{"@id":"https:\/\/aaknives.eu\/lt\/#website"},"primaryImageOfPage":{"@id":"https:\/\/aaknives.eu\/lt\/product\/peilis-small-dagger-kaltinis-bulat-wootz-plienas\/#primaryimage"},"image":{"@id":"https:\/\/aaknives.eu\/lt\/product\/peilis-small-dagger-kaltinis-bulat-wootz-plienas\/#primaryimage"},"thumbnailUrl":"https:\/\/aaknives.eu\/wp-content\/uploads\/2024\/10\/aaknives-hand-forged-dabascus-steel-blade-knife-handmade-custom-made-knife-handcrafted-knives-autinetools-northmen-27.2-1.jpg","datePublished":"2024-10-29T01:56:12+00:00","dateModified":"2025-01-06T17:22:53+00:00","description":"Bulat - Wootz Steel - rankomis kaltas anglinis plienas su specialia a\u0161men\u0173 strukt\u016bra, dideliu kietumu, padidintu patvarumu ir elastingumu.","breadcrumb":{"@id":"https:\/\/aaknives.eu\/lt\/product\/peilis-small-dagger-kaltinis-bulat-wootz-plienas\/#breadcrumb"},"inLanguage":"lt-LT","potentialAction":[{"@type":"ReadAction","target":["https:\/\/aaknives.eu\/lt\/product\/peilis-small-dagger-kaltinis-bulat-wootz-plienas\/"]}]},{"@type":"ImageObject","inLanguage":"lt-LT","@id":"https:\/\/aaknives.eu\/lt\/product\/peilis-small-dagger-kaltinis-bulat-wootz-plienas\/#primaryimage","url":"https:\/\/aaknives.eu\/wp-content\/uploads\/2024\/10\/aaknives-hand-forged-dabascus-steel-blade-knife-handmade-custom-made-knife-handcrafted-knives-autinetools-northmen-27.2-1.jpg","contentUrl":"https:\/\/aaknives.eu\/wp-content\/uploads\/2024\/10\/aaknives-hand-forged-dabascus-steel-blade-knife-handmade-custom-made-knife-handcrafted-knives-autinetools-northmen-27.2-1.jpg","width":1020,"height":880},{"@type":"BreadcrumbList","@id":"https:\/\/aaknives.eu\/lt\/product\/peilis-small-dagger-kaltinis-bulat-wootz-plienas\/#breadcrumb","itemListElement":[{"@type":"ListItem","position":1,"name":"Home","item":"https:\/\/aaknives.eu\/lt\/"},{"@type":"ListItem","position":2,"name":"Parduotuv\u0117","item":"https:\/\/aaknives.eu\/parduotuve\/"},{"@type":"ListItem","position":3,"name":"Private: Peilis &#8221;SKULL&#8221;- kaltas Bulat-Wootz plienas"}]},{"@type":"WebSite","@id":"https:\/\/aaknives.eu\/lt\/#website","url":"https:\/\/aaknives.eu\/lt\/","name":"AAKnives","description":"Handmade knives","publisher":{"@id":"https:\/\/aaknives.eu\/lt\/#organization"},"alternateName":"Anri Ananin Knives","potentialAction":[{"@type":"SearchAction","target":{"@type":"EntryPoint","urlTemplate":"https:\/\/aaknives.eu\/lt\/?s={search_term_string}"},"query-input":{"@type":"PropertyValueSpecification","valueRequired":true,"valueName":"search_term_string"}}],"inLanguage":"lt-LT"},{"@type":"Organization","@id":"https:\/\/aaknives.eu\/lt\/#organization","name":"AAKnives","url":"https:\/\/aaknives.eu\/lt\/","logo":{"@type":"ImageObject","inLanguage":"lt-LT","@id":"https:\/\/aaknives.eu\/lt\/#\/schema\/logo\/image\/","url":"https:\/\/aaknives.eu\/wp-content\/uploads\/2021\/10\/AAknives_Logo_Green.png","contentUrl":"https:\/\/aaknives.eu\/wp-content\/uploads\/2021\/10\/AAknives_Logo_Green.png","width":1768,"height":1768,"caption":"AAKnives"},"image":{"@id":"https:\/\/aaknives.eu\/lt\/#\/schema\/logo\/image\/"},"sameAs":["https:\/\/www.facebook.com\/aaknives.eu\/","https:\/\/www.instagram.com\/aaknives\/","https:\/\/www.pinterest.com\/aa_knives\/","https:\/\/www.youtube.com\/@aaknives9518"]}]}},"_links":{"self":[{"href":"https:\/\/aaknives.eu\/lt\/wp-json\/wp\/v2\/product\/89888","targetHints":{"allow":["GET"]}}],"collection":[{"href":"https:\/\/aaknives.eu\/lt\/wp-json\/wp\/v2\/product"}],"about":[{"href":"https:\/\/aaknives.eu\/lt\/wp-json\/wp\/v2\/types\/product"}],"wp:featuredmedia":[{"embeddable":true,"href":"https:\/\/aaknives.eu\/lt\/wp-json\/wp\/v2\/media\/93987"}],"wp:attachment":[{"href":"https:\/\/aaknives.eu\/lt\/wp-json\/wp\/v2\/media?parent=89888"}],"wp:term":[{"taxonomy":"product_brand","embeddable":true,"href":"https:\/\/aaknives.eu\/lt\/wp-json\/wp\/v2\/product_brand?post=89888"},{"taxonomy":"product_cat","embeddable":true,"href":"https:\/\/aaknives.eu\/lt\/wp-json\/wp\/v2\/product_cat?post=89888"},{"taxonomy":"product_tag","embeddable":true,"href":"https:\/\/aaknives.eu\/lt\/wp-json\/wp\/v2\/product_tag?post=89888"}],"curies":[{"name":"wp","href":"https:\/\/api.w.org\/{rel}","templated":true}]}}